{"id":6108,"date":"2020-10-17T21:31:23","date_gmt":"2020-10-17T19:31:23","guid":{"rendered":"https:\/\/www.sunroom.it\/prodotto\/oskura-waterproof\/"},"modified":"2025-07-24T10:30:40","modified_gmt":"2025-07-24T08:30:40","slug":"oskura-waterproof","status":"publish","type":"product","link":"https:\/\/www.sunroom.it\/it\/prodotto\/oskura-waterproof\/","title":{"rendered":"Oskura 2.0-XL"},"content":{"rendered":"<p>\u00c8 l\u2019esclusiva <strong>pergola bioclimatica completamente apribile<\/strong> e con <strong>lame retraibili<\/strong> che offre massimo comfort e versatilit\u00e0 per farti vivere il lusso di abitare nella natura. <strong>Brevettata in sede europea<\/strong>, \u00e8 garanzia di affidabilit\u00e0 e sicurezza nel tempo.<\/p>\n<p>Grazie al suo <strong>sistema frangisole<\/strong>, Oskura pu\u00f2 <strong>modulare la luce solare e il calore<\/strong> a seconda della stagione e delle esigenze creando un <strong>bioclima<\/strong> <strong>interno ideale<\/strong>. \u00a0Se desideri una realizzazione che possa inserirsi in modo equilibrato nel contesto naturale, Oskura \u00e8 perfetta perch\u00e9 la sua architettura intelligente crea un\u2019oasi nella natura e ne ridefinisce gli spazi per regalarti <strong>benessere e comfort in ogni stagione.<\/strong><\/p>\n<p>Puoi <strong>personalizzare<\/strong> la tua pergola bioclimatica con <strong>illuminazione a LED<\/strong>, <strong>chiusure perimetrali<\/strong> <strong>in vetro<\/strong> o <strong>sensori climatici<\/strong>. Ideale per il tuo giardino, il tuo terrazzo o per vivere qualsiasi tipologia di dehors, Oskura \u00e8 disponibile in due versioni a seconda delle dimensioni della copertura.<\/p>\n","protected":false},"excerpt":{"rendered":"<p>\u00c8 l\u2019esclusiva pergola bioclimatica completamente apribile e con lame retraibili che offre massimo comfort e versatilit\u00e0 per farti vivere il lusso di abitare nella natura. Brevettata in sede europea, \u00e8 garanzia di affidabilit\u00e0 e sicurezza nel tempo. Grazie al suo sistema frangisole, Oskura pu\u00f2 modulare la luce solare e il calore a seconda della stagioneLeggi di pi\u00f9<\/p>\n","protected":false},"featured_media":1236,"comment_status":"closed","ping_status":"closed","template":"","meta":{"_acf_changed":false},"product_brand":[],"product_cat":[20,65],"product_tag":[],"class_list":{"0":"post-6108","1":"product","2":"type-product","3":"status-publish","4":"has-post-thumbnail","6":"product_cat-pergole-bioclimatiche","7":"product_cat-prodotti","8":"cat-product-privati-balconi-e-facciate","9":"cat-product-privati-giardino-e-piscina","10":"cat-product-privati-privati","11":"cat-product-contract-bar","12":"cat-product-contract-contract","13":"cat-product-contract-gelaterie","14":"cat-product-contract-hotel","15":"cat-product-contract-ristoranti","16":"cat-product-contract-stabilimenti-balneari","18":"first","19":"instock","20":"product-type-simple"},"acf":[],"yoast_head":"<!-- This site is optimized with the Yoast SEO plugin v27.1 - https:\/\/yoast.com\/product\/yoast-seo-wordpress\/ -->\n<title>Oskura 2.0-XL - Sunroom<\/title>\n<meta name=\"robots\" content=\"index, follow, max-snippet:-1, max-image-preview:large, max-video-preview:-1\" \/>\n<link rel=\"canonical\" href=\"https:\/\/www.sunroom.it\/it\/prodotto\/oskura-waterproof\/\" \/>\n<meta property=\"og:locale\" content=\"it_IT\" \/>\n<meta property=\"og:type\" content=\"article\" \/>\n<meta property=\"og:title\" content=\"Oskura 2.0-XL - Sunroom\" \/>\n<meta property=\"og:description\" content=\"\u00c8 l\u2019esclusiva pergola bioclimatica completamente apribile e con lame retraibili che offre massimo comfort e versatilit\u00e0 per farti vivere il lusso di abitare nella natura. Brevettata in sede europea, \u00e8 garanzia di affidabilit\u00e0 e sicurezza nel tempo. Grazie al suo sistema frangisole, Oskura pu\u00f2 modulare la luce solare e il calore a seconda della stagioneLeggi di pi\u00f9\" \/>\n<meta property=\"og:url\" content=\"https:\/\/www.sunroom.it\/it\/prodotto\/oskura-waterproof\/\" \/>\n<meta property=\"og:site_name\" content=\"Sunroom\" \/>\n<meta property=\"article:modified_time\" content=\"2025-07-24T08:30:40+00:00\" \/>\n<meta property=\"og:image\" content=\"https:\/\/www.sunroom.it\/wp-content\/uploads\/2020\/07\/OSKURA-WP_1500x1300_LIMBO.jpg\" \/>\n\t<meta property=\"og:image:width\" content=\"1500\" \/>\n\t<meta property=\"og:image:height\" content=\"1300\" \/>\n\t<meta property=\"og:image:type\" content=\"image\/jpeg\" \/>\n<meta name=\"twitter:card\" content=\"summary_large_image\" \/>\n<meta name=\"twitter:label1\" content=\"Tempo di lettura stimato\" \/>\n\t<meta name=\"twitter:data1\" content=\"1 minuto\" \/>\n<script type=\"application\/ld+json\" class=\"yoast-schema-graph\">{\"@context\":\"https:\/\/schema.org\",\"@graph\":[{\"@type\":\"WebPage\",\"@id\":\"https:\/\/www.sunroom.it\/it\/prodotto\/oskura-waterproof\/\",\"url\":\"https:\/\/www.sunroom.it\/it\/prodotto\/oskura-waterproof\/\",\"name\":\"Oskura 2.0-XL - Sunroom\",\"isPartOf\":{\"@id\":\"https:\/\/www.sunroom.it\/it\/#website\"},\"primaryImageOfPage\":{\"@id\":\"https:\/\/www.sunroom.it\/it\/prodotto\/oskura-waterproof\/#primaryimage\"},\"image\":{\"@id\":\"https:\/\/www.sunroom.it\/it\/prodotto\/oskura-waterproof\/#primaryimage\"},\"thumbnailUrl\":\"https:\/\/www.sunroom.it\/wp-content\/uploads\/2020\/07\/OSKURA-WP_1500x1300_LIMBO.jpg\",\"datePublished\":\"2020-10-17T19:31:23+00:00\",\"dateModified\":\"2025-07-24T08:30:40+00:00\",\"breadcrumb\":{\"@id\":\"https:\/\/www.sunroom.it\/it\/prodotto\/oskura-waterproof\/#breadcrumb\"},\"inLanguage\":\"it-IT\",\"potentialAction\":[{\"@type\":\"ReadAction\",\"target\":[\"https:\/\/www.sunroom.it\/it\/prodotto\/oskura-waterproof\/\"]}]},{\"@type\":\"ImageObject\",\"inLanguage\":\"it-IT\",\"@id\":\"https:\/\/www.sunroom.it\/it\/prodotto\/oskura-waterproof\/#primaryimage\",\"url\":\"https:\/\/www.sunroom.it\/wp-content\/uploads\/2020\/07\/OSKURA-WP_1500x1300_LIMBO.jpg\",\"contentUrl\":\"https:\/\/www.sunroom.it\/wp-content\/uploads\/2020\/07\/OSKURA-WP_1500x1300_LIMBO.jpg\",\"width\":1500,\"height\":1300},{\"@type\":\"BreadcrumbList\",\"@id\":\"https:\/\/www.sunroom.it\/it\/prodotto\/oskura-waterproof\/#breadcrumb\",\"itemListElement\":[{\"@type\":\"ListItem\",\"position\":1,\"name\":\"Home\",\"item\":\"https:\/\/www.sunroom.it\/\"},{\"@type\":\"ListItem\",\"position\":2,\"name\":\"Shop\",\"item\":\"https:\/\/www.sunroom.it\/it\/negozio\/\"},{\"@type\":\"ListItem\",\"position\":3,\"name\":\"Oskura 2.0-XL\"}]},{\"@type\":\"WebSite\",\"@id\":\"https:\/\/www.sunroom.it\/it\/#website\",\"url\":\"https:\/\/www.sunroom.it\/it\/\",\"name\":\"Sunroom\",\"description\":\"Sunroom\",\"publisher\":{\"@id\":\"https:\/\/www.sunroom.it\/it\/#organization\"},\"potentialAction\":[{\"@type\":\"SearchAction\",\"target\":{\"@type\":\"EntryPoint\",\"urlTemplate\":\"https:\/\/www.sunroom.it\/it\/?s={search_term_string}\"},\"query-input\":{\"@type\":\"PropertyValueSpecification\",\"valueRequired\":true,\"valueName\":\"search_term_string\"}}],\"inLanguage\":\"it-IT\"},{\"@type\":\"Organization\",\"@id\":\"https:\/\/www.sunroom.it\/it\/#organization\",\"name\":\"Sunroom\",\"url\":\"https:\/\/www.sunroom.it\/it\/\",\"logo\":{\"@type\":\"ImageObject\",\"inLanguage\":\"it-IT\",\"@id\":\"https:\/\/www.sunroom.it\/it\/#\/schema\/logo\/image\/\",\"url\":\"https:\/\/www.sunroom.it\/wp-content\/uploads\/2021\/07\/sunroom_260x70px.png\",\"contentUrl\":\"https:\/\/www.sunroom.it\/wp-content\/uploads\/2021\/07\/sunroom_260x70px.png\",\"width\":260,\"height\":70,\"caption\":\"Sunroom\"},\"image\":{\"@id\":\"https:\/\/www.sunroom.it\/it\/#\/schema\/logo\/image\/\"}}]}<\/script>\n<!-- \/ Yoast SEO plugin. -->","yoast_head_json":{"title":"Oskura 2.0-XL - Sunroom","robots":{"index":"index","follow":"follow","max-snippet":"max-snippet:-1","max-image-preview":"max-image-preview:large","max-video-preview":"max-video-preview:-1"},"canonical":"https:\/\/www.sunroom.it\/it\/prodotto\/oskura-waterproof\/","og_locale":"it_IT","og_type":"article","og_title":"Oskura 2.0-XL - Sunroom","og_description":"\u00c8 l\u2019esclusiva pergola bioclimatica completamente apribile e con lame retraibili che offre massimo comfort e versatilit\u00e0 per farti vivere il lusso di abitare nella natura. Brevettata in sede europea, \u00e8 garanzia di affidabilit\u00e0 e sicurezza nel tempo. Grazie al suo sistema frangisole, Oskura pu\u00f2 modulare la luce solare e il calore a seconda della stagioneLeggi di pi\u00f9","og_url":"https:\/\/www.sunroom.it\/it\/prodotto\/oskura-waterproof\/","og_site_name":"Sunroom","article_modified_time":"2025-07-24T08:30:40+00:00","og_image":[{"width":1500,"height":1300,"url":"https:\/\/www.sunroom.it\/wp-content\/uploads\/2020\/07\/OSKURA-WP_1500x1300_LIMBO.jpg","type":"image\/jpeg"}],"twitter_card":"summary_large_image","twitter_misc":{"Tempo di lettura stimato":"1 minuto"},"schema":{"@context":"https:\/\/schema.org","@graph":[{"@type":"WebPage","@id":"https:\/\/www.sunroom.it\/it\/prodotto\/oskura-waterproof\/","url":"https:\/\/www.sunroom.it\/it\/prodotto\/oskura-waterproof\/","name":"Oskura 2.0-XL - Sunroom","isPartOf":{"@id":"https:\/\/www.sunroom.it\/it\/#website"},"primaryImageOfPage":{"@id":"https:\/\/www.sunroom.it\/it\/prodotto\/oskura-waterproof\/#primaryimage"},"image":{"@id":"https:\/\/www.sunroom.it\/it\/prodotto\/oskura-waterproof\/#primaryimage"},"thumbnailUrl":"https:\/\/www.sunroom.it\/wp-content\/uploads\/2020\/07\/OSKURA-WP_1500x1300_LIMBO.jpg","datePublished":"2020-10-17T19:31:23+00:00","dateModified":"2025-07-24T08:30:40+00:00","breadcrumb":{"@id":"https:\/\/www.sunroom.it\/it\/prodotto\/oskura-waterproof\/#breadcrumb"},"inLanguage":"it-IT","potentialAction":[{"@type":"ReadAction","target":["https:\/\/www.sunroom.it\/it\/prodotto\/oskura-waterproof\/"]}]},{"@type":"ImageObject","inLanguage":"it-IT","@id":"https:\/\/www.sunroom.it\/it\/prodotto\/oskura-waterproof\/#primaryimage","url":"https:\/\/www.sunroom.it\/wp-content\/uploads\/2020\/07\/OSKURA-WP_1500x1300_LIMBO.jpg","contentUrl":"https:\/\/www.sunroom.it\/wp-content\/uploads\/2020\/07\/OSKURA-WP_1500x1300_LIMBO.jpg","width":1500,"height":1300},{"@type":"BreadcrumbList","@id":"https:\/\/www.sunroom.it\/it\/prodotto\/oskura-waterproof\/#breadcrumb","itemListElement":[{"@type":"ListItem","position":1,"name":"Home","item":"https:\/\/www.sunroom.it\/"},{"@type":"ListItem","position":2,"name":"Shop","item":"https:\/\/www.sunroom.it\/it\/negozio\/"},{"@type":"ListItem","position":3,"name":"Oskura 2.0-XL"}]},{"@type":"WebSite","@id":"https:\/\/www.sunroom.it\/it\/#website","url":"https:\/\/www.sunroom.it\/it\/","name":"Sunroom","description":"Sunroom","publisher":{"@id":"https:\/\/www.sunroom.it\/it\/#organization"},"potentialAction":[{"@type":"SearchAction","target":{"@type":"EntryPoint","urlTemplate":"https:\/\/www.sunroom.it\/it\/?s={search_term_string}"},"query-input":{"@type":"PropertyValueSpecification","valueRequired":true,"valueName":"search_term_string"}}],"inLanguage":"it-IT"},{"@type":"Organization","@id":"https:\/\/www.sunroom.it\/it\/#organization","name":"Sunroom","url":"https:\/\/www.sunroom.it\/it\/","logo":{"@type":"ImageObject","inLanguage":"it-IT","@id":"https:\/\/www.sunroom.it\/it\/#\/schema\/logo\/image\/","url":"https:\/\/www.sunroom.it\/wp-content\/uploads\/2021\/07\/sunroom_260x70px.png","contentUrl":"https:\/\/www.sunroom.it\/wp-content\/uploads\/2021\/07\/sunroom_260x70px.png","width":260,"height":70,"caption":"Sunroom"},"image":{"@id":"https:\/\/www.sunroom.it\/it\/#\/schema\/logo\/image\/"}}]}},"_links":{"self":[{"href":"https:\/\/www.sunroom.it\/it\/wp-json\/wp\/v2\/product\/6108","targetHints":{"allow":["GET"]}}],"collection":[{"href":"https:\/\/www.sunroom.it\/it\/wp-json\/wp\/v2\/product"}],"about":[{"href":"https:\/\/www.sunroom.it\/it\/wp-json\/wp\/v2\/types\/product"}],"replies":[{"embeddable":true,"href":"https:\/\/www.sunroom.it\/it\/wp-json\/wp\/v2\/comments?post=6108"}],"wp:featuredmedia":[{"embeddable":true,"href":"https:\/\/www.sunroom.it\/it\/wp-json\/wp\/v2\/media\/1236"}],"wp:attachment":[{"href":"https:\/\/www.sunroom.it\/it\/wp-json\/wp\/v2\/media?parent=6108"}],"wp:term":[{"taxonomy":"product_brand","embeddable":true,"href":"https:\/\/www.sunroom.it\/it\/wp-json\/wp\/v2\/product_brand?post=6108"},{"taxonomy":"product_cat","embeddable":true,"href":"https:\/\/www.sunroom.it\/it\/wp-json\/wp\/v2\/product_cat?post=6108"},{"taxonomy":"product_tag","embeddable":true,"href":"https:\/\/www.sunroom.it\/it\/wp-json\/wp\/v2\/product_tag?post=6108"}],"curies":[{"name":"wp","href":"https:\/\/api.w.org\/{rel}","templated":true}]}}