{"id":6084,"date":"2020-10-17T21:31:23","date_gmt":"2020-10-17T19:31:23","guid":{"rendered":"https:\/\/www.sunroom.it\/prodotto\/puro\/"},"modified":"2023-05-09T17:34:37","modified_gmt":"2023-05-09T15:34:37","slug":"puro","status":"publish","type":"product","link":"https:\/\/www.sunroom.it\/it\/prodotto\/puro\/","title":{"rendered":"Puro"},"content":{"rendered":"<p>Puro \u00e8 la <strong>serra solare bioclimatica<\/strong> che offre un approccio ecosostenibile. I suoi componenti principali, vetro e alluminio, permettono di immagazzinare energia solare durante il giorno e contenere la dispersione durante le ore pi\u00f9 fresche. Il bioclima interno \u00e8 favorito dal flusso di aria esterna che entra per mezzo di aperture vetrate lungo il perimetro, scorrevoli o pieghevoli o vetrate Tuttovetro a secondo delle esigenze. Inoltre se la serra solare Puro viene dotata, ad esempio, di una finestra in copertura (abbaino), il calore che si dovesse accumulare salir\u00e0 verso la parte superiore evitando il surriscaldamento. Puro oltre a vantaggi in termini di risparmio energetico non rinuncia ad un design innovativo: la sua struttura in piano \u00e8 unica nel suo genere e particolarmente adatta a edifici moderni e dalla forte personalit\u00e0.<\/p>\n<p>Come tutte le serre solari bioclimatiche Sunroom, \u00e8 realizzata in alluminio che oltre ad essere un materiale completamente riciclabile, pu\u00f2 essere in una infinita gamma di colori e quindi consente alla struttura di integrarsi perfettamente nell\u2019ambiente che la circonda.<\/p>\n","protected":false},"excerpt":{"rendered":"<p>Puro \u00e8 la serra solare bioclimatica che offre un approccio ecosostenibile. I suoi componenti principali, vetro e alluminio, permettono di immagazzinare energia solare durante il giorno e contenere la dispersione durante le ore pi\u00f9 fresche. Il bioclima interno \u00e8 favorito dal flusso di aria esterna che entra per mezzo di aperture vetrate lungo il perimetro,Leggi di pi\u00f9<\/p>\n","protected":false},"featured_media":1621,"comment_status":"closed","ping_status":"closed","template":"","meta":{"_acf_changed":false},"product_brand":[],"product_cat":[65,81],"product_tag":[],"class_list":{"0":"post-6084","1":"product","2":"type-product","3":"status-publish","4":"has-post-thumbnail","6":"product_cat-prodotti","7":"product_cat-serre-solari-bioclimatiche","8":"cat-product-privati-giardino-e-piscina","9":"cat-product-privati-privati","10":"cat-product-privati-serre","11":"cat-product-privati-verande","12":"cat-product-contract-contract","13":"cat-product-contract-edifici-pubblici","15":"first","16":"instock","17":"product-type-simple"},"acf":[],"yoast_head":"<!-- This site is optimized with the Yoast SEO plugin v27.1 - https:\/\/yoast.com\/product\/yoast-seo-wordpress\/ -->\n<title>Puro - Sunroom<\/title>\n<meta name=\"robots\" content=\"index, follow, max-snippet:-1, max-image-preview:large, max-video-preview:-1\" \/>\n<link rel=\"canonical\" href=\"https:\/\/www.sunroom.it\/it\/prodotto\/puro\/\" \/>\n<meta property=\"og:locale\" content=\"it_IT\" \/>\n<meta property=\"og:type\" content=\"article\" \/>\n<meta property=\"og:title\" content=\"Puro - Sunroom\" \/>\n<meta property=\"og:description\" content=\"Puro \u00e8 la serra solare bioclimatica che offre un approccio ecosostenibile. I suoi componenti principali, vetro e alluminio, permettono di immagazzinare energia solare durante il giorno e contenere la dispersione durante le ore pi\u00f9 fresche. Il bioclima interno \u00e8 favorito dal flusso di aria esterna che entra per mezzo di aperture vetrate lungo il perimetro,Leggi di pi\u00f9\" \/>\n<meta property=\"og:url\" content=\"https:\/\/www.sunroom.it\/it\/prodotto\/puro\/\" \/>\n<meta property=\"og:site_name\" content=\"Sunroom\" \/>\n<meta property=\"article:modified_time\" content=\"2023-05-09T15:34:37+00:00\" \/>\n<meta property=\"og:image\" content=\"https:\/\/www.sunroom.it\/wp-content\/uploads\/2020\/04\/PURO_1500X1300_LIMBO.jpg\" \/>\n\t<meta property=\"og:image:width\" content=\"1500\" \/>\n\t<meta property=\"og:image:height\" content=\"1300\" \/>\n\t<meta property=\"og:image:type\" content=\"image\/jpeg\" \/>\n<meta name=\"twitter:card\" content=\"summary_large_image\" \/>\n<meta name=\"twitter:label1\" content=\"Tempo di lettura stimato\" \/>\n\t<meta name=\"twitter:data1\" content=\"1 minuto\" \/>\n<script type=\"application\/ld+json\" class=\"yoast-schema-graph\">{\"@context\":\"https:\/\/schema.org\",\"@graph\":[{\"@type\":\"WebPage\",\"@id\":\"https:\/\/www.sunroom.it\/it\/prodotto\/puro\/\",\"url\":\"https:\/\/www.sunroom.it\/it\/prodotto\/puro\/\",\"name\":\"Puro - Sunroom\",\"isPartOf\":{\"@id\":\"https:\/\/www.sunroom.it\/it\/#website\"},\"primaryImageOfPage\":{\"@id\":\"https:\/\/www.sunroom.it\/it\/prodotto\/puro\/#primaryimage\"},\"image\":{\"@id\":\"https:\/\/www.sunroom.it\/it\/prodotto\/puro\/#primaryimage\"},\"thumbnailUrl\":\"https:\/\/www.sunroom.it\/wp-content\/uploads\/2020\/04\/PURO_1500X1300_LIMBO.jpg\",\"datePublished\":\"2020-10-17T19:31:23+00:00\",\"dateModified\":\"2023-05-09T15:34:37+00:00\",\"breadcrumb\":{\"@id\":\"https:\/\/www.sunroom.it\/it\/prodotto\/puro\/#breadcrumb\"},\"inLanguage\":\"it-IT\",\"potentialAction\":[{\"@type\":\"ReadAction\",\"target\":[\"https:\/\/www.sunroom.it\/it\/prodotto\/puro\/\"]}]},{\"@type\":\"ImageObject\",\"inLanguage\":\"it-IT\",\"@id\":\"https:\/\/www.sunroom.it\/it\/prodotto\/puro\/#primaryimage\",\"url\":\"https:\/\/www.sunroom.it\/wp-content\/uploads\/2020\/04\/PURO_1500X1300_LIMBO.jpg\",\"contentUrl\":\"https:\/\/www.sunroom.it\/wp-content\/uploads\/2020\/04\/PURO_1500X1300_LIMBO.jpg\",\"width\":1500,\"height\":1300},{\"@type\":\"BreadcrumbList\",\"@id\":\"https:\/\/www.sunroom.it\/it\/prodotto\/puro\/#breadcrumb\",\"itemListElement\":[{\"@type\":\"ListItem\",\"position\":1,\"name\":\"Home\",\"item\":\"https:\/\/www.sunroom.it\/\"},{\"@type\":\"ListItem\",\"position\":2,\"name\":\"Shop\",\"item\":\"https:\/\/www.sunroom.it\/it\/negozio\/\"},{\"@type\":\"ListItem\",\"position\":3,\"name\":\"Puro\"}]},{\"@type\":\"WebSite\",\"@id\":\"https:\/\/www.sunroom.it\/it\/#website\",\"url\":\"https:\/\/www.sunroom.it\/it\/\",\"name\":\"Sunroom\",\"description\":\"Sunroom\",\"publisher\":{\"@id\":\"https:\/\/www.sunroom.it\/it\/#organization\"},\"potentialAction\":[{\"@type\":\"SearchAction\",\"target\":{\"@type\":\"EntryPoint\",\"urlTemplate\":\"https:\/\/www.sunroom.it\/it\/?s={search_term_string}\"},\"query-input\":{\"@type\":\"PropertyValueSpecification\",\"valueRequired\":true,\"valueName\":\"search_term_string\"}}],\"inLanguage\":\"it-IT\"},{\"@type\":\"Organization\",\"@id\":\"https:\/\/www.sunroom.it\/it\/#organization\",\"name\":\"Sunroom\",\"url\":\"https:\/\/www.sunroom.it\/it\/\",\"logo\":{\"@type\":\"ImageObject\",\"inLanguage\":\"it-IT\",\"@id\":\"https:\/\/www.sunroom.it\/it\/#\/schema\/logo\/image\/\",\"url\":\"https:\/\/www.sunroom.it\/wp-content\/uploads\/2021\/07\/sunroom_260x70px.png\",\"contentUrl\":\"https:\/\/www.sunroom.it\/wp-content\/uploads\/2021\/07\/sunroom_260x70px.png\",\"width\":260,\"height\":70,\"caption\":\"Sunroom\"},\"image\":{\"@id\":\"https:\/\/www.sunroom.it\/it\/#\/schema\/logo\/image\/\"}}]}<\/script>\n<!-- \/ Yoast SEO plugin. -->","yoast_head_json":{"title":"Puro - Sunroom","robots":{"index":"index","follow":"follow","max-snippet":"max-snippet:-1","max-image-preview":"max-image-preview:large","max-video-preview":"max-video-preview:-1"},"canonical":"https:\/\/www.sunroom.it\/it\/prodotto\/puro\/","og_locale":"it_IT","og_type":"article","og_title":"Puro - Sunroom","og_description":"Puro \u00e8 la serra solare bioclimatica che offre un approccio ecosostenibile. I suoi componenti principali, vetro e alluminio, permettono di immagazzinare energia solare durante il giorno e contenere la dispersione durante le ore pi\u00f9 fresche. Il bioclima interno \u00e8 favorito dal flusso di aria esterna che entra per mezzo di aperture vetrate lungo il perimetro,Leggi di pi\u00f9","og_url":"https:\/\/www.sunroom.it\/it\/prodotto\/puro\/","og_site_name":"Sunroom","article_modified_time":"2023-05-09T15:34:37+00:00","og_image":[{"width":1500,"height":1300,"url":"https:\/\/www.sunroom.it\/wp-content\/uploads\/2020\/04\/PURO_1500X1300_LIMBO.jpg","type":"image\/jpeg"}],"twitter_card":"summary_large_image","twitter_misc":{"Tempo di lettura stimato":"1 minuto"},"schema":{"@context":"https:\/\/schema.org","@graph":[{"@type":"WebPage","@id":"https:\/\/www.sunroom.it\/it\/prodotto\/puro\/","url":"https:\/\/www.sunroom.it\/it\/prodotto\/puro\/","name":"Puro - Sunroom","isPartOf":{"@id":"https:\/\/www.sunroom.it\/it\/#website"},"primaryImageOfPage":{"@id":"https:\/\/www.sunroom.it\/it\/prodotto\/puro\/#primaryimage"},"image":{"@id":"https:\/\/www.sunroom.it\/it\/prodotto\/puro\/#primaryimage"},"thumbnailUrl":"https:\/\/www.sunroom.it\/wp-content\/uploads\/2020\/04\/PURO_1500X1300_LIMBO.jpg","datePublished":"2020-10-17T19:31:23+00:00","dateModified":"2023-05-09T15:34:37+00:00","breadcrumb":{"@id":"https:\/\/www.sunroom.it\/it\/prodotto\/puro\/#breadcrumb"},"inLanguage":"it-IT","potentialAction":[{"@type":"ReadAction","target":["https:\/\/www.sunroom.it\/it\/prodotto\/puro\/"]}]},{"@type":"ImageObject","inLanguage":"it-IT","@id":"https:\/\/www.sunroom.it\/it\/prodotto\/puro\/#primaryimage","url":"https:\/\/www.sunroom.it\/wp-content\/uploads\/2020\/04\/PURO_1500X1300_LIMBO.jpg","contentUrl":"https:\/\/www.sunroom.it\/wp-content\/uploads\/2020\/04\/PURO_1500X1300_LIMBO.jpg","width":1500,"height":1300},{"@type":"BreadcrumbList","@id":"https:\/\/www.sunroom.it\/it\/prodotto\/puro\/#breadcrumb","itemListElement":[{"@type":"ListItem","position":1,"name":"Home","item":"https:\/\/www.sunroom.it\/"},{"@type":"ListItem","position":2,"name":"Shop","item":"https:\/\/www.sunroom.it\/it\/negozio\/"},{"@type":"ListItem","position":3,"name":"Puro"}]},{"@type":"WebSite","@id":"https:\/\/www.sunroom.it\/it\/#website","url":"https:\/\/www.sunroom.it\/it\/","name":"Sunroom","description":"Sunroom","publisher":{"@id":"https:\/\/www.sunroom.it\/it\/#organization"},"potentialAction":[{"@type":"SearchAction","target":{"@type":"EntryPoint","urlTemplate":"https:\/\/www.sunroom.it\/it\/?s={search_term_string}"},"query-input":{"@type":"PropertyValueSpecification","valueRequired":true,"valueName":"search_term_string"}}],"inLanguage":"it-IT"},{"@type":"Organization","@id":"https:\/\/www.sunroom.it\/it\/#organization","name":"Sunroom","url":"https:\/\/www.sunroom.it\/it\/","logo":{"@type":"ImageObject","inLanguage":"it-IT","@id":"https:\/\/www.sunroom.it\/it\/#\/schema\/logo\/image\/","url":"https:\/\/www.sunroom.it\/wp-content\/uploads\/2021\/07\/sunroom_260x70px.png","contentUrl":"https:\/\/www.sunroom.it\/wp-content\/uploads\/2021\/07\/sunroom_260x70px.png","width":260,"height":70,"caption":"Sunroom"},"image":{"@id":"https:\/\/www.sunroom.it\/it\/#\/schema\/logo\/image\/"}}]}},"_links":{"self":[{"href":"https:\/\/www.sunroom.it\/it\/wp-json\/wp\/v2\/product\/6084","targetHints":{"allow":["GET"]}}],"collection":[{"href":"https:\/\/www.sunroom.it\/it\/wp-json\/wp\/v2\/product"}],"about":[{"href":"https:\/\/www.sunroom.it\/it\/wp-json\/wp\/v2\/types\/product"}],"replies":[{"embeddable":true,"href":"https:\/\/www.sunroom.it\/it\/wp-json\/wp\/v2\/comments?post=6084"}],"wp:featuredmedia":[{"embeddable":true,"href":"https:\/\/www.sunroom.it\/it\/wp-json\/wp\/v2\/media\/1621"}],"wp:attachment":[{"href":"https:\/\/www.sunroom.it\/it\/wp-json\/wp\/v2\/media?parent=6084"}],"wp:term":[{"taxonomy":"product_brand","embeddable":true,"href":"https:\/\/www.sunroom.it\/it\/wp-json\/wp\/v2\/product_brand?post=6084"},{"taxonomy":"product_cat","embeddable":true,"href":"https:\/\/www.sunroom.it\/it\/wp-json\/wp\/v2\/product_cat?post=6084"},{"taxonomy":"product_tag","embeddable":true,"href":"https:\/\/www.sunroom.it\/it\/wp-json\/wp\/v2\/product_tag?post=6084"}],"curies":[{"name":"wp","href":"https:\/\/api.w.org\/{rel}","templated":true}]}}