{"id":6072,"date":"2020-10-17T21:31:23","date_gmt":"2020-10-17T19:31:23","guid":{"rendered":"https:\/\/www.sunroom.it\/prodotto\/tuttovetro\/"},"modified":"2023-05-09T17:32:38","modified_gmt":"2023-05-09T15:32:38","slug":"tuttovetro","status":"publish","type":"product","link":"https:\/\/www.sunroom.it\/it\/prodotto\/tuttovetro\/","title":{"rendered":"Tuttovetro"},"content":{"rendered":"<p>Tuttovetro \u00e8 esattamente come il suo nome: una <strong>vetrata composta da solo vetro senza profili verticali<\/strong>.<\/p>\n<p>Le propriet\u00e0 pi\u00f9 importanti del <strong>vetro<\/strong> sono la sua <strong>trasparenza<\/strong> e la sua <strong>purezza<\/strong>, unendo queste due caratteristiche potrai garantire uno stile unico alla tua casa o al tuo locale. I vantaggi rappresentati dal sistema Tuttovetro non riguardano solo l\u2019<strong>estetica con impatto \u2018zero\u2019 <\/strong>sul complesso architettonico, ma anche la particolare possibilit\u00e0 di essere <strong>raccolta a pacchetto<\/strong> per creare il <strong>minimo ingombro <\/strong>e recuperare spazio per vivere al meglio la tua quotidianit\u00e0.<\/p>\n<p>Ogni anta \u00e8 <strong>impacchettabile singolarmente<\/strong> su un lato sia a destra che a sinistra, oppure per vetrate di notevoli dimensioni, anche divisa sui due lati.<\/p>\n<p>Le ante scorrono su due guide e sono appese alla guida superiore per mezzo di speciali carrelli. La parte inferiore ha dei rulli in materiale sintetico che scorrono su una <strong>guida in alluminio<\/strong> posta a pavimento, che pu\u00f2 anche essere incassata.<\/p>\n<p>Tuttovetro \u00e8 puro <strong>design<\/strong> e <strong>praticit\u00e0<\/strong>: ideale per chiudere la tua pergola bioclimatica, la serra solare, un balcone o un portico. Convivialit\u00e0, praticit\u00e0, superamento del confine tra interno ed esterno sono i punti chiave della nostra vetrata Tuttovetro nella sua versione impacchettabile.<\/p>\n<p>Con la recente modifica dell\u2019articolo 6 del D.P.R. 380\/2001 Testo Unico Edilizia, si possono eseguire <strong>senza alcun titolo abilitativo<\/strong> interventi di realizzazione e installazione di vetrate panoramiche amovibili e totalmente trasparenti( le cosiddette <strong>VEPA<\/strong>). <strong>Tuttovetro <\/strong>ricade pienamente in questa casistica: lo staff Sunroom \u00e8 a disposizione per fornire i dettagli e le informazioni del caso.<\/p>\n","protected":false},"excerpt":{"rendered":"<p>Tuttovetro \u00e8 esattamente come il suo nome: una vetrata composta da solo vetro senza profili verticali. Le propriet\u00e0 pi\u00f9 importanti del vetro sono la sua trasparenza e la sua purezza, unendo queste due caratteristiche potrai garantire uno stile unico alla tua casa o al tuo locale. I vantaggi rappresentati dal sistema Tuttovetro non riguardano soloLeggi di pi\u00f9<\/p>\n","protected":false},"featured_media":1724,"comment_status":"closed","ping_status":"closed","template":"","meta":{"_acf_changed":false},"product_brand":[],"product_cat":[65,19],"product_tag":[],"class_list":{"0":"post-6072","1":"product","2":"type-product","3":"status-publish","4":"has-post-thumbnail","6":"product_cat-prodotti","7":"product_cat-sistemi-tuttovetro","8":"cat-product-privati-balconi-e-facciate","9":"cat-product-privati-patio","10":"cat-product-privati-privati","11":"cat-product-privati-serre","12":"cat-product-privati-verande","13":"cat-product-privati-vetrate","14":"cat-product-contract-bar","15":"cat-product-contract-contract","16":"cat-product-contract-edifici-pubblici","17":"cat-product-contract-gelaterie","18":"cat-product-contract-hotel","19":"cat-product-contract-ristoranti","20":"cat-product-contract-stabilimenti-balneari","22":"first","23":"instock","24":"product-type-simple"},"acf":[],"yoast_head":"<!-- This site is optimized with the Yoast SEO plugin v27.1 - https:\/\/yoast.com\/product\/yoast-seo-wordpress\/ -->\n<title>Tuttovetro - Sunroom<\/title>\n<meta name=\"robots\" content=\"index, follow, max-snippet:-1, max-image-preview:large, max-video-preview:-1\" \/>\n<link rel=\"canonical\" href=\"https:\/\/www.sunroom.it\/it\/prodotto\/tuttovetro\/\" \/>\n<meta property=\"og:locale\" content=\"it_IT\" \/>\n<meta property=\"og:type\" content=\"article\" \/>\n<meta property=\"og:title\" content=\"Tuttovetro - Sunroom\" \/>\n<meta property=\"og:description\" content=\"Tuttovetro \u00e8 esattamente come il suo nome: una vetrata composta da solo vetro senza profili verticali. Le propriet\u00e0 pi\u00f9 importanti del vetro sono la sua trasparenza e la sua purezza, unendo queste due caratteristiche potrai garantire uno stile unico alla tua casa o al tuo locale. I vantaggi rappresentati dal sistema Tuttovetro non riguardano soloLeggi di pi\u00f9\" \/>\n<meta property=\"og:url\" content=\"https:\/\/www.sunroom.it\/it\/prodotto\/tuttovetro\/\" \/>\n<meta property=\"og:site_name\" content=\"Sunroom\" \/>\n<meta property=\"article:modified_time\" content=\"2023-05-09T15:32:38+00:00\" \/>\n<meta property=\"og:image\" content=\"https:\/\/www.sunroom.it\/wp-content\/uploads\/2020\/07\/TUTTOVETRO_1500x1300_LIMBO.jpg\" \/>\n\t<meta property=\"og:image:width\" content=\"1500\" \/>\n\t<meta property=\"og:image:height\" content=\"1300\" \/>\n\t<meta property=\"og:image:type\" content=\"image\/jpeg\" \/>\n<meta name=\"twitter:card\" content=\"summary_large_image\" \/>\n<meta name=\"twitter:label1\" content=\"Tempo di lettura stimato\" \/>\n\t<meta name=\"twitter:data1\" content=\"2 minuti\" \/>\n<script type=\"application\/ld+json\" class=\"yoast-schema-graph\">{\"@context\":\"https:\/\/schema.org\",\"@graph\":[{\"@type\":\"WebPage\",\"@id\":\"https:\/\/www.sunroom.it\/it\/prodotto\/tuttovetro\/\",\"url\":\"https:\/\/www.sunroom.it\/it\/prodotto\/tuttovetro\/\",\"name\":\"Tuttovetro - Sunroom\",\"isPartOf\":{\"@id\":\"https:\/\/www.sunroom.it\/it\/#website\"},\"primaryImageOfPage\":{\"@id\":\"https:\/\/www.sunroom.it\/it\/prodotto\/tuttovetro\/#primaryimage\"},\"image\":{\"@id\":\"https:\/\/www.sunroom.it\/it\/prodotto\/tuttovetro\/#primaryimage\"},\"thumbnailUrl\":\"https:\/\/www.sunroom.it\/wp-content\/uploads\/2020\/07\/TUTTOVETRO_1500x1300_LIMBO.jpg\",\"datePublished\":\"2020-10-17T19:31:23+00:00\",\"dateModified\":\"2023-05-09T15:32:38+00:00\",\"breadcrumb\":{\"@id\":\"https:\/\/www.sunroom.it\/it\/prodotto\/tuttovetro\/#breadcrumb\"},\"inLanguage\":\"it-IT\",\"potentialAction\":[{\"@type\":\"ReadAction\",\"target\":[\"https:\/\/www.sunroom.it\/it\/prodotto\/tuttovetro\/\"]}]},{\"@type\":\"ImageObject\",\"inLanguage\":\"it-IT\",\"@id\":\"https:\/\/www.sunroom.it\/it\/prodotto\/tuttovetro\/#primaryimage\",\"url\":\"https:\/\/www.sunroom.it\/wp-content\/uploads\/2020\/07\/TUTTOVETRO_1500x1300_LIMBO.jpg\",\"contentUrl\":\"https:\/\/www.sunroom.it\/wp-content\/uploads\/2020\/07\/TUTTOVETRO_1500x1300_LIMBO.jpg\",\"width\":1500,\"height\":1300},{\"@type\":\"BreadcrumbList\",\"@id\":\"https:\/\/www.sunroom.it\/it\/prodotto\/tuttovetro\/#breadcrumb\",\"itemListElement\":[{\"@type\":\"ListItem\",\"position\":1,\"name\":\"Home\",\"item\":\"https:\/\/www.sunroom.it\/\"},{\"@type\":\"ListItem\",\"position\":2,\"name\":\"Shop\",\"item\":\"https:\/\/www.sunroom.it\/it\/negozio\/\"},{\"@type\":\"ListItem\",\"position\":3,\"name\":\"Tuttovetro\"}]},{\"@type\":\"WebSite\",\"@id\":\"https:\/\/www.sunroom.it\/it\/#website\",\"url\":\"https:\/\/www.sunroom.it\/it\/\",\"name\":\"Sunroom\",\"description\":\"Sunroom\",\"publisher\":{\"@id\":\"https:\/\/www.sunroom.it\/it\/#organization\"},\"potentialAction\":[{\"@type\":\"SearchAction\",\"target\":{\"@type\":\"EntryPoint\",\"urlTemplate\":\"https:\/\/www.sunroom.it\/it\/?s={search_term_string}\"},\"query-input\":{\"@type\":\"PropertyValueSpecification\",\"valueRequired\":true,\"valueName\":\"search_term_string\"}}],\"inLanguage\":\"it-IT\"},{\"@type\":\"Organization\",\"@id\":\"https:\/\/www.sunroom.it\/it\/#organization\",\"name\":\"Sunroom\",\"url\":\"https:\/\/www.sunroom.it\/it\/\",\"logo\":{\"@type\":\"ImageObject\",\"inLanguage\":\"it-IT\",\"@id\":\"https:\/\/www.sunroom.it\/it\/#\/schema\/logo\/image\/\",\"url\":\"https:\/\/www.sunroom.it\/wp-content\/uploads\/2021\/07\/sunroom_260x70px.png\",\"contentUrl\":\"https:\/\/www.sunroom.it\/wp-content\/uploads\/2021\/07\/sunroom_260x70px.png\",\"width\":260,\"height\":70,\"caption\":\"Sunroom\"},\"image\":{\"@id\":\"https:\/\/www.sunroom.it\/it\/#\/schema\/logo\/image\/\"}}]}<\/script>\n<!-- \/ Yoast SEO plugin. -->","yoast_head_json":{"title":"Tuttovetro - Sunroom","robots":{"index":"index","follow":"follow","max-snippet":"max-snippet:-1","max-image-preview":"max-image-preview:large","max-video-preview":"max-video-preview:-1"},"canonical":"https:\/\/www.sunroom.it\/it\/prodotto\/tuttovetro\/","og_locale":"it_IT","og_type":"article","og_title":"Tuttovetro - Sunroom","og_description":"Tuttovetro \u00e8 esattamente come il suo nome: una vetrata composta da solo vetro senza profili verticali. Le propriet\u00e0 pi\u00f9 importanti del vetro sono la sua trasparenza e la sua purezza, unendo queste due caratteristiche potrai garantire uno stile unico alla tua casa o al tuo locale. I vantaggi rappresentati dal sistema Tuttovetro non riguardano soloLeggi di pi\u00f9","og_url":"https:\/\/www.sunroom.it\/it\/prodotto\/tuttovetro\/","og_site_name":"Sunroom","article_modified_time":"2023-05-09T15:32:38+00:00","og_image":[{"width":1500,"height":1300,"url":"https:\/\/www.sunroom.it\/wp-content\/uploads\/2020\/07\/TUTTOVETRO_1500x1300_LIMBO.jpg","type":"image\/jpeg"}],"twitter_card":"summary_large_image","twitter_misc":{"Tempo di lettura stimato":"2 minuti"},"schema":{"@context":"https:\/\/schema.org","@graph":[{"@type":"WebPage","@id":"https:\/\/www.sunroom.it\/it\/prodotto\/tuttovetro\/","url":"https:\/\/www.sunroom.it\/it\/prodotto\/tuttovetro\/","name":"Tuttovetro - Sunroom","isPartOf":{"@id":"https:\/\/www.sunroom.it\/it\/#website"},"primaryImageOfPage":{"@id":"https:\/\/www.sunroom.it\/it\/prodotto\/tuttovetro\/#primaryimage"},"image":{"@id":"https:\/\/www.sunroom.it\/it\/prodotto\/tuttovetro\/#primaryimage"},"thumbnailUrl":"https:\/\/www.sunroom.it\/wp-content\/uploads\/2020\/07\/TUTTOVETRO_1500x1300_LIMBO.jpg","datePublished":"2020-10-17T19:31:23+00:00","dateModified":"2023-05-09T15:32:38+00:00","breadcrumb":{"@id":"https:\/\/www.sunroom.it\/it\/prodotto\/tuttovetro\/#breadcrumb"},"inLanguage":"it-IT","potentialAction":[{"@type":"ReadAction","target":["https:\/\/www.sunroom.it\/it\/prodotto\/tuttovetro\/"]}]},{"@type":"ImageObject","inLanguage":"it-IT","@id":"https:\/\/www.sunroom.it\/it\/prodotto\/tuttovetro\/#primaryimage","url":"https:\/\/www.sunroom.it\/wp-content\/uploads\/2020\/07\/TUTTOVETRO_1500x1300_LIMBO.jpg","contentUrl":"https:\/\/www.sunroom.it\/wp-content\/uploads\/2020\/07\/TUTTOVETRO_1500x1300_LIMBO.jpg","width":1500,"height":1300},{"@type":"BreadcrumbList","@id":"https:\/\/www.sunroom.it\/it\/prodotto\/tuttovetro\/#breadcrumb","itemListElement":[{"@type":"ListItem","position":1,"name":"Home","item":"https:\/\/www.sunroom.it\/"},{"@type":"ListItem","position":2,"name":"Shop","item":"https:\/\/www.sunroom.it\/it\/negozio\/"},{"@type":"ListItem","position":3,"name":"Tuttovetro"}]},{"@type":"WebSite","@id":"https:\/\/www.sunroom.it\/it\/#website","url":"https:\/\/www.sunroom.it\/it\/","name":"Sunroom","description":"Sunroom","publisher":{"@id":"https:\/\/www.sunroom.it\/it\/#organization"},"potentialAction":[{"@type":"SearchAction","target":{"@type":"EntryPoint","urlTemplate":"https:\/\/www.sunroom.it\/it\/?s={search_term_string}"},"query-input":{"@type":"PropertyValueSpecification","valueRequired":true,"valueName":"search_term_string"}}],"inLanguage":"it-IT"},{"@type":"Organization","@id":"https:\/\/www.sunroom.it\/it\/#organization","name":"Sunroom","url":"https:\/\/www.sunroom.it\/it\/","logo":{"@type":"ImageObject","inLanguage":"it-IT","@id":"https:\/\/www.sunroom.it\/it\/#\/schema\/logo\/image\/","url":"https:\/\/www.sunroom.it\/wp-content\/uploads\/2021\/07\/sunroom_260x70px.png","contentUrl":"https:\/\/www.sunroom.it\/wp-content\/uploads\/2021\/07\/sunroom_260x70px.png","width":260,"height":70,"caption":"Sunroom"},"image":{"@id":"https:\/\/www.sunroom.it\/it\/#\/schema\/logo\/image\/"}}]}},"_links":{"self":[{"href":"https:\/\/www.sunroom.it\/it\/wp-json\/wp\/v2\/product\/6072","targetHints":{"allow":["GET"]}}],"collection":[{"href":"https:\/\/www.sunroom.it\/it\/wp-json\/wp\/v2\/product"}],"about":[{"href":"https:\/\/www.sunroom.it\/it\/wp-json\/wp\/v2\/types\/product"}],"replies":[{"embeddable":true,"href":"https:\/\/www.sunroom.it\/it\/wp-json\/wp\/v2\/comments?post=6072"}],"wp:featuredmedia":[{"embeddable":true,"href":"https:\/\/www.sunroom.it\/it\/wp-json\/wp\/v2\/media\/1724"}],"wp:attachment":[{"href":"https:\/\/www.sunroom.it\/it\/wp-json\/wp\/v2\/media?parent=6072"}],"wp:term":[{"taxonomy":"product_brand","embeddable":true,"href":"https:\/\/www.sunroom.it\/it\/wp-json\/wp\/v2\/product_brand?post=6072"},{"taxonomy":"product_cat","embeddable":true,"href":"https:\/\/www.sunroom.it\/it\/wp-json\/wp\/v2\/product_cat?post=6072"},{"taxonomy":"product_tag","embeddable":true,"href":"https:\/\/www.sunroom.it\/it\/wp-json\/wp\/v2\/product_tag?post=6072"}],"curies":[{"name":"wp","href":"https:\/\/api.w.org\/{rel}","templated":true}]}}