{"id":6066,"date":"2020-10-17T21:31:23","date_gmt":"2020-10-17T19:31:23","guid":{"rendered":"https:\/\/www.sunroom.it\/prodotto\/s-150-tt\/"},"modified":"2023-05-09T17:28:39","modified_gmt":"2023-05-09T15:28:39","slug":"s-150-tt","status":"publish","type":"product","link":"https:\/\/www.sunroom.it\/it\/prodotto\/s-150-tt\/","title":{"rendered":"S.150 TT"},"content":{"rendered":"<p>La vetrata scorrevole S.150 T.T. \u00e8 un <strong>sistema<\/strong> <strong>minimale<\/strong>, estremamente innovativo nel suo campo, che utilizza <strong>profili a taglio termico<\/strong> di dimensioni decisamente ridotte. La possibilit\u00e0 di ricevere vetri camera o vetri tripli offre un <strong>isolamento termico elevato<\/strong> per essere particolarmente efficiente anche dal punto di vista energetico.<\/p>\n<p>Il sistema \u00e8 realizzato con speciali profilati dove il montante centrale ha un <strong>ingombro minimo<\/strong>, offrendo una <strong>visuale del tutto libera<\/strong> verso l\u2019esterno. Le forme lineari e ridotte, caratterizzate da un <strong>design esclusivo<\/strong>, offrono un\u2019estetica moderna e raffinata. Tutti i particolari sono costruiti su progetto, con materiali accuratamente ricercati e collaudati per assicurare sempre la migliore <strong>funzionalit\u00e0<\/strong>, <strong>affidabilit\u00e0<\/strong> e <strong>durata<\/strong>. \u00a0Sebbene le sue ampie vetrate possano pesare sino 400 kg, il sistema scorrevole pu\u00f2 essere facilmente aperto e chiuso senza il minimo sforzo. I <strong>carrelli in acciaio inossidabile<\/strong> sono integrati nel profilo dell&#8217;anta e protetti per evitare inceppamenti o usura.<\/p>\n<p>Le tipologie di progettazione sono tante quante le possibilit\u00e0 di applicazione: i componenti del sistema S.150 TT, inclusi elementi scorrevoli, fissi o angolari, possono essere accordati in <strong>un\u2019infinita combinazione di configurazioni<\/strong> tra cui colore, stile e molto altro, per offrire la massima flessibilit\u00e0. Il risultato finale sar\u00e0 il frutto anche della tua immaginazione e creativit\u00e0!<\/p>\n","protected":false},"excerpt":{"rendered":"<p>La vetrata scorrevole S.150 T.T. \u00e8 un sistema minimale, estremamente innovativo nel suo campo, che utilizza profili a taglio termico di dimensioni decisamente ridotte. La possibilit\u00e0 di ricevere vetri camera o vetri tripli offre un isolamento termico elevato per essere particolarmente efficiente anche dal punto di vista energetico. Il sistema \u00e8 realizzato con speciali profilatiLeggi di pi\u00f9<\/p>\n","protected":false},"featured_media":1711,"comment_status":"closed","ping_status":"closed","template":"","meta":{"_acf_changed":false},"product_brand":[],"product_cat":[65,18],"product_tag":[],"class_list":{"0":"post-6066","1":"product","2":"type-product","3":"status-publish","4":"has-post-thumbnail","6":"product_cat-prodotti","7":"product_cat-vetrate-scorrevoli","8":"cat-product-privati-patio","9":"cat-product-privati-privati","10":"cat-product-privati-verande","11":"cat-product-privati-vetrate","12":"cat-product-contract-contract","13":"cat-product-contract-edifici-pubblici","14":"cat-product-contract-hotel","16":"first","17":"instock","18":"product-type-simple"},"acf":[],"yoast_head":"<!-- This site is optimized with the Yoast SEO plugin v27.1 - https:\/\/yoast.com\/product\/yoast-seo-wordpress\/ -->\n<title>S.150 TT - Sunroom<\/title>\n<meta name=\"robots\" content=\"index, follow, max-snippet:-1, max-image-preview:large, max-video-preview:-1\" \/>\n<link rel=\"canonical\" href=\"https:\/\/www.sunroom.it\/it\/prodotto\/s-150-tt\/\" \/>\n<meta property=\"og:locale\" content=\"it_IT\" \/>\n<meta property=\"og:type\" content=\"article\" \/>\n<meta property=\"og:title\" content=\"S.150 TT - Sunroom\" \/>\n<meta property=\"og:description\" content=\"La vetrata scorrevole S.150 T.T. \u00e8 un sistema minimale, estremamente innovativo nel suo campo, che utilizza profili a taglio termico di dimensioni decisamente ridotte. La possibilit\u00e0 di ricevere vetri camera o vetri tripli offre un isolamento termico elevato per essere particolarmente efficiente anche dal punto di vista energetico. Il sistema \u00e8 realizzato con speciali profilatiLeggi di pi\u00f9\" \/>\n<meta property=\"og:url\" content=\"https:\/\/www.sunroom.it\/it\/prodotto\/s-150-tt\/\" \/>\n<meta property=\"og:site_name\" content=\"Sunroom\" \/>\n<meta property=\"article:modified_time\" content=\"2023-05-09T15:28:39+00:00\" \/>\n<meta property=\"og:image\" content=\"https:\/\/www.sunroom.it\/wp-content\/uploads\/2020\/04\/S150TT_1500x1300_LIMBO.jpg\" \/>\n\t<meta property=\"og:image:width\" content=\"1500\" \/>\n\t<meta property=\"og:image:height\" content=\"1300\" \/>\n\t<meta property=\"og:image:type\" content=\"image\/jpeg\" \/>\n<meta name=\"twitter:card\" content=\"summary_large_image\" \/>\n<meta name=\"twitter:label1\" content=\"Tempo di lettura stimato\" \/>\n\t<meta name=\"twitter:data1\" content=\"2 minuti\" \/>\n<script type=\"application\/ld+json\" class=\"yoast-schema-graph\">{\"@context\":\"https:\/\/schema.org\",\"@graph\":[{\"@type\":\"WebPage\",\"@id\":\"https:\/\/www.sunroom.it\/it\/prodotto\/s-150-tt\/\",\"url\":\"https:\/\/www.sunroom.it\/it\/prodotto\/s-150-tt\/\",\"name\":\"S.150 TT - Sunroom\",\"isPartOf\":{\"@id\":\"https:\/\/www.sunroom.it\/it\/#website\"},\"primaryImageOfPage\":{\"@id\":\"https:\/\/www.sunroom.it\/it\/prodotto\/s-150-tt\/#primaryimage\"},\"image\":{\"@id\":\"https:\/\/www.sunroom.it\/it\/prodotto\/s-150-tt\/#primaryimage\"},\"thumbnailUrl\":\"https:\/\/www.sunroom.it\/wp-content\/uploads\/2020\/04\/S150TT_1500x1300_LIMBO.jpg\",\"datePublished\":\"2020-10-17T19:31:23+00:00\",\"dateModified\":\"2023-05-09T15:28:39+00:00\",\"breadcrumb\":{\"@id\":\"https:\/\/www.sunroom.it\/it\/prodotto\/s-150-tt\/#breadcrumb\"},\"inLanguage\":\"it-IT\",\"potentialAction\":[{\"@type\":\"ReadAction\",\"target\":[\"https:\/\/www.sunroom.it\/it\/prodotto\/s-150-tt\/\"]}]},{\"@type\":\"ImageObject\",\"inLanguage\":\"it-IT\",\"@id\":\"https:\/\/www.sunroom.it\/it\/prodotto\/s-150-tt\/#primaryimage\",\"url\":\"https:\/\/www.sunroom.it\/wp-content\/uploads\/2020\/04\/S150TT_1500x1300_LIMBO.jpg\",\"contentUrl\":\"https:\/\/www.sunroom.it\/wp-content\/uploads\/2020\/04\/S150TT_1500x1300_LIMBO.jpg\",\"width\":1500,\"height\":1300},{\"@type\":\"BreadcrumbList\",\"@id\":\"https:\/\/www.sunroom.it\/it\/prodotto\/s-150-tt\/#breadcrumb\",\"itemListElement\":[{\"@type\":\"ListItem\",\"position\":1,\"name\":\"Home\",\"item\":\"https:\/\/www.sunroom.it\/\"},{\"@type\":\"ListItem\",\"position\":2,\"name\":\"Shop\",\"item\":\"https:\/\/www.sunroom.it\/it\/negozio\/\"},{\"@type\":\"ListItem\",\"position\":3,\"name\":\"S.150 TT\"}]},{\"@type\":\"WebSite\",\"@id\":\"https:\/\/www.sunroom.it\/it\/#website\",\"url\":\"https:\/\/www.sunroom.it\/it\/\",\"name\":\"Sunroom\",\"description\":\"Sunroom\",\"publisher\":{\"@id\":\"https:\/\/www.sunroom.it\/it\/#organization\"},\"potentialAction\":[{\"@type\":\"SearchAction\",\"target\":{\"@type\":\"EntryPoint\",\"urlTemplate\":\"https:\/\/www.sunroom.it\/it\/?s={search_term_string}\"},\"query-input\":{\"@type\":\"PropertyValueSpecification\",\"valueRequired\":true,\"valueName\":\"search_term_string\"}}],\"inLanguage\":\"it-IT\"},{\"@type\":\"Organization\",\"@id\":\"https:\/\/www.sunroom.it\/it\/#organization\",\"name\":\"Sunroom\",\"url\":\"https:\/\/www.sunroom.it\/it\/\",\"logo\":{\"@type\":\"ImageObject\",\"inLanguage\":\"it-IT\",\"@id\":\"https:\/\/www.sunroom.it\/it\/#\/schema\/logo\/image\/\",\"url\":\"https:\/\/www.sunroom.it\/wp-content\/uploads\/2021\/07\/sunroom_260x70px.png\",\"contentUrl\":\"https:\/\/www.sunroom.it\/wp-content\/uploads\/2021\/07\/sunroom_260x70px.png\",\"width\":260,\"height\":70,\"caption\":\"Sunroom\"},\"image\":{\"@id\":\"https:\/\/www.sunroom.it\/it\/#\/schema\/logo\/image\/\"}}]}<\/script>\n<!-- \/ Yoast SEO plugin. -->","yoast_head_json":{"title":"S.150 TT - Sunroom","robots":{"index":"index","follow":"follow","max-snippet":"max-snippet:-1","max-image-preview":"max-image-preview:large","max-video-preview":"max-video-preview:-1"},"canonical":"https:\/\/www.sunroom.it\/it\/prodotto\/s-150-tt\/","og_locale":"it_IT","og_type":"article","og_title":"S.150 TT - Sunroom","og_description":"La vetrata scorrevole S.150 T.T. \u00e8 un sistema minimale, estremamente innovativo nel suo campo, che utilizza profili a taglio termico di dimensioni decisamente ridotte. La possibilit\u00e0 di ricevere vetri camera o vetri tripli offre un isolamento termico elevato per essere particolarmente efficiente anche dal punto di vista energetico. Il sistema \u00e8 realizzato con speciali profilatiLeggi di pi\u00f9","og_url":"https:\/\/www.sunroom.it\/it\/prodotto\/s-150-tt\/","og_site_name":"Sunroom","article_modified_time":"2023-05-09T15:28:39+00:00","og_image":[{"width":1500,"height":1300,"url":"https:\/\/www.sunroom.it\/wp-content\/uploads\/2020\/04\/S150TT_1500x1300_LIMBO.jpg","type":"image\/jpeg"}],"twitter_card":"summary_large_image","twitter_misc":{"Tempo di lettura stimato":"2 minuti"},"schema":{"@context":"https:\/\/schema.org","@graph":[{"@type":"WebPage","@id":"https:\/\/www.sunroom.it\/it\/prodotto\/s-150-tt\/","url":"https:\/\/www.sunroom.it\/it\/prodotto\/s-150-tt\/","name":"S.150 TT - Sunroom","isPartOf":{"@id":"https:\/\/www.sunroom.it\/it\/#website"},"primaryImageOfPage":{"@id":"https:\/\/www.sunroom.it\/it\/prodotto\/s-150-tt\/#primaryimage"},"image":{"@id":"https:\/\/www.sunroom.it\/it\/prodotto\/s-150-tt\/#primaryimage"},"thumbnailUrl":"https:\/\/www.sunroom.it\/wp-content\/uploads\/2020\/04\/S150TT_1500x1300_LIMBO.jpg","datePublished":"2020-10-17T19:31:23+00:00","dateModified":"2023-05-09T15:28:39+00:00","breadcrumb":{"@id":"https:\/\/www.sunroom.it\/it\/prodotto\/s-150-tt\/#breadcrumb"},"inLanguage":"it-IT","potentialAction":[{"@type":"ReadAction","target":["https:\/\/www.sunroom.it\/it\/prodotto\/s-150-tt\/"]}]},{"@type":"ImageObject","inLanguage":"it-IT","@id":"https:\/\/www.sunroom.it\/it\/prodotto\/s-150-tt\/#primaryimage","url":"https:\/\/www.sunroom.it\/wp-content\/uploads\/2020\/04\/S150TT_1500x1300_LIMBO.jpg","contentUrl":"https:\/\/www.sunroom.it\/wp-content\/uploads\/2020\/04\/S150TT_1500x1300_LIMBO.jpg","width":1500,"height":1300},{"@type":"BreadcrumbList","@id":"https:\/\/www.sunroom.it\/it\/prodotto\/s-150-tt\/#breadcrumb","itemListElement":[{"@type":"ListItem","position":1,"name":"Home","item":"https:\/\/www.sunroom.it\/"},{"@type":"ListItem","position":2,"name":"Shop","item":"https:\/\/www.sunroom.it\/it\/negozio\/"},{"@type":"ListItem","position":3,"name":"S.150 TT"}]},{"@type":"WebSite","@id":"https:\/\/www.sunroom.it\/it\/#website","url":"https:\/\/www.sunroom.it\/it\/","name":"Sunroom","description":"Sunroom","publisher":{"@id":"https:\/\/www.sunroom.it\/it\/#organization"},"potentialAction":[{"@type":"SearchAction","target":{"@type":"EntryPoint","urlTemplate":"https:\/\/www.sunroom.it\/it\/?s={search_term_string}"},"query-input":{"@type":"PropertyValueSpecification","valueRequired":true,"valueName":"search_term_string"}}],"inLanguage":"it-IT"},{"@type":"Organization","@id":"https:\/\/www.sunroom.it\/it\/#organization","name":"Sunroom","url":"https:\/\/www.sunroom.it\/it\/","logo":{"@type":"ImageObject","inLanguage":"it-IT","@id":"https:\/\/www.sunroom.it\/it\/#\/schema\/logo\/image\/","url":"https:\/\/www.sunroom.it\/wp-content\/uploads\/2021\/07\/sunroom_260x70px.png","contentUrl":"https:\/\/www.sunroom.it\/wp-content\/uploads\/2021\/07\/sunroom_260x70px.png","width":260,"height":70,"caption":"Sunroom"},"image":{"@id":"https:\/\/www.sunroom.it\/it\/#\/schema\/logo\/image\/"}}]}},"_links":{"self":[{"href":"https:\/\/www.sunroom.it\/it\/wp-json\/wp\/v2\/product\/6066","targetHints":{"allow":["GET"]}}],"collection":[{"href":"https:\/\/www.sunroom.it\/it\/wp-json\/wp\/v2\/product"}],"about":[{"href":"https:\/\/www.sunroom.it\/it\/wp-json\/wp\/v2\/types\/product"}],"replies":[{"embeddable":true,"href":"https:\/\/www.sunroom.it\/it\/wp-json\/wp\/v2\/comments?post=6066"}],"wp:featuredmedia":[{"embeddable":true,"href":"https:\/\/www.sunroom.it\/it\/wp-json\/wp\/v2\/media\/1711"}],"wp:attachment":[{"href":"https:\/\/www.sunroom.it\/it\/wp-json\/wp\/v2\/media?parent=6066"}],"wp:term":[{"taxonomy":"product_brand","embeddable":true,"href":"https:\/\/www.sunroom.it\/it\/wp-json\/wp\/v2\/product_brand?post=6066"},{"taxonomy":"product_cat","embeddable":true,"href":"https:\/\/www.sunroom.it\/it\/wp-json\/wp\/v2\/product_cat?post=6066"},{"taxonomy":"product_tag","embeddable":true,"href":"https:\/\/www.sunroom.it\/it\/wp-json\/wp\/v2\/product_tag?post=6066"}],"curies":[{"name":"wp","href":"https:\/\/api.w.org\/{rel}","templated":true}]}}