{"id":6054,"date":"2020-10-17T21:31:23","date_gmt":"2020-10-17T19:31:23","guid":{"rendered":"https:\/\/www.sunroom.it\/prodotto\/s-70-verticale\/"},"modified":"2023-05-09T17:25:37","modified_gmt":"2023-05-09T15:25:37","slug":"s-70-verticale","status":"publish","type":"product","link":"https:\/\/www.sunroom.it\/it\/prodotto\/s-70-verticale\/","title":{"rendered":"S.70 Verticale"},"content":{"rendered":"<p>A volte si ha bisogno di una soluzione \u201csalvaspazio\u201d per rispondere a nuove esigenze abitative: una scrivania che prima non c\u2019era, un nuovo ambiente da realizzare\u2026 con il sistema S.70 a movimentazione verticale puoi <strong>sfruttare al meglio tutti gli spazi<\/strong>, senza creare ulteriori ingombri.<\/p>\n<p>\u00c8 ideale anche per attivit\u00e0 commerciali dove il <strong>bioclima<\/strong> interno, che si viene a creare grazie alla naturale areazione, favorisce una permanenza gradevole e sana. Il suo <strong>dispositivo anti-caduta a marchio CE<\/strong> garantisce la sicurezza in ogni situazione: il <strong>sistema motorizzato<\/strong> \u00e8 comandato da un pulsante &#8220;a uomo presente&#8221; ed il suo sollevamento avviene per mezzo di cavi in acciaio. Inoltre, le guide del telaio hanno una particolare conformazione che, sotto la spinta del vento, offrono alla guarnizione una perfetta base di <strong>appoggio<\/strong> e <strong>tenuta<\/strong>.<\/p>\n<p>Disponibile con profili non isolati o a taglio termico, la vetrata scorrevole S. 70 verticale consente la costruzione a due, tre o quattro ante per la massima <strong>personalizzazione<\/strong>. Infine, la disposizione orizzontale delle ante, con spazi liberi sino ad oltre tre metri, favorisce <strong>un&#8217;ampia visuale verso l&#8217;esterno<\/strong>, una grande <strong>modernit\u00e0 architettonica<\/strong> ed una <strong>luminosit\u00e0<\/strong> senza eguali.<\/p>\n<p>&nbsp;<\/p>\n","protected":false},"excerpt":{"rendered":"<p>A volte si ha bisogno di una soluzione \u201csalvaspazio\u201d per rispondere a nuove esigenze abitative: una scrivania che prima non c\u2019era, un nuovo ambiente da realizzare\u2026 con il sistema S.70 a movimentazione verticale puoi sfruttare al meglio tutti gli spazi, senza creare ulteriori ingombri. \u00c8 ideale anche per attivit\u00e0 commerciali dove il bioclima interno, cheLeggi di pi\u00f9<\/p>\n","protected":false},"featured_media":1913,"comment_status":"closed","ping_status":"closed","template":"","meta":{"_acf_changed":false},"product_brand":[],"product_cat":[65,18],"product_tag":[],"class_list":{"0":"post-6054","1":"product","2":"type-product","3":"status-publish","4":"has-post-thumbnail","6":"product_cat-prodotti","7":"product_cat-vetrate-scorrevoli","8":"cat-product-privati-privati","9":"cat-product-privati-verande","10":"cat-product-privati-vetrate","11":"cat-product-contract-bar","12":"cat-product-contract-contract","13":"cat-product-contract-gelaterie","14":"cat-product-contract-hotel","15":"cat-product-contract-ristoranti","17":"first","18":"instock","19":"product-type-simple"},"acf":[],"yoast_head":"<!-- This site is optimized with the Yoast SEO plugin v27.1 - https:\/\/yoast.com\/product\/yoast-seo-wordpress\/ -->\n<title>S.70 Verticale - Sunroom<\/title>\n<meta name=\"robots\" content=\"index, follow, max-snippet:-1, max-image-preview:large, max-video-preview:-1\" \/>\n<link rel=\"canonical\" href=\"https:\/\/www.sunroom.it\/it\/prodotto\/s-70-verticale\/\" \/>\n<meta property=\"og:locale\" content=\"it_IT\" \/>\n<meta property=\"og:type\" content=\"article\" \/>\n<meta property=\"og:title\" content=\"S.70 Verticale - Sunroom\" \/>\n<meta property=\"og:description\" content=\"A volte si ha bisogno di una soluzione \u201csalvaspazio\u201d per rispondere a nuove esigenze abitative: una scrivania che prima non c\u2019era, un nuovo ambiente da realizzare\u2026 con il sistema S.70 a movimentazione verticale puoi sfruttare al meglio tutti gli spazi, senza creare ulteriori ingombri. \u00c8 ideale anche per attivit\u00e0 commerciali dove il bioclima interno, cheLeggi di pi\u00f9\" \/>\n<meta property=\"og:url\" content=\"https:\/\/www.sunroom.it\/it\/prodotto\/s-70-verticale\/\" \/>\n<meta property=\"og:site_name\" content=\"Sunroom\" \/>\n<meta property=\"article:modified_time\" content=\"2023-05-09T15:25:37+00:00\" \/>\n<meta property=\"og:image\" content=\"https:\/\/www.sunroom.it\/wp-content\/uploads\/2020\/04\/S70-VERTICALE_1500X1300_LIMBO.jpg\" \/>\n\t<meta property=\"og:image:width\" content=\"1500\" \/>\n\t<meta property=\"og:image:height\" content=\"1300\" \/>\n\t<meta property=\"og:image:type\" content=\"image\/jpeg\" \/>\n<meta name=\"twitter:card\" content=\"summary_large_image\" \/>\n<meta name=\"twitter:label1\" content=\"Tempo di lettura stimato\" \/>\n\t<meta name=\"twitter:data1\" content=\"1 minuto\" \/>\n<script type=\"application\/ld+json\" class=\"yoast-schema-graph\">{\"@context\":\"https:\/\/schema.org\",\"@graph\":[{\"@type\":\"WebPage\",\"@id\":\"https:\/\/www.sunroom.it\/it\/prodotto\/s-70-verticale\/\",\"url\":\"https:\/\/www.sunroom.it\/it\/prodotto\/s-70-verticale\/\",\"name\":\"S.70 Verticale - Sunroom\",\"isPartOf\":{\"@id\":\"https:\/\/www.sunroom.it\/it\/#website\"},\"primaryImageOfPage\":{\"@id\":\"https:\/\/www.sunroom.it\/it\/prodotto\/s-70-verticale\/#primaryimage\"},\"image\":{\"@id\":\"https:\/\/www.sunroom.it\/it\/prodotto\/s-70-verticale\/#primaryimage\"},\"thumbnailUrl\":\"https:\/\/www.sunroom.it\/wp-content\/uploads\/2020\/04\/S70-VERTICALE_1500X1300_LIMBO.jpg\",\"datePublished\":\"2020-10-17T19:31:23+00:00\",\"dateModified\":\"2023-05-09T15:25:37+00:00\",\"breadcrumb\":{\"@id\":\"https:\/\/www.sunroom.it\/it\/prodotto\/s-70-verticale\/#breadcrumb\"},\"inLanguage\":\"it-IT\",\"potentialAction\":[{\"@type\":\"ReadAction\",\"target\":[\"https:\/\/www.sunroom.it\/it\/prodotto\/s-70-verticale\/\"]}]},{\"@type\":\"ImageObject\",\"inLanguage\":\"it-IT\",\"@id\":\"https:\/\/www.sunroom.it\/it\/prodotto\/s-70-verticale\/#primaryimage\",\"url\":\"https:\/\/www.sunroom.it\/wp-content\/uploads\/2020\/04\/S70-VERTICALE_1500X1300_LIMBO.jpg\",\"contentUrl\":\"https:\/\/www.sunroom.it\/wp-content\/uploads\/2020\/04\/S70-VERTICALE_1500X1300_LIMBO.jpg\",\"width\":1500,\"height\":1300},{\"@type\":\"BreadcrumbList\",\"@id\":\"https:\/\/www.sunroom.it\/it\/prodotto\/s-70-verticale\/#breadcrumb\",\"itemListElement\":[{\"@type\":\"ListItem\",\"position\":1,\"name\":\"Home\",\"item\":\"https:\/\/www.sunroom.it\/\"},{\"@type\":\"ListItem\",\"position\":2,\"name\":\"Shop\",\"item\":\"https:\/\/www.sunroom.it\/it\/negozio\/\"},{\"@type\":\"ListItem\",\"position\":3,\"name\":\"S.70 Verticale\"}]},{\"@type\":\"WebSite\",\"@id\":\"https:\/\/www.sunroom.it\/it\/#website\",\"url\":\"https:\/\/www.sunroom.it\/it\/\",\"name\":\"Sunroom\",\"description\":\"Sunroom\",\"publisher\":{\"@id\":\"https:\/\/www.sunroom.it\/it\/#organization\"},\"potentialAction\":[{\"@type\":\"SearchAction\",\"target\":{\"@type\":\"EntryPoint\",\"urlTemplate\":\"https:\/\/www.sunroom.it\/it\/?s={search_term_string}\"},\"query-input\":{\"@type\":\"PropertyValueSpecification\",\"valueRequired\":true,\"valueName\":\"search_term_string\"}}],\"inLanguage\":\"it-IT\"},{\"@type\":\"Organization\",\"@id\":\"https:\/\/www.sunroom.it\/it\/#organization\",\"name\":\"Sunroom\",\"url\":\"https:\/\/www.sunroom.it\/it\/\",\"logo\":{\"@type\":\"ImageObject\",\"inLanguage\":\"it-IT\",\"@id\":\"https:\/\/www.sunroom.it\/it\/#\/schema\/logo\/image\/\",\"url\":\"https:\/\/www.sunroom.it\/wp-content\/uploads\/2021\/07\/sunroom_260x70px.png\",\"contentUrl\":\"https:\/\/www.sunroom.it\/wp-content\/uploads\/2021\/07\/sunroom_260x70px.png\",\"width\":260,\"height\":70,\"caption\":\"Sunroom\"},\"image\":{\"@id\":\"https:\/\/www.sunroom.it\/it\/#\/schema\/logo\/image\/\"}}]}<\/script>\n<!-- \/ Yoast SEO plugin. -->","yoast_head_json":{"title":"S.70 Verticale - Sunroom","robots":{"index":"index","follow":"follow","max-snippet":"max-snippet:-1","max-image-preview":"max-image-preview:large","max-video-preview":"max-video-preview:-1"},"canonical":"https:\/\/www.sunroom.it\/it\/prodotto\/s-70-verticale\/","og_locale":"it_IT","og_type":"article","og_title":"S.70 Verticale - Sunroom","og_description":"A volte si ha bisogno di una soluzione \u201csalvaspazio\u201d per rispondere a nuove esigenze abitative: una scrivania che prima non c\u2019era, un nuovo ambiente da realizzare\u2026 con il sistema S.70 a movimentazione verticale puoi sfruttare al meglio tutti gli spazi, senza creare ulteriori ingombri. \u00c8 ideale anche per attivit\u00e0 commerciali dove il bioclima interno, cheLeggi di pi\u00f9","og_url":"https:\/\/www.sunroom.it\/it\/prodotto\/s-70-verticale\/","og_site_name":"Sunroom","article_modified_time":"2023-05-09T15:25:37+00:00","og_image":[{"width":1500,"height":1300,"url":"https:\/\/www.sunroom.it\/wp-content\/uploads\/2020\/04\/S70-VERTICALE_1500X1300_LIMBO.jpg","type":"image\/jpeg"}],"twitter_card":"summary_large_image","twitter_misc":{"Tempo di lettura stimato":"1 minuto"},"schema":{"@context":"https:\/\/schema.org","@graph":[{"@type":"WebPage","@id":"https:\/\/www.sunroom.it\/it\/prodotto\/s-70-verticale\/","url":"https:\/\/www.sunroom.it\/it\/prodotto\/s-70-verticale\/","name":"S.70 Verticale - Sunroom","isPartOf":{"@id":"https:\/\/www.sunroom.it\/it\/#website"},"primaryImageOfPage":{"@id":"https:\/\/www.sunroom.it\/it\/prodotto\/s-70-verticale\/#primaryimage"},"image":{"@id":"https:\/\/www.sunroom.it\/it\/prodotto\/s-70-verticale\/#primaryimage"},"thumbnailUrl":"https:\/\/www.sunroom.it\/wp-content\/uploads\/2020\/04\/S70-VERTICALE_1500X1300_LIMBO.jpg","datePublished":"2020-10-17T19:31:23+00:00","dateModified":"2023-05-09T15:25:37+00:00","breadcrumb":{"@id":"https:\/\/www.sunroom.it\/it\/prodotto\/s-70-verticale\/#breadcrumb"},"inLanguage":"it-IT","potentialAction":[{"@type":"ReadAction","target":["https:\/\/www.sunroom.it\/it\/prodotto\/s-70-verticale\/"]}]},{"@type":"ImageObject","inLanguage":"it-IT","@id":"https:\/\/www.sunroom.it\/it\/prodotto\/s-70-verticale\/#primaryimage","url":"https:\/\/www.sunroom.it\/wp-content\/uploads\/2020\/04\/S70-VERTICALE_1500X1300_LIMBO.jpg","contentUrl":"https:\/\/www.sunroom.it\/wp-content\/uploads\/2020\/04\/S70-VERTICALE_1500X1300_LIMBO.jpg","width":1500,"height":1300},{"@type":"BreadcrumbList","@id":"https:\/\/www.sunroom.it\/it\/prodotto\/s-70-verticale\/#breadcrumb","itemListElement":[{"@type":"ListItem","position":1,"name":"Home","item":"https:\/\/www.sunroom.it\/"},{"@type":"ListItem","position":2,"name":"Shop","item":"https:\/\/www.sunroom.it\/it\/negozio\/"},{"@type":"ListItem","position":3,"name":"S.70 Verticale"}]},{"@type":"WebSite","@id":"https:\/\/www.sunroom.it\/it\/#website","url":"https:\/\/www.sunroom.it\/it\/","name":"Sunroom","description":"Sunroom","publisher":{"@id":"https:\/\/www.sunroom.it\/it\/#organization"},"potentialAction":[{"@type":"SearchAction","target":{"@type":"EntryPoint","urlTemplate":"https:\/\/www.sunroom.it\/it\/?s={search_term_string}"},"query-input":{"@type":"PropertyValueSpecification","valueRequired":true,"valueName":"search_term_string"}}],"inLanguage":"it-IT"},{"@type":"Organization","@id":"https:\/\/www.sunroom.it\/it\/#organization","name":"Sunroom","url":"https:\/\/www.sunroom.it\/it\/","logo":{"@type":"ImageObject","inLanguage":"it-IT","@id":"https:\/\/www.sunroom.it\/it\/#\/schema\/logo\/image\/","url":"https:\/\/www.sunroom.it\/wp-content\/uploads\/2021\/07\/sunroom_260x70px.png","contentUrl":"https:\/\/www.sunroom.it\/wp-content\/uploads\/2021\/07\/sunroom_260x70px.png","width":260,"height":70,"caption":"Sunroom"},"image":{"@id":"https:\/\/www.sunroom.it\/it\/#\/schema\/logo\/image\/"}}]}},"_links":{"self":[{"href":"https:\/\/www.sunroom.it\/it\/wp-json\/wp\/v2\/product\/6054","targetHints":{"allow":["GET"]}}],"collection":[{"href":"https:\/\/www.sunroom.it\/it\/wp-json\/wp\/v2\/product"}],"about":[{"href":"https:\/\/www.sunroom.it\/it\/wp-json\/wp\/v2\/types\/product"}],"replies":[{"embeddable":true,"href":"https:\/\/www.sunroom.it\/it\/wp-json\/wp\/v2\/comments?post=6054"}],"wp:featuredmedia":[{"embeddable":true,"href":"https:\/\/www.sunroom.it\/it\/wp-json\/wp\/v2\/media\/1913"}],"wp:attachment":[{"href":"https:\/\/www.sunroom.it\/it\/wp-json\/wp\/v2\/media?parent=6054"}],"wp:term":[{"taxonomy":"product_brand","embeddable":true,"href":"https:\/\/www.sunroom.it\/it\/wp-json\/wp\/v2\/product_brand?post=6054"},{"taxonomy":"product_cat","embeddable":true,"href":"https:\/\/www.sunroom.it\/it\/wp-json\/wp\/v2\/product_cat?post=6054"},{"taxonomy":"product_tag","embeddable":true,"href":"https:\/\/www.sunroom.it\/it\/wp-json\/wp\/v2\/product_tag?post=6054"}],"curies":[{"name":"wp","href":"https:\/\/api.w.org\/{rel}","templated":true}]}}