{"id":19167,"date":"2024-06-10T13:02:16","date_gmt":"2024-06-10T11:02:16","guid":{"rendered":"https:\/\/www.sunroom.it\/?post_type=product&#038;p=19167"},"modified":"2024-06-11T10:25:18","modified_gmt":"2024-06-11T08:25:18","slug":"s-78","status":"publish","type":"product","link":"https:\/\/www.sunroom.it\/it\/prodotto\/s-78\/","title":{"rendered":"S.78"},"content":{"rendered":"<p><strong>S.78<\/strong> non \u00e8 solo un <strong>sistema scorrevole<\/strong>, \u00e8 un invito a varcare i confini e abbracciare nuove dimensioni di spazio e libert\u00e0. Il suo design minimale, essenziale e raffinato, si dissolve nell&#8217;ambiente, eliminando barriere visive e amplificando la percezione dello spazio.<\/p>\n<p>Immagina le tue pareti trasformarsi in ampie distese di luce: S.78 abbatte le divisioni tradizionali, permettendoti di creare <strong>ambienti fluidi e personalizzabili<\/strong> in base alle tue esigenze.<\/p>\n<p>Grazie alla sua struttura modulare versatile, S.78 si adatta a qualsiasi progetto. Le guide multicanale permettono aperture senza precedenti, liberando lo spazio e regalandoti panorami mozzafiato.<\/p>\n<p>Completano il sistema <strong>accessori in acciaio INOX di altissima qualit\u00e0<\/strong>, che coniugano bellezza e funzionalit\u00e0, garantendo una durata nel tempo senza pari.<\/p>\n<p>Con S.78, preparati a vivere un&#8217;<strong>esperienza emozionante<\/strong> di <strong>spazio senza confini<\/strong>, dove la luce e la libert\u00e0 regnano incontrastate. Lasciati ispirare dalla sua <strong>eleganza minimalista<\/strong> e trasforma la tua casa in un <strong>capolavoro di design e funzionalit\u00e0<\/strong>.<\/p>\n","protected":false},"excerpt":{"rendered":"<p>S.78 non \u00e8 solo un sistema scorrevole, \u00e8 un invito a varcare i confini e abbracciare nuove dimensioni di spazio e libert\u00e0. Il suo design minimale, essenziale e raffinato, si dissolve nell&#8217;ambiente, eliminando barriere visive e amplificando la percezione dello spazio. Immagina le tue pareti trasformarsi in ampie distese di luce: S.78 abbatte le divisioniLeggi di pi\u00f9<\/p>\n","protected":false},"featured_media":19198,"comment_status":"closed","ping_status":"closed","template":"","meta":{"_acf_changed":false},"product_brand":[],"product_cat":[65,18],"product_tag":[],"class_list":{"0":"post-19167","1":"product","2":"type-product","3":"status-publish","4":"has-post-thumbnail","6":"product_cat-prodotti","7":"product_cat-vetrate-scorrevoli","9":"first","10":"instock","11":"product-type-simple"},"acf":[],"yoast_head":"<!-- This site is optimized with the Yoast SEO plugin v27.1 - https:\/\/yoast.com\/product\/yoast-seo-wordpress\/ -->\n<title>S.78 Vetrata Scorrevole con guida multicanale e accessori in acciaio inox - Sunroom<\/title>\n<meta name=\"description\" content=\"Con S.78, preparati a vivere un&#039;esperienza emozionante di spazio senza confini, dove la luce e la libert\u00e0 regnano incontrastate. Lasciati ispirare dalla sua eleganza minimalista e trasforma la tua casa in un capolavoro di design e funzionalit\u00e0.\" \/>\n<meta name=\"robots\" content=\"index, follow, max-snippet:-1, max-image-preview:large, max-video-preview:-1\" \/>\n<link rel=\"canonical\" href=\"https:\/\/www.sunroom.it\/it\/prodotto\/s-78\/\" \/>\n<meta property=\"og:locale\" content=\"it_IT\" \/>\n<meta property=\"og:type\" content=\"article\" \/>\n<meta property=\"og:title\" content=\"S.78 Vetrata Scorrevole con guida multicanale e accessori in acciaio inox - Sunroom\" \/>\n<meta property=\"og:description\" content=\"Con S.78, preparati a vivere un&#039;esperienza emozionante di spazio senza confini, dove la luce e la libert\u00e0 regnano incontrastate. Lasciati ispirare dalla sua eleganza minimalista e trasforma la tua casa in un capolavoro di design e funzionalit\u00e0.\" \/>\n<meta property=\"og:url\" content=\"https:\/\/www.sunroom.it\/it\/prodotto\/s-78\/\" \/>\n<meta property=\"og:site_name\" content=\"Sunroom\" \/>\n<meta property=\"article:modified_time\" content=\"2024-06-11T08:25:18+00:00\" \/>\n<meta property=\"og:image\" content=\"https:\/\/www.sunroom.it\/wp-content\/uploads\/2024\/06\/S78-vetrata-scorrevole-sunroom-evidenza.jpg\" \/>\n\t<meta property=\"og:image:width\" content=\"1500\" \/>\n\t<meta property=\"og:image:height\" content=\"1300\" \/>\n\t<meta property=\"og:image:type\" content=\"image\/jpeg\" \/>\n<meta name=\"twitter:card\" content=\"summary_large_image\" \/>\n<meta name=\"twitter:label1\" content=\"Tempo di lettura stimato\" \/>\n\t<meta name=\"twitter:data1\" content=\"2 minuti\" \/>\n<script type=\"application\/ld+json\" class=\"yoast-schema-graph\">{\"@context\":\"https:\/\/schema.org\",\"@graph\":[{\"@type\":\"WebPage\",\"@id\":\"https:\/\/www.sunroom.it\/it\/prodotto\/s-78\/\",\"url\":\"https:\/\/www.sunroom.it\/it\/prodotto\/s-78\/\",\"name\":\"S.78 Vetrata Scorrevole con guida multicanale e accessori in acciaio inox - Sunroom\",\"isPartOf\":{\"@id\":\"https:\/\/www.sunroom.it\/it\/#website\"},\"primaryImageOfPage\":{\"@id\":\"https:\/\/www.sunroom.it\/it\/prodotto\/s-78\/#primaryimage\"},\"image\":{\"@id\":\"https:\/\/www.sunroom.it\/it\/prodotto\/s-78\/#primaryimage\"},\"thumbnailUrl\":\"https:\/\/www.sunroom.it\/wp-content\/uploads\/2024\/06\/S78-vetrata-scorrevole-sunroom-evidenza.jpg\",\"datePublished\":\"2024-06-10T11:02:16+00:00\",\"dateModified\":\"2024-06-11T08:25:18+00:00\",\"description\":\"Con S.78, preparati a vivere un'esperienza emozionante di spazio senza confini, dove la luce e la libert\u00e0 regnano incontrastate. Lasciati ispirare dalla sua eleganza minimalista e trasforma la tua casa in un capolavoro di design e funzionalit\u00e0.\",\"breadcrumb\":{\"@id\":\"https:\/\/www.sunroom.it\/it\/prodotto\/s-78\/#breadcrumb\"},\"inLanguage\":\"it-IT\",\"potentialAction\":[{\"@type\":\"ReadAction\",\"target\":[\"https:\/\/www.sunroom.it\/it\/prodotto\/s-78\/\"]}]},{\"@type\":\"ImageObject\",\"inLanguage\":\"it-IT\",\"@id\":\"https:\/\/www.sunroom.it\/it\/prodotto\/s-78\/#primaryimage\",\"url\":\"https:\/\/www.sunroom.it\/wp-content\/uploads\/2024\/06\/S78-vetrata-scorrevole-sunroom-evidenza.jpg\",\"contentUrl\":\"https:\/\/www.sunroom.it\/wp-content\/uploads\/2024\/06\/S78-vetrata-scorrevole-sunroom-evidenza.jpg\",\"width\":1500,\"height\":1300},{\"@type\":\"BreadcrumbList\",\"@id\":\"https:\/\/www.sunroom.it\/it\/prodotto\/s-78\/#breadcrumb\",\"itemListElement\":[{\"@type\":\"ListItem\",\"position\":1,\"name\":\"Home\",\"item\":\"https:\/\/www.sunroom.it\/\"},{\"@type\":\"ListItem\",\"position\":2,\"name\":\"Shop\",\"item\":\"https:\/\/www.sunroom.it\/it\/negozio\/\"},{\"@type\":\"ListItem\",\"position\":3,\"name\":\"S.78\"}]},{\"@type\":\"WebSite\",\"@id\":\"https:\/\/www.sunroom.it\/it\/#website\",\"url\":\"https:\/\/www.sunroom.it\/it\/\",\"name\":\"Sunroom\",\"description\":\"Sunroom\",\"publisher\":{\"@id\":\"https:\/\/www.sunroom.it\/it\/#organization\"},\"potentialAction\":[{\"@type\":\"SearchAction\",\"target\":{\"@type\":\"EntryPoint\",\"urlTemplate\":\"https:\/\/www.sunroom.it\/it\/?s={search_term_string}\"},\"query-input\":{\"@type\":\"PropertyValueSpecification\",\"valueRequired\":true,\"valueName\":\"search_term_string\"}}],\"inLanguage\":\"it-IT\"},{\"@type\":\"Organization\",\"@id\":\"https:\/\/www.sunroom.it\/it\/#organization\",\"name\":\"Sunroom\",\"url\":\"https:\/\/www.sunroom.it\/it\/\",\"logo\":{\"@type\":\"ImageObject\",\"inLanguage\":\"it-IT\",\"@id\":\"https:\/\/www.sunroom.it\/it\/#\/schema\/logo\/image\/\",\"url\":\"https:\/\/www.sunroom.it\/wp-content\/uploads\/2021\/07\/sunroom_260x70px.png\",\"contentUrl\":\"https:\/\/www.sunroom.it\/wp-content\/uploads\/2021\/07\/sunroom_260x70px.png\",\"width\":260,\"height\":70,\"caption\":\"Sunroom\"},\"image\":{\"@id\":\"https:\/\/www.sunroom.it\/it\/#\/schema\/logo\/image\/\"}}]}<\/script>\n<!-- \/ Yoast SEO plugin. -->","yoast_head_json":{"title":"S.78 Vetrata Scorrevole con guida multicanale e accessori in acciaio inox - Sunroom","description":"Con S.78, preparati a vivere un'esperienza emozionante di spazio senza confini, dove la luce e la libert\u00e0 regnano incontrastate. Lasciati ispirare dalla sua eleganza minimalista e trasforma la tua casa in un capolavoro di design e funzionalit\u00e0.","robots":{"index":"index","follow":"follow","max-snippet":"max-snippet:-1","max-image-preview":"max-image-preview:large","max-video-preview":"max-video-preview:-1"},"canonical":"https:\/\/www.sunroom.it\/it\/prodotto\/s-78\/","og_locale":"it_IT","og_type":"article","og_title":"S.78 Vetrata Scorrevole con guida multicanale e accessori in acciaio inox - Sunroom","og_description":"Con S.78, preparati a vivere un'esperienza emozionante di spazio senza confini, dove la luce e la libert\u00e0 regnano incontrastate. Lasciati ispirare dalla sua eleganza minimalista e trasforma la tua casa in un capolavoro di design e funzionalit\u00e0.","og_url":"https:\/\/www.sunroom.it\/it\/prodotto\/s-78\/","og_site_name":"Sunroom","article_modified_time":"2024-06-11T08:25:18+00:00","og_image":[{"width":1500,"height":1300,"url":"https:\/\/www.sunroom.it\/wp-content\/uploads\/2024\/06\/S78-vetrata-scorrevole-sunroom-evidenza.jpg","type":"image\/jpeg"}],"twitter_card":"summary_large_image","twitter_misc":{"Tempo di lettura stimato":"2 minuti"},"schema":{"@context":"https:\/\/schema.org","@graph":[{"@type":"WebPage","@id":"https:\/\/www.sunroom.it\/it\/prodotto\/s-78\/","url":"https:\/\/www.sunroom.it\/it\/prodotto\/s-78\/","name":"S.78 Vetrata Scorrevole con guida multicanale e accessori in acciaio inox - Sunroom","isPartOf":{"@id":"https:\/\/www.sunroom.it\/it\/#website"},"primaryImageOfPage":{"@id":"https:\/\/www.sunroom.it\/it\/prodotto\/s-78\/#primaryimage"},"image":{"@id":"https:\/\/www.sunroom.it\/it\/prodotto\/s-78\/#primaryimage"},"thumbnailUrl":"https:\/\/www.sunroom.it\/wp-content\/uploads\/2024\/06\/S78-vetrata-scorrevole-sunroom-evidenza.jpg","datePublished":"2024-06-10T11:02:16+00:00","dateModified":"2024-06-11T08:25:18+00:00","description":"Con S.78, preparati a vivere un'esperienza emozionante di spazio senza confini, dove la luce e la libert\u00e0 regnano incontrastate. Lasciati ispirare dalla sua eleganza minimalista e trasforma la tua casa in un capolavoro di design e funzionalit\u00e0.","breadcrumb":{"@id":"https:\/\/www.sunroom.it\/it\/prodotto\/s-78\/#breadcrumb"},"inLanguage":"it-IT","potentialAction":[{"@type":"ReadAction","target":["https:\/\/www.sunroom.it\/it\/prodotto\/s-78\/"]}]},{"@type":"ImageObject","inLanguage":"it-IT","@id":"https:\/\/www.sunroom.it\/it\/prodotto\/s-78\/#primaryimage","url":"https:\/\/www.sunroom.it\/wp-content\/uploads\/2024\/06\/S78-vetrata-scorrevole-sunroom-evidenza.jpg","contentUrl":"https:\/\/www.sunroom.it\/wp-content\/uploads\/2024\/06\/S78-vetrata-scorrevole-sunroom-evidenza.jpg","width":1500,"height":1300},{"@type":"BreadcrumbList","@id":"https:\/\/www.sunroom.it\/it\/prodotto\/s-78\/#breadcrumb","itemListElement":[{"@type":"ListItem","position":1,"name":"Home","item":"https:\/\/www.sunroom.it\/"},{"@type":"ListItem","position":2,"name":"Shop","item":"https:\/\/www.sunroom.it\/it\/negozio\/"},{"@type":"ListItem","position":3,"name":"S.78"}]},{"@type":"WebSite","@id":"https:\/\/www.sunroom.it\/it\/#website","url":"https:\/\/www.sunroom.it\/it\/","name":"Sunroom","description":"Sunroom","publisher":{"@id":"https:\/\/www.sunroom.it\/it\/#organization"},"potentialAction":[{"@type":"SearchAction","target":{"@type":"EntryPoint","urlTemplate":"https:\/\/www.sunroom.it\/it\/?s={search_term_string}"},"query-input":{"@type":"PropertyValueSpecification","valueRequired":true,"valueName":"search_term_string"}}],"inLanguage":"it-IT"},{"@type":"Organization","@id":"https:\/\/www.sunroom.it\/it\/#organization","name":"Sunroom","url":"https:\/\/www.sunroom.it\/it\/","logo":{"@type":"ImageObject","inLanguage":"it-IT","@id":"https:\/\/www.sunroom.it\/it\/#\/schema\/logo\/image\/","url":"https:\/\/www.sunroom.it\/wp-content\/uploads\/2021\/07\/sunroom_260x70px.png","contentUrl":"https:\/\/www.sunroom.it\/wp-content\/uploads\/2021\/07\/sunroom_260x70px.png","width":260,"height":70,"caption":"Sunroom"},"image":{"@id":"https:\/\/www.sunroom.it\/it\/#\/schema\/logo\/image\/"}}]}},"_links":{"self":[{"href":"https:\/\/www.sunroom.it\/it\/wp-json\/wp\/v2\/product\/19167","targetHints":{"allow":["GET"]}}],"collection":[{"href":"https:\/\/www.sunroom.it\/it\/wp-json\/wp\/v2\/product"}],"about":[{"href":"https:\/\/www.sunroom.it\/it\/wp-json\/wp\/v2\/types\/product"}],"replies":[{"embeddable":true,"href":"https:\/\/www.sunroom.it\/it\/wp-json\/wp\/v2\/comments?post=19167"}],"wp:featuredmedia":[{"embeddable":true,"href":"https:\/\/www.sunroom.it\/it\/wp-json\/wp\/v2\/media\/19198"}],"wp:attachment":[{"href":"https:\/\/www.sunroom.it\/it\/wp-json\/wp\/v2\/media?parent=19167"}],"wp:term":[{"taxonomy":"product_brand","embeddable":true,"href":"https:\/\/www.sunroom.it\/it\/wp-json\/wp\/v2\/product_brand?post=19167"},{"taxonomy":"product_cat","embeddable":true,"href":"https:\/\/www.sunroom.it\/it\/wp-json\/wp\/v2\/product_cat?post=19167"},{"taxonomy":"product_tag","embeddable":true,"href":"https:\/\/www.sunroom.it\/it\/wp-json\/wp\/v2\/product_tag?post=19167"}],"curies":[{"name":"wp","href":"https:\/\/api.w.org\/{rel}","templated":true}]}}