{"id":9311,"date":"2021-09-20T09:54:11","date_gmt":"2021-09-20T07:54:11","guid":{"rendered":"https:\/\/www.sunroom.it\/?post_type=product&#038;p=9311"},"modified":"2023-05-09T18:41:10","modified_gmt":"2023-05-09T16:41:10","slug":"oskura-wp-orienta","status":"publish","type":"product","link":"https:\/\/www.sunroom.it\/fr\/produit\/oskura-wp-orienta\/","title":{"rendered":"Oskura Orienta"},"content":{"rendered":"<p>Cette <strong>pergola bioclimatique et munie de lames orientables<\/strong> apporte un confort et une polyvalence maximum pour vous permettre de savourer le luxe d&rsquo;habiter au c\u0153ur de la nature.<\/p>\n<p>Gr\u00e2ce \u00e0 son <strong>syst\u00e8me brise-soleil<\/strong>, Oskura Orienta peut <strong>moduler la lumi\u00e8re du soleil et la chaleur<\/strong> en fonction de la saison et des besoins, en cr\u00e9ant un <strong>bioclimat<\/strong> <strong>int\u00e9rieur id\u00e9al<\/strong>. Si vous d\u00e9sirez une r\u00e9alisation pouvant s&rsquo;ins\u00e9rer de fa\u00e7on \u00e9quilibr\u00e9e dans le contexte naturel, Oskura Orienta est la solution qu&rsquo;il vous faut, dans la mesure o\u00f9 son architecture intelligente cr\u00e9e une oasis au c\u0153ur de la nature et red\u00e9finit ses espaces pour vous offrir <strong>bien-\u00eatre et confort en toutes saisons.<\/strong><\/p>\n<p>Vous pouvez <strong>personnaliser<\/strong> votre pergola bioclimatique avec <strong>un \u00e9clairage \u00e0 DEL<\/strong>, des <strong>fermetures p\u00e9rim\u00e9triques<\/strong> <strong>en vitrage<\/strong> ou des <strong>capteurs climatiques<\/strong>. Id\u00e9ale pour votre jardin, votre terrasse ou pour profiter de n\u2019importe quel type de dehors, Oskura est disponible en deux versions selon les dimensions de la toiture.<\/p>\n<p>&nbsp;<\/p>\n","protected":false},"excerpt":{"rendered":"<p>Cette pergola bioclimatique et munie de lames orientables apporte un confort et une polyvalence maximum pour vous permettre de savourer le luxe d&rsquo;habiter au c\u0153ur de la nature. Gr\u00e2ce \u00e0 son syst\u00e8me brise-soleil, Oskura Orienta peut moduler la lumi\u00e8re du soleil et la chaleur en fonction de la saison et des besoins, en cr\u00e9ant unLeggi di pi\u00f9<\/p>\n","protected":false},"featured_media":9391,"comment_status":"closed","ping_status":"closed","template":"","meta":{"_acf_changed":false},"product_brand":[],"product_cat":[143,136],"product_tag":[],"class_list":{"0":"post-9311","1":"product","2":"type-product","3":"status-publish","4":"has-post-thumbnail","6":"product_cat-pergolas-bioclimatiques","7":"product_cat-prodotti-fr","9":"first","10":"instock","11":"product-type-simple"},"acf":[],"yoast_head":"<!-- This site is optimized with the Yoast SEO plugin v27.1 - https:\/\/yoast.com\/product\/yoast-seo-wordpress\/ -->\n<title>Oskura Orienta - Sunroom<\/title>\n<meta name=\"robots\" content=\"index, follow, max-snippet:-1, max-image-preview:large, max-video-preview:-1\" \/>\n<link rel=\"canonical\" href=\"https:\/\/www.sunroom.it\/it\/produit\/oskura-wp-orienta\/\" \/>\n<meta property=\"og:locale\" content=\"fr_FR\" \/>\n<meta property=\"og:type\" content=\"article\" \/>\n<meta property=\"og:title\" content=\"Oskura Orienta - Sunroom\" \/>\n<meta property=\"og:description\" content=\"Cette pergola bioclimatique et munie de lames orientables apporte un confort et une polyvalence maximum pour vous permettre de savourer le luxe d&rsquo;habiter au c\u0153ur de la nature. Gr\u00e2ce \u00e0 son syst\u00e8me brise-soleil, Oskura Orienta peut moduler la lumi\u00e8re du soleil et la chaleur en fonction de la saison et des besoins, en cr\u00e9ant unLeggi di pi\u00f9\" \/>\n<meta property=\"og:url\" content=\"https:\/\/www.sunroom.it\/it\/produit\/oskura-wp-orienta\/\" \/>\n<meta property=\"og:site_name\" content=\"Sunroom\" \/>\n<meta property=\"article:modified_time\" content=\"2023-05-09T16:41:10+00:00\" \/>\n<meta property=\"og:image\" content=\"https:\/\/www.sunroom.it\/wp-content\/uploads\/2021\/09\/OSKURA-Orienta-A4_web_prodotto2.jpg\" \/>\n\t<meta property=\"og:image:width\" content=\"960\" \/>\n\t<meta property=\"og:image:height\" content=\"760\" \/>\n\t<meta property=\"og:image:type\" content=\"image\/jpeg\" \/>\n<meta name=\"twitter:card\" content=\"summary_large_image\" \/>\n<meta name=\"twitter:label1\" content=\"Dur\u00e9e de lecture estim\u00e9e\" \/>\n\t<meta name=\"twitter:data1\" content=\"1 minute\" \/>\n<script type=\"application\/ld+json\" class=\"yoast-schema-graph\">{\"@context\":\"https:\/\/schema.org\",\"@graph\":[{\"@type\":\"WebPage\",\"@id\":\"https:\/\/www.sunroom.it\/it\/produit\/oskura-wp-orienta\/\",\"url\":\"https:\/\/www.sunroom.it\/it\/produit\/oskura-wp-orienta\/\",\"name\":\"Oskura Orienta - Sunroom\",\"isPartOf\":{\"@id\":\"https:\/\/www.sunroom.it\/it\/#website\"},\"primaryImageOfPage\":{\"@id\":\"https:\/\/www.sunroom.it\/it\/produit\/oskura-wp-orienta\/#primaryimage\"},\"image\":{\"@id\":\"https:\/\/www.sunroom.it\/it\/produit\/oskura-wp-orienta\/#primaryimage\"},\"thumbnailUrl\":\"https:\/\/www.sunroom.it\/wp-content\/uploads\/2021\/09\/OSKURA-Orienta-A4_web_prodotto2.jpg\",\"datePublished\":\"2021-09-20T07:54:11+00:00\",\"dateModified\":\"2023-05-09T16:41:10+00:00\",\"breadcrumb\":{\"@id\":\"https:\/\/www.sunroom.it\/it\/produit\/oskura-wp-orienta\/#breadcrumb\"},\"inLanguage\":\"fr-FR\",\"potentialAction\":[{\"@type\":\"ReadAction\",\"target\":[\"https:\/\/www.sunroom.it\/it\/produit\/oskura-wp-orienta\/\"]}]},{\"@type\":\"ImageObject\",\"inLanguage\":\"fr-FR\",\"@id\":\"https:\/\/www.sunroom.it\/it\/produit\/oskura-wp-orienta\/#primaryimage\",\"url\":\"https:\/\/www.sunroom.it\/wp-content\/uploads\/2021\/09\/OSKURA-Orienta-A4_web_prodotto2.jpg\",\"contentUrl\":\"https:\/\/www.sunroom.it\/wp-content\/uploads\/2021\/09\/OSKURA-Orienta-A4_web_prodotto2.jpg\",\"width\":960,\"height\":760},{\"@type\":\"BreadcrumbList\",\"@id\":\"https:\/\/www.sunroom.it\/it\/produit\/oskura-wp-orienta\/#breadcrumb\",\"itemListElement\":[{\"@type\":\"ListItem\",\"position\":1,\"name\":\"Home\",\"item\":\"https:\/\/www.sunroom.it\/fr\/\"},{\"@type\":\"ListItem\",\"position\":2,\"name\":\"Boutique\",\"item\":\"https:\/\/www.sunroom.it\/fr\/boutique\/\"},{\"@type\":\"ListItem\",\"position\":3,\"name\":\"Oskura Orienta\"}]},{\"@type\":\"WebSite\",\"@id\":\"https:\/\/www.sunroom.it\/it\/#website\",\"url\":\"https:\/\/www.sunroom.it\/it\/\",\"name\":\"Sunroom\",\"description\":\"Sunroom\",\"publisher\":{\"@id\":\"https:\/\/www.sunroom.it\/it\/#organization\"},\"potentialAction\":[{\"@type\":\"SearchAction\",\"target\":{\"@type\":\"EntryPoint\",\"urlTemplate\":\"https:\/\/www.sunroom.it\/it\/?s={search_term_string}\"},\"query-input\":{\"@type\":\"PropertyValueSpecification\",\"valueRequired\":true,\"valueName\":\"search_term_string\"}}],\"inLanguage\":\"fr-FR\"},{\"@type\":\"Organization\",\"@id\":\"https:\/\/www.sunroom.it\/it\/#organization\",\"name\":\"Sunroom\",\"url\":\"https:\/\/www.sunroom.it\/it\/\",\"logo\":{\"@type\":\"ImageObject\",\"inLanguage\":\"fr-FR\",\"@id\":\"https:\/\/www.sunroom.it\/it\/#\/schema\/logo\/image\/\",\"url\":\"https:\/\/www.sunroom.it\/wp-content\/uploads\/2021\/07\/sunroom_260x70px.png\",\"contentUrl\":\"https:\/\/www.sunroom.it\/wp-content\/uploads\/2021\/07\/sunroom_260x70px.png\",\"width\":260,\"height\":70,\"caption\":\"Sunroom\"},\"image\":{\"@id\":\"https:\/\/www.sunroom.it\/it\/#\/schema\/logo\/image\/\"}}]}<\/script>\n<!-- \/ Yoast SEO plugin. -->","yoast_head_json":{"title":"Oskura Orienta - Sunroom","robots":{"index":"index","follow":"follow","max-snippet":"max-snippet:-1","max-image-preview":"max-image-preview:large","max-video-preview":"max-video-preview:-1"},"canonical":"https:\/\/www.sunroom.it\/it\/produit\/oskura-wp-orienta\/","og_locale":"fr_FR","og_type":"article","og_title":"Oskura Orienta - Sunroom","og_description":"Cette pergola bioclimatique et munie de lames orientables apporte un confort et une polyvalence maximum pour vous permettre de savourer le luxe d&rsquo;habiter au c\u0153ur de la nature. Gr\u00e2ce \u00e0 son syst\u00e8me brise-soleil, Oskura Orienta peut moduler la lumi\u00e8re du soleil et la chaleur en fonction de la saison et des besoins, en cr\u00e9ant unLeggi di pi\u00f9","og_url":"https:\/\/www.sunroom.it\/it\/produit\/oskura-wp-orienta\/","og_site_name":"Sunroom","article_modified_time":"2023-05-09T16:41:10+00:00","og_image":[{"width":960,"height":760,"url":"https:\/\/www.sunroom.it\/wp-content\/uploads\/2021\/09\/OSKURA-Orienta-A4_web_prodotto2.jpg","type":"image\/jpeg"}],"twitter_card":"summary_large_image","twitter_misc":{"Dur\u00e9e de lecture estim\u00e9e":"1 minute"},"schema":{"@context":"https:\/\/schema.org","@graph":[{"@type":"WebPage","@id":"https:\/\/www.sunroom.it\/it\/produit\/oskura-wp-orienta\/","url":"https:\/\/www.sunroom.it\/it\/produit\/oskura-wp-orienta\/","name":"Oskura Orienta - Sunroom","isPartOf":{"@id":"https:\/\/www.sunroom.it\/it\/#website"},"primaryImageOfPage":{"@id":"https:\/\/www.sunroom.it\/it\/produit\/oskura-wp-orienta\/#primaryimage"},"image":{"@id":"https:\/\/www.sunroom.it\/it\/produit\/oskura-wp-orienta\/#primaryimage"},"thumbnailUrl":"https:\/\/www.sunroom.it\/wp-content\/uploads\/2021\/09\/OSKURA-Orienta-A4_web_prodotto2.jpg","datePublished":"2021-09-20T07:54:11+00:00","dateModified":"2023-05-09T16:41:10+00:00","breadcrumb":{"@id":"https:\/\/www.sunroom.it\/it\/produit\/oskura-wp-orienta\/#breadcrumb"},"inLanguage":"fr-FR","potentialAction":[{"@type":"ReadAction","target":["https:\/\/www.sunroom.it\/it\/produit\/oskura-wp-orienta\/"]}]},{"@type":"ImageObject","inLanguage":"fr-FR","@id":"https:\/\/www.sunroom.it\/it\/produit\/oskura-wp-orienta\/#primaryimage","url":"https:\/\/www.sunroom.it\/wp-content\/uploads\/2021\/09\/OSKURA-Orienta-A4_web_prodotto2.jpg","contentUrl":"https:\/\/www.sunroom.it\/wp-content\/uploads\/2021\/09\/OSKURA-Orienta-A4_web_prodotto2.jpg","width":960,"height":760},{"@type":"BreadcrumbList","@id":"https:\/\/www.sunroom.it\/it\/produit\/oskura-wp-orienta\/#breadcrumb","itemListElement":[{"@type":"ListItem","position":1,"name":"Home","item":"https:\/\/www.sunroom.it\/fr\/"},{"@type":"ListItem","position":2,"name":"Boutique","item":"https:\/\/www.sunroom.it\/fr\/boutique\/"},{"@type":"ListItem","position":3,"name":"Oskura Orienta"}]},{"@type":"WebSite","@id":"https:\/\/www.sunroom.it\/it\/#website","url":"https:\/\/www.sunroom.it\/it\/","name":"Sunroom","description":"Sunroom","publisher":{"@id":"https:\/\/www.sunroom.it\/it\/#organization"},"potentialAction":[{"@type":"SearchAction","target":{"@type":"EntryPoint","urlTemplate":"https:\/\/www.sunroom.it\/it\/?s={search_term_string}"},"query-input":{"@type":"PropertyValueSpecification","valueRequired":true,"valueName":"search_term_string"}}],"inLanguage":"fr-FR"},{"@type":"Organization","@id":"https:\/\/www.sunroom.it\/it\/#organization","name":"Sunroom","url":"https:\/\/www.sunroom.it\/it\/","logo":{"@type":"ImageObject","inLanguage":"fr-FR","@id":"https:\/\/www.sunroom.it\/it\/#\/schema\/logo\/image\/","url":"https:\/\/www.sunroom.it\/wp-content\/uploads\/2021\/07\/sunroom_260x70px.png","contentUrl":"https:\/\/www.sunroom.it\/wp-content\/uploads\/2021\/07\/sunroom_260x70px.png","width":260,"height":70,"caption":"Sunroom"},"image":{"@id":"https:\/\/www.sunroom.it\/it\/#\/schema\/logo\/image\/"}}]}},"_links":{"self":[{"href":"https:\/\/www.sunroom.it\/fr\/wp-json\/wp\/v2\/product\/9311","targetHints":{"allow":["GET"]}}],"collection":[{"href":"https:\/\/www.sunroom.it\/fr\/wp-json\/wp\/v2\/product"}],"about":[{"href":"https:\/\/www.sunroom.it\/fr\/wp-json\/wp\/v2\/types\/product"}],"replies":[{"embeddable":true,"href":"https:\/\/www.sunroom.it\/fr\/wp-json\/wp\/v2\/comments?post=9311"}],"wp:featuredmedia":[{"embeddable":true,"href":"https:\/\/www.sunroom.it\/fr\/wp-json\/wp\/v2\/media\/9391"}],"wp:attachment":[{"href":"https:\/\/www.sunroom.it\/fr\/wp-json\/wp\/v2\/media?parent=9311"}],"wp:term":[{"taxonomy":"product_brand","embeddable":true,"href":"https:\/\/www.sunroom.it\/fr\/wp-json\/wp\/v2\/product_brand?post=9311"},{"taxonomy":"product_cat","embeddable":true,"href":"https:\/\/www.sunroom.it\/fr\/wp-json\/wp\/v2\/product_cat?post=9311"},{"taxonomy":"product_tag","embeddable":true,"href":"https:\/\/www.sunroom.it\/fr\/wp-json\/wp\/v2\/product_tag?post=9311"}],"curies":[{"name":"wp","href":"https:\/\/api.w.org\/{rel}","templated":true}]}}