{"id":8913,"date":"2021-06-15T18:21:07","date_gmt":"2021-06-15T16:21:07","guid":{"rendered":"https:\/\/www.sunroom.it\/prodotto\/modello-x-4-env-1627-classe-2\/"},"modified":"2021-07-19T16:39:10","modified_gmt":"2021-07-19T14:39:10","slug":"modello-x-4-env-1627-classe-2","status":"publish","type":"product","link":"https:\/\/www.sunroom.it\/fr\/produit\/modello-x-4-env-1627-classe-2\/","title":{"rendered":"Mod\u00e8le X.4"},"content":{"rendered":"<h4>\u00a0(ENV 1627 &#8211; CLASSER 2)<\/h4>\n<p>La grille de s\u00e9curit\u00e9 repliable PR\u00c6SIDIUM\u00ae est un projet n\u00e9 pour r\u00e9pondre \u00e0 des exigences particuli\u00e8res, visant l\u2019introduction d\u2019importantes innovations dans le secteur de la s\u00e9curit\u00e9 pour portes et fen\u00eatres:<\/p>\n<ul>\n<li><strong>S\u00e9curit\u00e9:<\/strong><br \/>\nbarri\u00e8re anti-effraction valable pour portes, fen\u00eatres et vitrines de magasins<\/li>\n<li><strong>Fonctionnalit\u00e9:<\/strong><br \/>\ns\u00fbre et facile \u00e0 man\u0153uvrer en phase d\u2019ouverture ou de fermeture<\/li>\n<li><strong>Essentialit\u00e9:<\/strong><br \/>\nstructure essentielle pour r\u00e9duire au minimum tout obstacle visuel pour le regard<\/li>\n<li><strong>Adaptation:<\/strong><br \/>\nstructure rationnelle et \u00e9l\u00e9gante, s\u2019adaptant ais\u00e9ment aux diff\u00e9rents styles architecturaux.<\/li>\n<\/ul>\n<p>La grille PR\u00c6SIDIUM\u00ae est la solution pour prot\u00e9ger les portes, les fen\u00eatres et les vitrines de magasins avec<strong>\u00a0un maximum de s\u00e9curit\u00e9, de discr\u00e9tion et de fonctionnalit\u00e9<\/strong>: compl\u00e8tement ouvrable, elle se replie facilement en paquet sur un ou deux c\u00f4t\u00e9s, laissant l\u2019embrasure compl\u00e8tement libre. Pour garantir toute tranquillit\u00e9 et toute s\u00e9curit\u00e9, elle se ferme en un instant gr\u00e2ce \u00e0\u00a0<strong>un syst\u00e8me coulissant brevet\u00e9<\/strong>et \u00e0\u00a0<strong>une serrure sp\u00e9ciale bloquant les vantaux en trois points.<\/strong><\/p>\n<p>BREVET EUROPEEN N\u00b0 557 254<\/p>\n<p>Pour obtenir la r\u00e9sistance au cisaillement et au crochetage, les profil\u00e9s ont \u00e9t\u00e9 int\u00e9rieurement blind\u00e9s par des ronds pivotants en acier zingu\u00e9. Les leviers horizontaux sont en acier carbonitrur\u00e9 (anti-cisaillement), zingu\u00e9s et rev\u00eatus de poudres polyester, le tout garantissant leur inalt\u00e9rabilit\u00e9 face \u00e0 des agents corrosifs (Certificat); ils sont reli\u00e9s entre eux par des tiges m\u00e9talliques fa\u00e7onn\u00e9es et inoxydables.<\/p>\n<p>L&rsquo;encombrement tr\u00e8s r\u00e9duit en profondeur permet l\u2019installation de la grille en pr\u00e9sence de tout type de menuiserie et de persienne.<\/p>\n<p>Gr\u00e2ce \u00e0 la dimension r\u00e9duite du paquet, la grille peut dispara\u00eetre \u00e0 l\u2019int\u00e9rieur d\u2019un petit caisson log\u00e9 dans la ma\u00e7onnerie.<\/p>\n<p>Dans les teintes de s\u00e9rie, les leviers de raccordement obliques de toutes les grilles de s\u00e9curit\u00e9 Praesidium pr\u00e9sentent une teinte ton sur ton avec la structure de la grille. Sur demande, les leviers de raccordement peuvent \u00eatre fournis en acier inox (particuli\u00e8rement adapt\u00e9s \u00e0 des zones de haute concentration saline).<\/p>\n<p><strong>Mod\u00e8le X.4 (ENV 1627 &#8211; CLASSER 2)<\/strong><\/p>\n<p><strong>Profondeur du ch\u00e2ssis<\/strong>\u00a045 mm<br \/>\n<strong>Ronds pivotants<\/strong>\u00a0\u00d8 6 mm<br \/>\n<strong>Serrure avec traitement anticorrosion<\/strong><br \/>\n<strong>Cylindre de s\u00e9curit\u00e9 anti-per\u00e7age<\/strong><br \/>\n<strong>Leviers crois\u00e9s<\/strong><\/p>\n","protected":false},"excerpt":{"rendered":"<p>\u00a0(ENV 1627 &#8211; CLASSER 2) La grille de s\u00e9curit\u00e9 repliable PR\u00c6SIDIUM\u00ae est un projet n\u00e9 pour r\u00e9pondre \u00e0 des exigences particuli\u00e8res, visant l\u2019introduction d\u2019importantes innovations dans le secteur de la s\u00e9curit\u00e9 pour portes et fen\u00eatres: S\u00e9curit\u00e9: barri\u00e8re anti-effraction valable pour portes, fen\u00eatres et vitrines de magasins Fonctionnalit\u00e9: s\u00fbre et facile \u00e0 man\u0153uvrer en phase d\u2019ouvertureLeggi di pi\u00f9<\/p>\n","protected":false},"featured_media":8776,"comment_status":"closed","ping_status":"closed","template":"","meta":{"_acf_changed":false},"product_brand":[],"product_cat":[335],"product_tag":[],"class_list":{"0":"post-8913","1":"product","2":"type-product","3":"status-publish","4":"has-post-thumbnail","6":"product_cat-praesidium-fr","8":"first","9":"instock","10":"shipping-taxable","11":"product-type-simple"},"acf":[],"yoast_head":"<!-- This site is optimized with the Yoast SEO plugin v27.1 - https:\/\/yoast.com\/product\/yoast-seo-wordpress\/ -->\n<title>Mod\u00e8le X.4 - Sunroom<\/title>\n<meta name=\"robots\" content=\"index, follow, max-snippet:-1, max-image-preview:large, max-video-preview:-1\" \/>\n<link rel=\"canonical\" href=\"https:\/\/www.sunroom.it\/it\/produit\/modello-x-4-env-1627-classe-2\/\" \/>\n<meta property=\"og:locale\" content=\"fr_FR\" \/>\n<meta property=\"og:type\" content=\"article\" \/>\n<meta property=\"og:title\" content=\"Mod\u00e8le X.4 - Sunroom\" \/>\n<meta property=\"og:description\" content=\"\u00a0(ENV 1627 &#8211; CLASSER 2) La grille de s\u00e9curit\u00e9 repliable PR\u00c6SIDIUM\u00ae est un projet n\u00e9 pour r\u00e9pondre \u00e0 des exigences particuli\u00e8res, visant l\u2019introduction d\u2019importantes innovations dans le secteur de la s\u00e9curit\u00e9 pour portes et fen\u00eatres: S\u00e9curit\u00e9: barri\u00e8re anti-effraction valable pour portes, fen\u00eatres et vitrines de magasins Fonctionnalit\u00e9: s\u00fbre et facile \u00e0 man\u0153uvrer en phase d\u2019ouvertureLeggi di pi\u00f9\" \/>\n<meta property=\"og:url\" content=\"https:\/\/www.sunroom.it\/it\/produit\/modello-x-4-env-1627-classe-2\/\" \/>\n<meta property=\"og:site_name\" content=\"Sunroom\" \/>\n<meta property=\"article:modified_time\" content=\"2021-07-19T14:39:10+00:00\" \/>\n<meta property=\"og:image\" content=\"https:\/\/www.sunroom.it\/wp-content\/uploads\/2021\/06\/X4.ANTEPRIMA3.jpg\" \/>\n\t<meta property=\"og:image:width\" content=\"960\" \/>\n\t<meta property=\"og:image:height\" content=\"760\" \/>\n\t<meta property=\"og:image:type\" content=\"image\/jpeg\" \/>\n<meta name=\"twitter:card\" content=\"summary_large_image\" \/>\n<meta name=\"twitter:label1\" content=\"Dur\u00e9e de lecture estim\u00e9e\" \/>\n\t<meta name=\"twitter:data1\" content=\"2 minutes\" \/>\n<script type=\"application\/ld+json\" class=\"yoast-schema-graph\">{\"@context\":\"https:\/\/schema.org\",\"@graph\":[{\"@type\":\"WebPage\",\"@id\":\"https:\/\/www.sunroom.it\/it\/produit\/modello-x-4-env-1627-classe-2\/\",\"url\":\"https:\/\/www.sunroom.it\/it\/produit\/modello-x-4-env-1627-classe-2\/\",\"name\":\"Mod\u00e8le X.4 - Sunroom\",\"isPartOf\":{\"@id\":\"https:\/\/www.sunroom.it\/it\/#website\"},\"primaryImageOfPage\":{\"@id\":\"https:\/\/www.sunroom.it\/it\/produit\/modello-x-4-env-1627-classe-2\/#primaryimage\"},\"image\":{\"@id\":\"https:\/\/www.sunroom.it\/it\/produit\/modello-x-4-env-1627-classe-2\/#primaryimage\"},\"thumbnailUrl\":\"https:\/\/www.sunroom.it\/wp-content\/uploads\/2021\/06\/X4.ANTEPRIMA3.jpg\",\"datePublished\":\"2021-06-15T16:21:07+00:00\",\"dateModified\":\"2021-07-19T14:39:10+00:00\",\"breadcrumb\":{\"@id\":\"https:\/\/www.sunroom.it\/it\/produit\/modello-x-4-env-1627-classe-2\/#breadcrumb\"},\"inLanguage\":\"fr-FR\",\"potentialAction\":[{\"@type\":\"ReadAction\",\"target\":[\"https:\/\/www.sunroom.it\/it\/produit\/modello-x-4-env-1627-classe-2\/\"]}]},{\"@type\":\"ImageObject\",\"inLanguage\":\"fr-FR\",\"@id\":\"https:\/\/www.sunroom.it\/it\/produit\/modello-x-4-env-1627-classe-2\/#primaryimage\",\"url\":\"https:\/\/www.sunroom.it\/wp-content\/uploads\/2021\/06\/X4.ANTEPRIMA3.jpg\",\"contentUrl\":\"https:\/\/www.sunroom.it\/wp-content\/uploads\/2021\/06\/X4.ANTEPRIMA3.jpg\",\"width\":960,\"height\":760},{\"@type\":\"BreadcrumbList\",\"@id\":\"https:\/\/www.sunroom.it\/it\/produit\/modello-x-4-env-1627-classe-2\/#breadcrumb\",\"itemListElement\":[{\"@type\":\"ListItem\",\"position\":1,\"name\":\"Home\",\"item\":\"https:\/\/www.sunroom.it\/fr\/\"},{\"@type\":\"ListItem\",\"position\":2,\"name\":\"Boutique\",\"item\":\"https:\/\/www.sunroom.it\/fr\/boutique\/\"},{\"@type\":\"ListItem\",\"position\":3,\"name\":\"Mod\u00e8le X.4\"}]},{\"@type\":\"WebSite\",\"@id\":\"https:\/\/www.sunroom.it\/it\/#website\",\"url\":\"https:\/\/www.sunroom.it\/it\/\",\"name\":\"Sunroom\",\"description\":\"Sunroom\",\"publisher\":{\"@id\":\"https:\/\/www.sunroom.it\/it\/#organization\"},\"potentialAction\":[{\"@type\":\"SearchAction\",\"target\":{\"@type\":\"EntryPoint\",\"urlTemplate\":\"https:\/\/www.sunroom.it\/it\/?s={search_term_string}\"},\"query-input\":{\"@type\":\"PropertyValueSpecification\",\"valueRequired\":true,\"valueName\":\"search_term_string\"}}],\"inLanguage\":\"fr-FR\"},{\"@type\":\"Organization\",\"@id\":\"https:\/\/www.sunroom.it\/it\/#organization\",\"name\":\"Sunroom\",\"url\":\"https:\/\/www.sunroom.it\/it\/\",\"logo\":{\"@type\":\"ImageObject\",\"inLanguage\":\"fr-FR\",\"@id\":\"https:\/\/www.sunroom.it\/it\/#\/schema\/logo\/image\/\",\"url\":\"https:\/\/www.sunroom.it\/wp-content\/uploads\/2021\/07\/sunroom_260x70px.png\",\"contentUrl\":\"https:\/\/www.sunroom.it\/wp-content\/uploads\/2021\/07\/sunroom_260x70px.png\",\"width\":260,\"height\":70,\"caption\":\"Sunroom\"},\"image\":{\"@id\":\"https:\/\/www.sunroom.it\/it\/#\/schema\/logo\/image\/\"}}]}<\/script>\n<!-- \/ Yoast SEO plugin. -->","yoast_head_json":{"title":"Mod\u00e8le X.4 - Sunroom","robots":{"index":"index","follow":"follow","max-snippet":"max-snippet:-1","max-image-preview":"max-image-preview:large","max-video-preview":"max-video-preview:-1"},"canonical":"https:\/\/www.sunroom.it\/it\/produit\/modello-x-4-env-1627-classe-2\/","og_locale":"fr_FR","og_type":"article","og_title":"Mod\u00e8le X.4 - Sunroom","og_description":"\u00a0(ENV 1627 &#8211; CLASSER 2) La grille de s\u00e9curit\u00e9 repliable PR\u00c6SIDIUM\u00ae est un projet n\u00e9 pour r\u00e9pondre \u00e0 des exigences particuli\u00e8res, visant l\u2019introduction d\u2019importantes innovations dans le secteur de la s\u00e9curit\u00e9 pour portes et fen\u00eatres: S\u00e9curit\u00e9: barri\u00e8re anti-effraction valable pour portes, fen\u00eatres et vitrines de magasins Fonctionnalit\u00e9: s\u00fbre et facile \u00e0 man\u0153uvrer en phase d\u2019ouvertureLeggi di pi\u00f9","og_url":"https:\/\/www.sunroom.it\/it\/produit\/modello-x-4-env-1627-classe-2\/","og_site_name":"Sunroom","article_modified_time":"2021-07-19T14:39:10+00:00","og_image":[{"width":960,"height":760,"url":"https:\/\/www.sunroom.it\/wp-content\/uploads\/2021\/06\/X4.ANTEPRIMA3.jpg","type":"image\/jpeg"}],"twitter_card":"summary_large_image","twitter_misc":{"Dur\u00e9e de lecture estim\u00e9e":"2 minutes"},"schema":{"@context":"https:\/\/schema.org","@graph":[{"@type":"WebPage","@id":"https:\/\/www.sunroom.it\/it\/produit\/modello-x-4-env-1627-classe-2\/","url":"https:\/\/www.sunroom.it\/it\/produit\/modello-x-4-env-1627-classe-2\/","name":"Mod\u00e8le X.4 - Sunroom","isPartOf":{"@id":"https:\/\/www.sunroom.it\/it\/#website"},"primaryImageOfPage":{"@id":"https:\/\/www.sunroom.it\/it\/produit\/modello-x-4-env-1627-classe-2\/#primaryimage"},"image":{"@id":"https:\/\/www.sunroom.it\/it\/produit\/modello-x-4-env-1627-classe-2\/#primaryimage"},"thumbnailUrl":"https:\/\/www.sunroom.it\/wp-content\/uploads\/2021\/06\/X4.ANTEPRIMA3.jpg","datePublished":"2021-06-15T16:21:07+00:00","dateModified":"2021-07-19T14:39:10+00:00","breadcrumb":{"@id":"https:\/\/www.sunroom.it\/it\/produit\/modello-x-4-env-1627-classe-2\/#breadcrumb"},"inLanguage":"fr-FR","potentialAction":[{"@type":"ReadAction","target":["https:\/\/www.sunroom.it\/it\/produit\/modello-x-4-env-1627-classe-2\/"]}]},{"@type":"ImageObject","inLanguage":"fr-FR","@id":"https:\/\/www.sunroom.it\/it\/produit\/modello-x-4-env-1627-classe-2\/#primaryimage","url":"https:\/\/www.sunroom.it\/wp-content\/uploads\/2021\/06\/X4.ANTEPRIMA3.jpg","contentUrl":"https:\/\/www.sunroom.it\/wp-content\/uploads\/2021\/06\/X4.ANTEPRIMA3.jpg","width":960,"height":760},{"@type":"BreadcrumbList","@id":"https:\/\/www.sunroom.it\/it\/produit\/modello-x-4-env-1627-classe-2\/#breadcrumb","itemListElement":[{"@type":"ListItem","position":1,"name":"Home","item":"https:\/\/www.sunroom.it\/fr\/"},{"@type":"ListItem","position":2,"name":"Boutique","item":"https:\/\/www.sunroom.it\/fr\/boutique\/"},{"@type":"ListItem","position":3,"name":"Mod\u00e8le X.4"}]},{"@type":"WebSite","@id":"https:\/\/www.sunroom.it\/it\/#website","url":"https:\/\/www.sunroom.it\/it\/","name":"Sunroom","description":"Sunroom","publisher":{"@id":"https:\/\/www.sunroom.it\/it\/#organization"},"potentialAction":[{"@type":"SearchAction","target":{"@type":"EntryPoint","urlTemplate":"https:\/\/www.sunroom.it\/it\/?s={search_term_string}"},"query-input":{"@type":"PropertyValueSpecification","valueRequired":true,"valueName":"search_term_string"}}],"inLanguage":"fr-FR"},{"@type":"Organization","@id":"https:\/\/www.sunroom.it\/it\/#organization","name":"Sunroom","url":"https:\/\/www.sunroom.it\/it\/","logo":{"@type":"ImageObject","inLanguage":"fr-FR","@id":"https:\/\/www.sunroom.it\/it\/#\/schema\/logo\/image\/","url":"https:\/\/www.sunroom.it\/wp-content\/uploads\/2021\/07\/sunroom_260x70px.png","contentUrl":"https:\/\/www.sunroom.it\/wp-content\/uploads\/2021\/07\/sunroom_260x70px.png","width":260,"height":70,"caption":"Sunroom"},"image":{"@id":"https:\/\/www.sunroom.it\/it\/#\/schema\/logo\/image\/"}}]}},"_links":{"self":[{"href":"https:\/\/www.sunroom.it\/fr\/wp-json\/wp\/v2\/product\/8913","targetHints":{"allow":["GET"]}}],"collection":[{"href":"https:\/\/www.sunroom.it\/fr\/wp-json\/wp\/v2\/product"}],"about":[{"href":"https:\/\/www.sunroom.it\/fr\/wp-json\/wp\/v2\/types\/product"}],"replies":[{"embeddable":true,"href":"https:\/\/www.sunroom.it\/fr\/wp-json\/wp\/v2\/comments?post=8913"}],"wp:featuredmedia":[{"embeddable":true,"href":"https:\/\/www.sunroom.it\/fr\/wp-json\/wp\/v2\/media\/8776"}],"wp:attachment":[{"href":"https:\/\/www.sunroom.it\/fr\/wp-json\/wp\/v2\/media?parent=8913"}],"wp:term":[{"taxonomy":"product_brand","embeddable":true,"href":"https:\/\/www.sunroom.it\/fr\/wp-json\/wp\/v2\/product_brand?post=8913"},{"taxonomy":"product_cat","embeddable":true,"href":"https:\/\/www.sunroom.it\/fr\/wp-json\/wp\/v2\/product_cat?post=8913"},{"taxonomy":"product_tag","embeddable":true,"href":"https:\/\/www.sunroom.it\/fr\/wp-json\/wp\/v2\/product_tag?post=8913"}],"curies":[{"name":"wp","href":"https:\/\/api.w.org\/{rel}","templated":true}]}}