{"id":6358,"date":"2020-10-17T21:31:23","date_gmt":"2020-10-17T19:49:02","guid":{"rendered":"https:\/\/www.sunroom.it\/prodotto\/s-70\/"},"modified":"2023-05-09T18:35:09","modified_gmt":"2023-05-09T16:35:09","slug":"s-70-s-70-tt","status":"publish","type":"product","link":"https:\/\/www.sunroom.it\/fr\/produit\/s-70-s-70-tt\/","title":{"rendered":"S.70\/S.70 TT"},"content":{"rendered":"<p>Il existe des atouts importants \u00e0 consid\u00e9rer lorsque l&rsquo;on s&rsquo;appr\u00eate \u00e0 choisir une grande baie vitr\u00e9e coulissante\u00a0! Par exemple, la possibilit\u00e9 de tirer profit de la <strong>luminosit\u00e9 ext\u00e9rieure,<\/strong> conf\u00e9r\u00e9e par la <strong>lumi\u00e8re naturelle<\/strong> du soleil, ou d&rsquo;une vue \u00e9poustouflante dans le confort de votre maison. Sans oublier toutefois la <strong>stabilit\u00e9<\/strong> et la <strong>s\u00e9curit\u00e9<\/strong> que doit garantir un \u00e9l\u00e9ment aussi important pour son utilisation quotidienne.<\/p>\n<p>La baie vitr\u00e9e coulissante S.70 est con\u00e7ue avec des profil\u00e9s renforc\u00e9s lorsqu&rsquo;elle doit supporter des vantaux de grandes dimensions, pouvant s&rsquo;av\u00e9rer tr\u00e8s lourds. Son <strong>coulissement <\/strong>se fait sur <strong>des chariots \u00e0 roulements \u00e0 bille<\/strong> rev\u00eatus de mat\u00e9riel synth\u00e9tique et ayant une port\u00e9e de 150 Kg, pour chaque vantail disposant de chariots r\u00e9glables pour l&rsquo;<strong>alignement parfait<\/strong>.<\/p>\n<p>Avec son design exclusif Sunroom, la <strong>poign\u00e9e ergonomique<\/strong> est facile \u00e0 utiliser et peut \u00eatre fournie avec ou sans cl\u00e9. La baie vitr\u00e9e coulissante S. 70 est disponible en version \u00e0 rupture de pont thermique ou non isol\u00e9e, en fonction des diff\u00e9rents besoins.<\/p>\n","protected":false},"excerpt":{"rendered":"<p>Il existe des atouts importants \u00e0 consid\u00e9rer lorsque l&rsquo;on s&rsquo;appr\u00eate \u00e0 choisir une grande baie vitr\u00e9e coulissante\u00a0! Par exemple, la possibilit\u00e9 de tirer profit de la luminosit\u00e9 ext\u00e9rieure, conf\u00e9r\u00e9e par la lumi\u00e8re naturelle du soleil, ou d&rsquo;une vue \u00e9poustouflante dans le confort de votre maison. Sans oublier toutefois la stabilit\u00e9 et la s\u00e9curit\u00e9 que doitLeggi di pi\u00f9<\/p>\n","protected":false},"featured_media":1858,"comment_status":"closed","ping_status":"closed","template":"","meta":{"_acf_changed":false},"product_brand":[],"product_cat":[157,136],"product_tag":[],"class_list":{"0":"post-6358","1":"product","2":"type-product","3":"status-publish","4":"has-post-thumbnail","6":"product_cat-baies-vitrees-coulissantes","7":"product_cat-prodotti-fr","8":"cat-product-privati-vetrate-fr","9":"cat-product-privati-patio-fr","10":"cat-product-privati-privati-fr","11":"cat-product-privati-verandas","12":"cat-product-contract-bar-fr","13":"cat-product-contract-edifici-pubblici-fr","14":"cat-product-contract-contract-fr","15":"cat-product-contract-gelaterie-fr","16":"cat-product-contract-hotel-fr","18":"first","19":"instock","20":"product-type-simple"},"acf":[],"yoast_head":"<!-- This site is optimized with the Yoast SEO plugin v27.1 - https:\/\/yoast.com\/product\/yoast-seo-wordpress\/ -->\n<title>S.70\/S.70 TT - Sunroom<\/title>\n<meta name=\"robots\" content=\"index, follow, max-snippet:-1, max-image-preview:large, max-video-preview:-1\" \/>\n<link rel=\"canonical\" href=\"https:\/\/www.sunroom.it\/it\/produit\/s-70-s-70-tt\/\" \/>\n<meta property=\"og:locale\" content=\"fr_FR\" \/>\n<meta property=\"og:type\" content=\"article\" \/>\n<meta property=\"og:title\" content=\"S.70\/S.70 TT - Sunroom\" \/>\n<meta property=\"og:description\" content=\"Il existe des atouts importants \u00e0 consid\u00e9rer lorsque l&rsquo;on s&rsquo;appr\u00eate \u00e0 choisir une grande baie vitr\u00e9e coulissante\u00a0! Par exemple, la possibilit\u00e9 de tirer profit de la luminosit\u00e9 ext\u00e9rieure, conf\u00e9r\u00e9e par la lumi\u00e8re naturelle du soleil, ou d&rsquo;une vue \u00e9poustouflante dans le confort de votre maison. Sans oublier toutefois la stabilit\u00e9 et la s\u00e9curit\u00e9 que doitLeggi di pi\u00f9\" \/>\n<meta property=\"og:url\" content=\"https:\/\/www.sunroom.it\/it\/produit\/s-70-s-70-tt\/\" \/>\n<meta property=\"og:site_name\" content=\"Sunroom\" \/>\n<meta property=\"article:modified_time\" content=\"2023-05-09T16:35:09+00:00\" \/>\n<meta property=\"og:image\" content=\"https:\/\/www.sunroom.it\/wp-content\/uploads\/2020\/07\/S70TT_1500x1300_LIMBO.jpg\" \/>\n\t<meta property=\"og:image:width\" content=\"1500\" \/>\n\t<meta property=\"og:image:height\" content=\"1300\" \/>\n\t<meta property=\"og:image:type\" content=\"image\/jpeg\" \/>\n<meta name=\"twitter:card\" content=\"summary_large_image\" \/>\n<meta name=\"twitter:label1\" content=\"Dur\u00e9e de lecture estim\u00e9e\" \/>\n\t<meta name=\"twitter:data1\" content=\"1 minute\" \/>\n<script type=\"application\/ld+json\" class=\"yoast-schema-graph\">{\"@context\":\"https:\/\/schema.org\",\"@graph\":[{\"@type\":\"WebPage\",\"@id\":\"https:\/\/www.sunroom.it\/it\/produit\/s-70-s-70-tt\/\",\"url\":\"https:\/\/www.sunroom.it\/it\/produit\/s-70-s-70-tt\/\",\"name\":\"S.70\/S.70 TT - Sunroom\",\"isPartOf\":{\"@id\":\"https:\/\/www.sunroom.it\/it\/#website\"},\"primaryImageOfPage\":{\"@id\":\"https:\/\/www.sunroom.it\/it\/produit\/s-70-s-70-tt\/#primaryimage\"},\"image\":{\"@id\":\"https:\/\/www.sunroom.it\/it\/produit\/s-70-s-70-tt\/#primaryimage\"},\"thumbnailUrl\":\"https:\/\/www.sunroom.it\/wp-content\/uploads\/2020\/07\/S70TT_1500x1300_LIMBO.jpg\",\"datePublished\":\"2020-10-17T19:49:02+00:00\",\"dateModified\":\"2023-05-09T16:35:09+00:00\",\"breadcrumb\":{\"@id\":\"https:\/\/www.sunroom.it\/it\/produit\/s-70-s-70-tt\/#breadcrumb\"},\"inLanguage\":\"fr-FR\",\"potentialAction\":[{\"@type\":\"ReadAction\",\"target\":[\"https:\/\/www.sunroom.it\/it\/produit\/s-70-s-70-tt\/\"]}]},{\"@type\":\"ImageObject\",\"inLanguage\":\"fr-FR\",\"@id\":\"https:\/\/www.sunroom.it\/it\/produit\/s-70-s-70-tt\/#primaryimage\",\"url\":\"https:\/\/www.sunroom.it\/wp-content\/uploads\/2020\/07\/S70TT_1500x1300_LIMBO.jpg\",\"contentUrl\":\"https:\/\/www.sunroom.it\/wp-content\/uploads\/2020\/07\/S70TT_1500x1300_LIMBO.jpg\",\"width\":1500,\"height\":1300},{\"@type\":\"BreadcrumbList\",\"@id\":\"https:\/\/www.sunroom.it\/it\/produit\/s-70-s-70-tt\/#breadcrumb\",\"itemListElement\":[{\"@type\":\"ListItem\",\"position\":1,\"name\":\"Home\",\"item\":\"https:\/\/www.sunroom.it\/fr\/\"},{\"@type\":\"ListItem\",\"position\":2,\"name\":\"Boutique\",\"item\":\"https:\/\/www.sunroom.it\/fr\/boutique\/\"},{\"@type\":\"ListItem\",\"position\":3,\"name\":\"S.70\/S.70 TT\"}]},{\"@type\":\"WebSite\",\"@id\":\"https:\/\/www.sunroom.it\/it\/#website\",\"url\":\"https:\/\/www.sunroom.it\/it\/\",\"name\":\"Sunroom\",\"description\":\"Sunroom\",\"publisher\":{\"@id\":\"https:\/\/www.sunroom.it\/it\/#organization\"},\"potentialAction\":[{\"@type\":\"SearchAction\",\"target\":{\"@type\":\"EntryPoint\",\"urlTemplate\":\"https:\/\/www.sunroom.it\/it\/?s={search_term_string}\"},\"query-input\":{\"@type\":\"PropertyValueSpecification\",\"valueRequired\":true,\"valueName\":\"search_term_string\"}}],\"inLanguage\":\"fr-FR\"},{\"@type\":\"Organization\",\"@id\":\"https:\/\/www.sunroom.it\/it\/#organization\",\"name\":\"Sunroom\",\"url\":\"https:\/\/www.sunroom.it\/it\/\",\"logo\":{\"@type\":\"ImageObject\",\"inLanguage\":\"fr-FR\",\"@id\":\"https:\/\/www.sunroom.it\/it\/#\/schema\/logo\/image\/\",\"url\":\"https:\/\/www.sunroom.it\/wp-content\/uploads\/2021\/07\/sunroom_260x70px.png\",\"contentUrl\":\"https:\/\/www.sunroom.it\/wp-content\/uploads\/2021\/07\/sunroom_260x70px.png\",\"width\":260,\"height\":70,\"caption\":\"Sunroom\"},\"image\":{\"@id\":\"https:\/\/www.sunroom.it\/it\/#\/schema\/logo\/image\/\"}}]}<\/script>\n<!-- \/ Yoast SEO plugin. -->","yoast_head_json":{"title":"S.70\/S.70 TT - Sunroom","robots":{"index":"index","follow":"follow","max-snippet":"max-snippet:-1","max-image-preview":"max-image-preview:large","max-video-preview":"max-video-preview:-1"},"canonical":"https:\/\/www.sunroom.it\/it\/produit\/s-70-s-70-tt\/","og_locale":"fr_FR","og_type":"article","og_title":"S.70\/S.70 TT - Sunroom","og_description":"Il existe des atouts importants \u00e0 consid\u00e9rer lorsque l&rsquo;on s&rsquo;appr\u00eate \u00e0 choisir une grande baie vitr\u00e9e coulissante\u00a0! Par exemple, la possibilit\u00e9 de tirer profit de la luminosit\u00e9 ext\u00e9rieure, conf\u00e9r\u00e9e par la lumi\u00e8re naturelle du soleil, ou d&rsquo;une vue \u00e9poustouflante dans le confort de votre maison. Sans oublier toutefois la stabilit\u00e9 et la s\u00e9curit\u00e9 que doitLeggi di pi\u00f9","og_url":"https:\/\/www.sunroom.it\/it\/produit\/s-70-s-70-tt\/","og_site_name":"Sunroom","article_modified_time":"2023-05-09T16:35:09+00:00","og_image":[{"width":1500,"height":1300,"url":"https:\/\/www.sunroom.it\/wp-content\/uploads\/2020\/07\/S70TT_1500x1300_LIMBO.jpg","type":"image\/jpeg"}],"twitter_card":"summary_large_image","twitter_misc":{"Dur\u00e9e de lecture estim\u00e9e":"1 minute"},"schema":{"@context":"https:\/\/schema.org","@graph":[{"@type":"WebPage","@id":"https:\/\/www.sunroom.it\/it\/produit\/s-70-s-70-tt\/","url":"https:\/\/www.sunroom.it\/it\/produit\/s-70-s-70-tt\/","name":"S.70\/S.70 TT - Sunroom","isPartOf":{"@id":"https:\/\/www.sunroom.it\/it\/#website"},"primaryImageOfPage":{"@id":"https:\/\/www.sunroom.it\/it\/produit\/s-70-s-70-tt\/#primaryimage"},"image":{"@id":"https:\/\/www.sunroom.it\/it\/produit\/s-70-s-70-tt\/#primaryimage"},"thumbnailUrl":"https:\/\/www.sunroom.it\/wp-content\/uploads\/2020\/07\/S70TT_1500x1300_LIMBO.jpg","datePublished":"2020-10-17T19:49:02+00:00","dateModified":"2023-05-09T16:35:09+00:00","breadcrumb":{"@id":"https:\/\/www.sunroom.it\/it\/produit\/s-70-s-70-tt\/#breadcrumb"},"inLanguage":"fr-FR","potentialAction":[{"@type":"ReadAction","target":["https:\/\/www.sunroom.it\/it\/produit\/s-70-s-70-tt\/"]}]},{"@type":"ImageObject","inLanguage":"fr-FR","@id":"https:\/\/www.sunroom.it\/it\/produit\/s-70-s-70-tt\/#primaryimage","url":"https:\/\/www.sunroom.it\/wp-content\/uploads\/2020\/07\/S70TT_1500x1300_LIMBO.jpg","contentUrl":"https:\/\/www.sunroom.it\/wp-content\/uploads\/2020\/07\/S70TT_1500x1300_LIMBO.jpg","width":1500,"height":1300},{"@type":"BreadcrumbList","@id":"https:\/\/www.sunroom.it\/it\/produit\/s-70-s-70-tt\/#breadcrumb","itemListElement":[{"@type":"ListItem","position":1,"name":"Home","item":"https:\/\/www.sunroom.it\/fr\/"},{"@type":"ListItem","position":2,"name":"Boutique","item":"https:\/\/www.sunroom.it\/fr\/boutique\/"},{"@type":"ListItem","position":3,"name":"S.70\/S.70 TT"}]},{"@type":"WebSite","@id":"https:\/\/www.sunroom.it\/it\/#website","url":"https:\/\/www.sunroom.it\/it\/","name":"Sunroom","description":"Sunroom","publisher":{"@id":"https:\/\/www.sunroom.it\/it\/#organization"},"potentialAction":[{"@type":"SearchAction","target":{"@type":"EntryPoint","urlTemplate":"https:\/\/www.sunroom.it\/it\/?s={search_term_string}"},"query-input":{"@type":"PropertyValueSpecification","valueRequired":true,"valueName":"search_term_string"}}],"inLanguage":"fr-FR"},{"@type":"Organization","@id":"https:\/\/www.sunroom.it\/it\/#organization","name":"Sunroom","url":"https:\/\/www.sunroom.it\/it\/","logo":{"@type":"ImageObject","inLanguage":"fr-FR","@id":"https:\/\/www.sunroom.it\/it\/#\/schema\/logo\/image\/","url":"https:\/\/www.sunroom.it\/wp-content\/uploads\/2021\/07\/sunroom_260x70px.png","contentUrl":"https:\/\/www.sunroom.it\/wp-content\/uploads\/2021\/07\/sunroom_260x70px.png","width":260,"height":70,"caption":"Sunroom"},"image":{"@id":"https:\/\/www.sunroom.it\/it\/#\/schema\/logo\/image\/"}}]}},"_links":{"self":[{"href":"https:\/\/www.sunroom.it\/fr\/wp-json\/wp\/v2\/product\/6358","targetHints":{"allow":["GET"]}}],"collection":[{"href":"https:\/\/www.sunroom.it\/fr\/wp-json\/wp\/v2\/product"}],"about":[{"href":"https:\/\/www.sunroom.it\/fr\/wp-json\/wp\/v2\/types\/product"}],"replies":[{"embeddable":true,"href":"https:\/\/www.sunroom.it\/fr\/wp-json\/wp\/v2\/comments?post=6358"}],"wp:featuredmedia":[{"embeddable":true,"href":"https:\/\/www.sunroom.it\/fr\/wp-json\/wp\/v2\/media\/1858"}],"wp:attachment":[{"href":"https:\/\/www.sunroom.it\/fr\/wp-json\/wp\/v2\/media?parent=6358"}],"wp:term":[{"taxonomy":"product_brand","embeddable":true,"href":"https:\/\/www.sunroom.it\/fr\/wp-json\/wp\/v2\/product_brand?post=6358"},{"taxonomy":"product_cat","embeddable":true,"href":"https:\/\/www.sunroom.it\/fr\/wp-json\/wp\/v2\/product_cat?post=6358"},{"taxonomy":"product_tag","embeddable":true,"href":"https:\/\/www.sunroom.it\/fr\/wp-json\/wp\/v2\/product_tag?post=6358"}],"curies":[{"name":"wp","href":"https:\/\/api.w.org\/{rel}","templated":true}]}}