{"id":6352,"date":"2020-10-17T21:31:23","date_gmt":"2020-10-17T19:49:02","guid":{"rendered":"https:\/\/www.sunroom.it\/prodotto\/puro-tt\/"},"modified":"2023-05-09T16:14:24","modified_gmt":"2023-05-09T14:14:24","slug":"puro-tt","status":"publish","type":"product","link":"https:\/\/www.sunroom.it\/fr\/produit\/puro-tt\/","title":{"rendered":"Puro TT"},"content":{"rendered":"<p>Puro TT est le <strong>syst\u00e8me \u00e0 rupture de pont thermique pour jardins d&rsquo;hiver<\/strong> compl\u00e8tement <strong>plat,<\/strong> dot\u00e9 d&rsquo;un design moderne, caract\u00e9ristique et essentiel.<\/p>\n<p>Sa <strong>structure modulaire<\/strong> garantit de grands atouts en termes de <strong>libert\u00e9 conceptuelle<\/strong>, pour s&rsquo;adapter \u00e0 tous les types de fabrication, neuve ou existante. Le remplissage de la toiture peut varier en fonction des besoins\u00a0: des vitrages de diff\u00e9rentes \u00e9paisseurs (doubles ou triples) aux panneaux isolants, pour une <strong>personnalisation<\/strong> maximale. Il est disponible en <strong>une grande vari\u00e9t\u00e9 de dimensions et configurations<\/strong>\u00a0: \u00e0 plan carr\u00e9 ou rectangulaire, avec diff\u00e9rentes fa\u00e7ades ou finitions et de toutes les couleurs que vous d\u00e9sirez.<\/p>\n<p>Puro est enti\u00e8rement fabriqu\u00e9 en <strong>aluminium <\/strong>et<strong> verre\u00a0<\/strong>: deux mat\u00e9riaux naturels et hautement r\u00e9sistants aux signes du temps, pour offrir une harmonie esth\u00e9tique et fonctionnelle. Afin de pouvoir profiter du jardin d&rsquo;hiver Puro TT toute l&rsquo;ann\u00e9e, il est fondamental d&rsquo;utiliser des <strong>fermetures p\u00e9rim\u00e9triques pr\u00e9vues sur mesure<\/strong> et con\u00e7ues pour fournir un produit complet de tr\u00e8s haute qualit\u00e9. L&rsquo;<strong>\u00e9clairage \u00e0 Del int\u00e9gr\u00e9 <\/strong>peut cr\u00e9er de nombreux d\u00e9cors favorisant la d\u00e9tente et rendant l&rsquo;atmosph\u00e8re accueillante.<\/p>\n<p>&nbsp;<\/p>\n","protected":false},"excerpt":{"rendered":"<p>Puro TT est le syst\u00e8me \u00e0 rupture de pont thermique pour jardins d&rsquo;hiver compl\u00e8tement plat, dot\u00e9 d&rsquo;un design moderne, caract\u00e9ristique et essentiel. Sa structure modulaire garantit de grands atouts en termes de libert\u00e9 conceptuelle, pour s&rsquo;adapter \u00e0 tous les types de fabrication, neuve ou existante. Le remplissage de la toiture peut varier en fonction desLeggi di pi\u00f9<\/p>\n","protected":false},"featured_media":1638,"comment_status":"closed","ping_status":"closed","template":"","meta":{"_acf_changed":false},"product_brand":[],"product_cat":[241,136],"product_tag":[],"class_list":{"0":"post-6352","1":"product","2":"type-product","3":"status-publish","4":"has-post-thumbnail","6":"product_cat-jardins-dhiver","7":"product_cat-prodotti-fr","8":"cat-product-privati-giardino-e-piscina-fr","9":"cat-product-privati-privati-fr","10":"cat-product-privati-verandas","11":"cat-product-contract-edifici-pubblici-fr","12":"cat-product-contract-contract-fr","13":"cat-product-contract-hotel-fr","15":"first","16":"instock","17":"product-type-simple"},"acf":[],"yoast_head":"<!-- This site is optimized with the Yoast SEO plugin v27.1 - https:\/\/yoast.com\/product\/yoast-seo-wordpress\/ -->\n<title>Puro TT - Sunroom<\/title>\n<meta name=\"robots\" content=\"index, follow, max-snippet:-1, max-image-preview:large, max-video-preview:-1\" \/>\n<link rel=\"canonical\" href=\"https:\/\/www.sunroom.it\/it\/produit\/puro-tt\/\" \/>\n<meta property=\"og:locale\" content=\"fr_FR\" \/>\n<meta property=\"og:type\" content=\"article\" \/>\n<meta property=\"og:title\" content=\"Puro TT - Sunroom\" \/>\n<meta property=\"og:description\" content=\"Puro TT est le syst\u00e8me \u00e0 rupture de pont thermique pour jardins d&rsquo;hiver compl\u00e8tement plat, dot\u00e9 d&rsquo;un design moderne, caract\u00e9ristique et essentiel. Sa structure modulaire garantit de grands atouts en termes de libert\u00e9 conceptuelle, pour s&rsquo;adapter \u00e0 tous les types de fabrication, neuve ou existante. Le remplissage de la toiture peut varier en fonction desLeggi di pi\u00f9\" \/>\n<meta property=\"og:url\" content=\"https:\/\/www.sunroom.it\/it\/produit\/puro-tt\/\" \/>\n<meta property=\"og:site_name\" content=\"Sunroom\" \/>\n<meta property=\"article:modified_time\" content=\"2023-05-09T14:14:24+00:00\" \/>\n<meta property=\"og:image\" content=\"https:\/\/www.sunroom.it\/wp-content\/uploads\/2020\/07\/PUROTT_1500x1300_LIMBO.jpg\" \/>\n\t<meta property=\"og:image:width\" content=\"1500\" \/>\n\t<meta property=\"og:image:height\" content=\"1300\" \/>\n\t<meta property=\"og:image:type\" content=\"image\/jpeg\" \/>\n<meta name=\"twitter:card\" content=\"summary_large_image\" \/>\n<meta name=\"twitter:label1\" content=\"Dur\u00e9e de lecture estim\u00e9e\" \/>\n\t<meta name=\"twitter:data1\" content=\"1 minute\" \/>\n<script type=\"application\/ld+json\" class=\"yoast-schema-graph\">{\"@context\":\"https:\/\/schema.org\",\"@graph\":[{\"@type\":\"WebPage\",\"@id\":\"https:\/\/www.sunroom.it\/it\/produit\/puro-tt\/\",\"url\":\"https:\/\/www.sunroom.it\/it\/produit\/puro-tt\/\",\"name\":\"Puro TT - Sunroom\",\"isPartOf\":{\"@id\":\"https:\/\/www.sunroom.it\/it\/#website\"},\"primaryImageOfPage\":{\"@id\":\"https:\/\/www.sunroom.it\/it\/produit\/puro-tt\/#primaryimage\"},\"image\":{\"@id\":\"https:\/\/www.sunroom.it\/it\/produit\/puro-tt\/#primaryimage\"},\"thumbnailUrl\":\"https:\/\/www.sunroom.it\/wp-content\/uploads\/2020\/07\/PUROTT_1500x1300_LIMBO.jpg\",\"datePublished\":\"2020-10-17T19:49:02+00:00\",\"dateModified\":\"2023-05-09T14:14:24+00:00\",\"breadcrumb\":{\"@id\":\"https:\/\/www.sunroom.it\/it\/produit\/puro-tt\/#breadcrumb\"},\"inLanguage\":\"fr-FR\",\"potentialAction\":[{\"@type\":\"ReadAction\",\"target\":[\"https:\/\/www.sunroom.it\/it\/produit\/puro-tt\/\"]}]},{\"@type\":\"ImageObject\",\"inLanguage\":\"fr-FR\",\"@id\":\"https:\/\/www.sunroom.it\/it\/produit\/puro-tt\/#primaryimage\",\"url\":\"https:\/\/www.sunroom.it\/wp-content\/uploads\/2020\/07\/PUROTT_1500x1300_LIMBO.jpg\",\"contentUrl\":\"https:\/\/www.sunroom.it\/wp-content\/uploads\/2020\/07\/PUROTT_1500x1300_LIMBO.jpg\",\"width\":1500,\"height\":1300},{\"@type\":\"BreadcrumbList\",\"@id\":\"https:\/\/www.sunroom.it\/it\/produit\/puro-tt\/#breadcrumb\",\"itemListElement\":[{\"@type\":\"ListItem\",\"position\":1,\"name\":\"Home\",\"item\":\"https:\/\/www.sunroom.it\/fr\/\"},{\"@type\":\"ListItem\",\"position\":2,\"name\":\"Boutique\",\"item\":\"https:\/\/www.sunroom.it\/fr\/boutique\/\"},{\"@type\":\"ListItem\",\"position\":3,\"name\":\"Puro TT\"}]},{\"@type\":\"WebSite\",\"@id\":\"https:\/\/www.sunroom.it\/it\/#website\",\"url\":\"https:\/\/www.sunroom.it\/it\/\",\"name\":\"Sunroom\",\"description\":\"Sunroom\",\"publisher\":{\"@id\":\"https:\/\/www.sunroom.it\/it\/#organization\"},\"potentialAction\":[{\"@type\":\"SearchAction\",\"target\":{\"@type\":\"EntryPoint\",\"urlTemplate\":\"https:\/\/www.sunroom.it\/it\/?s={search_term_string}\"},\"query-input\":{\"@type\":\"PropertyValueSpecification\",\"valueRequired\":true,\"valueName\":\"search_term_string\"}}],\"inLanguage\":\"fr-FR\"},{\"@type\":\"Organization\",\"@id\":\"https:\/\/www.sunroom.it\/it\/#organization\",\"name\":\"Sunroom\",\"url\":\"https:\/\/www.sunroom.it\/it\/\",\"logo\":{\"@type\":\"ImageObject\",\"inLanguage\":\"fr-FR\",\"@id\":\"https:\/\/www.sunroom.it\/it\/#\/schema\/logo\/image\/\",\"url\":\"https:\/\/www.sunroom.it\/wp-content\/uploads\/2021\/07\/sunroom_260x70px.png\",\"contentUrl\":\"https:\/\/www.sunroom.it\/wp-content\/uploads\/2021\/07\/sunroom_260x70px.png\",\"width\":260,\"height\":70,\"caption\":\"Sunroom\"},\"image\":{\"@id\":\"https:\/\/www.sunroom.it\/it\/#\/schema\/logo\/image\/\"}}]}<\/script>\n<!-- \/ Yoast SEO plugin. -->","yoast_head_json":{"title":"Puro TT - Sunroom","robots":{"index":"index","follow":"follow","max-snippet":"max-snippet:-1","max-image-preview":"max-image-preview:large","max-video-preview":"max-video-preview:-1"},"canonical":"https:\/\/www.sunroom.it\/it\/produit\/puro-tt\/","og_locale":"fr_FR","og_type":"article","og_title":"Puro TT - Sunroom","og_description":"Puro TT est le syst\u00e8me \u00e0 rupture de pont thermique pour jardins d&rsquo;hiver compl\u00e8tement plat, dot\u00e9 d&rsquo;un design moderne, caract\u00e9ristique et essentiel. Sa structure modulaire garantit de grands atouts en termes de libert\u00e9 conceptuelle, pour s&rsquo;adapter \u00e0 tous les types de fabrication, neuve ou existante. Le remplissage de la toiture peut varier en fonction desLeggi di pi\u00f9","og_url":"https:\/\/www.sunroom.it\/it\/produit\/puro-tt\/","og_site_name":"Sunroom","article_modified_time":"2023-05-09T14:14:24+00:00","og_image":[{"width":1500,"height":1300,"url":"https:\/\/www.sunroom.it\/wp-content\/uploads\/2020\/07\/PUROTT_1500x1300_LIMBO.jpg","type":"image\/jpeg"}],"twitter_card":"summary_large_image","twitter_misc":{"Dur\u00e9e de lecture estim\u00e9e":"1 minute"},"schema":{"@context":"https:\/\/schema.org","@graph":[{"@type":"WebPage","@id":"https:\/\/www.sunroom.it\/it\/produit\/puro-tt\/","url":"https:\/\/www.sunroom.it\/it\/produit\/puro-tt\/","name":"Puro TT - Sunroom","isPartOf":{"@id":"https:\/\/www.sunroom.it\/it\/#website"},"primaryImageOfPage":{"@id":"https:\/\/www.sunroom.it\/it\/produit\/puro-tt\/#primaryimage"},"image":{"@id":"https:\/\/www.sunroom.it\/it\/produit\/puro-tt\/#primaryimage"},"thumbnailUrl":"https:\/\/www.sunroom.it\/wp-content\/uploads\/2020\/07\/PUROTT_1500x1300_LIMBO.jpg","datePublished":"2020-10-17T19:49:02+00:00","dateModified":"2023-05-09T14:14:24+00:00","breadcrumb":{"@id":"https:\/\/www.sunroom.it\/it\/produit\/puro-tt\/#breadcrumb"},"inLanguage":"fr-FR","potentialAction":[{"@type":"ReadAction","target":["https:\/\/www.sunroom.it\/it\/produit\/puro-tt\/"]}]},{"@type":"ImageObject","inLanguage":"fr-FR","@id":"https:\/\/www.sunroom.it\/it\/produit\/puro-tt\/#primaryimage","url":"https:\/\/www.sunroom.it\/wp-content\/uploads\/2020\/07\/PUROTT_1500x1300_LIMBO.jpg","contentUrl":"https:\/\/www.sunroom.it\/wp-content\/uploads\/2020\/07\/PUROTT_1500x1300_LIMBO.jpg","width":1500,"height":1300},{"@type":"BreadcrumbList","@id":"https:\/\/www.sunroom.it\/it\/produit\/puro-tt\/#breadcrumb","itemListElement":[{"@type":"ListItem","position":1,"name":"Home","item":"https:\/\/www.sunroom.it\/fr\/"},{"@type":"ListItem","position":2,"name":"Boutique","item":"https:\/\/www.sunroom.it\/fr\/boutique\/"},{"@type":"ListItem","position":3,"name":"Puro TT"}]},{"@type":"WebSite","@id":"https:\/\/www.sunroom.it\/it\/#website","url":"https:\/\/www.sunroom.it\/it\/","name":"Sunroom","description":"Sunroom","publisher":{"@id":"https:\/\/www.sunroom.it\/it\/#organization"},"potentialAction":[{"@type":"SearchAction","target":{"@type":"EntryPoint","urlTemplate":"https:\/\/www.sunroom.it\/it\/?s={search_term_string}"},"query-input":{"@type":"PropertyValueSpecification","valueRequired":true,"valueName":"search_term_string"}}],"inLanguage":"fr-FR"},{"@type":"Organization","@id":"https:\/\/www.sunroom.it\/it\/#organization","name":"Sunroom","url":"https:\/\/www.sunroom.it\/it\/","logo":{"@type":"ImageObject","inLanguage":"fr-FR","@id":"https:\/\/www.sunroom.it\/it\/#\/schema\/logo\/image\/","url":"https:\/\/www.sunroom.it\/wp-content\/uploads\/2021\/07\/sunroom_260x70px.png","contentUrl":"https:\/\/www.sunroom.it\/wp-content\/uploads\/2021\/07\/sunroom_260x70px.png","width":260,"height":70,"caption":"Sunroom"},"image":{"@id":"https:\/\/www.sunroom.it\/it\/#\/schema\/logo\/image\/"}}]}},"_links":{"self":[{"href":"https:\/\/www.sunroom.it\/fr\/wp-json\/wp\/v2\/product\/6352","targetHints":{"allow":["GET"]}}],"collection":[{"href":"https:\/\/www.sunroom.it\/fr\/wp-json\/wp\/v2\/product"}],"about":[{"href":"https:\/\/www.sunroom.it\/fr\/wp-json\/wp\/v2\/types\/product"}],"replies":[{"embeddable":true,"href":"https:\/\/www.sunroom.it\/fr\/wp-json\/wp\/v2\/comments?post=6352"}],"wp:featuredmedia":[{"embeddable":true,"href":"https:\/\/www.sunroom.it\/fr\/wp-json\/wp\/v2\/media\/1638"}],"wp:attachment":[{"href":"https:\/\/www.sunroom.it\/fr\/wp-json\/wp\/v2\/media?parent=6352"}],"wp:term":[{"taxonomy":"product_brand","embeddable":true,"href":"https:\/\/www.sunroom.it\/fr\/wp-json\/wp\/v2\/product_brand?post=6352"},{"taxonomy":"product_cat","embeddable":true,"href":"https:\/\/www.sunroom.it\/fr\/wp-json\/wp\/v2\/product_cat?post=6352"},{"taxonomy":"product_tag","embeddable":true,"href":"https:\/\/www.sunroom.it\/fr\/wp-json\/wp\/v2\/product_tag?post=6352"}],"curies":[{"name":"wp","href":"https:\/\/api.w.org\/{rel}","templated":true}]}}