{"id":6346,"date":"2020-10-17T21:31:23","date_gmt":"2020-10-17T19:49:02","guid":{"rendered":"https:\/\/www.sunroom.it\/prodotto\/skuro-sikuro\/"},"modified":"2023-05-09T18:26:24","modified_gmt":"2023-05-09T16:26:24","slug":"skuro-sikuro","status":"publish","type":"product","link":"https:\/\/www.sunroom.it\/fr\/produit\/skuro-sikuro\/","title":{"rendered":"Skuro Sikuro"},"content":{"rendered":"<p>La commodit\u00e9 d&rsquo;un geste pour le confort maximal de votre milieu, qu&rsquo;il soit petit ou grand\u00a0! Le <strong>syst\u00e8me d&rsquo;occultation<\/strong> Skuro Sikuro permet de prot\u00e9ger de petites et grandes ouvertures contre les rayons du soleil et les intemp\u00e9ries, gr\u00e2ce \u00e0 sa conception mariant s\u00e9curit\u00e9, flexibilit\u00e9 et aspect esth\u00e9tique agr\u00e9able.<\/p>\n<p>Pour atteindre l&rsquo;\u00e9quilibre esth\u00e9tique le plus raffin\u00e9 et int\u00e9grer Skuro Sikuro dans la structure du b\u00e2timent, vous pourrez choisir <strong>n&rsquo;importe quelle couleur<\/strong>, y compris les <strong>effets bois et acier<\/strong>.<\/p>\n<p>Les \u00e9l\u00e9ments en <strong>aluminium extrud\u00e9<\/strong>, de <strong>trois mesures diff\u00e9rentes<\/strong>, contiennent du mat\u00e9riel isolant permettant d&rsquo;isoler et d&rsquo;insonoriser le produit. Avec Skuro Sikuro, chaque espace sera<strong> prot\u00e9g\u00e9 et s\u00fbr<\/strong>.<\/p>\n","protected":false},"excerpt":{"rendered":"<p>La commodit\u00e9 d&rsquo;un geste pour le confort maximal de votre milieu, qu&rsquo;il soit petit ou grand\u00a0! Le syst\u00e8me d&rsquo;occultation Skuro Sikuro permet de prot\u00e9ger de petites et grandes ouvertures contre les rayons du soleil et les intemp\u00e9ries, gr\u00e2ce \u00e0 sa conception mariant s\u00e9curit\u00e9, flexibilit\u00e9 et aspect esth\u00e9tique agr\u00e9able. Pour atteindre l&rsquo;\u00e9quilibre esth\u00e9tique le plus raffin\u00e9Leggi di pi\u00f9<\/p>\n","protected":false},"featured_media":3044,"comment_status":"closed","ping_status":"closed","template":"","meta":{"_acf_changed":false},"product_brand":[],"product_cat":[136,240],"product_tag":[],"class_list":{"0":"post-6346","1":"product","2":"type-product","3":"status-publish","4":"has-post-thumbnail","6":"product_cat-prodotti-fr","7":"product_cat-systemes-doccultation","8":"cat-product-privati-balconi-e-facciate-fr","9":"cat-product-privati-privati-fr","11":"first","12":"instock","13":"product-type-simple"},"acf":[],"yoast_head":"<!-- This site is optimized with the Yoast SEO plugin v27.1 - https:\/\/yoast.com\/product\/yoast-seo-wordpress\/ -->\n<title>Skuro Sikuro - Sunroom<\/title>\n<meta name=\"robots\" content=\"index, follow, max-snippet:-1, max-image-preview:large, max-video-preview:-1\" \/>\n<link rel=\"canonical\" href=\"https:\/\/www.sunroom.it\/it\/produit\/skuro-sikuro\/\" \/>\n<meta property=\"og:locale\" content=\"fr_FR\" \/>\n<meta property=\"og:type\" content=\"article\" \/>\n<meta property=\"og:title\" content=\"Skuro Sikuro - Sunroom\" \/>\n<meta property=\"og:description\" content=\"La commodit\u00e9 d&rsquo;un geste pour le confort maximal de votre milieu, qu&rsquo;il soit petit ou grand\u00a0! Le syst\u00e8me d&rsquo;occultation Skuro Sikuro permet de prot\u00e9ger de petites et grandes ouvertures contre les rayons du soleil et les intemp\u00e9ries, gr\u00e2ce \u00e0 sa conception mariant s\u00e9curit\u00e9, flexibilit\u00e9 et aspect esth\u00e9tique agr\u00e9able. Pour atteindre l&rsquo;\u00e9quilibre esth\u00e9tique le plus raffin\u00e9Leggi di pi\u00f9\" \/>\n<meta property=\"og:url\" content=\"https:\/\/www.sunroom.it\/it\/produit\/skuro-sikuro\/\" \/>\n<meta property=\"og:site_name\" content=\"Sunroom\" \/>\n<meta property=\"article:modified_time\" content=\"2023-05-09T16:26:24+00:00\" \/>\n<meta property=\"og:image\" content=\"https:\/\/www.sunroom.it\/wp-content\/uploads\/2020\/06\/SKURO-SIKURO_1500X1300_LIMBO.jpg\" \/>\n\t<meta property=\"og:image:width\" content=\"1500\" \/>\n\t<meta property=\"og:image:height\" content=\"1300\" \/>\n\t<meta property=\"og:image:type\" content=\"image\/jpeg\" \/>\n<meta name=\"twitter:card\" content=\"summary_large_image\" \/>\n<meta name=\"twitter:label1\" content=\"Dur\u00e9e de lecture estim\u00e9e\" \/>\n\t<meta name=\"twitter:data1\" content=\"1 minute\" \/>\n<script type=\"application\/ld+json\" class=\"yoast-schema-graph\">{\"@context\":\"https:\/\/schema.org\",\"@graph\":[{\"@type\":\"WebPage\",\"@id\":\"https:\/\/www.sunroom.it\/it\/produit\/skuro-sikuro\/\",\"url\":\"https:\/\/www.sunroom.it\/it\/produit\/skuro-sikuro\/\",\"name\":\"Skuro Sikuro - Sunroom\",\"isPartOf\":{\"@id\":\"https:\/\/www.sunroom.it\/it\/#website\"},\"primaryImageOfPage\":{\"@id\":\"https:\/\/www.sunroom.it\/it\/produit\/skuro-sikuro\/#primaryimage\"},\"image\":{\"@id\":\"https:\/\/www.sunroom.it\/it\/produit\/skuro-sikuro\/#primaryimage\"},\"thumbnailUrl\":\"https:\/\/www.sunroom.it\/wp-content\/uploads\/2020\/06\/SKURO-SIKURO_1500X1300_LIMBO.jpg\",\"datePublished\":\"2020-10-17T19:49:02+00:00\",\"dateModified\":\"2023-05-09T16:26:24+00:00\",\"breadcrumb\":{\"@id\":\"https:\/\/www.sunroom.it\/it\/produit\/skuro-sikuro\/#breadcrumb\"},\"inLanguage\":\"fr-FR\",\"potentialAction\":[{\"@type\":\"ReadAction\",\"target\":[\"https:\/\/www.sunroom.it\/it\/produit\/skuro-sikuro\/\"]}]},{\"@type\":\"ImageObject\",\"inLanguage\":\"fr-FR\",\"@id\":\"https:\/\/www.sunroom.it\/it\/produit\/skuro-sikuro\/#primaryimage\",\"url\":\"https:\/\/www.sunroom.it\/wp-content\/uploads\/2020\/06\/SKURO-SIKURO_1500X1300_LIMBO.jpg\",\"contentUrl\":\"https:\/\/www.sunroom.it\/wp-content\/uploads\/2020\/06\/SKURO-SIKURO_1500X1300_LIMBO.jpg\",\"width\":1500,\"height\":1300},{\"@type\":\"BreadcrumbList\",\"@id\":\"https:\/\/www.sunroom.it\/it\/produit\/skuro-sikuro\/#breadcrumb\",\"itemListElement\":[{\"@type\":\"ListItem\",\"position\":1,\"name\":\"Home\",\"item\":\"https:\/\/www.sunroom.it\/fr\/\"},{\"@type\":\"ListItem\",\"position\":2,\"name\":\"Boutique\",\"item\":\"https:\/\/www.sunroom.it\/fr\/boutique\/\"},{\"@type\":\"ListItem\",\"position\":3,\"name\":\"Skuro Sikuro\"}]},{\"@type\":\"WebSite\",\"@id\":\"https:\/\/www.sunroom.it\/it\/#website\",\"url\":\"https:\/\/www.sunroom.it\/it\/\",\"name\":\"Sunroom\",\"description\":\"Sunroom\",\"publisher\":{\"@id\":\"https:\/\/www.sunroom.it\/it\/#organization\"},\"potentialAction\":[{\"@type\":\"SearchAction\",\"target\":{\"@type\":\"EntryPoint\",\"urlTemplate\":\"https:\/\/www.sunroom.it\/it\/?s={search_term_string}\"},\"query-input\":{\"@type\":\"PropertyValueSpecification\",\"valueRequired\":true,\"valueName\":\"search_term_string\"}}],\"inLanguage\":\"fr-FR\"},{\"@type\":\"Organization\",\"@id\":\"https:\/\/www.sunroom.it\/it\/#organization\",\"name\":\"Sunroom\",\"url\":\"https:\/\/www.sunroom.it\/it\/\",\"logo\":{\"@type\":\"ImageObject\",\"inLanguage\":\"fr-FR\",\"@id\":\"https:\/\/www.sunroom.it\/it\/#\/schema\/logo\/image\/\",\"url\":\"https:\/\/www.sunroom.it\/wp-content\/uploads\/2021\/07\/sunroom_260x70px.png\",\"contentUrl\":\"https:\/\/www.sunroom.it\/wp-content\/uploads\/2021\/07\/sunroom_260x70px.png\",\"width\":260,\"height\":70,\"caption\":\"Sunroom\"},\"image\":{\"@id\":\"https:\/\/www.sunroom.it\/it\/#\/schema\/logo\/image\/\"}}]}<\/script>\n<!-- \/ Yoast SEO plugin. -->","yoast_head_json":{"title":"Skuro Sikuro - Sunroom","robots":{"index":"index","follow":"follow","max-snippet":"max-snippet:-1","max-image-preview":"max-image-preview:large","max-video-preview":"max-video-preview:-1"},"canonical":"https:\/\/www.sunroom.it\/it\/produit\/skuro-sikuro\/","og_locale":"fr_FR","og_type":"article","og_title":"Skuro Sikuro - Sunroom","og_description":"La commodit\u00e9 d&rsquo;un geste pour le confort maximal de votre milieu, qu&rsquo;il soit petit ou grand\u00a0! Le syst\u00e8me d&rsquo;occultation Skuro Sikuro permet de prot\u00e9ger de petites et grandes ouvertures contre les rayons du soleil et les intemp\u00e9ries, gr\u00e2ce \u00e0 sa conception mariant s\u00e9curit\u00e9, flexibilit\u00e9 et aspect esth\u00e9tique agr\u00e9able. Pour atteindre l&rsquo;\u00e9quilibre esth\u00e9tique le plus raffin\u00e9Leggi di pi\u00f9","og_url":"https:\/\/www.sunroom.it\/it\/produit\/skuro-sikuro\/","og_site_name":"Sunroom","article_modified_time":"2023-05-09T16:26:24+00:00","og_image":[{"width":1500,"height":1300,"url":"https:\/\/www.sunroom.it\/wp-content\/uploads\/2020\/06\/SKURO-SIKURO_1500X1300_LIMBO.jpg","type":"image\/jpeg"}],"twitter_card":"summary_large_image","twitter_misc":{"Dur\u00e9e de lecture estim\u00e9e":"1 minute"},"schema":{"@context":"https:\/\/schema.org","@graph":[{"@type":"WebPage","@id":"https:\/\/www.sunroom.it\/it\/produit\/skuro-sikuro\/","url":"https:\/\/www.sunroom.it\/it\/produit\/skuro-sikuro\/","name":"Skuro Sikuro - Sunroom","isPartOf":{"@id":"https:\/\/www.sunroom.it\/it\/#website"},"primaryImageOfPage":{"@id":"https:\/\/www.sunroom.it\/it\/produit\/skuro-sikuro\/#primaryimage"},"image":{"@id":"https:\/\/www.sunroom.it\/it\/produit\/skuro-sikuro\/#primaryimage"},"thumbnailUrl":"https:\/\/www.sunroom.it\/wp-content\/uploads\/2020\/06\/SKURO-SIKURO_1500X1300_LIMBO.jpg","datePublished":"2020-10-17T19:49:02+00:00","dateModified":"2023-05-09T16:26:24+00:00","breadcrumb":{"@id":"https:\/\/www.sunroom.it\/it\/produit\/skuro-sikuro\/#breadcrumb"},"inLanguage":"fr-FR","potentialAction":[{"@type":"ReadAction","target":["https:\/\/www.sunroom.it\/it\/produit\/skuro-sikuro\/"]}]},{"@type":"ImageObject","inLanguage":"fr-FR","@id":"https:\/\/www.sunroom.it\/it\/produit\/skuro-sikuro\/#primaryimage","url":"https:\/\/www.sunroom.it\/wp-content\/uploads\/2020\/06\/SKURO-SIKURO_1500X1300_LIMBO.jpg","contentUrl":"https:\/\/www.sunroom.it\/wp-content\/uploads\/2020\/06\/SKURO-SIKURO_1500X1300_LIMBO.jpg","width":1500,"height":1300},{"@type":"BreadcrumbList","@id":"https:\/\/www.sunroom.it\/it\/produit\/skuro-sikuro\/#breadcrumb","itemListElement":[{"@type":"ListItem","position":1,"name":"Home","item":"https:\/\/www.sunroom.it\/fr\/"},{"@type":"ListItem","position":2,"name":"Boutique","item":"https:\/\/www.sunroom.it\/fr\/boutique\/"},{"@type":"ListItem","position":3,"name":"Skuro Sikuro"}]},{"@type":"WebSite","@id":"https:\/\/www.sunroom.it\/it\/#website","url":"https:\/\/www.sunroom.it\/it\/","name":"Sunroom","description":"Sunroom","publisher":{"@id":"https:\/\/www.sunroom.it\/it\/#organization"},"potentialAction":[{"@type":"SearchAction","target":{"@type":"EntryPoint","urlTemplate":"https:\/\/www.sunroom.it\/it\/?s={search_term_string}"},"query-input":{"@type":"PropertyValueSpecification","valueRequired":true,"valueName":"search_term_string"}}],"inLanguage":"fr-FR"},{"@type":"Organization","@id":"https:\/\/www.sunroom.it\/it\/#organization","name":"Sunroom","url":"https:\/\/www.sunroom.it\/it\/","logo":{"@type":"ImageObject","inLanguage":"fr-FR","@id":"https:\/\/www.sunroom.it\/it\/#\/schema\/logo\/image\/","url":"https:\/\/www.sunroom.it\/wp-content\/uploads\/2021\/07\/sunroom_260x70px.png","contentUrl":"https:\/\/www.sunroom.it\/wp-content\/uploads\/2021\/07\/sunroom_260x70px.png","width":260,"height":70,"caption":"Sunroom"},"image":{"@id":"https:\/\/www.sunroom.it\/it\/#\/schema\/logo\/image\/"}}]}},"_links":{"self":[{"href":"https:\/\/www.sunroom.it\/fr\/wp-json\/wp\/v2\/product\/6346","targetHints":{"allow":["GET"]}}],"collection":[{"href":"https:\/\/www.sunroom.it\/fr\/wp-json\/wp\/v2\/product"}],"about":[{"href":"https:\/\/www.sunroom.it\/fr\/wp-json\/wp\/v2\/types\/product"}],"replies":[{"embeddable":true,"href":"https:\/\/www.sunroom.it\/fr\/wp-json\/wp\/v2\/comments?post=6346"}],"wp:featuredmedia":[{"embeddable":true,"href":"https:\/\/www.sunroom.it\/fr\/wp-json\/wp\/v2\/media\/3044"}],"wp:attachment":[{"href":"https:\/\/www.sunroom.it\/fr\/wp-json\/wp\/v2\/media?parent=6346"}],"wp:term":[{"taxonomy":"product_brand","embeddable":true,"href":"https:\/\/www.sunroom.it\/fr\/wp-json\/wp\/v2\/product_brand?post=6346"},{"taxonomy":"product_cat","embeddable":true,"href":"https:\/\/www.sunroom.it\/fr\/wp-json\/wp\/v2\/product_cat?post=6346"},{"taxonomy":"product_tag","embeddable":true,"href":"https:\/\/www.sunroom.it\/fr\/wp-json\/wp\/v2\/product_tag?post=6346"}],"curies":[{"name":"wp","href":"https:\/\/api.w.org\/{rel}","templated":true}]}}