{"id":6340,"date":"2020-10-17T21:31:23","date_gmt":"2020-10-17T19:49:02","guid":{"rendered":"https:\/\/www.sunroom.it\/prodotto\/oskura-waterproof\/"},"modified":"2023-05-09T18:41:20","modified_gmt":"2023-05-09T16:41:20","slug":"oskura-waterproof","status":"publish","type":"product","link":"https:\/\/www.sunroom.it\/fr\/produit\/oskura-waterproof\/","title":{"rendered":"Oskura 2.0-XL"},"content":{"rendered":"<p>Cette <strong>pergola bioclimatique enti\u00e8rement r\u00e9tractable<\/strong> et munie de <strong>lames r\u00e9tractables<\/strong> apporte un confort et une polyvalence maximum pour vous permettre de savourer le luxe d&rsquo;habiter au c\u0153ur de la nature. <strong>Brevet\u00e9e au niveau europ\u00e9en<\/strong>, elle repr\u00e9sente une garantie de fiabilit\u00e9 et de s\u00e9curit\u00e9 dans le temps.<\/p>\n<p>Gr\u00e2ce \u00e0 son <strong>syst\u00e8me brise-soleil<\/strong>, Oskura peut <strong>moduler la lumi\u00e8re du soleil et la chaleur<\/strong> en fonction de la saison et des besoins, en cr\u00e9ant un <strong>bioclimat<\/strong> <strong>int\u00e9rieur id\u00e9al<\/strong>. \u00a0Si vous d\u00e9sirez une r\u00e9alisation pouvant s&rsquo;ins\u00e9rer de fa\u00e7on \u00e9quilibr\u00e9e dans le contexte naturel, Oskura est la solution qu&rsquo;il vous faut, dans la mesure o\u00f9 son architecture intelligente cr\u00e9e une oasis au c\u0153ur de la nature et red\u00e9finit ses espaces pour vous offrir <strong>bien-\u00eatre et confort en toutes saisons.<\/strong><\/p>\n<p>Vous pouvez <strong>personnaliser<\/strong> votre pergola bioclimatique avec <strong>un \u00e9clairage \u00e0 DEL<\/strong>, des <strong>fermetures p\u00e9rim\u00e9triques<\/strong> <strong>en vitrage<\/strong> ou des <strong>capteurs climatiques<\/strong>. Id\u00e9ale pour votre jardin, votre terrasse ou pour profiter de n&rsquo;importe quel type de dehors, Oskura est disponible en deux versions selon les dimensions de la toiture.<\/p>\n","protected":false},"excerpt":{"rendered":"<p>Cette pergola bioclimatique enti\u00e8rement r\u00e9tractable et munie de lames r\u00e9tractables apporte un confort et une polyvalence maximum pour vous permettre de savourer le luxe d&rsquo;habiter au c\u0153ur de la nature. Brevet\u00e9e au niveau europ\u00e9en, elle repr\u00e9sente une garantie de fiabilit\u00e9 et de s\u00e9curit\u00e9 dans le temps. Gr\u00e2ce \u00e0 son syst\u00e8me brise-soleil, Oskura peut moduler laLeggi di pi\u00f9<\/p>\n","protected":false},"featured_media":1238,"comment_status":"closed","ping_status":"closed","template":"","meta":{"_acf_changed":false},"product_brand":[],"product_cat":[143,136],"product_tag":[],"class_list":{"0":"post-6340","1":"product","2":"type-product","3":"status-publish","4":"has-post-thumbnail","6":"product_cat-pergolas-bioclimatiques","7":"product_cat-prodotti-fr","8":"cat-product-privati-balconi-e-facciate-fr","9":"cat-product-privati-giardino-e-piscina-fr","10":"cat-product-privati-privati-fr","11":"cat-product-contract-bar-fr","12":"cat-product-contract-contract-fr","13":"cat-product-contract-etablissements-balneaire","14":"cat-product-contract-gelaterie-fr","15":"cat-product-contract-hotel-fr","16":"cat-product-contract-ristoranti-fr-2","18":"first","19":"instock","20":"product-type-simple"},"acf":[],"yoast_head":"<!-- This site is optimized with the Yoast SEO plugin v27.1 - https:\/\/yoast.com\/product\/yoast-seo-wordpress\/ -->\n<title>Oskura 2.0-XL - Sunroom<\/title>\n<meta name=\"robots\" content=\"index, follow, max-snippet:-1, max-image-preview:large, max-video-preview:-1\" \/>\n<link rel=\"canonical\" href=\"https:\/\/www.sunroom.it\/it\/produit\/oskura-waterproof\/\" \/>\n<meta property=\"og:locale\" content=\"fr_FR\" \/>\n<meta property=\"og:type\" content=\"article\" \/>\n<meta property=\"og:title\" content=\"Oskura 2.0-XL - Sunroom\" \/>\n<meta property=\"og:description\" content=\"Cette pergola bioclimatique enti\u00e8rement r\u00e9tractable et munie de lames r\u00e9tractables apporte un confort et une polyvalence maximum pour vous permettre de savourer le luxe d&rsquo;habiter au c\u0153ur de la nature. Brevet\u00e9e au niveau europ\u00e9en, elle repr\u00e9sente une garantie de fiabilit\u00e9 et de s\u00e9curit\u00e9 dans le temps. Gr\u00e2ce \u00e0 son syst\u00e8me brise-soleil, Oskura peut moduler laLeggi di pi\u00f9\" \/>\n<meta property=\"og:url\" content=\"https:\/\/www.sunroom.it\/it\/produit\/oskura-waterproof\/\" \/>\n<meta property=\"og:site_name\" content=\"Sunroom\" \/>\n<meta property=\"article:modified_time\" content=\"2023-05-09T16:41:20+00:00\" \/>\n<meta property=\"og:image\" content=\"https:\/\/www.sunroom.it\/wp-content\/uploads\/2020\/07\/OSKURA-WP_1500x1300_LIMBO.jpg\" \/>\n\t<meta property=\"og:image:width\" content=\"1500\" \/>\n\t<meta property=\"og:image:height\" content=\"1300\" \/>\n\t<meta property=\"og:image:type\" content=\"image\/jpeg\" \/>\n<meta name=\"twitter:card\" content=\"summary_large_image\" \/>\n<meta name=\"twitter:label1\" content=\"Dur\u00e9e de lecture estim\u00e9e\" \/>\n\t<meta name=\"twitter:data1\" content=\"1 minute\" \/>\n<script type=\"application\/ld+json\" class=\"yoast-schema-graph\">{\"@context\":\"https:\/\/schema.org\",\"@graph\":[{\"@type\":\"WebPage\",\"@id\":\"https:\/\/www.sunroom.it\/it\/produit\/oskura-waterproof\/\",\"url\":\"https:\/\/www.sunroom.it\/it\/produit\/oskura-waterproof\/\",\"name\":\"Oskura 2.0-XL - Sunroom\",\"isPartOf\":{\"@id\":\"https:\/\/www.sunroom.it\/it\/#website\"},\"primaryImageOfPage\":{\"@id\":\"https:\/\/www.sunroom.it\/it\/produit\/oskura-waterproof\/#primaryimage\"},\"image\":{\"@id\":\"https:\/\/www.sunroom.it\/it\/produit\/oskura-waterproof\/#primaryimage\"},\"thumbnailUrl\":\"https:\/\/www.sunroom.it\/wp-content\/uploads\/2020\/07\/OSKURA-WP_1500x1300_LIMBO.jpg\",\"datePublished\":\"2020-10-17T19:49:02+00:00\",\"dateModified\":\"2023-05-09T16:41:20+00:00\",\"breadcrumb\":{\"@id\":\"https:\/\/www.sunroom.it\/it\/produit\/oskura-waterproof\/#breadcrumb\"},\"inLanguage\":\"fr-FR\",\"potentialAction\":[{\"@type\":\"ReadAction\",\"target\":[\"https:\/\/www.sunroom.it\/it\/produit\/oskura-waterproof\/\"]}]},{\"@type\":\"ImageObject\",\"inLanguage\":\"fr-FR\",\"@id\":\"https:\/\/www.sunroom.it\/it\/produit\/oskura-waterproof\/#primaryimage\",\"url\":\"https:\/\/www.sunroom.it\/wp-content\/uploads\/2020\/07\/OSKURA-WP_1500x1300_LIMBO.jpg\",\"contentUrl\":\"https:\/\/www.sunroom.it\/wp-content\/uploads\/2020\/07\/OSKURA-WP_1500x1300_LIMBO.jpg\",\"width\":1500,\"height\":1300},{\"@type\":\"BreadcrumbList\",\"@id\":\"https:\/\/www.sunroom.it\/it\/produit\/oskura-waterproof\/#breadcrumb\",\"itemListElement\":[{\"@type\":\"ListItem\",\"position\":1,\"name\":\"Home\",\"item\":\"https:\/\/www.sunroom.it\/fr\/\"},{\"@type\":\"ListItem\",\"position\":2,\"name\":\"Boutique\",\"item\":\"https:\/\/www.sunroom.it\/fr\/boutique\/\"},{\"@type\":\"ListItem\",\"position\":3,\"name\":\"Oskura 2.0-XL\"}]},{\"@type\":\"WebSite\",\"@id\":\"https:\/\/www.sunroom.it\/it\/#website\",\"url\":\"https:\/\/www.sunroom.it\/it\/\",\"name\":\"Sunroom\",\"description\":\"Sunroom\",\"publisher\":{\"@id\":\"https:\/\/www.sunroom.it\/it\/#organization\"},\"potentialAction\":[{\"@type\":\"SearchAction\",\"target\":{\"@type\":\"EntryPoint\",\"urlTemplate\":\"https:\/\/www.sunroom.it\/it\/?s={search_term_string}\"},\"query-input\":{\"@type\":\"PropertyValueSpecification\",\"valueRequired\":true,\"valueName\":\"search_term_string\"}}],\"inLanguage\":\"fr-FR\"},{\"@type\":\"Organization\",\"@id\":\"https:\/\/www.sunroom.it\/it\/#organization\",\"name\":\"Sunroom\",\"url\":\"https:\/\/www.sunroom.it\/it\/\",\"logo\":{\"@type\":\"ImageObject\",\"inLanguage\":\"fr-FR\",\"@id\":\"https:\/\/www.sunroom.it\/it\/#\/schema\/logo\/image\/\",\"url\":\"https:\/\/www.sunroom.it\/wp-content\/uploads\/2021\/07\/sunroom_260x70px.png\",\"contentUrl\":\"https:\/\/www.sunroom.it\/wp-content\/uploads\/2021\/07\/sunroom_260x70px.png\",\"width\":260,\"height\":70,\"caption\":\"Sunroom\"},\"image\":{\"@id\":\"https:\/\/www.sunroom.it\/it\/#\/schema\/logo\/image\/\"}}]}<\/script>\n<!-- \/ Yoast SEO plugin. -->","yoast_head_json":{"title":"Oskura 2.0-XL - Sunroom","robots":{"index":"index","follow":"follow","max-snippet":"max-snippet:-1","max-image-preview":"max-image-preview:large","max-video-preview":"max-video-preview:-1"},"canonical":"https:\/\/www.sunroom.it\/it\/produit\/oskura-waterproof\/","og_locale":"fr_FR","og_type":"article","og_title":"Oskura 2.0-XL - Sunroom","og_description":"Cette pergola bioclimatique enti\u00e8rement r\u00e9tractable et munie de lames r\u00e9tractables apporte un confort et une polyvalence maximum pour vous permettre de savourer le luxe d&rsquo;habiter au c\u0153ur de la nature. Brevet\u00e9e au niveau europ\u00e9en, elle repr\u00e9sente une garantie de fiabilit\u00e9 et de s\u00e9curit\u00e9 dans le temps. Gr\u00e2ce \u00e0 son syst\u00e8me brise-soleil, Oskura peut moduler laLeggi di pi\u00f9","og_url":"https:\/\/www.sunroom.it\/it\/produit\/oskura-waterproof\/","og_site_name":"Sunroom","article_modified_time":"2023-05-09T16:41:20+00:00","og_image":[{"width":1500,"height":1300,"url":"https:\/\/www.sunroom.it\/wp-content\/uploads\/2020\/07\/OSKURA-WP_1500x1300_LIMBO.jpg","type":"image\/jpeg"}],"twitter_card":"summary_large_image","twitter_misc":{"Dur\u00e9e de lecture estim\u00e9e":"1 minute"},"schema":{"@context":"https:\/\/schema.org","@graph":[{"@type":"WebPage","@id":"https:\/\/www.sunroom.it\/it\/produit\/oskura-waterproof\/","url":"https:\/\/www.sunroom.it\/it\/produit\/oskura-waterproof\/","name":"Oskura 2.0-XL - Sunroom","isPartOf":{"@id":"https:\/\/www.sunroom.it\/it\/#website"},"primaryImageOfPage":{"@id":"https:\/\/www.sunroom.it\/it\/produit\/oskura-waterproof\/#primaryimage"},"image":{"@id":"https:\/\/www.sunroom.it\/it\/produit\/oskura-waterproof\/#primaryimage"},"thumbnailUrl":"https:\/\/www.sunroom.it\/wp-content\/uploads\/2020\/07\/OSKURA-WP_1500x1300_LIMBO.jpg","datePublished":"2020-10-17T19:49:02+00:00","dateModified":"2023-05-09T16:41:20+00:00","breadcrumb":{"@id":"https:\/\/www.sunroom.it\/it\/produit\/oskura-waterproof\/#breadcrumb"},"inLanguage":"fr-FR","potentialAction":[{"@type":"ReadAction","target":["https:\/\/www.sunroom.it\/it\/produit\/oskura-waterproof\/"]}]},{"@type":"ImageObject","inLanguage":"fr-FR","@id":"https:\/\/www.sunroom.it\/it\/produit\/oskura-waterproof\/#primaryimage","url":"https:\/\/www.sunroom.it\/wp-content\/uploads\/2020\/07\/OSKURA-WP_1500x1300_LIMBO.jpg","contentUrl":"https:\/\/www.sunroom.it\/wp-content\/uploads\/2020\/07\/OSKURA-WP_1500x1300_LIMBO.jpg","width":1500,"height":1300},{"@type":"BreadcrumbList","@id":"https:\/\/www.sunroom.it\/it\/produit\/oskura-waterproof\/#breadcrumb","itemListElement":[{"@type":"ListItem","position":1,"name":"Home","item":"https:\/\/www.sunroom.it\/fr\/"},{"@type":"ListItem","position":2,"name":"Boutique","item":"https:\/\/www.sunroom.it\/fr\/boutique\/"},{"@type":"ListItem","position":3,"name":"Oskura 2.0-XL"}]},{"@type":"WebSite","@id":"https:\/\/www.sunroom.it\/it\/#website","url":"https:\/\/www.sunroom.it\/it\/","name":"Sunroom","description":"Sunroom","publisher":{"@id":"https:\/\/www.sunroom.it\/it\/#organization"},"potentialAction":[{"@type":"SearchAction","target":{"@type":"EntryPoint","urlTemplate":"https:\/\/www.sunroom.it\/it\/?s={search_term_string}"},"query-input":{"@type":"PropertyValueSpecification","valueRequired":true,"valueName":"search_term_string"}}],"inLanguage":"fr-FR"},{"@type":"Organization","@id":"https:\/\/www.sunroom.it\/it\/#organization","name":"Sunroom","url":"https:\/\/www.sunroom.it\/it\/","logo":{"@type":"ImageObject","inLanguage":"fr-FR","@id":"https:\/\/www.sunroom.it\/it\/#\/schema\/logo\/image\/","url":"https:\/\/www.sunroom.it\/wp-content\/uploads\/2021\/07\/sunroom_260x70px.png","contentUrl":"https:\/\/www.sunroom.it\/wp-content\/uploads\/2021\/07\/sunroom_260x70px.png","width":260,"height":70,"caption":"Sunroom"},"image":{"@id":"https:\/\/www.sunroom.it\/it\/#\/schema\/logo\/image\/"}}]}},"_links":{"self":[{"href":"https:\/\/www.sunroom.it\/fr\/wp-json\/wp\/v2\/product\/6340","targetHints":{"allow":["GET"]}}],"collection":[{"href":"https:\/\/www.sunroom.it\/fr\/wp-json\/wp\/v2\/product"}],"about":[{"href":"https:\/\/www.sunroom.it\/fr\/wp-json\/wp\/v2\/types\/product"}],"replies":[{"embeddable":true,"href":"https:\/\/www.sunroom.it\/fr\/wp-json\/wp\/v2\/comments?post=6340"}],"wp:featuredmedia":[{"embeddable":true,"href":"https:\/\/www.sunroom.it\/fr\/wp-json\/wp\/v2\/media\/1238"}],"wp:attachment":[{"href":"https:\/\/www.sunroom.it\/fr\/wp-json\/wp\/v2\/media?parent=6340"}],"wp:term":[{"taxonomy":"product_brand","embeddable":true,"href":"https:\/\/www.sunroom.it\/fr\/wp-json\/wp\/v2\/product_brand?post=6340"},{"taxonomy":"product_cat","embeddable":true,"href":"https:\/\/www.sunroom.it\/fr\/wp-json\/wp\/v2\/product_cat?post=6340"},{"taxonomy":"product_tag","embeddable":true,"href":"https:\/\/www.sunroom.it\/fr\/wp-json\/wp\/v2\/product_tag?post=6340"}],"curies":[{"name":"wp","href":"https:\/\/api.w.org\/{rel}","templated":true}]}}