{"id":6334,"date":"2020-10-17T21:31:23","date_gmt":"2020-10-17T19:49:02","guid":{"rendered":"https:\/\/www.sunroom.it\/prodotto\/oskura-verticale\/"},"modified":"2023-05-09T18:27:34","modified_gmt":"2023-05-09T16:27:34","slug":"oskura-verticale","status":"publish","type":"product","link":"https:\/\/www.sunroom.it\/fr\/produit\/oskura-verticale\/","title":{"rendered":"Oskura Verticale"},"content":{"rendered":"<p><strong>Innovant <\/strong>et<strong> brevet\u00e9, ce syst\u00e8me <\/strong>motoris\u00e9 exerce une double fonction\u00a0: <strong>brise-soleil<\/strong> et <strong>d&rsquo;occultation<\/strong> permettant de se prot\u00e9ger de la lumi\u00e8re directe tout en maintenant un aspect esth\u00e9tique agr\u00e9able et moderne. Elle repr\u00e9sente de ce fait la solution id\u00e9ale pour prot\u00e9ger votre int\u00e9rieur des agents atmosph\u00e9riques, sans renoncer \u00e0 un bon niveau d&rsquo;\u00e9clairage naturel.<\/p>\n<p>Dans sa <strong>version verticale<\/strong>, Oskura pr\u00e9voit l&rsquo;<strong>empilage des lames dans la partie sup\u00e9rieure du ch\u00e2ssis<\/strong>, afin de garantir un encombrement minimum de l&rsquo;espace et une <strong>visibilit\u00e9<\/strong> ext\u00e9rieure maximale.<br \/>\n\u00c0 l&rsquo;inverse, la position de fermeture totale cr\u00e9e un <strong>effet d&rsquo;occultation<\/strong>, tout en repr\u00e9sentant une Barsri\u00e8re s\u00fbre contre les intrusions, gr\u00e2ce au syst\u00e8me d&rsquo;accrochage entre les lames et les rails relatifs.<\/p>\n<p>Le <strong>syst\u00e8me est toujours motoris\u00e9<\/strong> et ses lames en <strong>aluminium extrud\u00e9<\/strong> contiennent du mat\u00e9riel isolant. Elles s&rsquo;av\u00e8rent donc utiles pour l&rsquo;insonorisation du milieu int\u00e9rieur.<\/p>\n<p>&nbsp;<\/p>\n","protected":false},"excerpt":{"rendered":"<p>Innovant et brevet\u00e9, ce syst\u00e8me motoris\u00e9 exerce une double fonction\u00a0: brise-soleil et d&rsquo;occultation permettant de se prot\u00e9ger de la lumi\u00e8re directe tout en maintenant un aspect esth\u00e9tique agr\u00e9able et moderne. Elle repr\u00e9sente de ce fait la solution id\u00e9ale pour prot\u00e9ger votre int\u00e9rieur des agents atmosph\u00e9riques, sans renoncer \u00e0 un bon niveau d&rsquo;\u00e9clairage naturel. Dans saLeggi di pi\u00f9<\/p>\n","protected":false},"featured_media":1490,"comment_status":"closed","ping_status":"closed","template":"","meta":{"_acf_changed":false},"product_brand":[],"product_cat":[136,240],"product_tag":[],"class_list":{"0":"post-6334","1":"product","2":"type-product","3":"status-publish","4":"has-post-thumbnail","6":"product_cat-prodotti-fr","7":"product_cat-systemes-doccultation","8":"cat-product-privati-balconi-e-facciate-fr","9":"cat-product-privati-privati-fr","10":"cat-product-contract-contract-fr","11":"cat-product-contract-hotel-fr","13":"first","14":"instock","15":"product-type-simple"},"acf":[],"yoast_head":"<!-- This site is optimized with the Yoast SEO plugin v27.1 - https:\/\/yoast.com\/product\/yoast-seo-wordpress\/ -->\n<title>Oskura Verticale - Sunroom<\/title>\n<meta name=\"robots\" content=\"index, follow, max-snippet:-1, max-image-preview:large, max-video-preview:-1\" \/>\n<link rel=\"canonical\" href=\"https:\/\/www.sunroom.it\/it\/produit\/oskura-verticale\/\" \/>\n<meta property=\"og:locale\" content=\"fr_FR\" \/>\n<meta property=\"og:type\" content=\"article\" \/>\n<meta property=\"og:title\" content=\"Oskura Verticale - Sunroom\" \/>\n<meta property=\"og:description\" content=\"Innovant et brevet\u00e9, ce syst\u00e8me motoris\u00e9 exerce une double fonction\u00a0: brise-soleil et d&rsquo;occultation permettant de se prot\u00e9ger de la lumi\u00e8re directe tout en maintenant un aspect esth\u00e9tique agr\u00e9able et moderne. Elle repr\u00e9sente de ce fait la solution id\u00e9ale pour prot\u00e9ger votre int\u00e9rieur des agents atmosph\u00e9riques, sans renoncer \u00e0 un bon niveau d&rsquo;\u00e9clairage naturel. Dans saLeggi di pi\u00f9\" \/>\n<meta property=\"og:url\" content=\"https:\/\/www.sunroom.it\/it\/produit\/oskura-verticale\/\" \/>\n<meta property=\"og:site_name\" content=\"Sunroom\" \/>\n<meta property=\"article:modified_time\" content=\"2023-05-09T16:27:34+00:00\" \/>\n<meta property=\"og:image\" content=\"https:\/\/www.sunroom.it\/wp-content\/uploads\/2020\/07\/OSKURA-VERTICALE_1500X1300_LIMBO.jpg\" \/>\n\t<meta property=\"og:image:width\" content=\"1500\" \/>\n\t<meta property=\"og:image:height\" content=\"1300\" \/>\n\t<meta property=\"og:image:type\" content=\"image\/jpeg\" \/>\n<meta name=\"twitter:card\" content=\"summary_large_image\" \/>\n<meta name=\"twitter:label1\" content=\"Dur\u00e9e de lecture estim\u00e9e\" \/>\n\t<meta name=\"twitter:data1\" content=\"1 minute\" \/>\n<script type=\"application\/ld+json\" class=\"yoast-schema-graph\">{\"@context\":\"https:\/\/schema.org\",\"@graph\":[{\"@type\":\"WebPage\",\"@id\":\"https:\/\/www.sunroom.it\/it\/produit\/oskura-verticale\/\",\"url\":\"https:\/\/www.sunroom.it\/it\/produit\/oskura-verticale\/\",\"name\":\"Oskura Verticale - Sunroom\",\"isPartOf\":{\"@id\":\"https:\/\/www.sunroom.it\/it\/#website\"},\"primaryImageOfPage\":{\"@id\":\"https:\/\/www.sunroom.it\/it\/produit\/oskura-verticale\/#primaryimage\"},\"image\":{\"@id\":\"https:\/\/www.sunroom.it\/it\/produit\/oskura-verticale\/#primaryimage\"},\"thumbnailUrl\":\"https:\/\/www.sunroom.it\/wp-content\/uploads\/2020\/07\/OSKURA-VERTICALE_1500X1300_LIMBO.jpg\",\"datePublished\":\"2020-10-17T19:49:02+00:00\",\"dateModified\":\"2023-05-09T16:27:34+00:00\",\"breadcrumb\":{\"@id\":\"https:\/\/www.sunroom.it\/it\/produit\/oskura-verticale\/#breadcrumb\"},\"inLanguage\":\"fr-FR\",\"potentialAction\":[{\"@type\":\"ReadAction\",\"target\":[\"https:\/\/www.sunroom.it\/it\/produit\/oskura-verticale\/\"]}]},{\"@type\":\"ImageObject\",\"inLanguage\":\"fr-FR\",\"@id\":\"https:\/\/www.sunroom.it\/it\/produit\/oskura-verticale\/#primaryimage\",\"url\":\"https:\/\/www.sunroom.it\/wp-content\/uploads\/2020\/07\/OSKURA-VERTICALE_1500X1300_LIMBO.jpg\",\"contentUrl\":\"https:\/\/www.sunroom.it\/wp-content\/uploads\/2020\/07\/OSKURA-VERTICALE_1500X1300_LIMBO.jpg\",\"width\":1500,\"height\":1300},{\"@type\":\"BreadcrumbList\",\"@id\":\"https:\/\/www.sunroom.it\/it\/produit\/oskura-verticale\/#breadcrumb\",\"itemListElement\":[{\"@type\":\"ListItem\",\"position\":1,\"name\":\"Home\",\"item\":\"https:\/\/www.sunroom.it\/fr\/\"},{\"@type\":\"ListItem\",\"position\":2,\"name\":\"Boutique\",\"item\":\"https:\/\/www.sunroom.it\/fr\/boutique\/\"},{\"@type\":\"ListItem\",\"position\":3,\"name\":\"Oskura Verticale\"}]},{\"@type\":\"WebSite\",\"@id\":\"https:\/\/www.sunroom.it\/it\/#website\",\"url\":\"https:\/\/www.sunroom.it\/it\/\",\"name\":\"Sunroom\",\"description\":\"Sunroom\",\"publisher\":{\"@id\":\"https:\/\/www.sunroom.it\/it\/#organization\"},\"potentialAction\":[{\"@type\":\"SearchAction\",\"target\":{\"@type\":\"EntryPoint\",\"urlTemplate\":\"https:\/\/www.sunroom.it\/it\/?s={search_term_string}\"},\"query-input\":{\"@type\":\"PropertyValueSpecification\",\"valueRequired\":true,\"valueName\":\"search_term_string\"}}],\"inLanguage\":\"fr-FR\"},{\"@type\":\"Organization\",\"@id\":\"https:\/\/www.sunroom.it\/it\/#organization\",\"name\":\"Sunroom\",\"url\":\"https:\/\/www.sunroom.it\/it\/\",\"logo\":{\"@type\":\"ImageObject\",\"inLanguage\":\"fr-FR\",\"@id\":\"https:\/\/www.sunroom.it\/it\/#\/schema\/logo\/image\/\",\"url\":\"https:\/\/www.sunroom.it\/wp-content\/uploads\/2021\/07\/sunroom_260x70px.png\",\"contentUrl\":\"https:\/\/www.sunroom.it\/wp-content\/uploads\/2021\/07\/sunroom_260x70px.png\",\"width\":260,\"height\":70,\"caption\":\"Sunroom\"},\"image\":{\"@id\":\"https:\/\/www.sunroom.it\/it\/#\/schema\/logo\/image\/\"}}]}<\/script>\n<!-- \/ Yoast SEO plugin. -->","yoast_head_json":{"title":"Oskura Verticale - Sunroom","robots":{"index":"index","follow":"follow","max-snippet":"max-snippet:-1","max-image-preview":"max-image-preview:large","max-video-preview":"max-video-preview:-1"},"canonical":"https:\/\/www.sunroom.it\/it\/produit\/oskura-verticale\/","og_locale":"fr_FR","og_type":"article","og_title":"Oskura Verticale - Sunroom","og_description":"Innovant et brevet\u00e9, ce syst\u00e8me motoris\u00e9 exerce une double fonction\u00a0: brise-soleil et d&rsquo;occultation permettant de se prot\u00e9ger de la lumi\u00e8re directe tout en maintenant un aspect esth\u00e9tique agr\u00e9able et moderne. Elle repr\u00e9sente de ce fait la solution id\u00e9ale pour prot\u00e9ger votre int\u00e9rieur des agents atmosph\u00e9riques, sans renoncer \u00e0 un bon niveau d&rsquo;\u00e9clairage naturel. Dans saLeggi di pi\u00f9","og_url":"https:\/\/www.sunroom.it\/it\/produit\/oskura-verticale\/","og_site_name":"Sunroom","article_modified_time":"2023-05-09T16:27:34+00:00","og_image":[{"width":1500,"height":1300,"url":"https:\/\/www.sunroom.it\/wp-content\/uploads\/2020\/07\/OSKURA-VERTICALE_1500X1300_LIMBO.jpg","type":"image\/jpeg"}],"twitter_card":"summary_large_image","twitter_misc":{"Dur\u00e9e de lecture estim\u00e9e":"1 minute"},"schema":{"@context":"https:\/\/schema.org","@graph":[{"@type":"WebPage","@id":"https:\/\/www.sunroom.it\/it\/produit\/oskura-verticale\/","url":"https:\/\/www.sunroom.it\/it\/produit\/oskura-verticale\/","name":"Oskura Verticale - Sunroom","isPartOf":{"@id":"https:\/\/www.sunroom.it\/it\/#website"},"primaryImageOfPage":{"@id":"https:\/\/www.sunroom.it\/it\/produit\/oskura-verticale\/#primaryimage"},"image":{"@id":"https:\/\/www.sunroom.it\/it\/produit\/oskura-verticale\/#primaryimage"},"thumbnailUrl":"https:\/\/www.sunroom.it\/wp-content\/uploads\/2020\/07\/OSKURA-VERTICALE_1500X1300_LIMBO.jpg","datePublished":"2020-10-17T19:49:02+00:00","dateModified":"2023-05-09T16:27:34+00:00","breadcrumb":{"@id":"https:\/\/www.sunroom.it\/it\/produit\/oskura-verticale\/#breadcrumb"},"inLanguage":"fr-FR","potentialAction":[{"@type":"ReadAction","target":["https:\/\/www.sunroom.it\/it\/produit\/oskura-verticale\/"]}]},{"@type":"ImageObject","inLanguage":"fr-FR","@id":"https:\/\/www.sunroom.it\/it\/produit\/oskura-verticale\/#primaryimage","url":"https:\/\/www.sunroom.it\/wp-content\/uploads\/2020\/07\/OSKURA-VERTICALE_1500X1300_LIMBO.jpg","contentUrl":"https:\/\/www.sunroom.it\/wp-content\/uploads\/2020\/07\/OSKURA-VERTICALE_1500X1300_LIMBO.jpg","width":1500,"height":1300},{"@type":"BreadcrumbList","@id":"https:\/\/www.sunroom.it\/it\/produit\/oskura-verticale\/#breadcrumb","itemListElement":[{"@type":"ListItem","position":1,"name":"Home","item":"https:\/\/www.sunroom.it\/fr\/"},{"@type":"ListItem","position":2,"name":"Boutique","item":"https:\/\/www.sunroom.it\/fr\/boutique\/"},{"@type":"ListItem","position":3,"name":"Oskura Verticale"}]},{"@type":"WebSite","@id":"https:\/\/www.sunroom.it\/it\/#website","url":"https:\/\/www.sunroom.it\/it\/","name":"Sunroom","description":"Sunroom","publisher":{"@id":"https:\/\/www.sunroom.it\/it\/#organization"},"potentialAction":[{"@type":"SearchAction","target":{"@type":"EntryPoint","urlTemplate":"https:\/\/www.sunroom.it\/it\/?s={search_term_string}"},"query-input":{"@type":"PropertyValueSpecification","valueRequired":true,"valueName":"search_term_string"}}],"inLanguage":"fr-FR"},{"@type":"Organization","@id":"https:\/\/www.sunroom.it\/it\/#organization","name":"Sunroom","url":"https:\/\/www.sunroom.it\/it\/","logo":{"@type":"ImageObject","inLanguage":"fr-FR","@id":"https:\/\/www.sunroom.it\/it\/#\/schema\/logo\/image\/","url":"https:\/\/www.sunroom.it\/wp-content\/uploads\/2021\/07\/sunroom_260x70px.png","contentUrl":"https:\/\/www.sunroom.it\/wp-content\/uploads\/2021\/07\/sunroom_260x70px.png","width":260,"height":70,"caption":"Sunroom"},"image":{"@id":"https:\/\/www.sunroom.it\/it\/#\/schema\/logo\/image\/"}}]}},"_links":{"self":[{"href":"https:\/\/www.sunroom.it\/fr\/wp-json\/wp\/v2\/product\/6334","targetHints":{"allow":["GET"]}}],"collection":[{"href":"https:\/\/www.sunroom.it\/fr\/wp-json\/wp\/v2\/product"}],"about":[{"href":"https:\/\/www.sunroom.it\/fr\/wp-json\/wp\/v2\/types\/product"}],"replies":[{"embeddable":true,"href":"https:\/\/www.sunroom.it\/fr\/wp-json\/wp\/v2\/comments?post=6334"}],"wp:featuredmedia":[{"embeddable":true,"href":"https:\/\/www.sunroom.it\/fr\/wp-json\/wp\/v2\/media\/1490"}],"wp:attachment":[{"href":"https:\/\/www.sunroom.it\/fr\/wp-json\/wp\/v2\/media?parent=6334"}],"wp:term":[{"taxonomy":"product_brand","embeddable":true,"href":"https:\/\/www.sunroom.it\/fr\/wp-json\/wp\/v2\/product_brand?post=6334"},{"taxonomy":"product_cat","embeddable":true,"href":"https:\/\/www.sunroom.it\/fr\/wp-json\/wp\/v2\/product_cat?post=6334"},{"taxonomy":"product_tag","embeddable":true,"href":"https:\/\/www.sunroom.it\/fr\/wp-json\/wp\/v2\/product_tag?post=6334"}],"curies":[{"name":"wp","href":"https:\/\/api.w.org\/{rel}","templated":true}]}}