{"id":6328,"date":"2020-10-17T21:31:23","date_gmt":"2020-10-17T19:49:02","guid":{"rendered":"https:\/\/www.sunroom.it\/prodotto\/motus-tt\/"},"modified":"2023-05-09T18:39:27","modified_gmt":"2023-05-09T16:39:27","slug":"motus-tt","status":"publish","type":"product","link":"https:\/\/www.sunroom.it\/fr\/produit\/motus-tt\/","title":{"rendered":"Motus TT"},"content":{"rendered":"<p>Motus TT est le <strong>syst\u00e8me \u00e0 rupture de pont thermique pour jardins d&rsquo;hiver<\/strong> r\u00e9tractable sur deux tiers de sa surface, muni d&rsquo;une ouverture motoris\u00e9e. Les <strong>vantaux peuvent s&rsquo;ouvrir et se fermer \u00e0 loisir<\/strong>, dans la mesure o\u00f9 ils sont ind\u00e9pendants l&rsquo;un de l&rsquo;autre. Cette solution particuli\u00e8re permet de r\u00e9aliser l&rsquo;exp\u00e9rience de vivre dans sa maison \u00e0 ciel ouvert, en franchissant ainsi la limite entre \u00ab\u00a0int\u00e9rieur\u00a0\u00bb et \u00ab\u00a0ext\u00e9rieur\u00a0\u00bb.<\/p>\n<p>Le jardin d&rsquo;hiver Motus TT est fabriqu\u00e9 avec des <strong>mat\u00e9riaux recherch\u00e9s et \u00e9prouv\u00e9s<\/strong>\u00a0: la structure en profil\u00e9s d&rsquo;aluminium de grandes sections, tels que des poutres, ancr\u00e9es au mur, un canal de goutti\u00e8re et des poteaux de support, garantit une s\u00e9curit\u00e9 et une fiabilit\u00e9 maximales dans le temps. De plus, il n&rsquo;existe plus aucune limite en termes de largeur, dans la mesure o\u00f9 le <strong>caract\u00e8re modulaire <\/strong>du syst\u00e8me permet d&rsquo;assembler une infinit\u00e9 de modules.<\/p>\n<p>Motus TT conjugue <strong>design<\/strong> et <strong>fiabilit\u00e9<\/strong>, pour assurer toujours une fonctionnalit\u00e9 et une dur\u00e9e sup\u00e9rieures. Le choix des <strong>profil\u00e9s \u00e0 rupture de pont thermique<\/strong> repr\u00e9sente la meilleure solution pour \u00e9largir votre maison avec un <strong>milieu unique<\/strong> \u00e0 l&rsquo;abri des intemp\u00e9ries, des bruits et des forts \u00e9carts de temp\u00e9rature, tout en profitant de la nature et de l&rsquo;ext\u00e9rieur tout au long de l&rsquo;ann\u00e9e.<\/p>\n","protected":false},"excerpt":{"rendered":"<p>Motus TT est le syst\u00e8me \u00e0 rupture de pont thermique pour jardins d&rsquo;hiver r\u00e9tractable sur deux tiers de sa surface, muni d&rsquo;une ouverture motoris\u00e9e. Les vantaux peuvent s&rsquo;ouvrir et se fermer \u00e0 loisir, dans la mesure o\u00f9 ils sont ind\u00e9pendants l&rsquo;un de l&rsquo;autre. Cette solution particuli\u00e8re permet de r\u00e9aliser l&rsquo;exp\u00e9rience de vivre dans sa maisonLeggi di pi\u00f9<\/p>\n","protected":false},"featured_media":1463,"comment_status":"closed","ping_status":"closed","template":"","meta":{"_acf_changed":false},"product_brand":[],"product_cat":[241,136],"product_tag":[],"class_list":{"0":"post-6328","1":"product","2":"type-product","3":"status-publish","4":"has-post-thumbnail","6":"product_cat-jardins-dhiver","7":"product_cat-prodotti-fr","8":"cat-product-privati-giardino-e-piscina-fr","9":"cat-product-privati-privati-fr","10":"cat-product-privati-verandas","11":"cat-product-contract-edifici-pubblici-fr","12":"cat-product-contract-contract-fr","13":"cat-product-contract-hotel-fr","14":"cat-product-contract-ristoranti-fr-2","16":"first","17":"instock","18":"product-type-simple"},"acf":[],"yoast_head":"<!-- This site is optimized with the Yoast SEO plugin v27.1 - https:\/\/yoast.com\/product\/yoast-seo-wordpress\/ -->\n<title>Motus TT - Sunroom<\/title>\n<meta name=\"robots\" content=\"index, follow, max-snippet:-1, max-image-preview:large, max-video-preview:-1\" \/>\n<link rel=\"canonical\" href=\"https:\/\/www.sunroom.it\/it\/produit\/motus-tt\/\" \/>\n<meta property=\"og:locale\" content=\"fr_FR\" \/>\n<meta property=\"og:type\" content=\"article\" \/>\n<meta property=\"og:title\" content=\"Motus TT - Sunroom\" \/>\n<meta property=\"og:description\" content=\"Motus TT est le syst\u00e8me \u00e0 rupture de pont thermique pour jardins d&rsquo;hiver r\u00e9tractable sur deux tiers de sa surface, muni d&rsquo;une ouverture motoris\u00e9e. Les vantaux peuvent s&rsquo;ouvrir et se fermer \u00e0 loisir, dans la mesure o\u00f9 ils sont ind\u00e9pendants l&rsquo;un de l&rsquo;autre. Cette solution particuli\u00e8re permet de r\u00e9aliser l&rsquo;exp\u00e9rience de vivre dans sa maisonLeggi di pi\u00f9\" \/>\n<meta property=\"og:url\" content=\"https:\/\/www.sunroom.it\/it\/produit\/motus-tt\/\" \/>\n<meta property=\"og:site_name\" content=\"Sunroom\" \/>\n<meta property=\"article:modified_time\" content=\"2023-05-09T16:39:27+00:00\" \/>\n<meta property=\"og:image\" content=\"https:\/\/www.sunroom.it\/wp-content\/uploads\/2020\/07\/MOTUSTT_1500X1300_LIMBO.jpg\" \/>\n\t<meta property=\"og:image:width\" content=\"1500\" \/>\n\t<meta property=\"og:image:height\" content=\"1300\" \/>\n\t<meta property=\"og:image:type\" content=\"image\/jpeg\" \/>\n<meta name=\"twitter:card\" content=\"summary_large_image\" \/>\n<meta name=\"twitter:label1\" content=\"Dur\u00e9e de lecture estim\u00e9e\" \/>\n\t<meta name=\"twitter:data1\" content=\"2 minutes\" \/>\n<script type=\"application\/ld+json\" class=\"yoast-schema-graph\">{\"@context\":\"https:\/\/schema.org\",\"@graph\":[{\"@type\":\"WebPage\",\"@id\":\"https:\/\/www.sunroom.it\/it\/produit\/motus-tt\/\",\"url\":\"https:\/\/www.sunroom.it\/it\/produit\/motus-tt\/\",\"name\":\"Motus TT - Sunroom\",\"isPartOf\":{\"@id\":\"https:\/\/www.sunroom.it\/it\/#website\"},\"primaryImageOfPage\":{\"@id\":\"https:\/\/www.sunroom.it\/it\/produit\/motus-tt\/#primaryimage\"},\"image\":{\"@id\":\"https:\/\/www.sunroom.it\/it\/produit\/motus-tt\/#primaryimage\"},\"thumbnailUrl\":\"https:\/\/www.sunroom.it\/wp-content\/uploads\/2020\/07\/MOTUSTT_1500X1300_LIMBO.jpg\",\"datePublished\":\"2020-10-17T19:49:02+00:00\",\"dateModified\":\"2023-05-09T16:39:27+00:00\",\"breadcrumb\":{\"@id\":\"https:\/\/www.sunroom.it\/it\/produit\/motus-tt\/#breadcrumb\"},\"inLanguage\":\"fr-FR\",\"potentialAction\":[{\"@type\":\"ReadAction\",\"target\":[\"https:\/\/www.sunroom.it\/it\/produit\/motus-tt\/\"]}]},{\"@type\":\"ImageObject\",\"inLanguage\":\"fr-FR\",\"@id\":\"https:\/\/www.sunroom.it\/it\/produit\/motus-tt\/#primaryimage\",\"url\":\"https:\/\/www.sunroom.it\/wp-content\/uploads\/2020\/07\/MOTUSTT_1500X1300_LIMBO.jpg\",\"contentUrl\":\"https:\/\/www.sunroom.it\/wp-content\/uploads\/2020\/07\/MOTUSTT_1500X1300_LIMBO.jpg\",\"width\":1500,\"height\":1300},{\"@type\":\"BreadcrumbList\",\"@id\":\"https:\/\/www.sunroom.it\/it\/produit\/motus-tt\/#breadcrumb\",\"itemListElement\":[{\"@type\":\"ListItem\",\"position\":1,\"name\":\"Home\",\"item\":\"https:\/\/www.sunroom.it\/fr\/\"},{\"@type\":\"ListItem\",\"position\":2,\"name\":\"Boutique\",\"item\":\"https:\/\/www.sunroom.it\/fr\/boutique\/\"},{\"@type\":\"ListItem\",\"position\":3,\"name\":\"Motus TT\"}]},{\"@type\":\"WebSite\",\"@id\":\"https:\/\/www.sunroom.it\/it\/#website\",\"url\":\"https:\/\/www.sunroom.it\/it\/\",\"name\":\"Sunroom\",\"description\":\"Sunroom\",\"publisher\":{\"@id\":\"https:\/\/www.sunroom.it\/it\/#organization\"},\"potentialAction\":[{\"@type\":\"SearchAction\",\"target\":{\"@type\":\"EntryPoint\",\"urlTemplate\":\"https:\/\/www.sunroom.it\/it\/?s={search_term_string}\"},\"query-input\":{\"@type\":\"PropertyValueSpecification\",\"valueRequired\":true,\"valueName\":\"search_term_string\"}}],\"inLanguage\":\"fr-FR\"},{\"@type\":\"Organization\",\"@id\":\"https:\/\/www.sunroom.it\/it\/#organization\",\"name\":\"Sunroom\",\"url\":\"https:\/\/www.sunroom.it\/it\/\",\"logo\":{\"@type\":\"ImageObject\",\"inLanguage\":\"fr-FR\",\"@id\":\"https:\/\/www.sunroom.it\/it\/#\/schema\/logo\/image\/\",\"url\":\"https:\/\/www.sunroom.it\/wp-content\/uploads\/2021\/07\/sunroom_260x70px.png\",\"contentUrl\":\"https:\/\/www.sunroom.it\/wp-content\/uploads\/2021\/07\/sunroom_260x70px.png\",\"width\":260,\"height\":70,\"caption\":\"Sunroom\"},\"image\":{\"@id\":\"https:\/\/www.sunroom.it\/it\/#\/schema\/logo\/image\/\"}}]}<\/script>\n<!-- \/ Yoast SEO plugin. -->","yoast_head_json":{"title":"Motus TT - Sunroom","robots":{"index":"index","follow":"follow","max-snippet":"max-snippet:-1","max-image-preview":"max-image-preview:large","max-video-preview":"max-video-preview:-1"},"canonical":"https:\/\/www.sunroom.it\/it\/produit\/motus-tt\/","og_locale":"fr_FR","og_type":"article","og_title":"Motus TT - Sunroom","og_description":"Motus TT est le syst\u00e8me \u00e0 rupture de pont thermique pour jardins d&rsquo;hiver r\u00e9tractable sur deux tiers de sa surface, muni d&rsquo;une ouverture motoris\u00e9e. Les vantaux peuvent s&rsquo;ouvrir et se fermer \u00e0 loisir, dans la mesure o\u00f9 ils sont ind\u00e9pendants l&rsquo;un de l&rsquo;autre. Cette solution particuli\u00e8re permet de r\u00e9aliser l&rsquo;exp\u00e9rience de vivre dans sa maisonLeggi di pi\u00f9","og_url":"https:\/\/www.sunroom.it\/it\/produit\/motus-tt\/","og_site_name":"Sunroom","article_modified_time":"2023-05-09T16:39:27+00:00","og_image":[{"width":1500,"height":1300,"url":"https:\/\/www.sunroom.it\/wp-content\/uploads\/2020\/07\/MOTUSTT_1500X1300_LIMBO.jpg","type":"image\/jpeg"}],"twitter_card":"summary_large_image","twitter_misc":{"Dur\u00e9e de lecture estim\u00e9e":"2 minutes"},"schema":{"@context":"https:\/\/schema.org","@graph":[{"@type":"WebPage","@id":"https:\/\/www.sunroom.it\/it\/produit\/motus-tt\/","url":"https:\/\/www.sunroom.it\/it\/produit\/motus-tt\/","name":"Motus TT - Sunroom","isPartOf":{"@id":"https:\/\/www.sunroom.it\/it\/#website"},"primaryImageOfPage":{"@id":"https:\/\/www.sunroom.it\/it\/produit\/motus-tt\/#primaryimage"},"image":{"@id":"https:\/\/www.sunroom.it\/it\/produit\/motus-tt\/#primaryimage"},"thumbnailUrl":"https:\/\/www.sunroom.it\/wp-content\/uploads\/2020\/07\/MOTUSTT_1500X1300_LIMBO.jpg","datePublished":"2020-10-17T19:49:02+00:00","dateModified":"2023-05-09T16:39:27+00:00","breadcrumb":{"@id":"https:\/\/www.sunroom.it\/it\/produit\/motus-tt\/#breadcrumb"},"inLanguage":"fr-FR","potentialAction":[{"@type":"ReadAction","target":["https:\/\/www.sunroom.it\/it\/produit\/motus-tt\/"]}]},{"@type":"ImageObject","inLanguage":"fr-FR","@id":"https:\/\/www.sunroom.it\/it\/produit\/motus-tt\/#primaryimage","url":"https:\/\/www.sunroom.it\/wp-content\/uploads\/2020\/07\/MOTUSTT_1500X1300_LIMBO.jpg","contentUrl":"https:\/\/www.sunroom.it\/wp-content\/uploads\/2020\/07\/MOTUSTT_1500X1300_LIMBO.jpg","width":1500,"height":1300},{"@type":"BreadcrumbList","@id":"https:\/\/www.sunroom.it\/it\/produit\/motus-tt\/#breadcrumb","itemListElement":[{"@type":"ListItem","position":1,"name":"Home","item":"https:\/\/www.sunroom.it\/fr\/"},{"@type":"ListItem","position":2,"name":"Boutique","item":"https:\/\/www.sunroom.it\/fr\/boutique\/"},{"@type":"ListItem","position":3,"name":"Motus TT"}]},{"@type":"WebSite","@id":"https:\/\/www.sunroom.it\/it\/#website","url":"https:\/\/www.sunroom.it\/it\/","name":"Sunroom","description":"Sunroom","publisher":{"@id":"https:\/\/www.sunroom.it\/it\/#organization"},"potentialAction":[{"@type":"SearchAction","target":{"@type":"EntryPoint","urlTemplate":"https:\/\/www.sunroom.it\/it\/?s={search_term_string}"},"query-input":{"@type":"PropertyValueSpecification","valueRequired":true,"valueName":"search_term_string"}}],"inLanguage":"fr-FR"},{"@type":"Organization","@id":"https:\/\/www.sunroom.it\/it\/#organization","name":"Sunroom","url":"https:\/\/www.sunroom.it\/it\/","logo":{"@type":"ImageObject","inLanguage":"fr-FR","@id":"https:\/\/www.sunroom.it\/it\/#\/schema\/logo\/image\/","url":"https:\/\/www.sunroom.it\/wp-content\/uploads\/2021\/07\/sunroom_260x70px.png","contentUrl":"https:\/\/www.sunroom.it\/wp-content\/uploads\/2021\/07\/sunroom_260x70px.png","width":260,"height":70,"caption":"Sunroom"},"image":{"@id":"https:\/\/www.sunroom.it\/it\/#\/schema\/logo\/image\/"}}]}},"_links":{"self":[{"href":"https:\/\/www.sunroom.it\/fr\/wp-json\/wp\/v2\/product\/6328","targetHints":{"allow":["GET"]}}],"collection":[{"href":"https:\/\/www.sunroom.it\/fr\/wp-json\/wp\/v2\/product"}],"about":[{"href":"https:\/\/www.sunroom.it\/fr\/wp-json\/wp\/v2\/types\/product"}],"replies":[{"embeddable":true,"href":"https:\/\/www.sunroom.it\/fr\/wp-json\/wp\/v2\/comments?post=6328"}],"wp:featuredmedia":[{"embeddable":true,"href":"https:\/\/www.sunroom.it\/fr\/wp-json\/wp\/v2\/media\/1463"}],"wp:attachment":[{"href":"https:\/\/www.sunroom.it\/fr\/wp-json\/wp\/v2\/media?parent=6328"}],"wp:term":[{"taxonomy":"product_brand","embeddable":true,"href":"https:\/\/www.sunroom.it\/fr\/wp-json\/wp\/v2\/product_brand?post=6328"},{"taxonomy":"product_cat","embeddable":true,"href":"https:\/\/www.sunroom.it\/fr\/wp-json\/wp\/v2\/product_cat?post=6328"},{"taxonomy":"product_tag","embeddable":true,"href":"https:\/\/www.sunroom.it\/fr\/wp-json\/wp\/v2\/product_tag?post=6328"}],"curies":[{"name":"wp","href":"https:\/\/api.w.org\/{rel}","templated":true}]}}