{"id":6316,"date":"2020-10-17T21:31:23","date_gmt":"2020-10-17T19:49:02","guid":{"rendered":"https:\/\/www.sunroom.it\/prodotto\/puro\/"},"modified":"2023-05-09T18:38:32","modified_gmt":"2023-05-09T16:38:32","slug":"puro","status":"publish","type":"product","link":"https:\/\/www.sunroom.it\/fr\/produit\/puro\/","title":{"rendered":"Puro"},"content":{"rendered":"<p>Puro est la <strong>serre solaire bioclimatique<\/strong> qui fournit une approche respectueuse de l&rsquo;environnement. Ses composants principaux, le vitrage et l&rsquo;aluminium, permettent d&#8217;emmagasiner de l&rsquo;\u00e9nergie solaire durant la journ\u00e9e et de r\u00e9duire la d\u00e9perdition durant les heures les plus fra\u00eeches. Le bioclimat int\u00e9rieur est favoris\u00e9 par le d\u00e9bit d&rsquo;air ext\u00e9rieur entrant par les ouvertures vitr\u00e9es longeant le p\u00e9rim\u00e8tre (coulissantes, pliantes ou les Baies vitr\u00e9es Tuttovetro, en fonction des besoins). De plus, si la serre solaire Puro est munie, par exemple, d&rsquo;une fen\u00eatre dans la toiture (lucarne), la chaleur s&rsquo;accumulant montera vers la partie sup\u00e9rieure, \u00e9vitant ainsi une surchauffe. Outre les atouts en termes d&rsquo;\u00e9conomie d&rsquo;\u00e9nergie, Puro ne renonce pas \u00e0 un design innovant\u00a0: sa structure plate est unique en son genre et particuli\u00e8rement adapt\u00e9e pour des b\u00e2timents modernes \u00e0 la forte personnalit\u00e9.<\/p>\n<p>Comme toutes les serres solaires bioclimatiques Sunroom, elle est construite en aluminium qui, en plus d&rsquo;\u00eatre un mat\u00e9riau compl\u00e8tement recyclable, peut \u00eatre fourni en une gamme de couleurs infinie. De ce fait, il permet \u00e0 la structure de s&rsquo;int\u00e9grer parfaitement dans l&rsquo;environnement qui l&rsquo;entoure.<\/p>\n","protected":false},"excerpt":{"rendered":"<p>Puro est la serre solaire bioclimatique qui fournit une approche respectueuse de l&rsquo;environnement. Ses composants principaux, le vitrage et l&rsquo;aluminium, permettent d&#8217;emmagasiner de l&rsquo;\u00e9nergie solaire durant la journ\u00e9e et de r\u00e9duire la d\u00e9perdition durant les heures les plus fra\u00eeches. Le bioclimat int\u00e9rieur est favoris\u00e9 par le d\u00e9bit d&rsquo;air ext\u00e9rieur entrant par les ouvertures vitr\u00e9es longeantLeggi di pi\u00f9<\/p>\n","protected":false},"featured_media":1623,"comment_status":"closed","ping_status":"closed","template":"","meta":{"_acf_changed":false},"product_brand":[],"product_cat":[136,148],"product_tag":[],"class_list":{"0":"post-6316","1":"product","2":"type-product","3":"status-publish","4":"has-post-thumbnail","6":"product_cat-prodotti-fr","7":"product_cat-serres-solaires-bioclimatiques","8":"cat-product-privati-giardino-e-piscina-fr","9":"cat-product-privati-privati-fr","10":"cat-product-privati-serre-fr","11":"cat-product-privati-verandas","12":"cat-product-contract-edifici-pubblici-fr","13":"cat-product-contract-contract-fr","15":"first","16":"instock","17":"product-type-simple"},"acf":[],"yoast_head":"<!-- This site is optimized with the Yoast SEO plugin v27.1 - https:\/\/yoast.com\/product\/yoast-seo-wordpress\/ -->\n<title>Puro - Sunroom<\/title>\n<meta name=\"robots\" content=\"index, follow, max-snippet:-1, max-image-preview:large, max-video-preview:-1\" \/>\n<link rel=\"canonical\" href=\"https:\/\/www.sunroom.it\/it\/produit\/puro\/\" \/>\n<meta property=\"og:locale\" content=\"fr_FR\" \/>\n<meta property=\"og:type\" content=\"article\" \/>\n<meta property=\"og:title\" content=\"Puro - Sunroom\" \/>\n<meta property=\"og:description\" content=\"Puro est la serre solaire bioclimatique qui fournit une approche respectueuse de l&rsquo;environnement. Ses composants principaux, le vitrage et l&rsquo;aluminium, permettent d&#8217;emmagasiner de l&rsquo;\u00e9nergie solaire durant la journ\u00e9e et de r\u00e9duire la d\u00e9perdition durant les heures les plus fra\u00eeches. Le bioclimat int\u00e9rieur est favoris\u00e9 par le d\u00e9bit d&rsquo;air ext\u00e9rieur entrant par les ouvertures vitr\u00e9es longeantLeggi di pi\u00f9\" \/>\n<meta property=\"og:url\" content=\"https:\/\/www.sunroom.it\/it\/produit\/puro\/\" \/>\n<meta property=\"og:site_name\" content=\"Sunroom\" \/>\n<meta property=\"article:modified_time\" content=\"2023-05-09T16:38:32+00:00\" \/>\n<meta property=\"og:image\" content=\"https:\/\/www.sunroom.it\/wp-content\/uploads\/2020\/04\/PURO_1500X1300_LIMBO.jpg\" \/>\n\t<meta property=\"og:image:width\" content=\"1500\" \/>\n\t<meta property=\"og:image:height\" content=\"1300\" \/>\n\t<meta property=\"og:image:type\" content=\"image\/jpeg\" \/>\n<meta name=\"twitter:card\" content=\"summary_large_image\" \/>\n<meta name=\"twitter:label1\" content=\"Dur\u00e9e de lecture estim\u00e9e\" \/>\n\t<meta name=\"twitter:data1\" content=\"1 minute\" \/>\n<script type=\"application\/ld+json\" class=\"yoast-schema-graph\">{\"@context\":\"https:\/\/schema.org\",\"@graph\":[{\"@type\":\"WebPage\",\"@id\":\"https:\/\/www.sunroom.it\/it\/produit\/puro\/\",\"url\":\"https:\/\/www.sunroom.it\/it\/produit\/puro\/\",\"name\":\"Puro - Sunroom\",\"isPartOf\":{\"@id\":\"https:\/\/www.sunroom.it\/it\/#website\"},\"primaryImageOfPage\":{\"@id\":\"https:\/\/www.sunroom.it\/it\/produit\/puro\/#primaryimage\"},\"image\":{\"@id\":\"https:\/\/www.sunroom.it\/it\/produit\/puro\/#primaryimage\"},\"thumbnailUrl\":\"https:\/\/www.sunroom.it\/wp-content\/uploads\/2020\/04\/PURO_1500X1300_LIMBO.jpg\",\"datePublished\":\"2020-10-17T19:49:02+00:00\",\"dateModified\":\"2023-05-09T16:38:32+00:00\",\"breadcrumb\":{\"@id\":\"https:\/\/www.sunroom.it\/it\/produit\/puro\/#breadcrumb\"},\"inLanguage\":\"fr-FR\",\"potentialAction\":[{\"@type\":\"ReadAction\",\"target\":[\"https:\/\/www.sunroom.it\/it\/produit\/puro\/\"]}]},{\"@type\":\"ImageObject\",\"inLanguage\":\"fr-FR\",\"@id\":\"https:\/\/www.sunroom.it\/it\/produit\/puro\/#primaryimage\",\"url\":\"https:\/\/www.sunroom.it\/wp-content\/uploads\/2020\/04\/PURO_1500X1300_LIMBO.jpg\",\"contentUrl\":\"https:\/\/www.sunroom.it\/wp-content\/uploads\/2020\/04\/PURO_1500X1300_LIMBO.jpg\",\"width\":1500,\"height\":1300},{\"@type\":\"BreadcrumbList\",\"@id\":\"https:\/\/www.sunroom.it\/it\/produit\/puro\/#breadcrumb\",\"itemListElement\":[{\"@type\":\"ListItem\",\"position\":1,\"name\":\"Home\",\"item\":\"https:\/\/www.sunroom.it\/fr\/\"},{\"@type\":\"ListItem\",\"position\":2,\"name\":\"Boutique\",\"item\":\"https:\/\/www.sunroom.it\/fr\/boutique\/\"},{\"@type\":\"ListItem\",\"position\":3,\"name\":\"Puro\"}]},{\"@type\":\"WebSite\",\"@id\":\"https:\/\/www.sunroom.it\/it\/#website\",\"url\":\"https:\/\/www.sunroom.it\/it\/\",\"name\":\"Sunroom\",\"description\":\"Sunroom\",\"publisher\":{\"@id\":\"https:\/\/www.sunroom.it\/it\/#organization\"},\"potentialAction\":[{\"@type\":\"SearchAction\",\"target\":{\"@type\":\"EntryPoint\",\"urlTemplate\":\"https:\/\/www.sunroom.it\/it\/?s={search_term_string}\"},\"query-input\":{\"@type\":\"PropertyValueSpecification\",\"valueRequired\":true,\"valueName\":\"search_term_string\"}}],\"inLanguage\":\"fr-FR\"},{\"@type\":\"Organization\",\"@id\":\"https:\/\/www.sunroom.it\/it\/#organization\",\"name\":\"Sunroom\",\"url\":\"https:\/\/www.sunroom.it\/it\/\",\"logo\":{\"@type\":\"ImageObject\",\"inLanguage\":\"fr-FR\",\"@id\":\"https:\/\/www.sunroom.it\/it\/#\/schema\/logo\/image\/\",\"url\":\"https:\/\/www.sunroom.it\/wp-content\/uploads\/2021\/07\/sunroom_260x70px.png\",\"contentUrl\":\"https:\/\/www.sunroom.it\/wp-content\/uploads\/2021\/07\/sunroom_260x70px.png\",\"width\":260,\"height\":70,\"caption\":\"Sunroom\"},\"image\":{\"@id\":\"https:\/\/www.sunroom.it\/it\/#\/schema\/logo\/image\/\"}}]}<\/script>\n<!-- \/ Yoast SEO plugin. -->","yoast_head_json":{"title":"Puro - Sunroom","robots":{"index":"index","follow":"follow","max-snippet":"max-snippet:-1","max-image-preview":"max-image-preview:large","max-video-preview":"max-video-preview:-1"},"canonical":"https:\/\/www.sunroom.it\/it\/produit\/puro\/","og_locale":"fr_FR","og_type":"article","og_title":"Puro - Sunroom","og_description":"Puro est la serre solaire bioclimatique qui fournit une approche respectueuse de l&rsquo;environnement. Ses composants principaux, le vitrage et l&rsquo;aluminium, permettent d&#8217;emmagasiner de l&rsquo;\u00e9nergie solaire durant la journ\u00e9e et de r\u00e9duire la d\u00e9perdition durant les heures les plus fra\u00eeches. Le bioclimat int\u00e9rieur est favoris\u00e9 par le d\u00e9bit d&rsquo;air ext\u00e9rieur entrant par les ouvertures vitr\u00e9es longeantLeggi di pi\u00f9","og_url":"https:\/\/www.sunroom.it\/it\/produit\/puro\/","og_site_name":"Sunroom","article_modified_time":"2023-05-09T16:38:32+00:00","og_image":[{"width":1500,"height":1300,"url":"https:\/\/www.sunroom.it\/wp-content\/uploads\/2020\/04\/PURO_1500X1300_LIMBO.jpg","type":"image\/jpeg"}],"twitter_card":"summary_large_image","twitter_misc":{"Dur\u00e9e de lecture estim\u00e9e":"1 minute"},"schema":{"@context":"https:\/\/schema.org","@graph":[{"@type":"WebPage","@id":"https:\/\/www.sunroom.it\/it\/produit\/puro\/","url":"https:\/\/www.sunroom.it\/it\/produit\/puro\/","name":"Puro - Sunroom","isPartOf":{"@id":"https:\/\/www.sunroom.it\/it\/#website"},"primaryImageOfPage":{"@id":"https:\/\/www.sunroom.it\/it\/produit\/puro\/#primaryimage"},"image":{"@id":"https:\/\/www.sunroom.it\/it\/produit\/puro\/#primaryimage"},"thumbnailUrl":"https:\/\/www.sunroom.it\/wp-content\/uploads\/2020\/04\/PURO_1500X1300_LIMBO.jpg","datePublished":"2020-10-17T19:49:02+00:00","dateModified":"2023-05-09T16:38:32+00:00","breadcrumb":{"@id":"https:\/\/www.sunroom.it\/it\/produit\/puro\/#breadcrumb"},"inLanguage":"fr-FR","potentialAction":[{"@type":"ReadAction","target":["https:\/\/www.sunroom.it\/it\/produit\/puro\/"]}]},{"@type":"ImageObject","inLanguage":"fr-FR","@id":"https:\/\/www.sunroom.it\/it\/produit\/puro\/#primaryimage","url":"https:\/\/www.sunroom.it\/wp-content\/uploads\/2020\/04\/PURO_1500X1300_LIMBO.jpg","contentUrl":"https:\/\/www.sunroom.it\/wp-content\/uploads\/2020\/04\/PURO_1500X1300_LIMBO.jpg","width":1500,"height":1300},{"@type":"BreadcrumbList","@id":"https:\/\/www.sunroom.it\/it\/produit\/puro\/#breadcrumb","itemListElement":[{"@type":"ListItem","position":1,"name":"Home","item":"https:\/\/www.sunroom.it\/fr\/"},{"@type":"ListItem","position":2,"name":"Boutique","item":"https:\/\/www.sunroom.it\/fr\/boutique\/"},{"@type":"ListItem","position":3,"name":"Puro"}]},{"@type":"WebSite","@id":"https:\/\/www.sunroom.it\/it\/#website","url":"https:\/\/www.sunroom.it\/it\/","name":"Sunroom","description":"Sunroom","publisher":{"@id":"https:\/\/www.sunroom.it\/it\/#organization"},"potentialAction":[{"@type":"SearchAction","target":{"@type":"EntryPoint","urlTemplate":"https:\/\/www.sunroom.it\/it\/?s={search_term_string}"},"query-input":{"@type":"PropertyValueSpecification","valueRequired":true,"valueName":"search_term_string"}}],"inLanguage":"fr-FR"},{"@type":"Organization","@id":"https:\/\/www.sunroom.it\/it\/#organization","name":"Sunroom","url":"https:\/\/www.sunroom.it\/it\/","logo":{"@type":"ImageObject","inLanguage":"fr-FR","@id":"https:\/\/www.sunroom.it\/it\/#\/schema\/logo\/image\/","url":"https:\/\/www.sunroom.it\/wp-content\/uploads\/2021\/07\/sunroom_260x70px.png","contentUrl":"https:\/\/www.sunroom.it\/wp-content\/uploads\/2021\/07\/sunroom_260x70px.png","width":260,"height":70,"caption":"Sunroom"},"image":{"@id":"https:\/\/www.sunroom.it\/it\/#\/schema\/logo\/image\/"}}]}},"_links":{"self":[{"href":"https:\/\/www.sunroom.it\/fr\/wp-json\/wp\/v2\/product\/6316","targetHints":{"allow":["GET"]}}],"collection":[{"href":"https:\/\/www.sunroom.it\/fr\/wp-json\/wp\/v2\/product"}],"about":[{"href":"https:\/\/www.sunroom.it\/fr\/wp-json\/wp\/v2\/types\/product"}],"replies":[{"embeddable":true,"href":"https:\/\/www.sunroom.it\/fr\/wp-json\/wp\/v2\/comments?post=6316"}],"wp:featuredmedia":[{"embeddable":true,"href":"https:\/\/www.sunroom.it\/fr\/wp-json\/wp\/v2\/media\/1623"}],"wp:attachment":[{"href":"https:\/\/www.sunroom.it\/fr\/wp-json\/wp\/v2\/media?parent=6316"}],"wp:term":[{"taxonomy":"product_brand","embeddable":true,"href":"https:\/\/www.sunroom.it\/fr\/wp-json\/wp\/v2\/product_brand?post=6316"},{"taxonomy":"product_cat","embeddable":true,"href":"https:\/\/www.sunroom.it\/fr\/wp-json\/wp\/v2\/product_cat?post=6316"},{"taxonomy":"product_tag","embeddable":true,"href":"https:\/\/www.sunroom.it\/fr\/wp-json\/wp\/v2\/product_tag?post=6316"}],"curies":[{"name":"wp","href":"https:\/\/api.w.org\/{rel}","templated":true}]}}