{"id":6310,"date":"2020-10-17T21:31:23","date_gmt":"2020-10-17T19:49:02","guid":{"rendered":"https:\/\/www.sunroom.it\/prodotto\/tuttovetro-slide\/"},"modified":"2023-05-09T18:36:42","modified_gmt":"2023-05-09T16:36:42","slug":"tuttovetro-slide","status":"publish","type":"product","link":"https:\/\/www.sunroom.it\/fr\/produit\/tuttovetro-slide\/","title":{"rendered":"Tuttovetro Slide"},"content":{"rendered":"<p>Une ouverture vitr\u00e9e rev\u00eat une importance remarquable pour la d\u00e9finition de votre milieu\u00a0: elle repr\u00e9sente sa <strong>vue sur l&rsquo;ext\u00e9rieur<\/strong> et valorise ses espaces.<\/p>\n<p>Le syst\u00e8me Tuttovetro Slide est la <strong>solution minimaliste<\/strong>&#8211; en termes d&rsquo;impact esth\u00e9tique &#8211; <strong>durable<\/strong> et r\u00e9sistante dans le temps, que pr\u00e9f\u00e8rent les personnes recherchant une garantie de stabilit\u00e9 et un style inimitable. <strong>D\u00e9pourvus de profil\u00e9s verticaux<\/strong>, les vantaux, sont toujours fabriqu\u00e9s<strong> sur mesure<\/strong> en <strong>vitrage tremp\u00e9,<\/strong> pour une s\u00e9curit\u00e9 maximale. De plus, le vitrage favorise la r\u00e9duction de toute pollution acoustique \u00e9ventuelle provenant de l&rsquo;ext\u00e9rieur et augmente le confort de vie.<\/p>\n<p>Gr\u00e2ce au <strong>syst\u00e8me<\/strong> <strong>coulissant parall\u00e8le<\/strong> <strong>Tuttovetro Slide<\/strong>, vous pourrez personnaliser de fa\u00e7on \u00e9l\u00e9gante et innovante votre pergola bioclimatique, votre balcon, votre patio ou n&rsquo;importe quel autre espace ext\u00e9rieur. Les <strong>accessoires en acier inoxydable<\/strong>, la qualit\u00e9 des mat\u00e9riaux employ\u00e9s, le souci des d\u00e9tails et, naturellement, la longue exp\u00e9rience en termes de r\u00e9alisation de Baies vitr\u00e9es feront la diff\u00e9rence dans le choix de ce type d&rsquo;\u00e9l\u00e9ments architecturaux pour votre maison ou votre activit\u00e9.<\/p>\n","protected":false},"excerpt":{"rendered":"<p>Une ouverture vitr\u00e9e rev\u00eat une importance remarquable pour la d\u00e9finition de votre milieu\u00a0: elle repr\u00e9sente sa vue sur l&rsquo;ext\u00e9rieur et valorise ses espaces. Le syst\u00e8me Tuttovetro Slide est la solution minimaliste&#8211; en termes d&rsquo;impact esth\u00e9tique &#8211; durable et r\u00e9sistante dans le temps, que pr\u00e9f\u00e8rent les personnes recherchant une garantie de stabilit\u00e9 et un style inimitable.Leggi di pi\u00f9<\/p>\n","protected":false},"featured_media":1749,"comment_status":"closed","ping_status":"closed","template":"","meta":{"_acf_changed":false},"product_brand":[],"product_cat":[136,151],"product_tag":[],"class_list":{"0":"post-6310","1":"product","2":"type-product","3":"status-publish","4":"has-post-thumbnail","6":"product_cat-prodotti-fr","7":"product_cat-systemes-tuttovetro","8":"cat-product-privati-vetrate-fr","9":"cat-product-privati-balconi-e-facciate-fr","10":"cat-product-privati-patio-fr","11":"cat-product-privati-privati-fr","12":"cat-product-privati-serre-fr","13":"cat-product-privati-verandas","14":"cat-product-contract-bar-fr","15":"cat-product-contract-edifici-pubblici-fr","16":"cat-product-contract-contract-fr","17":"cat-product-contract-etablissements-balneaire","18":"cat-product-contract-gelaterie-fr","19":"cat-product-contract-hotel-fr","20":"cat-product-contract-ristoranti-fr-2","22":"first","23":"instock","24":"product-type-simple"},"acf":[],"yoast_head":"<!-- This site is optimized with the Yoast SEO plugin v27.1 - https:\/\/yoast.com\/product\/yoast-seo-wordpress\/ -->\n<title>Tuttovetro Slide - Sunroom<\/title>\n<meta name=\"robots\" content=\"index, follow, max-snippet:-1, max-image-preview:large, max-video-preview:-1\" \/>\n<link rel=\"canonical\" href=\"https:\/\/www.sunroom.it\/it\/produit\/tuttovetro-slide\/\" \/>\n<meta property=\"og:locale\" content=\"fr_FR\" \/>\n<meta property=\"og:type\" content=\"article\" \/>\n<meta property=\"og:title\" content=\"Tuttovetro Slide - Sunroom\" \/>\n<meta property=\"og:description\" content=\"Une ouverture vitr\u00e9e rev\u00eat une importance remarquable pour la d\u00e9finition de votre milieu\u00a0: elle repr\u00e9sente sa vue sur l&rsquo;ext\u00e9rieur et valorise ses espaces. Le syst\u00e8me Tuttovetro Slide est la solution minimaliste&#8211; en termes d&rsquo;impact esth\u00e9tique &#8211; durable et r\u00e9sistante dans le temps, que pr\u00e9f\u00e8rent les personnes recherchant une garantie de stabilit\u00e9 et un style inimitable.Leggi di pi\u00f9\" \/>\n<meta property=\"og:url\" content=\"https:\/\/www.sunroom.it\/it\/produit\/tuttovetro-slide\/\" \/>\n<meta property=\"og:site_name\" content=\"Sunroom\" \/>\n<meta property=\"article:modified_time\" content=\"2023-05-09T16:36:42+00:00\" \/>\n<meta property=\"og:image\" content=\"https:\/\/www.sunroom.it\/wp-content\/uploads\/2020\/04\/TUTTOVETRO-SLIDE_1500x1300_LIMBO.jpg\" \/>\n\t<meta property=\"og:image:width\" content=\"1500\" \/>\n\t<meta property=\"og:image:height\" content=\"1300\" \/>\n\t<meta property=\"og:image:type\" content=\"image\/jpeg\" \/>\n<meta name=\"twitter:card\" content=\"summary_large_image\" \/>\n<meta name=\"twitter:label1\" content=\"Dur\u00e9e de lecture estim\u00e9e\" \/>\n\t<meta name=\"twitter:data1\" content=\"1 minute\" \/>\n<script type=\"application\/ld+json\" class=\"yoast-schema-graph\">{\"@context\":\"https:\/\/schema.org\",\"@graph\":[{\"@type\":\"WebPage\",\"@id\":\"https:\/\/www.sunroom.it\/it\/produit\/tuttovetro-slide\/\",\"url\":\"https:\/\/www.sunroom.it\/it\/produit\/tuttovetro-slide\/\",\"name\":\"Tuttovetro Slide - Sunroom\",\"isPartOf\":{\"@id\":\"https:\/\/www.sunroom.it\/it\/#website\"},\"primaryImageOfPage\":{\"@id\":\"https:\/\/www.sunroom.it\/it\/produit\/tuttovetro-slide\/#primaryimage\"},\"image\":{\"@id\":\"https:\/\/www.sunroom.it\/it\/produit\/tuttovetro-slide\/#primaryimage\"},\"thumbnailUrl\":\"https:\/\/www.sunroom.it\/wp-content\/uploads\/2020\/04\/TUTTOVETRO-SLIDE_1500x1300_LIMBO.jpg\",\"datePublished\":\"2020-10-17T19:49:02+00:00\",\"dateModified\":\"2023-05-09T16:36:42+00:00\",\"breadcrumb\":{\"@id\":\"https:\/\/www.sunroom.it\/it\/produit\/tuttovetro-slide\/#breadcrumb\"},\"inLanguage\":\"fr-FR\",\"potentialAction\":[{\"@type\":\"ReadAction\",\"target\":[\"https:\/\/www.sunroom.it\/it\/produit\/tuttovetro-slide\/\"]}]},{\"@type\":\"ImageObject\",\"inLanguage\":\"fr-FR\",\"@id\":\"https:\/\/www.sunroom.it\/it\/produit\/tuttovetro-slide\/#primaryimage\",\"url\":\"https:\/\/www.sunroom.it\/wp-content\/uploads\/2020\/04\/TUTTOVETRO-SLIDE_1500x1300_LIMBO.jpg\",\"contentUrl\":\"https:\/\/www.sunroom.it\/wp-content\/uploads\/2020\/04\/TUTTOVETRO-SLIDE_1500x1300_LIMBO.jpg\",\"width\":1500,\"height\":1300},{\"@type\":\"BreadcrumbList\",\"@id\":\"https:\/\/www.sunroom.it\/it\/produit\/tuttovetro-slide\/#breadcrumb\",\"itemListElement\":[{\"@type\":\"ListItem\",\"position\":1,\"name\":\"Home\",\"item\":\"https:\/\/www.sunroom.it\/fr\/\"},{\"@type\":\"ListItem\",\"position\":2,\"name\":\"Boutique\",\"item\":\"https:\/\/www.sunroom.it\/fr\/boutique\/\"},{\"@type\":\"ListItem\",\"position\":3,\"name\":\"Tuttovetro Slide\"}]},{\"@type\":\"WebSite\",\"@id\":\"https:\/\/www.sunroom.it\/it\/#website\",\"url\":\"https:\/\/www.sunroom.it\/it\/\",\"name\":\"Sunroom\",\"description\":\"Sunroom\",\"publisher\":{\"@id\":\"https:\/\/www.sunroom.it\/it\/#organization\"},\"potentialAction\":[{\"@type\":\"SearchAction\",\"target\":{\"@type\":\"EntryPoint\",\"urlTemplate\":\"https:\/\/www.sunroom.it\/it\/?s={search_term_string}\"},\"query-input\":{\"@type\":\"PropertyValueSpecification\",\"valueRequired\":true,\"valueName\":\"search_term_string\"}}],\"inLanguage\":\"fr-FR\"},{\"@type\":\"Organization\",\"@id\":\"https:\/\/www.sunroom.it\/it\/#organization\",\"name\":\"Sunroom\",\"url\":\"https:\/\/www.sunroom.it\/it\/\",\"logo\":{\"@type\":\"ImageObject\",\"inLanguage\":\"fr-FR\",\"@id\":\"https:\/\/www.sunroom.it\/it\/#\/schema\/logo\/image\/\",\"url\":\"https:\/\/www.sunroom.it\/wp-content\/uploads\/2021\/07\/sunroom_260x70px.png\",\"contentUrl\":\"https:\/\/www.sunroom.it\/wp-content\/uploads\/2021\/07\/sunroom_260x70px.png\",\"width\":260,\"height\":70,\"caption\":\"Sunroom\"},\"image\":{\"@id\":\"https:\/\/www.sunroom.it\/it\/#\/schema\/logo\/image\/\"}}]}<\/script>\n<!-- \/ Yoast SEO plugin. -->","yoast_head_json":{"title":"Tuttovetro Slide - Sunroom","robots":{"index":"index","follow":"follow","max-snippet":"max-snippet:-1","max-image-preview":"max-image-preview:large","max-video-preview":"max-video-preview:-1"},"canonical":"https:\/\/www.sunroom.it\/it\/produit\/tuttovetro-slide\/","og_locale":"fr_FR","og_type":"article","og_title":"Tuttovetro Slide - Sunroom","og_description":"Une ouverture vitr\u00e9e rev\u00eat une importance remarquable pour la d\u00e9finition de votre milieu\u00a0: elle repr\u00e9sente sa vue sur l&rsquo;ext\u00e9rieur et valorise ses espaces. Le syst\u00e8me Tuttovetro Slide est la solution minimaliste&#8211; en termes d&rsquo;impact esth\u00e9tique &#8211; durable et r\u00e9sistante dans le temps, que pr\u00e9f\u00e8rent les personnes recherchant une garantie de stabilit\u00e9 et un style inimitable.Leggi di pi\u00f9","og_url":"https:\/\/www.sunroom.it\/it\/produit\/tuttovetro-slide\/","og_site_name":"Sunroom","article_modified_time":"2023-05-09T16:36:42+00:00","og_image":[{"width":1500,"height":1300,"url":"https:\/\/www.sunroom.it\/wp-content\/uploads\/2020\/04\/TUTTOVETRO-SLIDE_1500x1300_LIMBO.jpg","type":"image\/jpeg"}],"twitter_card":"summary_large_image","twitter_misc":{"Dur\u00e9e de lecture estim\u00e9e":"1 minute"},"schema":{"@context":"https:\/\/schema.org","@graph":[{"@type":"WebPage","@id":"https:\/\/www.sunroom.it\/it\/produit\/tuttovetro-slide\/","url":"https:\/\/www.sunroom.it\/it\/produit\/tuttovetro-slide\/","name":"Tuttovetro Slide - Sunroom","isPartOf":{"@id":"https:\/\/www.sunroom.it\/it\/#website"},"primaryImageOfPage":{"@id":"https:\/\/www.sunroom.it\/it\/produit\/tuttovetro-slide\/#primaryimage"},"image":{"@id":"https:\/\/www.sunroom.it\/it\/produit\/tuttovetro-slide\/#primaryimage"},"thumbnailUrl":"https:\/\/www.sunroom.it\/wp-content\/uploads\/2020\/04\/TUTTOVETRO-SLIDE_1500x1300_LIMBO.jpg","datePublished":"2020-10-17T19:49:02+00:00","dateModified":"2023-05-09T16:36:42+00:00","breadcrumb":{"@id":"https:\/\/www.sunroom.it\/it\/produit\/tuttovetro-slide\/#breadcrumb"},"inLanguage":"fr-FR","potentialAction":[{"@type":"ReadAction","target":["https:\/\/www.sunroom.it\/it\/produit\/tuttovetro-slide\/"]}]},{"@type":"ImageObject","inLanguage":"fr-FR","@id":"https:\/\/www.sunroom.it\/it\/produit\/tuttovetro-slide\/#primaryimage","url":"https:\/\/www.sunroom.it\/wp-content\/uploads\/2020\/04\/TUTTOVETRO-SLIDE_1500x1300_LIMBO.jpg","contentUrl":"https:\/\/www.sunroom.it\/wp-content\/uploads\/2020\/04\/TUTTOVETRO-SLIDE_1500x1300_LIMBO.jpg","width":1500,"height":1300},{"@type":"BreadcrumbList","@id":"https:\/\/www.sunroom.it\/it\/produit\/tuttovetro-slide\/#breadcrumb","itemListElement":[{"@type":"ListItem","position":1,"name":"Home","item":"https:\/\/www.sunroom.it\/fr\/"},{"@type":"ListItem","position":2,"name":"Boutique","item":"https:\/\/www.sunroom.it\/fr\/boutique\/"},{"@type":"ListItem","position":3,"name":"Tuttovetro Slide"}]},{"@type":"WebSite","@id":"https:\/\/www.sunroom.it\/it\/#website","url":"https:\/\/www.sunroom.it\/it\/","name":"Sunroom","description":"Sunroom","publisher":{"@id":"https:\/\/www.sunroom.it\/it\/#organization"},"potentialAction":[{"@type":"SearchAction","target":{"@type":"EntryPoint","urlTemplate":"https:\/\/www.sunroom.it\/it\/?s={search_term_string}"},"query-input":{"@type":"PropertyValueSpecification","valueRequired":true,"valueName":"search_term_string"}}],"inLanguage":"fr-FR"},{"@type":"Organization","@id":"https:\/\/www.sunroom.it\/it\/#organization","name":"Sunroom","url":"https:\/\/www.sunroom.it\/it\/","logo":{"@type":"ImageObject","inLanguage":"fr-FR","@id":"https:\/\/www.sunroom.it\/it\/#\/schema\/logo\/image\/","url":"https:\/\/www.sunroom.it\/wp-content\/uploads\/2021\/07\/sunroom_260x70px.png","contentUrl":"https:\/\/www.sunroom.it\/wp-content\/uploads\/2021\/07\/sunroom_260x70px.png","width":260,"height":70,"caption":"Sunroom"},"image":{"@id":"https:\/\/www.sunroom.it\/it\/#\/schema\/logo\/image\/"}}]}},"_links":{"self":[{"href":"https:\/\/www.sunroom.it\/fr\/wp-json\/wp\/v2\/product\/6310","targetHints":{"allow":["GET"]}}],"collection":[{"href":"https:\/\/www.sunroom.it\/fr\/wp-json\/wp\/v2\/product"}],"about":[{"href":"https:\/\/www.sunroom.it\/fr\/wp-json\/wp\/v2\/types\/product"}],"replies":[{"embeddable":true,"href":"https:\/\/www.sunroom.it\/fr\/wp-json\/wp\/v2\/comments?post=6310"}],"wp:featuredmedia":[{"embeddable":true,"href":"https:\/\/www.sunroom.it\/fr\/wp-json\/wp\/v2\/media\/1749"}],"wp:attachment":[{"href":"https:\/\/www.sunroom.it\/fr\/wp-json\/wp\/v2\/media?parent=6310"}],"wp:term":[{"taxonomy":"product_brand","embeddable":true,"href":"https:\/\/www.sunroom.it\/fr\/wp-json\/wp\/v2\/product_brand?post=6310"},{"taxonomy":"product_cat","embeddable":true,"href":"https:\/\/www.sunroom.it\/fr\/wp-json\/wp\/v2\/product_cat?post=6310"},{"taxonomy":"product_tag","embeddable":true,"href":"https:\/\/www.sunroom.it\/fr\/wp-json\/wp\/v2\/product_tag?post=6310"}],"curies":[{"name":"wp","href":"https:\/\/api.w.org\/{rel}","templated":true}]}}