{"id":6304,"date":"2020-10-17T21:31:23","date_gmt":"2020-10-17T19:49:02","guid":{"rendered":"https:\/\/www.sunroom.it\/prodotto\/tuttovetro\/"},"modified":"2023-05-09T18:37:04","modified_gmt":"2023-05-09T16:37:04","slug":"tuttovetro","status":"publish","type":"product","link":"https:\/\/www.sunroom.it\/fr\/produit\/tuttovetro\/","title":{"rendered":"Tuttovetro"},"content":{"rendered":"<p>Tuttovetro refl\u00e8te exactement ce qu&rsquo;indique son nom\u00a0: une <strong>baie vitr\u00e9e compos\u00e9e uniquement de vitrage, sans profil\u00e9s verticaux<\/strong>.<\/p>\n<p>Le<strong>vitrage<\/strong> poss\u00e8de deux caract\u00e9ristiques principales\u00a0: la <strong>transparence<\/strong> et la <strong>puret\u00e9<\/strong>. En les associant, vous pourrez attribuer un style unique \u00e0 votre maison ou \u00e0 votre \u00e9tablissement. Les atouts fournis par le syst\u00e8me Tuttovetro ne se limitent pas \u00e0 l&rsquo;<strong>aspect esth\u00e9tique \u00e0 impact \u00ab\u00a0z\u00e9ro\u00a0\u00bb <\/strong>sur l&rsquo;ensemble architectural, ils concernent \u00e9galement la possibilit\u00e9 particuli\u00e8re d&rsquo;<strong>empiler en paquet<\/strong> les vantaux pour cr\u00e9er un <strong>encombrement minimum <\/strong>et r\u00e9cup\u00e9rer de l&rsquo;espace pour vivre au mieux votre vie quotidienne.<\/p>\n<p>Les vantaux sont <strong>empilables individuellement<\/strong> \u00e0 droite, \u00e0 gauche ou, pour des Baies vitr\u00e9es aux dimensions importantes, divis\u00e9s sur les deux c\u00f4t\u00e9s.<\/p>\n<p>Les vantaux coulissent sur deux rails et sont accroch\u00e9s au rail sup\u00e9rieur au moyen de chariots sp\u00e9cifiques. La partie inf\u00e9rieure est munie de rouleaux en mat\u00e9riau synth\u00e9tique, qui coulissent sur un <strong>rail en aluminium<\/strong> install\u00e9 au sol, pouvant \u00e9galement \u00eatre encastr\u00e9.<\/p>\n<p>Tuttovetro rime avec <strong>design<\/strong> et <strong>praticit\u00e9<\/strong>\u00a0: id\u00e9al pour fermer votre pergola bioclimatique, votre serre solaire, votre balcon ou votre porche. Convivialit\u00e9, praticit\u00e9, franchissement de la limite entre l&rsquo;int\u00e9rieur et l&rsquo;ext\u00e9rieur\u00a0: voici les points-cl\u00e9s de notre baie vitr\u00e9e Tuttovetro, dans sa version empilable.<\/p>\n","protected":false},"excerpt":{"rendered":"<p>Tuttovetro refl\u00e8te exactement ce qu&rsquo;indique son nom\u00a0: une baie vitr\u00e9e compos\u00e9e uniquement de vitrage, sans profil\u00e9s verticaux. Levitrage poss\u00e8de deux caract\u00e9ristiques principales\u00a0: la transparence et la puret\u00e9. En les associant, vous pourrez attribuer un style unique \u00e0 votre maison ou \u00e0 votre \u00e9tablissement. Les atouts fournis par le syst\u00e8me Tuttovetro ne se limitent pas \u00e0Leggi di pi\u00f9<\/p>\n","protected":false},"featured_media":1726,"comment_status":"closed","ping_status":"closed","template":"","meta":{"_acf_changed":false},"product_brand":[],"product_cat":[136,151],"product_tag":[],"class_list":{"0":"post-6304","1":"product","2":"type-product","3":"status-publish","4":"has-post-thumbnail","6":"product_cat-prodotti-fr","7":"product_cat-systemes-tuttovetro","8":"cat-product-privati-vetrate-fr","9":"cat-product-privati-balconi-e-facciate-fr","10":"cat-product-privati-patio-fr","11":"cat-product-privati-privati-fr","12":"cat-product-privati-serre-fr","13":"cat-product-privati-verandas","14":"cat-product-contract-bar-fr","15":"cat-product-contract-edifici-pubblici-fr","16":"cat-product-contract-contract-fr","17":"cat-product-contract-etablissements-balneaire","18":"cat-product-contract-gelaterie-fr","19":"cat-product-contract-hotel-fr","20":"cat-product-contract-ristoranti-fr-2","22":"first","23":"instock","24":"product-type-simple"},"acf":[],"yoast_head":"<!-- This site is optimized with the Yoast SEO plugin v27.1 - https:\/\/yoast.com\/product\/yoast-seo-wordpress\/ -->\n<title>Tuttovetro - Sunroom<\/title>\n<meta name=\"robots\" content=\"index, follow, max-snippet:-1, max-image-preview:large, max-video-preview:-1\" \/>\n<link rel=\"canonical\" href=\"https:\/\/www.sunroom.it\/it\/produit\/tuttovetro\/\" \/>\n<meta property=\"og:locale\" content=\"fr_FR\" \/>\n<meta property=\"og:type\" content=\"article\" \/>\n<meta property=\"og:title\" content=\"Tuttovetro - Sunroom\" \/>\n<meta property=\"og:description\" content=\"Tuttovetro refl\u00e8te exactement ce qu&rsquo;indique son nom\u00a0: une baie vitr\u00e9e compos\u00e9e uniquement de vitrage, sans profil\u00e9s verticaux. Levitrage poss\u00e8de deux caract\u00e9ristiques principales\u00a0: la transparence et la puret\u00e9. En les associant, vous pourrez attribuer un style unique \u00e0 votre maison ou \u00e0 votre \u00e9tablissement. Les atouts fournis par le syst\u00e8me Tuttovetro ne se limitent pas \u00e0Leggi di pi\u00f9\" \/>\n<meta property=\"og:url\" content=\"https:\/\/www.sunroom.it\/it\/produit\/tuttovetro\/\" \/>\n<meta property=\"og:site_name\" content=\"Sunroom\" \/>\n<meta property=\"article:modified_time\" content=\"2023-05-09T16:37:04+00:00\" \/>\n<meta property=\"og:image\" content=\"https:\/\/www.sunroom.it\/wp-content\/uploads\/2020\/07\/TUTTOVETRO_1500x1300_LIMBO.jpg\" \/>\n\t<meta property=\"og:image:width\" content=\"1500\" \/>\n\t<meta property=\"og:image:height\" content=\"1300\" \/>\n\t<meta property=\"og:image:type\" content=\"image\/jpeg\" \/>\n<meta name=\"twitter:card\" content=\"summary_large_image\" \/>\n<meta name=\"twitter:label1\" content=\"Dur\u00e9e de lecture estim\u00e9e\" \/>\n\t<meta name=\"twitter:data1\" content=\"2 minutes\" \/>\n<script type=\"application\/ld+json\" class=\"yoast-schema-graph\">{\"@context\":\"https:\/\/schema.org\",\"@graph\":[{\"@type\":\"WebPage\",\"@id\":\"https:\/\/www.sunroom.it\/it\/produit\/tuttovetro\/\",\"url\":\"https:\/\/www.sunroom.it\/it\/produit\/tuttovetro\/\",\"name\":\"Tuttovetro - Sunroom\",\"isPartOf\":{\"@id\":\"https:\/\/www.sunroom.it\/it\/#website\"},\"primaryImageOfPage\":{\"@id\":\"https:\/\/www.sunroom.it\/it\/produit\/tuttovetro\/#primaryimage\"},\"image\":{\"@id\":\"https:\/\/www.sunroom.it\/it\/produit\/tuttovetro\/#primaryimage\"},\"thumbnailUrl\":\"https:\/\/www.sunroom.it\/wp-content\/uploads\/2020\/07\/TUTTOVETRO_1500x1300_LIMBO.jpg\",\"datePublished\":\"2020-10-17T19:49:02+00:00\",\"dateModified\":\"2023-05-09T16:37:04+00:00\",\"breadcrumb\":{\"@id\":\"https:\/\/www.sunroom.it\/it\/produit\/tuttovetro\/#breadcrumb\"},\"inLanguage\":\"fr-FR\",\"potentialAction\":[{\"@type\":\"ReadAction\",\"target\":[\"https:\/\/www.sunroom.it\/it\/produit\/tuttovetro\/\"]}]},{\"@type\":\"ImageObject\",\"inLanguage\":\"fr-FR\",\"@id\":\"https:\/\/www.sunroom.it\/it\/produit\/tuttovetro\/#primaryimage\",\"url\":\"https:\/\/www.sunroom.it\/wp-content\/uploads\/2020\/07\/TUTTOVETRO_1500x1300_LIMBO.jpg\",\"contentUrl\":\"https:\/\/www.sunroom.it\/wp-content\/uploads\/2020\/07\/TUTTOVETRO_1500x1300_LIMBO.jpg\",\"width\":1500,\"height\":1300},{\"@type\":\"BreadcrumbList\",\"@id\":\"https:\/\/www.sunroom.it\/it\/produit\/tuttovetro\/#breadcrumb\",\"itemListElement\":[{\"@type\":\"ListItem\",\"position\":1,\"name\":\"Home\",\"item\":\"https:\/\/www.sunroom.it\/fr\/\"},{\"@type\":\"ListItem\",\"position\":2,\"name\":\"Boutique\",\"item\":\"https:\/\/www.sunroom.it\/fr\/boutique\/\"},{\"@type\":\"ListItem\",\"position\":3,\"name\":\"Tuttovetro\"}]},{\"@type\":\"WebSite\",\"@id\":\"https:\/\/www.sunroom.it\/it\/#website\",\"url\":\"https:\/\/www.sunroom.it\/it\/\",\"name\":\"Sunroom\",\"description\":\"Sunroom\",\"publisher\":{\"@id\":\"https:\/\/www.sunroom.it\/it\/#organization\"},\"potentialAction\":[{\"@type\":\"SearchAction\",\"target\":{\"@type\":\"EntryPoint\",\"urlTemplate\":\"https:\/\/www.sunroom.it\/it\/?s={search_term_string}\"},\"query-input\":{\"@type\":\"PropertyValueSpecification\",\"valueRequired\":true,\"valueName\":\"search_term_string\"}}],\"inLanguage\":\"fr-FR\"},{\"@type\":\"Organization\",\"@id\":\"https:\/\/www.sunroom.it\/it\/#organization\",\"name\":\"Sunroom\",\"url\":\"https:\/\/www.sunroom.it\/it\/\",\"logo\":{\"@type\":\"ImageObject\",\"inLanguage\":\"fr-FR\",\"@id\":\"https:\/\/www.sunroom.it\/it\/#\/schema\/logo\/image\/\",\"url\":\"https:\/\/www.sunroom.it\/wp-content\/uploads\/2021\/07\/sunroom_260x70px.png\",\"contentUrl\":\"https:\/\/www.sunroom.it\/wp-content\/uploads\/2021\/07\/sunroom_260x70px.png\",\"width\":260,\"height\":70,\"caption\":\"Sunroom\"},\"image\":{\"@id\":\"https:\/\/www.sunroom.it\/it\/#\/schema\/logo\/image\/\"}}]}<\/script>\n<!-- \/ Yoast SEO plugin. -->","yoast_head_json":{"title":"Tuttovetro - Sunroom","robots":{"index":"index","follow":"follow","max-snippet":"max-snippet:-1","max-image-preview":"max-image-preview:large","max-video-preview":"max-video-preview:-1"},"canonical":"https:\/\/www.sunroom.it\/it\/produit\/tuttovetro\/","og_locale":"fr_FR","og_type":"article","og_title":"Tuttovetro - Sunroom","og_description":"Tuttovetro refl\u00e8te exactement ce qu&rsquo;indique son nom\u00a0: une baie vitr\u00e9e compos\u00e9e uniquement de vitrage, sans profil\u00e9s verticaux. Levitrage poss\u00e8de deux caract\u00e9ristiques principales\u00a0: la transparence et la puret\u00e9. En les associant, vous pourrez attribuer un style unique \u00e0 votre maison ou \u00e0 votre \u00e9tablissement. Les atouts fournis par le syst\u00e8me Tuttovetro ne se limitent pas \u00e0Leggi di pi\u00f9","og_url":"https:\/\/www.sunroom.it\/it\/produit\/tuttovetro\/","og_site_name":"Sunroom","article_modified_time":"2023-05-09T16:37:04+00:00","og_image":[{"width":1500,"height":1300,"url":"https:\/\/www.sunroom.it\/wp-content\/uploads\/2020\/07\/TUTTOVETRO_1500x1300_LIMBO.jpg","type":"image\/jpeg"}],"twitter_card":"summary_large_image","twitter_misc":{"Dur\u00e9e de lecture estim\u00e9e":"2 minutes"},"schema":{"@context":"https:\/\/schema.org","@graph":[{"@type":"WebPage","@id":"https:\/\/www.sunroom.it\/it\/produit\/tuttovetro\/","url":"https:\/\/www.sunroom.it\/it\/produit\/tuttovetro\/","name":"Tuttovetro - Sunroom","isPartOf":{"@id":"https:\/\/www.sunroom.it\/it\/#website"},"primaryImageOfPage":{"@id":"https:\/\/www.sunroom.it\/it\/produit\/tuttovetro\/#primaryimage"},"image":{"@id":"https:\/\/www.sunroom.it\/it\/produit\/tuttovetro\/#primaryimage"},"thumbnailUrl":"https:\/\/www.sunroom.it\/wp-content\/uploads\/2020\/07\/TUTTOVETRO_1500x1300_LIMBO.jpg","datePublished":"2020-10-17T19:49:02+00:00","dateModified":"2023-05-09T16:37:04+00:00","breadcrumb":{"@id":"https:\/\/www.sunroom.it\/it\/produit\/tuttovetro\/#breadcrumb"},"inLanguage":"fr-FR","potentialAction":[{"@type":"ReadAction","target":["https:\/\/www.sunroom.it\/it\/produit\/tuttovetro\/"]}]},{"@type":"ImageObject","inLanguage":"fr-FR","@id":"https:\/\/www.sunroom.it\/it\/produit\/tuttovetro\/#primaryimage","url":"https:\/\/www.sunroom.it\/wp-content\/uploads\/2020\/07\/TUTTOVETRO_1500x1300_LIMBO.jpg","contentUrl":"https:\/\/www.sunroom.it\/wp-content\/uploads\/2020\/07\/TUTTOVETRO_1500x1300_LIMBO.jpg","width":1500,"height":1300},{"@type":"BreadcrumbList","@id":"https:\/\/www.sunroom.it\/it\/produit\/tuttovetro\/#breadcrumb","itemListElement":[{"@type":"ListItem","position":1,"name":"Home","item":"https:\/\/www.sunroom.it\/fr\/"},{"@type":"ListItem","position":2,"name":"Boutique","item":"https:\/\/www.sunroom.it\/fr\/boutique\/"},{"@type":"ListItem","position":3,"name":"Tuttovetro"}]},{"@type":"WebSite","@id":"https:\/\/www.sunroom.it\/it\/#website","url":"https:\/\/www.sunroom.it\/it\/","name":"Sunroom","description":"Sunroom","publisher":{"@id":"https:\/\/www.sunroom.it\/it\/#organization"},"potentialAction":[{"@type":"SearchAction","target":{"@type":"EntryPoint","urlTemplate":"https:\/\/www.sunroom.it\/it\/?s={search_term_string}"},"query-input":{"@type":"PropertyValueSpecification","valueRequired":true,"valueName":"search_term_string"}}],"inLanguage":"fr-FR"},{"@type":"Organization","@id":"https:\/\/www.sunroom.it\/it\/#organization","name":"Sunroom","url":"https:\/\/www.sunroom.it\/it\/","logo":{"@type":"ImageObject","inLanguage":"fr-FR","@id":"https:\/\/www.sunroom.it\/it\/#\/schema\/logo\/image\/","url":"https:\/\/www.sunroom.it\/wp-content\/uploads\/2021\/07\/sunroom_260x70px.png","contentUrl":"https:\/\/www.sunroom.it\/wp-content\/uploads\/2021\/07\/sunroom_260x70px.png","width":260,"height":70,"caption":"Sunroom"},"image":{"@id":"https:\/\/www.sunroom.it\/it\/#\/schema\/logo\/image\/"}}]}},"_links":{"self":[{"href":"https:\/\/www.sunroom.it\/fr\/wp-json\/wp\/v2\/product\/6304","targetHints":{"allow":["GET"]}}],"collection":[{"href":"https:\/\/www.sunroom.it\/fr\/wp-json\/wp\/v2\/product"}],"about":[{"href":"https:\/\/www.sunroom.it\/fr\/wp-json\/wp\/v2\/types\/product"}],"replies":[{"embeddable":true,"href":"https:\/\/www.sunroom.it\/fr\/wp-json\/wp\/v2\/comments?post=6304"}],"wp:featuredmedia":[{"embeddable":true,"href":"https:\/\/www.sunroom.it\/fr\/wp-json\/wp\/v2\/media\/1726"}],"wp:attachment":[{"href":"https:\/\/www.sunroom.it\/fr\/wp-json\/wp\/v2\/media?parent=6304"}],"wp:term":[{"taxonomy":"product_brand","embeddable":true,"href":"https:\/\/www.sunroom.it\/fr\/wp-json\/wp\/v2\/product_brand?post=6304"},{"taxonomy":"product_cat","embeddable":true,"href":"https:\/\/www.sunroom.it\/fr\/wp-json\/wp\/v2\/product_cat?post=6304"},{"taxonomy":"product_tag","embeddable":true,"href":"https:\/\/www.sunroom.it\/fr\/wp-json\/wp\/v2\/product_tag?post=6304"}],"curies":[{"name":"wp","href":"https:\/\/api.w.org\/{rel}","templated":true}]}}