{"id":6298,"date":"2020-10-17T21:31:23","date_gmt":"2020-10-17T19:49:02","guid":{"rendered":"https:\/\/www.sunroom.it\/prodotto\/s-150-tt\/"},"modified":"2023-05-09T18:35:32","modified_gmt":"2023-05-09T16:35:32","slug":"s-150-tt","status":"publish","type":"product","link":"https:\/\/www.sunroom.it\/fr\/produit\/s-150-tt\/","title":{"rendered":"S.150 TT"},"content":{"rendered":"<p>La baie vitr\u00e9e coulissante S.150 TT est un <strong>syst\u00e8me<\/strong> <strong>essentiel<\/strong>, extr\u00eamement innovant dans son domaine, qui pr\u00e9voit <strong>des profil\u00e9s \u00e0 rupture de pont thermique<\/strong> de dimensions vraiment r\u00e9duites. La possibilit\u00e9 d&rsquo;accueillir des doubles ou triples vitrages lui fournit une <strong>isolation thermique \u00e9lev\u00e9e<\/strong>, afin d&rsquo;\u00eatre particuli\u00e8rement efficace, y compris du point de vue \u00e9nerg\u00e9tique.<\/p>\n<p>Le syst\u00e8me est fabriqu\u00e9 avec des profil\u00e9s sp\u00e9ciaux o\u00f9 le montant central pr\u00e9sente un <strong>encombrement minimum<\/strong>, fournissant ainsi une <strong>vue enti\u00e8rement d\u00e9gag\u00e9e<\/strong> vers l&rsquo;ext\u00e9rieur. Caract\u00e9ris\u00e9es par un <strong>design exclusif<\/strong>, ses formes lin\u00e9aires et r\u00e9duites conf\u00e8rent au produit un aspect esth\u00e9tique moderne et raffin\u00e9. Tous les d\u00e9tails sont construits sur la base d&rsquo;un projet, avec des mat\u00e9riaux soigneusement recherch\u00e9s et \u00e9prouv\u00e9s de fa\u00e7on \u00e0 toujours assurer une <strong>fonctionnalit\u00e9<\/strong>, une <strong>fiabilit\u00e9<\/strong> et une <strong>dur\u00e9e<\/strong> optimales. \u00a0Bien que ses larges Baies vitr\u00e9es puissent peser jusqu&rsquo;\u00e0 400 Kg, le syst\u00e8me coulissant peut \u00eatre facilement ouvert et ferm\u00e9 sans le moindre effort. Les <strong>chariots en acier inoxydable<\/strong> sont int\u00e9gr\u00e9s dans le profil du vantail et prot\u00e9g\u00e9s pour \u00e9viter des enrayages ou des usures.<\/p>\n<p>Les types de conception sont aussi nombreux que les possibilit\u00e9s d&rsquo;application\u00a0: les composants du syst\u00e8me S.150 TT, y compris les \u00e9l\u00e9ments coulissants, fixes ou angulaires, peuvent \u00eatre associ\u00e9s en <strong>une combinaison infinie de configurations,<\/strong> dont la couleur, le style et bien d&rsquo;autres \u00e9l\u00e9ments encore, pour fournir une flexibilit\u00e9 maximale. Le r\u00e9sultat final sera \u00e9galement le fruit de votre imagination et votre cr\u00e9ativit\u00e9\u00a0!<\/p>\n","protected":false},"excerpt":{"rendered":"<p>La baie vitr\u00e9e coulissante S.150 TT est un syst\u00e8me essentiel, extr\u00eamement innovant dans son domaine, qui pr\u00e9voit des profil\u00e9s \u00e0 rupture de pont thermique de dimensions vraiment r\u00e9duites. La possibilit\u00e9 d&rsquo;accueillir des doubles ou triples vitrages lui fournit une isolation thermique \u00e9lev\u00e9e, afin d&rsquo;\u00eatre particuli\u00e8rement efficace, y compris du point de vue \u00e9nerg\u00e9tique. Le syst\u00e8meLeggi di pi\u00f9<\/p>\n","protected":false},"featured_media":1713,"comment_status":"closed","ping_status":"closed","template":"","meta":{"_acf_changed":false},"product_brand":[],"product_cat":[157,136],"product_tag":[],"class_list":{"0":"post-6298","1":"product","2":"type-product","3":"status-publish","4":"has-post-thumbnail","6":"product_cat-baies-vitrees-coulissantes","7":"product_cat-prodotti-fr","8":"cat-product-privati-vetrate-fr","9":"cat-product-privati-patio-fr","10":"cat-product-privati-privati-fr","11":"cat-product-privati-verandas","12":"cat-product-contract-edifici-pubblici-fr","13":"cat-product-contract-contract-fr","14":"cat-product-contract-hotel-fr","16":"first","17":"instock","18":"product-type-simple"},"acf":[],"yoast_head":"<!-- This site is optimized with the Yoast SEO plugin v27.1 - https:\/\/yoast.com\/product\/yoast-seo-wordpress\/ -->\n<title>S.150 TT - Sunroom<\/title>\n<meta name=\"robots\" content=\"index, follow, max-snippet:-1, max-image-preview:large, max-video-preview:-1\" \/>\n<link rel=\"canonical\" href=\"https:\/\/www.sunroom.it\/it\/produit\/s-150-tt\/\" \/>\n<meta property=\"og:locale\" content=\"fr_FR\" \/>\n<meta property=\"og:type\" content=\"article\" \/>\n<meta property=\"og:title\" content=\"S.150 TT - Sunroom\" \/>\n<meta property=\"og:description\" content=\"La baie vitr\u00e9e coulissante S.150 TT est un syst\u00e8me essentiel, extr\u00eamement innovant dans son domaine, qui pr\u00e9voit des profil\u00e9s \u00e0 rupture de pont thermique de dimensions vraiment r\u00e9duites. La possibilit\u00e9 d&rsquo;accueillir des doubles ou triples vitrages lui fournit une isolation thermique \u00e9lev\u00e9e, afin d&rsquo;\u00eatre particuli\u00e8rement efficace, y compris du point de vue \u00e9nerg\u00e9tique. Le syst\u00e8meLeggi di pi\u00f9\" \/>\n<meta property=\"og:url\" content=\"https:\/\/www.sunroom.it\/it\/produit\/s-150-tt\/\" \/>\n<meta property=\"og:site_name\" content=\"Sunroom\" \/>\n<meta property=\"article:modified_time\" content=\"2023-05-09T16:35:32+00:00\" \/>\n<meta property=\"og:image\" content=\"https:\/\/www.sunroom.it\/wp-content\/uploads\/2020\/04\/S150TT_1500x1300_LIMBO.jpg\" \/>\n\t<meta property=\"og:image:width\" content=\"1500\" \/>\n\t<meta property=\"og:image:height\" content=\"1300\" \/>\n\t<meta property=\"og:image:type\" content=\"image\/jpeg\" \/>\n<meta name=\"twitter:card\" content=\"summary_large_image\" \/>\n<meta name=\"twitter:label1\" content=\"Dur\u00e9e de lecture estim\u00e9e\" \/>\n\t<meta name=\"twitter:data1\" content=\"2 minutes\" \/>\n<script type=\"application\/ld+json\" class=\"yoast-schema-graph\">{\"@context\":\"https:\/\/schema.org\",\"@graph\":[{\"@type\":\"WebPage\",\"@id\":\"https:\/\/www.sunroom.it\/it\/produit\/s-150-tt\/\",\"url\":\"https:\/\/www.sunroom.it\/it\/produit\/s-150-tt\/\",\"name\":\"S.150 TT - Sunroom\",\"isPartOf\":{\"@id\":\"https:\/\/www.sunroom.it\/it\/#website\"},\"primaryImageOfPage\":{\"@id\":\"https:\/\/www.sunroom.it\/it\/produit\/s-150-tt\/#primaryimage\"},\"image\":{\"@id\":\"https:\/\/www.sunroom.it\/it\/produit\/s-150-tt\/#primaryimage\"},\"thumbnailUrl\":\"https:\/\/www.sunroom.it\/wp-content\/uploads\/2020\/04\/S150TT_1500x1300_LIMBO.jpg\",\"datePublished\":\"2020-10-17T19:49:02+00:00\",\"dateModified\":\"2023-05-09T16:35:32+00:00\",\"breadcrumb\":{\"@id\":\"https:\/\/www.sunroom.it\/it\/produit\/s-150-tt\/#breadcrumb\"},\"inLanguage\":\"fr-FR\",\"potentialAction\":[{\"@type\":\"ReadAction\",\"target\":[\"https:\/\/www.sunroom.it\/it\/produit\/s-150-tt\/\"]}]},{\"@type\":\"ImageObject\",\"inLanguage\":\"fr-FR\",\"@id\":\"https:\/\/www.sunroom.it\/it\/produit\/s-150-tt\/#primaryimage\",\"url\":\"https:\/\/www.sunroom.it\/wp-content\/uploads\/2020\/04\/S150TT_1500x1300_LIMBO.jpg\",\"contentUrl\":\"https:\/\/www.sunroom.it\/wp-content\/uploads\/2020\/04\/S150TT_1500x1300_LIMBO.jpg\",\"width\":1500,\"height\":1300},{\"@type\":\"BreadcrumbList\",\"@id\":\"https:\/\/www.sunroom.it\/it\/produit\/s-150-tt\/#breadcrumb\",\"itemListElement\":[{\"@type\":\"ListItem\",\"position\":1,\"name\":\"Home\",\"item\":\"https:\/\/www.sunroom.it\/fr\/\"},{\"@type\":\"ListItem\",\"position\":2,\"name\":\"Boutique\",\"item\":\"https:\/\/www.sunroom.it\/fr\/boutique\/\"},{\"@type\":\"ListItem\",\"position\":3,\"name\":\"S.150 TT\"}]},{\"@type\":\"WebSite\",\"@id\":\"https:\/\/www.sunroom.it\/it\/#website\",\"url\":\"https:\/\/www.sunroom.it\/it\/\",\"name\":\"Sunroom\",\"description\":\"Sunroom\",\"publisher\":{\"@id\":\"https:\/\/www.sunroom.it\/it\/#organization\"},\"potentialAction\":[{\"@type\":\"SearchAction\",\"target\":{\"@type\":\"EntryPoint\",\"urlTemplate\":\"https:\/\/www.sunroom.it\/it\/?s={search_term_string}\"},\"query-input\":{\"@type\":\"PropertyValueSpecification\",\"valueRequired\":true,\"valueName\":\"search_term_string\"}}],\"inLanguage\":\"fr-FR\"},{\"@type\":\"Organization\",\"@id\":\"https:\/\/www.sunroom.it\/it\/#organization\",\"name\":\"Sunroom\",\"url\":\"https:\/\/www.sunroom.it\/it\/\",\"logo\":{\"@type\":\"ImageObject\",\"inLanguage\":\"fr-FR\",\"@id\":\"https:\/\/www.sunroom.it\/it\/#\/schema\/logo\/image\/\",\"url\":\"https:\/\/www.sunroom.it\/wp-content\/uploads\/2021\/07\/sunroom_260x70px.png\",\"contentUrl\":\"https:\/\/www.sunroom.it\/wp-content\/uploads\/2021\/07\/sunroom_260x70px.png\",\"width\":260,\"height\":70,\"caption\":\"Sunroom\"},\"image\":{\"@id\":\"https:\/\/www.sunroom.it\/it\/#\/schema\/logo\/image\/\"}}]}<\/script>\n<!-- \/ Yoast SEO plugin. -->","yoast_head_json":{"title":"S.150 TT - Sunroom","robots":{"index":"index","follow":"follow","max-snippet":"max-snippet:-1","max-image-preview":"max-image-preview:large","max-video-preview":"max-video-preview:-1"},"canonical":"https:\/\/www.sunroom.it\/it\/produit\/s-150-tt\/","og_locale":"fr_FR","og_type":"article","og_title":"S.150 TT - Sunroom","og_description":"La baie vitr\u00e9e coulissante S.150 TT est un syst\u00e8me essentiel, extr\u00eamement innovant dans son domaine, qui pr\u00e9voit des profil\u00e9s \u00e0 rupture de pont thermique de dimensions vraiment r\u00e9duites. La possibilit\u00e9 d&rsquo;accueillir des doubles ou triples vitrages lui fournit une isolation thermique \u00e9lev\u00e9e, afin d&rsquo;\u00eatre particuli\u00e8rement efficace, y compris du point de vue \u00e9nerg\u00e9tique. Le syst\u00e8meLeggi di pi\u00f9","og_url":"https:\/\/www.sunroom.it\/it\/produit\/s-150-tt\/","og_site_name":"Sunroom","article_modified_time":"2023-05-09T16:35:32+00:00","og_image":[{"width":1500,"height":1300,"url":"https:\/\/www.sunroom.it\/wp-content\/uploads\/2020\/04\/S150TT_1500x1300_LIMBO.jpg","type":"image\/jpeg"}],"twitter_card":"summary_large_image","twitter_misc":{"Dur\u00e9e de lecture estim\u00e9e":"2 minutes"},"schema":{"@context":"https:\/\/schema.org","@graph":[{"@type":"WebPage","@id":"https:\/\/www.sunroom.it\/it\/produit\/s-150-tt\/","url":"https:\/\/www.sunroom.it\/it\/produit\/s-150-tt\/","name":"S.150 TT - Sunroom","isPartOf":{"@id":"https:\/\/www.sunroom.it\/it\/#website"},"primaryImageOfPage":{"@id":"https:\/\/www.sunroom.it\/it\/produit\/s-150-tt\/#primaryimage"},"image":{"@id":"https:\/\/www.sunroom.it\/it\/produit\/s-150-tt\/#primaryimage"},"thumbnailUrl":"https:\/\/www.sunroom.it\/wp-content\/uploads\/2020\/04\/S150TT_1500x1300_LIMBO.jpg","datePublished":"2020-10-17T19:49:02+00:00","dateModified":"2023-05-09T16:35:32+00:00","breadcrumb":{"@id":"https:\/\/www.sunroom.it\/it\/produit\/s-150-tt\/#breadcrumb"},"inLanguage":"fr-FR","potentialAction":[{"@type":"ReadAction","target":["https:\/\/www.sunroom.it\/it\/produit\/s-150-tt\/"]}]},{"@type":"ImageObject","inLanguage":"fr-FR","@id":"https:\/\/www.sunroom.it\/it\/produit\/s-150-tt\/#primaryimage","url":"https:\/\/www.sunroom.it\/wp-content\/uploads\/2020\/04\/S150TT_1500x1300_LIMBO.jpg","contentUrl":"https:\/\/www.sunroom.it\/wp-content\/uploads\/2020\/04\/S150TT_1500x1300_LIMBO.jpg","width":1500,"height":1300},{"@type":"BreadcrumbList","@id":"https:\/\/www.sunroom.it\/it\/produit\/s-150-tt\/#breadcrumb","itemListElement":[{"@type":"ListItem","position":1,"name":"Home","item":"https:\/\/www.sunroom.it\/fr\/"},{"@type":"ListItem","position":2,"name":"Boutique","item":"https:\/\/www.sunroom.it\/fr\/boutique\/"},{"@type":"ListItem","position":3,"name":"S.150 TT"}]},{"@type":"WebSite","@id":"https:\/\/www.sunroom.it\/it\/#website","url":"https:\/\/www.sunroom.it\/it\/","name":"Sunroom","description":"Sunroom","publisher":{"@id":"https:\/\/www.sunroom.it\/it\/#organization"},"potentialAction":[{"@type":"SearchAction","target":{"@type":"EntryPoint","urlTemplate":"https:\/\/www.sunroom.it\/it\/?s={search_term_string}"},"query-input":{"@type":"PropertyValueSpecification","valueRequired":true,"valueName":"search_term_string"}}],"inLanguage":"fr-FR"},{"@type":"Organization","@id":"https:\/\/www.sunroom.it\/it\/#organization","name":"Sunroom","url":"https:\/\/www.sunroom.it\/it\/","logo":{"@type":"ImageObject","inLanguage":"fr-FR","@id":"https:\/\/www.sunroom.it\/it\/#\/schema\/logo\/image\/","url":"https:\/\/www.sunroom.it\/wp-content\/uploads\/2021\/07\/sunroom_260x70px.png","contentUrl":"https:\/\/www.sunroom.it\/wp-content\/uploads\/2021\/07\/sunroom_260x70px.png","width":260,"height":70,"caption":"Sunroom"},"image":{"@id":"https:\/\/www.sunroom.it\/it\/#\/schema\/logo\/image\/"}}]}},"_links":{"self":[{"href":"https:\/\/www.sunroom.it\/fr\/wp-json\/wp\/v2\/product\/6298","targetHints":{"allow":["GET"]}}],"collection":[{"href":"https:\/\/www.sunroom.it\/fr\/wp-json\/wp\/v2\/product"}],"about":[{"href":"https:\/\/www.sunroom.it\/fr\/wp-json\/wp\/v2\/types\/product"}],"replies":[{"embeddable":true,"href":"https:\/\/www.sunroom.it\/fr\/wp-json\/wp\/v2\/comments?post=6298"}],"wp:featuredmedia":[{"embeddable":true,"href":"https:\/\/www.sunroom.it\/fr\/wp-json\/wp\/v2\/media\/1713"}],"wp:attachment":[{"href":"https:\/\/www.sunroom.it\/fr\/wp-json\/wp\/v2\/media?parent=6298"}],"wp:term":[{"taxonomy":"product_brand","embeddable":true,"href":"https:\/\/www.sunroom.it\/fr\/wp-json\/wp\/v2\/product_brand?post=6298"},{"taxonomy":"product_cat","embeddable":true,"href":"https:\/\/www.sunroom.it\/fr\/wp-json\/wp\/v2\/product_cat?post=6298"},{"taxonomy":"product_tag","embeddable":true,"href":"https:\/\/www.sunroom.it\/fr\/wp-json\/wp\/v2\/product_tag?post=6298"}],"curies":[{"name":"wp","href":"https:\/\/api.w.org\/{rel}","templated":true}]}}