{"id":6292,"date":"2020-10-17T21:31:23","date_gmt":"2020-10-17T19:49:02","guid":{"rendered":"https:\/\/www.sunroom.it\/prodotto\/s-50\/"},"modified":"2023-05-09T18:33:16","modified_gmt":"2023-05-09T16:33:16","slug":"s-50","status":"publish","type":"product","link":"https:\/\/www.sunroom.it\/fr\/produit\/s-50\/","title":{"rendered":"S.50"},"content":{"rendered":"<p>Une nouvelle baie vitr\u00e9e est toujours en mesure d&rsquo;am\u00e9liorer l&rsquo;int\u00e9rieur, mais \u00e9galement l&rsquo;ext\u00e9rieur de votre maison. Quel que soit le type d&rsquo;<strong>espace ext\u00e9rieur<\/strong> dont vous disposez, la baie vitr\u00e9e coulissante S.50 s&rsquo;int\u00e9grera parfaitement au design de votre <strong>maison<\/strong> ou de <strong>votre activit\u00e9 commerciale<\/strong>, gr\u00e2ce \u00e0 ses formes simples et essentielles.<\/p>\n<p><strong>Simple \u00e0 construire <\/strong>avec des profil\u00e9s non isol\u00e9s, le syst\u00e8me coulissant parall\u00e8le S.50 fournit une bonne protection contre le vent, la pluie ou le bruit ext\u00e9rieur et s&rsquo;av\u00e8re id\u00e9al pour abriter votre pergola bioclimatique, votre porche ou votre serre solaire, tout en s&rsquo;adaptant parfaitement \u00e0 une activit\u00e9 ouverte au public.<\/p>\n<p>La structure particuli\u00e8re du <strong>ch\u00e2ssis composable<\/strong> permet la construction de multiples versions. De plus, les couleurs des profil\u00e9s en aluminium sont pratiquement infinies pour am\u00e9nager un compl\u00e9ment qui s&rsquo;adapte \u00e0 votre style. Les vantaux sont toujours construits <strong>sur mesure<\/strong>\u00a0: ils coulissent sur des chariots \u00e0 roulements \u00e0 bille en <strong>acier inoxydable<\/strong> pour une durabilit\u00e9 maximale dans le temps et une s\u00e9curit\u00e9 d&rsquo;utilisation quotidienne. De plus, chaque vantail dispose de chariots r\u00e9glables pour l&rsquo;<strong>alignement parfait<\/strong>, garantissant ainsi un <strong>coulissement optimal<\/strong>.<\/p>\n","protected":false},"excerpt":{"rendered":"<p>Une nouvelle baie vitr\u00e9e est toujours en mesure d&rsquo;am\u00e9liorer l&rsquo;int\u00e9rieur, mais \u00e9galement l&rsquo;ext\u00e9rieur de votre maison. Quel que soit le type d&rsquo;espace ext\u00e9rieur dont vous disposez, la baie vitr\u00e9e coulissante S.50 s&rsquo;int\u00e9grera parfaitement au design de votre maison ou de votre activit\u00e9 commerciale, gr\u00e2ce \u00e0 ses formes simples et essentielles. Simple \u00e0 construire avec desLeggi di pi\u00f9<\/p>\n","protected":false},"featured_media":1824,"comment_status":"closed","ping_status":"closed","template":"","meta":{"_acf_changed":false},"product_brand":[],"product_cat":[136,157],"product_tag":[],"class_list":{"0":"post-6292","1":"product","2":"type-product","3":"status-publish","4":"has-post-thumbnail","6":"product_cat-prodotti-fr","7":"product_cat-baies-vitrees-coulissantes","8":"cat-product-privati-vetrate-fr","9":"cat-product-privati-balconi-e-facciate-fr","10":"cat-product-privati-patio-fr","11":"cat-product-privati-privati-fr","12":"cat-product-privati-serre-fr","13":"cat-product-privati-verandas","14":"cat-product-contract-bar-fr","15":"cat-product-contract-contract-fr","16":"cat-product-contract-etablissements-balneaire","17":"cat-product-contract-gelaterie-fr","18":"cat-product-contract-ristoranti-fr-2","20":"first","21":"instock","22":"product-type-simple"},"acf":[],"yoast_head":"<!-- This site is optimized with the Yoast SEO plugin v27.1 - https:\/\/yoast.com\/product\/yoast-seo-wordpress\/ -->\n<title>S.50 - Sunroom<\/title>\n<meta name=\"robots\" content=\"index, follow, max-snippet:-1, max-image-preview:large, max-video-preview:-1\" \/>\n<link rel=\"canonical\" href=\"https:\/\/www.sunroom.it\/it\/produit\/s-50\/\" \/>\n<meta property=\"og:locale\" content=\"fr_FR\" \/>\n<meta property=\"og:type\" content=\"article\" \/>\n<meta property=\"og:title\" content=\"S.50 - Sunroom\" \/>\n<meta property=\"og:description\" content=\"Une nouvelle baie vitr\u00e9e est toujours en mesure d&rsquo;am\u00e9liorer l&rsquo;int\u00e9rieur, mais \u00e9galement l&rsquo;ext\u00e9rieur de votre maison. Quel que soit le type d&rsquo;espace ext\u00e9rieur dont vous disposez, la baie vitr\u00e9e coulissante S.50 s&rsquo;int\u00e9grera parfaitement au design de votre maison ou de votre activit\u00e9 commerciale, gr\u00e2ce \u00e0 ses formes simples et essentielles. Simple \u00e0 construire avec desLeggi di pi\u00f9\" \/>\n<meta property=\"og:url\" content=\"https:\/\/www.sunroom.it\/it\/produit\/s-50\/\" \/>\n<meta property=\"og:site_name\" content=\"Sunroom\" \/>\n<meta property=\"article:modified_time\" content=\"2023-05-09T16:33:16+00:00\" \/>\n<meta property=\"og:image\" content=\"https:\/\/www.sunroom.it\/wp-content\/uploads\/2020\/04\/S50_1500X1300_LIMBO.jpg\" \/>\n\t<meta property=\"og:image:width\" content=\"1500\" \/>\n\t<meta property=\"og:image:height\" content=\"1300\" \/>\n\t<meta property=\"og:image:type\" content=\"image\/jpeg\" \/>\n<meta name=\"twitter:card\" content=\"summary_large_image\" \/>\n<meta name=\"twitter:label1\" content=\"Dur\u00e9e de lecture estim\u00e9e\" \/>\n\t<meta name=\"twitter:data1\" content=\"1 minute\" \/>\n<script type=\"application\/ld+json\" class=\"yoast-schema-graph\">{\"@context\":\"https:\/\/schema.org\",\"@graph\":[{\"@type\":\"WebPage\",\"@id\":\"https:\/\/www.sunroom.it\/it\/produit\/s-50\/\",\"url\":\"https:\/\/www.sunroom.it\/it\/produit\/s-50\/\",\"name\":\"S.50 - Sunroom\",\"isPartOf\":{\"@id\":\"https:\/\/www.sunroom.it\/it\/#website\"},\"primaryImageOfPage\":{\"@id\":\"https:\/\/www.sunroom.it\/it\/produit\/s-50\/#primaryimage\"},\"image\":{\"@id\":\"https:\/\/www.sunroom.it\/it\/produit\/s-50\/#primaryimage\"},\"thumbnailUrl\":\"https:\/\/www.sunroom.it\/wp-content\/uploads\/2020\/04\/S50_1500X1300_LIMBO.jpg\",\"datePublished\":\"2020-10-17T19:49:02+00:00\",\"dateModified\":\"2023-05-09T16:33:16+00:00\",\"breadcrumb\":{\"@id\":\"https:\/\/www.sunroom.it\/it\/produit\/s-50\/#breadcrumb\"},\"inLanguage\":\"fr-FR\",\"potentialAction\":[{\"@type\":\"ReadAction\",\"target\":[\"https:\/\/www.sunroom.it\/it\/produit\/s-50\/\"]}]},{\"@type\":\"ImageObject\",\"inLanguage\":\"fr-FR\",\"@id\":\"https:\/\/www.sunroom.it\/it\/produit\/s-50\/#primaryimage\",\"url\":\"https:\/\/www.sunroom.it\/wp-content\/uploads\/2020\/04\/S50_1500X1300_LIMBO.jpg\",\"contentUrl\":\"https:\/\/www.sunroom.it\/wp-content\/uploads\/2020\/04\/S50_1500X1300_LIMBO.jpg\",\"width\":1500,\"height\":1300},{\"@type\":\"BreadcrumbList\",\"@id\":\"https:\/\/www.sunroom.it\/it\/produit\/s-50\/#breadcrumb\",\"itemListElement\":[{\"@type\":\"ListItem\",\"position\":1,\"name\":\"Home\",\"item\":\"https:\/\/www.sunroom.it\/fr\/\"},{\"@type\":\"ListItem\",\"position\":2,\"name\":\"Boutique\",\"item\":\"https:\/\/www.sunroom.it\/fr\/boutique\/\"},{\"@type\":\"ListItem\",\"position\":3,\"name\":\"S.50\"}]},{\"@type\":\"WebSite\",\"@id\":\"https:\/\/www.sunroom.it\/it\/#website\",\"url\":\"https:\/\/www.sunroom.it\/it\/\",\"name\":\"Sunroom\",\"description\":\"Sunroom\",\"publisher\":{\"@id\":\"https:\/\/www.sunroom.it\/it\/#organization\"},\"potentialAction\":[{\"@type\":\"SearchAction\",\"target\":{\"@type\":\"EntryPoint\",\"urlTemplate\":\"https:\/\/www.sunroom.it\/it\/?s={search_term_string}\"},\"query-input\":{\"@type\":\"PropertyValueSpecification\",\"valueRequired\":true,\"valueName\":\"search_term_string\"}}],\"inLanguage\":\"fr-FR\"},{\"@type\":\"Organization\",\"@id\":\"https:\/\/www.sunroom.it\/it\/#organization\",\"name\":\"Sunroom\",\"url\":\"https:\/\/www.sunroom.it\/it\/\",\"logo\":{\"@type\":\"ImageObject\",\"inLanguage\":\"fr-FR\",\"@id\":\"https:\/\/www.sunroom.it\/it\/#\/schema\/logo\/image\/\",\"url\":\"https:\/\/www.sunroom.it\/wp-content\/uploads\/2021\/07\/sunroom_260x70px.png\",\"contentUrl\":\"https:\/\/www.sunroom.it\/wp-content\/uploads\/2021\/07\/sunroom_260x70px.png\",\"width\":260,\"height\":70,\"caption\":\"Sunroom\"},\"image\":{\"@id\":\"https:\/\/www.sunroom.it\/it\/#\/schema\/logo\/image\/\"}}]}<\/script>\n<!-- \/ Yoast SEO plugin. -->","yoast_head_json":{"title":"S.50 - Sunroom","robots":{"index":"index","follow":"follow","max-snippet":"max-snippet:-1","max-image-preview":"max-image-preview:large","max-video-preview":"max-video-preview:-1"},"canonical":"https:\/\/www.sunroom.it\/it\/produit\/s-50\/","og_locale":"fr_FR","og_type":"article","og_title":"S.50 - Sunroom","og_description":"Une nouvelle baie vitr\u00e9e est toujours en mesure d&rsquo;am\u00e9liorer l&rsquo;int\u00e9rieur, mais \u00e9galement l&rsquo;ext\u00e9rieur de votre maison. Quel que soit le type d&rsquo;espace ext\u00e9rieur dont vous disposez, la baie vitr\u00e9e coulissante S.50 s&rsquo;int\u00e9grera parfaitement au design de votre maison ou de votre activit\u00e9 commerciale, gr\u00e2ce \u00e0 ses formes simples et essentielles. Simple \u00e0 construire avec desLeggi di pi\u00f9","og_url":"https:\/\/www.sunroom.it\/it\/produit\/s-50\/","og_site_name":"Sunroom","article_modified_time":"2023-05-09T16:33:16+00:00","og_image":[{"width":1500,"height":1300,"url":"https:\/\/www.sunroom.it\/wp-content\/uploads\/2020\/04\/S50_1500X1300_LIMBO.jpg","type":"image\/jpeg"}],"twitter_card":"summary_large_image","twitter_misc":{"Dur\u00e9e de lecture estim\u00e9e":"1 minute"},"schema":{"@context":"https:\/\/schema.org","@graph":[{"@type":"WebPage","@id":"https:\/\/www.sunroom.it\/it\/produit\/s-50\/","url":"https:\/\/www.sunroom.it\/it\/produit\/s-50\/","name":"S.50 - Sunroom","isPartOf":{"@id":"https:\/\/www.sunroom.it\/it\/#website"},"primaryImageOfPage":{"@id":"https:\/\/www.sunroom.it\/it\/produit\/s-50\/#primaryimage"},"image":{"@id":"https:\/\/www.sunroom.it\/it\/produit\/s-50\/#primaryimage"},"thumbnailUrl":"https:\/\/www.sunroom.it\/wp-content\/uploads\/2020\/04\/S50_1500X1300_LIMBO.jpg","datePublished":"2020-10-17T19:49:02+00:00","dateModified":"2023-05-09T16:33:16+00:00","breadcrumb":{"@id":"https:\/\/www.sunroom.it\/it\/produit\/s-50\/#breadcrumb"},"inLanguage":"fr-FR","potentialAction":[{"@type":"ReadAction","target":["https:\/\/www.sunroom.it\/it\/produit\/s-50\/"]}]},{"@type":"ImageObject","inLanguage":"fr-FR","@id":"https:\/\/www.sunroom.it\/it\/produit\/s-50\/#primaryimage","url":"https:\/\/www.sunroom.it\/wp-content\/uploads\/2020\/04\/S50_1500X1300_LIMBO.jpg","contentUrl":"https:\/\/www.sunroom.it\/wp-content\/uploads\/2020\/04\/S50_1500X1300_LIMBO.jpg","width":1500,"height":1300},{"@type":"BreadcrumbList","@id":"https:\/\/www.sunroom.it\/it\/produit\/s-50\/#breadcrumb","itemListElement":[{"@type":"ListItem","position":1,"name":"Home","item":"https:\/\/www.sunroom.it\/fr\/"},{"@type":"ListItem","position":2,"name":"Boutique","item":"https:\/\/www.sunroom.it\/fr\/boutique\/"},{"@type":"ListItem","position":3,"name":"S.50"}]},{"@type":"WebSite","@id":"https:\/\/www.sunroom.it\/it\/#website","url":"https:\/\/www.sunroom.it\/it\/","name":"Sunroom","description":"Sunroom","publisher":{"@id":"https:\/\/www.sunroom.it\/it\/#organization"},"potentialAction":[{"@type":"SearchAction","target":{"@type":"EntryPoint","urlTemplate":"https:\/\/www.sunroom.it\/it\/?s={search_term_string}"},"query-input":{"@type":"PropertyValueSpecification","valueRequired":true,"valueName":"search_term_string"}}],"inLanguage":"fr-FR"},{"@type":"Organization","@id":"https:\/\/www.sunroom.it\/it\/#organization","name":"Sunroom","url":"https:\/\/www.sunroom.it\/it\/","logo":{"@type":"ImageObject","inLanguage":"fr-FR","@id":"https:\/\/www.sunroom.it\/it\/#\/schema\/logo\/image\/","url":"https:\/\/www.sunroom.it\/wp-content\/uploads\/2021\/07\/sunroom_260x70px.png","contentUrl":"https:\/\/www.sunroom.it\/wp-content\/uploads\/2021\/07\/sunroom_260x70px.png","width":260,"height":70,"caption":"Sunroom"},"image":{"@id":"https:\/\/www.sunroom.it\/it\/#\/schema\/logo\/image\/"}}]}},"_links":{"self":[{"href":"https:\/\/www.sunroom.it\/fr\/wp-json\/wp\/v2\/product\/6292","targetHints":{"allow":["GET"]}}],"collection":[{"href":"https:\/\/www.sunroom.it\/fr\/wp-json\/wp\/v2\/product"}],"about":[{"href":"https:\/\/www.sunroom.it\/fr\/wp-json\/wp\/v2\/types\/product"}],"replies":[{"embeddable":true,"href":"https:\/\/www.sunroom.it\/fr\/wp-json\/wp\/v2\/comments?post=6292"}],"wp:featuredmedia":[{"embeddable":true,"href":"https:\/\/www.sunroom.it\/fr\/wp-json\/wp\/v2\/media\/1824"}],"wp:attachment":[{"href":"https:\/\/www.sunroom.it\/fr\/wp-json\/wp\/v2\/media?parent=6292"}],"wp:term":[{"taxonomy":"product_brand","embeddable":true,"href":"https:\/\/www.sunroom.it\/fr\/wp-json\/wp\/v2\/product_brand?post=6292"},{"taxonomy":"product_cat","embeddable":true,"href":"https:\/\/www.sunroom.it\/fr\/wp-json\/wp\/v2\/product_cat?post=6292"},{"taxonomy":"product_tag","embeddable":true,"href":"https:\/\/www.sunroom.it\/fr\/wp-json\/wp\/v2\/product_tag?post=6292"}],"curies":[{"name":"wp","href":"https:\/\/api.w.org\/{rel}","templated":true}]}}