{"id":6280,"date":"2020-10-17T21:31:23","date_gmt":"2020-10-17T19:49:02","guid":{"rendered":"https:\/\/www.sunroom.it\/prodotto\/s-60-tt\/"},"modified":"2023-05-09T18:33:36","modified_gmt":"2023-05-09T16:33:36","slug":"s-60-tt","status":"publish","type":"product","link":"https:\/\/www.sunroom.it\/fr\/produit\/s-60-tt\/","title":{"rendered":"S.60 TT"},"content":{"rendered":"<p>Avec la <strong>baie vitr\u00e9e<\/strong> S. 60 TT, il est possible d&rsquo;obtenir une <strong>isolation thermo-acoustique optimale<\/strong>, m\u00eame sur <strong>des ouvertures particuli\u00e8rement grandes<\/strong>.<\/p>\n<p>Simple \u00e0 utiliser, <strong>fluide<\/strong> et <strong>silencieuse<\/strong>, elle peut \u00eatre empil\u00e9e sur un c\u00f4t\u00e9, tant \u00e0 droite qu&rsquo;\u00e0 gauche, ou sur les deux c\u00f4t\u00e9s, lorsque l&rsquo;ouverture est particuli\u00e8rement ample. Toujours fabriqu\u00e9e <strong>sur mesure<\/strong>, la baie vitr\u00e9e pliante S. 60 TT ne pr\u00e9sente aucune limite de longueur et vous fournit une grande <strong>libert\u00e9 conceptuelle<\/strong>. De plus, la possibilit\u00e9 d&rsquo;introduire un rail abaiss\u00e9 r\u00e9ussit \u00e0 minimiser l&rsquo;\u00e9paisseur au niveau du passage, afin de faciliter davantage la liaison entre l&rsquo;int\u00e9rieur et l&rsquo;ext\u00e9rieur.<\/p>\n<p>La structure de la <strong>baie vitr\u00e9e pliante<\/strong> S.60 TT est <strong>particuli\u00e8rement<\/strong> <strong>solide<\/strong>\u00a0: pour cette raison, tout le poids de la baie vitr\u00e9e est d\u00e9charg\u00e9 au sol, \u00e9vitant ainsi toute flexion sans pour autant compromettre le bon fonctionnement.<\/p>\n","protected":false},"excerpt":{"rendered":"<p>Avec la baie vitr\u00e9e S. 60 TT, il est possible d&rsquo;obtenir une isolation thermo-acoustique optimale, m\u00eame sur des ouvertures particuli\u00e8rement grandes. Simple \u00e0 utiliser, fluide et silencieuse, elle peut \u00eatre empil\u00e9e sur un c\u00f4t\u00e9, tant \u00e0 droite qu&rsquo;\u00e0 gauche, ou sur les deux c\u00f4t\u00e9s, lorsque l&rsquo;ouverture est particuli\u00e8rement ample. Toujours fabriqu\u00e9e sur mesure, la baieLeggi di pi\u00f9<\/p>\n","protected":false},"featured_media":1686,"comment_status":"closed","ping_status":"closed","template":"","meta":{"_acf_changed":false},"product_brand":[],"product_cat":[154,136],"product_tag":[],"class_list":{"0":"post-6280","1":"product","2":"type-product","3":"status-publish","4":"has-post-thumbnail","6":"product_cat-baies-vitrees-pliantes","7":"product_cat-prodotti-fr","8":"cat-product-privati-vetrate-fr","9":"cat-product-privati-patio-fr","10":"cat-product-privati-privati-fr","11":"cat-product-privati-verandas","12":"cat-product-contract-bar-fr","13":"cat-product-contract-edifici-pubblici-fr","14":"cat-product-contract-contract-fr","15":"cat-product-contract-hotel-fr","16":"cat-product-contract-ristoranti-fr-2","18":"first","19":"instock","20":"product-type-simple"},"acf":[],"yoast_head":"<!-- This site is optimized with the Yoast SEO plugin v27.1 - https:\/\/yoast.com\/product\/yoast-seo-wordpress\/ -->\n<title>S.60 TT - Sunroom<\/title>\n<meta name=\"robots\" content=\"index, follow, max-snippet:-1, max-image-preview:large, max-video-preview:-1\" \/>\n<link rel=\"canonical\" href=\"https:\/\/www.sunroom.it\/it\/produit\/s-60-tt\/\" \/>\n<meta property=\"og:locale\" content=\"fr_FR\" \/>\n<meta property=\"og:type\" content=\"article\" \/>\n<meta property=\"og:title\" content=\"S.60 TT - Sunroom\" \/>\n<meta property=\"og:description\" content=\"Avec la baie vitr\u00e9e S. 60 TT, il est possible d&rsquo;obtenir une isolation thermo-acoustique optimale, m\u00eame sur des ouvertures particuli\u00e8rement grandes. Simple \u00e0 utiliser, fluide et silencieuse, elle peut \u00eatre empil\u00e9e sur un c\u00f4t\u00e9, tant \u00e0 droite qu&rsquo;\u00e0 gauche, ou sur les deux c\u00f4t\u00e9s, lorsque l&rsquo;ouverture est particuli\u00e8rement ample. Toujours fabriqu\u00e9e sur mesure, la baieLeggi di pi\u00f9\" \/>\n<meta property=\"og:url\" content=\"https:\/\/www.sunroom.it\/it\/produit\/s-60-tt\/\" \/>\n<meta property=\"og:site_name\" content=\"Sunroom\" \/>\n<meta property=\"article:modified_time\" content=\"2023-05-09T16:33:36+00:00\" \/>\n<meta property=\"og:image\" content=\"https:\/\/www.sunroom.it\/wp-content\/uploads\/2020\/07\/S60TT_1500X1300_LIMBO.jpg\" \/>\n\t<meta property=\"og:image:width\" content=\"1500\" \/>\n\t<meta property=\"og:image:height\" content=\"1300\" \/>\n\t<meta property=\"og:image:type\" content=\"image\/jpeg\" \/>\n<meta name=\"twitter:card\" content=\"summary_large_image\" \/>\n<meta name=\"twitter:label1\" content=\"Dur\u00e9e de lecture estim\u00e9e\" \/>\n\t<meta name=\"twitter:data1\" content=\"1 minute\" \/>\n<script type=\"application\/ld+json\" class=\"yoast-schema-graph\">{\"@context\":\"https:\/\/schema.org\",\"@graph\":[{\"@type\":\"WebPage\",\"@id\":\"https:\/\/www.sunroom.it\/it\/produit\/s-60-tt\/\",\"url\":\"https:\/\/www.sunroom.it\/it\/produit\/s-60-tt\/\",\"name\":\"S.60 TT - Sunroom\",\"isPartOf\":{\"@id\":\"https:\/\/www.sunroom.it\/it\/#website\"},\"primaryImageOfPage\":{\"@id\":\"https:\/\/www.sunroom.it\/it\/produit\/s-60-tt\/#primaryimage\"},\"image\":{\"@id\":\"https:\/\/www.sunroom.it\/it\/produit\/s-60-tt\/#primaryimage\"},\"thumbnailUrl\":\"https:\/\/www.sunroom.it\/wp-content\/uploads\/2020\/07\/S60TT_1500X1300_LIMBO.jpg\",\"datePublished\":\"2020-10-17T19:49:02+00:00\",\"dateModified\":\"2023-05-09T16:33:36+00:00\",\"breadcrumb\":{\"@id\":\"https:\/\/www.sunroom.it\/it\/produit\/s-60-tt\/#breadcrumb\"},\"inLanguage\":\"fr-FR\",\"potentialAction\":[{\"@type\":\"ReadAction\",\"target\":[\"https:\/\/www.sunroom.it\/it\/produit\/s-60-tt\/\"]}]},{\"@type\":\"ImageObject\",\"inLanguage\":\"fr-FR\",\"@id\":\"https:\/\/www.sunroom.it\/it\/produit\/s-60-tt\/#primaryimage\",\"url\":\"https:\/\/www.sunroom.it\/wp-content\/uploads\/2020\/07\/S60TT_1500X1300_LIMBO.jpg\",\"contentUrl\":\"https:\/\/www.sunroom.it\/wp-content\/uploads\/2020\/07\/S60TT_1500X1300_LIMBO.jpg\",\"width\":1500,\"height\":1300},{\"@type\":\"BreadcrumbList\",\"@id\":\"https:\/\/www.sunroom.it\/it\/produit\/s-60-tt\/#breadcrumb\",\"itemListElement\":[{\"@type\":\"ListItem\",\"position\":1,\"name\":\"Home\",\"item\":\"https:\/\/www.sunroom.it\/fr\/\"},{\"@type\":\"ListItem\",\"position\":2,\"name\":\"Boutique\",\"item\":\"https:\/\/www.sunroom.it\/fr\/boutique\/\"},{\"@type\":\"ListItem\",\"position\":3,\"name\":\"S.60 TT\"}]},{\"@type\":\"WebSite\",\"@id\":\"https:\/\/www.sunroom.it\/it\/#website\",\"url\":\"https:\/\/www.sunroom.it\/it\/\",\"name\":\"Sunroom\",\"description\":\"Sunroom\",\"publisher\":{\"@id\":\"https:\/\/www.sunroom.it\/it\/#organization\"},\"potentialAction\":[{\"@type\":\"SearchAction\",\"target\":{\"@type\":\"EntryPoint\",\"urlTemplate\":\"https:\/\/www.sunroom.it\/it\/?s={search_term_string}\"},\"query-input\":{\"@type\":\"PropertyValueSpecification\",\"valueRequired\":true,\"valueName\":\"search_term_string\"}}],\"inLanguage\":\"fr-FR\"},{\"@type\":\"Organization\",\"@id\":\"https:\/\/www.sunroom.it\/it\/#organization\",\"name\":\"Sunroom\",\"url\":\"https:\/\/www.sunroom.it\/it\/\",\"logo\":{\"@type\":\"ImageObject\",\"inLanguage\":\"fr-FR\",\"@id\":\"https:\/\/www.sunroom.it\/it\/#\/schema\/logo\/image\/\",\"url\":\"https:\/\/www.sunroom.it\/wp-content\/uploads\/2021\/07\/sunroom_260x70px.png\",\"contentUrl\":\"https:\/\/www.sunroom.it\/wp-content\/uploads\/2021\/07\/sunroom_260x70px.png\",\"width\":260,\"height\":70,\"caption\":\"Sunroom\"},\"image\":{\"@id\":\"https:\/\/www.sunroom.it\/it\/#\/schema\/logo\/image\/\"}}]}<\/script>\n<!-- \/ Yoast SEO plugin. -->","yoast_head_json":{"title":"S.60 TT - Sunroom","robots":{"index":"index","follow":"follow","max-snippet":"max-snippet:-1","max-image-preview":"max-image-preview:large","max-video-preview":"max-video-preview:-1"},"canonical":"https:\/\/www.sunroom.it\/it\/produit\/s-60-tt\/","og_locale":"fr_FR","og_type":"article","og_title":"S.60 TT - Sunroom","og_description":"Avec la baie vitr\u00e9e S. 60 TT, il est possible d&rsquo;obtenir une isolation thermo-acoustique optimale, m\u00eame sur des ouvertures particuli\u00e8rement grandes. Simple \u00e0 utiliser, fluide et silencieuse, elle peut \u00eatre empil\u00e9e sur un c\u00f4t\u00e9, tant \u00e0 droite qu&rsquo;\u00e0 gauche, ou sur les deux c\u00f4t\u00e9s, lorsque l&rsquo;ouverture est particuli\u00e8rement ample. Toujours fabriqu\u00e9e sur mesure, la baieLeggi di pi\u00f9","og_url":"https:\/\/www.sunroom.it\/it\/produit\/s-60-tt\/","og_site_name":"Sunroom","article_modified_time":"2023-05-09T16:33:36+00:00","og_image":[{"width":1500,"height":1300,"url":"https:\/\/www.sunroom.it\/wp-content\/uploads\/2020\/07\/S60TT_1500X1300_LIMBO.jpg","type":"image\/jpeg"}],"twitter_card":"summary_large_image","twitter_misc":{"Dur\u00e9e de lecture estim\u00e9e":"1 minute"},"schema":{"@context":"https:\/\/schema.org","@graph":[{"@type":"WebPage","@id":"https:\/\/www.sunroom.it\/it\/produit\/s-60-tt\/","url":"https:\/\/www.sunroom.it\/it\/produit\/s-60-tt\/","name":"S.60 TT - Sunroom","isPartOf":{"@id":"https:\/\/www.sunroom.it\/it\/#website"},"primaryImageOfPage":{"@id":"https:\/\/www.sunroom.it\/it\/produit\/s-60-tt\/#primaryimage"},"image":{"@id":"https:\/\/www.sunroom.it\/it\/produit\/s-60-tt\/#primaryimage"},"thumbnailUrl":"https:\/\/www.sunroom.it\/wp-content\/uploads\/2020\/07\/S60TT_1500X1300_LIMBO.jpg","datePublished":"2020-10-17T19:49:02+00:00","dateModified":"2023-05-09T16:33:36+00:00","breadcrumb":{"@id":"https:\/\/www.sunroom.it\/it\/produit\/s-60-tt\/#breadcrumb"},"inLanguage":"fr-FR","potentialAction":[{"@type":"ReadAction","target":["https:\/\/www.sunroom.it\/it\/produit\/s-60-tt\/"]}]},{"@type":"ImageObject","inLanguage":"fr-FR","@id":"https:\/\/www.sunroom.it\/it\/produit\/s-60-tt\/#primaryimage","url":"https:\/\/www.sunroom.it\/wp-content\/uploads\/2020\/07\/S60TT_1500X1300_LIMBO.jpg","contentUrl":"https:\/\/www.sunroom.it\/wp-content\/uploads\/2020\/07\/S60TT_1500X1300_LIMBO.jpg","width":1500,"height":1300},{"@type":"BreadcrumbList","@id":"https:\/\/www.sunroom.it\/it\/produit\/s-60-tt\/#breadcrumb","itemListElement":[{"@type":"ListItem","position":1,"name":"Home","item":"https:\/\/www.sunroom.it\/fr\/"},{"@type":"ListItem","position":2,"name":"Boutique","item":"https:\/\/www.sunroom.it\/fr\/boutique\/"},{"@type":"ListItem","position":3,"name":"S.60 TT"}]},{"@type":"WebSite","@id":"https:\/\/www.sunroom.it\/it\/#website","url":"https:\/\/www.sunroom.it\/it\/","name":"Sunroom","description":"Sunroom","publisher":{"@id":"https:\/\/www.sunroom.it\/it\/#organization"},"potentialAction":[{"@type":"SearchAction","target":{"@type":"EntryPoint","urlTemplate":"https:\/\/www.sunroom.it\/it\/?s={search_term_string}"},"query-input":{"@type":"PropertyValueSpecification","valueRequired":true,"valueName":"search_term_string"}}],"inLanguage":"fr-FR"},{"@type":"Organization","@id":"https:\/\/www.sunroom.it\/it\/#organization","name":"Sunroom","url":"https:\/\/www.sunroom.it\/it\/","logo":{"@type":"ImageObject","inLanguage":"fr-FR","@id":"https:\/\/www.sunroom.it\/it\/#\/schema\/logo\/image\/","url":"https:\/\/www.sunroom.it\/wp-content\/uploads\/2021\/07\/sunroom_260x70px.png","contentUrl":"https:\/\/www.sunroom.it\/wp-content\/uploads\/2021\/07\/sunroom_260x70px.png","width":260,"height":70,"caption":"Sunroom"},"image":{"@id":"https:\/\/www.sunroom.it\/it\/#\/schema\/logo\/image\/"}}]}},"_links":{"self":[{"href":"https:\/\/www.sunroom.it\/fr\/wp-json\/wp\/v2\/product\/6280","targetHints":{"allow":["GET"]}}],"collection":[{"href":"https:\/\/www.sunroom.it\/fr\/wp-json\/wp\/v2\/product"}],"about":[{"href":"https:\/\/www.sunroom.it\/fr\/wp-json\/wp\/v2\/types\/product"}],"replies":[{"embeddable":true,"href":"https:\/\/www.sunroom.it\/fr\/wp-json\/wp\/v2\/comments?post=6280"}],"wp:featuredmedia":[{"embeddable":true,"href":"https:\/\/www.sunroom.it\/fr\/wp-json\/wp\/v2\/media\/1686"}],"wp:attachment":[{"href":"https:\/\/www.sunroom.it\/fr\/wp-json\/wp\/v2\/media?parent=6280"}],"wp:term":[{"taxonomy":"product_brand","embeddable":true,"href":"https:\/\/www.sunroom.it\/fr\/wp-json\/wp\/v2\/product_brand?post=6280"},{"taxonomy":"product_cat","embeddable":true,"href":"https:\/\/www.sunroom.it\/fr\/wp-json\/wp\/v2\/product_cat?post=6280"},{"taxonomy":"product_tag","embeddable":true,"href":"https:\/\/www.sunroom.it\/fr\/wp-json\/wp\/v2\/product_tag?post=6280"}],"curies":[{"name":"wp","href":"https:\/\/api.w.org\/{rel}","templated":true}]}}