{"id":6274,"date":"2020-10-17T21:31:23","date_gmt":"2020-10-17T19:49:02","guid":{"rendered":"https:\/\/www.sunroom.it\/prodotto\/s-75-tt\/"},"modified":"2023-05-09T18:33:49","modified_gmt":"2023-05-09T16:33:49","slug":"s-75-tt","status":"publish","type":"product","link":"https:\/\/www.sunroom.it\/fr\/produit\/s-75-tt\/","title":{"rendered":"S.75 TT"},"content":{"rendered":"<p>Une baie vitr\u00e9e pliante peut r\u00e9ellement vous offrir une infinit\u00e9 d&rsquo;opportunit\u00e9s\u00a0! \u00c9l\u00e9gante et originale, elle se transforme en un <strong>v\u00e9ritable compl\u00e9ment d&rsquo;ameublement<\/strong> qui peut satisfaire n&rsquo;importe quel besoin de projet\u00a0: la baie vitr\u00e9e pliante S.75 TT peut \u00eatre <strong>compl\u00e8tement empil\u00e9e<\/strong> pour \u00ab\u00a0franchir\u00a0\u00bb la limite entre l&rsquo;int\u00e9rieur et l&rsquo;ext\u00e9rieur et vous fournir une <strong>libert\u00e9 maximale de construction et<\/strong> d&rsquo;am\u00e9nagement des espaces.<\/p>\n<p>Ses vantaux sont toujours fabriqu\u00e9s <strong>sur mesure<\/strong>, tandis que les rails sup\u00e9rieurs, inf\u00e9rieurs et les montants lat\u00e9raux forment un ch\u00e2ssis ferm\u00e9 et sont \u00e9quip\u00e9s de doubles joints qui agissent en compression, pour des <strong>performances<\/strong> <strong>exceptionnelles<\/strong>. Le syst\u00e8me particulier de la baie vitr\u00e9e pliante S. 75 TT est \u00e9galement parfait pour des zones climatiques dans lesquelles la r\u00e9sistance aux intemp\u00e9ries, l&rsquo;\u00e9tanch\u00e9it\u00e9 et l&rsquo;isolation thermo-acoustique repr\u00e9sentent une priorit\u00e9. Obtenue au moyen de Barsrettes en polyamide de 28 mm, la <strong>rupture de pont thermique<\/strong> permet de favoriser un <strong>confort de vie optimal <\/strong>et une <strong>am\u00e9lioration de l&rsquo;efficacit\u00e9 \u00e9nerg\u00e9tique<\/strong>.<\/p>\n<p>Les <strong>accessoires sp\u00e9cialement \u00e9tudi\u00e9s<\/strong> combinent le besoin de supporter des poids importants avec un go\u00fbt esth\u00e9tique innovant, notamment en ce qui concerne les <strong>charni\u00e8res<\/strong> et les <strong>chariots en aluminium anodis\u00e9 et acier inoxydable<\/strong>, de m\u00eame que les <strong>poign\u00e9es<\/strong> aux formes carr\u00e9es et essentielles.<\/p>\n<p>L&rsquo;<strong>empilage en paquet est tr\u00e8s facile<\/strong>, rapide et silencieux\u00a0: il peut avoir lieu tant \u00e0 droite qu&rsquo;\u00e0 gauche ou \u00eatre divis\u00e9 sur les deux c\u00f4t\u00e9s, si les dimensions remarquables des Baies vitr\u00e9es l&rsquo;imposent. Avec la baie vitr\u00e9e pliante S. 75 TT, vous pourrez obtenir le <strong>bien-\u00eatre<\/strong> dans le <strong>milieu<\/strong> que vous avez toujours d\u00e9sir\u00e9\u00a0: la temp\u00e9rature, la luminosit\u00e9 et le confort s&rsquo;unissent pour vous permettre de vous \u00ab\u00a0sentir \u00e0 votre aise\u00a0\u00bb \u00e0 la maison\u00a0!<\/p>\n","protected":false},"excerpt":{"rendered":"<p>Une baie vitr\u00e9e pliante peut r\u00e9ellement vous offrir une infinit\u00e9 d&rsquo;opportunit\u00e9s\u00a0! \u00c9l\u00e9gante et originale, elle se transforme en un v\u00e9ritable compl\u00e9ment d&rsquo;ameublement qui peut satisfaire n&rsquo;importe quel besoin de projet\u00a0: la baie vitr\u00e9e pliante S.75 TT peut \u00eatre compl\u00e8tement empil\u00e9e pour \u00ab\u00a0franchir\u00a0\u00bb la limite entre l&rsquo;int\u00e9rieur et l&rsquo;ext\u00e9rieur et vous fournir une libert\u00e9 maximale deLeggi di pi\u00f9<\/p>\n","protected":false},"featured_media":1782,"comment_status":"closed","ping_status":"closed","template":"","meta":{"_acf_changed":false},"product_brand":[],"product_cat":[154,136],"product_tag":[],"class_list":{"0":"post-6274","1":"product","2":"type-product","3":"status-publish","4":"has-post-thumbnail","6":"product_cat-baies-vitrees-pliantes","7":"product_cat-prodotti-fr","8":"cat-product-privati-vetrate-fr","9":"cat-product-privati-patio-fr","10":"cat-product-privati-privati-fr","11":"cat-product-privati-verandas","12":"cat-product-contract-edifici-pubblici-fr","13":"cat-product-contract-contract-fr","14":"cat-product-contract-hotel-fr","16":"first","17":"instock","18":"product-type-simple"},"acf":[],"yoast_head":"<!-- This site is optimized with the Yoast SEO plugin v27.1 - https:\/\/yoast.com\/product\/yoast-seo-wordpress\/ -->\n<title>S.75 TT - Sunroom<\/title>\n<meta name=\"robots\" content=\"index, follow, max-snippet:-1, max-image-preview:large, max-video-preview:-1\" \/>\n<link rel=\"canonical\" href=\"https:\/\/www.sunroom.it\/it\/produit\/s-75-tt\/\" \/>\n<meta property=\"og:locale\" content=\"fr_FR\" \/>\n<meta property=\"og:type\" content=\"article\" \/>\n<meta property=\"og:title\" content=\"S.75 TT - Sunroom\" \/>\n<meta property=\"og:description\" content=\"Une baie vitr\u00e9e pliante peut r\u00e9ellement vous offrir une infinit\u00e9 d&rsquo;opportunit\u00e9s\u00a0! \u00c9l\u00e9gante et originale, elle se transforme en un v\u00e9ritable compl\u00e9ment d&rsquo;ameublement qui peut satisfaire n&rsquo;importe quel besoin de projet\u00a0: la baie vitr\u00e9e pliante S.75 TT peut \u00eatre compl\u00e8tement empil\u00e9e pour \u00ab\u00a0franchir\u00a0\u00bb la limite entre l&rsquo;int\u00e9rieur et l&rsquo;ext\u00e9rieur et vous fournir une libert\u00e9 maximale deLeggi di pi\u00f9\" \/>\n<meta property=\"og:url\" content=\"https:\/\/www.sunroom.it\/it\/produit\/s-75-tt\/\" \/>\n<meta property=\"og:site_name\" content=\"Sunroom\" \/>\n<meta property=\"article:modified_time\" content=\"2023-05-09T16:33:49+00:00\" \/>\n<meta property=\"og:image\" content=\"https:\/\/www.sunroom.it\/wp-content\/uploads\/2020\/04\/S75TT_1500x1300_LIMBO.jpg\" \/>\n\t<meta property=\"og:image:width\" content=\"1500\" \/>\n\t<meta property=\"og:image:height\" content=\"1300\" \/>\n\t<meta property=\"og:image:type\" content=\"image\/jpeg\" \/>\n<meta name=\"twitter:card\" content=\"summary_large_image\" \/>\n<meta name=\"twitter:label1\" content=\"Dur\u00e9e de lecture estim\u00e9e\" \/>\n\t<meta name=\"twitter:data1\" content=\"2 minutes\" \/>\n<script type=\"application\/ld+json\" class=\"yoast-schema-graph\">{\"@context\":\"https:\/\/schema.org\",\"@graph\":[{\"@type\":\"WebPage\",\"@id\":\"https:\/\/www.sunroom.it\/it\/produit\/s-75-tt\/\",\"url\":\"https:\/\/www.sunroom.it\/it\/produit\/s-75-tt\/\",\"name\":\"S.75 TT - Sunroom\",\"isPartOf\":{\"@id\":\"https:\/\/www.sunroom.it\/it\/#website\"},\"primaryImageOfPage\":{\"@id\":\"https:\/\/www.sunroom.it\/it\/produit\/s-75-tt\/#primaryimage\"},\"image\":{\"@id\":\"https:\/\/www.sunroom.it\/it\/produit\/s-75-tt\/#primaryimage\"},\"thumbnailUrl\":\"https:\/\/www.sunroom.it\/wp-content\/uploads\/2020\/04\/S75TT_1500x1300_LIMBO.jpg\",\"datePublished\":\"2020-10-17T19:49:02+00:00\",\"dateModified\":\"2023-05-09T16:33:49+00:00\",\"breadcrumb\":{\"@id\":\"https:\/\/www.sunroom.it\/it\/produit\/s-75-tt\/#breadcrumb\"},\"inLanguage\":\"fr-FR\",\"potentialAction\":[{\"@type\":\"ReadAction\",\"target\":[\"https:\/\/www.sunroom.it\/it\/produit\/s-75-tt\/\"]}]},{\"@type\":\"ImageObject\",\"inLanguage\":\"fr-FR\",\"@id\":\"https:\/\/www.sunroom.it\/it\/produit\/s-75-tt\/#primaryimage\",\"url\":\"https:\/\/www.sunroom.it\/wp-content\/uploads\/2020\/04\/S75TT_1500x1300_LIMBO.jpg\",\"contentUrl\":\"https:\/\/www.sunroom.it\/wp-content\/uploads\/2020\/04\/S75TT_1500x1300_LIMBO.jpg\",\"width\":1500,\"height\":1300},{\"@type\":\"BreadcrumbList\",\"@id\":\"https:\/\/www.sunroom.it\/it\/produit\/s-75-tt\/#breadcrumb\",\"itemListElement\":[{\"@type\":\"ListItem\",\"position\":1,\"name\":\"Home\",\"item\":\"https:\/\/www.sunroom.it\/fr\/\"},{\"@type\":\"ListItem\",\"position\":2,\"name\":\"Boutique\",\"item\":\"https:\/\/www.sunroom.it\/fr\/boutique\/\"},{\"@type\":\"ListItem\",\"position\":3,\"name\":\"S.75 TT\"}]},{\"@type\":\"WebSite\",\"@id\":\"https:\/\/www.sunroom.it\/it\/#website\",\"url\":\"https:\/\/www.sunroom.it\/it\/\",\"name\":\"Sunroom\",\"description\":\"Sunroom\",\"publisher\":{\"@id\":\"https:\/\/www.sunroom.it\/it\/#organization\"},\"potentialAction\":[{\"@type\":\"SearchAction\",\"target\":{\"@type\":\"EntryPoint\",\"urlTemplate\":\"https:\/\/www.sunroom.it\/it\/?s={search_term_string}\"},\"query-input\":{\"@type\":\"PropertyValueSpecification\",\"valueRequired\":true,\"valueName\":\"search_term_string\"}}],\"inLanguage\":\"fr-FR\"},{\"@type\":\"Organization\",\"@id\":\"https:\/\/www.sunroom.it\/it\/#organization\",\"name\":\"Sunroom\",\"url\":\"https:\/\/www.sunroom.it\/it\/\",\"logo\":{\"@type\":\"ImageObject\",\"inLanguage\":\"fr-FR\",\"@id\":\"https:\/\/www.sunroom.it\/it\/#\/schema\/logo\/image\/\",\"url\":\"https:\/\/www.sunroom.it\/wp-content\/uploads\/2021\/07\/sunroom_260x70px.png\",\"contentUrl\":\"https:\/\/www.sunroom.it\/wp-content\/uploads\/2021\/07\/sunroom_260x70px.png\",\"width\":260,\"height\":70,\"caption\":\"Sunroom\"},\"image\":{\"@id\":\"https:\/\/www.sunroom.it\/it\/#\/schema\/logo\/image\/\"}}]}<\/script>\n<!-- \/ Yoast SEO plugin. -->","yoast_head_json":{"title":"S.75 TT - Sunroom","robots":{"index":"index","follow":"follow","max-snippet":"max-snippet:-1","max-image-preview":"max-image-preview:large","max-video-preview":"max-video-preview:-1"},"canonical":"https:\/\/www.sunroom.it\/it\/produit\/s-75-tt\/","og_locale":"fr_FR","og_type":"article","og_title":"S.75 TT - Sunroom","og_description":"Une baie vitr\u00e9e pliante peut r\u00e9ellement vous offrir une infinit\u00e9 d&rsquo;opportunit\u00e9s\u00a0! \u00c9l\u00e9gante et originale, elle se transforme en un v\u00e9ritable compl\u00e9ment d&rsquo;ameublement qui peut satisfaire n&rsquo;importe quel besoin de projet\u00a0: la baie vitr\u00e9e pliante S.75 TT peut \u00eatre compl\u00e8tement empil\u00e9e pour \u00ab\u00a0franchir\u00a0\u00bb la limite entre l&rsquo;int\u00e9rieur et l&rsquo;ext\u00e9rieur et vous fournir une libert\u00e9 maximale deLeggi di pi\u00f9","og_url":"https:\/\/www.sunroom.it\/it\/produit\/s-75-tt\/","og_site_name":"Sunroom","article_modified_time":"2023-05-09T16:33:49+00:00","og_image":[{"width":1500,"height":1300,"url":"https:\/\/www.sunroom.it\/wp-content\/uploads\/2020\/04\/S75TT_1500x1300_LIMBO.jpg","type":"image\/jpeg"}],"twitter_card":"summary_large_image","twitter_misc":{"Dur\u00e9e de lecture estim\u00e9e":"2 minutes"},"schema":{"@context":"https:\/\/schema.org","@graph":[{"@type":"WebPage","@id":"https:\/\/www.sunroom.it\/it\/produit\/s-75-tt\/","url":"https:\/\/www.sunroom.it\/it\/produit\/s-75-tt\/","name":"S.75 TT - Sunroom","isPartOf":{"@id":"https:\/\/www.sunroom.it\/it\/#website"},"primaryImageOfPage":{"@id":"https:\/\/www.sunroom.it\/it\/produit\/s-75-tt\/#primaryimage"},"image":{"@id":"https:\/\/www.sunroom.it\/it\/produit\/s-75-tt\/#primaryimage"},"thumbnailUrl":"https:\/\/www.sunroom.it\/wp-content\/uploads\/2020\/04\/S75TT_1500x1300_LIMBO.jpg","datePublished":"2020-10-17T19:49:02+00:00","dateModified":"2023-05-09T16:33:49+00:00","breadcrumb":{"@id":"https:\/\/www.sunroom.it\/it\/produit\/s-75-tt\/#breadcrumb"},"inLanguage":"fr-FR","potentialAction":[{"@type":"ReadAction","target":["https:\/\/www.sunroom.it\/it\/produit\/s-75-tt\/"]}]},{"@type":"ImageObject","inLanguage":"fr-FR","@id":"https:\/\/www.sunroom.it\/it\/produit\/s-75-tt\/#primaryimage","url":"https:\/\/www.sunroom.it\/wp-content\/uploads\/2020\/04\/S75TT_1500x1300_LIMBO.jpg","contentUrl":"https:\/\/www.sunroom.it\/wp-content\/uploads\/2020\/04\/S75TT_1500x1300_LIMBO.jpg","width":1500,"height":1300},{"@type":"BreadcrumbList","@id":"https:\/\/www.sunroom.it\/it\/produit\/s-75-tt\/#breadcrumb","itemListElement":[{"@type":"ListItem","position":1,"name":"Home","item":"https:\/\/www.sunroom.it\/fr\/"},{"@type":"ListItem","position":2,"name":"Boutique","item":"https:\/\/www.sunroom.it\/fr\/boutique\/"},{"@type":"ListItem","position":3,"name":"S.75 TT"}]},{"@type":"WebSite","@id":"https:\/\/www.sunroom.it\/it\/#website","url":"https:\/\/www.sunroom.it\/it\/","name":"Sunroom","description":"Sunroom","publisher":{"@id":"https:\/\/www.sunroom.it\/it\/#organization"},"potentialAction":[{"@type":"SearchAction","target":{"@type":"EntryPoint","urlTemplate":"https:\/\/www.sunroom.it\/it\/?s={search_term_string}"},"query-input":{"@type":"PropertyValueSpecification","valueRequired":true,"valueName":"search_term_string"}}],"inLanguage":"fr-FR"},{"@type":"Organization","@id":"https:\/\/www.sunroom.it\/it\/#organization","name":"Sunroom","url":"https:\/\/www.sunroom.it\/it\/","logo":{"@type":"ImageObject","inLanguage":"fr-FR","@id":"https:\/\/www.sunroom.it\/it\/#\/schema\/logo\/image\/","url":"https:\/\/www.sunroom.it\/wp-content\/uploads\/2021\/07\/sunroom_260x70px.png","contentUrl":"https:\/\/www.sunroom.it\/wp-content\/uploads\/2021\/07\/sunroom_260x70px.png","width":260,"height":70,"caption":"Sunroom"},"image":{"@id":"https:\/\/www.sunroom.it\/it\/#\/schema\/logo\/image\/"}}]}},"_links":{"self":[{"href":"https:\/\/www.sunroom.it\/fr\/wp-json\/wp\/v2\/product\/6274","targetHints":{"allow":["GET"]}}],"collection":[{"href":"https:\/\/www.sunroom.it\/fr\/wp-json\/wp\/v2\/product"}],"about":[{"href":"https:\/\/www.sunroom.it\/fr\/wp-json\/wp\/v2\/types\/product"}],"replies":[{"embeddable":true,"href":"https:\/\/www.sunroom.it\/fr\/wp-json\/wp\/v2\/comments?post=6274"}],"wp:featuredmedia":[{"embeddable":true,"href":"https:\/\/www.sunroom.it\/fr\/wp-json\/wp\/v2\/media\/1782"}],"wp:attachment":[{"href":"https:\/\/www.sunroom.it\/fr\/wp-json\/wp\/v2\/media?parent=6274"}],"wp:term":[{"taxonomy":"product_brand","embeddable":true,"href":"https:\/\/www.sunroom.it\/fr\/wp-json\/wp\/v2\/product_brand?post=6274"},{"taxonomy":"product_cat","embeddable":true,"href":"https:\/\/www.sunroom.it\/fr\/wp-json\/wp\/v2\/product_cat?post=6274"},{"taxonomy":"product_tag","embeddable":true,"href":"https:\/\/www.sunroom.it\/fr\/wp-json\/wp\/v2\/product_tag?post=6274"}],"curies":[{"name":"wp","href":"https:\/\/api.w.org\/{rel}","templated":true}]}}