{"id":6268,"date":"2020-10-17T21:31:23","date_gmt":"2020-10-17T19:49:02","guid":{"rendered":"https:\/\/www.sunroom.it\/prodotto\/s-40\/"},"modified":"2023-05-09T18:31:24","modified_gmt":"2023-05-09T16:31:24","slug":"s-40","status":"publish","type":"product","link":"https:\/\/www.sunroom.it\/fr\/produit\/s-40\/","title":{"rendered":"S.40"},"content":{"rendered":"<p>La <strong>baie vitr\u00e9e pliante<\/strong> S. 40 propose une structure <strong>robuste<\/strong>, fabriqu\u00e9e avec des <strong>\u00e9l\u00e9ments modulaires<\/strong> en profil\u00e9s en<strong> aluminium<\/strong> non isol\u00e9. Chaque vantail en vitrage se raccorde aux autres en tournant et en s&#8217;empilant en un paquet lat\u00e9ral, le tout sur un seul rail, fournissant ainsi <strong>une vaste ouverture d\u00e9gag\u00e9e<\/strong> afin de pouvoir b\u00e9n\u00e9ficier de l&rsquo;air frais et d&rsquo;une grande quantit\u00e9 de lumi\u00e8re naturelle, qui n&rsquo;est pas li\u00e9e aux panneaux en vitrage fixes des syst\u00e8mes vitr\u00e9s traditionnels.<\/p>\n<p>Normalement, les vantaux sont accroch\u00e9s au rail sup\u00e9rieur au moyen de chariots munis de roulements \u00e0 bille recouverts de mat\u00e9riel synth\u00e9tique, tandis que la partie inf\u00e9rieure est munie de rouleaux coulissant dans un <strong>rail en aluminium <\/strong>install\u00e9 au sol ou en acier inoxydable encastr\u00e9. Si la structure sup\u00e9rieure n&rsquo;est pas assez solide pour supporter son poids, la baie vitr\u00e9e pliante S.40 peut \u00e9galement coulisser avec les chariots sur le rail inf\u00e9rieur. Uniques en leur genre, les <strong>charni\u00e8res dissimul\u00e9es<\/strong> vous assurent un <strong>aspect esth\u00e9tique agr\u00e9able<\/strong> et original. De plus, elles favorisent une <strong>bonne protection contre les agents atmosph\u00e9riques<\/strong>.<\/p>\n<p>Id\u00e9ale pour fermer votre <strong>porche<\/strong>, votre <strong>balcon<\/strong> ou votre pergola bioclimatique, de m\u00eame que pour des <strong>activit\u00e9s commerciales, telles que des Barss, restaurants ou glaciers, la baie vitr\u00e9e pliante S.40 est facile \u00e0 utiliser et tr\u00e8s pratique\u00a0: elle peut \u00eatre empil\u00e9e tant \u00e0 droite qu&rsquo;\u00e0 gauche ou divis\u00e9e sur les deux c\u00f4t\u00e9s, si les dimensions l&rsquo;imposent.<\/strong><\/p>\n","protected":false},"excerpt":{"rendered":"<p>La baie vitr\u00e9e pliante S. 40 propose une structure robuste, fabriqu\u00e9e avec des \u00e9l\u00e9ments modulaires en profil\u00e9s en aluminium non isol\u00e9. Chaque vantail en vitrage se raccorde aux autres en tournant et en s&#8217;empilant en un paquet lat\u00e9ral, le tout sur un seul rail, fournissant ainsi une vaste ouverture d\u00e9gag\u00e9e afin de pouvoir b\u00e9n\u00e9ficier deLeggi di pi\u00f9<\/p>\n","protected":false},"featured_media":1670,"comment_status":"closed","ping_status":"closed","template":"","meta":{"_acf_changed":false},"product_brand":[],"product_cat":[154,136],"product_tag":[],"class_list":{"0":"post-6268","1":"product","2":"type-product","3":"status-publish","4":"has-post-thumbnail","6":"product_cat-baies-vitrees-pliantes","7":"product_cat-prodotti-fr","8":"cat-product-privati-vetrate-fr","9":"cat-product-privati-balconi-e-facciate-fr","10":"cat-product-privati-patio-fr","11":"cat-product-privati-privati-fr","12":"cat-product-privati-serre-fr","13":"cat-product-privati-verandas","14":"cat-product-contract-bar-fr","15":"cat-product-contract-edifici-pubblici-fr","16":"cat-product-contract-contract-fr","17":"cat-product-contract-etablissements-balneaire","18":"cat-product-contract-gelaterie-fr","19":"cat-product-contract-hotel-fr","20":"cat-product-contract-ristoranti-fr-2","22":"first","23":"instock","24":"product-type-simple"},"acf":[],"yoast_head":"<!-- This site is optimized with the Yoast SEO plugin v27.1 - https:\/\/yoast.com\/product\/yoast-seo-wordpress\/ -->\n<title>S.40 - Sunroom<\/title>\n<meta name=\"robots\" content=\"index, follow, max-snippet:-1, max-image-preview:large, max-video-preview:-1\" \/>\n<link rel=\"canonical\" href=\"https:\/\/www.sunroom.it\/it\/produit\/s-40\/\" \/>\n<meta property=\"og:locale\" content=\"fr_FR\" \/>\n<meta property=\"og:type\" content=\"article\" \/>\n<meta property=\"og:title\" content=\"S.40 - Sunroom\" \/>\n<meta property=\"og:description\" content=\"La baie vitr\u00e9e pliante S. 40 propose une structure robuste, fabriqu\u00e9e avec des \u00e9l\u00e9ments modulaires en profil\u00e9s en aluminium non isol\u00e9. Chaque vantail en vitrage se raccorde aux autres en tournant et en s&#8217;empilant en un paquet lat\u00e9ral, le tout sur un seul rail, fournissant ainsi une vaste ouverture d\u00e9gag\u00e9e afin de pouvoir b\u00e9n\u00e9ficier deLeggi di pi\u00f9\" \/>\n<meta property=\"og:url\" content=\"https:\/\/www.sunroom.it\/it\/produit\/s-40\/\" \/>\n<meta property=\"og:site_name\" content=\"Sunroom\" \/>\n<meta property=\"article:modified_time\" content=\"2023-05-09T16:31:24+00:00\" \/>\n<meta property=\"og:image\" content=\"https:\/\/www.sunroom.it\/wp-content\/uploads\/2020\/07\/S40_1500X1300_LIMBO.jpg\" \/>\n\t<meta property=\"og:image:width\" content=\"1500\" \/>\n\t<meta property=\"og:image:height\" content=\"1300\" \/>\n\t<meta property=\"og:image:type\" content=\"image\/jpeg\" \/>\n<meta name=\"twitter:card\" content=\"summary_large_image\" \/>\n<meta name=\"twitter:label1\" content=\"Dur\u00e9e de lecture estim\u00e9e\" \/>\n\t<meta name=\"twitter:data1\" content=\"2 minutes\" \/>\n<script type=\"application\/ld+json\" class=\"yoast-schema-graph\">{\"@context\":\"https:\/\/schema.org\",\"@graph\":[{\"@type\":\"WebPage\",\"@id\":\"https:\/\/www.sunroom.it\/it\/produit\/s-40\/\",\"url\":\"https:\/\/www.sunroom.it\/it\/produit\/s-40\/\",\"name\":\"S.40 - Sunroom\",\"isPartOf\":{\"@id\":\"https:\/\/www.sunroom.it\/it\/#website\"},\"primaryImageOfPage\":{\"@id\":\"https:\/\/www.sunroom.it\/it\/produit\/s-40\/#primaryimage\"},\"image\":{\"@id\":\"https:\/\/www.sunroom.it\/it\/produit\/s-40\/#primaryimage\"},\"thumbnailUrl\":\"https:\/\/www.sunroom.it\/wp-content\/uploads\/2020\/07\/S40_1500X1300_LIMBO.jpg\",\"datePublished\":\"2020-10-17T19:49:02+00:00\",\"dateModified\":\"2023-05-09T16:31:24+00:00\",\"breadcrumb\":{\"@id\":\"https:\/\/www.sunroom.it\/it\/produit\/s-40\/#breadcrumb\"},\"inLanguage\":\"fr-FR\",\"potentialAction\":[{\"@type\":\"ReadAction\",\"target\":[\"https:\/\/www.sunroom.it\/it\/produit\/s-40\/\"]}]},{\"@type\":\"ImageObject\",\"inLanguage\":\"fr-FR\",\"@id\":\"https:\/\/www.sunroom.it\/it\/produit\/s-40\/#primaryimage\",\"url\":\"https:\/\/www.sunroom.it\/wp-content\/uploads\/2020\/07\/S40_1500X1300_LIMBO.jpg\",\"contentUrl\":\"https:\/\/www.sunroom.it\/wp-content\/uploads\/2020\/07\/S40_1500X1300_LIMBO.jpg\",\"width\":1500,\"height\":1300},{\"@type\":\"BreadcrumbList\",\"@id\":\"https:\/\/www.sunroom.it\/it\/produit\/s-40\/#breadcrumb\",\"itemListElement\":[{\"@type\":\"ListItem\",\"position\":1,\"name\":\"Home\",\"item\":\"https:\/\/www.sunroom.it\/fr\/\"},{\"@type\":\"ListItem\",\"position\":2,\"name\":\"Boutique\",\"item\":\"https:\/\/www.sunroom.it\/fr\/boutique\/\"},{\"@type\":\"ListItem\",\"position\":3,\"name\":\"S.40\"}]},{\"@type\":\"WebSite\",\"@id\":\"https:\/\/www.sunroom.it\/it\/#website\",\"url\":\"https:\/\/www.sunroom.it\/it\/\",\"name\":\"Sunroom\",\"description\":\"Sunroom\",\"publisher\":{\"@id\":\"https:\/\/www.sunroom.it\/it\/#organization\"},\"potentialAction\":[{\"@type\":\"SearchAction\",\"target\":{\"@type\":\"EntryPoint\",\"urlTemplate\":\"https:\/\/www.sunroom.it\/it\/?s={search_term_string}\"},\"query-input\":{\"@type\":\"PropertyValueSpecification\",\"valueRequired\":true,\"valueName\":\"search_term_string\"}}],\"inLanguage\":\"fr-FR\"},{\"@type\":\"Organization\",\"@id\":\"https:\/\/www.sunroom.it\/it\/#organization\",\"name\":\"Sunroom\",\"url\":\"https:\/\/www.sunroom.it\/it\/\",\"logo\":{\"@type\":\"ImageObject\",\"inLanguage\":\"fr-FR\",\"@id\":\"https:\/\/www.sunroom.it\/it\/#\/schema\/logo\/image\/\",\"url\":\"https:\/\/www.sunroom.it\/wp-content\/uploads\/2021\/07\/sunroom_260x70px.png\",\"contentUrl\":\"https:\/\/www.sunroom.it\/wp-content\/uploads\/2021\/07\/sunroom_260x70px.png\",\"width\":260,\"height\":70,\"caption\":\"Sunroom\"},\"image\":{\"@id\":\"https:\/\/www.sunroom.it\/it\/#\/schema\/logo\/image\/\"}}]}<\/script>\n<!-- \/ Yoast SEO plugin. -->","yoast_head_json":{"title":"S.40 - Sunroom","robots":{"index":"index","follow":"follow","max-snippet":"max-snippet:-1","max-image-preview":"max-image-preview:large","max-video-preview":"max-video-preview:-1"},"canonical":"https:\/\/www.sunroom.it\/it\/produit\/s-40\/","og_locale":"fr_FR","og_type":"article","og_title":"S.40 - Sunroom","og_description":"La baie vitr\u00e9e pliante S. 40 propose une structure robuste, fabriqu\u00e9e avec des \u00e9l\u00e9ments modulaires en profil\u00e9s en aluminium non isol\u00e9. Chaque vantail en vitrage se raccorde aux autres en tournant et en s&#8217;empilant en un paquet lat\u00e9ral, le tout sur un seul rail, fournissant ainsi une vaste ouverture d\u00e9gag\u00e9e afin de pouvoir b\u00e9n\u00e9ficier deLeggi di pi\u00f9","og_url":"https:\/\/www.sunroom.it\/it\/produit\/s-40\/","og_site_name":"Sunroom","article_modified_time":"2023-05-09T16:31:24+00:00","og_image":[{"width":1500,"height":1300,"url":"https:\/\/www.sunroom.it\/wp-content\/uploads\/2020\/07\/S40_1500X1300_LIMBO.jpg","type":"image\/jpeg"}],"twitter_card":"summary_large_image","twitter_misc":{"Dur\u00e9e de lecture estim\u00e9e":"2 minutes"},"schema":{"@context":"https:\/\/schema.org","@graph":[{"@type":"WebPage","@id":"https:\/\/www.sunroom.it\/it\/produit\/s-40\/","url":"https:\/\/www.sunroom.it\/it\/produit\/s-40\/","name":"S.40 - Sunroom","isPartOf":{"@id":"https:\/\/www.sunroom.it\/it\/#website"},"primaryImageOfPage":{"@id":"https:\/\/www.sunroom.it\/it\/produit\/s-40\/#primaryimage"},"image":{"@id":"https:\/\/www.sunroom.it\/it\/produit\/s-40\/#primaryimage"},"thumbnailUrl":"https:\/\/www.sunroom.it\/wp-content\/uploads\/2020\/07\/S40_1500X1300_LIMBO.jpg","datePublished":"2020-10-17T19:49:02+00:00","dateModified":"2023-05-09T16:31:24+00:00","breadcrumb":{"@id":"https:\/\/www.sunroom.it\/it\/produit\/s-40\/#breadcrumb"},"inLanguage":"fr-FR","potentialAction":[{"@type":"ReadAction","target":["https:\/\/www.sunroom.it\/it\/produit\/s-40\/"]}]},{"@type":"ImageObject","inLanguage":"fr-FR","@id":"https:\/\/www.sunroom.it\/it\/produit\/s-40\/#primaryimage","url":"https:\/\/www.sunroom.it\/wp-content\/uploads\/2020\/07\/S40_1500X1300_LIMBO.jpg","contentUrl":"https:\/\/www.sunroom.it\/wp-content\/uploads\/2020\/07\/S40_1500X1300_LIMBO.jpg","width":1500,"height":1300},{"@type":"BreadcrumbList","@id":"https:\/\/www.sunroom.it\/it\/produit\/s-40\/#breadcrumb","itemListElement":[{"@type":"ListItem","position":1,"name":"Home","item":"https:\/\/www.sunroom.it\/fr\/"},{"@type":"ListItem","position":2,"name":"Boutique","item":"https:\/\/www.sunroom.it\/fr\/boutique\/"},{"@type":"ListItem","position":3,"name":"S.40"}]},{"@type":"WebSite","@id":"https:\/\/www.sunroom.it\/it\/#website","url":"https:\/\/www.sunroom.it\/it\/","name":"Sunroom","description":"Sunroom","publisher":{"@id":"https:\/\/www.sunroom.it\/it\/#organization"},"potentialAction":[{"@type":"SearchAction","target":{"@type":"EntryPoint","urlTemplate":"https:\/\/www.sunroom.it\/it\/?s={search_term_string}"},"query-input":{"@type":"PropertyValueSpecification","valueRequired":true,"valueName":"search_term_string"}}],"inLanguage":"fr-FR"},{"@type":"Organization","@id":"https:\/\/www.sunroom.it\/it\/#organization","name":"Sunroom","url":"https:\/\/www.sunroom.it\/it\/","logo":{"@type":"ImageObject","inLanguage":"fr-FR","@id":"https:\/\/www.sunroom.it\/it\/#\/schema\/logo\/image\/","url":"https:\/\/www.sunroom.it\/wp-content\/uploads\/2021\/07\/sunroom_260x70px.png","contentUrl":"https:\/\/www.sunroom.it\/wp-content\/uploads\/2021\/07\/sunroom_260x70px.png","width":260,"height":70,"caption":"Sunroom"},"image":{"@id":"https:\/\/www.sunroom.it\/it\/#\/schema\/logo\/image\/"}}]}},"_links":{"self":[{"href":"https:\/\/www.sunroom.it\/fr\/wp-json\/wp\/v2\/product\/6268","targetHints":{"allow":["GET"]}}],"collection":[{"href":"https:\/\/www.sunroom.it\/fr\/wp-json\/wp\/v2\/product"}],"about":[{"href":"https:\/\/www.sunroom.it\/fr\/wp-json\/wp\/v2\/types\/product"}],"replies":[{"embeddable":true,"href":"https:\/\/www.sunroom.it\/fr\/wp-json\/wp\/v2\/comments?post=6268"}],"wp:featuredmedia":[{"embeddable":true,"href":"https:\/\/www.sunroom.it\/fr\/wp-json\/wp\/v2\/media\/1670"}],"wp:attachment":[{"href":"https:\/\/www.sunroom.it\/fr\/wp-json\/wp\/v2\/media?parent=6268"}],"wp:term":[{"taxonomy":"product_brand","embeddable":true,"href":"https:\/\/www.sunroom.it\/fr\/wp-json\/wp\/v2\/product_brand?post=6268"},{"taxonomy":"product_cat","embeddable":true,"href":"https:\/\/www.sunroom.it\/fr\/wp-json\/wp\/v2\/product_cat?post=6268"},{"taxonomy":"product_tag","embeddable":true,"href":"https:\/\/www.sunroom.it\/fr\/wp-json\/wp\/v2\/product_tag?post=6268"}],"curies":[{"name":"wp","href":"https:\/\/api.w.org\/{rel}","templated":true}]}}