{"id":6250,"date":"2020-10-17T21:31:23","date_gmt":"2020-10-17T19:49:02","guid":{"rendered":"https:\/\/www.sunroom.it\/prodotto\/clima\/"},"modified":"2023-05-09T18:38:17","modified_gmt":"2023-05-09T16:38:17","slug":"clima","status":"publish","type":"product","link":"https:\/\/www.sunroom.it\/fr\/produit\/clima\/","title":{"rendered":"Clima"},"content":{"rendered":"<p>Vous d\u00e9sirez augmenter l&rsquo;espace de votre maison avec une <strong>solution \u00ab\u00a0verte\u00a0\u00bb<\/strong> qui respecte l&rsquo;environnement, limite les consommations et am\u00e9liore votre <strong>confort de vie<\/strong>\u00a0? Clima est la solution id\u00e9ale\u00a0: elle vous permettra d&rsquo;obtenir un espace suppl\u00e9mentaire au service de votre maison, que vous pourrez personnaliser au moyen <strong>de nombreuses finitions<\/strong> et <strong>caract\u00e9ristiques<\/strong> <strong>uniques<\/strong>, \u00e0 l&rsquo;instar de votre habitation.<\/p>\n<p>La serre solaire bioclimatique Clima pourra apporter diff\u00e9rents atouts \u00e0 votre b\u00e2timent en termes d&rsquo;<strong>\u00e9conomie d&rsquo;\u00e9nergie<\/strong>\u00a0: par exemple, durant les mois d&rsquo;hiver, elle permet une capacit\u00e9 d&rsquo;accumulation d&rsquo;\u00e9nergie accrue et une <strong>d\u00e9perdition de chaleur inf\u00e9rieure<\/strong>.<\/p>\n<p>Enti\u00e8rement compos\u00e9 d&rsquo;<strong>aluminium<\/strong> et de <strong>vitrage<\/strong>, deux mat\u00e9riaux r\u00e9sistants et durables dans le temps, Clima est optimale pour la conception de serres solaires bioclimatiques, gr\u00e2ce aux diff\u00e9rentes fermetures p\u00e9rim\u00e9triques en vitrage coulissantes ou pliantes. Ses <strong>multiples configurations<\/strong> sont en mesure de r\u00e9pondre \u00e0 un style plus classique et intemporel, \u00e9l\u00e9gant et raffin\u00e9.<\/p>\n","protected":false},"excerpt":{"rendered":"<p>Vous d\u00e9sirez augmenter l&rsquo;espace de votre maison avec une solution \u00ab\u00a0verte\u00a0\u00bb qui respecte l&rsquo;environnement, limite les consommations et am\u00e9liore votre confort de vie\u00a0? Clima est la solution id\u00e9ale\u00a0: elle vous permettra d&rsquo;obtenir un espace suppl\u00e9mentaire au service de votre maison, que vous pourrez personnaliser au moyen de nombreuses finitions et caract\u00e9ristiques uniques, \u00e0 l&rsquo;instar deLeggi di pi\u00f9<\/p>\n","protected":false},"featured_media":1354,"comment_status":"closed","ping_status":"closed","template":"","meta":{"_acf_changed":false},"product_brand":[],"product_cat":[136,148],"product_tag":[],"class_list":{"0":"post-6250","1":"product","2":"type-product","3":"status-publish","4":"has-post-thumbnail","6":"product_cat-prodotti-fr","7":"product_cat-serres-solaires-bioclimatiques","8":"cat-product-privati-giardino-e-piscina-fr","9":"cat-product-privati-privati-fr","10":"cat-product-privati-serre-fr","11":"cat-product-privati-verandas","12":"cat-product-contract-edifici-pubblici-fr","13":"cat-product-contract-contract-fr","15":"first","16":"instock","17":"product-type-simple"},"acf":[],"yoast_head":"<!-- This site is optimized with the Yoast SEO plugin v27.1 - https:\/\/yoast.com\/product\/yoast-seo-wordpress\/ -->\n<title>Clima - Sunroom<\/title>\n<meta name=\"robots\" content=\"index, follow, max-snippet:-1, max-image-preview:large, max-video-preview:-1\" \/>\n<link rel=\"canonical\" href=\"https:\/\/www.sunroom.it\/it\/produit\/clima\/\" \/>\n<meta property=\"og:locale\" content=\"fr_FR\" \/>\n<meta property=\"og:type\" content=\"article\" \/>\n<meta property=\"og:title\" content=\"Clima - Sunroom\" \/>\n<meta property=\"og:description\" content=\"Vous d\u00e9sirez augmenter l&rsquo;espace de votre maison avec une solution \u00ab\u00a0verte\u00a0\u00bb qui respecte l&rsquo;environnement, limite les consommations et am\u00e9liore votre confort de vie\u00a0? Clima est la solution id\u00e9ale\u00a0: elle vous permettra d&rsquo;obtenir un espace suppl\u00e9mentaire au service de votre maison, que vous pourrez personnaliser au moyen de nombreuses finitions et caract\u00e9ristiques uniques, \u00e0 l&rsquo;instar deLeggi di pi\u00f9\" \/>\n<meta property=\"og:url\" content=\"https:\/\/www.sunroom.it\/it\/produit\/clima\/\" \/>\n<meta property=\"og:site_name\" content=\"Sunroom\" \/>\n<meta property=\"article:modified_time\" content=\"2023-05-09T16:38:17+00:00\" \/>\n<meta property=\"og:image\" content=\"https:\/\/www.sunroom.it\/wp-content\/uploads\/2020\/07\/CLIMA_1500X1300_LIMBO.jpg\" \/>\n\t<meta property=\"og:image:width\" content=\"1500\" \/>\n\t<meta property=\"og:image:height\" content=\"1300\" \/>\n\t<meta property=\"og:image:type\" content=\"image\/jpeg\" \/>\n<meta name=\"twitter:card\" content=\"summary_large_image\" \/>\n<meta name=\"twitter:label1\" content=\"Dur\u00e9e de lecture estim\u00e9e\" \/>\n\t<meta name=\"twitter:data1\" content=\"1 minute\" \/>\n<script type=\"application\/ld+json\" class=\"yoast-schema-graph\">{\"@context\":\"https:\/\/schema.org\",\"@graph\":[{\"@type\":\"WebPage\",\"@id\":\"https:\/\/www.sunroom.it\/it\/produit\/clima\/\",\"url\":\"https:\/\/www.sunroom.it\/it\/produit\/clima\/\",\"name\":\"Clima - Sunroom\",\"isPartOf\":{\"@id\":\"https:\/\/www.sunroom.it\/it\/#website\"},\"primaryImageOfPage\":{\"@id\":\"https:\/\/www.sunroom.it\/it\/produit\/clima\/#primaryimage\"},\"image\":{\"@id\":\"https:\/\/www.sunroom.it\/it\/produit\/clima\/#primaryimage\"},\"thumbnailUrl\":\"https:\/\/www.sunroom.it\/wp-content\/uploads\/2020\/07\/CLIMA_1500X1300_LIMBO.jpg\",\"datePublished\":\"2020-10-17T19:49:02+00:00\",\"dateModified\":\"2023-05-09T16:38:17+00:00\",\"breadcrumb\":{\"@id\":\"https:\/\/www.sunroom.it\/it\/produit\/clima\/#breadcrumb\"},\"inLanguage\":\"fr-FR\",\"potentialAction\":[{\"@type\":\"ReadAction\",\"target\":[\"https:\/\/www.sunroom.it\/it\/produit\/clima\/\"]}]},{\"@type\":\"ImageObject\",\"inLanguage\":\"fr-FR\",\"@id\":\"https:\/\/www.sunroom.it\/it\/produit\/clima\/#primaryimage\",\"url\":\"https:\/\/www.sunroom.it\/wp-content\/uploads\/2020\/07\/CLIMA_1500X1300_LIMBO.jpg\",\"contentUrl\":\"https:\/\/www.sunroom.it\/wp-content\/uploads\/2020\/07\/CLIMA_1500X1300_LIMBO.jpg\",\"width\":1500,\"height\":1300},{\"@type\":\"BreadcrumbList\",\"@id\":\"https:\/\/www.sunroom.it\/it\/produit\/clima\/#breadcrumb\",\"itemListElement\":[{\"@type\":\"ListItem\",\"position\":1,\"name\":\"Home\",\"item\":\"https:\/\/www.sunroom.it\/fr\/\"},{\"@type\":\"ListItem\",\"position\":2,\"name\":\"Boutique\",\"item\":\"https:\/\/www.sunroom.it\/fr\/boutique\/\"},{\"@type\":\"ListItem\",\"position\":3,\"name\":\"Clima\"}]},{\"@type\":\"WebSite\",\"@id\":\"https:\/\/www.sunroom.it\/it\/#website\",\"url\":\"https:\/\/www.sunroom.it\/it\/\",\"name\":\"Sunroom\",\"description\":\"Sunroom\",\"publisher\":{\"@id\":\"https:\/\/www.sunroom.it\/it\/#organization\"},\"potentialAction\":[{\"@type\":\"SearchAction\",\"target\":{\"@type\":\"EntryPoint\",\"urlTemplate\":\"https:\/\/www.sunroom.it\/it\/?s={search_term_string}\"},\"query-input\":{\"@type\":\"PropertyValueSpecification\",\"valueRequired\":true,\"valueName\":\"search_term_string\"}}],\"inLanguage\":\"fr-FR\"},{\"@type\":\"Organization\",\"@id\":\"https:\/\/www.sunroom.it\/it\/#organization\",\"name\":\"Sunroom\",\"url\":\"https:\/\/www.sunroom.it\/it\/\",\"logo\":{\"@type\":\"ImageObject\",\"inLanguage\":\"fr-FR\",\"@id\":\"https:\/\/www.sunroom.it\/it\/#\/schema\/logo\/image\/\",\"url\":\"https:\/\/www.sunroom.it\/wp-content\/uploads\/2021\/07\/sunroom_260x70px.png\",\"contentUrl\":\"https:\/\/www.sunroom.it\/wp-content\/uploads\/2021\/07\/sunroom_260x70px.png\",\"width\":260,\"height\":70,\"caption\":\"Sunroom\"},\"image\":{\"@id\":\"https:\/\/www.sunroom.it\/it\/#\/schema\/logo\/image\/\"}}]}<\/script>\n<!-- \/ Yoast SEO plugin. -->","yoast_head_json":{"title":"Clima - Sunroom","robots":{"index":"index","follow":"follow","max-snippet":"max-snippet:-1","max-image-preview":"max-image-preview:large","max-video-preview":"max-video-preview:-1"},"canonical":"https:\/\/www.sunroom.it\/it\/produit\/clima\/","og_locale":"fr_FR","og_type":"article","og_title":"Clima - Sunroom","og_description":"Vous d\u00e9sirez augmenter l&rsquo;espace de votre maison avec une solution \u00ab\u00a0verte\u00a0\u00bb qui respecte l&rsquo;environnement, limite les consommations et am\u00e9liore votre confort de vie\u00a0? Clima est la solution id\u00e9ale\u00a0: elle vous permettra d&rsquo;obtenir un espace suppl\u00e9mentaire au service de votre maison, que vous pourrez personnaliser au moyen de nombreuses finitions et caract\u00e9ristiques uniques, \u00e0 l&rsquo;instar deLeggi di pi\u00f9","og_url":"https:\/\/www.sunroom.it\/it\/produit\/clima\/","og_site_name":"Sunroom","article_modified_time":"2023-05-09T16:38:17+00:00","og_image":[{"width":1500,"height":1300,"url":"https:\/\/www.sunroom.it\/wp-content\/uploads\/2020\/07\/CLIMA_1500X1300_LIMBO.jpg","type":"image\/jpeg"}],"twitter_card":"summary_large_image","twitter_misc":{"Dur\u00e9e de lecture estim\u00e9e":"1 minute"},"schema":{"@context":"https:\/\/schema.org","@graph":[{"@type":"WebPage","@id":"https:\/\/www.sunroom.it\/it\/produit\/clima\/","url":"https:\/\/www.sunroom.it\/it\/produit\/clima\/","name":"Clima - Sunroom","isPartOf":{"@id":"https:\/\/www.sunroom.it\/it\/#website"},"primaryImageOfPage":{"@id":"https:\/\/www.sunroom.it\/it\/produit\/clima\/#primaryimage"},"image":{"@id":"https:\/\/www.sunroom.it\/it\/produit\/clima\/#primaryimage"},"thumbnailUrl":"https:\/\/www.sunroom.it\/wp-content\/uploads\/2020\/07\/CLIMA_1500X1300_LIMBO.jpg","datePublished":"2020-10-17T19:49:02+00:00","dateModified":"2023-05-09T16:38:17+00:00","breadcrumb":{"@id":"https:\/\/www.sunroom.it\/it\/produit\/clima\/#breadcrumb"},"inLanguage":"fr-FR","potentialAction":[{"@type":"ReadAction","target":["https:\/\/www.sunroom.it\/it\/produit\/clima\/"]}]},{"@type":"ImageObject","inLanguage":"fr-FR","@id":"https:\/\/www.sunroom.it\/it\/produit\/clima\/#primaryimage","url":"https:\/\/www.sunroom.it\/wp-content\/uploads\/2020\/07\/CLIMA_1500X1300_LIMBO.jpg","contentUrl":"https:\/\/www.sunroom.it\/wp-content\/uploads\/2020\/07\/CLIMA_1500X1300_LIMBO.jpg","width":1500,"height":1300},{"@type":"BreadcrumbList","@id":"https:\/\/www.sunroom.it\/it\/produit\/clima\/#breadcrumb","itemListElement":[{"@type":"ListItem","position":1,"name":"Home","item":"https:\/\/www.sunroom.it\/fr\/"},{"@type":"ListItem","position":2,"name":"Boutique","item":"https:\/\/www.sunroom.it\/fr\/boutique\/"},{"@type":"ListItem","position":3,"name":"Clima"}]},{"@type":"WebSite","@id":"https:\/\/www.sunroom.it\/it\/#website","url":"https:\/\/www.sunroom.it\/it\/","name":"Sunroom","description":"Sunroom","publisher":{"@id":"https:\/\/www.sunroom.it\/it\/#organization"},"potentialAction":[{"@type":"SearchAction","target":{"@type":"EntryPoint","urlTemplate":"https:\/\/www.sunroom.it\/it\/?s={search_term_string}"},"query-input":{"@type":"PropertyValueSpecification","valueRequired":true,"valueName":"search_term_string"}}],"inLanguage":"fr-FR"},{"@type":"Organization","@id":"https:\/\/www.sunroom.it\/it\/#organization","name":"Sunroom","url":"https:\/\/www.sunroom.it\/it\/","logo":{"@type":"ImageObject","inLanguage":"fr-FR","@id":"https:\/\/www.sunroom.it\/it\/#\/schema\/logo\/image\/","url":"https:\/\/www.sunroom.it\/wp-content\/uploads\/2021\/07\/sunroom_260x70px.png","contentUrl":"https:\/\/www.sunroom.it\/wp-content\/uploads\/2021\/07\/sunroom_260x70px.png","width":260,"height":70,"caption":"Sunroom"},"image":{"@id":"https:\/\/www.sunroom.it\/it\/#\/schema\/logo\/image\/"}}]}},"_links":{"self":[{"href":"https:\/\/www.sunroom.it\/fr\/wp-json\/wp\/v2\/product\/6250","targetHints":{"allow":["GET"]}}],"collection":[{"href":"https:\/\/www.sunroom.it\/fr\/wp-json\/wp\/v2\/product"}],"about":[{"href":"https:\/\/www.sunroom.it\/fr\/wp-json\/wp\/v2\/types\/product"}],"replies":[{"embeddable":true,"href":"https:\/\/www.sunroom.it\/fr\/wp-json\/wp\/v2\/comments?post=6250"}],"wp:featuredmedia":[{"embeddable":true,"href":"https:\/\/www.sunroom.it\/fr\/wp-json\/wp\/v2\/media\/1354"}],"wp:attachment":[{"href":"https:\/\/www.sunroom.it\/fr\/wp-json\/wp\/v2\/media?parent=6250"}],"wp:term":[{"taxonomy":"product_brand","embeddable":true,"href":"https:\/\/www.sunroom.it\/fr\/wp-json\/wp\/v2\/product_brand?post=6250"},{"taxonomy":"product_cat","embeddable":true,"href":"https:\/\/www.sunroom.it\/fr\/wp-json\/wp\/v2\/product_cat?post=6250"},{"taxonomy":"product_tag","embeddable":true,"href":"https:\/\/www.sunroom.it\/fr\/wp-json\/wp\/v2\/product_tag?post=6250"}],"curies":[{"name":"wp","href":"https:\/\/api.w.org\/{rel}","templated":true}]}}