{"id":6249,"date":"2020-10-17T21:31:23","date_gmt":"2020-10-17T19:49:02","guid":{"rendered":"https:\/\/www.sunroom.it\/prodotto\/motus\/"},"modified":"2023-05-09T18:38:04","modified_gmt":"2023-05-09T16:38:04","slug":"motus","status":"publish","type":"product","link":"https:\/\/www.sunroom.it\/fr\/produit\/motus\/","title":{"rendered":"Motus"},"content":{"rendered":"<p>Motus est le <strong>syst\u00e8me original en aluminium et vitrage <\/strong>id\u00e9al pour am\u00e9nager votre <strong>serre solaire bioclimatique \u00e0 toit r\u00e9tractable<\/strong> sur deux tiers de sa surface.<\/p>\n<p>Cette structure maintient un tr\u00e8s haut niveau d&rsquo;imperm\u00e9abilit\u00e9 et de r\u00e9sistance aux intemp\u00e9ries. Elle s&rsquo;av\u00e8re le choix le plus adapt\u00e9 pour obtenir un <strong>design essentiel<\/strong>, qui vous permettra de profiter pleinement de votre serre solaire bioclimatique et de tirer parti de <strong>sa grande luminosit\u00e9<\/strong>.<\/p>\n<p>La serre solaire bioclimatique Motus favorise en effet une d\u00e9perdition \u00e9nerg\u00e9tique r\u00e9duite et <strong>une accumulation de chaleur<\/strong>\u00a0: gr\u00e2ce \u00e0 sa capacit\u00e9 d&rsquo;intercepter la chaleur des rayons du soleil, elle n&rsquo;est pas dispers\u00e9e, mais accumul\u00e9e et exploit\u00e9e dans d&rsquo;autres milieux de la maison, qui peuvent \u00eatre acclimat\u00e9s sans devoir avoir recours, par exemple, \u00e0 des radiateurs ou \u00e0 des po\u00eales.<\/p>\n<p>Durant les p\u00e9riodes les plus chaudes, son <strong>ouverture sur les deux tiers de la surface<\/strong> permettra une <strong>a\u00e9ration naturelle,<\/strong> favorisant ainsi un bioclimat int\u00e9rieur optimal.<\/p>\n","protected":false},"excerpt":{"rendered":"<p>Motus est le syst\u00e8me original en aluminium et vitrage id\u00e9al pour am\u00e9nager votre serre solaire bioclimatique \u00e0 toit r\u00e9tractable sur deux tiers de sa surface. Cette structure maintient un tr\u00e8s haut niveau d&rsquo;imperm\u00e9abilit\u00e9 et de r\u00e9sistance aux intemp\u00e9ries. Elle s&rsquo;av\u00e8re le choix le plus adapt\u00e9 pour obtenir un design essentiel, qui vous permettra de profiterLeggi di pi\u00f9<\/p>\n","protected":false},"featured_media":1437,"comment_status":"closed","ping_status":"closed","template":"","meta":{"_acf_changed":false},"product_brand":[],"product_cat":[136,148],"product_tag":[],"class_list":{"0":"post-6249","1":"product","2":"type-product","3":"status-publish","4":"has-post-thumbnail","6":"product_cat-prodotti-fr","7":"product_cat-serres-solaires-bioclimatiques","8":"cat-product-privati-giardino-e-piscina-fr","9":"cat-product-privati-privati-fr","10":"cat-product-privati-serre-fr","11":"cat-product-privati-verandas","12":"cat-product-contract-edifici-pubblici-fr","13":"cat-product-contract-contract-fr","14":"cat-product-contract-ristoranti-fr-2","16":"first","17":"instock","18":"product-type-simple"},"acf":[],"yoast_head":"<!-- This site is optimized with the Yoast SEO plugin v27.1 - https:\/\/yoast.com\/product\/yoast-seo-wordpress\/ -->\n<title>Motus - Sunroom<\/title>\n<meta name=\"robots\" content=\"index, follow, max-snippet:-1, max-image-preview:large, max-video-preview:-1\" \/>\n<link rel=\"canonical\" href=\"https:\/\/www.sunroom.it\/it\/produit\/motus\/\" \/>\n<meta property=\"og:locale\" content=\"fr_FR\" \/>\n<meta property=\"og:type\" content=\"article\" \/>\n<meta property=\"og:title\" content=\"Motus - Sunroom\" \/>\n<meta property=\"og:description\" content=\"Motus est le syst\u00e8me original en aluminium et vitrage id\u00e9al pour am\u00e9nager votre serre solaire bioclimatique \u00e0 toit r\u00e9tractable sur deux tiers de sa surface. Cette structure maintient un tr\u00e8s haut niveau d&rsquo;imperm\u00e9abilit\u00e9 et de r\u00e9sistance aux intemp\u00e9ries. Elle s&rsquo;av\u00e8re le choix le plus adapt\u00e9 pour obtenir un design essentiel, qui vous permettra de profiterLeggi di pi\u00f9\" \/>\n<meta property=\"og:url\" content=\"https:\/\/www.sunroom.it\/it\/produit\/motus\/\" \/>\n<meta property=\"og:site_name\" content=\"Sunroom\" \/>\n<meta property=\"article:modified_time\" content=\"2023-05-09T16:38:04+00:00\" \/>\n<meta property=\"og:image\" content=\"https:\/\/www.sunroom.it\/wp-content\/uploads\/2020\/07\/MOTUS_1500X1300_LIMBO.jpg\" \/>\n\t<meta property=\"og:image:width\" content=\"1500\" \/>\n\t<meta property=\"og:image:height\" content=\"1300\" \/>\n\t<meta property=\"og:image:type\" content=\"image\/jpeg\" \/>\n<meta name=\"twitter:card\" content=\"summary_large_image\" \/>\n<meta name=\"twitter:label1\" content=\"Dur\u00e9e de lecture estim\u00e9e\" \/>\n\t<meta name=\"twitter:data1\" content=\"1 minute\" \/>\n<script type=\"application\/ld+json\" class=\"yoast-schema-graph\">{\"@context\":\"https:\/\/schema.org\",\"@graph\":[{\"@type\":\"WebPage\",\"@id\":\"https:\/\/www.sunroom.it\/it\/produit\/motus\/\",\"url\":\"https:\/\/www.sunroom.it\/it\/produit\/motus\/\",\"name\":\"Motus - Sunroom\",\"isPartOf\":{\"@id\":\"https:\/\/www.sunroom.it\/it\/#website\"},\"primaryImageOfPage\":{\"@id\":\"https:\/\/www.sunroom.it\/it\/produit\/motus\/#primaryimage\"},\"image\":{\"@id\":\"https:\/\/www.sunroom.it\/it\/produit\/motus\/#primaryimage\"},\"thumbnailUrl\":\"https:\/\/www.sunroom.it\/wp-content\/uploads\/2020\/07\/MOTUS_1500X1300_LIMBO.jpg\",\"datePublished\":\"2020-10-17T19:49:02+00:00\",\"dateModified\":\"2023-05-09T16:38:04+00:00\",\"breadcrumb\":{\"@id\":\"https:\/\/www.sunroom.it\/it\/produit\/motus\/#breadcrumb\"},\"inLanguage\":\"fr-FR\",\"potentialAction\":[{\"@type\":\"ReadAction\",\"target\":[\"https:\/\/www.sunroom.it\/it\/produit\/motus\/\"]}]},{\"@type\":\"ImageObject\",\"inLanguage\":\"fr-FR\",\"@id\":\"https:\/\/www.sunroom.it\/it\/produit\/motus\/#primaryimage\",\"url\":\"https:\/\/www.sunroom.it\/wp-content\/uploads\/2020\/07\/MOTUS_1500X1300_LIMBO.jpg\",\"contentUrl\":\"https:\/\/www.sunroom.it\/wp-content\/uploads\/2020\/07\/MOTUS_1500X1300_LIMBO.jpg\",\"width\":1500,\"height\":1300},{\"@type\":\"BreadcrumbList\",\"@id\":\"https:\/\/www.sunroom.it\/it\/produit\/motus\/#breadcrumb\",\"itemListElement\":[{\"@type\":\"ListItem\",\"position\":1,\"name\":\"Home\",\"item\":\"https:\/\/www.sunroom.it\/fr\/\"},{\"@type\":\"ListItem\",\"position\":2,\"name\":\"Boutique\",\"item\":\"https:\/\/www.sunroom.it\/fr\/boutique\/\"},{\"@type\":\"ListItem\",\"position\":3,\"name\":\"Motus\"}]},{\"@type\":\"WebSite\",\"@id\":\"https:\/\/www.sunroom.it\/it\/#website\",\"url\":\"https:\/\/www.sunroom.it\/it\/\",\"name\":\"Sunroom\",\"description\":\"Sunroom\",\"publisher\":{\"@id\":\"https:\/\/www.sunroom.it\/it\/#organization\"},\"potentialAction\":[{\"@type\":\"SearchAction\",\"target\":{\"@type\":\"EntryPoint\",\"urlTemplate\":\"https:\/\/www.sunroom.it\/it\/?s={search_term_string}\"},\"query-input\":{\"@type\":\"PropertyValueSpecification\",\"valueRequired\":true,\"valueName\":\"search_term_string\"}}],\"inLanguage\":\"fr-FR\"},{\"@type\":\"Organization\",\"@id\":\"https:\/\/www.sunroom.it\/it\/#organization\",\"name\":\"Sunroom\",\"url\":\"https:\/\/www.sunroom.it\/it\/\",\"logo\":{\"@type\":\"ImageObject\",\"inLanguage\":\"fr-FR\",\"@id\":\"https:\/\/www.sunroom.it\/it\/#\/schema\/logo\/image\/\",\"url\":\"https:\/\/www.sunroom.it\/wp-content\/uploads\/2021\/07\/sunroom_260x70px.png\",\"contentUrl\":\"https:\/\/www.sunroom.it\/wp-content\/uploads\/2021\/07\/sunroom_260x70px.png\",\"width\":260,\"height\":70,\"caption\":\"Sunroom\"},\"image\":{\"@id\":\"https:\/\/www.sunroom.it\/it\/#\/schema\/logo\/image\/\"}}]}<\/script>\n<!-- \/ Yoast SEO plugin. -->","yoast_head_json":{"title":"Motus - Sunroom","robots":{"index":"index","follow":"follow","max-snippet":"max-snippet:-1","max-image-preview":"max-image-preview:large","max-video-preview":"max-video-preview:-1"},"canonical":"https:\/\/www.sunroom.it\/it\/produit\/motus\/","og_locale":"fr_FR","og_type":"article","og_title":"Motus - Sunroom","og_description":"Motus est le syst\u00e8me original en aluminium et vitrage id\u00e9al pour am\u00e9nager votre serre solaire bioclimatique \u00e0 toit r\u00e9tractable sur deux tiers de sa surface. Cette structure maintient un tr\u00e8s haut niveau d&rsquo;imperm\u00e9abilit\u00e9 et de r\u00e9sistance aux intemp\u00e9ries. Elle s&rsquo;av\u00e8re le choix le plus adapt\u00e9 pour obtenir un design essentiel, qui vous permettra de profiterLeggi di pi\u00f9","og_url":"https:\/\/www.sunroom.it\/it\/produit\/motus\/","og_site_name":"Sunroom","article_modified_time":"2023-05-09T16:38:04+00:00","og_image":[{"width":1500,"height":1300,"url":"https:\/\/www.sunroom.it\/wp-content\/uploads\/2020\/07\/MOTUS_1500X1300_LIMBO.jpg","type":"image\/jpeg"}],"twitter_card":"summary_large_image","twitter_misc":{"Dur\u00e9e de lecture estim\u00e9e":"1 minute"},"schema":{"@context":"https:\/\/schema.org","@graph":[{"@type":"WebPage","@id":"https:\/\/www.sunroom.it\/it\/produit\/motus\/","url":"https:\/\/www.sunroom.it\/it\/produit\/motus\/","name":"Motus - Sunroom","isPartOf":{"@id":"https:\/\/www.sunroom.it\/it\/#website"},"primaryImageOfPage":{"@id":"https:\/\/www.sunroom.it\/it\/produit\/motus\/#primaryimage"},"image":{"@id":"https:\/\/www.sunroom.it\/it\/produit\/motus\/#primaryimage"},"thumbnailUrl":"https:\/\/www.sunroom.it\/wp-content\/uploads\/2020\/07\/MOTUS_1500X1300_LIMBO.jpg","datePublished":"2020-10-17T19:49:02+00:00","dateModified":"2023-05-09T16:38:04+00:00","breadcrumb":{"@id":"https:\/\/www.sunroom.it\/it\/produit\/motus\/#breadcrumb"},"inLanguage":"fr-FR","potentialAction":[{"@type":"ReadAction","target":["https:\/\/www.sunroom.it\/it\/produit\/motus\/"]}]},{"@type":"ImageObject","inLanguage":"fr-FR","@id":"https:\/\/www.sunroom.it\/it\/produit\/motus\/#primaryimage","url":"https:\/\/www.sunroom.it\/wp-content\/uploads\/2020\/07\/MOTUS_1500X1300_LIMBO.jpg","contentUrl":"https:\/\/www.sunroom.it\/wp-content\/uploads\/2020\/07\/MOTUS_1500X1300_LIMBO.jpg","width":1500,"height":1300},{"@type":"BreadcrumbList","@id":"https:\/\/www.sunroom.it\/it\/produit\/motus\/#breadcrumb","itemListElement":[{"@type":"ListItem","position":1,"name":"Home","item":"https:\/\/www.sunroom.it\/fr\/"},{"@type":"ListItem","position":2,"name":"Boutique","item":"https:\/\/www.sunroom.it\/fr\/boutique\/"},{"@type":"ListItem","position":3,"name":"Motus"}]},{"@type":"WebSite","@id":"https:\/\/www.sunroom.it\/it\/#website","url":"https:\/\/www.sunroom.it\/it\/","name":"Sunroom","description":"Sunroom","publisher":{"@id":"https:\/\/www.sunroom.it\/it\/#organization"},"potentialAction":[{"@type":"SearchAction","target":{"@type":"EntryPoint","urlTemplate":"https:\/\/www.sunroom.it\/it\/?s={search_term_string}"},"query-input":{"@type":"PropertyValueSpecification","valueRequired":true,"valueName":"search_term_string"}}],"inLanguage":"fr-FR"},{"@type":"Organization","@id":"https:\/\/www.sunroom.it\/it\/#organization","name":"Sunroom","url":"https:\/\/www.sunroom.it\/it\/","logo":{"@type":"ImageObject","inLanguage":"fr-FR","@id":"https:\/\/www.sunroom.it\/it\/#\/schema\/logo\/image\/","url":"https:\/\/www.sunroom.it\/wp-content\/uploads\/2021\/07\/sunroom_260x70px.png","contentUrl":"https:\/\/www.sunroom.it\/wp-content\/uploads\/2021\/07\/sunroom_260x70px.png","width":260,"height":70,"caption":"Sunroom"},"image":{"@id":"https:\/\/www.sunroom.it\/it\/#\/schema\/logo\/image\/"}}]}},"_links":{"self":[{"href":"https:\/\/www.sunroom.it\/fr\/wp-json\/wp\/v2\/product\/6249","targetHints":{"allow":["GET"]}}],"collection":[{"href":"https:\/\/www.sunroom.it\/fr\/wp-json\/wp\/v2\/product"}],"about":[{"href":"https:\/\/www.sunroom.it\/fr\/wp-json\/wp\/v2\/types\/product"}],"replies":[{"embeddable":true,"href":"https:\/\/www.sunroom.it\/fr\/wp-json\/wp\/v2\/comments?post=6249"}],"wp:featuredmedia":[{"embeddable":true,"href":"https:\/\/www.sunroom.it\/fr\/wp-json\/wp\/v2\/media\/1437"}],"wp:attachment":[{"href":"https:\/\/www.sunroom.it\/fr\/wp-json\/wp\/v2\/media?parent=6249"}],"wp:term":[{"taxonomy":"product_brand","embeddable":true,"href":"https:\/\/www.sunroom.it\/fr\/wp-json\/wp\/v2\/product_brand?post=6249"},{"taxonomy":"product_cat","embeddable":true,"href":"https:\/\/www.sunroom.it\/fr\/wp-json\/wp\/v2\/product_cat?post=6249"},{"taxonomy":"product_tag","embeddable":true,"href":"https:\/\/www.sunroom.it\/fr\/wp-json\/wp\/v2\/product_tag?post=6249"}],"curies":[{"name":"wp","href":"https:\/\/api.w.org\/{rel}","templated":true}]}}