{"id":19169,"date":"2024-06-10T13:02:16","date_gmt":"2024-06-10T11:02:17","guid":{"rendered":"https:\/\/www.sunroom.it\/?post_type=product&#038;p=19169"},"modified":"2024-06-20T14:43:06","modified_gmt":"2024-06-20T12:43:06","slug":"s-78","status":"publish","type":"product","link":"https:\/\/www.sunroom.it\/fr\/produit\/s-78\/","title":{"rendered":"S.78"},"content":{"rendered":"<p><strong>S.78<\/strong> n&rsquo;est pas seulement un <strong>syst\u00e8me coulissant<\/strong>, c&rsquo;est une invitation \u00e0 franchir les fronti\u00e8res et \u00e0 embrasser de nouvelles dimensions d&rsquo;espace et de libert\u00e9. Son design minimaliste, essentiel et raffin\u00e9 se fond dans l&rsquo;environnement, \u00e9liminant les barri\u00e8res visuelles et amplifiant la perception de l&rsquo;espace.<\/p>\n<p>Imaginez vos murs se transformer en vastes \u00e9tendues de lumi\u00e8re : S.78 abat les divisions traditionnelles, vous permettant de cr\u00e9er des <strong>espaces fluides et personnalisables<\/strong> selon vos besoins.<\/p>\n<p>Gr\u00e2ce \u00e0 sa structure modulaire polyvalente, S.78 s&rsquo;adapte \u00e0 tout projet. Les guides multicanaux permettent des ouvertures sans pr\u00e9c\u00e9dent, lib\u00e9rant l&rsquo;espace et offrant des panoramas \u00e0 couper le souffle.<\/p>\n<p>Le syst\u00e8me est compl\u00e9t\u00e9 par des <strong>accessoires en acier inoxydable de tr\u00e8s haute qualit\u00e9<\/strong>, qui allient beaut\u00e9 et fonctionnalit\u00e9, garantissant une durabilit\u00e9 in\u00e9gal\u00e9e.<\/p>\n<p>Avec S.78, pr\u00e9parez-vous \u00e0 vivre une <strong>exp\u00e9rience exaltante<\/strong> d&rsquo;<strong>espace sans fronti\u00e8res<\/strong>, o\u00f9 la lumi\u00e8re et la libert\u00e9 r\u00e8gnent en ma\u00eetres. Laissez-vous inspirer par son \u00e9l\u00e9gance minimaliste et transformez votre maison en un <strong>chef-d&rsquo;\u0153uvre de design et de fonctionnalit\u00e9<\/strong>.<\/p>\n","protected":false},"excerpt":{"rendered":"<p>S.78 n&rsquo;est pas seulement un syst\u00e8me coulissant, c&rsquo;est une invitation \u00e0 franchir les fronti\u00e8res et \u00e0 embrasser de nouvelles dimensions d&rsquo;espace et de libert\u00e9. Son design minimaliste, essentiel et raffin\u00e9 se fond dans l&rsquo;environnement, \u00e9liminant les barri\u00e8res visuelles et amplifiant la perception de l&rsquo;espace. Imaginez vos murs se transformer en vastes \u00e9tendues de lumi\u00e8re :Leggi di pi\u00f9<\/p>\n","protected":false},"featured_media":19200,"comment_status":"closed","ping_status":"closed","template":"","meta":{"_acf_changed":false},"product_brand":[],"product_cat":[157,136],"product_tag":[],"class_list":{"0":"post-19169","1":"product","2":"type-product","3":"status-publish","4":"has-post-thumbnail","6":"product_cat-baies-vitrees-coulissantes","7":"product_cat-prodotti-fr","9":"first","10":"instock","11":"product-type-simple"},"acf":[],"yoast_head":"<!-- This site is optimized with the Yoast SEO plugin v27.1 - https:\/\/yoast.com\/product\/yoast-seo-wordpress\/ -->\n<title>S.78 syst\u00e8me coulissant - Sunroom<\/title>\n<meta name=\"description\" content=\"Avec S.78, pr\u00e9parez-vous \u00e0 vivre une exp\u00e9rience exaltante d&#039;espace sans fronti\u00e8res, o\u00f9 la lumi\u00e8re et la libert\u00e9 r\u00e8gnent en ma\u00eetres. Laissez-vous inspirer par son \u00e9l\u00e9gance minimaliste et transformez votre maison en un chef-d&#039;\u0153uvre de design et de fonctionnalit\u00e9.\" \/>\n<meta name=\"robots\" content=\"index, follow, max-snippet:-1, max-image-preview:large, max-video-preview:-1\" \/>\n<link rel=\"canonical\" href=\"https:\/\/www.sunroom.it\/it\/produit\/s-78\/\" \/>\n<meta property=\"og:locale\" content=\"fr_FR\" \/>\n<meta property=\"og:type\" content=\"article\" \/>\n<meta property=\"og:title\" content=\"S.78 syst\u00e8me coulissant - Sunroom\" \/>\n<meta property=\"og:description\" content=\"Avec S.78, pr\u00e9parez-vous \u00e0 vivre une exp\u00e9rience exaltante d&#039;espace sans fronti\u00e8res, o\u00f9 la lumi\u00e8re et la libert\u00e9 r\u00e8gnent en ma\u00eetres. Laissez-vous inspirer par son \u00e9l\u00e9gance minimaliste et transformez votre maison en un chef-d&#039;\u0153uvre de design et de fonctionnalit\u00e9.\" \/>\n<meta property=\"og:url\" content=\"https:\/\/www.sunroom.it\/it\/produit\/s-78\/\" \/>\n<meta property=\"og:site_name\" content=\"Sunroom\" \/>\n<meta property=\"article:modified_time\" content=\"2024-06-20T12:43:06+00:00\" \/>\n<meta property=\"og:image\" content=\"https:\/\/www.sunroom.it\/wp-content\/uploads\/2024\/06\/S78-vetrata-scorrevole-sunroom-evidenza.jpg\" \/>\n\t<meta property=\"og:image:width\" content=\"1500\" \/>\n\t<meta property=\"og:image:height\" content=\"1300\" \/>\n\t<meta property=\"og:image:type\" content=\"image\/jpeg\" \/>\n<meta name=\"twitter:card\" content=\"summary_large_image\" \/>\n<meta name=\"twitter:label1\" content=\"Dur\u00e9e de lecture estim\u00e9e\" \/>\n\t<meta name=\"twitter:data1\" content=\"2 minutes\" \/>\n<script type=\"application\/ld+json\" class=\"yoast-schema-graph\">{\"@context\":\"https:\/\/schema.org\",\"@graph\":[{\"@type\":\"WebPage\",\"@id\":\"https:\/\/www.sunroom.it\/it\/produit\/s-78\/\",\"url\":\"https:\/\/www.sunroom.it\/it\/produit\/s-78\/\",\"name\":\"S.78 syst\u00e8me coulissant - Sunroom\",\"isPartOf\":{\"@id\":\"https:\/\/www.sunroom.it\/it\/#website\"},\"primaryImageOfPage\":{\"@id\":\"https:\/\/www.sunroom.it\/it\/produit\/s-78\/#primaryimage\"},\"image\":{\"@id\":\"https:\/\/www.sunroom.it\/it\/produit\/s-78\/#primaryimage\"},\"thumbnailUrl\":\"https:\/\/www.sunroom.it\/wp-content\/uploads\/2024\/06\/S78-vetrata-scorrevole-sunroom-evidenza.jpg\",\"datePublished\":\"2024-06-10T11:02:17+00:00\",\"dateModified\":\"2024-06-20T12:43:06+00:00\",\"description\":\"Avec S.78, pr\u00e9parez-vous \u00e0 vivre une exp\u00e9rience exaltante d'espace sans fronti\u00e8res, o\u00f9 la lumi\u00e8re et la libert\u00e9 r\u00e8gnent en ma\u00eetres. Laissez-vous inspirer par son \u00e9l\u00e9gance minimaliste et transformez votre maison en un chef-d'\u0153uvre de design et de fonctionnalit\u00e9.\",\"breadcrumb\":{\"@id\":\"https:\/\/www.sunroom.it\/it\/produit\/s-78\/#breadcrumb\"},\"inLanguage\":\"fr-FR\",\"potentialAction\":[{\"@type\":\"ReadAction\",\"target\":[\"https:\/\/www.sunroom.it\/it\/produit\/s-78\/\"]}]},{\"@type\":\"ImageObject\",\"inLanguage\":\"fr-FR\",\"@id\":\"https:\/\/www.sunroom.it\/it\/produit\/s-78\/#primaryimage\",\"url\":\"https:\/\/www.sunroom.it\/wp-content\/uploads\/2024\/06\/S78-vetrata-scorrevole-sunroom-evidenza.jpg\",\"contentUrl\":\"https:\/\/www.sunroom.it\/wp-content\/uploads\/2024\/06\/S78-vetrata-scorrevole-sunroom-evidenza.jpg\",\"width\":1500,\"height\":1300},{\"@type\":\"BreadcrumbList\",\"@id\":\"https:\/\/www.sunroom.it\/it\/produit\/s-78\/#breadcrumb\",\"itemListElement\":[{\"@type\":\"ListItem\",\"position\":1,\"name\":\"Home\",\"item\":\"https:\/\/www.sunroom.it\/fr\/\"},{\"@type\":\"ListItem\",\"position\":2,\"name\":\"Boutique\",\"item\":\"https:\/\/www.sunroom.it\/fr\/boutique\/\"},{\"@type\":\"ListItem\",\"position\":3,\"name\":\"S.78\"}]},{\"@type\":\"WebSite\",\"@id\":\"https:\/\/www.sunroom.it\/it\/#website\",\"url\":\"https:\/\/www.sunroom.it\/it\/\",\"name\":\"Sunroom\",\"description\":\"Sunroom\",\"publisher\":{\"@id\":\"https:\/\/www.sunroom.it\/it\/#organization\"},\"potentialAction\":[{\"@type\":\"SearchAction\",\"target\":{\"@type\":\"EntryPoint\",\"urlTemplate\":\"https:\/\/www.sunroom.it\/it\/?s={search_term_string}\"},\"query-input\":{\"@type\":\"PropertyValueSpecification\",\"valueRequired\":true,\"valueName\":\"search_term_string\"}}],\"inLanguage\":\"fr-FR\"},{\"@type\":\"Organization\",\"@id\":\"https:\/\/www.sunroom.it\/it\/#organization\",\"name\":\"Sunroom\",\"url\":\"https:\/\/www.sunroom.it\/it\/\",\"logo\":{\"@type\":\"ImageObject\",\"inLanguage\":\"fr-FR\",\"@id\":\"https:\/\/www.sunroom.it\/it\/#\/schema\/logo\/image\/\",\"url\":\"https:\/\/www.sunroom.it\/wp-content\/uploads\/2021\/07\/sunroom_260x70px.png\",\"contentUrl\":\"https:\/\/www.sunroom.it\/wp-content\/uploads\/2021\/07\/sunroom_260x70px.png\",\"width\":260,\"height\":70,\"caption\":\"Sunroom\"},\"image\":{\"@id\":\"https:\/\/www.sunroom.it\/it\/#\/schema\/logo\/image\/\"}}]}<\/script>\n<!-- \/ Yoast SEO plugin. -->","yoast_head_json":{"title":"S.78 syst\u00e8me coulissant - Sunroom","description":"Avec S.78, pr\u00e9parez-vous \u00e0 vivre une exp\u00e9rience exaltante d'espace sans fronti\u00e8res, o\u00f9 la lumi\u00e8re et la libert\u00e9 r\u00e8gnent en ma\u00eetres. Laissez-vous inspirer par son \u00e9l\u00e9gance minimaliste et transformez votre maison en un chef-d'\u0153uvre de design et de fonctionnalit\u00e9.","robots":{"index":"index","follow":"follow","max-snippet":"max-snippet:-1","max-image-preview":"max-image-preview:large","max-video-preview":"max-video-preview:-1"},"canonical":"https:\/\/www.sunroom.it\/it\/produit\/s-78\/","og_locale":"fr_FR","og_type":"article","og_title":"S.78 syst\u00e8me coulissant - Sunroom","og_description":"Avec S.78, pr\u00e9parez-vous \u00e0 vivre une exp\u00e9rience exaltante d'espace sans fronti\u00e8res, o\u00f9 la lumi\u00e8re et la libert\u00e9 r\u00e8gnent en ma\u00eetres. Laissez-vous inspirer par son \u00e9l\u00e9gance minimaliste et transformez votre maison en un chef-d'\u0153uvre de design et de fonctionnalit\u00e9.","og_url":"https:\/\/www.sunroom.it\/it\/produit\/s-78\/","og_site_name":"Sunroom","article_modified_time":"2024-06-20T12:43:06+00:00","og_image":[{"width":1500,"height":1300,"url":"https:\/\/www.sunroom.it\/wp-content\/uploads\/2024\/06\/S78-vetrata-scorrevole-sunroom-evidenza.jpg","type":"image\/jpeg"}],"twitter_card":"summary_large_image","twitter_misc":{"Dur\u00e9e de lecture estim\u00e9e":"2 minutes"},"schema":{"@context":"https:\/\/schema.org","@graph":[{"@type":"WebPage","@id":"https:\/\/www.sunroom.it\/it\/produit\/s-78\/","url":"https:\/\/www.sunroom.it\/it\/produit\/s-78\/","name":"S.78 syst\u00e8me coulissant - Sunroom","isPartOf":{"@id":"https:\/\/www.sunroom.it\/it\/#website"},"primaryImageOfPage":{"@id":"https:\/\/www.sunroom.it\/it\/produit\/s-78\/#primaryimage"},"image":{"@id":"https:\/\/www.sunroom.it\/it\/produit\/s-78\/#primaryimage"},"thumbnailUrl":"https:\/\/www.sunroom.it\/wp-content\/uploads\/2024\/06\/S78-vetrata-scorrevole-sunroom-evidenza.jpg","datePublished":"2024-06-10T11:02:17+00:00","dateModified":"2024-06-20T12:43:06+00:00","description":"Avec S.78, pr\u00e9parez-vous \u00e0 vivre une exp\u00e9rience exaltante d'espace sans fronti\u00e8res, o\u00f9 la lumi\u00e8re et la libert\u00e9 r\u00e8gnent en ma\u00eetres. Laissez-vous inspirer par son \u00e9l\u00e9gance minimaliste et transformez votre maison en un chef-d'\u0153uvre de design et de fonctionnalit\u00e9.","breadcrumb":{"@id":"https:\/\/www.sunroom.it\/it\/produit\/s-78\/#breadcrumb"},"inLanguage":"fr-FR","potentialAction":[{"@type":"ReadAction","target":["https:\/\/www.sunroom.it\/it\/produit\/s-78\/"]}]},{"@type":"ImageObject","inLanguage":"fr-FR","@id":"https:\/\/www.sunroom.it\/it\/produit\/s-78\/#primaryimage","url":"https:\/\/www.sunroom.it\/wp-content\/uploads\/2024\/06\/S78-vetrata-scorrevole-sunroom-evidenza.jpg","contentUrl":"https:\/\/www.sunroom.it\/wp-content\/uploads\/2024\/06\/S78-vetrata-scorrevole-sunroom-evidenza.jpg","width":1500,"height":1300},{"@type":"BreadcrumbList","@id":"https:\/\/www.sunroom.it\/it\/produit\/s-78\/#breadcrumb","itemListElement":[{"@type":"ListItem","position":1,"name":"Home","item":"https:\/\/www.sunroom.it\/fr\/"},{"@type":"ListItem","position":2,"name":"Boutique","item":"https:\/\/www.sunroom.it\/fr\/boutique\/"},{"@type":"ListItem","position":3,"name":"S.78"}]},{"@type":"WebSite","@id":"https:\/\/www.sunroom.it\/it\/#website","url":"https:\/\/www.sunroom.it\/it\/","name":"Sunroom","description":"Sunroom","publisher":{"@id":"https:\/\/www.sunroom.it\/it\/#organization"},"potentialAction":[{"@type":"SearchAction","target":{"@type":"EntryPoint","urlTemplate":"https:\/\/www.sunroom.it\/it\/?s={search_term_string}"},"query-input":{"@type":"PropertyValueSpecification","valueRequired":true,"valueName":"search_term_string"}}],"inLanguage":"fr-FR"},{"@type":"Organization","@id":"https:\/\/www.sunroom.it\/it\/#organization","name":"Sunroom","url":"https:\/\/www.sunroom.it\/it\/","logo":{"@type":"ImageObject","inLanguage":"fr-FR","@id":"https:\/\/www.sunroom.it\/it\/#\/schema\/logo\/image\/","url":"https:\/\/www.sunroom.it\/wp-content\/uploads\/2021\/07\/sunroom_260x70px.png","contentUrl":"https:\/\/www.sunroom.it\/wp-content\/uploads\/2021\/07\/sunroom_260x70px.png","width":260,"height":70,"caption":"Sunroom"},"image":{"@id":"https:\/\/www.sunroom.it\/it\/#\/schema\/logo\/image\/"}}]}},"_links":{"self":[{"href":"https:\/\/www.sunroom.it\/fr\/wp-json\/wp\/v2\/product\/19169","targetHints":{"allow":["GET"]}}],"collection":[{"href":"https:\/\/www.sunroom.it\/fr\/wp-json\/wp\/v2\/product"}],"about":[{"href":"https:\/\/www.sunroom.it\/fr\/wp-json\/wp\/v2\/types\/product"}],"replies":[{"embeddable":true,"href":"https:\/\/www.sunroom.it\/fr\/wp-json\/wp\/v2\/comments?post=19169"}],"wp:featuredmedia":[{"embeddable":true,"href":"https:\/\/www.sunroom.it\/fr\/wp-json\/wp\/v2\/media\/19200"}],"wp:attachment":[{"href":"https:\/\/www.sunroom.it\/fr\/wp-json\/wp\/v2\/media?parent=19169"}],"wp:term":[{"taxonomy":"product_brand","embeddable":true,"href":"https:\/\/www.sunroom.it\/fr\/wp-json\/wp\/v2\/product_brand?post=19169"},{"taxonomy":"product_cat","embeddable":true,"href":"https:\/\/www.sunroom.it\/fr\/wp-json\/wp\/v2\/product_cat?post=19169"},{"taxonomy":"product_tag","embeddable":true,"href":"https:\/\/www.sunroom.it\/fr\/wp-json\/wp\/v2\/product_tag?post=19169"}],"curies":[{"name":"wp","href":"https:\/\/api.w.org\/{rel}","templated":true}]}}