{"id":10492,"date":"2021-12-27T10:58:23","date_gmt":"2021-12-27T09:58:23","guid":{"rendered":"https:\/\/www.sunroom.it\/prodotto\/ghost-180\/"},"modified":"2021-12-27T10:58:23","modified_gmt":"2021-12-27T09:58:23","slug":"ghost-180","status":"publish","type":"product","link":"https:\/\/www.sunroom.it\/fr\/produit\/ghost-180\/","title":{"rendered":"GHOST 180\u00b0"},"content":{"rendered":"<p><strong>\u00c9quipement oscillo-battante escamotable, ouverture \u00e0 180\u00b0<\/strong><\/p>\n<p>&nbsp;<\/p>\n<p><strong>Dissimul\u00e9e mais compl\u00e8tement ouvrable<\/strong><\/p>\n<p>Avec Ghost 180\u00b0, nous sommes actuellement en mesure de fournir un \u00e9quipement oscillo-battant avec un c\u00f4t\u00e9 \u00e0 charni\u00e8re escamotable et une ouverture \u00e0 180 \u00b0. Cette nouvelle quincaillerie escamotable est adapt\u00e9e pour supporter les poids du vantail jusqu\u2019\u00e0 130 kg et peut \u00eatre facilement impl\u00e9ment\u00e9e pour des poids allant jusqu\u2019\u00e0 170 kg, pour un vantail avec une ouverture limit\u00e9e \u00e0 90\u00b0. Cette charni\u00e8re exclusive avec ouverture \u00e0 180\u00b0 permet le r\u00e9glage sur trois axes, en largeur, en hauteur et \u00e0 la hauteur de la pression du vantail.<\/p>\n<p>&nbsp;<\/p>\n<p>r\u00e9glage de la hauteur<\/p>\n<p>&nbsp;<\/p>\n<p>Le gabarit de positionnement \u00e9limine la possibilit\u00e9 d&rsquo;erreur<\/p>\n<p><em>\u00a0<\/em><\/p>\n<p>r\u00e9glage de la profondeur<\/p>\n<p><em>\u00a0<\/em><\/p>\n<p>r\u00e9glage lat\u00e9ral<\/p>\n<p><em>\u00a0<\/em><\/p>\n","protected":false},"excerpt":{"rendered":"<p>\u00c9quipement oscillo-battante escamotable, ouverture \u00e0 180\u00b0 &nbsp; Dissimul\u00e9e mais compl\u00e8tement ouvrable Avec Ghost 180\u00b0, nous sommes actuellement en mesure de fournir un \u00e9quipement oscillo-battant avec un c\u00f4t\u00e9 \u00e0 charni\u00e8re escamotable et une ouverture \u00e0 180 \u00b0. Cette nouvelle quincaillerie escamotable est adapt\u00e9e pour supporter les poids du vantail jusqu\u2019\u00e0 130 kg et peut \u00eatre facilementLeggi di pi\u00f9<\/p>\n","protected":false},"featured_media":10123,"comment_status":"closed","ping_status":"closed","template":"","meta":{"_acf_changed":false},"product_brand":[],"product_cat":[339,136],"product_tag":[],"class_list":{"0":"post-10492","1":"product","2":"type-product","3":"status-publish","4":"has-post-thumbnail","6":"product_cat-serramenti-fr","7":"product_cat-prodotti-fr","9":"first","10":"instock","11":"shipping-taxable","12":"product-type-simple"},"acf":[],"yoast_head":"<!-- This site is optimized with the Yoast SEO plugin v27.1 - https:\/\/yoast.com\/product\/yoast-seo-wordpress\/ -->\n<title>GHOST 180\u00b0 - Sunroom<\/title>\n<meta name=\"robots\" content=\"index, follow, max-snippet:-1, max-image-preview:large, max-video-preview:-1\" \/>\n<link rel=\"canonical\" href=\"https:\/\/www.sunroom.it\/it\/produit\/ghost-180\/\" \/>\n<meta property=\"og:locale\" content=\"fr_FR\" \/>\n<meta property=\"og:type\" content=\"article\" \/>\n<meta property=\"og:title\" content=\"GHOST 180\u00b0 - Sunroom\" \/>\n<meta property=\"og:description\" content=\"\u00c9quipement oscillo-battante escamotable, ouverture \u00e0 180\u00b0 &nbsp; Dissimul\u00e9e mais compl\u00e8tement ouvrable Avec Ghost 180\u00b0, nous sommes actuellement en mesure de fournir un \u00e9quipement oscillo-battant avec un c\u00f4t\u00e9 \u00e0 charni\u00e8re escamotable et une ouverture \u00e0 180 \u00b0. Cette nouvelle quincaillerie escamotable est adapt\u00e9e pour supporter les poids du vantail jusqu\u2019\u00e0 130 kg et peut \u00eatre facilementLeggi di pi\u00f9\" \/>\n<meta property=\"og:url\" content=\"https:\/\/www.sunroom.it\/it\/produit\/ghost-180\/\" \/>\n<meta property=\"og:site_name\" content=\"Sunroom\" \/>\n<meta property=\"og:image\" content=\"https:\/\/www.sunroom.it\/wp-content\/uploads\/2021\/12\/ghost_elenco-prodotti.jpg\" \/>\n\t<meta property=\"og:image:width\" content=\"960\" \/>\n\t<meta property=\"og:image:height\" content=\"760\" \/>\n\t<meta property=\"og:image:type\" content=\"image\/jpeg\" \/>\n<meta name=\"twitter:card\" content=\"summary_large_image\" \/>\n<meta name=\"twitter:label1\" content=\"Dur\u00e9e de lecture estim\u00e9e\" \/>\n\t<meta name=\"twitter:data1\" content=\"1 minute\" \/>\n<script type=\"application\/ld+json\" class=\"yoast-schema-graph\">{\"@context\":\"https:\/\/schema.org\",\"@graph\":[{\"@type\":\"WebPage\",\"@id\":\"https:\/\/www.sunroom.it\/it\/produit\/ghost-180\/\",\"url\":\"https:\/\/www.sunroom.it\/it\/produit\/ghost-180\/\",\"name\":\"GHOST 180\u00b0 - Sunroom\",\"isPartOf\":{\"@id\":\"https:\/\/www.sunroom.it\/it\/#website\"},\"primaryImageOfPage\":{\"@id\":\"https:\/\/www.sunroom.it\/it\/produit\/ghost-180\/#primaryimage\"},\"image\":{\"@id\":\"https:\/\/www.sunroom.it\/it\/produit\/ghost-180\/#primaryimage\"},\"thumbnailUrl\":\"https:\/\/www.sunroom.it\/wp-content\/uploads\/2021\/12\/ghost_elenco-prodotti.jpg\",\"datePublished\":\"2021-12-27T09:58:23+00:00\",\"breadcrumb\":{\"@id\":\"https:\/\/www.sunroom.it\/it\/produit\/ghost-180\/#breadcrumb\"},\"inLanguage\":\"fr-FR\",\"potentialAction\":[{\"@type\":\"ReadAction\",\"target\":[\"https:\/\/www.sunroom.it\/it\/produit\/ghost-180\/\"]}]},{\"@type\":\"ImageObject\",\"inLanguage\":\"fr-FR\",\"@id\":\"https:\/\/www.sunroom.it\/it\/produit\/ghost-180\/#primaryimage\",\"url\":\"https:\/\/www.sunroom.it\/wp-content\/uploads\/2021\/12\/ghost_elenco-prodotti.jpg\",\"contentUrl\":\"https:\/\/www.sunroom.it\/wp-content\/uploads\/2021\/12\/ghost_elenco-prodotti.jpg\",\"width\":960,\"height\":760},{\"@type\":\"BreadcrumbList\",\"@id\":\"https:\/\/www.sunroom.it\/it\/produit\/ghost-180\/#breadcrumb\",\"itemListElement\":[{\"@type\":\"ListItem\",\"position\":1,\"name\":\"Home\",\"item\":\"https:\/\/www.sunroom.it\/fr\/\"},{\"@type\":\"ListItem\",\"position\":2,\"name\":\"Boutique\",\"item\":\"https:\/\/www.sunroom.it\/fr\/boutique\/\"},{\"@type\":\"ListItem\",\"position\":3,\"name\":\"GHOST 180\u00b0\"}]},{\"@type\":\"WebSite\",\"@id\":\"https:\/\/www.sunroom.it\/it\/#website\",\"url\":\"https:\/\/www.sunroom.it\/it\/\",\"name\":\"Sunroom\",\"description\":\"Sunroom\",\"publisher\":{\"@id\":\"https:\/\/www.sunroom.it\/it\/#organization\"},\"potentialAction\":[{\"@type\":\"SearchAction\",\"target\":{\"@type\":\"EntryPoint\",\"urlTemplate\":\"https:\/\/www.sunroom.it\/it\/?s={search_term_string}\"},\"query-input\":{\"@type\":\"PropertyValueSpecification\",\"valueRequired\":true,\"valueName\":\"search_term_string\"}}],\"inLanguage\":\"fr-FR\"},{\"@type\":\"Organization\",\"@id\":\"https:\/\/www.sunroom.it\/it\/#organization\",\"name\":\"Sunroom\",\"url\":\"https:\/\/www.sunroom.it\/it\/\",\"logo\":{\"@type\":\"ImageObject\",\"inLanguage\":\"fr-FR\",\"@id\":\"https:\/\/www.sunroom.it\/it\/#\/schema\/logo\/image\/\",\"url\":\"https:\/\/www.sunroom.it\/wp-content\/uploads\/2021\/07\/sunroom_260x70px.png\",\"contentUrl\":\"https:\/\/www.sunroom.it\/wp-content\/uploads\/2021\/07\/sunroom_260x70px.png\",\"width\":260,\"height\":70,\"caption\":\"Sunroom\"},\"image\":{\"@id\":\"https:\/\/www.sunroom.it\/it\/#\/schema\/logo\/image\/\"}}]}<\/script>\n<!-- \/ Yoast SEO plugin. -->","yoast_head_json":{"title":"GHOST 180\u00b0 - Sunroom","robots":{"index":"index","follow":"follow","max-snippet":"max-snippet:-1","max-image-preview":"max-image-preview:large","max-video-preview":"max-video-preview:-1"},"canonical":"https:\/\/www.sunroom.it\/it\/produit\/ghost-180\/","og_locale":"fr_FR","og_type":"article","og_title":"GHOST 180\u00b0 - Sunroom","og_description":"\u00c9quipement oscillo-battante escamotable, ouverture \u00e0 180\u00b0 &nbsp; Dissimul\u00e9e mais compl\u00e8tement ouvrable Avec Ghost 180\u00b0, nous sommes actuellement en mesure de fournir un \u00e9quipement oscillo-battant avec un c\u00f4t\u00e9 \u00e0 charni\u00e8re escamotable et une ouverture \u00e0 180 \u00b0. Cette nouvelle quincaillerie escamotable est adapt\u00e9e pour supporter les poids du vantail jusqu\u2019\u00e0 130 kg et peut \u00eatre facilementLeggi di pi\u00f9","og_url":"https:\/\/www.sunroom.it\/it\/produit\/ghost-180\/","og_site_name":"Sunroom","og_image":[{"width":960,"height":760,"url":"https:\/\/www.sunroom.it\/wp-content\/uploads\/2021\/12\/ghost_elenco-prodotti.jpg","type":"image\/jpeg"}],"twitter_card":"summary_large_image","twitter_misc":{"Dur\u00e9e de lecture estim\u00e9e":"1 minute"},"schema":{"@context":"https:\/\/schema.org","@graph":[{"@type":"WebPage","@id":"https:\/\/www.sunroom.it\/it\/produit\/ghost-180\/","url":"https:\/\/www.sunroom.it\/it\/produit\/ghost-180\/","name":"GHOST 180\u00b0 - Sunroom","isPartOf":{"@id":"https:\/\/www.sunroom.it\/it\/#website"},"primaryImageOfPage":{"@id":"https:\/\/www.sunroom.it\/it\/produit\/ghost-180\/#primaryimage"},"image":{"@id":"https:\/\/www.sunroom.it\/it\/produit\/ghost-180\/#primaryimage"},"thumbnailUrl":"https:\/\/www.sunroom.it\/wp-content\/uploads\/2021\/12\/ghost_elenco-prodotti.jpg","datePublished":"2021-12-27T09:58:23+00:00","breadcrumb":{"@id":"https:\/\/www.sunroom.it\/it\/produit\/ghost-180\/#breadcrumb"},"inLanguage":"fr-FR","potentialAction":[{"@type":"ReadAction","target":["https:\/\/www.sunroom.it\/it\/produit\/ghost-180\/"]}]},{"@type":"ImageObject","inLanguage":"fr-FR","@id":"https:\/\/www.sunroom.it\/it\/produit\/ghost-180\/#primaryimage","url":"https:\/\/www.sunroom.it\/wp-content\/uploads\/2021\/12\/ghost_elenco-prodotti.jpg","contentUrl":"https:\/\/www.sunroom.it\/wp-content\/uploads\/2021\/12\/ghost_elenco-prodotti.jpg","width":960,"height":760},{"@type":"BreadcrumbList","@id":"https:\/\/www.sunroom.it\/it\/produit\/ghost-180\/#breadcrumb","itemListElement":[{"@type":"ListItem","position":1,"name":"Home","item":"https:\/\/www.sunroom.it\/fr\/"},{"@type":"ListItem","position":2,"name":"Boutique","item":"https:\/\/www.sunroom.it\/fr\/boutique\/"},{"@type":"ListItem","position":3,"name":"GHOST 180\u00b0"}]},{"@type":"WebSite","@id":"https:\/\/www.sunroom.it\/it\/#website","url":"https:\/\/www.sunroom.it\/it\/","name":"Sunroom","description":"Sunroom","publisher":{"@id":"https:\/\/www.sunroom.it\/it\/#organization"},"potentialAction":[{"@type":"SearchAction","target":{"@type":"EntryPoint","urlTemplate":"https:\/\/www.sunroom.it\/it\/?s={search_term_string}"},"query-input":{"@type":"PropertyValueSpecification","valueRequired":true,"valueName":"search_term_string"}}],"inLanguage":"fr-FR"},{"@type":"Organization","@id":"https:\/\/www.sunroom.it\/it\/#organization","name":"Sunroom","url":"https:\/\/www.sunroom.it\/it\/","logo":{"@type":"ImageObject","inLanguage":"fr-FR","@id":"https:\/\/www.sunroom.it\/it\/#\/schema\/logo\/image\/","url":"https:\/\/www.sunroom.it\/wp-content\/uploads\/2021\/07\/sunroom_260x70px.png","contentUrl":"https:\/\/www.sunroom.it\/wp-content\/uploads\/2021\/07\/sunroom_260x70px.png","width":260,"height":70,"caption":"Sunroom"},"image":{"@id":"https:\/\/www.sunroom.it\/it\/#\/schema\/logo\/image\/"}}]}},"_links":{"self":[{"href":"https:\/\/www.sunroom.it\/fr\/wp-json\/wp\/v2\/product\/10492","targetHints":{"allow":["GET"]}}],"collection":[{"href":"https:\/\/www.sunroom.it\/fr\/wp-json\/wp\/v2\/product"}],"about":[{"href":"https:\/\/www.sunroom.it\/fr\/wp-json\/wp\/v2\/types\/product"}],"replies":[{"embeddable":true,"href":"https:\/\/www.sunroom.it\/fr\/wp-json\/wp\/v2\/comments?post=10492"}],"wp:featuredmedia":[{"embeddable":true,"href":"https:\/\/www.sunroom.it\/fr\/wp-json\/wp\/v2\/media\/10123"}],"wp:attachment":[{"href":"https:\/\/www.sunroom.it\/fr\/wp-json\/wp\/v2\/media?parent=10492"}],"wp:term":[{"taxonomy":"product_brand","embeddable":true,"href":"https:\/\/www.sunroom.it\/fr\/wp-json\/wp\/v2\/product_brand?post=10492"},{"taxonomy":"product_cat","embeddable":true,"href":"https:\/\/www.sunroom.it\/fr\/wp-json\/wp\/v2\/product_cat?post=10492"},{"taxonomy":"product_tag","embeddable":true,"href":"https:\/\/www.sunroom.it\/fr\/wp-json\/wp\/v2\/product_tag?post=10492"}],"curies":[{"name":"wp","href":"https:\/\/api.w.org\/{rel}","templated":true}]}}