{"id":10485,"date":"2021-12-27T10:29:11","date_gmt":"2021-12-27T09:29:11","guid":{"rendered":"https:\/\/www.sunroom.it\/prodotto\/s80-hd\/"},"modified":"2023-05-04T18:23:59","modified_gmt":"2023-05-04T16:23:59","slug":"s80-hd","status":"publish","type":"product","link":"https:\/\/www.sunroom.it\/fr\/produit\/s80-hd\/","title":{"rendered":"S.80 HD"},"content":{"rendered":"<p><strong>S\u00e9rie des Portes <\/strong><\/p>\n<p>Charni\u00e8res \u00e0 Tige \/ <em>Special hinges<\/em><\/p>\n<p>OUVERTURE INT\u00c9RIEURE \/ <em>INTERNAL OPENING<\/em><\/p>\n<p>Ch\u00e2ssis 79 mm &#8211; Vantail 89 mm Vitrages jusqu\u2019\u00e0 52 mm.<\/p>\n<p>ISOLATION THERMIQUE* UF &#8211; 1,89 W\/m<sup>2<\/sup>K<br \/>\nUG &#8211; 0,5 &#8211; Psi 0,031 UW &#8211; 1,04 W\/m<sup>2<\/sup>K<\/p>\n<p>* donn\u00e9es relatives \u00e0 la version OPTIMUS<\/p>\n<p>(valeurs obtenues sur une porte \u00e0 1 vantail 1\u00a0230 x 2\u00a0180 mm)<\/p>\n<p>Les Portes et Portails d\u2019entr\u00e9e sont int\u00e9gr\u00e9s dans la s\u00e9rie par section et ouvertures, fabriqu\u00e9s avec des barrettes en polyamide. Ces produits sont fournis avec les meilleurs syst\u00e8mes de fermeture de s\u00e9curit\u00e9 et serrures disponibles sur le march\u00e9.<\/p>\n<p>Avec <a href=\"https:\/\/www.sunroom.it\/fr\/produit\/ghost-180\/\" target=\"_blank\" rel=\"noopener\"><strong>Ghost 180\u00b0<\/strong><\/a>, nous sommes actuellement en mesure de fournir un \u00e9quipement oscillo-battant avec un c\u00f4t\u00e9 \u00e0 charni\u00e8re escamotable et une ouverture \u00e0 180 \u00b0.<\/p>\n","protected":false},"excerpt":{"rendered":"<p>S\u00e9rie des Portes Charni\u00e8res \u00e0 Tige \/ Special hinges OUVERTURE INT\u00c9RIEURE \/ INTERNAL OPENING Ch\u00e2ssis 79 mm &#8211; Vantail 89 mm Vitrages jusqu\u2019\u00e0 52 mm. ISOLATION THERMIQUE* UF &#8211; 1,89 W\/m2K UG &#8211; 0,5 &#8211; Psi 0,031 UW &#8211; 1,04 W\/m2K * donn\u00e9es relatives \u00e0 la version OPTIMUS (valeurs obtenues sur une porte \u00e0 1Leggi di pi\u00f9<\/p>\n","protected":false},"featured_media":9988,"comment_status":"closed","ping_status":"closed","template":"","meta":{"_acf_changed":false},"product_brand":[],"product_cat":[339,136],"product_tag":[],"class_list":{"0":"post-10485","1":"product","2":"type-product","3":"status-publish","4":"has-post-thumbnail","6":"product_cat-serramenti-fr","7":"product_cat-prodotti-fr","9":"first","10":"instock","11":"shipping-taxable","12":"product-type-simple"},"acf":[],"yoast_head":"<!-- This site is optimized with the Yoast SEO plugin v27.1 - https:\/\/yoast.com\/product\/yoast-seo-wordpress\/ -->\n<title>S.80 HD - Sunroom<\/title>\n<meta name=\"robots\" content=\"index, follow, max-snippet:-1, max-image-preview:large, max-video-preview:-1\" \/>\n<link rel=\"canonical\" href=\"https:\/\/www.sunroom.it\/it\/produit\/s80-hd\/\" \/>\n<meta property=\"og:locale\" content=\"fr_FR\" \/>\n<meta property=\"og:type\" content=\"article\" \/>\n<meta property=\"og:title\" content=\"S.80 HD - Sunroom\" \/>\n<meta property=\"og:description\" content=\"S\u00e9rie des Portes Charni\u00e8res \u00e0 Tige \/ Special hinges OUVERTURE INT\u00c9RIEURE \/ INTERNAL OPENING Ch\u00e2ssis 79 mm &#8211; Vantail 89 mm Vitrages jusqu\u2019\u00e0 52 mm. ISOLATION THERMIQUE* UF &#8211; 1,89 W\/m2K UG &#8211; 0,5 &#8211; Psi 0,031 UW &#8211; 1,04 W\/m2K * donn\u00e9es relatives \u00e0 la version OPTIMUS (valeurs obtenues sur une porte \u00e0 1Leggi di pi\u00f9\" \/>\n<meta property=\"og:url\" content=\"https:\/\/www.sunroom.it\/it\/produit\/s80-hd\/\" \/>\n<meta property=\"og:site_name\" content=\"Sunroom\" \/>\n<meta property=\"article:modified_time\" content=\"2023-05-04T16:23:59+00:00\" \/>\n<meta property=\"og:image\" content=\"https:\/\/www.sunroom.it\/wp-content\/uploads\/2021\/12\/S85.HD_elenco-prodotti-2.jpg\" \/>\n\t<meta property=\"og:image:width\" content=\"960\" \/>\n\t<meta property=\"og:image:height\" content=\"760\" \/>\n\t<meta property=\"og:image:type\" content=\"image\/jpeg\" \/>\n<meta name=\"twitter:card\" content=\"summary_large_image\" \/>\n<meta name=\"twitter:label1\" content=\"Dur\u00e9e de lecture estim\u00e9e\" \/>\n\t<meta name=\"twitter:data1\" content=\"1 minute\" \/>\n<script type=\"application\/ld+json\" class=\"yoast-schema-graph\">{\"@context\":\"https:\/\/schema.org\",\"@graph\":[{\"@type\":\"WebPage\",\"@id\":\"https:\/\/www.sunroom.it\/it\/produit\/s80-hd\/\",\"url\":\"https:\/\/www.sunroom.it\/it\/produit\/s80-hd\/\",\"name\":\"S.80 HD - Sunroom\",\"isPartOf\":{\"@id\":\"https:\/\/www.sunroom.it\/it\/#website\"},\"primaryImageOfPage\":{\"@id\":\"https:\/\/www.sunroom.it\/it\/produit\/s80-hd\/#primaryimage\"},\"image\":{\"@id\":\"https:\/\/www.sunroom.it\/it\/produit\/s80-hd\/#primaryimage\"},\"thumbnailUrl\":\"https:\/\/www.sunroom.it\/wp-content\/uploads\/2021\/12\/S85.HD_elenco-prodotti-2.jpg\",\"datePublished\":\"2021-12-27T09:29:11+00:00\",\"dateModified\":\"2023-05-04T16:23:59+00:00\",\"breadcrumb\":{\"@id\":\"https:\/\/www.sunroom.it\/it\/produit\/s80-hd\/#breadcrumb\"},\"inLanguage\":\"fr-FR\",\"potentialAction\":[{\"@type\":\"ReadAction\",\"target\":[\"https:\/\/www.sunroom.it\/it\/produit\/s80-hd\/\"]}]},{\"@type\":\"ImageObject\",\"inLanguage\":\"fr-FR\",\"@id\":\"https:\/\/www.sunroom.it\/it\/produit\/s80-hd\/#primaryimage\",\"url\":\"https:\/\/www.sunroom.it\/wp-content\/uploads\/2021\/12\/S85.HD_elenco-prodotti-2.jpg\",\"contentUrl\":\"https:\/\/www.sunroom.it\/wp-content\/uploads\/2021\/12\/S85.HD_elenco-prodotti-2.jpg\",\"width\":960,\"height\":760},{\"@type\":\"BreadcrumbList\",\"@id\":\"https:\/\/www.sunroom.it\/it\/produit\/s80-hd\/#breadcrumb\",\"itemListElement\":[{\"@type\":\"ListItem\",\"position\":1,\"name\":\"Home\",\"item\":\"https:\/\/www.sunroom.it\/fr\/\"},{\"@type\":\"ListItem\",\"position\":2,\"name\":\"Boutique\",\"item\":\"https:\/\/www.sunroom.it\/fr\/boutique\/\"},{\"@type\":\"ListItem\",\"position\":3,\"name\":\"S.80 HD\"}]},{\"@type\":\"WebSite\",\"@id\":\"https:\/\/www.sunroom.it\/it\/#website\",\"url\":\"https:\/\/www.sunroom.it\/it\/\",\"name\":\"Sunroom\",\"description\":\"Sunroom\",\"publisher\":{\"@id\":\"https:\/\/www.sunroom.it\/it\/#organization\"},\"potentialAction\":[{\"@type\":\"SearchAction\",\"target\":{\"@type\":\"EntryPoint\",\"urlTemplate\":\"https:\/\/www.sunroom.it\/it\/?s={search_term_string}\"},\"query-input\":{\"@type\":\"PropertyValueSpecification\",\"valueRequired\":true,\"valueName\":\"search_term_string\"}}],\"inLanguage\":\"fr-FR\"},{\"@type\":\"Organization\",\"@id\":\"https:\/\/www.sunroom.it\/it\/#organization\",\"name\":\"Sunroom\",\"url\":\"https:\/\/www.sunroom.it\/it\/\",\"logo\":{\"@type\":\"ImageObject\",\"inLanguage\":\"fr-FR\",\"@id\":\"https:\/\/www.sunroom.it\/it\/#\/schema\/logo\/image\/\",\"url\":\"https:\/\/www.sunroom.it\/wp-content\/uploads\/2021\/07\/sunroom_260x70px.png\",\"contentUrl\":\"https:\/\/www.sunroom.it\/wp-content\/uploads\/2021\/07\/sunroom_260x70px.png\",\"width\":260,\"height\":70,\"caption\":\"Sunroom\"},\"image\":{\"@id\":\"https:\/\/www.sunroom.it\/it\/#\/schema\/logo\/image\/\"}}]}<\/script>\n<!-- \/ Yoast SEO plugin. -->","yoast_head_json":{"title":"S.80 HD - Sunroom","robots":{"index":"index","follow":"follow","max-snippet":"max-snippet:-1","max-image-preview":"max-image-preview:large","max-video-preview":"max-video-preview:-1"},"canonical":"https:\/\/www.sunroom.it\/it\/produit\/s80-hd\/","og_locale":"fr_FR","og_type":"article","og_title":"S.80 HD - Sunroom","og_description":"S\u00e9rie des Portes Charni\u00e8res \u00e0 Tige \/ Special hinges OUVERTURE INT\u00c9RIEURE \/ INTERNAL OPENING Ch\u00e2ssis 79 mm &#8211; Vantail 89 mm Vitrages jusqu\u2019\u00e0 52 mm. ISOLATION THERMIQUE* UF &#8211; 1,89 W\/m2K UG &#8211; 0,5 &#8211; Psi 0,031 UW &#8211; 1,04 W\/m2K * donn\u00e9es relatives \u00e0 la version OPTIMUS (valeurs obtenues sur une porte \u00e0 1Leggi di pi\u00f9","og_url":"https:\/\/www.sunroom.it\/it\/produit\/s80-hd\/","og_site_name":"Sunroom","article_modified_time":"2023-05-04T16:23:59+00:00","og_image":[{"width":960,"height":760,"url":"https:\/\/www.sunroom.it\/wp-content\/uploads\/2021\/12\/S85.HD_elenco-prodotti-2.jpg","type":"image\/jpeg"}],"twitter_card":"summary_large_image","twitter_misc":{"Dur\u00e9e de lecture estim\u00e9e":"1 minute"},"schema":{"@context":"https:\/\/schema.org","@graph":[{"@type":"WebPage","@id":"https:\/\/www.sunroom.it\/it\/produit\/s80-hd\/","url":"https:\/\/www.sunroom.it\/it\/produit\/s80-hd\/","name":"S.80 HD - Sunroom","isPartOf":{"@id":"https:\/\/www.sunroom.it\/it\/#website"},"primaryImageOfPage":{"@id":"https:\/\/www.sunroom.it\/it\/produit\/s80-hd\/#primaryimage"},"image":{"@id":"https:\/\/www.sunroom.it\/it\/produit\/s80-hd\/#primaryimage"},"thumbnailUrl":"https:\/\/www.sunroom.it\/wp-content\/uploads\/2021\/12\/S85.HD_elenco-prodotti-2.jpg","datePublished":"2021-12-27T09:29:11+00:00","dateModified":"2023-05-04T16:23:59+00:00","breadcrumb":{"@id":"https:\/\/www.sunroom.it\/it\/produit\/s80-hd\/#breadcrumb"},"inLanguage":"fr-FR","potentialAction":[{"@type":"ReadAction","target":["https:\/\/www.sunroom.it\/it\/produit\/s80-hd\/"]}]},{"@type":"ImageObject","inLanguage":"fr-FR","@id":"https:\/\/www.sunroom.it\/it\/produit\/s80-hd\/#primaryimage","url":"https:\/\/www.sunroom.it\/wp-content\/uploads\/2021\/12\/S85.HD_elenco-prodotti-2.jpg","contentUrl":"https:\/\/www.sunroom.it\/wp-content\/uploads\/2021\/12\/S85.HD_elenco-prodotti-2.jpg","width":960,"height":760},{"@type":"BreadcrumbList","@id":"https:\/\/www.sunroom.it\/it\/produit\/s80-hd\/#breadcrumb","itemListElement":[{"@type":"ListItem","position":1,"name":"Home","item":"https:\/\/www.sunroom.it\/fr\/"},{"@type":"ListItem","position":2,"name":"Boutique","item":"https:\/\/www.sunroom.it\/fr\/boutique\/"},{"@type":"ListItem","position":3,"name":"S.80 HD"}]},{"@type":"WebSite","@id":"https:\/\/www.sunroom.it\/it\/#website","url":"https:\/\/www.sunroom.it\/it\/","name":"Sunroom","description":"Sunroom","publisher":{"@id":"https:\/\/www.sunroom.it\/it\/#organization"},"potentialAction":[{"@type":"SearchAction","target":{"@type":"EntryPoint","urlTemplate":"https:\/\/www.sunroom.it\/it\/?s={search_term_string}"},"query-input":{"@type":"PropertyValueSpecification","valueRequired":true,"valueName":"search_term_string"}}],"inLanguage":"fr-FR"},{"@type":"Organization","@id":"https:\/\/www.sunroom.it\/it\/#organization","name":"Sunroom","url":"https:\/\/www.sunroom.it\/it\/","logo":{"@type":"ImageObject","inLanguage":"fr-FR","@id":"https:\/\/www.sunroom.it\/it\/#\/schema\/logo\/image\/","url":"https:\/\/www.sunroom.it\/wp-content\/uploads\/2021\/07\/sunroom_260x70px.png","contentUrl":"https:\/\/www.sunroom.it\/wp-content\/uploads\/2021\/07\/sunroom_260x70px.png","width":260,"height":70,"caption":"Sunroom"},"image":{"@id":"https:\/\/www.sunroom.it\/it\/#\/schema\/logo\/image\/"}}]}},"_links":{"self":[{"href":"https:\/\/www.sunroom.it\/fr\/wp-json\/wp\/v2\/product\/10485","targetHints":{"allow":["GET"]}}],"collection":[{"href":"https:\/\/www.sunroom.it\/fr\/wp-json\/wp\/v2\/product"}],"about":[{"href":"https:\/\/www.sunroom.it\/fr\/wp-json\/wp\/v2\/types\/product"}],"replies":[{"embeddable":true,"href":"https:\/\/www.sunroom.it\/fr\/wp-json\/wp\/v2\/comments?post=10485"}],"wp:featuredmedia":[{"embeddable":true,"href":"https:\/\/www.sunroom.it\/fr\/wp-json\/wp\/v2\/media\/9988"}],"wp:attachment":[{"href":"https:\/\/www.sunroom.it\/fr\/wp-json\/wp\/v2\/media?parent=10485"}],"wp:term":[{"taxonomy":"product_brand","embeddable":true,"href":"https:\/\/www.sunroom.it\/fr\/wp-json\/wp\/v2\/product_brand?post=10485"},{"taxonomy":"product_cat","embeddable":true,"href":"https:\/\/www.sunroom.it\/fr\/wp-json\/wp\/v2\/product_cat?post=10485"},{"taxonomy":"product_tag","embeddable":true,"href":"https:\/\/www.sunroom.it\/fr\/wp-json\/wp\/v2\/product_tag?post=10485"}],"curies":[{"name":"wp","href":"https:\/\/api.w.org\/{rel}","templated":true}]}}