{"id":10195,"date":"2021-12-16T17:24:12","date_gmt":"2021-12-16T16:24:12","guid":{"rendered":"https:\/\/www.sunroom.it\/prodotto\/s85-wh\/"},"modified":"2023-08-07T11:11:53","modified_gmt":"2023-08-07T09:11:53","slug":"s85-hw","status":"publish","type":"product","link":"https:\/\/www.sunroom.it\/fr\/produit\/s85-hw\/","title":{"rendered":"S.85 HW"},"content":{"rendered":"<p><strong>S\u00e9rie Fen\u00eatres <\/strong><\/p>\n<p>Ch\u00e2ssis 85 mm &#8211; Vantail 95 mm<\/p>\n<p>Vitrages jusqu\u2019\u00e0 58 mm<\/p>\n<p>ISOLATION THERMIQUE* UF &#8211; 0,99 W\/m<sup>2<\/sup>K<br \/>\nUG &#8211; 0,5 &#8211; Psi 0,031 UW &#8211; 0,72 W\/m<sup>2<\/sup>K<\/p>\n<p>* Isolation thermique en option<\/p>\n<p><strong>S.85 HW<\/strong> repr\u00e9sente le syst\u00e8me le plus performant et innovant. La statique s\u2019av\u00e8re \u00e9galement remarquablement augment\u00e9e gr\u00e2ce \u00e0 la grande profondeur de ses profil\u00e9s, qui permettent ainsi de mettre en place de menuiseries de grandes dimensions. La rupture du pont thermique est impl\u00e9ment\u00e9e par l\u2019introduction d\u2019une barrette en ABS r\u00e9volutionnaire. Ce mat\u00e9riel non-hygroscopique permet d\u2019obtenir une valeur de transmission thermique remarquablement inf\u00e9rieure par rapport au m\u00eame n\u0153ud r\u00e9alis\u00e9 avec une barrette en polyamide \u00e9quivalente.<\/p>\n<p>Avec <a href=\"https:\/\/www.sunroom.it\/fr\/produit\/ghost-180\/\" target=\"_blank\" rel=\"noopener\"><strong>Ghost 180\u00b0<\/strong><\/a>, nous sommes actuellement en mesure de fournir un \u00e9quipement oscillo-battant avec un c\u00f4t\u00e9 \u00e0 charni\u00e8re escamotable et une ouverture \u00e0 180 \u00b0.<\/p>\n","protected":false},"excerpt":{"rendered":"<p>S\u00e9rie Fen\u00eatres Ch\u00e2ssis 85 mm &#8211; Vantail 95 mm Vitrages jusqu\u2019\u00e0 58 mm ISOLATION THERMIQUE* UF &#8211; 0,99 W\/m2K UG &#8211; 0,5 &#8211; Psi 0,031 UW &#8211; 0,72 W\/m2K * Isolation thermique en option S.85 HW repr\u00e9sente le syst\u00e8me le plus performant et innovant. La statique s\u2019av\u00e8re \u00e9galement remarquablement augment\u00e9e gr\u00e2ce \u00e0 la grande profondeurLeggi di pi\u00f9<\/p>\n","protected":false},"featured_media":9993,"comment_status":"closed","ping_status":"closed","template":"","meta":{"_acf_changed":false},"product_brand":[],"product_cat":[136,339],"product_tag":[],"class_list":{"0":"post-10195","1":"product","2":"type-product","3":"status-publish","4":"has-post-thumbnail","6":"product_cat-prodotti-fr","7":"product_cat-serramenti-fr","9":"first","10":"instock","11":"shipping-taxable","12":"product-type-simple"},"acf":[],"yoast_head":"<!-- This site is optimized with the Yoast SEO plugin v27.1 - https:\/\/yoast.com\/product\/yoast-seo-wordpress\/ -->\n<title>S.85 HW - Sunroom<\/title>\n<meta name=\"robots\" content=\"index, follow, max-snippet:-1, max-image-preview:large, max-video-preview:-1\" \/>\n<link rel=\"canonical\" href=\"https:\/\/www.sunroom.it\/it\/produit\/s85-hw\/\" \/>\n<meta property=\"og:locale\" content=\"fr_FR\" \/>\n<meta property=\"og:type\" content=\"article\" \/>\n<meta property=\"og:title\" content=\"S.85 HW - Sunroom\" \/>\n<meta property=\"og:description\" content=\"S\u00e9rie Fen\u00eatres Ch\u00e2ssis 85 mm &#8211; Vantail 95 mm Vitrages jusqu\u2019\u00e0 58 mm ISOLATION THERMIQUE* UF &#8211; 0,99 W\/m2K UG &#8211; 0,5 &#8211; Psi 0,031 UW &#8211; 0,72 W\/m2K * Isolation thermique en option S.85 HW repr\u00e9sente le syst\u00e8me le plus performant et innovant. La statique s\u2019av\u00e8re \u00e9galement remarquablement augment\u00e9e gr\u00e2ce \u00e0 la grande profondeurLeggi di pi\u00f9\" \/>\n<meta property=\"og:url\" content=\"https:\/\/www.sunroom.it\/it\/produit\/s85-hw\/\" \/>\n<meta property=\"og:site_name\" content=\"Sunroom\" \/>\n<meta property=\"article:modified_time\" content=\"2023-08-07T09:11:53+00:00\" \/>\n<meta property=\"og:image\" content=\"https:\/\/www.sunroom.it\/wp-content\/uploads\/2021\/12\/S85.WH_elenco-prodotti-1.jpg\" \/>\n\t<meta property=\"og:image:width\" content=\"960\" \/>\n\t<meta property=\"og:image:height\" content=\"760\" \/>\n\t<meta property=\"og:image:type\" content=\"image\/jpeg\" \/>\n<meta name=\"twitter:card\" content=\"summary_large_image\" \/>\n<meta name=\"twitter:label1\" content=\"Dur\u00e9e de lecture estim\u00e9e\" \/>\n\t<meta name=\"twitter:data1\" content=\"1 minute\" \/>\n<script type=\"application\/ld+json\" class=\"yoast-schema-graph\">{\"@context\":\"https:\/\/schema.org\",\"@graph\":[{\"@type\":\"WebPage\",\"@id\":\"https:\/\/www.sunroom.it\/it\/produit\/s85-hw\/\",\"url\":\"https:\/\/www.sunroom.it\/it\/produit\/s85-hw\/\",\"name\":\"S.85 HW - Sunroom\",\"isPartOf\":{\"@id\":\"https:\/\/www.sunroom.it\/it\/#website\"},\"primaryImageOfPage\":{\"@id\":\"https:\/\/www.sunroom.it\/it\/produit\/s85-hw\/#primaryimage\"},\"image\":{\"@id\":\"https:\/\/www.sunroom.it\/it\/produit\/s85-hw\/#primaryimage\"},\"thumbnailUrl\":\"https:\/\/www.sunroom.it\/wp-content\/uploads\/2021\/12\/S85.WH_elenco-prodotti-1.jpg\",\"datePublished\":\"2021-12-16T16:24:12+00:00\",\"dateModified\":\"2023-08-07T09:11:53+00:00\",\"breadcrumb\":{\"@id\":\"https:\/\/www.sunroom.it\/it\/produit\/s85-hw\/#breadcrumb\"},\"inLanguage\":\"fr-FR\",\"potentialAction\":[{\"@type\":\"ReadAction\",\"target\":[\"https:\/\/www.sunroom.it\/it\/produit\/s85-hw\/\"]}]},{\"@type\":\"ImageObject\",\"inLanguage\":\"fr-FR\",\"@id\":\"https:\/\/www.sunroom.it\/it\/produit\/s85-hw\/#primaryimage\",\"url\":\"https:\/\/www.sunroom.it\/wp-content\/uploads\/2021\/12\/S85.WH_elenco-prodotti-1.jpg\",\"contentUrl\":\"https:\/\/www.sunroom.it\/wp-content\/uploads\/2021\/12\/S85.WH_elenco-prodotti-1.jpg\",\"width\":960,\"height\":760},{\"@type\":\"BreadcrumbList\",\"@id\":\"https:\/\/www.sunroom.it\/it\/produit\/s85-hw\/#breadcrumb\",\"itemListElement\":[{\"@type\":\"ListItem\",\"position\":1,\"name\":\"Home\",\"item\":\"https:\/\/www.sunroom.it\/fr\/\"},{\"@type\":\"ListItem\",\"position\":2,\"name\":\"Boutique\",\"item\":\"https:\/\/www.sunroom.it\/fr\/boutique\/\"},{\"@type\":\"ListItem\",\"position\":3,\"name\":\"S.85 HW\"}]},{\"@type\":\"WebSite\",\"@id\":\"https:\/\/www.sunroom.it\/it\/#website\",\"url\":\"https:\/\/www.sunroom.it\/it\/\",\"name\":\"Sunroom\",\"description\":\"Sunroom\",\"publisher\":{\"@id\":\"https:\/\/www.sunroom.it\/it\/#organization\"},\"potentialAction\":[{\"@type\":\"SearchAction\",\"target\":{\"@type\":\"EntryPoint\",\"urlTemplate\":\"https:\/\/www.sunroom.it\/it\/?s={search_term_string}\"},\"query-input\":{\"@type\":\"PropertyValueSpecification\",\"valueRequired\":true,\"valueName\":\"search_term_string\"}}],\"inLanguage\":\"fr-FR\"},{\"@type\":\"Organization\",\"@id\":\"https:\/\/www.sunroom.it\/it\/#organization\",\"name\":\"Sunroom\",\"url\":\"https:\/\/www.sunroom.it\/it\/\",\"logo\":{\"@type\":\"ImageObject\",\"inLanguage\":\"fr-FR\",\"@id\":\"https:\/\/www.sunroom.it\/it\/#\/schema\/logo\/image\/\",\"url\":\"https:\/\/www.sunroom.it\/wp-content\/uploads\/2021\/07\/sunroom_260x70px.png\",\"contentUrl\":\"https:\/\/www.sunroom.it\/wp-content\/uploads\/2021\/07\/sunroom_260x70px.png\",\"width\":260,\"height\":70,\"caption\":\"Sunroom\"},\"image\":{\"@id\":\"https:\/\/www.sunroom.it\/it\/#\/schema\/logo\/image\/\"}}]}<\/script>\n<!-- \/ Yoast SEO plugin. -->","yoast_head_json":{"title":"S.85 HW - Sunroom","robots":{"index":"index","follow":"follow","max-snippet":"max-snippet:-1","max-image-preview":"max-image-preview:large","max-video-preview":"max-video-preview:-1"},"canonical":"https:\/\/www.sunroom.it\/it\/produit\/s85-hw\/","og_locale":"fr_FR","og_type":"article","og_title":"S.85 HW - Sunroom","og_description":"S\u00e9rie Fen\u00eatres Ch\u00e2ssis 85 mm &#8211; Vantail 95 mm Vitrages jusqu\u2019\u00e0 58 mm ISOLATION THERMIQUE* UF &#8211; 0,99 W\/m2K UG &#8211; 0,5 &#8211; Psi 0,031 UW &#8211; 0,72 W\/m2K * Isolation thermique en option S.85 HW repr\u00e9sente le syst\u00e8me le plus performant et innovant. La statique s\u2019av\u00e8re \u00e9galement remarquablement augment\u00e9e gr\u00e2ce \u00e0 la grande profondeurLeggi di pi\u00f9","og_url":"https:\/\/www.sunroom.it\/it\/produit\/s85-hw\/","og_site_name":"Sunroom","article_modified_time":"2023-08-07T09:11:53+00:00","og_image":[{"width":960,"height":760,"url":"https:\/\/www.sunroom.it\/wp-content\/uploads\/2021\/12\/S85.WH_elenco-prodotti-1.jpg","type":"image\/jpeg"}],"twitter_card":"summary_large_image","twitter_misc":{"Dur\u00e9e de lecture estim\u00e9e":"1 minute"},"schema":{"@context":"https:\/\/schema.org","@graph":[{"@type":"WebPage","@id":"https:\/\/www.sunroom.it\/it\/produit\/s85-hw\/","url":"https:\/\/www.sunroom.it\/it\/produit\/s85-hw\/","name":"S.85 HW - Sunroom","isPartOf":{"@id":"https:\/\/www.sunroom.it\/it\/#website"},"primaryImageOfPage":{"@id":"https:\/\/www.sunroom.it\/it\/produit\/s85-hw\/#primaryimage"},"image":{"@id":"https:\/\/www.sunroom.it\/it\/produit\/s85-hw\/#primaryimage"},"thumbnailUrl":"https:\/\/www.sunroom.it\/wp-content\/uploads\/2021\/12\/S85.WH_elenco-prodotti-1.jpg","datePublished":"2021-12-16T16:24:12+00:00","dateModified":"2023-08-07T09:11:53+00:00","breadcrumb":{"@id":"https:\/\/www.sunroom.it\/it\/produit\/s85-hw\/#breadcrumb"},"inLanguage":"fr-FR","potentialAction":[{"@type":"ReadAction","target":["https:\/\/www.sunroom.it\/it\/produit\/s85-hw\/"]}]},{"@type":"ImageObject","inLanguage":"fr-FR","@id":"https:\/\/www.sunroom.it\/it\/produit\/s85-hw\/#primaryimage","url":"https:\/\/www.sunroom.it\/wp-content\/uploads\/2021\/12\/S85.WH_elenco-prodotti-1.jpg","contentUrl":"https:\/\/www.sunroom.it\/wp-content\/uploads\/2021\/12\/S85.WH_elenco-prodotti-1.jpg","width":960,"height":760},{"@type":"BreadcrumbList","@id":"https:\/\/www.sunroom.it\/it\/produit\/s85-hw\/#breadcrumb","itemListElement":[{"@type":"ListItem","position":1,"name":"Home","item":"https:\/\/www.sunroom.it\/fr\/"},{"@type":"ListItem","position":2,"name":"Boutique","item":"https:\/\/www.sunroom.it\/fr\/boutique\/"},{"@type":"ListItem","position":3,"name":"S.85 HW"}]},{"@type":"WebSite","@id":"https:\/\/www.sunroom.it\/it\/#website","url":"https:\/\/www.sunroom.it\/it\/","name":"Sunroom","description":"Sunroom","publisher":{"@id":"https:\/\/www.sunroom.it\/it\/#organization"},"potentialAction":[{"@type":"SearchAction","target":{"@type":"EntryPoint","urlTemplate":"https:\/\/www.sunroom.it\/it\/?s={search_term_string}"},"query-input":{"@type":"PropertyValueSpecification","valueRequired":true,"valueName":"search_term_string"}}],"inLanguage":"fr-FR"},{"@type":"Organization","@id":"https:\/\/www.sunroom.it\/it\/#organization","name":"Sunroom","url":"https:\/\/www.sunroom.it\/it\/","logo":{"@type":"ImageObject","inLanguage":"fr-FR","@id":"https:\/\/www.sunroom.it\/it\/#\/schema\/logo\/image\/","url":"https:\/\/www.sunroom.it\/wp-content\/uploads\/2021\/07\/sunroom_260x70px.png","contentUrl":"https:\/\/www.sunroom.it\/wp-content\/uploads\/2021\/07\/sunroom_260x70px.png","width":260,"height":70,"caption":"Sunroom"},"image":{"@id":"https:\/\/www.sunroom.it\/it\/#\/schema\/logo\/image\/"}}]}},"_links":{"self":[{"href":"https:\/\/www.sunroom.it\/fr\/wp-json\/wp\/v2\/product\/10195","targetHints":{"allow":["GET"]}}],"collection":[{"href":"https:\/\/www.sunroom.it\/fr\/wp-json\/wp\/v2\/product"}],"about":[{"href":"https:\/\/www.sunroom.it\/fr\/wp-json\/wp\/v2\/types\/product"}],"replies":[{"embeddable":true,"href":"https:\/\/www.sunroom.it\/fr\/wp-json\/wp\/v2\/comments?post=10195"}],"wp:featuredmedia":[{"embeddable":true,"href":"https:\/\/www.sunroom.it\/fr\/wp-json\/wp\/v2\/media\/9993"}],"wp:attachment":[{"href":"https:\/\/www.sunroom.it\/fr\/wp-json\/wp\/v2\/media?parent=10195"}],"wp:term":[{"taxonomy":"product_brand","embeddable":true,"href":"https:\/\/www.sunroom.it\/fr\/wp-json\/wp\/v2\/product_brand?post=10195"},{"taxonomy":"product_cat","embeddable":true,"href":"https:\/\/www.sunroom.it\/fr\/wp-json\/wp\/v2\/product_cat?post=10195"},{"taxonomy":"product_tag","embeddable":true,"href":"https:\/\/www.sunroom.it\/fr\/wp-json\/wp\/v2\/product_tag?post=10195"}],"curies":[{"name":"wp","href":"https:\/\/api.w.org\/{rel}","templated":true}]}}