{"id":4592,"date":"2020-05-13T15:19:16","date_gmt":"2020-05-13T13:19:16","guid":{"rendered":"https:\/\/www.sunroom.it\/chi-siamo\/"},"modified":"2020-10-22T10:13:21","modified_gmt":"2020-10-22T08:13:21","slug":"chi-siamo","status":"publish","type":"page","link":"https:\/\/www.sunroom.it\/fr\/chi-siamo\/","title":{"rendered":"Notre entreprise"},"content":{"rendered":"\n<div class=\"wp-block-atomic-blocks-ab-container full background timeline ab-block-container\"><div class=\"ab-container-inside\"><div class=\"ab-container-content\">\n<div id=\"shortcode-timeline\" class=\"shortcode post-list shortcode post-list\"><div class=\" item-list \">\n<div class=\"wrapper\">\n   <div class=\"loop-item-title\">\n     1969   <\/div><!-- end loop item-title -->\n   <div class=\"loop-item-image\">\n    <img decoding=\"async\" src=\"https:\/\/www.sunroom.it\/wp-content\/themes\/storefront-child\/assets\/images\/company-timeline-icon.png\" alt=\"\">\n   <\/div><!-- end loop item-image -->\n   <div class=\"loop-item-excerpt\">\n   La marque SUNROOM voit le jour et, avec elle, les premi\u00e8res baies vitr\u00e9es pliantes propos\u00e9es sur le march\u00e9 europ\u00e9en.   <\/div><!-- end loop item-title -->\n <\/div><!-- end wrapper -->\n\n <\/div><!-- end loop item -->\n<div class=\" item-list \">\n<div class=\"wrapper\">\n   <div class=\"loop-item-title\">\n     1970   <\/div><!-- end loop item-title -->\n   <div class=\"loop-item-image\">\n    <img decoding=\"async\" src=\"https:\/\/www.sunroom.it\/wp-content\/themes\/storefront-child\/assets\/images\/company-timeline-icon.png\" alt=\"\">\n   <\/div><!-- end loop item-image -->\n   <div class=\"loop-item-excerpt\">\n   <p>SUNROOM obtient son premier brevet europ\u00e9en d&rsquo;invention industrielle.<\/p>\n   <\/div><!-- end loop item-title -->\n <\/div><!-- end wrapper -->\n\n <\/div><!-- end loop item -->\n<div class=\" item-list \">\n<div class=\"wrapper\">\n   <div class=\"loop-item-title\">\n     1983   <\/div><!-- end loop item-title -->\n   <div class=\"loop-item-image\">\n    <img decoding=\"async\" src=\"https:\/\/www.sunroom.it\/wp-content\/themes\/storefront-child\/assets\/images\/company-timeline-icon.png\" alt=\"\">\n   <\/div><!-- end loop item-image -->\n   <div class=\"loop-item-excerpt\">\n   <p>Les premi\u00e8res filiales s&rsquo;ouvrent sur le terroir europ\u00e9en.<\/p>\n   <\/div><!-- end loop item-title -->\n <\/div><!-- end wrapper -->\n\n <\/div><!-- end loop item -->\n<div class=\" item-list \">\n<div class=\"wrapper\">\n   <div class=\"loop-item-title\">\n     1990   <\/div><!-- end loop item-title -->\n   <div class=\"loop-item-image\">\n    <img decoding=\"async\" src=\"https:\/\/www.sunroom.it\/wp-content\/themes\/storefront-child\/assets\/images\/company-timeline-icon.png\" alt=\"\">\n   <\/div><!-- end loop item-image -->\n   <div class=\"loop-item-excerpt\">\n   <p>SUNROOM propose les premi\u00e8res solutions dans le domaine des jardins d&rsquo;hiver, pour la cr\u00e9ation de nouveaux milieux exclusifs.<\/p>\n   <\/div><!-- end loop item-title -->\n <\/div><!-- end wrapper -->\n\n <\/div><!-- end loop item -->\n<div class=\" item-list \">\n<div class=\"wrapper\">\n   <div class=\"loop-item-title\">\n     2000   <\/div><!-- end loop item-title -->\n   <div class=\"loop-item-image\">\n    <img decoding=\"async\" src=\"https:\/\/www.sunroom.it\/wp-content\/themes\/storefront-child\/assets\/images\/company-timeline-icon.png\" alt=\"\">\n   <\/div><!-- end loop item-image -->\n   <div class=\"loop-item-excerpt\">\n   <p>La production est transf\u00e9r\u00e9e \u00e0 Cattolica : un \u00e9tablissement \u00e0 la pointe du progr\u00e8s avec une logistique consacr\u00e9e \u00e0 la production des syst\u00e8mes sp\u00e9ciaux.<\/p>\n   <\/div><!-- end loop item-title -->\n <\/div><!-- end wrapper -->\n\n <\/div><!-- end loop item -->\n<div class=\" item-list \">\n<div class=\"wrapper\">\n   <div class=\"loop-item-title\">\n     2013   <\/div><!-- end loop item-title -->\n   <div class=\"loop-item-image\">\n    <img decoding=\"async\" src=\"https:\/\/www.sunroom.it\/wp-content\/themes\/storefront-child\/assets\/images\/company-timeline-icon.png\" alt=\"\">\n   <\/div><!-- end loop item-image -->\n   <div class=\"loop-item-excerpt\">\n   <p>Nous lan\u00e7ons la production de l&rsquo;inimitable pergola bioclimatique \u00ab Oskura Waterproof \u00bb \u00e0 lames r\u00e9tractables. SUNROOM obtient alors un nouveau brevet europ\u00e9en.<\/p>\n   <\/div><!-- end loop item-title -->\n <\/div><!-- end wrapper -->\n\n <\/div><!-- end loop item -->\n<div class=\" item-list \">\n<div class=\"wrapper\">\n   <div class=\"loop-item-title\">\n     2019   <\/div><!-- end loop item-title -->\n   <div class=\"loop-item-image\">\n    <img decoding=\"async\" src=\"https:\/\/www.sunroom.it\/wp-content\/themes\/storefront-child\/assets\/images\/company-timeline-icon.png\" alt=\"\">\n   <\/div><!-- end loop item-image -->\n   <div class=\"loop-item-excerpt\">\n   <p>SUNROOM f\u00eate 50 ans de qualit\u00e9 et design contemporain ! L&rsquo;entreprise rime avec innovation et fiabilit\u00e9.<\/p>\n   <\/div><!-- end loop item-title -->\n <\/div><!-- end wrapper -->\n\n <\/div><!-- end loop item -->\n<div class=\" item-list \">\n<div class=\"wrapper\">\n   <div class=\"loop-item-title\">\n     2020   <\/div><!-- end loop item-title -->\n   <div class=\"loop-item-image\">\n    <img decoding=\"async\" src=\"https:\/\/www.sunroom.it\/wp-content\/themes\/storefront-child\/assets\/images\/company-timeline-icon.png\" alt=\"\">\n   <\/div><!-- end loop item-image -->\n   <div class=\"loop-item-excerpt\">\n   <p>Sunroom se renouvelle &#8211; dans le respect de son histoire &#8211; en proposant une nouvelle image et des mat\u00e9riaux de communication actualis\u00e9s.<\/p>\n   <\/div><!-- end loop item-title -->\n <\/div><!-- end wrapper -->\n\n <\/div><!-- end loop item -->\n<\/div><!-- end shortcode -->\n<\/div><\/div><\/div>\n\n\n\n<p class=\"full background timeline\"><\/p>\n","protected":false},"excerpt":{"rendered":"","protected":false},"author":1,"featured_media":0,"parent":0,"menu_order":0,"comment_status":"closed","ping_status":"closed","template":"","meta":{"_acf_changed":false,"footnotes":""},"class_list":["post-4592","page","type-page","status-publish","hentry"],"acf":[],"yoast_head":"<!-- This site is optimized with the Yoast SEO plugin v27.1 - https:\/\/yoast.com\/product\/yoast-seo-wordpress\/ -->\n<title>Notre entreprise - Sunroom<\/title>\n<meta name=\"robots\" content=\"index, follow, max-snippet:-1, max-image-preview:large, max-video-preview:-1\" \/>\n<link rel=\"canonical\" href=\"https:\/\/www.sunroom.it\/fr\/chi-siamo\/\" \/>\n<meta property=\"og:locale\" content=\"fr_FR\" \/>\n<meta property=\"og:type\" content=\"article\" \/>\n<meta property=\"og:title\" content=\"Notre entreprise - Sunroom\" \/>\n<meta property=\"og:url\" content=\"https:\/\/www.sunroom.it\/fr\/chi-siamo\/\" \/>\n<meta property=\"og:site_name\" content=\"Sunroom\" \/>\n<meta property=\"article:modified_time\" content=\"2020-10-22T08:13:21+00:00\" \/>\n<meta name=\"twitter:card\" content=\"summary_large_image\" \/>\n<script type=\"application\/ld+json\" class=\"yoast-schema-graph\">{\"@context\":\"https:\/\/schema.org\",\"@graph\":[{\"@type\":\"WebPage\",\"@id\":\"https:\/\/www.sunroom.it\/fr\/chi-siamo\/\",\"url\":\"https:\/\/www.sunroom.it\/fr\/chi-siamo\/\",\"name\":\"Notre entreprise - Sunroom\",\"isPartOf\":{\"@id\":\"https:\/\/www.sunroom.it\/it\/#website\"},\"datePublished\":\"2020-05-13T13:19:16+00:00\",\"dateModified\":\"2020-10-22T08:13:21+00:00\",\"breadcrumb\":{\"@id\":\"https:\/\/www.sunroom.it\/fr\/chi-siamo\/#breadcrumb\"},\"inLanguage\":\"fr-FR\",\"potentialAction\":[{\"@type\":\"ReadAction\",\"target\":[\"https:\/\/www.sunroom.it\/fr\/chi-siamo\/\"]}]},{\"@type\":\"BreadcrumbList\",\"@id\":\"https:\/\/www.sunroom.it\/fr\/chi-siamo\/#breadcrumb\",\"itemListElement\":[{\"@type\":\"ListItem\",\"position\":1,\"name\":\"Home\",\"item\":\"https:\/\/www.sunroom.it\/fr\/\"},{\"@type\":\"ListItem\",\"position\":2,\"name\":\"Notre entreprise\"}]},{\"@type\":\"WebSite\",\"@id\":\"https:\/\/www.sunroom.it\/it\/#website\",\"url\":\"https:\/\/www.sunroom.it\/it\/\",\"name\":\"Sunroom\",\"description\":\"Sunroom\",\"publisher\":{\"@id\":\"https:\/\/www.sunroom.it\/it\/#organization\"},\"potentialAction\":[{\"@type\":\"SearchAction\",\"target\":{\"@type\":\"EntryPoint\",\"urlTemplate\":\"https:\/\/www.sunroom.it\/it\/?s={search_term_string}\"},\"query-input\":{\"@type\":\"PropertyValueSpecification\",\"valueRequired\":true,\"valueName\":\"search_term_string\"}}],\"inLanguage\":\"fr-FR\"},{\"@type\":\"Organization\",\"@id\":\"https:\/\/www.sunroom.it\/it\/#organization\",\"name\":\"Sunroom\",\"url\":\"https:\/\/www.sunroom.it\/it\/\",\"logo\":{\"@type\":\"ImageObject\",\"inLanguage\":\"fr-FR\",\"@id\":\"https:\/\/www.sunroom.it\/it\/#\/schema\/logo\/image\/\",\"url\":\"https:\/\/www.sunroom.it\/wp-content\/uploads\/2021\/07\/sunroom_260x70px.png\",\"contentUrl\":\"https:\/\/www.sunroom.it\/wp-content\/uploads\/2021\/07\/sunroom_260x70px.png\",\"width\":260,\"height\":70,\"caption\":\"Sunroom\"},\"image\":{\"@id\":\"https:\/\/www.sunroom.it\/it\/#\/schema\/logo\/image\/\"}}]}<\/script>\n<!-- \/ Yoast SEO plugin. -->","yoast_head_json":{"title":"Notre entreprise - Sunroom","robots":{"index":"index","follow":"follow","max-snippet":"max-snippet:-1","max-image-preview":"max-image-preview:large","max-video-preview":"max-video-preview:-1"},"canonical":"https:\/\/www.sunroom.it\/fr\/chi-siamo\/","og_locale":"fr_FR","og_type":"article","og_title":"Notre entreprise - Sunroom","og_url":"https:\/\/www.sunroom.it\/fr\/chi-siamo\/","og_site_name":"Sunroom","article_modified_time":"2020-10-22T08:13:21+00:00","twitter_card":"summary_large_image","schema":{"@context":"https:\/\/schema.org","@graph":[{"@type":"WebPage","@id":"https:\/\/www.sunroom.it\/fr\/chi-siamo\/","url":"https:\/\/www.sunroom.it\/fr\/chi-siamo\/","name":"Notre entreprise - Sunroom","isPartOf":{"@id":"https:\/\/www.sunroom.it\/it\/#website"},"datePublished":"2020-05-13T13:19:16+00:00","dateModified":"2020-10-22T08:13:21+00:00","breadcrumb":{"@id":"https:\/\/www.sunroom.it\/fr\/chi-siamo\/#breadcrumb"},"inLanguage":"fr-FR","potentialAction":[{"@type":"ReadAction","target":["https:\/\/www.sunroom.it\/fr\/chi-siamo\/"]}]},{"@type":"BreadcrumbList","@id":"https:\/\/www.sunroom.it\/fr\/chi-siamo\/#breadcrumb","itemListElement":[{"@type":"ListItem","position":1,"name":"Home","item":"https:\/\/www.sunroom.it\/fr\/"},{"@type":"ListItem","position":2,"name":"Notre entreprise"}]},{"@type":"WebSite","@id":"https:\/\/www.sunroom.it\/it\/#website","url":"https:\/\/www.sunroom.it\/it\/","name":"Sunroom","description":"Sunroom","publisher":{"@id":"https:\/\/www.sunroom.it\/it\/#organization"},"potentialAction":[{"@type":"SearchAction","target":{"@type":"EntryPoint","urlTemplate":"https:\/\/www.sunroom.it\/it\/?s={search_term_string}"},"query-input":{"@type":"PropertyValueSpecification","valueRequired":true,"valueName":"search_term_string"}}],"inLanguage":"fr-FR"},{"@type":"Organization","@id":"https:\/\/www.sunroom.it\/it\/#organization","name":"Sunroom","url":"https:\/\/www.sunroom.it\/it\/","logo":{"@type":"ImageObject","inLanguage":"fr-FR","@id":"https:\/\/www.sunroom.it\/it\/#\/schema\/logo\/image\/","url":"https:\/\/www.sunroom.it\/wp-content\/uploads\/2021\/07\/sunroom_260x70px.png","contentUrl":"https:\/\/www.sunroom.it\/wp-content\/uploads\/2021\/07\/sunroom_260x70px.png","width":260,"height":70,"caption":"Sunroom"},"image":{"@id":"https:\/\/www.sunroom.it\/it\/#\/schema\/logo\/image\/"}}]}},"featured_image_src":null,"featured_image_src_square":null,"_links":{"self":[{"href":"https:\/\/www.sunroom.it\/fr\/wp-json\/wp\/v2\/pages\/4592","targetHints":{"allow":["GET"]}}],"collection":[{"href":"https:\/\/www.sunroom.it\/fr\/wp-json\/wp\/v2\/pages"}],"about":[{"href":"https:\/\/www.sunroom.it\/fr\/wp-json\/wp\/v2\/types\/page"}],"author":[{"embeddable":true,"href":"https:\/\/www.sunroom.it\/fr\/wp-json\/wp\/v2\/users\/1"}],"replies":[{"embeddable":true,"href":"https:\/\/www.sunroom.it\/fr\/wp-json\/wp\/v2\/comments?post=4592"}],"version-history":[{"count":1,"href":"https:\/\/www.sunroom.it\/fr\/wp-json\/wp\/v2\/pages\/4592\/revisions"}],"predecessor-version":[{"id":7095,"href":"https:\/\/www.sunroom.it\/fr\/wp-json\/wp\/v2\/pages\/4592\/revisions\/7095"}],"wp:attachment":[{"href":"https:\/\/www.sunroom.it\/fr\/wp-json\/wp\/v2\/media?parent=4592"}],"curies":[{"name":"wp","href":"https:\/\/api.w.org\/{rel}","templated":true}]}}