{"id":4588,"date":"2020-06-12T15:00:22","date_gmt":"2020-06-12T13:00:22","guid":{"rendered":"https:\/\/www.sunroom.it\/progetta-con-sunroom\/"},"modified":"2020-11-10T16:54:41","modified_gmt":"2020-11-10T15:54:41","slug":"concevoir-avec-sunroom","status":"publish","type":"page","link":"https:\/\/www.sunroom.it\/fr\/concevoir-avec-sunroom\/","title":{"rendered":"Concevoir avec Sunroom"},"content":{"rendered":"\n<div class=\"wp-block-atomic-blocks-ab-container page-header-block ab-block-container\"><div class=\"ab-container-inside\"><div class=\"ab-container-content\">\n<div class=\"wp-block-columns is-layout-flex wp-container-core-columns-is-layout-9d6595d7 wp-block-columns-is-layout-flex\">\n<div class=\"wp-block-column is-layout-flow wp-block-column-is-layout-flow\">\n<p>Tous les produits Sunroom sont <strong>con\u00e7us par notre \u00e9quipe<\/strong> afin que vous puissiez donner libre cours \u00e0 votre cr\u00e9ativit\u00e9. La vaste gamme de produits est fabriqu\u00e9e par notre personnel exp\u00e9riment\u00e9 qui supporte les professionnels du projet au produit fini. Depuis plus de 50 ans, nous d\u00e9veloppons la meilleure solution pour chacune de vos id\u00e9es et sommes toujours pr\u00eats \u00e0 \u00e9laborer des <strong>techniques de construction personnalis\u00e9es<\/strong> pour satisfaire tous les besoins de vos clients. Lib\u00e9rez votre cr\u00e9ativit\u00e9 avec les collections Sunroom&nbsp;!<\/p>\n\n\n\n<p><\/p>\n<\/div>\n\n\n\n<div class=\"wp-block-column is-layout-flow wp-block-column-is-layout-flow\">\n  <div class=\"login-form\"><div class=\"login-form-intro\"><h3>Acc\u00e9der <\/h3><\/div><div class=\"login-form-content\"><form name=\"loginform\" id=\"loginform\" action=\"https:\/\/www.sunroom.it\/wp-login.php\" method=\"post\"><p class=\"login-username\">\n\t\t\t\t<label for=\"user_login\">Identifiant ou adresse e-mail<\/label>\n\t\t\t\t<input type=\"text\" name=\"log\" id=\"user_login\" autocomplete=\"username\" class=\"input\" value=\"\" size=\"20\" \/>\n\t\t\t<\/p><p class=\"login-password\">\n\t\t\t\t<label for=\"user_pass\">Mot de passe<\/label>\n\t\t\t\t<input type=\"password\" name=\"pwd\" id=\"user_pass\" autocomplete=\"current-password\" spellcheck=\"false\" class=\"input\" value=\"\" size=\"20\" \/>\n\t\t\t<\/p><p class=\"login-remember\"><label><input name=\"rememberme\" type=\"checkbox\" id=\"rememberme\" value=\"forever\" \/> Se souvenir de moi<\/label><\/p><p class=\"login-submit\">\n\t\t\t\t<input type=\"submit\" name=\"wp-submit\" id=\"wp-submit\" class=\"button button-primary\" value=\"Se connecter\" \/>\n\t\t\t\t<input type=\"hidden\" name=\"redirect_to\" value=\"https:\/\/www.sunroom.it\/fr\/wp-json\/wp\/v2\/pages\/4588\" \/>\n\t\t\t<\/p><\/form>  <\/div>\n            <\/div>\n          \n<\/div>\n<\/div>\n<\/div><\/div><\/div>\n\n\n\n<div class=\"wp-block-atomic-blocks-ab-container full background ab-block-container\"><div class=\"ab-container-inside\"><div class=\"ab-container-content\">\n<div class=\"wp-block-atomic-blocks-ab-columns ab-layout-columns-2 ab-2-col-equal\"><div class=\"ab-layout-column-wrap ab-block-layout-column-gap-2 ab-is-responsive-column\">\n<div class=\"wp-block-atomic-blocks-ab-column ab-block-layout-column\"><div class=\"ab-block-layout-column-inner\">\n<h3 class=\"titolo-left wp-block-heading\">LIB\u00c9REZ VOTRE CR\u00c9ATIVIT\u00c9 AVEC LES COLLECTIONS SUNROOM<\/h3>\n\n\n\n<div class=\"wp-block-atomic-blocks-ab-columns icon ab-layout-columns-2 ab-2-col-wideright\"><div class=\"ab-layout-column-wrap ab-block-layout-column-gap-2 ab-is-responsive-column\">\n<div class=\"wp-block-atomic-blocks-ab-column ab-block-layout-column\"><div class=\"ab-block-layout-column-inner\">\n<figure class=\"wp-block-image size-large\"><img loading=\"lazy\" decoding=\"async\" width=\"168\" height=\"168\" src=\"https:\/\/www.sunroom.it\/wp-content\/uploads\/2020\/09\/icone-progettisti1b.png\" alt=\"\" class=\"wp-image-3311\" srcset=\"https:\/\/www.sunroom.it\/wp-content\/uploads\/2020\/09\/icone-progettisti1b.png 168w, https:\/\/www.sunroom.it\/wp-content\/uploads\/2020\/09\/icone-progettisti1b-150x150.png 150w, https:\/\/www.sunroom.it\/wp-content\/uploads\/2020\/09\/icone-progettisti1b-24x24.png 24w, https:\/\/www.sunroom.it\/wp-content\/uploads\/2020\/09\/icone-progettisti1b-36x36.png 36w, https:\/\/www.sunroom.it\/wp-content\/uploads\/2020\/09\/icone-progettisti1b-48x48.png 48w, https:\/\/www.sunroom.it\/wp-content\/uploads\/2020\/09\/icone-progettisti1b-100x100.png 100w\" sizes=\"auto, (max-width: 168px) 100vw, 168px\" \/><\/figure>\n<\/div><\/div>\n\n\n\n<div class=\"wp-block-atomic-blocks-ab-column ab-block-layout-column\"><div class=\"ab-block-layout-column-inner\">\n<p><strong>ASSISTANCE TECHNIQUE<\/strong> &gt; Assistance-conseil gratuite de notre \u00e9quipe technique qualifi\u00e9e qui, outre le d\u00e9veloppement de tous les produits, supporte les professionnels dans la r\u00e9alisation de leur projet individuel.<\/p>\n<\/div><\/div>\n<\/div><\/div>\n\n\n\n<div class=\"wp-block-atomic-blocks-ab-columns icon ab-layout-columns-2 ab-2-col-wideright\"><div class=\"ab-layout-column-wrap ab-block-layout-column-gap-2 ab-is-responsive-column\">\n<div class=\"wp-block-atomic-blocks-ab-column ab-block-layout-column\"><div class=\"ab-block-layout-column-inner\">\n<figure class=\"wp-block-image size-large\"><img loading=\"lazy\" decoding=\"async\" width=\"168\" height=\"168\" src=\"https:\/\/www.sunroom.it\/wp-content\/uploads\/2020\/09\/icone-progettisti2b.png\" alt=\"\" class=\"wp-image-3306\" srcset=\"https:\/\/www.sunroom.it\/wp-content\/uploads\/2020\/09\/icone-progettisti2b.png 168w, https:\/\/www.sunroom.it\/wp-content\/uploads\/2020\/09\/icone-progettisti2b-150x150.png 150w, https:\/\/www.sunroom.it\/wp-content\/uploads\/2020\/09\/icone-progettisti2b-24x24.png 24w, https:\/\/www.sunroom.it\/wp-content\/uploads\/2020\/09\/icone-progettisti2b-36x36.png 36w, https:\/\/www.sunroom.it\/wp-content\/uploads\/2020\/09\/icone-progettisti2b-48x48.png 48w, https:\/\/www.sunroom.it\/wp-content\/uploads\/2020\/09\/icone-progettisti2b-100x100.png 100w\" sizes=\"auto, (max-width: 168px) 100vw, 168px\" \/><\/figure>\n<\/div><\/div>\n\n\n\n<div class=\"wp-block-atomic-blocks-ab-column ab-block-layout-column\"><div class=\"ab-block-layout-column-inner\">\n<p><strong>DES SOLUTIONS SUR MESURE<\/strong> &gt; Choisir la solution la plus adapt\u00e9e en accompagnant le concepteur est notre travail&nbsp;! Nous utilisons les meilleurs logiciels de conception, \u00e9valuons avec le professionnel les d\u00e9tails du projet et les criticit\u00e9s \u00e9ventuelles et affrontons des th\u00e8mes environnementaux ou \u00e9nerg\u00e9tiques.<\/p>\n<\/div><\/div>\n<\/div><\/div>\n\n\n\n<div class=\"wp-block-atomic-blocks-ab-columns icon ab-layout-columns-2 ab-2-col-wideright\"><div class=\"ab-layout-column-wrap ab-block-layout-column-gap-2 ab-is-responsive-column\">\n<div class=\"wp-block-atomic-blocks-ab-column ab-block-layout-column\"><div class=\"ab-block-layout-column-inner\">\n<figure class=\"wp-block-image size-large\"><img loading=\"lazy\" decoding=\"async\" width=\"168\" height=\"168\" src=\"https:\/\/www.sunroom.it\/wp-content\/uploads\/2020\/09\/icone-progettisti3b.png\" alt=\"\" class=\"wp-image-3338\" srcset=\"https:\/\/www.sunroom.it\/wp-content\/uploads\/2020\/09\/icone-progettisti3b.png 168w, https:\/\/www.sunroom.it\/wp-content\/uploads\/2020\/09\/icone-progettisti3b-150x150.png 150w, https:\/\/www.sunroom.it\/wp-content\/uploads\/2020\/09\/icone-progettisti3b-24x24.png 24w, https:\/\/www.sunroom.it\/wp-content\/uploads\/2020\/09\/icone-progettisti3b-36x36.png 36w, https:\/\/www.sunroom.it\/wp-content\/uploads\/2020\/09\/icone-progettisti3b-48x48.png 48w, https:\/\/www.sunroom.it\/wp-content\/uploads\/2020\/09\/icone-progettisti3b-100x100.png 100w\" sizes=\"auto, (max-width: 168px) 100vw, 168px\" \/><\/figure>\n<\/div><\/div>\n\n\n\n<div class=\"wp-block-atomic-blocks-ab-column ab-block-layout-column\"><div class=\"ab-block-layout-column-inner\">\n<p><strong>DES MOD\u00c9LISATIONS 2D ET 3D <\/strong>&gt; Les fichiers 2D et 3D de nos produits sont disponibles dans votre ESPACE CLIENT, afin de faciliter votre travail lors de la conception.<\/p>\n<\/div><\/div>\n<\/div><\/div>\n\n\n\n<div class=\"wp-block-atomic-blocks-ab-columns icon ab-layout-columns-2 ab-2-col-wideright\"><div class=\"ab-layout-column-wrap ab-block-layout-column-gap-2 ab-is-responsive-column\">\n<div class=\"wp-block-atomic-blocks-ab-column ab-block-layout-column\"><div class=\"ab-block-layout-column-inner\">\n<figure class=\"wp-block-image size-large\"><img loading=\"lazy\" decoding=\"async\" width=\"168\" height=\"168\" src=\"https:\/\/www.sunroom.it\/wp-content\/uploads\/2020\/09\/icone-progettisti4b.png\" alt=\"\" class=\"wp-image-3343\" srcset=\"https:\/\/www.sunroom.it\/wp-content\/uploads\/2020\/09\/icone-progettisti4b.png 168w, https:\/\/www.sunroom.it\/wp-content\/uploads\/2020\/09\/icone-progettisti4b-150x150.png 150w, https:\/\/www.sunroom.it\/wp-content\/uploads\/2020\/09\/icone-progettisti4b-24x24.png 24w, https:\/\/www.sunroom.it\/wp-content\/uploads\/2020\/09\/icone-progettisti4b-36x36.png 36w, https:\/\/www.sunroom.it\/wp-content\/uploads\/2020\/09\/icone-progettisti4b-48x48.png 48w, https:\/\/www.sunroom.it\/wp-content\/uploads\/2020\/09\/icone-progettisti4b-100x100.png 100w\" sizes=\"auto, (max-width: 168px) 100vw, 168px\" \/><\/figure>\n<\/div><\/div>\n\n\n\n<div class=\"wp-block-atomic-blocks-ab-column ab-block-layout-column\"><div class=\"ab-block-layout-column-inner\">\n<p><strong>DES PARTENAIRES NATIONAUX ET INTERNATIONAUX <\/strong>&gt; Notre vaste r\u00e9seau de d\u00e9taillants et d&rsquo;installateurs sur le territoire national et \u00e0 l&rsquo;\u00e9tranger conna\u00eet parfaitement le terrain, les r\u00e9glementations locales et ses particularit\u00e9s. Il pourra ainsi soutenir et travailler avec les concepteurs qui le demandent.<\/p>\n<\/div><\/div>\n<\/div><\/div>\n<\/div><\/div>\n\n\n\n<div class=\"wp-block-atomic-blocks-ab-column ab-block-layout-column\"><div class=\"ab-block-layout-column-inner ab-has-custom-background-color\" style=\"background-color:#ffffff\">\n<h3 class=\"wp-block-heading\">S&rsquo;ENREGISTRER<\/h3>\n\n\n\n\n<div class=\"wpcf7 no-js\" id=\"wpcf7-f7240-o1\" lang=\"fr-FR\" dir=\"ltr\" data-wpcf7-id=\"7240\">\n<div class=\"screen-reader-response\"><p role=\"status\" aria-live=\"polite\" aria-atomic=\"true\"><\/p> <ul><\/ul><\/div>\n<form action=\"\/fr\/wp-json\/wp\/v2\/pages\/4588#wpcf7-f7240-o1\" method=\"post\" class=\"wpcf7-form init\" aria-label=\"Formulaire de contact\" novalidate=\"novalidate\" data-status=\"init\">\n<fieldset class=\"hidden-fields-container\"><input type=\"hidden\" name=\"_wpcf7\" value=\"7240\" \/><input type=\"hidden\" name=\"_wpcf7_version\" value=\"6.1.4\" \/><input type=\"hidden\" name=\"_wpcf7_locale\" value=\"fr_FR\" \/><input type=\"hidden\" name=\"_wpcf7_unit_tag\" value=\"wpcf7-f7240-o1\" \/><input type=\"hidden\" name=\"_wpcf7_container_post\" value=\"0\" \/><input type=\"hidden\" name=\"_wpcf7_posted_data_hash\" value=\"\" \/><input type=\"hidden\" name=\"_wpcf7dtx_version\" value=\"5.0.5\" \/><input type=\"hidden\" name=\"_wpcf7_recaptcha_response\" value=\"\" \/>\n<\/fieldset>\n<div class=\"fields\">\n\t<p><span class=\"wpcf7-form-control-wrap\" data-name=\"your-name\"><input size=\"40\" maxlength=\"400\" class=\"wpcf7-form-control wpcf7-text wpcf7-validates-as-required\" aria-required=\"true\" aria-invalid=\"false\" placeholder=\"pr\u00e9nom et nom de famille*\" value=\"\" type=\"text\" name=\"your-name\" \/><\/span><br \/>\n<span class=\"wpcf7-form-control-wrap\" data-name=\"azienda\"><input size=\"40\" maxlength=\"400\" class=\"wpcf7-form-control wpcf7-text wpcf7-validates-as-required\" aria-required=\"true\" aria-invalid=\"false\" placeholder=\"Entreprise*\" value=\"\" type=\"text\" name=\"azienda\" \/><\/span><br \/>\n<span class=\"wpcf7-form-control-wrap\" data-name=\"piva\"><input size=\"40\" maxlength=\"400\" class=\"wpcf7-form-control wpcf7-text wpcf7-validates-as-required\" aria-required=\"true\" aria-invalid=\"false\" placeholder=\"Num\u00e9ro de TVA*\" value=\"\" type=\"text\" name=\"piva\" \/><\/span><br \/>\n<span class=\"wpcf7-form-control-wrap\" data-name=\"indirizzo\"><input size=\"40\" maxlength=\"400\" class=\"wpcf7-form-control wpcf7-text wpcf7-validates-as-required\" aria-required=\"true\" aria-invalid=\"false\" placeholder=\"Adresse*\" value=\"\" type=\"text\" name=\"indirizzo\" \/><\/span><br \/>\n<span class=\"wpcf7-form-control-wrap\" data-name=\"citta\"><input size=\"40\" maxlength=\"400\" class=\"wpcf7-form-control wpcf7-text wpcf7-validates-as-required\" aria-required=\"true\" aria-invalid=\"false\" placeholder=\"Ville*\" value=\"\" type=\"text\" name=\"citta\" \/><\/span><br \/>\n<span class=\"wpcf7-form-control-wrap\" data-name=\"Provincia\"><input size=\"40\" maxlength=\"400\" class=\"wpcf7-form-control wpcf7-text wpcf7-validates-as-required\" aria-required=\"true\" aria-invalid=\"false\" placeholder=\"Province*\" value=\"\" type=\"text\" name=\"Provincia\" \/><\/span><br \/>\n<span class=\"wpcf7-form-control-wrap\" data-name=\"cap\"><input size=\"40\" maxlength=\"400\" class=\"wpcf7-form-control wpcf7-text wpcf7-validates-as-required\" aria-required=\"true\" aria-invalid=\"false\" placeholder=\"Code postal*\" value=\"\" type=\"text\" name=\"cap\" \/><\/span><br \/>\n<span class=\"wpcf7-form-control-wrap\" data-name=\"nazione\"><input size=\"40\" maxlength=\"400\" class=\"wpcf7-form-control wpcf7-text wpcf7-validates-as-required\" aria-required=\"true\" aria-invalid=\"false\" placeholder=\"Pays*\" value=\"\" type=\"text\" name=\"nazione\" \/><\/span><br \/>\n<span class=\"wpcf7-form-control-wrap\" data-name=\"telefono\"><input size=\"40\" maxlength=\"400\" class=\"wpcf7-form-control wpcf7-text wpcf7-validates-as-required\" aria-required=\"true\" aria-invalid=\"false\" placeholder=\"n\u00b0 de t\u00e9l\u00e9phone*\" value=\"\" type=\"text\" name=\"telefono\" \/><\/span><br \/>\n<span class=\"wpcf7-form-control-wrap\" data-name=\"your-email\"><input size=\"40\" maxlength=\"400\" class=\"wpcf7-form-control wpcf7-email wpcf7-validates-as-required wpcf7-text wpcf7-validates-as-email\" aria-required=\"true\" aria-invalid=\"false\" placeholder=\"E-mail*\" value=\"\" type=\"email\" name=\"your-email\" \/><\/span><br \/>\n<span class=\"wpcf7-form-control-wrap\" data-name=\"tipologia\"><select class=\"wpcf7-form-control wpcf7-select wpcf7-validates-as-required\" aria-required=\"true\" aria-invalid=\"false\" name=\"tipologia\"><option value=\"\">Tipologie*<\/option><option value=\"Revendeur\">Revendeur<\/option><option value=\"Concepteur\">Concepteur<\/option><\/select><\/span>\n\t<\/p>\n<\/div>\n<p><span class=\"wpcf7-form-control-wrap\" data-name=\"your-message\"><textarea cols=\"40\" rows=\"10\" maxlength=\"2000\" class=\"wpcf7-form-control wpcf7-textarea\" aria-invalid=\"false\" placeholder=\"Votre courriel\" name=\"your-message\"><\/textarea><\/span><br \/>\n<span class=\"wpcf7-form-control-wrap\" data-name=\"acceptance-885\"><span class=\"wpcf7-form-control wpcf7-acceptance\"><span class=\"wpcf7-list-item\"><label><input type=\"checkbox\" name=\"acceptance-885\" value=\"1\" aria-invalid=\"false\" \/><span class=\"wpcf7-list-item-label\">J'autorise le traitement de mes donn\u00e9es personnelles conform\u00e9ment au d\u00e9cret l\u00e9gislatif 196 du 30 juin 2003 et  Art. 13 Reg (UE) 2016\/679- <a href=\"privacy-policy\">Privacy policy<\/a><\/span><\/label><\/span><\/span><\/span><br \/>\n<input class=\"wpcf7-form-control wpcf7-submit has-spinner\" type=\"submit\" value=\"Envoyer\" \/>\n<\/p><div class=\"wpcf7-response-output\" aria-hidden=\"true\"><\/div>\n<\/form>\n<\/div>\n\n<\/div><\/div>\n<\/div><\/div>\n\n\n\n<p><\/p>\n<\/div><\/div><\/div>\n\n\n\n<div class=\"wp-block-atomic-blocks-ab-container full background bg-image-progetta ab-block-container\"><div class=\"ab-container-inside\"><div class=\"ab-container-content\">\n<div class=\"wp-block-columns is-layout-flex wp-container-core-columns-is-layout-9d6595d7 wp-block-columns-is-layout-flex\">\n<div class=\"wp-block-column is-layout-flow wp-block-column-is-layout-flow\" style=\"flex-basis:33.33%\">  <div class=\"login-form\"><div class=\"login-form-intro\"><h3>Concevoir avec Sunroom<\/h3><\/div><div class=\"login-form-content\"><form name=\"loginform\" id=\"loginform\" action=\"https:\/\/www.sunroom.it\/wp-login.php\" method=\"post\"><p class=\"login-username\">\n\t\t\t\t<label for=\"user_login\">Identifiant ou adresse e-mail<\/label>\n\t\t\t\t<input type=\"text\" name=\"log\" id=\"user_login\" autocomplete=\"username\" class=\"input\" value=\"\" size=\"20\" \/>\n\t\t\t<\/p><p class=\"login-password\">\n\t\t\t\t<label for=\"user_pass\">Mot de passe<\/label>\n\t\t\t\t<input type=\"password\" name=\"pwd\" id=\"user_pass\" autocomplete=\"current-password\" spellcheck=\"false\" class=\"input\" value=\"\" size=\"20\" \/>\n\t\t\t<\/p><p class=\"login-remember\"><label><input name=\"rememberme\" type=\"checkbox\" id=\"rememberme\" value=\"forever\" \/> Se souvenir de moi<\/label><\/p><p class=\"login-submit\">\n\t\t\t\t<input type=\"submit\" name=\"wp-submit\" id=\"wp-submit\" class=\"button button-primary\" value=\"Se connecter\" \/>\n\t\t\t\t<input type=\"hidden\" name=\"redirect_to\" value=\"https:\/\/www.sunroom.it\/fr\/wp-json\/wp\/v2\/pages\/4588\" \/>\n\t\t\t<\/p><\/form>  <\/div>\n            <\/div>\n          \n<\/div>\n\n\n\n<div class=\"wp-block-column is-layout-flow wp-block-column-is-layout-flow\" style=\"flex-basis:66.66%\"><\/div>\n<\/div>\n<\/div><\/div><\/div>\n","protected":false},"excerpt":{"rendered":"","protected":false},"author":1,"featured_media":0,"parent":0,"menu_order":0,"comment_status":"closed","ping_status":"closed","template":"","meta":{"_acf_changed":false,"footnotes":""},"class_list":["post-4588","page","type-page","status-publish","hentry"],"acf":[],"yoast_head":"<!-- This site is optimized with the Yoast SEO plugin v27.1 - https:\/\/yoast.com\/product\/yoast-seo-wordpress\/ -->\n<title>Concevoir avec Sunroom - Sunroom<\/title>\n<meta name=\"robots\" content=\"index, follow, max-snippet:-1, max-image-preview:large, max-video-preview:-1\" \/>\n<link rel=\"canonical\" href=\"https:\/\/www.sunroom.it\/fr\/concevoir-avec-sunroom\/\" \/>\n<meta property=\"og:locale\" content=\"fr_FR\" \/>\n<meta property=\"og:type\" content=\"article\" \/>\n<meta property=\"og:title\" content=\"Concevoir avec Sunroom - Sunroom\" \/>\n<meta property=\"og:url\" content=\"https:\/\/www.sunroom.it\/fr\/concevoir-avec-sunroom\/\" \/>\n<meta property=\"og:site_name\" content=\"Sunroom\" \/>\n<meta property=\"article:modified_time\" content=\"2020-11-10T15:54:41+00:00\" \/>\n<meta property=\"og:image\" content=\"https:\/\/www.sunroom.it\/wp-content\/uploads\/2020\/09\/icone-progettisti1b.png\" \/>\n<meta name=\"twitter:card\" content=\"summary_large_image\" \/>\n<meta name=\"twitter:label1\" content=\"Dur\u00e9e de lecture estim\u00e9e\" \/>\n\t<meta name=\"twitter:data1\" content=\"1 minute\" \/>\n<script type=\"application\/ld+json\" class=\"yoast-schema-graph\">{\"@context\":\"https:\/\/schema.org\",\"@graph\":[{\"@type\":\"WebPage\",\"@id\":\"https:\/\/www.sunroom.it\/fr\/concevoir-avec-sunroom\/\",\"url\":\"https:\/\/www.sunroom.it\/fr\/concevoir-avec-sunroom\/\",\"name\":\"Concevoir avec Sunroom - Sunroom\",\"isPartOf\":{\"@id\":\"https:\/\/www.sunroom.it\/it\/#website\"},\"primaryImageOfPage\":{\"@id\":\"https:\/\/www.sunroom.it\/fr\/concevoir-avec-sunroom\/#primaryimage\"},\"image\":{\"@id\":\"https:\/\/www.sunroom.it\/fr\/concevoir-avec-sunroom\/#primaryimage\"},\"thumbnailUrl\":\"https:\/\/www.sunroom.it\/wp-content\/uploads\/2020\/09\/icone-progettisti1b.png\",\"datePublished\":\"2020-06-12T13:00:22+00:00\",\"dateModified\":\"2020-11-10T15:54:41+00:00\",\"breadcrumb\":{\"@id\":\"https:\/\/www.sunroom.it\/fr\/concevoir-avec-sunroom\/#breadcrumb\"},\"inLanguage\":\"fr-FR\",\"potentialAction\":[{\"@type\":\"ReadAction\",\"target\":[\"https:\/\/www.sunroom.it\/fr\/concevoir-avec-sunroom\/\"]}]},{\"@type\":\"ImageObject\",\"inLanguage\":\"fr-FR\",\"@id\":\"https:\/\/www.sunroom.it\/fr\/concevoir-avec-sunroom\/#primaryimage\",\"url\":\"https:\/\/www.sunroom.it\/wp-content\/uploads\/2020\/09\/icone-progettisti1b.png\",\"contentUrl\":\"https:\/\/www.sunroom.it\/wp-content\/uploads\/2020\/09\/icone-progettisti1b.png\"},{\"@type\":\"BreadcrumbList\",\"@id\":\"https:\/\/www.sunroom.it\/fr\/concevoir-avec-sunroom\/#breadcrumb\",\"itemListElement\":[{\"@type\":\"ListItem\",\"position\":1,\"name\":\"Home\",\"item\":\"https:\/\/www.sunroom.it\/fr\/\"},{\"@type\":\"ListItem\",\"position\":2,\"name\":\"Concevoir avec Sunroom\"}]},{\"@type\":\"WebSite\",\"@id\":\"https:\/\/www.sunroom.it\/it\/#website\",\"url\":\"https:\/\/www.sunroom.it\/it\/\",\"name\":\"Sunroom\",\"description\":\"Sunroom\",\"publisher\":{\"@id\":\"https:\/\/www.sunroom.it\/it\/#organization\"},\"potentialAction\":[{\"@type\":\"SearchAction\",\"target\":{\"@type\":\"EntryPoint\",\"urlTemplate\":\"https:\/\/www.sunroom.it\/it\/?s={search_term_string}\"},\"query-input\":{\"@type\":\"PropertyValueSpecification\",\"valueRequired\":true,\"valueName\":\"search_term_string\"}}],\"inLanguage\":\"fr-FR\"},{\"@type\":\"Organization\",\"@id\":\"https:\/\/www.sunroom.it\/it\/#organization\",\"name\":\"Sunroom\",\"url\":\"https:\/\/www.sunroom.it\/it\/\",\"logo\":{\"@type\":\"ImageObject\",\"inLanguage\":\"fr-FR\",\"@id\":\"https:\/\/www.sunroom.it\/it\/#\/schema\/logo\/image\/\",\"url\":\"https:\/\/www.sunroom.it\/wp-content\/uploads\/2021\/07\/sunroom_260x70px.png\",\"contentUrl\":\"https:\/\/www.sunroom.it\/wp-content\/uploads\/2021\/07\/sunroom_260x70px.png\",\"width\":260,\"height\":70,\"caption\":\"Sunroom\"},\"image\":{\"@id\":\"https:\/\/www.sunroom.it\/it\/#\/schema\/logo\/image\/\"}}]}<\/script>\n<!-- \/ Yoast SEO plugin. -->","yoast_head_json":{"title":"Concevoir avec Sunroom - Sunroom","robots":{"index":"index","follow":"follow","max-snippet":"max-snippet:-1","max-image-preview":"max-image-preview:large","max-video-preview":"max-video-preview:-1"},"canonical":"https:\/\/www.sunroom.it\/fr\/concevoir-avec-sunroom\/","og_locale":"fr_FR","og_type":"article","og_title":"Concevoir avec Sunroom - Sunroom","og_url":"https:\/\/www.sunroom.it\/fr\/concevoir-avec-sunroom\/","og_site_name":"Sunroom","article_modified_time":"2020-11-10T15:54:41+00:00","og_image":[{"url":"https:\/\/www.sunroom.it\/wp-content\/uploads\/2020\/09\/icone-progettisti1b.png","type":"","width":"","height":""}],"twitter_card":"summary_large_image","twitter_misc":{"Dur\u00e9e de lecture estim\u00e9e":"1 minute"},"schema":{"@context":"https:\/\/schema.org","@graph":[{"@type":"WebPage","@id":"https:\/\/www.sunroom.it\/fr\/concevoir-avec-sunroom\/","url":"https:\/\/www.sunroom.it\/fr\/concevoir-avec-sunroom\/","name":"Concevoir avec Sunroom - Sunroom","isPartOf":{"@id":"https:\/\/www.sunroom.it\/it\/#website"},"primaryImageOfPage":{"@id":"https:\/\/www.sunroom.it\/fr\/concevoir-avec-sunroom\/#primaryimage"},"image":{"@id":"https:\/\/www.sunroom.it\/fr\/concevoir-avec-sunroom\/#primaryimage"},"thumbnailUrl":"https:\/\/www.sunroom.it\/wp-content\/uploads\/2020\/09\/icone-progettisti1b.png","datePublished":"2020-06-12T13:00:22+00:00","dateModified":"2020-11-10T15:54:41+00:00","breadcrumb":{"@id":"https:\/\/www.sunroom.it\/fr\/concevoir-avec-sunroom\/#breadcrumb"},"inLanguage":"fr-FR","potentialAction":[{"@type":"ReadAction","target":["https:\/\/www.sunroom.it\/fr\/concevoir-avec-sunroom\/"]}]},{"@type":"ImageObject","inLanguage":"fr-FR","@id":"https:\/\/www.sunroom.it\/fr\/concevoir-avec-sunroom\/#primaryimage","url":"https:\/\/www.sunroom.it\/wp-content\/uploads\/2020\/09\/icone-progettisti1b.png","contentUrl":"https:\/\/www.sunroom.it\/wp-content\/uploads\/2020\/09\/icone-progettisti1b.png"},{"@type":"BreadcrumbList","@id":"https:\/\/www.sunroom.it\/fr\/concevoir-avec-sunroom\/#breadcrumb","itemListElement":[{"@type":"ListItem","position":1,"name":"Home","item":"https:\/\/www.sunroom.it\/fr\/"},{"@type":"ListItem","position":2,"name":"Concevoir avec Sunroom"}]},{"@type":"WebSite","@id":"https:\/\/www.sunroom.it\/it\/#website","url":"https:\/\/www.sunroom.it\/it\/","name":"Sunroom","description":"Sunroom","publisher":{"@id":"https:\/\/www.sunroom.it\/it\/#organization"},"potentialAction":[{"@type":"SearchAction","target":{"@type":"EntryPoint","urlTemplate":"https:\/\/www.sunroom.it\/it\/?s={search_term_string}"},"query-input":{"@type":"PropertyValueSpecification","valueRequired":true,"valueName":"search_term_string"}}],"inLanguage":"fr-FR"},{"@type":"Organization","@id":"https:\/\/www.sunroom.it\/it\/#organization","name":"Sunroom","url":"https:\/\/www.sunroom.it\/it\/","logo":{"@type":"ImageObject","inLanguage":"fr-FR","@id":"https:\/\/www.sunroom.it\/it\/#\/schema\/logo\/image\/","url":"https:\/\/www.sunroom.it\/wp-content\/uploads\/2021\/07\/sunroom_260x70px.png","contentUrl":"https:\/\/www.sunroom.it\/wp-content\/uploads\/2021\/07\/sunroom_260x70px.png","width":260,"height":70,"caption":"Sunroom"},"image":{"@id":"https:\/\/www.sunroom.it\/it\/#\/schema\/logo\/image\/"}}]}},"featured_image_src":null,"featured_image_src_square":null,"_links":{"self":[{"href":"https:\/\/www.sunroom.it\/fr\/wp-json\/wp\/v2\/pages\/4588","targetHints":{"allow":["GET"]}}],"collection":[{"href":"https:\/\/www.sunroom.it\/fr\/wp-json\/wp\/v2\/pages"}],"about":[{"href":"https:\/\/www.sunroom.it\/fr\/wp-json\/wp\/v2\/types\/page"}],"author":[{"embeddable":true,"href":"https:\/\/www.sunroom.it\/fr\/wp-json\/wp\/v2\/users\/1"}],"replies":[{"embeddable":true,"href":"https:\/\/www.sunroom.it\/fr\/wp-json\/wp\/v2\/comments?post=4588"}],"version-history":[{"count":5,"href":"https:\/\/www.sunroom.it\/fr\/wp-json\/wp\/v2\/pages\/4588\/revisions"}],"predecessor-version":[{"id":7572,"href":"https:\/\/www.sunroom.it\/fr\/wp-json\/wp\/v2\/pages\/4588\/revisions\/7572"}],"wp:attachment":[{"href":"https:\/\/www.sunroom.it\/fr\/wp-json\/wp\/v2\/media?parent=4588"}],"curies":[{"name":"wp","href":"https:\/\/api.w.org\/{rel}","templated":true}]}}