



 {"id":9310,"date":"2021-09-20T09:54:11","date_gmt":"2021-09-20T07:54:11","guid":{"rendered":"https:\/\/www.sunroom.it\/?post_type=product&#038;p=9310"},"modified":"2023-05-10T06:35:36","modified_gmt":"2023-05-10T04:35:36","slug":"oskura-wp-orienta","status":"publish","type":"product","link":"https:\/\/www.sunroom.it\/es\/producto\/oskura-wp-orienta\/","title":{"rendered":"Oskura Orienta"},"content":{"rendered":"<p>Es la exclusiva <strong>p\u00e9rgola bioclim\u00e1tica con lamas orientables<\/strong> que ofrece el m\u00e1ximo confort y versatilidad para dejarte experimentar el lujo de vivir en la naturaleza.<\/p>\n<p>Gracias a su <strong>sistema de protecci\u00f3n solar<\/strong>, Oskura Orienta puede <strong>moderar la luz solar y el calor<\/strong> seg\u00fan la estaci\u00f3n y las necesidades, creando un <strong>bioclima<\/strong> <strong>interior ideal<\/strong>. Si buscas un proyecto que se adapte de forma uniforme al entorno natural, Oskura Orienta es perfecto porque su arquitectura inteligente crea un oasis en la naturaleza y redefine sus espacios para proporcionarte <strong>bienestar y confort en cada estaci\u00f3n.<\/strong><\/p>\n<p>Puedes <strong>personalizar<\/strong> tu p\u00e9rgola bioclim\u00e1tica con <strong>iluminaci\u00f3n led<\/strong>, <strong>cierres perimetrales<\/strong> <strong>de vidrio<\/strong> o <strong>sensores clim\u00e1ticos<\/strong>. Ideal para tu jard\u00edn, tu terraza o para vivir en cualquier tipo de espacio exterior, Oskura est\u00e1 disponible en dos versiones dependiendo del tama\u00f1o de la cubierta.<\/p>\n","protected":false},"excerpt":{"rendered":"<p>Es la exclusiva p\u00e9rgola bioclim\u00e1tica con lamas orientables que ofrece el m\u00e1ximo confort y versatilidad para dejarte experimentar el lujo de vivir en la naturaleza. Gracias a su sistema de protecci\u00f3n solar, Oskura Orienta puede moderar la luz solar y el calor seg\u00fan la estaci\u00f3n y las necesidades, creando un bioclima interior ideal. Si buscasLeggi di pi\u00f9<\/p>\n","protected":false},"featured_media":9393,"comment_status":"closed","ping_status":"closed","template":"","meta":{"_acf_changed":false},"product_brand":[],"product_cat":[144,140],"product_tag":[],"class_list":{"0":"post-9310","1":"product","2":"type-product","3":"status-publish","4":"has-post-thumbnail","6":"product_cat-pergolas-bioclimaticas","7":"product_cat-productos","9":"first","10":"instock","11":"product-type-simple"},"acf":[],"yoast_head":"<!-- This site is optimized with the Yoast SEO plugin v27.1 - https:\/\/yoast.com\/product\/yoast-seo-wordpress\/ -->\n<title>Oskura Orienta - Sunroom<\/title>\n<meta name=\"robots\" content=\"index, follow, max-snippet:-1, max-image-preview:large, max-video-preview:-1\" \/>\n<link rel=\"canonical\" href=\"https:\/\/www.sunroom.it\/it\/producto\/oskura-wp-orienta\/\" \/>\n<meta property=\"og:locale\" content=\"es_ES\" \/>\n<meta property=\"og:type\" content=\"article\" \/>\n<meta property=\"og:title\" content=\"Oskura Orienta - Sunroom\" \/>\n<meta property=\"og:description\" content=\"Es la exclusiva p\u00e9rgola bioclim\u00e1tica con lamas orientables que ofrece el m\u00e1ximo confort y versatilidad para dejarte experimentar el lujo de vivir en la naturaleza. Gracias a su sistema de protecci\u00f3n solar, Oskura Orienta puede moderar la luz solar y el calor seg\u00fan la estaci\u00f3n y las necesidades, creando un bioclima interior ideal. Si buscasLeggi di pi\u00f9\" \/>\n<meta property=\"og:url\" content=\"https:\/\/www.sunroom.it\/it\/producto\/oskura-wp-orienta\/\" \/>\n<meta property=\"og:site_name\" content=\"Sunroom\" \/>\n<meta property=\"article:modified_time\" content=\"2023-05-10T04:35:36+00:00\" \/>\n<meta property=\"og:image\" content=\"https:\/\/www.sunroom.it\/wp-content\/uploads\/2021\/09\/OSKURA-Orienta-A4_web_prodotto2.jpg\" \/>\n\t<meta property=\"og:image:width\" content=\"960\" \/>\n\t<meta property=\"og:image:height\" content=\"760\" \/>\n\t<meta property=\"og:image:type\" content=\"image\/jpeg\" \/>\n<meta name=\"twitter:card\" content=\"summary_large_image\" \/>\n<meta name=\"twitter:label1\" content=\"Tiempo de lectura\" \/>\n\t<meta name=\"twitter:data1\" content=\"1 minuto\" \/>\n<script type=\"application\/ld+json\" class=\"yoast-schema-graph\">{\"@context\":\"https:\/\/schema.org\",\"@graph\":[{\"@type\":\"WebPage\",\"@id\":\"https:\/\/www.sunroom.it\/it\/producto\/oskura-wp-orienta\/\",\"url\":\"https:\/\/www.sunroom.it\/it\/producto\/oskura-wp-orienta\/\",\"name\":\"Oskura Orienta - Sunroom\",\"isPartOf\":{\"@id\":\"https:\/\/www.sunroom.it\/it\/#website\"},\"primaryImageOfPage\":{\"@id\":\"https:\/\/www.sunroom.it\/it\/producto\/oskura-wp-orienta\/#primaryimage\"},\"image\":{\"@id\":\"https:\/\/www.sunroom.it\/it\/producto\/oskura-wp-orienta\/#primaryimage\"},\"thumbnailUrl\":\"https:\/\/www.sunroom.it\/wp-content\/uploads\/2021\/09\/OSKURA-Orienta-A4_web_prodotto2.jpg\",\"datePublished\":\"2021-09-20T07:54:11+00:00\",\"dateModified\":\"2023-05-10T04:35:36+00:00\",\"breadcrumb\":{\"@id\":\"https:\/\/www.sunroom.it\/it\/producto\/oskura-wp-orienta\/#breadcrumb\"},\"inLanguage\":\"es\",\"potentialAction\":[{\"@type\":\"ReadAction\",\"target\":[\"https:\/\/www.sunroom.it\/it\/producto\/oskura-wp-orienta\/\"]}]},{\"@type\":\"ImageObject\",\"inLanguage\":\"es\",\"@id\":\"https:\/\/www.sunroom.it\/it\/producto\/oskura-wp-orienta\/#primaryimage\",\"url\":\"https:\/\/www.sunroom.it\/wp-content\/uploads\/2021\/09\/OSKURA-Orienta-A4_web_prodotto2.jpg\",\"contentUrl\":\"https:\/\/www.sunroom.it\/wp-content\/uploads\/2021\/09\/OSKURA-Orienta-A4_web_prodotto2.jpg\",\"width\":960,\"height\":760},{\"@type\":\"BreadcrumbList\",\"@id\":\"https:\/\/www.sunroom.it\/it\/producto\/oskura-wp-orienta\/#breadcrumb\",\"itemListElement\":[{\"@type\":\"ListItem\",\"position\":1,\"name\":\"Home\",\"item\":\"https:\/\/www.sunroom.it\/es\/\"},{\"@type\":\"ListItem\",\"position\":2,\"name\":\"Tienda\",\"item\":\"https:\/\/www.sunroom.it\/es\/tienda\/\"},{\"@type\":\"ListItem\",\"position\":3,\"name\":\"Oskura Orienta\"}]},{\"@type\":\"WebSite\",\"@id\":\"https:\/\/www.sunroom.it\/it\/#website\",\"url\":\"https:\/\/www.sunroom.it\/it\/\",\"name\":\"Sunroom\",\"description\":\"Sunroom\",\"publisher\":{\"@id\":\"https:\/\/www.sunroom.it\/it\/#organization\"},\"potentialAction\":[{\"@type\":\"SearchAction\",\"target\":{\"@type\":\"EntryPoint\",\"urlTemplate\":\"https:\/\/www.sunroom.it\/it\/?s={search_term_string}\"},\"query-input\":{\"@type\":\"PropertyValueSpecification\",\"valueRequired\":true,\"valueName\":\"search_term_string\"}}],\"inLanguage\":\"es\"},{\"@type\":\"Organization\",\"@id\":\"https:\/\/www.sunroom.it\/it\/#organization\",\"name\":\"Sunroom\",\"url\":\"https:\/\/www.sunroom.it\/it\/\",\"logo\":{\"@type\":\"ImageObject\",\"inLanguage\":\"es\",\"@id\":\"https:\/\/www.sunroom.it\/it\/#\/schema\/logo\/image\/\",\"url\":\"https:\/\/www.sunroom.it\/wp-content\/uploads\/2021\/07\/sunroom_260x70px.png\",\"contentUrl\":\"https:\/\/www.sunroom.it\/wp-content\/uploads\/2021\/07\/sunroom_260x70px.png\",\"width\":260,\"height\":70,\"caption\":\"Sunroom\"},\"image\":{\"@id\":\"https:\/\/www.sunroom.it\/it\/#\/schema\/logo\/image\/\"}}]}<\/script>\n<!-- \/ Yoast SEO plugin. -->","yoast_head_json":{"title":"Oskura Orienta - Sunroom","robots":{"index":"index","follow":"follow","max-snippet":"max-snippet:-1","max-image-preview":"max-image-preview:large","max-video-preview":"max-video-preview:-1"},"canonical":"https:\/\/www.sunroom.it\/it\/producto\/oskura-wp-orienta\/","og_locale":"es_ES","og_type":"article","og_title":"Oskura Orienta - Sunroom","og_description":"Es la exclusiva p\u00e9rgola bioclim\u00e1tica con lamas orientables que ofrece el m\u00e1ximo confort y versatilidad para dejarte experimentar el lujo de vivir en la naturaleza. Gracias a su sistema de protecci\u00f3n solar, Oskura Orienta puede moderar la luz solar y el calor seg\u00fan la estaci\u00f3n y las necesidades, creando un bioclima interior ideal. Si buscasLeggi di pi\u00f9","og_url":"https:\/\/www.sunroom.it\/it\/producto\/oskura-wp-orienta\/","og_site_name":"Sunroom","article_modified_time":"2023-05-10T04:35:36+00:00","og_image":[{"width":960,"height":760,"url":"https:\/\/www.sunroom.it\/wp-content\/uploads\/2021\/09\/OSKURA-Orienta-A4_web_prodotto2.jpg","type":"image\/jpeg"}],"twitter_card":"summary_large_image","twitter_misc":{"Tiempo de lectura":"1 minuto"},"schema":{"@context":"https:\/\/schema.org","@graph":[{"@type":"WebPage","@id":"https:\/\/www.sunroom.it\/it\/producto\/oskura-wp-orienta\/","url":"https:\/\/www.sunroom.it\/it\/producto\/oskura-wp-orienta\/","name":"Oskura Orienta - Sunroom","isPartOf":{"@id":"https:\/\/www.sunroom.it\/it\/#website"},"primaryImageOfPage":{"@id":"https:\/\/www.sunroom.it\/it\/producto\/oskura-wp-orienta\/#primaryimage"},"image":{"@id":"https:\/\/www.sunroom.it\/it\/producto\/oskura-wp-orienta\/#primaryimage"},"thumbnailUrl":"https:\/\/www.sunroom.it\/wp-content\/uploads\/2021\/09\/OSKURA-Orienta-A4_web_prodotto2.jpg","datePublished":"2021-09-20T07:54:11+00:00","dateModified":"2023-05-10T04:35:36+00:00","breadcrumb":{"@id":"https:\/\/www.sunroom.it\/it\/producto\/oskura-wp-orienta\/#breadcrumb"},"inLanguage":"es","potentialAction":[{"@type":"ReadAction","target":["https:\/\/www.sunroom.it\/it\/producto\/oskura-wp-orienta\/"]}]},{"@type":"ImageObject","inLanguage":"es","@id":"https:\/\/www.sunroom.it\/it\/producto\/oskura-wp-orienta\/#primaryimage","url":"https:\/\/www.sunroom.it\/wp-content\/uploads\/2021\/09\/OSKURA-Orienta-A4_web_prodotto2.jpg","contentUrl":"https:\/\/www.sunroom.it\/wp-content\/uploads\/2021\/09\/OSKURA-Orienta-A4_web_prodotto2.jpg","width":960,"height":760},{"@type":"BreadcrumbList","@id":"https:\/\/www.sunroom.it\/it\/producto\/oskura-wp-orienta\/#breadcrumb","itemListElement":[{"@type":"ListItem","position":1,"name":"Home","item":"https:\/\/www.sunroom.it\/es\/"},{"@type":"ListItem","position":2,"name":"Tienda","item":"https:\/\/www.sunroom.it\/es\/tienda\/"},{"@type":"ListItem","position":3,"name":"Oskura Orienta"}]},{"@type":"WebSite","@id":"https:\/\/www.sunroom.it\/it\/#website","url":"https:\/\/www.sunroom.it\/it\/","name":"Sunroom","description":"Sunroom","publisher":{"@id":"https:\/\/www.sunroom.it\/it\/#organization"},"potentialAction":[{"@type":"SearchAction","target":{"@type":"EntryPoint","urlTemplate":"https:\/\/www.sunroom.it\/it\/?s={search_term_string}"},"query-input":{"@type":"PropertyValueSpecification","valueRequired":true,"valueName":"search_term_string"}}],"inLanguage":"es"},{"@type":"Organization","@id":"https:\/\/www.sunroom.it\/it\/#organization","name":"Sunroom","url":"https:\/\/www.sunroom.it\/it\/","logo":{"@type":"ImageObject","inLanguage":"es","@id":"https:\/\/www.sunroom.it\/it\/#\/schema\/logo\/image\/","url":"https:\/\/www.sunroom.it\/wp-content\/uploads\/2021\/07\/sunroom_260x70px.png","contentUrl":"https:\/\/www.sunroom.it\/wp-content\/uploads\/2021\/07\/sunroom_260x70px.png","width":260,"height":70,"caption":"Sunroom"},"image":{"@id":"https:\/\/www.sunroom.it\/it\/#\/schema\/logo\/image\/"}}]}},"_links":{"self":[{"href":"https:\/\/www.sunroom.it\/es\/wp-json\/wp\/v2\/product\/9310","targetHints":{"allow":["GET"]}}],"collection":[{"href":"https:\/\/www.sunroom.it\/es\/wp-json\/wp\/v2\/product"}],"about":[{"href":"https:\/\/www.sunroom.it\/es\/wp-json\/wp\/v2\/types\/product"}],"replies":[{"embeddable":true,"href":"https:\/\/www.sunroom.it\/es\/wp-json\/wp\/v2\/comments?post=9310"}],"wp:featuredmedia":[{"embeddable":true,"href":"https:\/\/www.sunroom.it\/es\/wp-json\/wp\/v2\/media\/9393"}],"wp:attachment":[{"href":"https:\/\/www.sunroom.it\/es\/wp-json\/wp\/v2\/media?parent=9310"}],"wp:term":[{"taxonomy":"product_brand","embeddable":true,"href":"https:\/\/www.sunroom.it\/es\/wp-json\/wp\/v2\/product_brand?post=9310"},{"taxonomy":"product_cat","embeddable":true,"href":"https:\/\/www.sunroom.it\/es\/wp-json\/wp\/v2\/product_cat?post=9310"},{"taxonomy":"product_tag","embeddable":true,"href":"https:\/\/www.sunroom.it\/es\/wp-json\/wp\/v2\/product_tag?post=9310"}],"curies":[{"name":"wp","href":"https:\/\/api.w.org\/{rel}","templated":true}]}}