{"id":8915,"date":"2021-06-15T18:21:07","date_gmt":"2021-06-15T16:21:07","guid":{"rendered":"https:\/\/www.sunroom.it\/prodotto\/modello-x-4-env-1627-classe-2\/"},"modified":"2021-07-19T16:43:15","modified_gmt":"2021-07-19T14:43:15","slug":"modello-x-4-env-1627-classe-2","status":"publish","type":"product","link":"https:\/\/www.sunroom.it\/es\/producto\/modello-x-4-env-1627-classe-2\/","title":{"rendered":"Modelo X.4"},"content":{"rendered":"<h4>\u00a0(ENV 1627 &#8211; CLASE 2)<\/h4>\n<p>La reja de seguridad empaquetable PR\u00c6SIDIUM<sup>\u00ae<\/sup>\u00a0es un art\u00edculo creado para dar respuesta a unas necesidades muy determinadas, concebido para introducir importantes innovaciones en el sector de la seguridad para puertas y ventanas:<\/p>\n<ul>\n<li><strong>Seguridad:<\/strong><br \/>\neficaz barrera antiefracci\u00f3n para puertas, ventanas y escaparates de tiendas.<\/li>\n<li><strong>Funcionalidad:<\/strong><br \/>\nsegura y f\u00e1cil de maniobrar al abrirla y al cerrarla.<\/li>\n<li><strong>Sobriedad:<\/strong><br \/>\nestructura austera para tapar lo menos posible la visi\u00f3n.<\/li>\n<li><strong>Adaptabilidad:<\/strong><br \/>\nestructura racional y elegante que se adapta f\u00e1cilmente a los m\u00e1s diversos estilos arquitect\u00f3nicos.<\/li>\n<\/ul>\n<p>La reja PR\u00c6SIDIUM<sup>\u00ae<\/sup>\u00a0es la soluci\u00f3n ideal para proteger puertas, ventanas y escaparates de tiendas con la\u00a0<strong>m\u00e1xima seguridad, discreci\u00f3n y funcionalidad<\/strong>: se puede abrir del todo, se recoge \u201cen acorde\u00f3n\u201d con gran facilidad hacia un lado o hacia los dos dejando el hueco completamente libre y, cuando se desea tranquilidad y seguridad, se cierra en un momento gracias al\u00a0<strong>sistema corredero patentado<\/strong>\u00a0y a la<strong>cerradura especial que fija y bloquea las hojas por tres puntos<\/strong>.<strong>\u00a0<\/strong><strong><br \/>\n<\/strong><\/p>\n<p><strong>PATENTE EUROPEA N\u00ba 557 254<\/strong><\/p>\n<p>Para garantizar la resistencia frente al corte y cualquier intento de efracci\u00f3n los perfiles est\u00e1n blindados en su interior con barras giratorias de acero galvanizado. Las palancas horizontales son de acero carbonitrurado (anticorte), est\u00e1n galvanizadas y pintadas con polvos de poli\u00e9ster y, por consiguiente, resultan invulnerables frente a la acci\u00f3n de cualquier substancia corrosiva (lo acredita la correspondiente certificaci\u00f3n) y est\u00e1n conectadas entre s\u00ed por medio de varas met\u00e1licas perfiladas e inoxidables.<\/p>\n<p>El escaso espacio que ocupa en profundidad permite la instalaci\u00f3n de la reja en todo tipo de cerramiento, incluidas las persianas.<\/p>\n<p>Gracias a las reducidas dimensiones del paquete, la reja puede desaparecer de la vista aloj\u00e1ndose en una peque\u00f1a oquedad practicada en la pared.<\/p>\n<p>Todas las rejas de seguridad Praesidium tienen, en los colores de serie, las palancas de conexi\u00f3n oblicuas a juego con la estructura de la reja. Bajo pedido, las palancas de conexi\u00f3n se pueden fabricar con acero inoxidable (material especialmente adecuado para zonas con una alta concentraci\u00f3n salina).<\/p>\n<p><strong>Modelo X.4 (ENV 1627 &#8211; CLASE 2)<\/strong><\/p>\n<p><strong>Profundidad del bastidor:<\/strong>\u00a045 mm.<br \/>\n<strong>Barras giratorias:<\/strong>\u00a06 mm de di\u00e1metro.<br \/>\n<strong>Cerradura con tratamiento anticorrosi\u00f3n.<\/strong><br \/>\n<strong>Cilindro de seguridad antitaladro.<\/strong><br \/>\n<strong>Palancas cruzadas.<\/strong><\/p>\n","protected":false},"excerpt":{"rendered":"<p>\u00a0(ENV 1627 &#8211; CLASE 2) La reja de seguridad empaquetable PR\u00c6SIDIUM\u00ae\u00a0es un art\u00edculo creado para dar respuesta a unas necesidades muy determinadas, concebido para introducir importantes innovaciones en el sector de la seguridad para puertas y ventanas: Seguridad: eficaz barrera antiefracci\u00f3n para puertas, ventanas y escaparates de tiendas. Funcionalidad: segura y f\u00e1cil de maniobrar alLeggi di pi\u00f9<\/p>\n","protected":false},"featured_media":8778,"comment_status":"closed","ping_status":"closed","template":"","meta":{"_acf_changed":false},"product_brand":[],"product_cat":[334],"product_tag":[],"class_list":{"0":"post-8915","1":"product","2":"type-product","3":"status-publish","4":"has-post-thumbnail","6":"product_cat-praesidium-es","8":"first","9":"instock","10":"shipping-taxable","11":"product-type-simple"},"acf":[],"yoast_head":"<!-- This site is optimized with the Yoast SEO plugin v27.1 - https:\/\/yoast.com\/product\/yoast-seo-wordpress\/ -->\n<title>Modelo X.4 - Sunroom<\/title>\n<meta name=\"robots\" content=\"index, follow, max-snippet:-1, max-image-preview:large, max-video-preview:-1\" \/>\n<link rel=\"canonical\" href=\"https:\/\/www.sunroom.it\/it\/producto\/modello-x-4-env-1627-classe-2\/\" \/>\n<meta property=\"og:locale\" content=\"es_ES\" \/>\n<meta property=\"og:type\" content=\"article\" \/>\n<meta property=\"og:title\" content=\"Modelo X.4 - Sunroom\" \/>\n<meta property=\"og:description\" content=\"\u00a0(ENV 1627 &#8211; CLASE 2) La reja de seguridad empaquetable PR\u00c6SIDIUM\u00ae\u00a0es un art\u00edculo creado para dar respuesta a unas necesidades muy determinadas, concebido para introducir importantes innovaciones en el sector de la seguridad para puertas y ventanas: Seguridad: eficaz barrera antiefracci\u00f3n para puertas, ventanas y escaparates de tiendas. Funcionalidad: segura y f\u00e1cil de maniobrar alLeggi di pi\u00f9\" \/>\n<meta property=\"og:url\" content=\"https:\/\/www.sunroom.it\/it\/producto\/modello-x-4-env-1627-classe-2\/\" \/>\n<meta property=\"og:site_name\" content=\"Sunroom\" \/>\n<meta property=\"article:modified_time\" content=\"2021-07-19T14:43:15+00:00\" \/>\n<meta property=\"og:image\" content=\"https:\/\/www.sunroom.it\/wp-content\/uploads\/2021\/06\/X4.ANTEPRIMA3.jpg\" \/>\n\t<meta property=\"og:image:width\" content=\"960\" \/>\n\t<meta property=\"og:image:height\" content=\"760\" \/>\n\t<meta property=\"og:image:type\" content=\"image\/jpeg\" \/>\n<meta name=\"twitter:card\" content=\"summary_large_image\" \/>\n<meta name=\"twitter:label1\" content=\"Tiempo de lectura\" \/>\n\t<meta name=\"twitter:data1\" content=\"2 minutos\" \/>\n<script type=\"application\/ld+json\" class=\"yoast-schema-graph\">{\"@context\":\"https:\/\/schema.org\",\"@graph\":[{\"@type\":\"WebPage\",\"@id\":\"https:\/\/www.sunroom.it\/it\/producto\/modello-x-4-env-1627-classe-2\/\",\"url\":\"https:\/\/www.sunroom.it\/it\/producto\/modello-x-4-env-1627-classe-2\/\",\"name\":\"Modelo X.4 - Sunroom\",\"isPartOf\":{\"@id\":\"https:\/\/www.sunroom.it\/it\/#website\"},\"primaryImageOfPage\":{\"@id\":\"https:\/\/www.sunroom.it\/it\/producto\/modello-x-4-env-1627-classe-2\/#primaryimage\"},\"image\":{\"@id\":\"https:\/\/www.sunroom.it\/it\/producto\/modello-x-4-env-1627-classe-2\/#primaryimage\"},\"thumbnailUrl\":\"https:\/\/www.sunroom.it\/wp-content\/uploads\/2021\/06\/X4.ANTEPRIMA3.jpg\",\"datePublished\":\"2021-06-15T16:21:07+00:00\",\"dateModified\":\"2021-07-19T14:43:15+00:00\",\"breadcrumb\":{\"@id\":\"https:\/\/www.sunroom.it\/it\/producto\/modello-x-4-env-1627-classe-2\/#breadcrumb\"},\"inLanguage\":\"es\",\"potentialAction\":[{\"@type\":\"ReadAction\",\"target\":[\"https:\/\/www.sunroom.it\/it\/producto\/modello-x-4-env-1627-classe-2\/\"]}]},{\"@type\":\"ImageObject\",\"inLanguage\":\"es\",\"@id\":\"https:\/\/www.sunroom.it\/it\/producto\/modello-x-4-env-1627-classe-2\/#primaryimage\",\"url\":\"https:\/\/www.sunroom.it\/wp-content\/uploads\/2021\/06\/X4.ANTEPRIMA3.jpg\",\"contentUrl\":\"https:\/\/www.sunroom.it\/wp-content\/uploads\/2021\/06\/X4.ANTEPRIMA3.jpg\",\"width\":960,\"height\":760},{\"@type\":\"BreadcrumbList\",\"@id\":\"https:\/\/www.sunroom.it\/it\/producto\/modello-x-4-env-1627-classe-2\/#breadcrumb\",\"itemListElement\":[{\"@type\":\"ListItem\",\"position\":1,\"name\":\"Home\",\"item\":\"https:\/\/www.sunroom.it\/es\/\"},{\"@type\":\"ListItem\",\"position\":2,\"name\":\"Tienda\",\"item\":\"https:\/\/www.sunroom.it\/es\/tienda\/\"},{\"@type\":\"ListItem\",\"position\":3,\"name\":\"Modelo X.4\"}]},{\"@type\":\"WebSite\",\"@id\":\"https:\/\/www.sunroom.it\/it\/#website\",\"url\":\"https:\/\/www.sunroom.it\/it\/\",\"name\":\"Sunroom\",\"description\":\"Sunroom\",\"publisher\":{\"@id\":\"https:\/\/www.sunroom.it\/it\/#organization\"},\"potentialAction\":[{\"@type\":\"SearchAction\",\"target\":{\"@type\":\"EntryPoint\",\"urlTemplate\":\"https:\/\/www.sunroom.it\/it\/?s={search_term_string}\"},\"query-input\":{\"@type\":\"PropertyValueSpecification\",\"valueRequired\":true,\"valueName\":\"search_term_string\"}}],\"inLanguage\":\"es\"},{\"@type\":\"Organization\",\"@id\":\"https:\/\/www.sunroom.it\/it\/#organization\",\"name\":\"Sunroom\",\"url\":\"https:\/\/www.sunroom.it\/it\/\",\"logo\":{\"@type\":\"ImageObject\",\"inLanguage\":\"es\",\"@id\":\"https:\/\/www.sunroom.it\/it\/#\/schema\/logo\/image\/\",\"url\":\"https:\/\/www.sunroom.it\/wp-content\/uploads\/2021\/07\/sunroom_260x70px.png\",\"contentUrl\":\"https:\/\/www.sunroom.it\/wp-content\/uploads\/2021\/07\/sunroom_260x70px.png\",\"width\":260,\"height\":70,\"caption\":\"Sunroom\"},\"image\":{\"@id\":\"https:\/\/www.sunroom.it\/it\/#\/schema\/logo\/image\/\"}}]}<\/script>\n<!-- \/ Yoast SEO plugin. -->","yoast_head_json":{"title":"Modelo X.4 - Sunroom","robots":{"index":"index","follow":"follow","max-snippet":"max-snippet:-1","max-image-preview":"max-image-preview:large","max-video-preview":"max-video-preview:-1"},"canonical":"https:\/\/www.sunroom.it\/it\/producto\/modello-x-4-env-1627-classe-2\/","og_locale":"es_ES","og_type":"article","og_title":"Modelo X.4 - Sunroom","og_description":"\u00a0(ENV 1627 &#8211; CLASE 2) La reja de seguridad empaquetable PR\u00c6SIDIUM\u00ae\u00a0es un art\u00edculo creado para dar respuesta a unas necesidades muy determinadas, concebido para introducir importantes innovaciones en el sector de la seguridad para puertas y ventanas: Seguridad: eficaz barrera antiefracci\u00f3n para puertas, ventanas y escaparates de tiendas. Funcionalidad: segura y f\u00e1cil de maniobrar alLeggi di pi\u00f9","og_url":"https:\/\/www.sunroom.it\/it\/producto\/modello-x-4-env-1627-classe-2\/","og_site_name":"Sunroom","article_modified_time":"2021-07-19T14:43:15+00:00","og_image":[{"width":960,"height":760,"url":"https:\/\/www.sunroom.it\/wp-content\/uploads\/2021\/06\/X4.ANTEPRIMA3.jpg","type":"image\/jpeg"}],"twitter_card":"summary_large_image","twitter_misc":{"Tiempo de lectura":"2 minutos"},"schema":{"@context":"https:\/\/schema.org","@graph":[{"@type":"WebPage","@id":"https:\/\/www.sunroom.it\/it\/producto\/modello-x-4-env-1627-classe-2\/","url":"https:\/\/www.sunroom.it\/it\/producto\/modello-x-4-env-1627-classe-2\/","name":"Modelo X.4 - Sunroom","isPartOf":{"@id":"https:\/\/www.sunroom.it\/it\/#website"},"primaryImageOfPage":{"@id":"https:\/\/www.sunroom.it\/it\/producto\/modello-x-4-env-1627-classe-2\/#primaryimage"},"image":{"@id":"https:\/\/www.sunroom.it\/it\/producto\/modello-x-4-env-1627-classe-2\/#primaryimage"},"thumbnailUrl":"https:\/\/www.sunroom.it\/wp-content\/uploads\/2021\/06\/X4.ANTEPRIMA3.jpg","datePublished":"2021-06-15T16:21:07+00:00","dateModified":"2021-07-19T14:43:15+00:00","breadcrumb":{"@id":"https:\/\/www.sunroom.it\/it\/producto\/modello-x-4-env-1627-classe-2\/#breadcrumb"},"inLanguage":"es","potentialAction":[{"@type":"ReadAction","target":["https:\/\/www.sunroom.it\/it\/producto\/modello-x-4-env-1627-classe-2\/"]}]},{"@type":"ImageObject","inLanguage":"es","@id":"https:\/\/www.sunroom.it\/it\/producto\/modello-x-4-env-1627-classe-2\/#primaryimage","url":"https:\/\/www.sunroom.it\/wp-content\/uploads\/2021\/06\/X4.ANTEPRIMA3.jpg","contentUrl":"https:\/\/www.sunroom.it\/wp-content\/uploads\/2021\/06\/X4.ANTEPRIMA3.jpg","width":960,"height":760},{"@type":"BreadcrumbList","@id":"https:\/\/www.sunroom.it\/it\/producto\/modello-x-4-env-1627-classe-2\/#breadcrumb","itemListElement":[{"@type":"ListItem","position":1,"name":"Home","item":"https:\/\/www.sunroom.it\/es\/"},{"@type":"ListItem","position":2,"name":"Tienda","item":"https:\/\/www.sunroom.it\/es\/tienda\/"},{"@type":"ListItem","position":3,"name":"Modelo X.4"}]},{"@type":"WebSite","@id":"https:\/\/www.sunroom.it\/it\/#website","url":"https:\/\/www.sunroom.it\/it\/","name":"Sunroom","description":"Sunroom","publisher":{"@id":"https:\/\/www.sunroom.it\/it\/#organization"},"potentialAction":[{"@type":"SearchAction","target":{"@type":"EntryPoint","urlTemplate":"https:\/\/www.sunroom.it\/it\/?s={search_term_string}"},"query-input":{"@type":"PropertyValueSpecification","valueRequired":true,"valueName":"search_term_string"}}],"inLanguage":"es"},{"@type":"Organization","@id":"https:\/\/www.sunroom.it\/it\/#organization","name":"Sunroom","url":"https:\/\/www.sunroom.it\/it\/","logo":{"@type":"ImageObject","inLanguage":"es","@id":"https:\/\/www.sunroom.it\/it\/#\/schema\/logo\/image\/","url":"https:\/\/www.sunroom.it\/wp-content\/uploads\/2021\/07\/sunroom_260x70px.png","contentUrl":"https:\/\/www.sunroom.it\/wp-content\/uploads\/2021\/07\/sunroom_260x70px.png","width":260,"height":70,"caption":"Sunroom"},"image":{"@id":"https:\/\/www.sunroom.it\/it\/#\/schema\/logo\/image\/"}}]}},"_links":{"self":[{"href":"https:\/\/www.sunroom.it\/es\/wp-json\/wp\/v2\/product\/8915","targetHints":{"allow":["GET"]}}],"collection":[{"href":"https:\/\/www.sunroom.it\/es\/wp-json\/wp\/v2\/product"}],"about":[{"href":"https:\/\/www.sunroom.it\/es\/wp-json\/wp\/v2\/types\/product"}],"replies":[{"embeddable":true,"href":"https:\/\/www.sunroom.it\/es\/wp-json\/wp\/v2\/comments?post=8915"}],"wp:featuredmedia":[{"embeddable":true,"href":"https:\/\/www.sunroom.it\/es\/wp-json\/wp\/v2\/media\/8778"}],"wp:attachment":[{"href":"https:\/\/www.sunroom.it\/es\/wp-json\/wp\/v2\/media?parent=8915"}],"wp:term":[{"taxonomy":"product_brand","embeddable":true,"href":"https:\/\/www.sunroom.it\/es\/wp-json\/wp\/v2\/product_brand?post=8915"},{"taxonomy":"product_cat","embeddable":true,"href":"https:\/\/www.sunroom.it\/es\/wp-json\/wp\/v2\/product_cat?post=8915"},{"taxonomy":"product_tag","embeddable":true,"href":"https:\/\/www.sunroom.it\/es\/wp-json\/wp\/v2\/product_tag?post=8915"}],"curies":[{"name":"wp","href":"https:\/\/api.w.org\/{rel}","templated":true}]}}