{"id":8899,"date":"2021-06-15T16:05:16","date_gmt":"2021-06-15T14:05:16","guid":{"rendered":"https:\/\/www.sunroom.it\/prodotto\/modello-fissa-env-1627-classe-2\/"},"modified":"2021-07-19T16:22:37","modified_gmt":"2021-07-19T14:22:37","slug":"modello-fissa-env-1627-classe-2","status":"publish","type":"product","link":"https:\/\/www.sunroom.it\/es\/producto\/modello-fissa-env-1627-classe-2\/","title":{"rendered":"Modelo FISSA"},"content":{"rendered":"<h3>\u00a0(ENV 1627 &#8211; CLASE 2)<\/h3>\n<p>La reja de seguridad empaquetable PR\u00c6SIDIUM<sup>\u00ae<\/sup>\u00a0es un art\u00edculo creado para dar respuesta a unas necesidades muy determinadas, concebido para introducir importantes innovaciones en el sector de la seguridad para puertas y ventanas:<\/p>\n<ul>\n<li><strong>Seguridad:<\/strong><br \/>\neficaz barrera antiefracci\u00f3n para puertas, ventanas y escaparates de tiendas.<\/li>\n<li><strong>Funcionalidad:<\/strong><br \/>\nsegura y f\u00e1cil de maniobrar al abrirla y al cerrarla.<\/li>\n<li><strong>Sobriedad:<\/strong><br \/>\nestructura austera para tapar lo menos posible la visi\u00f3n.<\/li>\n<li><strong>Adaptabilidad:<\/strong><br \/>\nestructura racional y elegante que se adapta f\u00e1cilmente a los m\u00e1s diversos estilos arquitect\u00f3nicos.<\/li>\n<\/ul>\n<p>La reja PR\u00c6SIDIUM<sup>\u00ae<\/sup>\u00a0es la soluci\u00f3n ideal para proteger puertas, ventanas y escaparates de tiendas con la\u00a0<strong>m\u00e1xima seguridad, discreci\u00f3n y funcionalidad<\/strong>: se puede abrir del todo, se recoge \u201cen acorde\u00f3n\u201d con gran facilidad hacia un lado o hacia los dos dejando el hueco completamente libre y, cuando se desea tranquilidad y seguridad, se cierra en un momento gracias al\u00a0<strong>sistema corredero patentado<\/strong>\u00a0y a la<strong>cerradura especial que fija y bloquea las hojas por tres puntos<\/strong>.<strong>\u00a0<\/strong><\/p>\n<p><strong>PATENTE EUROPEA N\u00ba 557 254<\/strong><\/p>\n<p>Para garantizar la resistencia frente al corte y cualquier intento de efracci\u00f3n los perfiles est\u00e1n blindados en su interior con barras giratorias de acero galvanizado. Las palancas horizontales son de acero carbonitrurado (anticorte), est\u00e1n galvanizadas y pintadas con polvos de poli\u00e9ster y, por consiguiente, resultan invulnerables frente a la acci\u00f3n de cualquier substancia corrosiva (lo acredita la correspondiente certificaci\u00f3n) y est\u00e1n conectadas entre s\u00ed por medio de varas met\u00e1licas perfiladas e inoxidables.<\/p>\n<p>El escaso espacio que ocupa en profundidad permite la instalaci\u00f3n de la reja en todo tipo de cerramiento, incluidas las persianas.<\/p>\n<p>Gracias a las reducidas dimensiones del paquete, la reja puede desaparecer de la vista aloj\u00e1ndose en un peque\u00f1o recept\u00e1culo practicado en la pared.<\/p>\n<p><strong>Modelo FISSA (ENV 1627 &#8211; CLASE 2)<\/strong><\/p>\n<p>Elemento fijo fabricado con los mismos perfiles y blindaje que el modelo P. 600.<\/p>\n<p>Ventajas con respecto a un enrejado de hierro: el aluminio se puede pintar con polvos de poli\u00e9ster en todos los colores y no requiere mantenimiento.<\/p>\n","protected":false},"excerpt":{"rendered":"<p>\u00a0(ENV 1627 &#8211; CLASE 2) La reja de seguridad empaquetable PR\u00c6SIDIUM\u00ae\u00a0es un art\u00edculo creado para dar respuesta a unas necesidades muy determinadas, concebido para introducir importantes innovaciones en el sector de la seguridad para puertas y ventanas: Seguridad: eficaz barrera antiefracci\u00f3n para puertas, ventanas y escaparates de tiendas. Funcionalidad: segura y f\u00e1cil de maniobrar alLeggi di pi\u00f9<\/p>\n","protected":false},"featured_media":8621,"comment_status":"closed","ping_status":"closed","template":"","meta":{"_acf_changed":false},"product_brand":[],"product_cat":[334],"product_tag":[],"class_list":{"0":"post-8899","1":"product","2":"type-product","3":"status-publish","4":"has-post-thumbnail","6":"product_cat-praesidium-es","8":"first","9":"instock","10":"shipping-taxable","11":"product-type-simple"},"acf":[],"yoast_head":"<!-- This site is optimized with the Yoast SEO plugin v27.1 - https:\/\/yoast.com\/product\/yoast-seo-wordpress\/ -->\n<title>Modelo FISSA - Sunroom<\/title>\n<meta name=\"robots\" content=\"index, follow, max-snippet:-1, max-image-preview:large, max-video-preview:-1\" \/>\n<link rel=\"canonical\" href=\"https:\/\/www.sunroom.it\/it\/producto\/modello-fissa-env-1627-classe-2\/\" \/>\n<meta property=\"og:locale\" content=\"es_ES\" \/>\n<meta property=\"og:type\" content=\"article\" \/>\n<meta property=\"og:title\" content=\"Modelo FISSA - Sunroom\" \/>\n<meta property=\"og:description\" content=\"\u00a0(ENV 1627 &#8211; CLASE 2) La reja de seguridad empaquetable PR\u00c6SIDIUM\u00ae\u00a0es un art\u00edculo creado para dar respuesta a unas necesidades muy determinadas, concebido para introducir importantes innovaciones en el sector de la seguridad para puertas y ventanas: Seguridad: eficaz barrera antiefracci\u00f3n para puertas, ventanas y escaparates de tiendas. Funcionalidad: segura y f\u00e1cil de maniobrar alLeggi di pi\u00f9\" \/>\n<meta property=\"og:url\" content=\"https:\/\/www.sunroom.it\/it\/producto\/modello-fissa-env-1627-classe-2\/\" \/>\n<meta property=\"og:site_name\" content=\"Sunroom\" \/>\n<meta property=\"article:modified_time\" content=\"2021-07-19T14:22:37+00:00\" \/>\n<meta property=\"og:image\" content=\"https:\/\/www.sunroom.it\/wp-content\/uploads\/2021\/06\/fissa.anteprima.jpg\" \/>\n\t<meta property=\"og:image:width\" content=\"960\" \/>\n\t<meta property=\"og:image:height\" content=\"1222\" \/>\n\t<meta property=\"og:image:type\" content=\"image\/jpeg\" \/>\n<meta name=\"twitter:card\" content=\"summary_large_image\" \/>\n<meta name=\"twitter:label1\" content=\"Tiempo de lectura\" \/>\n\t<meta name=\"twitter:data1\" content=\"2 minutos\" \/>\n<script type=\"application\/ld+json\" class=\"yoast-schema-graph\">{\"@context\":\"https:\/\/schema.org\",\"@graph\":[{\"@type\":\"WebPage\",\"@id\":\"https:\/\/www.sunroom.it\/it\/producto\/modello-fissa-env-1627-classe-2\/\",\"url\":\"https:\/\/www.sunroom.it\/it\/producto\/modello-fissa-env-1627-classe-2\/\",\"name\":\"Modelo FISSA - Sunroom\",\"isPartOf\":{\"@id\":\"https:\/\/www.sunroom.it\/it\/#website\"},\"primaryImageOfPage\":{\"@id\":\"https:\/\/www.sunroom.it\/it\/producto\/modello-fissa-env-1627-classe-2\/#primaryimage\"},\"image\":{\"@id\":\"https:\/\/www.sunroom.it\/it\/producto\/modello-fissa-env-1627-classe-2\/#primaryimage\"},\"thumbnailUrl\":\"https:\/\/www.sunroom.it\/wp-content\/uploads\/2021\/06\/fissa.anteprima.jpg\",\"datePublished\":\"2021-06-15T14:05:16+00:00\",\"dateModified\":\"2021-07-19T14:22:37+00:00\",\"breadcrumb\":{\"@id\":\"https:\/\/www.sunroom.it\/it\/producto\/modello-fissa-env-1627-classe-2\/#breadcrumb\"},\"inLanguage\":\"es\",\"potentialAction\":[{\"@type\":\"ReadAction\",\"target\":[\"https:\/\/www.sunroom.it\/it\/producto\/modello-fissa-env-1627-classe-2\/\"]}]},{\"@type\":\"ImageObject\",\"inLanguage\":\"es\",\"@id\":\"https:\/\/www.sunroom.it\/it\/producto\/modello-fissa-env-1627-classe-2\/#primaryimage\",\"url\":\"https:\/\/www.sunroom.it\/wp-content\/uploads\/2021\/06\/fissa.anteprima.jpg\",\"contentUrl\":\"https:\/\/www.sunroom.it\/wp-content\/uploads\/2021\/06\/fissa.anteprima.jpg\",\"width\":960,\"height\":1222},{\"@type\":\"BreadcrumbList\",\"@id\":\"https:\/\/www.sunroom.it\/it\/producto\/modello-fissa-env-1627-classe-2\/#breadcrumb\",\"itemListElement\":[{\"@type\":\"ListItem\",\"position\":1,\"name\":\"Home\",\"item\":\"https:\/\/www.sunroom.it\/es\/\"},{\"@type\":\"ListItem\",\"position\":2,\"name\":\"Tienda\",\"item\":\"https:\/\/www.sunroom.it\/es\/tienda\/\"},{\"@type\":\"ListItem\",\"position\":3,\"name\":\"Modelo FISSA\"}]},{\"@type\":\"WebSite\",\"@id\":\"https:\/\/www.sunroom.it\/it\/#website\",\"url\":\"https:\/\/www.sunroom.it\/it\/\",\"name\":\"Sunroom\",\"description\":\"Sunroom\",\"publisher\":{\"@id\":\"https:\/\/www.sunroom.it\/it\/#organization\"},\"potentialAction\":[{\"@type\":\"SearchAction\",\"target\":{\"@type\":\"EntryPoint\",\"urlTemplate\":\"https:\/\/www.sunroom.it\/it\/?s={search_term_string}\"},\"query-input\":{\"@type\":\"PropertyValueSpecification\",\"valueRequired\":true,\"valueName\":\"search_term_string\"}}],\"inLanguage\":\"es\"},{\"@type\":\"Organization\",\"@id\":\"https:\/\/www.sunroom.it\/it\/#organization\",\"name\":\"Sunroom\",\"url\":\"https:\/\/www.sunroom.it\/it\/\",\"logo\":{\"@type\":\"ImageObject\",\"inLanguage\":\"es\",\"@id\":\"https:\/\/www.sunroom.it\/it\/#\/schema\/logo\/image\/\",\"url\":\"https:\/\/www.sunroom.it\/wp-content\/uploads\/2021\/07\/sunroom_260x70px.png\",\"contentUrl\":\"https:\/\/www.sunroom.it\/wp-content\/uploads\/2021\/07\/sunroom_260x70px.png\",\"width\":260,\"height\":70,\"caption\":\"Sunroom\"},\"image\":{\"@id\":\"https:\/\/www.sunroom.it\/it\/#\/schema\/logo\/image\/\"}}]}<\/script>\n<!-- \/ Yoast SEO plugin. -->","yoast_head_json":{"title":"Modelo FISSA - Sunroom","robots":{"index":"index","follow":"follow","max-snippet":"max-snippet:-1","max-image-preview":"max-image-preview:large","max-video-preview":"max-video-preview:-1"},"canonical":"https:\/\/www.sunroom.it\/it\/producto\/modello-fissa-env-1627-classe-2\/","og_locale":"es_ES","og_type":"article","og_title":"Modelo FISSA - Sunroom","og_description":"\u00a0(ENV 1627 &#8211; CLASE 2) La reja de seguridad empaquetable PR\u00c6SIDIUM\u00ae\u00a0es un art\u00edculo creado para dar respuesta a unas necesidades muy determinadas, concebido para introducir importantes innovaciones en el sector de la seguridad para puertas y ventanas: Seguridad: eficaz barrera antiefracci\u00f3n para puertas, ventanas y escaparates de tiendas. Funcionalidad: segura y f\u00e1cil de maniobrar alLeggi di pi\u00f9","og_url":"https:\/\/www.sunroom.it\/it\/producto\/modello-fissa-env-1627-classe-2\/","og_site_name":"Sunroom","article_modified_time":"2021-07-19T14:22:37+00:00","og_image":[{"width":960,"height":1222,"url":"https:\/\/www.sunroom.it\/wp-content\/uploads\/2021\/06\/fissa.anteprima.jpg","type":"image\/jpeg"}],"twitter_card":"summary_large_image","twitter_misc":{"Tiempo de lectura":"2 minutos"},"schema":{"@context":"https:\/\/schema.org","@graph":[{"@type":"WebPage","@id":"https:\/\/www.sunroom.it\/it\/producto\/modello-fissa-env-1627-classe-2\/","url":"https:\/\/www.sunroom.it\/it\/producto\/modello-fissa-env-1627-classe-2\/","name":"Modelo FISSA - Sunroom","isPartOf":{"@id":"https:\/\/www.sunroom.it\/it\/#website"},"primaryImageOfPage":{"@id":"https:\/\/www.sunroom.it\/it\/producto\/modello-fissa-env-1627-classe-2\/#primaryimage"},"image":{"@id":"https:\/\/www.sunroom.it\/it\/producto\/modello-fissa-env-1627-classe-2\/#primaryimage"},"thumbnailUrl":"https:\/\/www.sunroom.it\/wp-content\/uploads\/2021\/06\/fissa.anteprima.jpg","datePublished":"2021-06-15T14:05:16+00:00","dateModified":"2021-07-19T14:22:37+00:00","breadcrumb":{"@id":"https:\/\/www.sunroom.it\/it\/producto\/modello-fissa-env-1627-classe-2\/#breadcrumb"},"inLanguage":"es","potentialAction":[{"@type":"ReadAction","target":["https:\/\/www.sunroom.it\/it\/producto\/modello-fissa-env-1627-classe-2\/"]}]},{"@type":"ImageObject","inLanguage":"es","@id":"https:\/\/www.sunroom.it\/it\/producto\/modello-fissa-env-1627-classe-2\/#primaryimage","url":"https:\/\/www.sunroom.it\/wp-content\/uploads\/2021\/06\/fissa.anteprima.jpg","contentUrl":"https:\/\/www.sunroom.it\/wp-content\/uploads\/2021\/06\/fissa.anteprima.jpg","width":960,"height":1222},{"@type":"BreadcrumbList","@id":"https:\/\/www.sunroom.it\/it\/producto\/modello-fissa-env-1627-classe-2\/#breadcrumb","itemListElement":[{"@type":"ListItem","position":1,"name":"Home","item":"https:\/\/www.sunroom.it\/es\/"},{"@type":"ListItem","position":2,"name":"Tienda","item":"https:\/\/www.sunroom.it\/es\/tienda\/"},{"@type":"ListItem","position":3,"name":"Modelo FISSA"}]},{"@type":"WebSite","@id":"https:\/\/www.sunroom.it\/it\/#website","url":"https:\/\/www.sunroom.it\/it\/","name":"Sunroom","description":"Sunroom","publisher":{"@id":"https:\/\/www.sunroom.it\/it\/#organization"},"potentialAction":[{"@type":"SearchAction","target":{"@type":"EntryPoint","urlTemplate":"https:\/\/www.sunroom.it\/it\/?s={search_term_string}"},"query-input":{"@type":"PropertyValueSpecification","valueRequired":true,"valueName":"search_term_string"}}],"inLanguage":"es"},{"@type":"Organization","@id":"https:\/\/www.sunroom.it\/it\/#organization","name":"Sunroom","url":"https:\/\/www.sunroom.it\/it\/","logo":{"@type":"ImageObject","inLanguage":"es","@id":"https:\/\/www.sunroom.it\/it\/#\/schema\/logo\/image\/","url":"https:\/\/www.sunroom.it\/wp-content\/uploads\/2021\/07\/sunroom_260x70px.png","contentUrl":"https:\/\/www.sunroom.it\/wp-content\/uploads\/2021\/07\/sunroom_260x70px.png","width":260,"height":70,"caption":"Sunroom"},"image":{"@id":"https:\/\/www.sunroom.it\/it\/#\/schema\/logo\/image\/"}}]}},"_links":{"self":[{"href":"https:\/\/www.sunroom.it\/es\/wp-json\/wp\/v2\/product\/8899","targetHints":{"allow":["GET"]}}],"collection":[{"href":"https:\/\/www.sunroom.it\/es\/wp-json\/wp\/v2\/product"}],"about":[{"href":"https:\/\/www.sunroom.it\/es\/wp-json\/wp\/v2\/types\/product"}],"replies":[{"embeddable":true,"href":"https:\/\/www.sunroom.it\/es\/wp-json\/wp\/v2\/comments?post=8899"}],"wp:featuredmedia":[{"embeddable":true,"href":"https:\/\/www.sunroom.it\/es\/wp-json\/wp\/v2\/media\/8621"}],"wp:attachment":[{"href":"https:\/\/www.sunroom.it\/es\/wp-json\/wp\/v2\/media?parent=8899"}],"wp:term":[{"taxonomy":"product_brand","embeddable":true,"href":"https:\/\/www.sunroom.it\/es\/wp-json\/wp\/v2\/product_brand?post=8899"},{"taxonomy":"product_cat","embeddable":true,"href":"https:\/\/www.sunroom.it\/es\/wp-json\/wp\/v2\/product_cat?post=8899"},{"taxonomy":"product_tag","embeddable":true,"href":"https:\/\/www.sunroom.it\/es\/wp-json\/wp\/v2\/product_tag?post=8899"}],"curies":[{"name":"wp","href":"https:\/\/api.w.org\/{rel}","templated":true}]}}