{"id":6590,"date":"2020-10-17T21:31:23","date_gmt":"2020-10-17T19:59:54","guid":{"rendered":"https:\/\/www.sunroom.it\/prodotto\/s-70\/"},"modified":"2023-05-10T06:30:15","modified_gmt":"2023-05-10T04:30:15","slug":"s-70-s-70-tt","status":"publish","type":"product","link":"https:\/\/www.sunroom.it\/es\/producto\/s-70-s-70-tt\/","title":{"rendered":"S.70\/S.70 TT"},"content":{"rendered":"<p>\u00a1Hay importantes ventajas que deben considerarse cuando se elige una gran cristalera corredera! Por ejemplo, la posibilidad de disfrutar de la <strong>luminosidad exterior<\/strong> dada por la <strong>luz natural<\/strong> del sol, o una vista impresionante en la comodidad de la propia casa. No se debe olvidar, sin emBaresgo, la <strong>estabilidad<\/strong> y la <strong>seguridad<\/strong> que debe garantizar un elemento tan importante para su uso diario.<\/p>\n<p>La cristalera corredera S.70 est\u00e1 dise\u00f1ada con perfiles de hoja reforzados cuando tiene que soportar hojas grandes que tambi\u00e9n pueden ser muy pesadas. Su <strong>sistema corredero <\/strong>consta de <strong>carros con cojinetes de bolas<\/strong> recubiertos de material sint\u00e9tico y con una capacidad de carga de 150 kg para cada hoja, que tambi\u00e9n cuenta con carros ajustables para una <strong>perfecta alineaci\u00f3n<\/strong>.<\/p>\n<p>El <strong>tirador ergon\u00f3mico<\/strong>, con su exclusivo dise\u00f1o Sunroom, es f\u00e1cil de usar y puede suministrarse con o sin llave. La cristalera corredera S. 70 est\u00e1 disponible en versi\u00f3n con rotura de puente t\u00e9rmico o sin aislamiento, dependiendo de las diferentes necesidades.<\/p>\n","protected":false},"excerpt":{"rendered":"<p>\u00a1Hay importantes ventajas que deben considerarse cuando se elige una gran cristalera corredera! Por ejemplo, la posibilidad de disfrutar de la luminosidad exterior dada por la luz natural del sol, o una vista impresionante en la comodidad de la propia casa. No se debe olvidar, sin emBaresgo, la estabilidad y la seguridad que debe garantizarLeggi di pi\u00f9<\/p>\n","protected":false},"featured_media":1860,"comment_status":"closed","ping_status":"closed","template":"","meta":{"_acf_changed":false},"product_brand":[],"product_cat":[159,140],"product_tag":[],"class_list":{"0":"post-6590","1":"product","2":"type-product","3":"status-publish","4":"has-post-thumbnail","6":"product_cat-cristaleras-correderas","7":"product_cat-productos","8":"cat-product-privati-cristaleras","9":"cat-product-privati-patio-es","10":"cat-product-privati-privati-es","11":"cat-product-privati-verande-es","12":"cat-product-contract-bar-es","13":"cat-product-contract-contract-es","14":"cat-product-contract-edifici-pubblici-es","15":"cat-product-contract-gelaterie-es","16":"cat-product-contract-hotel-es","18":"first","19":"instock","20":"product-type-simple"},"acf":[],"yoast_head":"<!-- This site is optimized with the Yoast SEO plugin v27.1 - https:\/\/yoast.com\/product\/yoast-seo-wordpress\/ -->\n<title>S.70\/S.70 TT - Sunroom<\/title>\n<meta name=\"robots\" content=\"index, follow, max-snippet:-1, max-image-preview:large, max-video-preview:-1\" \/>\n<link rel=\"canonical\" href=\"https:\/\/www.sunroom.it\/it\/producto\/s-70-s-70-tt\/\" \/>\n<meta property=\"og:locale\" content=\"es_ES\" \/>\n<meta property=\"og:type\" content=\"article\" \/>\n<meta property=\"og:title\" content=\"S.70\/S.70 TT - Sunroom\" \/>\n<meta property=\"og:description\" content=\"\u00a1Hay importantes ventajas que deben considerarse cuando se elige una gran cristalera corredera! Por ejemplo, la posibilidad de disfrutar de la luminosidad exterior dada por la luz natural del sol, o una vista impresionante en la comodidad de la propia casa. No se debe olvidar, sin emBaresgo, la estabilidad y la seguridad que debe garantizarLeggi di pi\u00f9\" \/>\n<meta property=\"og:url\" content=\"https:\/\/www.sunroom.it\/it\/producto\/s-70-s-70-tt\/\" \/>\n<meta property=\"og:site_name\" content=\"Sunroom\" \/>\n<meta property=\"article:modified_time\" content=\"2023-05-10T04:30:15+00:00\" \/>\n<meta property=\"og:image\" content=\"https:\/\/www.sunroom.it\/wp-content\/uploads\/2020\/07\/S70TT_1500x1300_LIMBO.jpg\" \/>\n\t<meta property=\"og:image:width\" content=\"1500\" \/>\n\t<meta property=\"og:image:height\" content=\"1300\" \/>\n\t<meta property=\"og:image:type\" content=\"image\/jpeg\" \/>\n<meta name=\"twitter:card\" content=\"summary_large_image\" \/>\n<meta name=\"twitter:label1\" content=\"Tiempo de lectura\" \/>\n\t<meta name=\"twitter:data1\" content=\"1 minuto\" \/>\n<script type=\"application\/ld+json\" class=\"yoast-schema-graph\">{\"@context\":\"https:\/\/schema.org\",\"@graph\":[{\"@type\":\"WebPage\",\"@id\":\"https:\/\/www.sunroom.it\/it\/producto\/s-70-s-70-tt\/\",\"url\":\"https:\/\/www.sunroom.it\/it\/producto\/s-70-s-70-tt\/\",\"name\":\"S.70\/S.70 TT - Sunroom\",\"isPartOf\":{\"@id\":\"https:\/\/www.sunroom.it\/it\/#website\"},\"primaryImageOfPage\":{\"@id\":\"https:\/\/www.sunroom.it\/it\/producto\/s-70-s-70-tt\/#primaryimage\"},\"image\":{\"@id\":\"https:\/\/www.sunroom.it\/it\/producto\/s-70-s-70-tt\/#primaryimage\"},\"thumbnailUrl\":\"https:\/\/www.sunroom.it\/wp-content\/uploads\/2020\/07\/S70TT_1500x1300_LIMBO.jpg\",\"datePublished\":\"2020-10-17T19:59:54+00:00\",\"dateModified\":\"2023-05-10T04:30:15+00:00\",\"breadcrumb\":{\"@id\":\"https:\/\/www.sunroom.it\/it\/producto\/s-70-s-70-tt\/#breadcrumb\"},\"inLanguage\":\"es\",\"potentialAction\":[{\"@type\":\"ReadAction\",\"target\":[\"https:\/\/www.sunroom.it\/it\/producto\/s-70-s-70-tt\/\"]}]},{\"@type\":\"ImageObject\",\"inLanguage\":\"es\",\"@id\":\"https:\/\/www.sunroom.it\/it\/producto\/s-70-s-70-tt\/#primaryimage\",\"url\":\"https:\/\/www.sunroom.it\/wp-content\/uploads\/2020\/07\/S70TT_1500x1300_LIMBO.jpg\",\"contentUrl\":\"https:\/\/www.sunroom.it\/wp-content\/uploads\/2020\/07\/S70TT_1500x1300_LIMBO.jpg\",\"width\":1500,\"height\":1300},{\"@type\":\"BreadcrumbList\",\"@id\":\"https:\/\/www.sunroom.it\/it\/producto\/s-70-s-70-tt\/#breadcrumb\",\"itemListElement\":[{\"@type\":\"ListItem\",\"position\":1,\"name\":\"Home\",\"item\":\"https:\/\/www.sunroom.it\/es\/\"},{\"@type\":\"ListItem\",\"position\":2,\"name\":\"Tienda\",\"item\":\"https:\/\/www.sunroom.it\/es\/tienda\/\"},{\"@type\":\"ListItem\",\"position\":3,\"name\":\"S.70\/S.70 TT\"}]},{\"@type\":\"WebSite\",\"@id\":\"https:\/\/www.sunroom.it\/it\/#website\",\"url\":\"https:\/\/www.sunroom.it\/it\/\",\"name\":\"Sunroom\",\"description\":\"Sunroom\",\"publisher\":{\"@id\":\"https:\/\/www.sunroom.it\/it\/#organization\"},\"potentialAction\":[{\"@type\":\"SearchAction\",\"target\":{\"@type\":\"EntryPoint\",\"urlTemplate\":\"https:\/\/www.sunroom.it\/it\/?s={search_term_string}\"},\"query-input\":{\"@type\":\"PropertyValueSpecification\",\"valueRequired\":true,\"valueName\":\"search_term_string\"}}],\"inLanguage\":\"es\"},{\"@type\":\"Organization\",\"@id\":\"https:\/\/www.sunroom.it\/it\/#organization\",\"name\":\"Sunroom\",\"url\":\"https:\/\/www.sunroom.it\/it\/\",\"logo\":{\"@type\":\"ImageObject\",\"inLanguage\":\"es\",\"@id\":\"https:\/\/www.sunroom.it\/it\/#\/schema\/logo\/image\/\",\"url\":\"https:\/\/www.sunroom.it\/wp-content\/uploads\/2021\/07\/sunroom_260x70px.png\",\"contentUrl\":\"https:\/\/www.sunroom.it\/wp-content\/uploads\/2021\/07\/sunroom_260x70px.png\",\"width\":260,\"height\":70,\"caption\":\"Sunroom\"},\"image\":{\"@id\":\"https:\/\/www.sunroom.it\/it\/#\/schema\/logo\/image\/\"}}]}<\/script>\n<!-- \/ Yoast SEO plugin. -->","yoast_head_json":{"title":"S.70\/S.70 TT - Sunroom","robots":{"index":"index","follow":"follow","max-snippet":"max-snippet:-1","max-image-preview":"max-image-preview:large","max-video-preview":"max-video-preview:-1"},"canonical":"https:\/\/www.sunroom.it\/it\/producto\/s-70-s-70-tt\/","og_locale":"es_ES","og_type":"article","og_title":"S.70\/S.70 TT - Sunroom","og_description":"\u00a1Hay importantes ventajas que deben considerarse cuando se elige una gran cristalera corredera! Por ejemplo, la posibilidad de disfrutar de la luminosidad exterior dada por la luz natural del sol, o una vista impresionante en la comodidad de la propia casa. No se debe olvidar, sin emBaresgo, la estabilidad y la seguridad que debe garantizarLeggi di pi\u00f9","og_url":"https:\/\/www.sunroom.it\/it\/producto\/s-70-s-70-tt\/","og_site_name":"Sunroom","article_modified_time":"2023-05-10T04:30:15+00:00","og_image":[{"width":1500,"height":1300,"url":"https:\/\/www.sunroom.it\/wp-content\/uploads\/2020\/07\/S70TT_1500x1300_LIMBO.jpg","type":"image\/jpeg"}],"twitter_card":"summary_large_image","twitter_misc":{"Tiempo de lectura":"1 minuto"},"schema":{"@context":"https:\/\/schema.org","@graph":[{"@type":"WebPage","@id":"https:\/\/www.sunroom.it\/it\/producto\/s-70-s-70-tt\/","url":"https:\/\/www.sunroom.it\/it\/producto\/s-70-s-70-tt\/","name":"S.70\/S.70 TT - Sunroom","isPartOf":{"@id":"https:\/\/www.sunroom.it\/it\/#website"},"primaryImageOfPage":{"@id":"https:\/\/www.sunroom.it\/it\/producto\/s-70-s-70-tt\/#primaryimage"},"image":{"@id":"https:\/\/www.sunroom.it\/it\/producto\/s-70-s-70-tt\/#primaryimage"},"thumbnailUrl":"https:\/\/www.sunroom.it\/wp-content\/uploads\/2020\/07\/S70TT_1500x1300_LIMBO.jpg","datePublished":"2020-10-17T19:59:54+00:00","dateModified":"2023-05-10T04:30:15+00:00","breadcrumb":{"@id":"https:\/\/www.sunroom.it\/it\/producto\/s-70-s-70-tt\/#breadcrumb"},"inLanguage":"es","potentialAction":[{"@type":"ReadAction","target":["https:\/\/www.sunroom.it\/it\/producto\/s-70-s-70-tt\/"]}]},{"@type":"ImageObject","inLanguage":"es","@id":"https:\/\/www.sunroom.it\/it\/producto\/s-70-s-70-tt\/#primaryimage","url":"https:\/\/www.sunroom.it\/wp-content\/uploads\/2020\/07\/S70TT_1500x1300_LIMBO.jpg","contentUrl":"https:\/\/www.sunroom.it\/wp-content\/uploads\/2020\/07\/S70TT_1500x1300_LIMBO.jpg","width":1500,"height":1300},{"@type":"BreadcrumbList","@id":"https:\/\/www.sunroom.it\/it\/producto\/s-70-s-70-tt\/#breadcrumb","itemListElement":[{"@type":"ListItem","position":1,"name":"Home","item":"https:\/\/www.sunroom.it\/es\/"},{"@type":"ListItem","position":2,"name":"Tienda","item":"https:\/\/www.sunroom.it\/es\/tienda\/"},{"@type":"ListItem","position":3,"name":"S.70\/S.70 TT"}]},{"@type":"WebSite","@id":"https:\/\/www.sunroom.it\/it\/#website","url":"https:\/\/www.sunroom.it\/it\/","name":"Sunroom","description":"Sunroom","publisher":{"@id":"https:\/\/www.sunroom.it\/it\/#organization"},"potentialAction":[{"@type":"SearchAction","target":{"@type":"EntryPoint","urlTemplate":"https:\/\/www.sunroom.it\/it\/?s={search_term_string}"},"query-input":{"@type":"PropertyValueSpecification","valueRequired":true,"valueName":"search_term_string"}}],"inLanguage":"es"},{"@type":"Organization","@id":"https:\/\/www.sunroom.it\/it\/#organization","name":"Sunroom","url":"https:\/\/www.sunroom.it\/it\/","logo":{"@type":"ImageObject","inLanguage":"es","@id":"https:\/\/www.sunroom.it\/it\/#\/schema\/logo\/image\/","url":"https:\/\/www.sunroom.it\/wp-content\/uploads\/2021\/07\/sunroom_260x70px.png","contentUrl":"https:\/\/www.sunroom.it\/wp-content\/uploads\/2021\/07\/sunroom_260x70px.png","width":260,"height":70,"caption":"Sunroom"},"image":{"@id":"https:\/\/www.sunroom.it\/it\/#\/schema\/logo\/image\/"}}]}},"_links":{"self":[{"href":"https:\/\/www.sunroom.it\/es\/wp-json\/wp\/v2\/product\/6590","targetHints":{"allow":["GET"]}}],"collection":[{"href":"https:\/\/www.sunroom.it\/es\/wp-json\/wp\/v2\/product"}],"about":[{"href":"https:\/\/www.sunroom.it\/es\/wp-json\/wp\/v2\/types\/product"}],"replies":[{"embeddable":true,"href":"https:\/\/www.sunroom.it\/es\/wp-json\/wp\/v2\/comments?post=6590"}],"wp:featuredmedia":[{"embeddable":true,"href":"https:\/\/www.sunroom.it\/es\/wp-json\/wp\/v2\/media\/1860"}],"wp:attachment":[{"href":"https:\/\/www.sunroom.it\/es\/wp-json\/wp\/v2\/media?parent=6590"}],"wp:term":[{"taxonomy":"product_brand","embeddable":true,"href":"https:\/\/www.sunroom.it\/es\/wp-json\/wp\/v2\/product_brand?post=6590"},{"taxonomy":"product_cat","embeddable":true,"href":"https:\/\/www.sunroom.it\/es\/wp-json\/wp\/v2\/product_cat?post=6590"},{"taxonomy":"product_tag","embeddable":true,"href":"https:\/\/www.sunroom.it\/es\/wp-json\/wp\/v2\/product_tag?post=6590"}],"curies":[{"name":"wp","href":"https:\/\/api.w.org\/{rel}","templated":true}]}}