{"id":6572,"date":"2020-10-17T21:31:23","date_gmt":"2020-10-17T19:59:54","guid":{"rendered":"https:\/\/www.sunroom.it\/prodotto\/oskura-waterproof\/"},"modified":"2023-05-10T06:35:20","modified_gmt":"2023-05-10T04:35:20","slug":"oskura-waterproof","status":"publish","type":"product","link":"https:\/\/www.sunroom.it\/es\/producto\/oskura-waterproof\/","title":{"rendered":"Oskura 2.0-XL"},"content":{"rendered":"<p>Es la exclusiva <strong>p\u00e9rgola bioclim\u00e1tica que puede abrirse por completo<\/strong> y con <strong>lamas retr\u00e1ctiles<\/strong> que ofrece el m\u00e1ximo confort y versatilidad para dejarte experimentar el lujo de vivir en la naturaleza. <strong>Patentada en Europa<\/strong>, es una garant\u00eda de fiabilidad y seguridad a lo largo del tiempo.<\/p>\n<p>Gracias a su <strong>sistema de protecci\u00f3n solar<\/strong>, Oskura puede <strong>moderar la luz solar y el calor<\/strong> seg\u00fan la estaci\u00f3n y las necesidades, creando un <strong>bioclima<\/strong> <strong>interior ideal<\/strong>. \u00a0Si buscas un dise\u00f1o que se adapte de forma uniforme al entorno natural, Oskura es perfecto porque su arquitectura inteligente crea un oasis en la naturaleza y redefine sus espacios para proporcionarte <strong>bienestar y confort en cada estaci\u00f3n.<\/strong><\/p>\n<p>Puedes <strong>personalizar<\/strong> tu p\u00e9rgola bioclim\u00e1tica con <strong>iluminaci\u00f3n led<\/strong>, <strong>cierres perimetrales<\/strong> <strong>de vidrio<\/strong> o <strong>sensores clim\u00e1ticos<\/strong>. Ideal para tu jard\u00edn, tu terraza o para vivir en cualquier tipo de espacio exterior, Oskura est\u00e1 disponible en dos versiones dependiendo del tama\u00f1o de la cubierta.<\/p>\n","protected":false},"excerpt":{"rendered":"<p>Es la exclusiva p\u00e9rgola bioclim\u00e1tica que puede abrirse por completo y con lamas retr\u00e1ctiles que ofrece el m\u00e1ximo confort y versatilidad para dejarte experimentar el lujo de vivir en la naturaleza. Patentada en Europa, es una garant\u00eda de fiabilidad y seguridad a lo largo del tiempo. Gracias a su sistema de protecci\u00f3n solar, Oskura puedeLeggi di pi\u00f9<\/p>\n","protected":false},"featured_media":1240,"comment_status":"closed","ping_status":"closed","template":"","meta":{"_acf_changed":false},"product_brand":[],"product_cat":[144,140],"product_tag":[],"class_list":{"0":"post-6572","1":"product","2":"type-product","3":"status-publish","4":"has-post-thumbnail","6":"product_cat-pergolas-bioclimaticas","7":"product_cat-productos","8":"cat-product-privati-balconi-e-facciate-es","9":"cat-product-privati-jardin-y-piscina","10":"cat-product-privati-privati-es","11":"cat-product-contract-stabilimenti-balneari-es","12":"cat-product-contract-bar-es","13":"cat-product-contract-contract-es","14":"cat-product-contract-gelaterie-es","15":"cat-product-contract-hotel-es","16":"cat-product-contract-restaurantes","18":"first","19":"instock","20":"product-type-simple"},"acf":[],"yoast_head":"<!-- This site is optimized with the Yoast SEO plugin v27.1 - https:\/\/yoast.com\/product\/yoast-seo-wordpress\/ -->\n<title>Oskura 2.0-XL - Sunroom<\/title>\n<meta name=\"robots\" content=\"index, follow, max-snippet:-1, max-image-preview:large, max-video-preview:-1\" \/>\n<link rel=\"canonical\" href=\"https:\/\/www.sunroom.it\/it\/producto\/oskura-waterproof\/\" \/>\n<meta property=\"og:locale\" content=\"es_ES\" \/>\n<meta property=\"og:type\" content=\"article\" \/>\n<meta property=\"og:title\" content=\"Oskura 2.0-XL - Sunroom\" \/>\n<meta property=\"og:description\" content=\"Es la exclusiva p\u00e9rgola bioclim\u00e1tica que puede abrirse por completo y con lamas retr\u00e1ctiles que ofrece el m\u00e1ximo confort y versatilidad para dejarte experimentar el lujo de vivir en la naturaleza. Patentada en Europa, es una garant\u00eda de fiabilidad y seguridad a lo largo del tiempo. Gracias a su sistema de protecci\u00f3n solar, Oskura puedeLeggi di pi\u00f9\" \/>\n<meta property=\"og:url\" content=\"https:\/\/www.sunroom.it\/it\/producto\/oskura-waterproof\/\" \/>\n<meta property=\"og:site_name\" content=\"Sunroom\" \/>\n<meta property=\"article:modified_time\" content=\"2023-05-10T04:35:20+00:00\" \/>\n<meta property=\"og:image\" content=\"https:\/\/www.sunroom.it\/wp-content\/uploads\/2020\/07\/OSKURA-WP_1500x1300_LIMBO.jpg\" \/>\n\t<meta property=\"og:image:width\" content=\"1500\" \/>\n\t<meta property=\"og:image:height\" content=\"1300\" \/>\n\t<meta property=\"og:image:type\" content=\"image\/jpeg\" \/>\n<meta name=\"twitter:card\" content=\"summary_large_image\" \/>\n<meta name=\"twitter:label1\" content=\"Tiempo de lectura\" \/>\n\t<meta name=\"twitter:data1\" content=\"1 minuto\" \/>\n<script type=\"application\/ld+json\" class=\"yoast-schema-graph\">{\"@context\":\"https:\/\/schema.org\",\"@graph\":[{\"@type\":\"WebPage\",\"@id\":\"https:\/\/www.sunroom.it\/it\/producto\/oskura-waterproof\/\",\"url\":\"https:\/\/www.sunroom.it\/it\/producto\/oskura-waterproof\/\",\"name\":\"Oskura 2.0-XL - Sunroom\",\"isPartOf\":{\"@id\":\"https:\/\/www.sunroom.it\/it\/#website\"},\"primaryImageOfPage\":{\"@id\":\"https:\/\/www.sunroom.it\/it\/producto\/oskura-waterproof\/#primaryimage\"},\"image\":{\"@id\":\"https:\/\/www.sunroom.it\/it\/producto\/oskura-waterproof\/#primaryimage\"},\"thumbnailUrl\":\"https:\/\/www.sunroom.it\/wp-content\/uploads\/2020\/07\/OSKURA-WP_1500x1300_LIMBO.jpg\",\"datePublished\":\"2020-10-17T19:59:54+00:00\",\"dateModified\":\"2023-05-10T04:35:20+00:00\",\"breadcrumb\":{\"@id\":\"https:\/\/www.sunroom.it\/it\/producto\/oskura-waterproof\/#breadcrumb\"},\"inLanguage\":\"es\",\"potentialAction\":[{\"@type\":\"ReadAction\",\"target\":[\"https:\/\/www.sunroom.it\/it\/producto\/oskura-waterproof\/\"]}]},{\"@type\":\"ImageObject\",\"inLanguage\":\"es\",\"@id\":\"https:\/\/www.sunroom.it\/it\/producto\/oskura-waterproof\/#primaryimage\",\"url\":\"https:\/\/www.sunroom.it\/wp-content\/uploads\/2020\/07\/OSKURA-WP_1500x1300_LIMBO.jpg\",\"contentUrl\":\"https:\/\/www.sunroom.it\/wp-content\/uploads\/2020\/07\/OSKURA-WP_1500x1300_LIMBO.jpg\",\"width\":1500,\"height\":1300},{\"@type\":\"BreadcrumbList\",\"@id\":\"https:\/\/www.sunroom.it\/it\/producto\/oskura-waterproof\/#breadcrumb\",\"itemListElement\":[{\"@type\":\"ListItem\",\"position\":1,\"name\":\"Home\",\"item\":\"https:\/\/www.sunroom.it\/es\/\"},{\"@type\":\"ListItem\",\"position\":2,\"name\":\"Tienda\",\"item\":\"https:\/\/www.sunroom.it\/es\/tienda\/\"},{\"@type\":\"ListItem\",\"position\":3,\"name\":\"Oskura 2.0-XL\"}]},{\"@type\":\"WebSite\",\"@id\":\"https:\/\/www.sunroom.it\/it\/#website\",\"url\":\"https:\/\/www.sunroom.it\/it\/\",\"name\":\"Sunroom\",\"description\":\"Sunroom\",\"publisher\":{\"@id\":\"https:\/\/www.sunroom.it\/it\/#organization\"},\"potentialAction\":[{\"@type\":\"SearchAction\",\"target\":{\"@type\":\"EntryPoint\",\"urlTemplate\":\"https:\/\/www.sunroom.it\/it\/?s={search_term_string}\"},\"query-input\":{\"@type\":\"PropertyValueSpecification\",\"valueRequired\":true,\"valueName\":\"search_term_string\"}}],\"inLanguage\":\"es\"},{\"@type\":\"Organization\",\"@id\":\"https:\/\/www.sunroom.it\/it\/#organization\",\"name\":\"Sunroom\",\"url\":\"https:\/\/www.sunroom.it\/it\/\",\"logo\":{\"@type\":\"ImageObject\",\"inLanguage\":\"es\",\"@id\":\"https:\/\/www.sunroom.it\/it\/#\/schema\/logo\/image\/\",\"url\":\"https:\/\/www.sunroom.it\/wp-content\/uploads\/2021\/07\/sunroom_260x70px.png\",\"contentUrl\":\"https:\/\/www.sunroom.it\/wp-content\/uploads\/2021\/07\/sunroom_260x70px.png\",\"width\":260,\"height\":70,\"caption\":\"Sunroom\"},\"image\":{\"@id\":\"https:\/\/www.sunroom.it\/it\/#\/schema\/logo\/image\/\"}}]}<\/script>\n<!-- \/ Yoast SEO plugin. -->","yoast_head_json":{"title":"Oskura 2.0-XL - Sunroom","robots":{"index":"index","follow":"follow","max-snippet":"max-snippet:-1","max-image-preview":"max-image-preview:large","max-video-preview":"max-video-preview:-1"},"canonical":"https:\/\/www.sunroom.it\/it\/producto\/oskura-waterproof\/","og_locale":"es_ES","og_type":"article","og_title":"Oskura 2.0-XL - Sunroom","og_description":"Es la exclusiva p\u00e9rgola bioclim\u00e1tica que puede abrirse por completo y con lamas retr\u00e1ctiles que ofrece el m\u00e1ximo confort y versatilidad para dejarte experimentar el lujo de vivir en la naturaleza. Patentada en Europa, es una garant\u00eda de fiabilidad y seguridad a lo largo del tiempo. Gracias a su sistema de protecci\u00f3n solar, Oskura puedeLeggi di pi\u00f9","og_url":"https:\/\/www.sunroom.it\/it\/producto\/oskura-waterproof\/","og_site_name":"Sunroom","article_modified_time":"2023-05-10T04:35:20+00:00","og_image":[{"width":1500,"height":1300,"url":"https:\/\/www.sunroom.it\/wp-content\/uploads\/2020\/07\/OSKURA-WP_1500x1300_LIMBO.jpg","type":"image\/jpeg"}],"twitter_card":"summary_large_image","twitter_misc":{"Tiempo de lectura":"1 minuto"},"schema":{"@context":"https:\/\/schema.org","@graph":[{"@type":"WebPage","@id":"https:\/\/www.sunroom.it\/it\/producto\/oskura-waterproof\/","url":"https:\/\/www.sunroom.it\/it\/producto\/oskura-waterproof\/","name":"Oskura 2.0-XL - Sunroom","isPartOf":{"@id":"https:\/\/www.sunroom.it\/it\/#website"},"primaryImageOfPage":{"@id":"https:\/\/www.sunroom.it\/it\/producto\/oskura-waterproof\/#primaryimage"},"image":{"@id":"https:\/\/www.sunroom.it\/it\/producto\/oskura-waterproof\/#primaryimage"},"thumbnailUrl":"https:\/\/www.sunroom.it\/wp-content\/uploads\/2020\/07\/OSKURA-WP_1500x1300_LIMBO.jpg","datePublished":"2020-10-17T19:59:54+00:00","dateModified":"2023-05-10T04:35:20+00:00","breadcrumb":{"@id":"https:\/\/www.sunroom.it\/it\/producto\/oskura-waterproof\/#breadcrumb"},"inLanguage":"es","potentialAction":[{"@type":"ReadAction","target":["https:\/\/www.sunroom.it\/it\/producto\/oskura-waterproof\/"]}]},{"@type":"ImageObject","inLanguage":"es","@id":"https:\/\/www.sunroom.it\/it\/producto\/oskura-waterproof\/#primaryimage","url":"https:\/\/www.sunroom.it\/wp-content\/uploads\/2020\/07\/OSKURA-WP_1500x1300_LIMBO.jpg","contentUrl":"https:\/\/www.sunroom.it\/wp-content\/uploads\/2020\/07\/OSKURA-WP_1500x1300_LIMBO.jpg","width":1500,"height":1300},{"@type":"BreadcrumbList","@id":"https:\/\/www.sunroom.it\/it\/producto\/oskura-waterproof\/#breadcrumb","itemListElement":[{"@type":"ListItem","position":1,"name":"Home","item":"https:\/\/www.sunroom.it\/es\/"},{"@type":"ListItem","position":2,"name":"Tienda","item":"https:\/\/www.sunroom.it\/es\/tienda\/"},{"@type":"ListItem","position":3,"name":"Oskura 2.0-XL"}]},{"@type":"WebSite","@id":"https:\/\/www.sunroom.it\/it\/#website","url":"https:\/\/www.sunroom.it\/it\/","name":"Sunroom","description":"Sunroom","publisher":{"@id":"https:\/\/www.sunroom.it\/it\/#organization"},"potentialAction":[{"@type":"SearchAction","target":{"@type":"EntryPoint","urlTemplate":"https:\/\/www.sunroom.it\/it\/?s={search_term_string}"},"query-input":{"@type":"PropertyValueSpecification","valueRequired":true,"valueName":"search_term_string"}}],"inLanguage":"es"},{"@type":"Organization","@id":"https:\/\/www.sunroom.it\/it\/#organization","name":"Sunroom","url":"https:\/\/www.sunroom.it\/it\/","logo":{"@type":"ImageObject","inLanguage":"es","@id":"https:\/\/www.sunroom.it\/it\/#\/schema\/logo\/image\/","url":"https:\/\/www.sunroom.it\/wp-content\/uploads\/2021\/07\/sunroom_260x70px.png","contentUrl":"https:\/\/www.sunroom.it\/wp-content\/uploads\/2021\/07\/sunroom_260x70px.png","width":260,"height":70,"caption":"Sunroom"},"image":{"@id":"https:\/\/www.sunroom.it\/it\/#\/schema\/logo\/image\/"}}]}},"_links":{"self":[{"href":"https:\/\/www.sunroom.it\/es\/wp-json\/wp\/v2\/product\/6572","targetHints":{"allow":["GET"]}}],"collection":[{"href":"https:\/\/www.sunroom.it\/es\/wp-json\/wp\/v2\/product"}],"about":[{"href":"https:\/\/www.sunroom.it\/es\/wp-json\/wp\/v2\/types\/product"}],"replies":[{"embeddable":true,"href":"https:\/\/www.sunroom.it\/es\/wp-json\/wp\/v2\/comments?post=6572"}],"wp:featuredmedia":[{"embeddable":true,"href":"https:\/\/www.sunroom.it\/es\/wp-json\/wp\/v2\/media\/1240"}],"wp:attachment":[{"href":"https:\/\/www.sunroom.it\/es\/wp-json\/wp\/v2\/media?parent=6572"}],"wp:term":[{"taxonomy":"product_brand","embeddable":true,"href":"https:\/\/www.sunroom.it\/es\/wp-json\/wp\/v2\/product_brand?post=6572"},{"taxonomy":"product_cat","embeddable":true,"href":"https:\/\/www.sunroom.it\/es\/wp-json\/wp\/v2\/product_cat?post=6572"},{"taxonomy":"product_tag","embeddable":true,"href":"https:\/\/www.sunroom.it\/es\/wp-json\/wp\/v2\/product_tag?post=6572"}],"curies":[{"name":"wp","href":"https:\/\/api.w.org\/{rel}","templated":true}]}}