{"id":6560,"date":"2020-10-17T21:31:23","date_gmt":"2020-10-17T19:59:54","guid":{"rendered":"https:\/\/www.sunroom.it\/prodotto\/motus-tt\/"},"modified":"2023-05-10T06:34:11","modified_gmt":"2023-05-10T04:34:11","slug":"motus-tt","status":"publish","type":"product","link":"https:\/\/www.sunroom.it\/es\/producto\/motus-tt\/","title":{"rendered":"Motus TT"},"content":{"rendered":"<p>Motus TT es el <strong>sistema con rotura de puente t\u00e9rmico para jardines de invierno<\/strong> que permite abrir dos tercios de su superficie, con apertura motorizada. Las <strong>hojas se pueden abrir y cerrar seg\u00fan se desee<\/strong>, puesto que son independientes entre s\u00ed. Esta soluci\u00f3n particular le permite experimentar el vivir al aire libre en la propia casa, cruzando el l\u00edmite entre el interior y el exterior.<\/p>\n<p>La jard\u00edn de invierno Motus TT est\u00e1 hecho con <strong>materiales estudiados y probados<\/strong>: la estructura de perfiles de aluminio de grandes secciones como vigas, anclajes de pared, canal\u00f3n y columnas de soporte garantiza la m\u00e1xima seguridad y fiabilidad a lo largo del tiempo. Adem\u00e1s, no hay l\u00edmites en cuanto a la anchura, ya que la <strong>modularidad <\/strong>del sistema permite ensamblar un sinf\u00edn de m\u00f3dulos.<\/p>\n<p>Motus TT combina <strong>dise\u00f1o<\/strong> y <strong>fiabilidad<\/strong>, para asegurar la mejor funcionalidad y durabilidad. La elecci\u00f3n de los <strong>perfiles con rotura de puente t\u00e9rmico<\/strong> es la mejor soluci\u00f3n para ampliar tu hogar con un <strong>entorno \u00fanico<\/strong> protegido de la intemperie, el ruido y los cambios de temperatura, mientras disfrutas de la naturaleza y el aire libre durante todo el a\u00f1o.<\/p>\n","protected":false},"excerpt":{"rendered":"<p>Motus TT es el sistema con rotura de puente t\u00e9rmico para jardines de invierno que permite abrir dos tercios de su superficie, con apertura motorizada. Las hojas se pueden abrir y cerrar seg\u00fan se desee, puesto que son independientes entre s\u00ed. Esta soluci\u00f3n particular le permite experimentar el vivir al aire libre en la propiaLeggi di pi\u00f9<\/p>\n","protected":false},"featured_media":1465,"comment_status":"closed","ping_status":"closed","template":"","meta":{"_acf_changed":false},"product_brand":[],"product_cat":[139,140],"product_tag":[],"class_list":{"0":"post-6560","1":"product","2":"type-product","3":"status-publish","4":"has-post-thumbnail","6":"product_cat-jardines-de-invierno","7":"product_cat-productos","8":"cat-product-privati-jardin-y-piscina","9":"cat-product-privati-privati-es","10":"cat-product-privati-verande-es","11":"cat-product-contract-contract-es","12":"cat-product-contract-edifici-pubblici-es","13":"cat-product-contract-hotel-es","14":"cat-product-contract-restaurantes","16":"first","17":"instock","18":"product-type-simple"},"acf":[],"yoast_head":"<!-- This site is optimized with the Yoast SEO plugin v27.1 - https:\/\/yoast.com\/product\/yoast-seo-wordpress\/ -->\n<title>Motus TT - Sunroom<\/title>\n<meta name=\"robots\" content=\"index, follow, max-snippet:-1, max-image-preview:large, max-video-preview:-1\" \/>\n<link rel=\"canonical\" href=\"https:\/\/www.sunroom.it\/it\/producto\/motus-tt\/\" \/>\n<meta property=\"og:locale\" content=\"es_ES\" \/>\n<meta property=\"og:type\" content=\"article\" \/>\n<meta property=\"og:title\" content=\"Motus TT - Sunroom\" \/>\n<meta property=\"og:description\" content=\"Motus TT es el sistema con rotura de puente t\u00e9rmico para jardines de invierno que permite abrir dos tercios de su superficie, con apertura motorizada. Las hojas se pueden abrir y cerrar seg\u00fan se desee, puesto que son independientes entre s\u00ed. Esta soluci\u00f3n particular le permite experimentar el vivir al aire libre en la propiaLeggi di pi\u00f9\" \/>\n<meta property=\"og:url\" content=\"https:\/\/www.sunroom.it\/it\/producto\/motus-tt\/\" \/>\n<meta property=\"og:site_name\" content=\"Sunroom\" \/>\n<meta property=\"article:modified_time\" content=\"2023-05-10T04:34:11+00:00\" \/>\n<meta property=\"og:image\" content=\"https:\/\/www.sunroom.it\/wp-content\/uploads\/2020\/07\/MOTUSTT_1500X1300_LIMBO.jpg\" \/>\n\t<meta property=\"og:image:width\" content=\"1500\" \/>\n\t<meta property=\"og:image:height\" content=\"1300\" \/>\n\t<meta property=\"og:image:type\" content=\"image\/jpeg\" \/>\n<meta name=\"twitter:card\" content=\"summary_large_image\" \/>\n<meta name=\"twitter:label1\" content=\"Tiempo de lectura\" \/>\n\t<meta name=\"twitter:data1\" content=\"1 minuto\" \/>\n<script type=\"application\/ld+json\" class=\"yoast-schema-graph\">{\"@context\":\"https:\/\/schema.org\",\"@graph\":[{\"@type\":\"WebPage\",\"@id\":\"https:\/\/www.sunroom.it\/it\/producto\/motus-tt\/\",\"url\":\"https:\/\/www.sunroom.it\/it\/producto\/motus-tt\/\",\"name\":\"Motus TT - Sunroom\",\"isPartOf\":{\"@id\":\"https:\/\/www.sunroom.it\/it\/#website\"},\"primaryImageOfPage\":{\"@id\":\"https:\/\/www.sunroom.it\/it\/producto\/motus-tt\/#primaryimage\"},\"image\":{\"@id\":\"https:\/\/www.sunroom.it\/it\/producto\/motus-tt\/#primaryimage\"},\"thumbnailUrl\":\"https:\/\/www.sunroom.it\/wp-content\/uploads\/2020\/07\/MOTUSTT_1500X1300_LIMBO.jpg\",\"datePublished\":\"2020-10-17T19:59:54+00:00\",\"dateModified\":\"2023-05-10T04:34:11+00:00\",\"breadcrumb\":{\"@id\":\"https:\/\/www.sunroom.it\/it\/producto\/motus-tt\/#breadcrumb\"},\"inLanguage\":\"es\",\"potentialAction\":[{\"@type\":\"ReadAction\",\"target\":[\"https:\/\/www.sunroom.it\/it\/producto\/motus-tt\/\"]}]},{\"@type\":\"ImageObject\",\"inLanguage\":\"es\",\"@id\":\"https:\/\/www.sunroom.it\/it\/producto\/motus-tt\/#primaryimage\",\"url\":\"https:\/\/www.sunroom.it\/wp-content\/uploads\/2020\/07\/MOTUSTT_1500X1300_LIMBO.jpg\",\"contentUrl\":\"https:\/\/www.sunroom.it\/wp-content\/uploads\/2020\/07\/MOTUSTT_1500X1300_LIMBO.jpg\",\"width\":1500,\"height\":1300},{\"@type\":\"BreadcrumbList\",\"@id\":\"https:\/\/www.sunroom.it\/it\/producto\/motus-tt\/#breadcrumb\",\"itemListElement\":[{\"@type\":\"ListItem\",\"position\":1,\"name\":\"Home\",\"item\":\"https:\/\/www.sunroom.it\/es\/\"},{\"@type\":\"ListItem\",\"position\":2,\"name\":\"Tienda\",\"item\":\"https:\/\/www.sunroom.it\/es\/tienda\/\"},{\"@type\":\"ListItem\",\"position\":3,\"name\":\"Motus TT\"}]},{\"@type\":\"WebSite\",\"@id\":\"https:\/\/www.sunroom.it\/it\/#website\",\"url\":\"https:\/\/www.sunroom.it\/it\/\",\"name\":\"Sunroom\",\"description\":\"Sunroom\",\"publisher\":{\"@id\":\"https:\/\/www.sunroom.it\/it\/#organization\"},\"potentialAction\":[{\"@type\":\"SearchAction\",\"target\":{\"@type\":\"EntryPoint\",\"urlTemplate\":\"https:\/\/www.sunroom.it\/it\/?s={search_term_string}\"},\"query-input\":{\"@type\":\"PropertyValueSpecification\",\"valueRequired\":true,\"valueName\":\"search_term_string\"}}],\"inLanguage\":\"es\"},{\"@type\":\"Organization\",\"@id\":\"https:\/\/www.sunroom.it\/it\/#organization\",\"name\":\"Sunroom\",\"url\":\"https:\/\/www.sunroom.it\/it\/\",\"logo\":{\"@type\":\"ImageObject\",\"inLanguage\":\"es\",\"@id\":\"https:\/\/www.sunroom.it\/it\/#\/schema\/logo\/image\/\",\"url\":\"https:\/\/www.sunroom.it\/wp-content\/uploads\/2021\/07\/sunroom_260x70px.png\",\"contentUrl\":\"https:\/\/www.sunroom.it\/wp-content\/uploads\/2021\/07\/sunroom_260x70px.png\",\"width\":260,\"height\":70,\"caption\":\"Sunroom\"},\"image\":{\"@id\":\"https:\/\/www.sunroom.it\/it\/#\/schema\/logo\/image\/\"}}]}<\/script>\n<!-- \/ Yoast SEO plugin. -->","yoast_head_json":{"title":"Motus TT - Sunroom","robots":{"index":"index","follow":"follow","max-snippet":"max-snippet:-1","max-image-preview":"max-image-preview:large","max-video-preview":"max-video-preview:-1"},"canonical":"https:\/\/www.sunroom.it\/it\/producto\/motus-tt\/","og_locale":"es_ES","og_type":"article","og_title":"Motus TT - Sunroom","og_description":"Motus TT es el sistema con rotura de puente t\u00e9rmico para jardines de invierno que permite abrir dos tercios de su superficie, con apertura motorizada. Las hojas se pueden abrir y cerrar seg\u00fan se desee, puesto que son independientes entre s\u00ed. Esta soluci\u00f3n particular le permite experimentar el vivir al aire libre en la propiaLeggi di pi\u00f9","og_url":"https:\/\/www.sunroom.it\/it\/producto\/motus-tt\/","og_site_name":"Sunroom","article_modified_time":"2023-05-10T04:34:11+00:00","og_image":[{"width":1500,"height":1300,"url":"https:\/\/www.sunroom.it\/wp-content\/uploads\/2020\/07\/MOTUSTT_1500X1300_LIMBO.jpg","type":"image\/jpeg"}],"twitter_card":"summary_large_image","twitter_misc":{"Tiempo de lectura":"1 minuto"},"schema":{"@context":"https:\/\/schema.org","@graph":[{"@type":"WebPage","@id":"https:\/\/www.sunroom.it\/it\/producto\/motus-tt\/","url":"https:\/\/www.sunroom.it\/it\/producto\/motus-tt\/","name":"Motus TT - Sunroom","isPartOf":{"@id":"https:\/\/www.sunroom.it\/it\/#website"},"primaryImageOfPage":{"@id":"https:\/\/www.sunroom.it\/it\/producto\/motus-tt\/#primaryimage"},"image":{"@id":"https:\/\/www.sunroom.it\/it\/producto\/motus-tt\/#primaryimage"},"thumbnailUrl":"https:\/\/www.sunroom.it\/wp-content\/uploads\/2020\/07\/MOTUSTT_1500X1300_LIMBO.jpg","datePublished":"2020-10-17T19:59:54+00:00","dateModified":"2023-05-10T04:34:11+00:00","breadcrumb":{"@id":"https:\/\/www.sunroom.it\/it\/producto\/motus-tt\/#breadcrumb"},"inLanguage":"es","potentialAction":[{"@type":"ReadAction","target":["https:\/\/www.sunroom.it\/it\/producto\/motus-tt\/"]}]},{"@type":"ImageObject","inLanguage":"es","@id":"https:\/\/www.sunroom.it\/it\/producto\/motus-tt\/#primaryimage","url":"https:\/\/www.sunroom.it\/wp-content\/uploads\/2020\/07\/MOTUSTT_1500X1300_LIMBO.jpg","contentUrl":"https:\/\/www.sunroom.it\/wp-content\/uploads\/2020\/07\/MOTUSTT_1500X1300_LIMBO.jpg","width":1500,"height":1300},{"@type":"BreadcrumbList","@id":"https:\/\/www.sunroom.it\/it\/producto\/motus-tt\/#breadcrumb","itemListElement":[{"@type":"ListItem","position":1,"name":"Home","item":"https:\/\/www.sunroom.it\/es\/"},{"@type":"ListItem","position":2,"name":"Tienda","item":"https:\/\/www.sunroom.it\/es\/tienda\/"},{"@type":"ListItem","position":3,"name":"Motus TT"}]},{"@type":"WebSite","@id":"https:\/\/www.sunroom.it\/it\/#website","url":"https:\/\/www.sunroom.it\/it\/","name":"Sunroom","description":"Sunroom","publisher":{"@id":"https:\/\/www.sunroom.it\/it\/#organization"},"potentialAction":[{"@type":"SearchAction","target":{"@type":"EntryPoint","urlTemplate":"https:\/\/www.sunroom.it\/it\/?s={search_term_string}"},"query-input":{"@type":"PropertyValueSpecification","valueRequired":true,"valueName":"search_term_string"}}],"inLanguage":"es"},{"@type":"Organization","@id":"https:\/\/www.sunroom.it\/it\/#organization","name":"Sunroom","url":"https:\/\/www.sunroom.it\/it\/","logo":{"@type":"ImageObject","inLanguage":"es","@id":"https:\/\/www.sunroom.it\/it\/#\/schema\/logo\/image\/","url":"https:\/\/www.sunroom.it\/wp-content\/uploads\/2021\/07\/sunroom_260x70px.png","contentUrl":"https:\/\/www.sunroom.it\/wp-content\/uploads\/2021\/07\/sunroom_260x70px.png","width":260,"height":70,"caption":"Sunroom"},"image":{"@id":"https:\/\/www.sunroom.it\/it\/#\/schema\/logo\/image\/"}}]}},"_links":{"self":[{"href":"https:\/\/www.sunroom.it\/es\/wp-json\/wp\/v2\/product\/6560","targetHints":{"allow":["GET"]}}],"collection":[{"href":"https:\/\/www.sunroom.it\/es\/wp-json\/wp\/v2\/product"}],"about":[{"href":"https:\/\/www.sunroom.it\/es\/wp-json\/wp\/v2\/types\/product"}],"replies":[{"embeddable":true,"href":"https:\/\/www.sunroom.it\/es\/wp-json\/wp\/v2\/comments?post=6560"}],"wp:featuredmedia":[{"embeddable":true,"href":"https:\/\/www.sunroom.it\/es\/wp-json\/wp\/v2\/media\/1465"}],"wp:attachment":[{"href":"https:\/\/www.sunroom.it\/es\/wp-json\/wp\/v2\/media?parent=6560"}],"wp:term":[{"taxonomy":"product_brand","embeddable":true,"href":"https:\/\/www.sunroom.it\/es\/wp-json\/wp\/v2\/product_brand?post=6560"},{"taxonomy":"product_cat","embeddable":true,"href":"https:\/\/www.sunroom.it\/es\/wp-json\/wp\/v2\/product_cat?post=6560"},{"taxonomy":"product_tag","embeddable":true,"href":"https:\/\/www.sunroom.it\/es\/wp-json\/wp\/v2\/product_tag?post=6560"}],"curies":[{"name":"wp","href":"https:\/\/api.w.org\/{rel}","templated":true}]}}