{"id":6554,"date":"2020-10-17T21:31:23","date_gmt":"2020-10-17T19:59:54","guid":{"rendered":"https:\/\/www.sunroom.it\/prodotto\/clima-tt\/"},"modified":"2023-05-10T06:34:17","modified_gmt":"2023-05-10T04:34:17","slug":"clima-tt","status":"publish","type":"product","link":"https:\/\/www.sunroom.it\/es\/producto\/clima-tt\/","title":{"rendered":"Clima TT"},"content":{"rendered":"<p>Clima TT es el <strong>sistema con rotura de puente t\u00e9rmico para jardines de invierno<\/strong> que te permitir\u00e1 elegir la configuraci\u00f3n m\u00e1s adecuada para tu entorno y entrar en perfecta armon\u00eda con el contexto en el que se aplica. Desde las formas m\u00e1s simples a las m\u00e1s complejas, Clima TT <strong>crea un lugar habitable durante todo el a\u00f1o <\/strong>y proporciona el m\u00e1ximo confort y total relax.<\/p>\n<p>La <strong>calidad est\u00e9tica<\/strong> del jard\u00edn de invierno es evidente en el tama\u00f1o de los perfiles de las vigas de aspecto delgado, que favorecen la entrada de mucha luz solar, y el elegante acabado sin tornillos visibles. El <strong>sistema modular<\/strong> del jard\u00edn de invierno Clima TT permite la realizaci\u00f3n de un <strong>n\u00famero infinito de formas<\/strong>: rectangulares, trapezoidales, poli\u00e9dricas, con punta de diamante para dar rienda suelta a tu creatividad.<\/p>\n<p>Es importante considerar que los <strong>perfiles con rotura de puente t\u00e9rmico<\/strong> a\u00edslan la estructura del fr\u00edo exterior y permiten crear <strong>una aut\u00e9ntica habitaci\u00f3n extra<\/strong>, con la sensaci\u00f3n de estar al aire libre. La <strong>iluminaci\u00f3n led integrada<\/strong> a petici\u00f3n te permitir\u00e1 crear una atm\u00f3sfera \u00fanica.<\/p>\n","protected":false},"excerpt":{"rendered":"<p>Clima TT es el sistema con rotura de puente t\u00e9rmico para jardines de invierno que te permitir\u00e1 elegir la configuraci\u00f3n m\u00e1s adecuada para tu entorno y entrar en perfecta armon\u00eda con el contexto en el que se aplica. Desde las formas m\u00e1s simples a las m\u00e1s complejas, Clima TT crea un lugar habitable durante todoLeggi di pi\u00f9<\/p>\n","protected":false},"featured_media":1407,"comment_status":"closed","ping_status":"closed","template":"","meta":{"_acf_changed":false},"product_brand":[],"product_cat":[139,140],"product_tag":[],"class_list":{"0":"post-6554","1":"product","2":"type-product","3":"status-publish","4":"has-post-thumbnail","6":"product_cat-jardines-de-invierno","7":"product_cat-productos","8":"cat-product-privati-jardin-y-piscina","9":"cat-product-privati-privati-es","10":"cat-product-privati-verande-es","11":"cat-product-contract-contract-es","12":"cat-product-contract-edifici-pubblici-es","13":"cat-product-contract-hotel-es","15":"first","16":"instock","17":"product-type-simple"},"acf":[],"yoast_head":"<!-- This site is optimized with the Yoast SEO plugin v27.1 - https:\/\/yoast.com\/product\/yoast-seo-wordpress\/ -->\n<title>Clima TT - Sunroom<\/title>\n<meta name=\"robots\" content=\"index, follow, max-snippet:-1, max-image-preview:large, max-video-preview:-1\" \/>\n<link rel=\"canonical\" href=\"https:\/\/www.sunroom.it\/it\/producto\/clima-tt\/\" \/>\n<meta property=\"og:locale\" content=\"es_ES\" \/>\n<meta property=\"og:type\" content=\"article\" \/>\n<meta property=\"og:title\" content=\"Clima TT - Sunroom\" \/>\n<meta property=\"og:description\" content=\"Clima TT es el sistema con rotura de puente t\u00e9rmico para jardines de invierno que te permitir\u00e1 elegir la configuraci\u00f3n m\u00e1s adecuada para tu entorno y entrar en perfecta armon\u00eda con el contexto en el que se aplica. Desde las formas m\u00e1s simples a las m\u00e1s complejas, Clima TT crea un lugar habitable durante todoLeggi di pi\u00f9\" \/>\n<meta property=\"og:url\" content=\"https:\/\/www.sunroom.it\/it\/producto\/clima-tt\/\" \/>\n<meta property=\"og:site_name\" content=\"Sunroom\" \/>\n<meta property=\"article:modified_time\" content=\"2023-05-10T04:34:17+00:00\" \/>\n<meta property=\"og:image\" content=\"https:\/\/www.sunroom.it\/wp-content\/uploads\/2020\/07\/CLIMATT_1500x1300_LIMBO.jpg\" \/>\n\t<meta property=\"og:image:width\" content=\"1500\" \/>\n\t<meta property=\"og:image:height\" content=\"1300\" \/>\n\t<meta property=\"og:image:type\" content=\"image\/jpeg\" \/>\n<meta name=\"twitter:card\" content=\"summary_large_image\" \/>\n<meta name=\"twitter:label1\" content=\"Tiempo de lectura\" \/>\n\t<meta name=\"twitter:data1\" content=\"1 minuto\" \/>\n<script type=\"application\/ld+json\" class=\"yoast-schema-graph\">{\"@context\":\"https:\/\/schema.org\",\"@graph\":[{\"@type\":\"WebPage\",\"@id\":\"https:\/\/www.sunroom.it\/it\/producto\/clima-tt\/\",\"url\":\"https:\/\/www.sunroom.it\/it\/producto\/clima-tt\/\",\"name\":\"Clima TT - Sunroom\",\"isPartOf\":{\"@id\":\"https:\/\/www.sunroom.it\/it\/#website\"},\"primaryImageOfPage\":{\"@id\":\"https:\/\/www.sunroom.it\/it\/producto\/clima-tt\/#primaryimage\"},\"image\":{\"@id\":\"https:\/\/www.sunroom.it\/it\/producto\/clima-tt\/#primaryimage\"},\"thumbnailUrl\":\"https:\/\/www.sunroom.it\/wp-content\/uploads\/2020\/07\/CLIMATT_1500x1300_LIMBO.jpg\",\"datePublished\":\"2020-10-17T19:59:54+00:00\",\"dateModified\":\"2023-05-10T04:34:17+00:00\",\"breadcrumb\":{\"@id\":\"https:\/\/www.sunroom.it\/it\/producto\/clima-tt\/#breadcrumb\"},\"inLanguage\":\"es\",\"potentialAction\":[{\"@type\":\"ReadAction\",\"target\":[\"https:\/\/www.sunroom.it\/it\/producto\/clima-tt\/\"]}]},{\"@type\":\"ImageObject\",\"inLanguage\":\"es\",\"@id\":\"https:\/\/www.sunroom.it\/it\/producto\/clima-tt\/#primaryimage\",\"url\":\"https:\/\/www.sunroom.it\/wp-content\/uploads\/2020\/07\/CLIMATT_1500x1300_LIMBO.jpg\",\"contentUrl\":\"https:\/\/www.sunroom.it\/wp-content\/uploads\/2020\/07\/CLIMATT_1500x1300_LIMBO.jpg\",\"width\":1500,\"height\":1300},{\"@type\":\"BreadcrumbList\",\"@id\":\"https:\/\/www.sunroom.it\/it\/producto\/clima-tt\/#breadcrumb\",\"itemListElement\":[{\"@type\":\"ListItem\",\"position\":1,\"name\":\"Home\",\"item\":\"https:\/\/www.sunroom.it\/es\/\"},{\"@type\":\"ListItem\",\"position\":2,\"name\":\"Tienda\",\"item\":\"https:\/\/www.sunroom.it\/es\/tienda\/\"},{\"@type\":\"ListItem\",\"position\":3,\"name\":\"Clima TT\"}]},{\"@type\":\"WebSite\",\"@id\":\"https:\/\/www.sunroom.it\/it\/#website\",\"url\":\"https:\/\/www.sunroom.it\/it\/\",\"name\":\"Sunroom\",\"description\":\"Sunroom\",\"publisher\":{\"@id\":\"https:\/\/www.sunroom.it\/it\/#organization\"},\"potentialAction\":[{\"@type\":\"SearchAction\",\"target\":{\"@type\":\"EntryPoint\",\"urlTemplate\":\"https:\/\/www.sunroom.it\/it\/?s={search_term_string}\"},\"query-input\":{\"@type\":\"PropertyValueSpecification\",\"valueRequired\":true,\"valueName\":\"search_term_string\"}}],\"inLanguage\":\"es\"},{\"@type\":\"Organization\",\"@id\":\"https:\/\/www.sunroom.it\/it\/#organization\",\"name\":\"Sunroom\",\"url\":\"https:\/\/www.sunroom.it\/it\/\",\"logo\":{\"@type\":\"ImageObject\",\"inLanguage\":\"es\",\"@id\":\"https:\/\/www.sunroom.it\/it\/#\/schema\/logo\/image\/\",\"url\":\"https:\/\/www.sunroom.it\/wp-content\/uploads\/2021\/07\/sunroom_260x70px.png\",\"contentUrl\":\"https:\/\/www.sunroom.it\/wp-content\/uploads\/2021\/07\/sunroom_260x70px.png\",\"width\":260,\"height\":70,\"caption\":\"Sunroom\"},\"image\":{\"@id\":\"https:\/\/www.sunroom.it\/it\/#\/schema\/logo\/image\/\"}}]}<\/script>\n<!-- \/ Yoast SEO plugin. -->","yoast_head_json":{"title":"Clima TT - Sunroom","robots":{"index":"index","follow":"follow","max-snippet":"max-snippet:-1","max-image-preview":"max-image-preview:large","max-video-preview":"max-video-preview:-1"},"canonical":"https:\/\/www.sunroom.it\/it\/producto\/clima-tt\/","og_locale":"es_ES","og_type":"article","og_title":"Clima TT - Sunroom","og_description":"Clima TT es el sistema con rotura de puente t\u00e9rmico para jardines de invierno que te permitir\u00e1 elegir la configuraci\u00f3n m\u00e1s adecuada para tu entorno y entrar en perfecta armon\u00eda con el contexto en el que se aplica. Desde las formas m\u00e1s simples a las m\u00e1s complejas, Clima TT crea un lugar habitable durante todoLeggi di pi\u00f9","og_url":"https:\/\/www.sunroom.it\/it\/producto\/clima-tt\/","og_site_name":"Sunroom","article_modified_time":"2023-05-10T04:34:17+00:00","og_image":[{"width":1500,"height":1300,"url":"https:\/\/www.sunroom.it\/wp-content\/uploads\/2020\/07\/CLIMATT_1500x1300_LIMBO.jpg","type":"image\/jpeg"}],"twitter_card":"summary_large_image","twitter_misc":{"Tiempo de lectura":"1 minuto"},"schema":{"@context":"https:\/\/schema.org","@graph":[{"@type":"WebPage","@id":"https:\/\/www.sunroom.it\/it\/producto\/clima-tt\/","url":"https:\/\/www.sunroom.it\/it\/producto\/clima-tt\/","name":"Clima TT - Sunroom","isPartOf":{"@id":"https:\/\/www.sunroom.it\/it\/#website"},"primaryImageOfPage":{"@id":"https:\/\/www.sunroom.it\/it\/producto\/clima-tt\/#primaryimage"},"image":{"@id":"https:\/\/www.sunroom.it\/it\/producto\/clima-tt\/#primaryimage"},"thumbnailUrl":"https:\/\/www.sunroom.it\/wp-content\/uploads\/2020\/07\/CLIMATT_1500x1300_LIMBO.jpg","datePublished":"2020-10-17T19:59:54+00:00","dateModified":"2023-05-10T04:34:17+00:00","breadcrumb":{"@id":"https:\/\/www.sunroom.it\/it\/producto\/clima-tt\/#breadcrumb"},"inLanguage":"es","potentialAction":[{"@type":"ReadAction","target":["https:\/\/www.sunroom.it\/it\/producto\/clima-tt\/"]}]},{"@type":"ImageObject","inLanguage":"es","@id":"https:\/\/www.sunroom.it\/it\/producto\/clima-tt\/#primaryimage","url":"https:\/\/www.sunroom.it\/wp-content\/uploads\/2020\/07\/CLIMATT_1500x1300_LIMBO.jpg","contentUrl":"https:\/\/www.sunroom.it\/wp-content\/uploads\/2020\/07\/CLIMATT_1500x1300_LIMBO.jpg","width":1500,"height":1300},{"@type":"BreadcrumbList","@id":"https:\/\/www.sunroom.it\/it\/producto\/clima-tt\/#breadcrumb","itemListElement":[{"@type":"ListItem","position":1,"name":"Home","item":"https:\/\/www.sunroom.it\/es\/"},{"@type":"ListItem","position":2,"name":"Tienda","item":"https:\/\/www.sunroom.it\/es\/tienda\/"},{"@type":"ListItem","position":3,"name":"Clima TT"}]},{"@type":"WebSite","@id":"https:\/\/www.sunroom.it\/it\/#website","url":"https:\/\/www.sunroom.it\/it\/","name":"Sunroom","description":"Sunroom","publisher":{"@id":"https:\/\/www.sunroom.it\/it\/#organization"},"potentialAction":[{"@type":"SearchAction","target":{"@type":"EntryPoint","urlTemplate":"https:\/\/www.sunroom.it\/it\/?s={search_term_string}"},"query-input":{"@type":"PropertyValueSpecification","valueRequired":true,"valueName":"search_term_string"}}],"inLanguage":"es"},{"@type":"Organization","@id":"https:\/\/www.sunroom.it\/it\/#organization","name":"Sunroom","url":"https:\/\/www.sunroom.it\/it\/","logo":{"@type":"ImageObject","inLanguage":"es","@id":"https:\/\/www.sunroom.it\/it\/#\/schema\/logo\/image\/","url":"https:\/\/www.sunroom.it\/wp-content\/uploads\/2021\/07\/sunroom_260x70px.png","contentUrl":"https:\/\/www.sunroom.it\/wp-content\/uploads\/2021\/07\/sunroom_260x70px.png","width":260,"height":70,"caption":"Sunroom"},"image":{"@id":"https:\/\/www.sunroom.it\/it\/#\/schema\/logo\/image\/"}}]}},"_links":{"self":[{"href":"https:\/\/www.sunroom.it\/es\/wp-json\/wp\/v2\/product\/6554","targetHints":{"allow":["GET"]}}],"collection":[{"href":"https:\/\/www.sunroom.it\/es\/wp-json\/wp\/v2\/product"}],"about":[{"href":"https:\/\/www.sunroom.it\/es\/wp-json\/wp\/v2\/types\/product"}],"replies":[{"embeddable":true,"href":"https:\/\/www.sunroom.it\/es\/wp-json\/wp\/v2\/comments?post=6554"}],"wp:featuredmedia":[{"embeddable":true,"href":"https:\/\/www.sunroom.it\/es\/wp-json\/wp\/v2\/media\/1407"}],"wp:attachment":[{"href":"https:\/\/www.sunroom.it\/es\/wp-json\/wp\/v2\/media?parent=6554"}],"wp:term":[{"taxonomy":"product_brand","embeddable":true,"href":"https:\/\/www.sunroom.it\/es\/wp-json\/wp\/v2\/product_brand?post=6554"},{"taxonomy":"product_cat","embeddable":true,"href":"https:\/\/www.sunroom.it\/es\/wp-json\/wp\/v2\/product_cat?post=6554"},{"taxonomy":"product_tag","embeddable":true,"href":"https:\/\/www.sunroom.it\/es\/wp-json\/wp\/v2\/product_tag?post=6554"}],"curies":[{"name":"wp","href":"https:\/\/api.w.org\/{rel}","templated":true}]}}