{"id":6542,"date":"2020-10-17T21:31:23","date_gmt":"2020-10-17T19:59:54","guid":{"rendered":"https:\/\/www.sunroom.it\/prodotto\/tuttovetro-slide\/"},"modified":"2023-05-10T06:30:56","modified_gmt":"2023-05-10T04:30:56","slug":"tuttovetro-slide","status":"publish","type":"product","link":"https:\/\/www.sunroom.it\/es\/producto\/tuttovetro-slide\/","title":{"rendered":"Tuttovetro Slide"},"content":{"rendered":"<p>Una abertura vidriada es de gran importancia para definir tu entorno: representa su <strong>vista del exterior<\/strong> y realza sus espacios.<\/p>\n<p>El sistema Tuttovetro Slide es la <strong>soluci\u00f3n minimalista<\/strong>&#8211; en t\u00e9rminos de impacto est\u00e9tico: <strong>duradera<\/strong> y resistente a lo largo del tiempo, preferida por aquellos que buscan una garant\u00eda de estabilidad y un estilo inconfundible. Las hojas, <strong>sin perfiles verticales<\/strong>, son siempre hechas<strong> a medida<\/strong> y de <strong>vidrio templado<\/strong> para garantizar la m\u00e1xima seguridad; adem\u00e1s el vidrio tambi\u00e9n ayuda a reducir la contaminaci\u00f3n ac\u00fastica procedente del exterior y aumenta el confort habitacional.<\/p>\n<p>Con el <strong>sistema<\/strong> <strong>corredero paralelo<\/strong> <strong>Tuttovetro Slide<\/strong> puedes personalizar de forma elegante e innovadora tu p\u00e9rgola bioclim\u00e1tica, tu balc\u00f3n, tu patio o cualquier espacio exterior. Los <strong>accesorios de acero inoxidable<\/strong>, la calidad de los materiales utilizados, la atenci\u00f3n a los detalles y, por supuesto, los muchos a\u00f1os de experiencia en la realizaci\u00f3n de cristaleras, marcar\u00e1n la diferencia en la elecci\u00f3n de este tipo de elementos arquitect\u00f3nicos para tu casa o tu local comercial.<\/p>\n","protected":false},"excerpt":{"rendered":"<p>Una abertura vidriada es de gran importancia para definir tu entorno: representa su vista del exterior y realza sus espacios. El sistema Tuttovetro Slide es la soluci\u00f3n minimalista&#8211; en t\u00e9rminos de impacto est\u00e9tico: duradera y resistente a lo largo del tiempo, preferida por aquellos que buscan una garant\u00eda de estabilidad y un estilo inconfundible. LasLeggi di pi\u00f9<\/p>\n","protected":false},"featured_media":1751,"comment_status":"closed","ping_status":"closed","template":"","meta":{"_acf_changed":false},"product_brand":[],"product_cat":[140,152],"product_tag":[],"class_list":{"0":"post-6542","1":"product","2":"type-product","3":"status-publish","4":"has-post-thumbnail","6":"product_cat-productos","7":"product_cat-sistemas-tuttovetro","8":"cat-product-privati-balconi-e-facciate-es","9":"cat-product-privati-cristaleras","10":"cat-product-privati-serre-es","11":"cat-product-privati-patio-es","12":"cat-product-privati-privati-es","13":"cat-product-privati-verande-es","14":"cat-product-contract-stabilimenti-balneari-es","15":"cat-product-contract-bar-es","16":"cat-product-contract-contract-es","17":"cat-product-contract-edifici-pubblici-es","18":"cat-product-contract-gelaterie-es","19":"cat-product-contract-hotel-es","20":"cat-product-contract-restaurantes","22":"first","23":"instock","24":"product-type-simple"},"acf":[],"yoast_head":"<!-- This site is optimized with the Yoast SEO plugin v27.1 - https:\/\/yoast.com\/product\/yoast-seo-wordpress\/ -->\n<title>Tuttovetro Slide - Sunroom<\/title>\n<meta name=\"robots\" content=\"index, follow, max-snippet:-1, max-image-preview:large, max-video-preview:-1\" \/>\n<link rel=\"canonical\" href=\"https:\/\/www.sunroom.it\/es\/producto\/tuttovetro-slide\/\" \/>\n<meta property=\"og:locale\" content=\"es_ES\" \/>\n<meta property=\"og:type\" content=\"article\" \/>\n<meta property=\"og:title\" content=\"Tuttovetro Slide - Sunroom\" \/>\n<meta property=\"og:description\" content=\"Una abertura vidriada es de gran importancia para definir tu entorno: representa su vista del exterior y realza sus espacios. El sistema Tuttovetro Slide es la soluci\u00f3n minimalista&#8211; en t\u00e9rminos de impacto est\u00e9tico: duradera y resistente a lo largo del tiempo, preferida por aquellos que buscan una garant\u00eda de estabilidad y un estilo inconfundible. LasLeggi di pi\u00f9\" \/>\n<meta property=\"og:url\" content=\"https:\/\/www.sunroom.it\/es\/producto\/tuttovetro-slide\/\" \/>\n<meta property=\"og:site_name\" content=\"Sunroom\" \/>\n<meta property=\"article:modified_time\" content=\"2023-05-10T04:30:56+00:00\" \/>\n<meta property=\"og:image\" content=\"https:\/\/www.sunroom.it\/wp-content\/uploads\/2020\/04\/TUTTOVETRO-SLIDE_1500x1300_LIMBO.jpg\" \/>\n\t<meta property=\"og:image:width\" content=\"1500\" \/>\n\t<meta property=\"og:image:height\" content=\"1300\" \/>\n\t<meta property=\"og:image:type\" content=\"image\/jpeg\" \/>\n<meta name=\"twitter:card\" content=\"summary_large_image\" \/>\n<meta name=\"twitter:label1\" content=\"Tiempo de lectura\" \/>\n\t<meta name=\"twitter:data1\" content=\"1 minuto\" \/>\n<script type=\"application\/ld+json\" class=\"yoast-schema-graph\">{\"@context\":\"https:\/\/schema.org\",\"@graph\":[{\"@type\":\"WebPage\",\"@id\":\"https:\/\/www.sunroom.it\/es\/producto\/tuttovetro-slide\/\",\"url\":\"https:\/\/www.sunroom.it\/es\/producto\/tuttovetro-slide\/\",\"name\":\"Tuttovetro Slide - Sunroom\",\"isPartOf\":{\"@id\":\"https:\/\/www.sunroom.it\/it\/#website\"},\"primaryImageOfPage\":{\"@id\":\"https:\/\/www.sunroom.it\/es\/producto\/tuttovetro-slide\/#primaryimage\"},\"image\":{\"@id\":\"https:\/\/www.sunroom.it\/es\/producto\/tuttovetro-slide\/#primaryimage\"},\"thumbnailUrl\":\"https:\/\/www.sunroom.it\/wp-content\/uploads\/2020\/04\/TUTTOVETRO-SLIDE_1500x1300_LIMBO.jpg\",\"datePublished\":\"2020-10-17T19:59:54+00:00\",\"dateModified\":\"2023-05-10T04:30:56+00:00\",\"breadcrumb\":{\"@id\":\"https:\/\/www.sunroom.it\/es\/producto\/tuttovetro-slide\/#breadcrumb\"},\"inLanguage\":\"es\",\"potentialAction\":[{\"@type\":\"ReadAction\",\"target\":[\"https:\/\/www.sunroom.it\/es\/producto\/tuttovetro-slide\/\"]}]},{\"@type\":\"ImageObject\",\"inLanguage\":\"es\",\"@id\":\"https:\/\/www.sunroom.it\/es\/producto\/tuttovetro-slide\/#primaryimage\",\"url\":\"https:\/\/www.sunroom.it\/wp-content\/uploads\/2020\/04\/TUTTOVETRO-SLIDE_1500x1300_LIMBO.jpg\",\"contentUrl\":\"https:\/\/www.sunroom.it\/wp-content\/uploads\/2020\/04\/TUTTOVETRO-SLIDE_1500x1300_LIMBO.jpg\",\"width\":1500,\"height\":1300},{\"@type\":\"BreadcrumbList\",\"@id\":\"https:\/\/www.sunroom.it\/es\/producto\/tuttovetro-slide\/#breadcrumb\",\"itemListElement\":[{\"@type\":\"ListItem\",\"position\":1,\"name\":\"Home\",\"item\":\"https:\/\/www.sunroom.it\/es\/\"},{\"@type\":\"ListItem\",\"position\":2,\"name\":\"Tienda\",\"item\":\"https:\/\/www.sunroom.it\/es\/tienda\/\"},{\"@type\":\"ListItem\",\"position\":3,\"name\":\"Tuttovetro Slide\"}]},{\"@type\":\"WebSite\",\"@id\":\"https:\/\/www.sunroom.it\/it\/#website\",\"url\":\"https:\/\/www.sunroom.it\/it\/\",\"name\":\"Sunroom\",\"description\":\"Sunroom\",\"publisher\":{\"@id\":\"https:\/\/www.sunroom.it\/it\/#organization\"},\"potentialAction\":[{\"@type\":\"SearchAction\",\"target\":{\"@type\":\"EntryPoint\",\"urlTemplate\":\"https:\/\/www.sunroom.it\/it\/?s={search_term_string}\"},\"query-input\":{\"@type\":\"PropertyValueSpecification\",\"valueRequired\":true,\"valueName\":\"search_term_string\"}}],\"inLanguage\":\"es\"},{\"@type\":\"Organization\",\"@id\":\"https:\/\/www.sunroom.it\/it\/#organization\",\"name\":\"Sunroom\",\"url\":\"https:\/\/www.sunroom.it\/it\/\",\"logo\":{\"@type\":\"ImageObject\",\"inLanguage\":\"es\",\"@id\":\"https:\/\/www.sunroom.it\/it\/#\/schema\/logo\/image\/\",\"url\":\"https:\/\/www.sunroom.it\/wp-content\/uploads\/2021\/07\/sunroom_260x70px.png\",\"contentUrl\":\"https:\/\/www.sunroom.it\/wp-content\/uploads\/2021\/07\/sunroom_260x70px.png\",\"width\":260,\"height\":70,\"caption\":\"Sunroom\"},\"image\":{\"@id\":\"https:\/\/www.sunroom.it\/it\/#\/schema\/logo\/image\/\"}}]}<\/script>\n<!-- \/ Yoast SEO plugin. -->","yoast_head_json":{"title":"Tuttovetro Slide - Sunroom","robots":{"index":"index","follow":"follow","max-snippet":"max-snippet:-1","max-image-preview":"max-image-preview:large","max-video-preview":"max-video-preview:-1"},"canonical":"https:\/\/www.sunroom.it\/es\/producto\/tuttovetro-slide\/","og_locale":"es_ES","og_type":"article","og_title":"Tuttovetro Slide - Sunroom","og_description":"Una abertura vidriada es de gran importancia para definir tu entorno: representa su vista del exterior y realza sus espacios. El sistema Tuttovetro Slide es la soluci\u00f3n minimalista&#8211; en t\u00e9rminos de impacto est\u00e9tico: duradera y resistente a lo largo del tiempo, preferida por aquellos que buscan una garant\u00eda de estabilidad y un estilo inconfundible. LasLeggi di pi\u00f9","og_url":"https:\/\/www.sunroom.it\/es\/producto\/tuttovetro-slide\/","og_site_name":"Sunroom","article_modified_time":"2023-05-10T04:30:56+00:00","og_image":[{"width":1500,"height":1300,"url":"https:\/\/www.sunroom.it\/wp-content\/uploads\/2020\/04\/TUTTOVETRO-SLIDE_1500x1300_LIMBO.jpg","type":"image\/jpeg"}],"twitter_card":"summary_large_image","twitter_misc":{"Tiempo de lectura":"1 minuto"},"schema":{"@context":"https:\/\/schema.org","@graph":[{"@type":"WebPage","@id":"https:\/\/www.sunroom.it\/es\/producto\/tuttovetro-slide\/","url":"https:\/\/www.sunroom.it\/es\/producto\/tuttovetro-slide\/","name":"Tuttovetro Slide - Sunroom","isPartOf":{"@id":"https:\/\/www.sunroom.it\/it\/#website"},"primaryImageOfPage":{"@id":"https:\/\/www.sunroom.it\/es\/producto\/tuttovetro-slide\/#primaryimage"},"image":{"@id":"https:\/\/www.sunroom.it\/es\/producto\/tuttovetro-slide\/#primaryimage"},"thumbnailUrl":"https:\/\/www.sunroom.it\/wp-content\/uploads\/2020\/04\/TUTTOVETRO-SLIDE_1500x1300_LIMBO.jpg","datePublished":"2020-10-17T19:59:54+00:00","dateModified":"2023-05-10T04:30:56+00:00","breadcrumb":{"@id":"https:\/\/www.sunroom.it\/es\/producto\/tuttovetro-slide\/#breadcrumb"},"inLanguage":"es","potentialAction":[{"@type":"ReadAction","target":["https:\/\/www.sunroom.it\/es\/producto\/tuttovetro-slide\/"]}]},{"@type":"ImageObject","inLanguage":"es","@id":"https:\/\/www.sunroom.it\/es\/producto\/tuttovetro-slide\/#primaryimage","url":"https:\/\/www.sunroom.it\/wp-content\/uploads\/2020\/04\/TUTTOVETRO-SLIDE_1500x1300_LIMBO.jpg","contentUrl":"https:\/\/www.sunroom.it\/wp-content\/uploads\/2020\/04\/TUTTOVETRO-SLIDE_1500x1300_LIMBO.jpg","width":1500,"height":1300},{"@type":"BreadcrumbList","@id":"https:\/\/www.sunroom.it\/es\/producto\/tuttovetro-slide\/#breadcrumb","itemListElement":[{"@type":"ListItem","position":1,"name":"Home","item":"https:\/\/www.sunroom.it\/es\/"},{"@type":"ListItem","position":2,"name":"Tienda","item":"https:\/\/www.sunroom.it\/es\/tienda\/"},{"@type":"ListItem","position":3,"name":"Tuttovetro Slide"}]},{"@type":"WebSite","@id":"https:\/\/www.sunroom.it\/it\/#website","url":"https:\/\/www.sunroom.it\/it\/","name":"Sunroom","description":"Sunroom","publisher":{"@id":"https:\/\/www.sunroom.it\/it\/#organization"},"potentialAction":[{"@type":"SearchAction","target":{"@type":"EntryPoint","urlTemplate":"https:\/\/www.sunroom.it\/it\/?s={search_term_string}"},"query-input":{"@type":"PropertyValueSpecification","valueRequired":true,"valueName":"search_term_string"}}],"inLanguage":"es"},{"@type":"Organization","@id":"https:\/\/www.sunroom.it\/it\/#organization","name":"Sunroom","url":"https:\/\/www.sunroom.it\/it\/","logo":{"@type":"ImageObject","inLanguage":"es","@id":"https:\/\/www.sunroom.it\/it\/#\/schema\/logo\/image\/","url":"https:\/\/www.sunroom.it\/wp-content\/uploads\/2021\/07\/sunroom_260x70px.png","contentUrl":"https:\/\/www.sunroom.it\/wp-content\/uploads\/2021\/07\/sunroom_260x70px.png","width":260,"height":70,"caption":"Sunroom"},"image":{"@id":"https:\/\/www.sunroom.it\/it\/#\/schema\/logo\/image\/"}}]}},"_links":{"self":[{"href":"https:\/\/www.sunroom.it\/es\/wp-json\/wp\/v2\/product\/6542","targetHints":{"allow":["GET"]}}],"collection":[{"href":"https:\/\/www.sunroom.it\/es\/wp-json\/wp\/v2\/product"}],"about":[{"href":"https:\/\/www.sunroom.it\/es\/wp-json\/wp\/v2\/types\/product"}],"replies":[{"embeddable":true,"href":"https:\/\/www.sunroom.it\/es\/wp-json\/wp\/v2\/comments?post=6542"}],"wp:featuredmedia":[{"embeddable":true,"href":"https:\/\/www.sunroom.it\/es\/wp-json\/wp\/v2\/media\/1751"}],"wp:attachment":[{"href":"https:\/\/www.sunroom.it\/es\/wp-json\/wp\/v2\/media?parent=6542"}],"wp:term":[{"taxonomy":"product_brand","embeddable":true,"href":"https:\/\/www.sunroom.it\/es\/wp-json\/wp\/v2\/product_brand?post=6542"},{"taxonomy":"product_cat","embeddable":true,"href":"https:\/\/www.sunroom.it\/es\/wp-json\/wp\/v2\/product_cat?post=6542"},{"taxonomy":"product_tag","embeddable":true,"href":"https:\/\/www.sunroom.it\/es\/wp-json\/wp\/v2\/product_tag?post=6542"}],"curies":[{"name":"wp","href":"https:\/\/api.w.org\/{rel}","templated":true}]}}