{"id":6518,"date":"2020-10-17T21:31:23","date_gmt":"2020-10-17T19:59:54","guid":{"rendered":"https:\/\/www.sunroom.it\/prodotto\/s-70-vertical\/"},"modified":"2023-05-10T06:28:59","modified_gmt":"2023-05-10T04:28:59","slug":"s-70-vertical","status":"publish","type":"product","link":"https:\/\/www.sunroom.it\/es\/producto\/s-70-vertical\/","title":{"rendered":"S.70 Vertical"},"content":{"rendered":"<p>A veces se necesita una soluci\u00f3n compacta para satisfacer las nuevas necesidades habitacionales: un escritorio que no estaba antes, un nuevo entorno por crear&#8230; con el sistema S.70 con movimiento vertical puedes <strong>aprovechar al m\u00e1ximo todas las superficies<\/strong>, sin ocupar espacios adicionales.<\/p>\n<p>Tambi\u00e9n es ideal para locales comerciales donde el <strong>bioclima<\/strong> interno, que se crea gracias a la ventilaci\u00f3n natural, favorece una estancia agradable y saludable. Su <strong>dispositivo antica\u00edda con marcado CE<\/strong> garantiza la seguridad en cualquier situaci\u00f3n: el <strong>sistema motorizado<\/strong> es controlado por un bot\u00f3n de \u00abhombre presente\u00bb y su elevaci\u00f3n se produce por medio de cables de acero. Adem\u00e1s, las gu\u00edas de la estructura tienen una forma especial que, ante la fuerza del viento, proporcionan a la junta una perfecta base de <strong>apoyo<\/strong> y <strong>estanqueidad<\/strong>.<\/p>\n<p>Disponible con perfiles no aislados o con rotura de puente t\u00e9rmico, la cristalera corredera S. 70 vertical permite su realizaci\u00f3n con dos, tres o cuatro para la m\u00e1xima <strong>personalizaci\u00f3n<\/strong>. Por \u00faltimo, la disposici\u00f3n horizontal de las hojas, con espacios libres de m\u00e1s de tres metros, favorece <strong>una amplia visi\u00f3n hacia el exterior<\/strong>, una gran <strong>, modernidad arquitect\u00f3nica<\/strong> y una <strong>luminosidad<\/strong> sin igual.<\/p>\n<p>&nbsp;<\/p>\n","protected":false},"excerpt":{"rendered":"<p>A veces se necesita una soluci\u00f3n compacta para satisfacer las nuevas necesidades habitacionales: un escritorio que no estaba antes, un nuevo entorno por crear&#8230; con el sistema S.70 con movimiento vertical puedes aprovechar al m\u00e1ximo todas las superficies, sin ocupar espacios adicionales. Tambi\u00e9n es ideal para locales comerciales donde el bioclima interno, que se creaLeggi di pi\u00f9<\/p>\n","protected":false},"featured_media":1917,"comment_status":"closed","ping_status":"closed","template":"","meta":{"_acf_changed":false},"product_brand":[],"product_cat":[159,140],"product_tag":[],"class_list":{"0":"post-6518","1":"product","2":"type-product","3":"status-publish","4":"has-post-thumbnail","6":"product_cat-cristaleras-correderas","7":"product_cat-productos","8":"cat-product-privati-cristaleras","9":"cat-product-privati-privati-es","10":"cat-product-privati-verande-es","11":"cat-product-contract-bar-es","12":"cat-product-contract-contract-es","13":"cat-product-contract-gelaterie-es","14":"cat-product-contract-hotel-es","15":"cat-product-contract-restaurantes","17":"first","18":"instock","19":"product-type-simple"},"acf":[],"yoast_head":"<!-- This site is optimized with the Yoast SEO plugin v27.1 - https:\/\/yoast.com\/product\/yoast-seo-wordpress\/ -->\n<title>S.70 Vertical - Sunroom<\/title>\n<meta name=\"robots\" content=\"index, follow, max-snippet:-1, max-image-preview:large, max-video-preview:-1\" \/>\n<link rel=\"canonical\" href=\"https:\/\/www.sunroom.it\/it\/producto\/s-70-verticale\/\" \/>\n<meta property=\"og:locale\" content=\"es_ES\" \/>\n<meta property=\"og:type\" content=\"article\" \/>\n<meta property=\"og:title\" content=\"S.70 Vertical - Sunroom\" \/>\n<meta property=\"og:description\" content=\"A veces se necesita una soluci\u00f3n compacta para satisfacer las nuevas necesidades habitacionales: un escritorio que no estaba antes, un nuevo entorno por crear&#8230; con el sistema S.70 con movimiento vertical puedes aprovechar al m\u00e1ximo todas las superficies, sin ocupar espacios adicionales. Tambi\u00e9n es ideal para locales comerciales donde el bioclima interno, que se creaLeggi di pi\u00f9\" \/>\n<meta property=\"og:url\" content=\"https:\/\/www.sunroom.it\/it\/producto\/s-70-verticale\/\" \/>\n<meta property=\"og:site_name\" content=\"Sunroom\" \/>\n<meta property=\"article:modified_time\" content=\"2023-05-10T04:28:59+00:00\" \/>\n<meta property=\"og:image\" content=\"https:\/\/www.sunroom.it\/wp-content\/uploads\/2020\/04\/S70-VERTICALE_1500X1300_LIMBO.jpg\" \/>\n\t<meta property=\"og:image:width\" content=\"1500\" \/>\n\t<meta property=\"og:image:height\" content=\"1300\" \/>\n\t<meta property=\"og:image:type\" content=\"image\/jpeg\" \/>\n<meta name=\"twitter:card\" content=\"summary_large_image\" \/>\n<meta name=\"twitter:label1\" content=\"Tiempo de lectura\" \/>\n\t<meta name=\"twitter:data1\" content=\"1 minuto\" \/>\n<script type=\"application\/ld+json\" class=\"yoast-schema-graph\">{\"@context\":\"https:\/\/schema.org\",\"@graph\":[{\"@type\":\"WebPage\",\"@id\":\"https:\/\/www.sunroom.it\/it\/producto\/s-70-verticale\/\",\"url\":\"https:\/\/www.sunroom.it\/it\/producto\/s-70-verticale\/\",\"name\":\"S.70 Vertical - Sunroom\",\"isPartOf\":{\"@id\":\"https:\/\/www.sunroom.it\/it\/#website\"},\"primaryImageOfPage\":{\"@id\":\"https:\/\/www.sunroom.it\/it\/producto\/s-70-verticale\/#primaryimage\"},\"image\":{\"@id\":\"https:\/\/www.sunroom.it\/it\/producto\/s-70-verticale\/#primaryimage\"},\"thumbnailUrl\":\"https:\/\/www.sunroom.it\/wp-content\/uploads\/2020\/04\/S70-VERTICALE_1500X1300_LIMBO.jpg\",\"datePublished\":\"2020-10-17T19:59:54+00:00\",\"dateModified\":\"2023-05-10T04:28:59+00:00\",\"breadcrumb\":{\"@id\":\"https:\/\/www.sunroom.it\/it\/producto\/s-70-verticale\/#breadcrumb\"},\"inLanguage\":\"es\",\"potentialAction\":[{\"@type\":\"ReadAction\",\"target\":[\"https:\/\/www.sunroom.it\/it\/producto\/s-70-verticale\/\"]}]},{\"@type\":\"ImageObject\",\"inLanguage\":\"es\",\"@id\":\"https:\/\/www.sunroom.it\/it\/producto\/s-70-verticale\/#primaryimage\",\"url\":\"https:\/\/www.sunroom.it\/wp-content\/uploads\/2020\/04\/S70-VERTICALE_1500X1300_LIMBO.jpg\",\"contentUrl\":\"https:\/\/www.sunroom.it\/wp-content\/uploads\/2020\/04\/S70-VERTICALE_1500X1300_LIMBO.jpg\",\"width\":1500,\"height\":1300},{\"@type\":\"BreadcrumbList\",\"@id\":\"https:\/\/www.sunroom.it\/it\/producto\/s-70-verticale\/#breadcrumb\",\"itemListElement\":[{\"@type\":\"ListItem\",\"position\":1,\"name\":\"Home\",\"item\":\"https:\/\/www.sunroom.it\/es\/\"},{\"@type\":\"ListItem\",\"position\":2,\"name\":\"Tienda\",\"item\":\"https:\/\/www.sunroom.it\/es\/tienda\/\"},{\"@type\":\"ListItem\",\"position\":3,\"name\":\"S.70 Vertical\"}]},{\"@type\":\"WebSite\",\"@id\":\"https:\/\/www.sunroom.it\/it\/#website\",\"url\":\"https:\/\/www.sunroom.it\/it\/\",\"name\":\"Sunroom\",\"description\":\"Sunroom\",\"publisher\":{\"@id\":\"https:\/\/www.sunroom.it\/it\/#organization\"},\"potentialAction\":[{\"@type\":\"SearchAction\",\"target\":{\"@type\":\"EntryPoint\",\"urlTemplate\":\"https:\/\/www.sunroom.it\/it\/?s={search_term_string}\"},\"query-input\":{\"@type\":\"PropertyValueSpecification\",\"valueRequired\":true,\"valueName\":\"search_term_string\"}}],\"inLanguage\":\"es\"},{\"@type\":\"Organization\",\"@id\":\"https:\/\/www.sunroom.it\/it\/#organization\",\"name\":\"Sunroom\",\"url\":\"https:\/\/www.sunroom.it\/it\/\",\"logo\":{\"@type\":\"ImageObject\",\"inLanguage\":\"es\",\"@id\":\"https:\/\/www.sunroom.it\/it\/#\/schema\/logo\/image\/\",\"url\":\"https:\/\/www.sunroom.it\/wp-content\/uploads\/2021\/07\/sunroom_260x70px.png\",\"contentUrl\":\"https:\/\/www.sunroom.it\/wp-content\/uploads\/2021\/07\/sunroom_260x70px.png\",\"width\":260,\"height\":70,\"caption\":\"Sunroom\"},\"image\":{\"@id\":\"https:\/\/www.sunroom.it\/it\/#\/schema\/logo\/image\/\"}}]}<\/script>\n<!-- \/ Yoast SEO plugin. -->","yoast_head_json":{"title":"S.70 Vertical - Sunroom","robots":{"index":"index","follow":"follow","max-snippet":"max-snippet:-1","max-image-preview":"max-image-preview:large","max-video-preview":"max-video-preview:-1"},"canonical":"https:\/\/www.sunroom.it\/it\/producto\/s-70-verticale\/","og_locale":"es_ES","og_type":"article","og_title":"S.70 Vertical - Sunroom","og_description":"A veces se necesita una soluci\u00f3n compacta para satisfacer las nuevas necesidades habitacionales: un escritorio que no estaba antes, un nuevo entorno por crear&#8230; con el sistema S.70 con movimiento vertical puedes aprovechar al m\u00e1ximo todas las superficies, sin ocupar espacios adicionales. Tambi\u00e9n es ideal para locales comerciales donde el bioclima interno, que se creaLeggi di pi\u00f9","og_url":"https:\/\/www.sunroom.it\/it\/producto\/s-70-verticale\/","og_site_name":"Sunroom","article_modified_time":"2023-05-10T04:28:59+00:00","og_image":[{"width":1500,"height":1300,"url":"https:\/\/www.sunroom.it\/wp-content\/uploads\/2020\/04\/S70-VERTICALE_1500X1300_LIMBO.jpg","type":"image\/jpeg"}],"twitter_card":"summary_large_image","twitter_misc":{"Tiempo de lectura":"1 minuto"},"schema":{"@context":"https:\/\/schema.org","@graph":[{"@type":"WebPage","@id":"https:\/\/www.sunroom.it\/it\/producto\/s-70-verticale\/","url":"https:\/\/www.sunroom.it\/it\/producto\/s-70-verticale\/","name":"S.70 Vertical - Sunroom","isPartOf":{"@id":"https:\/\/www.sunroom.it\/it\/#website"},"primaryImageOfPage":{"@id":"https:\/\/www.sunroom.it\/it\/producto\/s-70-verticale\/#primaryimage"},"image":{"@id":"https:\/\/www.sunroom.it\/it\/producto\/s-70-verticale\/#primaryimage"},"thumbnailUrl":"https:\/\/www.sunroom.it\/wp-content\/uploads\/2020\/04\/S70-VERTICALE_1500X1300_LIMBO.jpg","datePublished":"2020-10-17T19:59:54+00:00","dateModified":"2023-05-10T04:28:59+00:00","breadcrumb":{"@id":"https:\/\/www.sunroom.it\/it\/producto\/s-70-verticale\/#breadcrumb"},"inLanguage":"es","potentialAction":[{"@type":"ReadAction","target":["https:\/\/www.sunroom.it\/it\/producto\/s-70-verticale\/"]}]},{"@type":"ImageObject","inLanguage":"es","@id":"https:\/\/www.sunroom.it\/it\/producto\/s-70-verticale\/#primaryimage","url":"https:\/\/www.sunroom.it\/wp-content\/uploads\/2020\/04\/S70-VERTICALE_1500X1300_LIMBO.jpg","contentUrl":"https:\/\/www.sunroom.it\/wp-content\/uploads\/2020\/04\/S70-VERTICALE_1500X1300_LIMBO.jpg","width":1500,"height":1300},{"@type":"BreadcrumbList","@id":"https:\/\/www.sunroom.it\/it\/producto\/s-70-verticale\/#breadcrumb","itemListElement":[{"@type":"ListItem","position":1,"name":"Home","item":"https:\/\/www.sunroom.it\/es\/"},{"@type":"ListItem","position":2,"name":"Tienda","item":"https:\/\/www.sunroom.it\/es\/tienda\/"},{"@type":"ListItem","position":3,"name":"S.70 Vertical"}]},{"@type":"WebSite","@id":"https:\/\/www.sunroom.it\/it\/#website","url":"https:\/\/www.sunroom.it\/it\/","name":"Sunroom","description":"Sunroom","publisher":{"@id":"https:\/\/www.sunroom.it\/it\/#organization"},"potentialAction":[{"@type":"SearchAction","target":{"@type":"EntryPoint","urlTemplate":"https:\/\/www.sunroom.it\/it\/?s={search_term_string}"},"query-input":{"@type":"PropertyValueSpecification","valueRequired":true,"valueName":"search_term_string"}}],"inLanguage":"es"},{"@type":"Organization","@id":"https:\/\/www.sunroom.it\/it\/#organization","name":"Sunroom","url":"https:\/\/www.sunroom.it\/it\/","logo":{"@type":"ImageObject","inLanguage":"es","@id":"https:\/\/www.sunroom.it\/it\/#\/schema\/logo\/image\/","url":"https:\/\/www.sunroom.it\/wp-content\/uploads\/2021\/07\/sunroom_260x70px.png","contentUrl":"https:\/\/www.sunroom.it\/wp-content\/uploads\/2021\/07\/sunroom_260x70px.png","width":260,"height":70,"caption":"Sunroom"},"image":{"@id":"https:\/\/www.sunroom.it\/it\/#\/schema\/logo\/image\/"}}]}},"_links":{"self":[{"href":"https:\/\/www.sunroom.it\/es\/wp-json\/wp\/v2\/product\/6518","targetHints":{"allow":["GET"]}}],"collection":[{"href":"https:\/\/www.sunroom.it\/es\/wp-json\/wp\/v2\/product"}],"about":[{"href":"https:\/\/www.sunroom.it\/es\/wp-json\/wp\/v2\/types\/product"}],"replies":[{"embeddable":true,"href":"https:\/\/www.sunroom.it\/es\/wp-json\/wp\/v2\/comments?post=6518"}],"wp:featuredmedia":[{"embeddable":true,"href":"https:\/\/www.sunroom.it\/es\/wp-json\/wp\/v2\/media\/1917"}],"wp:attachment":[{"href":"https:\/\/www.sunroom.it\/es\/wp-json\/wp\/v2\/media?parent=6518"}],"wp:term":[{"taxonomy":"product_brand","embeddable":true,"href":"https:\/\/www.sunroom.it\/es\/wp-json\/wp\/v2\/product_brand?post=6518"},{"taxonomy":"product_cat","embeddable":true,"href":"https:\/\/www.sunroom.it\/es\/wp-json\/wp\/v2\/product_cat?post=6518"},{"taxonomy":"product_tag","embeddable":true,"href":"https:\/\/www.sunroom.it\/es\/wp-json\/wp\/v2\/product_tag?post=6518"}],"curies":[{"name":"wp","href":"https:\/\/api.w.org\/{rel}","templated":true}]}}