{"id":6506,"date":"2020-10-17T21:31:23","date_gmt":"2020-10-17T19:59:54","guid":{"rendered":"https:\/\/www.sunroom.it\/prodotto\/s-75-tt\/"},"modified":"2023-05-10T06:28:43","modified_gmt":"2023-05-10T04:28:43","slug":"s-75-tt","status":"publish","type":"product","link":"https:\/\/www.sunroom.it\/es\/producto\/s-75-tt\/","title":{"rendered":"S.75 TT"},"content":{"rendered":"<p>\u00a1Las oportunidades que una cristalera plegable puede darte son verdaderamente infinitas! Elegante y original, se convierte en un <strong>verdadero complemento de decoraci\u00f3n<\/strong> capaz de satisfacer cualquier exigencia de dise\u00f1o: la cristalera plegable S.75 TT se puede <strong>plegar completamente<\/strong> para \u00abcruzar\u00bb los l\u00edmites entre el interior y el exterior y ofrecerte la <strong>m\u00e1xima libertad constructiva<\/strong> y de creaci\u00f3n de espacios.<\/p>\n<p>Sus hojas siempre se realizan <strong>a medida<\/strong>, mientras que las gu\u00edas superiores e inferiores y los topes laterales forman una estructura cerrada y tienen dobles juntas que act\u00faan en compresi\u00f3n para un <strong>rendimiento<\/strong> <strong>excepcional<\/strong>. El sistema especial de cristalera plegable S. 75 TT tambi\u00e9n es ideal para zonas clim\u00e1ticas en las que la resistencia a la intemperie, la estanqueidad y el aislamiento termoac\u00fastico son primordiales. La <strong>rotura de puente t\u00e9rmico<\/strong> se logra mediante Baresras de poliamida de 28 mm para promover un <strong>confort habitacional \u00f3ptimo<\/strong> y una mayor <strong>eficiencia energ\u00e9tica<\/strong>.<\/p>\n<p>Los <strong>accesorios especialmente dise\u00f1ados<\/strong> concilian la necesidad de soportar grandes pesos con una est\u00e9tica innovadora, en particular en lo que respecta a las <strong>bisagras<\/strong> y los <strong>carros de aluminio anodizado y acero inoxidable<\/strong>, as\u00ed como los <strong>tiradores<\/strong> de formas cuadradas y minimalistas.<\/p>\n<p>El <strong>plegado en fuelle es muy f\u00e1cil<\/strong>, r\u00e1pido y silencioso, puede situarse en un lado tanto a la derecha como a la izquierda, o para cristaleras grandes, tambi\u00e9n se puede dividir en ambos lados. \u00a1Con la cristalera plegable S. 75 TT podr\u00e1s lograr el <strong>bienestar<\/strong> en el <strong>entorno<\/strong> que siempre has deseado, donde la temperatura, la luminosidad y el confort se convierten en sin\u00f3nimo de tu comodidad en casa!<\/p>\n","protected":false},"excerpt":{"rendered":"<p>\u00a1Las oportunidades que una cristalera plegable puede darte son verdaderamente infinitas! Elegante y original, se convierte en un verdadero complemento de decoraci\u00f3n capaz de satisfacer cualquier exigencia de dise\u00f1o: la cristalera plegable S.75 TT se puede plegar completamente para \u00abcruzar\u00bb los l\u00edmites entre el interior y el exterior y ofrecerte la m\u00e1xima libertad constructiva yLeggi di pi\u00f9<\/p>\n","protected":false},"featured_media":1784,"comment_status":"closed","ping_status":"closed","template":"","meta":{"_acf_changed":false},"product_brand":[],"product_cat":[156,140],"product_tag":[],"class_list":{"0":"post-6506","1":"product","2":"type-product","3":"status-publish","4":"has-post-thumbnail","6":"product_cat-cristaleras-plegables","7":"product_cat-productos","8":"cat-product-privati-cristaleras","9":"cat-product-privati-patio-es","10":"cat-product-privati-privati-es","11":"cat-product-privati-verande-es","12":"cat-product-contract-contract-es","13":"cat-product-contract-edifici-pubblici-es","14":"cat-product-contract-hotel-es","16":"first","17":"instock","18":"product-type-simple"},"acf":[],"yoast_head":"<!-- This site is optimized with the Yoast SEO plugin v27.1 - https:\/\/yoast.com\/product\/yoast-seo-wordpress\/ -->\n<title>S.75 TT - Sunroom<\/title>\n<meta name=\"robots\" content=\"index, follow, max-snippet:-1, max-image-preview:large, max-video-preview:-1\" \/>\n<link rel=\"canonical\" href=\"https:\/\/www.sunroom.it\/it\/producto\/s-75-tt\/\" \/>\n<meta property=\"og:locale\" content=\"es_ES\" \/>\n<meta property=\"og:type\" content=\"article\" \/>\n<meta property=\"og:title\" content=\"S.75 TT - Sunroom\" \/>\n<meta property=\"og:description\" content=\"\u00a1Las oportunidades que una cristalera plegable puede darte son verdaderamente infinitas! Elegante y original, se convierte en un verdadero complemento de decoraci\u00f3n capaz de satisfacer cualquier exigencia de dise\u00f1o: la cristalera plegable S.75 TT se puede plegar completamente para \u00abcruzar\u00bb los l\u00edmites entre el interior y el exterior y ofrecerte la m\u00e1xima libertad constructiva yLeggi di pi\u00f9\" \/>\n<meta property=\"og:url\" content=\"https:\/\/www.sunroom.it\/it\/producto\/s-75-tt\/\" \/>\n<meta property=\"og:site_name\" content=\"Sunroom\" \/>\n<meta property=\"article:modified_time\" content=\"2023-05-10T04:28:43+00:00\" \/>\n<meta property=\"og:image\" content=\"https:\/\/www.sunroom.it\/wp-content\/uploads\/2020\/04\/S75TT_1500x1300_LIMBO.jpg\" \/>\n\t<meta property=\"og:image:width\" content=\"1500\" \/>\n\t<meta property=\"og:image:height\" content=\"1300\" \/>\n\t<meta property=\"og:image:type\" content=\"image\/jpeg\" \/>\n<meta name=\"twitter:card\" content=\"summary_large_image\" \/>\n<meta name=\"twitter:label1\" content=\"Tiempo de lectura\" \/>\n\t<meta name=\"twitter:data1\" content=\"2 minutos\" \/>\n<script type=\"application\/ld+json\" class=\"yoast-schema-graph\">{\"@context\":\"https:\/\/schema.org\",\"@graph\":[{\"@type\":\"WebPage\",\"@id\":\"https:\/\/www.sunroom.it\/it\/producto\/s-75-tt\/\",\"url\":\"https:\/\/www.sunroom.it\/it\/producto\/s-75-tt\/\",\"name\":\"S.75 TT - Sunroom\",\"isPartOf\":{\"@id\":\"https:\/\/www.sunroom.it\/it\/#website\"},\"primaryImageOfPage\":{\"@id\":\"https:\/\/www.sunroom.it\/it\/producto\/s-75-tt\/#primaryimage\"},\"image\":{\"@id\":\"https:\/\/www.sunroom.it\/it\/producto\/s-75-tt\/#primaryimage\"},\"thumbnailUrl\":\"https:\/\/www.sunroom.it\/wp-content\/uploads\/2020\/04\/S75TT_1500x1300_LIMBO.jpg\",\"datePublished\":\"2020-10-17T19:59:54+00:00\",\"dateModified\":\"2023-05-10T04:28:43+00:00\",\"breadcrumb\":{\"@id\":\"https:\/\/www.sunroom.it\/it\/producto\/s-75-tt\/#breadcrumb\"},\"inLanguage\":\"es\",\"potentialAction\":[{\"@type\":\"ReadAction\",\"target\":[\"https:\/\/www.sunroom.it\/it\/producto\/s-75-tt\/\"]}]},{\"@type\":\"ImageObject\",\"inLanguage\":\"es\",\"@id\":\"https:\/\/www.sunroom.it\/it\/producto\/s-75-tt\/#primaryimage\",\"url\":\"https:\/\/www.sunroom.it\/wp-content\/uploads\/2020\/04\/S75TT_1500x1300_LIMBO.jpg\",\"contentUrl\":\"https:\/\/www.sunroom.it\/wp-content\/uploads\/2020\/04\/S75TT_1500x1300_LIMBO.jpg\",\"width\":1500,\"height\":1300},{\"@type\":\"BreadcrumbList\",\"@id\":\"https:\/\/www.sunroom.it\/it\/producto\/s-75-tt\/#breadcrumb\",\"itemListElement\":[{\"@type\":\"ListItem\",\"position\":1,\"name\":\"Home\",\"item\":\"https:\/\/www.sunroom.it\/es\/\"},{\"@type\":\"ListItem\",\"position\":2,\"name\":\"Tienda\",\"item\":\"https:\/\/www.sunroom.it\/es\/tienda\/\"},{\"@type\":\"ListItem\",\"position\":3,\"name\":\"S.75 TT\"}]},{\"@type\":\"WebSite\",\"@id\":\"https:\/\/www.sunroom.it\/it\/#website\",\"url\":\"https:\/\/www.sunroom.it\/it\/\",\"name\":\"Sunroom\",\"description\":\"Sunroom\",\"publisher\":{\"@id\":\"https:\/\/www.sunroom.it\/it\/#organization\"},\"potentialAction\":[{\"@type\":\"SearchAction\",\"target\":{\"@type\":\"EntryPoint\",\"urlTemplate\":\"https:\/\/www.sunroom.it\/it\/?s={search_term_string}\"},\"query-input\":{\"@type\":\"PropertyValueSpecification\",\"valueRequired\":true,\"valueName\":\"search_term_string\"}}],\"inLanguage\":\"es\"},{\"@type\":\"Organization\",\"@id\":\"https:\/\/www.sunroom.it\/it\/#organization\",\"name\":\"Sunroom\",\"url\":\"https:\/\/www.sunroom.it\/it\/\",\"logo\":{\"@type\":\"ImageObject\",\"inLanguage\":\"es\",\"@id\":\"https:\/\/www.sunroom.it\/it\/#\/schema\/logo\/image\/\",\"url\":\"https:\/\/www.sunroom.it\/wp-content\/uploads\/2021\/07\/sunroom_260x70px.png\",\"contentUrl\":\"https:\/\/www.sunroom.it\/wp-content\/uploads\/2021\/07\/sunroom_260x70px.png\",\"width\":260,\"height\":70,\"caption\":\"Sunroom\"},\"image\":{\"@id\":\"https:\/\/www.sunroom.it\/it\/#\/schema\/logo\/image\/\"}}]}<\/script>\n<!-- \/ Yoast SEO plugin. -->","yoast_head_json":{"title":"S.75 TT - Sunroom","robots":{"index":"index","follow":"follow","max-snippet":"max-snippet:-1","max-image-preview":"max-image-preview:large","max-video-preview":"max-video-preview:-1"},"canonical":"https:\/\/www.sunroom.it\/it\/producto\/s-75-tt\/","og_locale":"es_ES","og_type":"article","og_title":"S.75 TT - Sunroom","og_description":"\u00a1Las oportunidades que una cristalera plegable puede darte son verdaderamente infinitas! Elegante y original, se convierte en un verdadero complemento de decoraci\u00f3n capaz de satisfacer cualquier exigencia de dise\u00f1o: la cristalera plegable S.75 TT se puede plegar completamente para \u00abcruzar\u00bb los l\u00edmites entre el interior y el exterior y ofrecerte la m\u00e1xima libertad constructiva yLeggi di pi\u00f9","og_url":"https:\/\/www.sunroom.it\/it\/producto\/s-75-tt\/","og_site_name":"Sunroom","article_modified_time":"2023-05-10T04:28:43+00:00","og_image":[{"width":1500,"height":1300,"url":"https:\/\/www.sunroom.it\/wp-content\/uploads\/2020\/04\/S75TT_1500x1300_LIMBO.jpg","type":"image\/jpeg"}],"twitter_card":"summary_large_image","twitter_misc":{"Tiempo de lectura":"2 minutos"},"schema":{"@context":"https:\/\/schema.org","@graph":[{"@type":"WebPage","@id":"https:\/\/www.sunroom.it\/it\/producto\/s-75-tt\/","url":"https:\/\/www.sunroom.it\/it\/producto\/s-75-tt\/","name":"S.75 TT - Sunroom","isPartOf":{"@id":"https:\/\/www.sunroom.it\/it\/#website"},"primaryImageOfPage":{"@id":"https:\/\/www.sunroom.it\/it\/producto\/s-75-tt\/#primaryimage"},"image":{"@id":"https:\/\/www.sunroom.it\/it\/producto\/s-75-tt\/#primaryimage"},"thumbnailUrl":"https:\/\/www.sunroom.it\/wp-content\/uploads\/2020\/04\/S75TT_1500x1300_LIMBO.jpg","datePublished":"2020-10-17T19:59:54+00:00","dateModified":"2023-05-10T04:28:43+00:00","breadcrumb":{"@id":"https:\/\/www.sunroom.it\/it\/producto\/s-75-tt\/#breadcrumb"},"inLanguage":"es","potentialAction":[{"@type":"ReadAction","target":["https:\/\/www.sunroom.it\/it\/producto\/s-75-tt\/"]}]},{"@type":"ImageObject","inLanguage":"es","@id":"https:\/\/www.sunroom.it\/it\/producto\/s-75-tt\/#primaryimage","url":"https:\/\/www.sunroom.it\/wp-content\/uploads\/2020\/04\/S75TT_1500x1300_LIMBO.jpg","contentUrl":"https:\/\/www.sunroom.it\/wp-content\/uploads\/2020\/04\/S75TT_1500x1300_LIMBO.jpg","width":1500,"height":1300},{"@type":"BreadcrumbList","@id":"https:\/\/www.sunroom.it\/it\/producto\/s-75-tt\/#breadcrumb","itemListElement":[{"@type":"ListItem","position":1,"name":"Home","item":"https:\/\/www.sunroom.it\/es\/"},{"@type":"ListItem","position":2,"name":"Tienda","item":"https:\/\/www.sunroom.it\/es\/tienda\/"},{"@type":"ListItem","position":3,"name":"S.75 TT"}]},{"@type":"WebSite","@id":"https:\/\/www.sunroom.it\/it\/#website","url":"https:\/\/www.sunroom.it\/it\/","name":"Sunroom","description":"Sunroom","publisher":{"@id":"https:\/\/www.sunroom.it\/it\/#organization"},"potentialAction":[{"@type":"SearchAction","target":{"@type":"EntryPoint","urlTemplate":"https:\/\/www.sunroom.it\/it\/?s={search_term_string}"},"query-input":{"@type":"PropertyValueSpecification","valueRequired":true,"valueName":"search_term_string"}}],"inLanguage":"es"},{"@type":"Organization","@id":"https:\/\/www.sunroom.it\/it\/#organization","name":"Sunroom","url":"https:\/\/www.sunroom.it\/it\/","logo":{"@type":"ImageObject","inLanguage":"es","@id":"https:\/\/www.sunroom.it\/it\/#\/schema\/logo\/image\/","url":"https:\/\/www.sunroom.it\/wp-content\/uploads\/2021\/07\/sunroom_260x70px.png","contentUrl":"https:\/\/www.sunroom.it\/wp-content\/uploads\/2021\/07\/sunroom_260x70px.png","width":260,"height":70,"caption":"Sunroom"},"image":{"@id":"https:\/\/www.sunroom.it\/it\/#\/schema\/logo\/image\/"}}]}},"_links":{"self":[{"href":"https:\/\/www.sunroom.it\/es\/wp-json\/wp\/v2\/product\/6506","targetHints":{"allow":["GET"]}}],"collection":[{"href":"https:\/\/www.sunroom.it\/es\/wp-json\/wp\/v2\/product"}],"about":[{"href":"https:\/\/www.sunroom.it\/es\/wp-json\/wp\/v2\/types\/product"}],"replies":[{"embeddable":true,"href":"https:\/\/www.sunroom.it\/es\/wp-json\/wp\/v2\/comments?post=6506"}],"wp:featuredmedia":[{"embeddable":true,"href":"https:\/\/www.sunroom.it\/es\/wp-json\/wp\/v2\/media\/1784"}],"wp:attachment":[{"href":"https:\/\/www.sunroom.it\/es\/wp-json\/wp\/v2\/media?parent=6506"}],"wp:term":[{"taxonomy":"product_brand","embeddable":true,"href":"https:\/\/www.sunroom.it\/es\/wp-json\/wp\/v2\/product_brand?post=6506"},{"taxonomy":"product_cat","embeddable":true,"href":"https:\/\/www.sunroom.it\/es\/wp-json\/wp\/v2\/product_cat?post=6506"},{"taxonomy":"product_tag","embeddable":true,"href":"https:\/\/www.sunroom.it\/es\/wp-json\/wp\/v2\/product_tag?post=6506"}],"curies":[{"name":"wp","href":"https:\/\/api.w.org\/{rel}","templated":true}]}}