{"id":14750,"date":"2023-04-17T06:00:24","date_gmt":"2023-04-16T04:00:24","guid":{"rendered":"https:\/\/www.sunroom.it\/?post_type=product&#038;p=14750"},"modified":"2023-05-10T06:31:12","modified_gmt":"2023-05-10T04:31:12","slug":"tuttovetro-floor","status":"publish","type":"product","link":"https:\/\/www.sunroom.it\/es\/producto\/tuttovetro-floor\/","title":{"rendered":"Tuttovetro Floor"},"content":{"rendered":"<p><strong>Tuttovetro Floor<\/strong> representa la soluci\u00f3n de vidrio plegable sin perfiles verticales para dar la m\u00e1xima luminosidad a su entorno. El deslizamiento inferior mejora la apertura de las puertas, asegurando una mayor estabilidad incluso bajo estructuras ligeramente irregulares.<\/p>\n<p>Cada hoja se puede abrir individualmente y aparcar en un lado, lo que permite una transici\u00f3n suave del interior al exterior y, por lo tanto, armoniza el interior y el exterior. La gu\u00eda superior extremadamente delgada y la inferior con una altura de menos de 20 mm aligeran la est\u00e9tica y hacen que Tuttovetro Floor sea casi invisible.<\/p>\n<p>Tuttovetro es puro dise\u00f1o y practicidad: ideal para cerrar tu p\u00e9rgola bioclim\u00e1tica, invernadero solar, balc\u00f3n o p\u00f3rtico. La convivencia, la practicidad, la supresi\u00f3n del l\u00edmite entre el interior y el exterior son los puntos clave de nuestra cristalera Tuttovetro en su versi\u00f3n plegable en fuelle.<\/p>\n","protected":false},"excerpt":{"rendered":"<p>Tuttovetro Floor representa la soluci\u00f3n de vidrio plegable sin perfiles verticales para dar la m\u00e1xima luminosidad a su entorno. El deslizamiento inferior mejora la apertura de las puertas, asegurando una mayor estabilidad incluso bajo estructuras ligeramente irregulares. Cada hoja se puede abrir individualmente y aparcar en un lado, lo que permite una transici\u00f3n suave delLeggi di pi\u00f9<\/p>\n","protected":false},"featured_media":14756,"comment_status":"closed","ping_status":"closed","template":"","meta":{"_acf_changed":false},"product_brand":[],"product_cat":[140,152],"product_tag":[],"class_list":{"0":"post-14750","1":"product","2":"type-product","3":"status-publish","4":"has-post-thumbnail","6":"product_cat-productos","7":"product_cat-sistemas-tuttovetro","9":"first","10":"instock","11":"product-type-simple"},"acf":[],"yoast_head":"<!-- This site is optimized with the Yoast SEO plugin v27.1 - https:\/\/yoast.com\/product\/yoast-seo-wordpress\/ -->\n<title>Tuttovetro Floor - Sunroom<\/title>\n<meta name=\"robots\" content=\"index, follow, max-snippet:-1, max-image-preview:large, max-video-preview:-1\" \/>\n<link rel=\"canonical\" href=\"https:\/\/www.sunroom.it\/it\/producto\/tuttovetro-floor\/\" \/>\n<meta property=\"og:locale\" content=\"es_ES\" \/>\n<meta property=\"og:type\" content=\"article\" \/>\n<meta property=\"og:title\" content=\"Tuttovetro Floor - Sunroom\" \/>\n<meta property=\"og:description\" content=\"Tuttovetro Floor representa la soluci\u00f3n de vidrio plegable sin perfiles verticales para dar la m\u00e1xima luminosidad a su entorno. El deslizamiento inferior mejora la apertura de las puertas, asegurando una mayor estabilidad incluso bajo estructuras ligeramente irregulares. Cada hoja se puede abrir individualmente y aparcar en un lado, lo que permite una transici\u00f3n suave delLeggi di pi\u00f9\" \/>\n<meta property=\"og:url\" content=\"https:\/\/www.sunroom.it\/it\/producto\/tuttovetro-floor\/\" \/>\n<meta property=\"og:site_name\" content=\"Sunroom\" \/>\n<meta property=\"article:modified_time\" content=\"2023-05-10T04:31:12+00:00\" \/>\n<meta property=\"og:image\" content=\"https:\/\/www.sunroom.it\/wp-content\/uploads\/2023\/04\/TuttovetroFloor_generale_web.jpg\" \/>\n\t<meta property=\"og:image:width\" content=\"1500\" \/>\n\t<meta property=\"og:image:height\" content=\"1300\" \/>\n\t<meta property=\"og:image:type\" content=\"image\/jpeg\" \/>\n<meta name=\"twitter:card\" content=\"summary_large_image\" \/>\n<meta name=\"twitter:label1\" content=\"Tiempo de lectura\" \/>\n\t<meta name=\"twitter:data1\" content=\"1 minuto\" \/>\n<script type=\"application\/ld+json\" class=\"yoast-schema-graph\">{\"@context\":\"https:\/\/schema.org\",\"@graph\":[{\"@type\":\"WebPage\",\"@id\":\"https:\/\/www.sunroom.it\/it\/producto\/tuttovetro-floor\/\",\"url\":\"https:\/\/www.sunroom.it\/it\/producto\/tuttovetro-floor\/\",\"name\":\"Tuttovetro Floor - Sunroom\",\"isPartOf\":{\"@id\":\"https:\/\/www.sunroom.it\/it\/#website\"},\"primaryImageOfPage\":{\"@id\":\"https:\/\/www.sunroom.it\/it\/producto\/tuttovetro-floor\/#primaryimage\"},\"image\":{\"@id\":\"https:\/\/www.sunroom.it\/it\/producto\/tuttovetro-floor\/#primaryimage\"},\"thumbnailUrl\":\"https:\/\/www.sunroom.it\/wp-content\/uploads\/2023\/04\/TuttovetroFloor_generale_web.jpg\",\"datePublished\":\"2023-04-16T04:00:24+00:00\",\"dateModified\":\"2023-05-10T04:31:12+00:00\",\"breadcrumb\":{\"@id\":\"https:\/\/www.sunroom.it\/it\/producto\/tuttovetro-floor\/#breadcrumb\"},\"inLanguage\":\"es\",\"potentialAction\":[{\"@type\":\"ReadAction\",\"target\":[\"https:\/\/www.sunroom.it\/it\/producto\/tuttovetro-floor\/\"]}]},{\"@type\":\"ImageObject\",\"inLanguage\":\"es\",\"@id\":\"https:\/\/www.sunroom.it\/it\/producto\/tuttovetro-floor\/#primaryimage\",\"url\":\"https:\/\/www.sunroom.it\/wp-content\/uploads\/2023\/04\/TuttovetroFloor_generale_web.jpg\",\"contentUrl\":\"https:\/\/www.sunroom.it\/wp-content\/uploads\/2023\/04\/TuttovetroFloor_generale_web.jpg\",\"width\":1500,\"height\":1300},{\"@type\":\"BreadcrumbList\",\"@id\":\"https:\/\/www.sunroom.it\/it\/producto\/tuttovetro-floor\/#breadcrumb\",\"itemListElement\":[{\"@type\":\"ListItem\",\"position\":1,\"name\":\"Home\",\"item\":\"https:\/\/www.sunroom.it\/es\/\"},{\"@type\":\"ListItem\",\"position\":2,\"name\":\"Tienda\",\"item\":\"https:\/\/www.sunroom.it\/es\/tienda\/\"},{\"@type\":\"ListItem\",\"position\":3,\"name\":\"Tuttovetro Floor\"}]},{\"@type\":\"WebSite\",\"@id\":\"https:\/\/www.sunroom.it\/it\/#website\",\"url\":\"https:\/\/www.sunroom.it\/it\/\",\"name\":\"Sunroom\",\"description\":\"Sunroom\",\"publisher\":{\"@id\":\"https:\/\/www.sunroom.it\/it\/#organization\"},\"potentialAction\":[{\"@type\":\"SearchAction\",\"target\":{\"@type\":\"EntryPoint\",\"urlTemplate\":\"https:\/\/www.sunroom.it\/it\/?s={search_term_string}\"},\"query-input\":{\"@type\":\"PropertyValueSpecification\",\"valueRequired\":true,\"valueName\":\"search_term_string\"}}],\"inLanguage\":\"es\"},{\"@type\":\"Organization\",\"@id\":\"https:\/\/www.sunroom.it\/it\/#organization\",\"name\":\"Sunroom\",\"url\":\"https:\/\/www.sunroom.it\/it\/\",\"logo\":{\"@type\":\"ImageObject\",\"inLanguage\":\"es\",\"@id\":\"https:\/\/www.sunroom.it\/it\/#\/schema\/logo\/image\/\",\"url\":\"https:\/\/www.sunroom.it\/wp-content\/uploads\/2021\/07\/sunroom_260x70px.png\",\"contentUrl\":\"https:\/\/www.sunroom.it\/wp-content\/uploads\/2021\/07\/sunroom_260x70px.png\",\"width\":260,\"height\":70,\"caption\":\"Sunroom\"},\"image\":{\"@id\":\"https:\/\/www.sunroom.it\/it\/#\/schema\/logo\/image\/\"}}]}<\/script>\n<!-- \/ Yoast SEO plugin. -->","yoast_head_json":{"title":"Tuttovetro Floor - Sunroom","robots":{"index":"index","follow":"follow","max-snippet":"max-snippet:-1","max-image-preview":"max-image-preview:large","max-video-preview":"max-video-preview:-1"},"canonical":"https:\/\/www.sunroom.it\/it\/producto\/tuttovetro-floor\/","og_locale":"es_ES","og_type":"article","og_title":"Tuttovetro Floor - Sunroom","og_description":"Tuttovetro Floor representa la soluci\u00f3n de vidrio plegable sin perfiles verticales para dar la m\u00e1xima luminosidad a su entorno. El deslizamiento inferior mejora la apertura de las puertas, asegurando una mayor estabilidad incluso bajo estructuras ligeramente irregulares. Cada hoja se puede abrir individualmente y aparcar en un lado, lo que permite una transici\u00f3n suave delLeggi di pi\u00f9","og_url":"https:\/\/www.sunroom.it\/it\/producto\/tuttovetro-floor\/","og_site_name":"Sunroom","article_modified_time":"2023-05-10T04:31:12+00:00","og_image":[{"width":1500,"height":1300,"url":"https:\/\/www.sunroom.it\/wp-content\/uploads\/2023\/04\/TuttovetroFloor_generale_web.jpg","type":"image\/jpeg"}],"twitter_card":"summary_large_image","twitter_misc":{"Tiempo de lectura":"1 minuto"},"schema":{"@context":"https:\/\/schema.org","@graph":[{"@type":"WebPage","@id":"https:\/\/www.sunroom.it\/it\/producto\/tuttovetro-floor\/","url":"https:\/\/www.sunroom.it\/it\/producto\/tuttovetro-floor\/","name":"Tuttovetro Floor - Sunroom","isPartOf":{"@id":"https:\/\/www.sunroom.it\/it\/#website"},"primaryImageOfPage":{"@id":"https:\/\/www.sunroom.it\/it\/producto\/tuttovetro-floor\/#primaryimage"},"image":{"@id":"https:\/\/www.sunroom.it\/it\/producto\/tuttovetro-floor\/#primaryimage"},"thumbnailUrl":"https:\/\/www.sunroom.it\/wp-content\/uploads\/2023\/04\/TuttovetroFloor_generale_web.jpg","datePublished":"2023-04-16T04:00:24+00:00","dateModified":"2023-05-10T04:31:12+00:00","breadcrumb":{"@id":"https:\/\/www.sunroom.it\/it\/producto\/tuttovetro-floor\/#breadcrumb"},"inLanguage":"es","potentialAction":[{"@type":"ReadAction","target":["https:\/\/www.sunroom.it\/it\/producto\/tuttovetro-floor\/"]}]},{"@type":"ImageObject","inLanguage":"es","@id":"https:\/\/www.sunroom.it\/it\/producto\/tuttovetro-floor\/#primaryimage","url":"https:\/\/www.sunroom.it\/wp-content\/uploads\/2023\/04\/TuttovetroFloor_generale_web.jpg","contentUrl":"https:\/\/www.sunroom.it\/wp-content\/uploads\/2023\/04\/TuttovetroFloor_generale_web.jpg","width":1500,"height":1300},{"@type":"BreadcrumbList","@id":"https:\/\/www.sunroom.it\/it\/producto\/tuttovetro-floor\/#breadcrumb","itemListElement":[{"@type":"ListItem","position":1,"name":"Home","item":"https:\/\/www.sunroom.it\/es\/"},{"@type":"ListItem","position":2,"name":"Tienda","item":"https:\/\/www.sunroom.it\/es\/tienda\/"},{"@type":"ListItem","position":3,"name":"Tuttovetro Floor"}]},{"@type":"WebSite","@id":"https:\/\/www.sunroom.it\/it\/#website","url":"https:\/\/www.sunroom.it\/it\/","name":"Sunroom","description":"Sunroom","publisher":{"@id":"https:\/\/www.sunroom.it\/it\/#organization"},"potentialAction":[{"@type":"SearchAction","target":{"@type":"EntryPoint","urlTemplate":"https:\/\/www.sunroom.it\/it\/?s={search_term_string}"},"query-input":{"@type":"PropertyValueSpecification","valueRequired":true,"valueName":"search_term_string"}}],"inLanguage":"es"},{"@type":"Organization","@id":"https:\/\/www.sunroom.it\/it\/#organization","name":"Sunroom","url":"https:\/\/www.sunroom.it\/it\/","logo":{"@type":"ImageObject","inLanguage":"es","@id":"https:\/\/www.sunroom.it\/it\/#\/schema\/logo\/image\/","url":"https:\/\/www.sunroom.it\/wp-content\/uploads\/2021\/07\/sunroom_260x70px.png","contentUrl":"https:\/\/www.sunroom.it\/wp-content\/uploads\/2021\/07\/sunroom_260x70px.png","width":260,"height":70,"caption":"Sunroom"},"image":{"@id":"https:\/\/www.sunroom.it\/it\/#\/schema\/logo\/image\/"}}]}},"_links":{"self":[{"href":"https:\/\/www.sunroom.it\/es\/wp-json\/wp\/v2\/product\/14750","targetHints":{"allow":["GET"]}}],"collection":[{"href":"https:\/\/www.sunroom.it\/es\/wp-json\/wp\/v2\/product"}],"about":[{"href":"https:\/\/www.sunroom.it\/es\/wp-json\/wp\/v2\/types\/product"}],"replies":[{"embeddable":true,"href":"https:\/\/www.sunroom.it\/es\/wp-json\/wp\/v2\/comments?post=14750"}],"wp:featuredmedia":[{"embeddable":true,"href":"https:\/\/www.sunroom.it\/es\/wp-json\/wp\/v2\/media\/14756"}],"wp:attachment":[{"href":"https:\/\/www.sunroom.it\/es\/wp-json\/wp\/v2\/media?parent=14750"}],"wp:term":[{"taxonomy":"product_brand","embeddable":true,"href":"https:\/\/www.sunroom.it\/es\/wp-json\/wp\/v2\/product_brand?post=14750"},{"taxonomy":"product_cat","embeddable":true,"href":"https:\/\/www.sunroom.it\/es\/wp-json\/wp\/v2\/product_cat?post=14750"},{"taxonomy":"product_tag","embeddable":true,"href":"https:\/\/www.sunroom.it\/es\/wp-json\/wp\/v2\/product_tag?post=14750"}],"curies":[{"name":"wp","href":"https:\/\/api.w.org\/{rel}","templated":true}]}}