{"id":11016,"date":"2022-05-13T13:40:06","date_gmt":"2022-05-13T11:40:08","guid":{"rendered":"http:\/\/www.sunroom.it\/?post_type=product&#038;p=11016"},"modified":"2023-05-10T06:35:52","modified_gmt":"2023-05-10T04:35:52","slug":"oskura-waterproof-unica","status":"publish","type":"product","link":"https:\/\/www.sunroom.it\/es\/producto\/oskura-waterproof-unica\/","title":{"rendered":"Oskura Unica"},"content":{"rendered":"<p><strong>Oskura Unica<\/strong> es la exclusiva <strong>p\u00e9rgola bioclim\u00e1tica con movimiento de orientaci\u00f3n y plegado completamente independientes.\u00a0 <\/strong>Nuevas vistas, nuevos horizontes, nueva excelencia tecnol\u00f3gica. Hasta 115 grados de orientaci\u00f3n, plegado total, doble movimiento independiente entre s\u00ed, excelente resistencia a la intemperie&#8230; \u00a1definitivamente unica por nombre y por naturaleza!<\/p>\n<p><strong>Producto patentado<\/strong>, para garantizar la seguridad, la protecci\u00f3n y la durabilidad.<\/p>\n<p>La <strong>funci\u00f3n de protecci\u00f3n solar<\/strong>, con la posibilidad de orientar las lamas de 0\u00b0 a 115\u00b0, permite regular la luz solar y el calor en el interior de la p\u00e9rgola, permitiendo su uso durante todo el a\u00f1o.<\/p>\n<p>\u00a1El doble movimiento independiente de rotaci\u00f3n y plegado total de las lamas te har\u00e1 apreciar la belleza de estar bajo una p\u00e9rgola!<\/p>\n<p>Ideal para actividades comerciales, espacios exteriores y para todos los contextos en los que se desea el contacto con la naturaleza, Oskura Unica permite, gracias a su sistema de ventilaci\u00f3n natural, disfrutar del exterior durante todo el a\u00f1o y en cualquier condici\u00f3n clim\u00e1tica.<\/p>\n<p>Modernidad arquitect\u00f3nica, dise\u00f1o en las l\u00edneas y complementos acristalados modulares, total libertad en dimensiones y acabados &#8230;. \u00bfQu\u00e9 m\u00e1s podemos decir?<\/p>\n<p>\u00a1La belleza est\u00e1 aqu\u00ed! <strong>\u00a1Una p\u00e9rgola Sunroom es para toda la vida!<\/strong><\/p>\n<p>&nbsp;<\/p>\n","protected":false},"excerpt":{"rendered":"<p>Oskura Unica es la exclusiva p\u00e9rgola bioclim\u00e1tica con movimiento de orientaci\u00f3n y plegado completamente independientes.\u00a0 Nuevas vistas, nuevos horizontes, nueva excelencia tecnol\u00f3gica. Hasta 115 grados de orientaci\u00f3n, plegado total, doble movimiento independiente entre s\u00ed, excelente resistencia a la intemperie&#8230; \u00a1definitivamente unica por nombre y por naturaleza! Producto patentado, para garantizar la seguridad, la protecci\u00f3n yLeggi di pi\u00f9<\/p>\n","protected":false},"featured_media":11147,"comment_status":"closed","ping_status":"closed","template":"","meta":{"_acf_changed":false},"product_brand":[],"product_cat":[144,140],"product_tag":[],"class_list":{"0":"post-11016","1":"product","2":"type-product","3":"status-publish","4":"has-post-thumbnail","6":"product_cat-pergolas-bioclimaticas","7":"product_cat-productos","9":"first","10":"instock","11":"product-type-simple"},"acf":[],"yoast_head":"<!-- This site is optimized with the Yoast SEO plugin v27.1 - https:\/\/yoast.com\/product\/yoast-seo-wordpress\/ -->\n<title>Oskura Unica - Sunroom<\/title>\n<meta name=\"robots\" content=\"index, follow, max-snippet:-1, max-image-preview:large, max-video-preview:-1\" \/>\n<link rel=\"canonical\" href=\"https:\/\/www.sunroom.it\/it\/producto\/oskura-waterproof-unica\/\" \/>\n<meta property=\"og:locale\" content=\"es_ES\" \/>\n<meta property=\"og:type\" content=\"article\" \/>\n<meta property=\"og:title\" content=\"Oskura Unica - Sunroom\" \/>\n<meta property=\"og:description\" content=\"Oskura Unica es la exclusiva p\u00e9rgola bioclim\u00e1tica con movimiento de orientaci\u00f3n y plegado completamente independientes.\u00a0 Nuevas vistas, nuevos horizontes, nueva excelencia tecnol\u00f3gica. Hasta 115 grados de orientaci\u00f3n, plegado total, doble movimiento independiente entre s\u00ed, excelente resistencia a la intemperie&#8230; \u00a1definitivamente unica por nombre y por naturaleza! Producto patentado, para garantizar la seguridad, la protecci\u00f3n yLeggi di pi\u00f9\" \/>\n<meta property=\"og:url\" content=\"https:\/\/www.sunroom.it\/it\/producto\/oskura-waterproof-unica\/\" \/>\n<meta property=\"og:site_name\" content=\"Sunroom\" \/>\n<meta property=\"article:modified_time\" content=\"2023-05-10T04:35:52+00:00\" \/>\n<meta property=\"og:image\" content=\"https:\/\/www.sunroom.it\/wp-content\/uploads\/2022\/05\/pagCategoria_UNICA_griglia_960x760px_web.jpg\" \/>\n\t<meta property=\"og:image:width\" content=\"960\" \/>\n\t<meta property=\"og:image:height\" content=\"760\" \/>\n\t<meta property=\"og:image:type\" content=\"image\/jpeg\" \/>\n<meta name=\"twitter:card\" content=\"summary_large_image\" \/>\n<meta name=\"twitter:label1\" content=\"Tiempo de lectura\" \/>\n\t<meta name=\"twitter:data1\" content=\"2 minutos\" \/>\n<script type=\"application\/ld+json\" class=\"yoast-schema-graph\">{\"@context\":\"https:\/\/schema.org\",\"@graph\":[{\"@type\":\"WebPage\",\"@id\":\"https:\/\/www.sunroom.it\/it\/producto\/oskura-waterproof-unica\/\",\"url\":\"https:\/\/www.sunroom.it\/it\/producto\/oskura-waterproof-unica\/\",\"name\":\"Oskura Unica - Sunroom\",\"isPartOf\":{\"@id\":\"https:\/\/www.sunroom.it\/it\/#website\"},\"primaryImageOfPage\":{\"@id\":\"https:\/\/www.sunroom.it\/it\/producto\/oskura-waterproof-unica\/#primaryimage\"},\"image\":{\"@id\":\"https:\/\/www.sunroom.it\/it\/producto\/oskura-waterproof-unica\/#primaryimage\"},\"thumbnailUrl\":\"https:\/\/www.sunroom.it\/wp-content\/uploads\/2022\/05\/pagCategoria_UNICA_griglia_960x760px_web.jpg\",\"datePublished\":\"2022-05-13T11:40:08+00:00\",\"dateModified\":\"2023-05-10T04:35:52+00:00\",\"breadcrumb\":{\"@id\":\"https:\/\/www.sunroom.it\/it\/producto\/oskura-waterproof-unica\/#breadcrumb\"},\"inLanguage\":\"es\",\"potentialAction\":[{\"@type\":\"ReadAction\",\"target\":[\"https:\/\/www.sunroom.it\/it\/producto\/oskura-waterproof-unica\/\"]}]},{\"@type\":\"ImageObject\",\"inLanguage\":\"es\",\"@id\":\"https:\/\/www.sunroom.it\/it\/producto\/oskura-waterproof-unica\/#primaryimage\",\"url\":\"https:\/\/www.sunroom.it\/wp-content\/uploads\/2022\/05\/pagCategoria_UNICA_griglia_960x760px_web.jpg\",\"contentUrl\":\"https:\/\/www.sunroom.it\/wp-content\/uploads\/2022\/05\/pagCategoria_UNICA_griglia_960x760px_web.jpg\",\"width\":960,\"height\":760},{\"@type\":\"BreadcrumbList\",\"@id\":\"https:\/\/www.sunroom.it\/it\/producto\/oskura-waterproof-unica\/#breadcrumb\",\"itemListElement\":[{\"@type\":\"ListItem\",\"position\":1,\"name\":\"Home\",\"item\":\"https:\/\/www.sunroom.it\/es\/\"},{\"@type\":\"ListItem\",\"position\":2,\"name\":\"Tienda\",\"item\":\"https:\/\/www.sunroom.it\/es\/tienda\/\"},{\"@type\":\"ListItem\",\"position\":3,\"name\":\"Oskura Unica\"}]},{\"@type\":\"WebSite\",\"@id\":\"https:\/\/www.sunroom.it\/it\/#website\",\"url\":\"https:\/\/www.sunroom.it\/it\/\",\"name\":\"Sunroom\",\"description\":\"Sunroom\",\"publisher\":{\"@id\":\"https:\/\/www.sunroom.it\/it\/#organization\"},\"potentialAction\":[{\"@type\":\"SearchAction\",\"target\":{\"@type\":\"EntryPoint\",\"urlTemplate\":\"https:\/\/www.sunroom.it\/it\/?s={search_term_string}\"},\"query-input\":{\"@type\":\"PropertyValueSpecification\",\"valueRequired\":true,\"valueName\":\"search_term_string\"}}],\"inLanguage\":\"es\"},{\"@type\":\"Organization\",\"@id\":\"https:\/\/www.sunroom.it\/it\/#organization\",\"name\":\"Sunroom\",\"url\":\"https:\/\/www.sunroom.it\/it\/\",\"logo\":{\"@type\":\"ImageObject\",\"inLanguage\":\"es\",\"@id\":\"https:\/\/www.sunroom.it\/it\/#\/schema\/logo\/image\/\",\"url\":\"https:\/\/www.sunroom.it\/wp-content\/uploads\/2021\/07\/sunroom_260x70px.png\",\"contentUrl\":\"https:\/\/www.sunroom.it\/wp-content\/uploads\/2021\/07\/sunroom_260x70px.png\",\"width\":260,\"height\":70,\"caption\":\"Sunroom\"},\"image\":{\"@id\":\"https:\/\/www.sunroom.it\/it\/#\/schema\/logo\/image\/\"}}]}<\/script>\n<!-- \/ Yoast SEO plugin. -->","yoast_head_json":{"title":"Oskura Unica - Sunroom","robots":{"index":"index","follow":"follow","max-snippet":"max-snippet:-1","max-image-preview":"max-image-preview:large","max-video-preview":"max-video-preview:-1"},"canonical":"https:\/\/www.sunroom.it\/it\/producto\/oskura-waterproof-unica\/","og_locale":"es_ES","og_type":"article","og_title":"Oskura Unica - Sunroom","og_description":"Oskura Unica es la exclusiva p\u00e9rgola bioclim\u00e1tica con movimiento de orientaci\u00f3n y plegado completamente independientes.\u00a0 Nuevas vistas, nuevos horizontes, nueva excelencia tecnol\u00f3gica. Hasta 115 grados de orientaci\u00f3n, plegado total, doble movimiento independiente entre s\u00ed, excelente resistencia a la intemperie&#8230; \u00a1definitivamente unica por nombre y por naturaleza! Producto patentado, para garantizar la seguridad, la protecci\u00f3n yLeggi di pi\u00f9","og_url":"https:\/\/www.sunroom.it\/it\/producto\/oskura-waterproof-unica\/","og_site_name":"Sunroom","article_modified_time":"2023-05-10T04:35:52+00:00","og_image":[{"width":960,"height":760,"url":"https:\/\/www.sunroom.it\/wp-content\/uploads\/2022\/05\/pagCategoria_UNICA_griglia_960x760px_web.jpg","type":"image\/jpeg"}],"twitter_card":"summary_large_image","twitter_misc":{"Tiempo de lectura":"2 minutos"},"schema":{"@context":"https:\/\/schema.org","@graph":[{"@type":"WebPage","@id":"https:\/\/www.sunroom.it\/it\/producto\/oskura-waterproof-unica\/","url":"https:\/\/www.sunroom.it\/it\/producto\/oskura-waterproof-unica\/","name":"Oskura Unica - Sunroom","isPartOf":{"@id":"https:\/\/www.sunroom.it\/it\/#website"},"primaryImageOfPage":{"@id":"https:\/\/www.sunroom.it\/it\/producto\/oskura-waterproof-unica\/#primaryimage"},"image":{"@id":"https:\/\/www.sunroom.it\/it\/producto\/oskura-waterproof-unica\/#primaryimage"},"thumbnailUrl":"https:\/\/www.sunroom.it\/wp-content\/uploads\/2022\/05\/pagCategoria_UNICA_griglia_960x760px_web.jpg","datePublished":"2022-05-13T11:40:08+00:00","dateModified":"2023-05-10T04:35:52+00:00","breadcrumb":{"@id":"https:\/\/www.sunroom.it\/it\/producto\/oskura-waterproof-unica\/#breadcrumb"},"inLanguage":"es","potentialAction":[{"@type":"ReadAction","target":["https:\/\/www.sunroom.it\/it\/producto\/oskura-waterproof-unica\/"]}]},{"@type":"ImageObject","inLanguage":"es","@id":"https:\/\/www.sunroom.it\/it\/producto\/oskura-waterproof-unica\/#primaryimage","url":"https:\/\/www.sunroom.it\/wp-content\/uploads\/2022\/05\/pagCategoria_UNICA_griglia_960x760px_web.jpg","contentUrl":"https:\/\/www.sunroom.it\/wp-content\/uploads\/2022\/05\/pagCategoria_UNICA_griglia_960x760px_web.jpg","width":960,"height":760},{"@type":"BreadcrumbList","@id":"https:\/\/www.sunroom.it\/it\/producto\/oskura-waterproof-unica\/#breadcrumb","itemListElement":[{"@type":"ListItem","position":1,"name":"Home","item":"https:\/\/www.sunroom.it\/es\/"},{"@type":"ListItem","position":2,"name":"Tienda","item":"https:\/\/www.sunroom.it\/es\/tienda\/"},{"@type":"ListItem","position":3,"name":"Oskura Unica"}]},{"@type":"WebSite","@id":"https:\/\/www.sunroom.it\/it\/#website","url":"https:\/\/www.sunroom.it\/it\/","name":"Sunroom","description":"Sunroom","publisher":{"@id":"https:\/\/www.sunroom.it\/it\/#organization"},"potentialAction":[{"@type":"SearchAction","target":{"@type":"EntryPoint","urlTemplate":"https:\/\/www.sunroom.it\/it\/?s={search_term_string}"},"query-input":{"@type":"PropertyValueSpecification","valueRequired":true,"valueName":"search_term_string"}}],"inLanguage":"es"},{"@type":"Organization","@id":"https:\/\/www.sunroom.it\/it\/#organization","name":"Sunroom","url":"https:\/\/www.sunroom.it\/it\/","logo":{"@type":"ImageObject","inLanguage":"es","@id":"https:\/\/www.sunroom.it\/it\/#\/schema\/logo\/image\/","url":"https:\/\/www.sunroom.it\/wp-content\/uploads\/2021\/07\/sunroom_260x70px.png","contentUrl":"https:\/\/www.sunroom.it\/wp-content\/uploads\/2021\/07\/sunroom_260x70px.png","width":260,"height":70,"caption":"Sunroom"},"image":{"@id":"https:\/\/www.sunroom.it\/it\/#\/schema\/logo\/image\/"}}]}},"_links":{"self":[{"href":"https:\/\/www.sunroom.it\/es\/wp-json\/wp\/v2\/product\/11016","targetHints":{"allow":["GET"]}}],"collection":[{"href":"https:\/\/www.sunroom.it\/es\/wp-json\/wp\/v2\/product"}],"about":[{"href":"https:\/\/www.sunroom.it\/es\/wp-json\/wp\/v2\/types\/product"}],"replies":[{"embeddable":true,"href":"https:\/\/www.sunroom.it\/es\/wp-json\/wp\/v2\/comments?post=11016"}],"wp:featuredmedia":[{"embeddable":true,"href":"https:\/\/www.sunroom.it\/es\/wp-json\/wp\/v2\/media\/11147"}],"wp:attachment":[{"href":"https:\/\/www.sunroom.it\/es\/wp-json\/wp\/v2\/media?parent=11016"}],"wp:term":[{"taxonomy":"product_brand","embeddable":true,"href":"https:\/\/www.sunroom.it\/es\/wp-json\/wp\/v2\/product_brand?post=11016"},{"taxonomy":"product_cat","embeddable":true,"href":"https:\/\/www.sunroom.it\/es\/wp-json\/wp\/v2\/product_cat?post=11016"},{"taxonomy":"product_tag","embeddable":true,"href":"https:\/\/www.sunroom.it\/es\/wp-json\/wp\/v2\/product_tag?post=11016"}],"curies":[{"name":"wp","href":"https:\/\/api.w.org\/{rel}","templated":true}]}}