{"id":10505,"date":"2021-12-27T10:54:41","date_gmt":"2021-12-27T09:54:41","guid":{"rendered":"https:\/\/www.sunroom.it\/prodotto\/s72-hw\/"},"modified":"2023-08-07T11:15:08","modified_gmt":"2023-08-07T09:15:08","slug":"s72-hw","status":"publish","type":"product","link":"https:\/\/www.sunroom.it\/es\/producto\/s72-hw\/","title":{"rendered":"S.72 HW"},"content":{"rendered":"<p>Serie Ventanas<\/p>\n<p>Bisagras planas<\/p>\n<p>APERTURA INTERNA<\/p>\n<p>Estructura 71 mm &#8211; Hoja 81 mm Vidrios de hasta 50 mm.<\/p>\n<p><em>\u00a0<\/em>AISLAMIENTO T\u00c9RMICO* UF &#8211; 1,49 W\/m<sup>2<\/sup>K<br \/>\nUG &#8211; 0,5 &#8211; Psi 0,031 UW &#8211; 0,86 W\/m<sup>2<\/sup>K<br \/>\n<em>* Aislamiento t\u00e9rmico opcional<\/em><\/p>\n<p><strong>S.72 HW<\/strong> (High-performances Windows), al conservar sin\u00e9rgicamente los armazones de los perfiles y los accesorios de la serie mayor, con la inserci\u00f3n de una innovadora barra de poliamida de 34 mm para permitir la interrupci\u00f3n del puente t\u00e9rmico, es la respuesta adecuada a los requisitos cada vez m\u00e1s exigentes del mercado.<\/p>\n<p>Con <a href=\"https:\/\/www.sunroom.it\/es\/producto\/ghost-180\/\" target=\"_blank\" rel=\"noopener\"><strong>Ghost 180\u00b0<\/strong><\/a> ahora podemos ofrecer un mecanismo oscilobatiente con un lado con bisagra oculta y una apertura de 180\u00b0.<\/p>\n","protected":false},"excerpt":{"rendered":"<p>Serie Ventanas Bisagras planas APERTURA INTERNA Estructura 71 mm &#8211; Hoja 81 mm Vidrios de hasta 50 mm. \u00a0AISLAMIENTO T\u00c9RMICO* UF &#8211; 1,49 W\/m2K UG &#8211; 0,5 &#8211; Psi 0,031 UW &#8211; 0,86 W\/m2K * Aislamiento t\u00e9rmico opcional S.72 HW (High-performances Windows), al conservar sin\u00e9rgicamente los armazones de los perfiles y los accesorios de laLeggi di pi\u00f9<\/p>\n","protected":false},"featured_media":10074,"comment_status":"closed","ping_status":"closed","template":"","meta":{"_acf_changed":false},"product_brand":[],"product_cat":[342,140],"product_tag":[],"class_list":{"0":"post-10505","1":"product","2":"type-product","3":"status-publish","4":"has-post-thumbnail","6":"product_cat-serramenti-es","7":"product_cat-productos","9":"first","10":"instock","11":"shipping-taxable","12":"product-type-simple"},"acf":[],"yoast_head":"<!-- This site is optimized with the Yoast SEO plugin v27.1 - https:\/\/yoast.com\/product\/yoast-seo-wordpress\/ -->\n<title>S.72 HW - Sunroom<\/title>\n<meta name=\"robots\" content=\"index, follow, max-snippet:-1, max-image-preview:large, max-video-preview:-1\" \/>\n<link rel=\"canonical\" href=\"https:\/\/www.sunroom.it\/it\/producto\/s72-hw\/\" \/>\n<meta property=\"og:locale\" content=\"es_ES\" \/>\n<meta property=\"og:type\" content=\"article\" \/>\n<meta property=\"og:title\" content=\"S.72 HW - Sunroom\" \/>\n<meta property=\"og:description\" content=\"Serie Ventanas Bisagras planas APERTURA INTERNA Estructura 71 mm &#8211; Hoja 81 mm Vidrios de hasta 50 mm. \u00a0AISLAMIENTO T\u00c9RMICO* UF &#8211; 1,49 W\/m2K UG &#8211; 0,5 &#8211; Psi 0,031 UW &#8211; 0,86 W\/m2K * Aislamiento t\u00e9rmico opcional S.72 HW (High-performances Windows), al conservar sin\u00e9rgicamente los armazones de los perfiles y los accesorios de laLeggi di pi\u00f9\" \/>\n<meta property=\"og:url\" content=\"https:\/\/www.sunroom.it\/it\/producto\/s72-hw\/\" \/>\n<meta property=\"og:site_name\" content=\"Sunroom\" \/>\n<meta property=\"article:modified_time\" content=\"2023-08-07T09:15:08+00:00\" \/>\n<meta property=\"og:image\" content=\"https:\/\/www.sunroom.it\/wp-content\/uploads\/2021\/12\/S72.HW_elenco-prodotti.jpg\" \/>\n\t<meta property=\"og:image:width\" content=\"960\" \/>\n\t<meta property=\"og:image:height\" content=\"760\" \/>\n\t<meta property=\"og:image:type\" content=\"image\/jpeg\" \/>\n<meta name=\"twitter:card\" content=\"summary_large_image\" \/>\n<meta name=\"twitter:label1\" content=\"Tiempo de lectura\" \/>\n\t<meta name=\"twitter:data1\" content=\"1 minuto\" \/>\n<script type=\"application\/ld+json\" class=\"yoast-schema-graph\">{\"@context\":\"https:\/\/schema.org\",\"@graph\":[{\"@type\":\"WebPage\",\"@id\":\"https:\/\/www.sunroom.it\/it\/producto\/s72-hw\/\",\"url\":\"https:\/\/www.sunroom.it\/it\/producto\/s72-hw\/\",\"name\":\"S.72 HW - Sunroom\",\"isPartOf\":{\"@id\":\"https:\/\/www.sunroom.it\/it\/#website\"},\"primaryImageOfPage\":{\"@id\":\"https:\/\/www.sunroom.it\/it\/producto\/s72-hw\/#primaryimage\"},\"image\":{\"@id\":\"https:\/\/www.sunroom.it\/it\/producto\/s72-hw\/#primaryimage\"},\"thumbnailUrl\":\"https:\/\/www.sunroom.it\/wp-content\/uploads\/2021\/12\/S72.HW_elenco-prodotti.jpg\",\"datePublished\":\"2021-12-27T09:54:41+00:00\",\"dateModified\":\"2023-08-07T09:15:08+00:00\",\"breadcrumb\":{\"@id\":\"https:\/\/www.sunroom.it\/it\/producto\/s72-hw\/#breadcrumb\"},\"inLanguage\":\"es\",\"potentialAction\":[{\"@type\":\"ReadAction\",\"target\":[\"https:\/\/www.sunroom.it\/it\/producto\/s72-hw\/\"]}]},{\"@type\":\"ImageObject\",\"inLanguage\":\"es\",\"@id\":\"https:\/\/www.sunroom.it\/it\/producto\/s72-hw\/#primaryimage\",\"url\":\"https:\/\/www.sunroom.it\/wp-content\/uploads\/2021\/12\/S72.HW_elenco-prodotti.jpg\",\"contentUrl\":\"https:\/\/www.sunroom.it\/wp-content\/uploads\/2021\/12\/S72.HW_elenco-prodotti.jpg\",\"width\":960,\"height\":760},{\"@type\":\"BreadcrumbList\",\"@id\":\"https:\/\/www.sunroom.it\/it\/producto\/s72-hw\/#breadcrumb\",\"itemListElement\":[{\"@type\":\"ListItem\",\"position\":1,\"name\":\"Home\",\"item\":\"https:\/\/www.sunroom.it\/es\/\"},{\"@type\":\"ListItem\",\"position\":2,\"name\":\"Tienda\",\"item\":\"https:\/\/www.sunroom.it\/es\/tienda\/\"},{\"@type\":\"ListItem\",\"position\":3,\"name\":\"S.72 HW\"}]},{\"@type\":\"WebSite\",\"@id\":\"https:\/\/www.sunroom.it\/it\/#website\",\"url\":\"https:\/\/www.sunroom.it\/it\/\",\"name\":\"Sunroom\",\"description\":\"Sunroom\",\"publisher\":{\"@id\":\"https:\/\/www.sunroom.it\/it\/#organization\"},\"potentialAction\":[{\"@type\":\"SearchAction\",\"target\":{\"@type\":\"EntryPoint\",\"urlTemplate\":\"https:\/\/www.sunroom.it\/it\/?s={search_term_string}\"},\"query-input\":{\"@type\":\"PropertyValueSpecification\",\"valueRequired\":true,\"valueName\":\"search_term_string\"}}],\"inLanguage\":\"es\"},{\"@type\":\"Organization\",\"@id\":\"https:\/\/www.sunroom.it\/it\/#organization\",\"name\":\"Sunroom\",\"url\":\"https:\/\/www.sunroom.it\/it\/\",\"logo\":{\"@type\":\"ImageObject\",\"inLanguage\":\"es\",\"@id\":\"https:\/\/www.sunroom.it\/it\/#\/schema\/logo\/image\/\",\"url\":\"https:\/\/www.sunroom.it\/wp-content\/uploads\/2021\/07\/sunroom_260x70px.png\",\"contentUrl\":\"https:\/\/www.sunroom.it\/wp-content\/uploads\/2021\/07\/sunroom_260x70px.png\",\"width\":260,\"height\":70,\"caption\":\"Sunroom\"},\"image\":{\"@id\":\"https:\/\/www.sunroom.it\/it\/#\/schema\/logo\/image\/\"}}]}<\/script>\n<!-- \/ Yoast SEO plugin. -->","yoast_head_json":{"title":"S.72 HW - Sunroom","robots":{"index":"index","follow":"follow","max-snippet":"max-snippet:-1","max-image-preview":"max-image-preview:large","max-video-preview":"max-video-preview:-1"},"canonical":"https:\/\/www.sunroom.it\/it\/producto\/s72-hw\/","og_locale":"es_ES","og_type":"article","og_title":"S.72 HW - Sunroom","og_description":"Serie Ventanas Bisagras planas APERTURA INTERNA Estructura 71 mm &#8211; Hoja 81 mm Vidrios de hasta 50 mm. \u00a0AISLAMIENTO T\u00c9RMICO* UF &#8211; 1,49 W\/m2K UG &#8211; 0,5 &#8211; Psi 0,031 UW &#8211; 0,86 W\/m2K * Aislamiento t\u00e9rmico opcional S.72 HW (High-performances Windows), al conservar sin\u00e9rgicamente los armazones de los perfiles y los accesorios de laLeggi di pi\u00f9","og_url":"https:\/\/www.sunroom.it\/it\/producto\/s72-hw\/","og_site_name":"Sunroom","article_modified_time":"2023-08-07T09:15:08+00:00","og_image":[{"width":960,"height":760,"url":"https:\/\/www.sunroom.it\/wp-content\/uploads\/2021\/12\/S72.HW_elenco-prodotti.jpg","type":"image\/jpeg"}],"twitter_card":"summary_large_image","twitter_misc":{"Tiempo de lectura":"1 minuto"},"schema":{"@context":"https:\/\/schema.org","@graph":[{"@type":"WebPage","@id":"https:\/\/www.sunroom.it\/it\/producto\/s72-hw\/","url":"https:\/\/www.sunroom.it\/it\/producto\/s72-hw\/","name":"S.72 HW - Sunroom","isPartOf":{"@id":"https:\/\/www.sunroom.it\/it\/#website"},"primaryImageOfPage":{"@id":"https:\/\/www.sunroom.it\/it\/producto\/s72-hw\/#primaryimage"},"image":{"@id":"https:\/\/www.sunroom.it\/it\/producto\/s72-hw\/#primaryimage"},"thumbnailUrl":"https:\/\/www.sunroom.it\/wp-content\/uploads\/2021\/12\/S72.HW_elenco-prodotti.jpg","datePublished":"2021-12-27T09:54:41+00:00","dateModified":"2023-08-07T09:15:08+00:00","breadcrumb":{"@id":"https:\/\/www.sunroom.it\/it\/producto\/s72-hw\/#breadcrumb"},"inLanguage":"es","potentialAction":[{"@type":"ReadAction","target":["https:\/\/www.sunroom.it\/it\/producto\/s72-hw\/"]}]},{"@type":"ImageObject","inLanguage":"es","@id":"https:\/\/www.sunroom.it\/it\/producto\/s72-hw\/#primaryimage","url":"https:\/\/www.sunroom.it\/wp-content\/uploads\/2021\/12\/S72.HW_elenco-prodotti.jpg","contentUrl":"https:\/\/www.sunroom.it\/wp-content\/uploads\/2021\/12\/S72.HW_elenco-prodotti.jpg","width":960,"height":760},{"@type":"BreadcrumbList","@id":"https:\/\/www.sunroom.it\/it\/producto\/s72-hw\/#breadcrumb","itemListElement":[{"@type":"ListItem","position":1,"name":"Home","item":"https:\/\/www.sunroom.it\/es\/"},{"@type":"ListItem","position":2,"name":"Tienda","item":"https:\/\/www.sunroom.it\/es\/tienda\/"},{"@type":"ListItem","position":3,"name":"S.72 HW"}]},{"@type":"WebSite","@id":"https:\/\/www.sunroom.it\/it\/#website","url":"https:\/\/www.sunroom.it\/it\/","name":"Sunroom","description":"Sunroom","publisher":{"@id":"https:\/\/www.sunroom.it\/it\/#organization"},"potentialAction":[{"@type":"SearchAction","target":{"@type":"EntryPoint","urlTemplate":"https:\/\/www.sunroom.it\/it\/?s={search_term_string}"},"query-input":{"@type":"PropertyValueSpecification","valueRequired":true,"valueName":"search_term_string"}}],"inLanguage":"es"},{"@type":"Organization","@id":"https:\/\/www.sunroom.it\/it\/#organization","name":"Sunroom","url":"https:\/\/www.sunroom.it\/it\/","logo":{"@type":"ImageObject","inLanguage":"es","@id":"https:\/\/www.sunroom.it\/it\/#\/schema\/logo\/image\/","url":"https:\/\/www.sunroom.it\/wp-content\/uploads\/2021\/07\/sunroom_260x70px.png","contentUrl":"https:\/\/www.sunroom.it\/wp-content\/uploads\/2021\/07\/sunroom_260x70px.png","width":260,"height":70,"caption":"Sunroom"},"image":{"@id":"https:\/\/www.sunroom.it\/it\/#\/schema\/logo\/image\/"}}]}},"_links":{"self":[{"href":"https:\/\/www.sunroom.it\/es\/wp-json\/wp\/v2\/product\/10505","targetHints":{"allow":["GET"]}}],"collection":[{"href":"https:\/\/www.sunroom.it\/es\/wp-json\/wp\/v2\/product"}],"about":[{"href":"https:\/\/www.sunroom.it\/es\/wp-json\/wp\/v2\/types\/product"}],"replies":[{"embeddable":true,"href":"https:\/\/www.sunroom.it\/es\/wp-json\/wp\/v2\/comments?post=10505"}],"wp:featuredmedia":[{"embeddable":true,"href":"https:\/\/www.sunroom.it\/es\/wp-json\/wp\/v2\/media\/10074"}],"wp:attachment":[{"href":"https:\/\/www.sunroom.it\/es\/wp-json\/wp\/v2\/media?parent=10505"}],"wp:term":[{"taxonomy":"product_brand","embeddable":true,"href":"https:\/\/www.sunroom.it\/es\/wp-json\/wp\/v2\/product_brand?post=10505"},{"taxonomy":"product_cat","embeddable":true,"href":"https:\/\/www.sunroom.it\/es\/wp-json\/wp\/v2\/product_cat?post=10505"},{"taxonomy":"product_tag","embeddable":true,"href":"https:\/\/www.sunroom.it\/es\/wp-json\/wp\/v2\/product_tag?post=10505"}],"curies":[{"name":"wp","href":"https:\/\/api.w.org\/{rel}","templated":true}]}}