{"id":10502,"date":"2021-12-27T09:58:13","date_gmt":"2021-12-27T08:58:13","guid":{"rendered":"https:\/\/www.sunroom.it\/prodotto\/s85-minimal\/"},"modified":"2023-08-07T11:15:28","modified_gmt":"2023-08-07T09:15:28","slug":"s85-minimal","status":"publish","type":"product","link":"https:\/\/www.sunroom.it\/es\/producto\/s85-minimal\/","title":{"rendered":"S.85 Minimal"},"content":{"rendered":"<p><strong>Serie Puertas\u00a0<\/strong><\/p>\n<p><span class=\"ng-star-inserted\">Marco 85 mm &#8211; Puerta 95 mm<br \/>\n<\/span><span class=\"ng-star-inserted\">Vidrios de 30 mm. o doble de 53 mm.<\/span><\/p>\n<p><span class=\"ng-star-inserted\">AISLAMIENTO T\u00c9RMICO*<br \/>\n<\/span><span class=\"ng-star-inserted\">UG &#8211; 0,5 &#8211; Psi 0,031<br \/>\n<\/span><span class=\"ng-star-inserted\">UW &#8211; 0.96 W\/m<sup>2<\/sup>K<\/span><\/p>\n<p><span class=\"ng-star-inserted\">* datos de la versi\u00f3n OPTIMUS<br \/>\n<\/span><span class=\"ng-star-inserted\">(valores obtenidos en una ventana 1 hoja 1230 1480 mm)<\/span><\/p>\n<p><span class=\"ng-star-inserted\"><strong>S.85 Minimal<\/strong> se caracteriza por un dise\u00f1o muy cautivador, debido a su peque\u00f1o tama\u00f1o. Es, hoy, la serie m\u00e1s apreciada por los proyectistas que desean tener una gran aportaci\u00f3n luminosa, con la secci\u00f3n de perfil a la vista m\u00e1s reducida posible.<\/span><\/p>\n<p>Con <a href=\"https:\/\/www.sunroom.it\/es\/producto\/ghost-180\/\" target=\"_blank\" rel=\"noopener\"><strong>Ghost 180\u00b0<\/strong><\/a> ahora podemos ofrecer un mecanismo oscilobatiente con un lado con bisagra oculta y una apertura de 180\u00b0.<\/p>\n","protected":false},"excerpt":{"rendered":"<p>Serie Puertas\u00a0 Marco 85 mm &#8211; Puerta 95 mm Vidrios de 30 mm. o doble de 53 mm. AISLAMIENTO T\u00c9RMICO* UG &#8211; 0,5 &#8211; Psi 0,031 UW &#8211; 0.96 W\/m2K * datos de la versi\u00f3n OPTIMUS (valores obtenidos en una ventana 1 hoja 1230 1480 mm) S.85 Minimal se caracteriza por un dise\u00f1o muy cautivador,Leggi di pi\u00f9<\/p>\n","protected":false},"featured_media":10000,"comment_status":"closed","ping_status":"closed","template":"","meta":{"_acf_changed":false},"product_brand":[],"product_cat":[342,140],"product_tag":[],"class_list":{"0":"post-10502","1":"product","2":"type-product","3":"status-publish","4":"has-post-thumbnail","6":"product_cat-serramenti-es","7":"product_cat-productos","9":"first","10":"instock","11":"shipping-taxable","12":"product-type-simple"},"acf":[],"yoast_head":"<!-- This site is optimized with the Yoast SEO plugin v27.1 - https:\/\/yoast.com\/product\/yoast-seo-wordpress\/ -->\n<title>S.85 Minimal - Sunroom<\/title>\n<meta name=\"robots\" content=\"index, follow, max-snippet:-1, max-image-preview:large, max-video-preview:-1\" \/>\n<link rel=\"canonical\" href=\"https:\/\/www.sunroom.it\/it\/producto\/s85-minimal\/\" \/>\n<meta property=\"og:locale\" content=\"es_ES\" \/>\n<meta property=\"og:type\" content=\"article\" \/>\n<meta property=\"og:title\" content=\"S.85 Minimal - Sunroom\" \/>\n<meta property=\"og:description\" content=\"Serie Puertas\u00a0 Marco 85 mm &#8211; Puerta 95 mm Vidrios de 30 mm. o doble de 53 mm. AISLAMIENTO T\u00c9RMICO* UG &#8211; 0,5 &#8211; Psi 0,031 UW &#8211; 0.96 W\/m2K * datos de la versi\u00f3n OPTIMUS (valores obtenidos en una ventana 1 hoja 1230 1480 mm) S.85 Minimal se caracteriza por un dise\u00f1o muy cautivador,Leggi di pi\u00f9\" \/>\n<meta property=\"og:url\" content=\"https:\/\/www.sunroom.it\/it\/producto\/s85-minimal\/\" \/>\n<meta property=\"og:site_name\" content=\"Sunroom\" \/>\n<meta property=\"article:modified_time\" content=\"2023-08-07T09:15:28+00:00\" \/>\n<meta property=\"og:image\" content=\"https:\/\/www.sunroom.it\/wp-content\/uploads\/2021\/12\/S85Minimal_elenco-prodotti-1.jpg\" \/>\n\t<meta property=\"og:image:width\" content=\"960\" \/>\n\t<meta property=\"og:image:height\" content=\"760\" \/>\n\t<meta property=\"og:image:type\" content=\"image\/jpeg\" \/>\n<meta name=\"twitter:card\" content=\"summary_large_image\" \/>\n<meta name=\"twitter:label1\" content=\"Tiempo de lectura\" \/>\n\t<meta name=\"twitter:data1\" content=\"1 minuto\" \/>\n<script type=\"application\/ld+json\" class=\"yoast-schema-graph\">{\"@context\":\"https:\/\/schema.org\",\"@graph\":[{\"@type\":\"WebPage\",\"@id\":\"https:\/\/www.sunroom.it\/it\/producto\/s85-minimal\/\",\"url\":\"https:\/\/www.sunroom.it\/it\/producto\/s85-minimal\/\",\"name\":\"S.85 Minimal - Sunroom\",\"isPartOf\":{\"@id\":\"https:\/\/www.sunroom.it\/it\/#website\"},\"primaryImageOfPage\":{\"@id\":\"https:\/\/www.sunroom.it\/it\/producto\/s85-minimal\/#primaryimage\"},\"image\":{\"@id\":\"https:\/\/www.sunroom.it\/it\/producto\/s85-minimal\/#primaryimage\"},\"thumbnailUrl\":\"https:\/\/www.sunroom.it\/wp-content\/uploads\/2021\/12\/S85Minimal_elenco-prodotti-1.jpg\",\"datePublished\":\"2021-12-27T08:58:13+00:00\",\"dateModified\":\"2023-08-07T09:15:28+00:00\",\"breadcrumb\":{\"@id\":\"https:\/\/www.sunroom.it\/it\/producto\/s85-minimal\/#breadcrumb\"},\"inLanguage\":\"es\",\"potentialAction\":[{\"@type\":\"ReadAction\",\"target\":[\"https:\/\/www.sunroom.it\/it\/producto\/s85-minimal\/\"]}]},{\"@type\":\"ImageObject\",\"inLanguage\":\"es\",\"@id\":\"https:\/\/www.sunroom.it\/it\/producto\/s85-minimal\/#primaryimage\",\"url\":\"https:\/\/www.sunroom.it\/wp-content\/uploads\/2021\/12\/S85Minimal_elenco-prodotti-1.jpg\",\"contentUrl\":\"https:\/\/www.sunroom.it\/wp-content\/uploads\/2021\/12\/S85Minimal_elenco-prodotti-1.jpg\",\"width\":960,\"height\":760},{\"@type\":\"BreadcrumbList\",\"@id\":\"https:\/\/www.sunroom.it\/it\/producto\/s85-minimal\/#breadcrumb\",\"itemListElement\":[{\"@type\":\"ListItem\",\"position\":1,\"name\":\"Home\",\"item\":\"https:\/\/www.sunroom.it\/es\/\"},{\"@type\":\"ListItem\",\"position\":2,\"name\":\"Tienda\",\"item\":\"https:\/\/www.sunroom.it\/es\/tienda\/\"},{\"@type\":\"ListItem\",\"position\":3,\"name\":\"S.85 Minimal\"}]},{\"@type\":\"WebSite\",\"@id\":\"https:\/\/www.sunroom.it\/it\/#website\",\"url\":\"https:\/\/www.sunroom.it\/it\/\",\"name\":\"Sunroom\",\"description\":\"Sunroom\",\"publisher\":{\"@id\":\"https:\/\/www.sunroom.it\/it\/#organization\"},\"potentialAction\":[{\"@type\":\"SearchAction\",\"target\":{\"@type\":\"EntryPoint\",\"urlTemplate\":\"https:\/\/www.sunroom.it\/it\/?s={search_term_string}\"},\"query-input\":{\"@type\":\"PropertyValueSpecification\",\"valueRequired\":true,\"valueName\":\"search_term_string\"}}],\"inLanguage\":\"es\"},{\"@type\":\"Organization\",\"@id\":\"https:\/\/www.sunroom.it\/it\/#organization\",\"name\":\"Sunroom\",\"url\":\"https:\/\/www.sunroom.it\/it\/\",\"logo\":{\"@type\":\"ImageObject\",\"inLanguage\":\"es\",\"@id\":\"https:\/\/www.sunroom.it\/it\/#\/schema\/logo\/image\/\",\"url\":\"https:\/\/www.sunroom.it\/wp-content\/uploads\/2021\/07\/sunroom_260x70px.png\",\"contentUrl\":\"https:\/\/www.sunroom.it\/wp-content\/uploads\/2021\/07\/sunroom_260x70px.png\",\"width\":260,\"height\":70,\"caption\":\"Sunroom\"},\"image\":{\"@id\":\"https:\/\/www.sunroom.it\/it\/#\/schema\/logo\/image\/\"}}]}<\/script>\n<!-- \/ Yoast SEO plugin. -->","yoast_head_json":{"title":"S.85 Minimal - Sunroom","robots":{"index":"index","follow":"follow","max-snippet":"max-snippet:-1","max-image-preview":"max-image-preview:large","max-video-preview":"max-video-preview:-1"},"canonical":"https:\/\/www.sunroom.it\/it\/producto\/s85-minimal\/","og_locale":"es_ES","og_type":"article","og_title":"S.85 Minimal - Sunroom","og_description":"Serie Puertas\u00a0 Marco 85 mm &#8211; Puerta 95 mm Vidrios de 30 mm. o doble de 53 mm. AISLAMIENTO T\u00c9RMICO* UG &#8211; 0,5 &#8211; Psi 0,031 UW &#8211; 0.96 W\/m2K * datos de la versi\u00f3n OPTIMUS (valores obtenidos en una ventana 1 hoja 1230 1480 mm) S.85 Minimal se caracteriza por un dise\u00f1o muy cautivador,Leggi di pi\u00f9","og_url":"https:\/\/www.sunroom.it\/it\/producto\/s85-minimal\/","og_site_name":"Sunroom","article_modified_time":"2023-08-07T09:15:28+00:00","og_image":[{"width":960,"height":760,"url":"https:\/\/www.sunroom.it\/wp-content\/uploads\/2021\/12\/S85Minimal_elenco-prodotti-1.jpg","type":"image\/jpeg"}],"twitter_card":"summary_large_image","twitter_misc":{"Tiempo de lectura":"1 minuto"},"schema":{"@context":"https:\/\/schema.org","@graph":[{"@type":"WebPage","@id":"https:\/\/www.sunroom.it\/it\/producto\/s85-minimal\/","url":"https:\/\/www.sunroom.it\/it\/producto\/s85-minimal\/","name":"S.85 Minimal - Sunroom","isPartOf":{"@id":"https:\/\/www.sunroom.it\/it\/#website"},"primaryImageOfPage":{"@id":"https:\/\/www.sunroom.it\/it\/producto\/s85-minimal\/#primaryimage"},"image":{"@id":"https:\/\/www.sunroom.it\/it\/producto\/s85-minimal\/#primaryimage"},"thumbnailUrl":"https:\/\/www.sunroom.it\/wp-content\/uploads\/2021\/12\/S85Minimal_elenco-prodotti-1.jpg","datePublished":"2021-12-27T08:58:13+00:00","dateModified":"2023-08-07T09:15:28+00:00","breadcrumb":{"@id":"https:\/\/www.sunroom.it\/it\/producto\/s85-minimal\/#breadcrumb"},"inLanguage":"es","potentialAction":[{"@type":"ReadAction","target":["https:\/\/www.sunroom.it\/it\/producto\/s85-minimal\/"]}]},{"@type":"ImageObject","inLanguage":"es","@id":"https:\/\/www.sunroom.it\/it\/producto\/s85-minimal\/#primaryimage","url":"https:\/\/www.sunroom.it\/wp-content\/uploads\/2021\/12\/S85Minimal_elenco-prodotti-1.jpg","contentUrl":"https:\/\/www.sunroom.it\/wp-content\/uploads\/2021\/12\/S85Minimal_elenco-prodotti-1.jpg","width":960,"height":760},{"@type":"BreadcrumbList","@id":"https:\/\/www.sunroom.it\/it\/producto\/s85-minimal\/#breadcrumb","itemListElement":[{"@type":"ListItem","position":1,"name":"Home","item":"https:\/\/www.sunroom.it\/es\/"},{"@type":"ListItem","position":2,"name":"Tienda","item":"https:\/\/www.sunroom.it\/es\/tienda\/"},{"@type":"ListItem","position":3,"name":"S.85 Minimal"}]},{"@type":"WebSite","@id":"https:\/\/www.sunroom.it\/it\/#website","url":"https:\/\/www.sunroom.it\/it\/","name":"Sunroom","description":"Sunroom","publisher":{"@id":"https:\/\/www.sunroom.it\/it\/#organization"},"potentialAction":[{"@type":"SearchAction","target":{"@type":"EntryPoint","urlTemplate":"https:\/\/www.sunroom.it\/it\/?s={search_term_string}"},"query-input":{"@type":"PropertyValueSpecification","valueRequired":true,"valueName":"search_term_string"}}],"inLanguage":"es"},{"@type":"Organization","@id":"https:\/\/www.sunroom.it\/it\/#organization","name":"Sunroom","url":"https:\/\/www.sunroom.it\/it\/","logo":{"@type":"ImageObject","inLanguage":"es","@id":"https:\/\/www.sunroom.it\/it\/#\/schema\/logo\/image\/","url":"https:\/\/www.sunroom.it\/wp-content\/uploads\/2021\/07\/sunroom_260x70px.png","contentUrl":"https:\/\/www.sunroom.it\/wp-content\/uploads\/2021\/07\/sunroom_260x70px.png","width":260,"height":70,"caption":"Sunroom"},"image":{"@id":"https:\/\/www.sunroom.it\/it\/#\/schema\/logo\/image\/"}}]}},"_links":{"self":[{"href":"https:\/\/www.sunroom.it\/es\/wp-json\/wp\/v2\/product\/10502","targetHints":{"allow":["GET"]}}],"collection":[{"href":"https:\/\/www.sunroom.it\/es\/wp-json\/wp\/v2\/product"}],"about":[{"href":"https:\/\/www.sunroom.it\/es\/wp-json\/wp\/v2\/types\/product"}],"replies":[{"embeddable":true,"href":"https:\/\/www.sunroom.it\/es\/wp-json\/wp\/v2\/comments?post=10502"}],"wp:featuredmedia":[{"embeddable":true,"href":"https:\/\/www.sunroom.it\/es\/wp-json\/wp\/v2\/media\/10000"}],"wp:attachment":[{"href":"https:\/\/www.sunroom.it\/es\/wp-json\/wp\/v2\/media?parent=10502"}],"wp:term":[{"taxonomy":"product_brand","embeddable":true,"href":"https:\/\/www.sunroom.it\/es\/wp-json\/wp\/v2\/product_brand?post=10502"},{"taxonomy":"product_cat","embeddable":true,"href":"https:\/\/www.sunroom.it\/es\/wp-json\/wp\/v2\/product_cat?post=10502"},{"taxonomy":"product_tag","embeddable":true,"href":"https:\/\/www.sunroom.it\/es\/wp-json\/wp\/v2\/product_tag?post=10502"}],"curies":[{"name":"wp","href":"https:\/\/api.w.org\/{rel}","templated":true}]}}