{"id":7426,"date":"2023-10-04T15:53:29","date_gmt":"2023-10-04T13:53:29","guid":{"rendered":"https:\/\/www.sunroom.it\/?page_id=7426"},"modified":"2023-10-04T15:53:29","modified_gmt":"2023-10-04T13:53:29","slug":"newsletter-policy","status":"publish","type":"page","link":"https:\/\/www.sunroom.it\/es\/newsletter-policy\/","title":{"rendered":"Newsletter Policy"},"content":{"rendered":"\n<p>INFORMATIVA PER IL SERVIZIO DI NEWSLETTER<br>La presente informativa \u00e8 resa ai sensi dell&#8217;articolo 13 del d.lg. n. 196\/2003 &#8211; Codice in materia di protezione dei dati personali e dell\u2019art. 13 Regolamento 2016\/679\/UE \u00abGDPR\u00bb.<br><br>La newsletter di Tender S.r.l. \u00e8 inviata via posta elettronica a coloro che ne fanno esplicita richiesta, compilando il form e autorizzando Tender S.r.l. al trattamento dei propri dati personali. La richiesta di alcuni dati come azienda\/privato permettono una maggiore personalizzazione delle suddette offerte.<br><br>Il conferimento dei dati \u00e8 facoltativo. Il rifiuto a fornire i dati comporta l&#8217;impossibilit\u00e0 di ottenere il servizio newsletter.<br><br>Finalit\u00e0 del Trattamento<br>I dati personali forniti dagli utenti sono utilizzati al solo fine di inviare la newsletter. L\u2019invio di newsletter \u00e8 effettuato tramite la piattaforma MailUP, per la cui informativa sul trattamento dei dati personali si rimanda al sito https:\/\/www.mailup.it\/informativa-privacy\/<br>MailUP \u00e8 una piattaforma di email marketing gestita da MailUP S.p.A., una societ\u00e0 con sede a Milano in Italia.<br>Per quanto riguarda i cittadini dell&#8217;Unione Europea, MailUP fonda la base giuridica della raccolta e del trattamento dei dati personali degli utenti sul legittimo interesse. Esso include la possibilit\u00e0 di incrementare, mantenere e fornire prodotti e servizi tecnologici; ed assicura la sicurezza dei servizi offerti e delle attivit\u00e0 di marketing. Nei casi prescritti dalla legge, MailUP raccoglie informazioni personali degli utenti solo a fronte del conferimento del consenso.<br><br>MailUP dichiara di adottare appropriate e adeguate misure di sicurezza, sia tecniche che organizzative, per proteggere i dati personali da perdita, abuso, accesso non autorizzato, diffusione illecita, alterazione e distruzione, avendo valutato i rischi relativi alle attivit\u00e0 di trattamento e alla natura dei dati personali gestiti. Ulteriori informazioni sulle pratiche di sicurezza sono disponibili al seguente link https:\/\/www.mailup.it\/informativa-privacy.<br><br>Modalit\u00e0 per il trattamento dei dati<br>I dati raccolti sono trattati con strumenti informatici.<br>Idonee misure di sicurezza sono osservate per prevenire la perdita dei dati, usi illeciti o non corretti ed accessi non autorizzati.<br><br>Il titolare del trattamento<br>Il titolare del trattamento dei dati raccolti \u00e8 Tender S.r.l, che ha sede in Cattolica (Italia), Via Mercadante, 10, 47841, CF\/PI IT 01968830404, +39.0541.834011, email privacy@sunroom.it.<\/p>\n\n\n\n<p><br>I trattamenti di dati connessi al servizio newsletter hanno luogo presso la sede di Cattolica (Italia), Via Mercadante, 10, 47841, +39.0541.834011, email privacy@sunroom.it, &nbsp;e sono curati solo da personale tecnico incaricato del trattamento. Il titolare tratta i dati personali degli utenti adottando le opportune misure di sicurezza volte ad impedire l\u2019accesso, la divulgazione, la modifica o la distruzione non autorizzate dei dati personali.<br><br>Responsabile del trattamento<br>Tender S.r.l. utilizza i servizi di hosting messi a disposizione dalla societ\u00e0 GRUPPO RETINA che \u00e8 nominata Responsabile del trattamento dal Titolare ai sensi dell&#8217;articolo 29 del Codice in materia di protezione dei dati personali.<br><br>Durata del trattamento e periodo di conservazione<br>I dati personali volontariamente forniti dall\u2019interessato saranno trattati dal Titolare e conservati per un periodo di 5 anni. Al decorrere del quinto anno, il sistema invier\u00e0 una e-mail all\u2019interessato che, liberamente e secondo la propria volont\u00e0, potr\u00e0 esprimere nuovamente il suo consenso alla prosecuzione del trattamento. Il mancato rinnovo del consenso al trattamento dei dati comporter\u00e0 l\u2019impossibilit\u00e0 di continuare ad ottenere il servizio di newsletter.<br><br>Diritti degli interessati<br>I soggetti cui si riferiscono i dati personali hanno il diritto in qualunque momento di ottenere la conferma dell&#8217;esistenza o meno dei medesimi dati e di conoscerne il contenuto e l&#8217;origine, verificarne l&#8217;esattezza o chiederne l&#8217;integrazione o l&#8217;aggiornamento, oppure la rettificazione (articolo 7 del Codice in materia di protezione dei dati personali).<br><br>L\u2019interessato ha, ai sensi del Regolamento (UE) 2016\/679, diritto di:<br>&#8211; art. 15 \u2013 ottenere dal titolare del trattamento la conferma che sia o meno in corso un trattamento di dati personali che lo riguardano e, in tal caso, di ottenere l&#8217;accesso ai dati personali e ad altre specifiche informazioni;<br>&#8211; art. 16 \u2013 ottenere dal titolare del trattamento la rettifica dei dati personali inesatti che lo riguardano, senza ingiustificato ritardo;<br>&#8211; art. 17 \u2013 ottenere dal titolare del trattamento la cancellazione dei dati personali che lo riguardano senza ingiustificato ritardo;<br>&#8211; art. 18 \u2013 ottenere la limitazione del trattamento in casi specifici;<br>&#8211; art. 20 \u2013 ricevere i dati personali che lo riguardano in un formato strutturato, di uso comune e leggibile da dispositivo automatico;<br>&#8211; art. 21 \u2013 opporsi in qualsiasi momento al trattamento dei dati personali che lo riguardano effettuato per finalit\u00e0 di marketing (comunicazioni commerciali inviate dal titolare).<br>Per l\u2019esercizio dei diritti, l\u2019interessato potr\u00e0 inviare una mail a privacy@sunroom.it. Il titolare la informer\u00e0 della ricezione e dar\u00e0 seguito alla sua richiesta entro 30 (trenta) giorni. Ai sensi dell\u2019art. 19, le richieste relative ai diritti di cui agli artt. 16, 17 e 18 verranno trasmesse dal titolare ai soggetti destinatari.<br><br>Diritto di presentare reclamo a un\u2019autorit\u00e0 di controllo<br>L\u2019interessato ha inoltre il diritto di proporre reclamo all\u2019Autorit\u00e0 di controllo competente &#8211; Garante per la Protezione dei Dati Personali &#8211; al seguente indirizzo pec protocollo@pec.gpdp.it<br><br>Revoca del consenso<br>L\u2019interessato ha il diritto di revocare in qualsiasi momento il consenso prestato in merito all&#8217;invio di comunicazioni promozionali via posta elettronica, mediante richiesta inviata via mail all\u2019indirizzo privacy@sunroom.it. Il titolare la informer\u00e0 della ricezione e dar\u00e0 seguito alla sua richiesta entro 30 (trenta) giorni. Ai sensi dell\u2019art. 19, le richieste relative ai diritti di cui agli artt. 16, 17 e 18 verranno trasmesse dal titolare ai soggetti destinatari.<br><br>CANCELLAZIONE DEL SERVIZIO<br><br>Per non essere pi\u00f9 iscritti al servizio di newsletter, si pu\u00f2 procedere nei seguenti modi:<br>&#8211; Cliccare sul link di cancellazione dalla newsletter presente in una delle mail ricevute<br>&#8211; Inviare una mail con la richiesta all&#8217;indirizzo: privacy@sunroom.it<br>In caso di problemi, inviare una segnalazione via e-mail, all&#8217;indirizzo: privacy@sunroom.it<\/p>\n\n\n\n<p><\/p>\n\n\n\n<p><strong>COOKIE POLICY<\/strong><\/p>\n\n\n\n<p>Che cos&#8217;\u00e8 un cookie e a cosa serve?<br>Un cookie \u00e8 un file di piccole dimensioni che viene inviato al browser e salvato sul tuo dispositivo quando visiti un sito internet. I cookie permettono un funzionamento efficiente del sito e ne migliorano le prestazioni, inoltre forniscono informazioni al proprietario del sito per fini statistici, principalmente per personalizzare la tua esperienza di navigazione ricordando le tue preferenze (per esempio ricordare la lingua e la valuta che hai impostato, per riconoscerti alla visita successiva, ecc.).&nbsp;<br><br>Finalit\u00e0 di utilizzo dei cookie<br>Il presente sito utilizza alcuni cookie per rendere i propri servizi semplici da navigare e fruire in modo efficiente delle pagine web di Tender S.r.l. I cookie utilizzati consentono inoltre di migliorare il servizio reso agli utenti, rendendo pi\u00f9 efficace l\u2019uso dello stesso e\/o abilitando determinate funzionalit\u00e0.&nbsp;<br><br>Cookie utilizzati<br>Il presente sito utilizza cookie di navigazione per l&#8217;utilizzo di alcuni servizi base e cookie di monitoraggio (Google Analytics). Sono inoltre presenti collegamenti a servizi di terze parti. SU QUESTO SITO NON SONO PRESENTI NE\u2019 INVIATI ALL\u2019UTENTE COOKIE DI PROFILAZIONE PER SCOPI PUBBLICITARI.<\/p>\n\n\n\n<p>Cookie di navigazione&nbsp;<br>Fin dal primo accesso questi cookie permettono al sito di funzionare correttamente e ti consentono di visualizzare i contenuti sul tuo dispositivo riconoscendo la lingua e il mercato del Paese dal quale hai scelto di connetterti. I cookie di navigazione sono cookie tecnici e sono necessari al funzionamento del sito.&nbsp;<br><br>Nome Cookie: displaycookieconsent<\/p>\n\n\n\n<p>Durata: 1 anno<br>Utilizzo: Controlla accettazione policy cookie&nbsp;<br><br>Nome Cookie: ShowNewsletter<br>Durata: 6 mesi<br>Utilizzo: Controlla chiusura popup Newsletter&nbsp;<br><br>Cookie analitici\/di monitoraggio di terze parti<br>Il presente sito utilizza Google Analytics: i cookie analytics sono considerati tecnici se utilizzati solo a fini di ottimizzazione e se trattati in forma anonima. Informiamo l\u2019utente che questo sito utilizza il servizio gratuito di Google Analytics. Ricordiamo che i dati vengono usati solo per avere i dati delle pagine pi\u00f9 visitate, del numero di visitatori, i dati aggregati delle visite per sistema operativo, per browser, ecc. Le informazioni ricavabili dai cookie sull\u2019utilizzo del sito web da parte degli utenti verranno trasmesse dal browser dell\u2019utente a Google, con sede a 1600 Amphitheatre Parkway, Mountain View, CA 94043, Stati Uniti, e depositate presso i server della societ\u00e0 stessa. In particolare, di seguito trovi i cookies utilizzati da Google Analytics:&nbsp;<\/p>\n\n\n\n<p>Utilizzando il presente sito si acconsente al trattamento dei propri dati da parte di Google per le modalit\u00e0 e i fini sopra indicati.<br><br>Secondo i termini di servizio in essere, Google utilizzer\u00e0 queste informazioni, in qualit\u00e0 di titolare autonomo del trattamento, allo scopo di tracciare e esaminare l\u2019utilizzo del sito web, compilare report sulle attivit\u00e0 del sito ad uso degli operatori del sito stesso e fornire altri servizi relativi alle attivit\u00e0 del sito web, alle modalit\u00e0 di connessione (mobile, pc, browser utilizzato etc.) e alle modalit\u00e0 di ricerca e raggiungimento delle pagine del portale. Google pu\u00f2 anche trasferire queste informazioni a terzi ove ci\u00f2 sia imposto dalla legge o laddove tali terzi trattino le suddette informazioni per conto di Google. Google non assocer\u00e0 gli indirizzi IP a nessun altro dato posseduto da Google.<br>Per consultare l&#8217;informativa privacy della societ\u00e0 Google, relativa al servizio Google Analytics, si prega di visitare il sito Internet&nbsp;<a href=\"http:\/\/www.google.com\/intl\/it\/privacy\/privacy-policy.html\" target=\"_blank\" rel=\"noreferrer noopener\">http:\/\/www.google.com\/intl\/en\/analytics\/privacyoverview.html<\/a>.&nbsp;<br>Per conoscere le norme sulla privacy di Google, si invita a vistare il sito Internet&nbsp;<a href=\"http:\/\/www.google.com\/intl\/en\/analytics\/privacyoverview.html\" target=\"_blank\" rel=\"noreferrer noopener\">http:\/\/www.google.com\/intl\/it\/privacy\/privacy-policy.html<\/a>.&nbsp;<br>I cookie di monitoraggio possono essere disabilitati senza nessuna conseguenza sulla navigazione del sito: per disabilitarli si veda la sezione successiva \u201cCome disabilitare i cookie mediante configurazione del browser (opt-out)\u201d.&nbsp;<br><br>Siti web e servizi di terze parti&nbsp;<br>Il presente sito potrebbero contenere collegamenti ad altri siti web che dispongono di una propria informativa privacy. Tender S.r.l. non risponde del trattamento dei dati svolto da tali siti. NOTA BENE: le mappe di Google Maps e i video di Youtube sono inclusi in modalit\u00e0 \u201cno cookie\u201d.&nbsp;<br><br>Sito di terza parte: YOUTUBE<br>Utilizzo: video di YouTube inclusi nelle pagine web del presente sito<br><a href=\"https:\/\/www.youtube.com\/static?template=privacy_guidelines\" target=\"_blank\" rel=\"noreferrer noopener\">Privacy Policy<\/a>&nbsp;<br><br><br>Sito di terza parte: GOOGLE MAPS<br>Utilizzo: mappe di Google incluse nelle pagine contatti e store locator<br>(NB: Con lo script maps.googleapis.com &#8211; plugin version&gt; = 3.3 &#8211; allora l&#8217; unico cookie che pu\u00f2 essere impostato da Google Maps \u00e8 PREF e viene utilizzato per zoomlevel, lingua, regione, ecc. Attualmente non ci sono controlli di identit\u00e0 o nel profilo dati salvati nel cookie PREF).&nbsp;<br><br>Per maggiori informazioni sui cookie e per gestire le tue preferenze sui cookie di profilazione di terza parte ti invitiamo a visitare&nbsp;<a href=\"http:\/\/www.youronlinechoices.com\/\" target=\"_blank\" rel=\"noreferrer noopener\">http:\/\/www.youronlinechoices.com<\/a>&nbsp;<br><br>Per disabilitare tutti i cookie<br>\u00c8 possibile negare il consenso all\u2019utilizzo dei cookie selezionando l&#8217;impostazione appropriata sul proprio browser:&nbsp;<br>Si forniscono di seguito i link che spiegano come disabilitare i cookie per i browser pi\u00f9 diffusi (per altri browser eventualmente utilizzati suggeriamo di cercare questa opzione nell\u2019help del software).&nbsp;<br>Internet Explorer:&nbsp;<a href=\"http:\/\/windows.microsoft.com\/it-IT\/internet-explorer\/delete-manage-cookies#ie=ie-10\" target=\"_blank\" rel=\"noreferrer noopener\">http:\/\/windows.microsoft.com\/it-IT\/internet-explorer\/delete-manage-cookies#ie=ie-10<\/a>&nbsp;<br>Google Chrome:&nbsp;<a href=\"https:\/\/support.google.com\/chrome\/answer\/95647?hl=it\" target=\"_blank\" rel=\"noreferrer noopener\">https:\/\/support.google.com\/chrome\/answer\/95647?hl=it<\/a>&nbsp;<br>Mozilla Firefox:&nbsp;<a href=\"http:\/\/support.mozilla.org\/it\/kb\/Gestione%20dei%20cookie?redirectlocale=en-US&amp;redirectslug=Cookies\" target=\"_blank\" rel=\"noreferrer noopener\">http:\/\/support.mozilla.org\/it\/kb\/Gestione%20dei%20cookie?redirectlocale=en-US&amp;redirectslug=Cookies<\/a>&nbsp;<br>Opera:&nbsp;<a href=\"http:\/\/help.opera.com\/Windows\/10.00\/it\/cookies.html\" target=\"_blank\" rel=\"noreferrer noopener\">http:\/\/help.opera.com\/Windows\/10.00\/it\/cookies.html<\/a>&nbsp;<br>Apple Safari:&nbsp;<a href=\"http:\/\/www.apple.com\/it\/privacy\/use-of-cookies\/\" target=\"_blank\" rel=\"noreferrer noopener\">http:\/\/www.apple.com\/it\/privacy\/use-of-cookies\/&nbsp;<\/a><br><br>In alternativa \u00e8 possibile disabilitare soltanto i cookie di Google Analytics, utilizzando il&nbsp;<a href=\"https:\/\/tools.google.com\/dlpage\/gaoptout?hl=it\" target=\"_blank\" rel=\"noreferrer noopener\">componente aggiuntivo<\/a>&nbsp;di opt-out fornito da Google per i browser principali.&nbsp;<br><br>Anche se viene revocata l\u2019autorizzazione all\u2019utilizzo di cookie di terze parti, prima di tale revoca i cookie potrebbero essere stati memorizzati sul terminale dell\u2019utente. Per motivi tecnici non \u00e8 possibile cancellare tali cookie, tuttavia il browser dell\u2019utente consente la loro eliminazione tra le impostazioni sulla privacy. Le opzioni del browser contengono infatti l\u2019opzione \u201cCancella dati di navigazione\u201d che pu\u00f2 essere utilizzata per eliminare i cookies, dati di siti e plug-in.&nbsp;<\/p>\n\n\n\n<p><strong>INTERAZIONE CON SOCIAL NETWORK<\/strong><\/p>\n\n\n\n<p><br>Pulsante +1 e widget sociali di Google+ (Google Inc.)&nbsp;<br>Il pulsante +1 e i widget sociali di Google+ (tra cui i commenti) sono servizi di interazione con il social network Google+, forniti da Google Inc.&nbsp;<br>Dati personali raccolti: Cookie e Dati di utilizzo.&nbsp;<br>Luogo del trattamento : USA \u2013&nbsp;<a href=\"http:\/\/www.google.com\/intl\/it\/policies\/privacy\/\" target=\"_blank\" rel=\"noreferrer noopener\">Privacy Policy<\/a>&nbsp;<br><br>Pulsante Mi Piace e widget sociali di Facebook (Facebook, Inc.)&nbsp;<br>Il pulsante \u201cMi Piace\u201d e i widget sociali di Facebook sono servizi di interazione con il social network Facebook, forniti da Facebook, Inc.&nbsp;<br>Dati personali raccolti: Cookie e Dati di utilizzo.&nbsp;<br>Luogo del trattamento : USA \u2013&nbsp;<a href=\"https:\/\/www.facebook.com\/privacy\/explanation\" target=\"_blank\" rel=\"noreferrer noopener\">Privacy Policy<\/a>&nbsp;<br><br>Pulsante Tweet e widget sociali di Twitter (Twitter, Inc.)&nbsp;<br>Il pulsante Tweet e i widget sociali di Twitter sono servizi di interazione con il social network Twitter, forniti da Twitter, Inc.&nbsp;<br>Dati personali raccolti: Cookie e Dati di utilizzo.&nbsp;<br>Luogo del trattamento : USA \u2013&nbsp;<a href=\"https:\/\/twitter.com\/privacy?lang=it\" target=\"_blank\" rel=\"noreferrer noopener\">Privacy Policy<\/a>&nbsp;<br><br>Servizio Instansive collegato a Instagram (Twitter, Inc.)<br>Il widget del sito&nbsp;<a href=\"http:\/\/instansive.com\/\" target=\"_blank\" rel=\"noreferrer noopener\">instansive.com<\/a>&nbsp;\u00e8 un servizio di interazione con il social network Instagram (Instagram, LLC)<br>Dati personali raccolti: Cookie e Dati di utilizzo.<br>Luogo del trattamento : USA \u2013&nbsp;<a href=\"https:\/\/instagram.com\/about\/legal\/privacy\" target=\"_blank\" rel=\"noreferrer noopener\">Privacy Policy<\/a>&nbsp;<br><br>(Ultimo Aggiornamento 29\/05\/2015)&nbsp;<\/p>\n","protected":false},"excerpt":{"rendered":"<p>INFORMATIVA PER IL SERVIZIO DI NEWSLETTERLa presente informativa \u00e8 resa ai sensi dell&#8217;articolo 13 del d.lg. n. 196\/2003 &#8211; Codice in materia di protezione dei dati personali e dell\u2019art. 13 Regolamento 2016\/679\/UE \u00abGDPR\u00bb. La newsletter di Tender S.r.l. \u00e8 inviata via posta elettronica a coloro che ne fanno esplicita richiesta, compilando il form e autorizzandoLeggi di pi\u00f9<\/p>\n","protected":false},"author":1,"featured_media":0,"parent":0,"menu_order":0,"comment_status":"closed","ping_status":"open","template":"","meta":{"_acf_changed":false,"footnotes":""},"class_list":["post-7426","page","type-page","status-publish","hentry"],"acf":[],"yoast_head":"<!-- This site is optimized with the Yoast SEO plugin v27.1 - https:\/\/yoast.com\/product\/yoast-seo-wordpress\/ -->\n<title>Newsletter Policy - Sunroom<\/title>\n<meta name=\"robots\" content=\"index, follow, max-snippet:-1, max-image-preview:large, max-video-preview:-1\" \/>\n<link rel=\"canonical\" href=\"https:\/\/www.sunroom.it\/es\/newsletter-policy\/\" \/>\n<meta property=\"og:locale\" content=\"es_ES\" \/>\n<meta property=\"og:type\" content=\"article\" \/>\n<meta property=\"og:title\" content=\"Newsletter Policy - Sunroom\" \/>\n<meta property=\"og:description\" content=\"INFORMATIVA PER IL SERVIZIO DI NEWSLETTERLa presente informativa \u00e8 resa ai sensi dell&#8217;articolo 13 del d.lg. n. 196\/2003 &#8211; Codice in materia di protezione dei dati personali e dell\u2019art. 13 Regolamento 2016\/679\/UE \u00abGDPR\u00bb. La newsletter di Tender S.r.l. \u00e8 inviata via posta elettronica a coloro che ne fanno esplicita richiesta, compilando il form e autorizzandoLeggi di pi\u00f9\" \/>\n<meta property=\"og:url\" content=\"https:\/\/www.sunroom.it\/es\/newsletter-policy\/\" \/>\n<meta property=\"og:site_name\" content=\"Sunroom\" \/>\n<meta name=\"twitter:card\" content=\"summary_large_image\" \/>\n<meta name=\"twitter:label1\" content=\"Tiempo de lectura\" \/>\n\t<meta name=\"twitter:data1\" content=\"11 minutos\" \/>\n<script type=\"application\/ld+json\" class=\"yoast-schema-graph\">{\"@context\":\"https:\/\/schema.org\",\"@graph\":[{\"@type\":\"WebPage\",\"@id\":\"https:\/\/www.sunroom.it\/es\/newsletter-policy\/\",\"url\":\"https:\/\/www.sunroom.it\/es\/newsletter-policy\/\",\"name\":\"Newsletter Policy - Sunroom\",\"isPartOf\":{\"@id\":\"https:\/\/www.sunroom.it\/it\/#website\"},\"datePublished\":\"2023-10-04T13:53:29+00:00\",\"breadcrumb\":{\"@id\":\"https:\/\/www.sunroom.it\/es\/newsletter-policy\/#breadcrumb\"},\"inLanguage\":\"es\",\"potentialAction\":[{\"@type\":\"ReadAction\",\"target\":[\"https:\/\/www.sunroom.it\/es\/newsletter-policy\/\"]}]},{\"@type\":\"BreadcrumbList\",\"@id\":\"https:\/\/www.sunroom.it\/es\/newsletter-policy\/#breadcrumb\",\"itemListElement\":[{\"@type\":\"ListItem\",\"position\":1,\"name\":\"Home\",\"item\":\"https:\/\/www.sunroom.it\/es\/\"},{\"@type\":\"ListItem\",\"position\":2,\"name\":\"Newsletter Policy\"}]},{\"@type\":\"WebSite\",\"@id\":\"https:\/\/www.sunroom.it\/it\/#website\",\"url\":\"https:\/\/www.sunroom.it\/it\/\",\"name\":\"Sunroom\",\"description\":\"Sunroom\",\"publisher\":{\"@id\":\"https:\/\/www.sunroom.it\/it\/#organization\"},\"potentialAction\":[{\"@type\":\"SearchAction\",\"target\":{\"@type\":\"EntryPoint\",\"urlTemplate\":\"https:\/\/www.sunroom.it\/it\/?s={search_term_string}\"},\"query-input\":{\"@type\":\"PropertyValueSpecification\",\"valueRequired\":true,\"valueName\":\"search_term_string\"}}],\"inLanguage\":\"es\"},{\"@type\":\"Organization\",\"@id\":\"https:\/\/www.sunroom.it\/it\/#organization\",\"name\":\"Sunroom\",\"url\":\"https:\/\/www.sunroom.it\/it\/\",\"logo\":{\"@type\":\"ImageObject\",\"inLanguage\":\"es\",\"@id\":\"https:\/\/www.sunroom.it\/it\/#\/schema\/logo\/image\/\",\"url\":\"https:\/\/www.sunroom.it\/wp-content\/uploads\/2021\/07\/sunroom_260x70px.png\",\"contentUrl\":\"https:\/\/www.sunroom.it\/wp-content\/uploads\/2021\/07\/sunroom_260x70px.png\",\"width\":260,\"height\":70,\"caption\":\"Sunroom\"},\"image\":{\"@id\":\"https:\/\/www.sunroom.it\/it\/#\/schema\/logo\/image\/\"}}]}<\/script>\n<!-- \/ Yoast SEO plugin. -->","yoast_head_json":{"title":"Newsletter Policy - Sunroom","robots":{"index":"index","follow":"follow","max-snippet":"max-snippet:-1","max-image-preview":"max-image-preview:large","max-video-preview":"max-video-preview:-1"},"canonical":"https:\/\/www.sunroom.it\/es\/newsletter-policy\/","og_locale":"es_ES","og_type":"article","og_title":"Newsletter Policy - Sunroom","og_description":"INFORMATIVA PER IL SERVIZIO DI NEWSLETTERLa presente informativa \u00e8 resa ai sensi dell&#8217;articolo 13 del d.lg. n. 196\/2003 &#8211; Codice in materia di protezione dei dati personali e dell\u2019art. 13 Regolamento 2016\/679\/UE \u00abGDPR\u00bb. La newsletter di Tender S.r.l. \u00e8 inviata via posta elettronica a coloro che ne fanno esplicita richiesta, compilando il form e autorizzandoLeggi di pi\u00f9","og_url":"https:\/\/www.sunroom.it\/es\/newsletter-policy\/","og_site_name":"Sunroom","twitter_card":"summary_large_image","twitter_misc":{"Tiempo de lectura":"11 minutos"},"schema":{"@context":"https:\/\/schema.org","@graph":[{"@type":"WebPage","@id":"https:\/\/www.sunroom.it\/es\/newsletter-policy\/","url":"https:\/\/www.sunroom.it\/es\/newsletter-policy\/","name":"Newsletter Policy - Sunroom","isPartOf":{"@id":"https:\/\/www.sunroom.it\/it\/#website"},"datePublished":"2023-10-04T13:53:29+00:00","breadcrumb":{"@id":"https:\/\/www.sunroom.it\/es\/newsletter-policy\/#breadcrumb"},"inLanguage":"es","potentialAction":[{"@type":"ReadAction","target":["https:\/\/www.sunroom.it\/es\/newsletter-policy\/"]}]},{"@type":"BreadcrumbList","@id":"https:\/\/www.sunroom.it\/es\/newsletter-policy\/#breadcrumb","itemListElement":[{"@type":"ListItem","position":1,"name":"Home","item":"https:\/\/www.sunroom.it\/es\/"},{"@type":"ListItem","position":2,"name":"Newsletter Policy"}]},{"@type":"WebSite","@id":"https:\/\/www.sunroom.it\/it\/#website","url":"https:\/\/www.sunroom.it\/it\/","name":"Sunroom","description":"Sunroom","publisher":{"@id":"https:\/\/www.sunroom.it\/it\/#organization"},"potentialAction":[{"@type":"SearchAction","target":{"@type":"EntryPoint","urlTemplate":"https:\/\/www.sunroom.it\/it\/?s={search_term_string}"},"query-input":{"@type":"PropertyValueSpecification","valueRequired":true,"valueName":"search_term_string"}}],"inLanguage":"es"},{"@type":"Organization","@id":"https:\/\/www.sunroom.it\/it\/#organization","name":"Sunroom","url":"https:\/\/www.sunroom.it\/it\/","logo":{"@type":"ImageObject","inLanguage":"es","@id":"https:\/\/www.sunroom.it\/it\/#\/schema\/logo\/image\/","url":"https:\/\/www.sunroom.it\/wp-content\/uploads\/2021\/07\/sunroom_260x70px.png","contentUrl":"https:\/\/www.sunroom.it\/wp-content\/uploads\/2021\/07\/sunroom_260x70px.png","width":260,"height":70,"caption":"Sunroom"},"image":{"@id":"https:\/\/www.sunroom.it\/it\/#\/schema\/logo\/image\/"}}]}},"featured_image_src":null,"featured_image_src_square":null,"_links":{"self":[{"href":"https:\/\/www.sunroom.it\/es\/wp-json\/wp\/v2\/pages\/7426","targetHints":{"allow":["GET"]}}],"collection":[{"href":"https:\/\/www.sunroom.it\/es\/wp-json\/wp\/v2\/pages"}],"about":[{"href":"https:\/\/www.sunroom.it\/es\/wp-json\/wp\/v2\/types\/page"}],"author":[{"embeddable":true,"href":"https:\/\/www.sunroom.it\/es\/wp-json\/wp\/v2\/users\/1"}],"replies":[{"embeddable":true,"href":"https:\/\/www.sunroom.it\/es\/wp-json\/wp\/v2\/comments?post=7426"}],"version-history":[{"count":1,"href":"https:\/\/www.sunroom.it\/es\/wp-json\/wp\/v2\/pages\/7426\/revisions"}],"predecessor-version":[{"id":15921,"href":"https:\/\/www.sunroom.it\/es\/wp-json\/wp\/v2\/pages\/7426\/revisions\/15921"}],"wp:attachment":[{"href":"https:\/\/www.sunroom.it\/es\/wp-json\/wp\/v2\/media?parent=7426"}],"curies":[{"name":"wp","href":"https:\/\/api.w.org\/{rel}","templated":true}]}}