{"id":4594,"date":"2020-05-13T15:19:16","date_gmt":"2020-05-13T13:19:16","guid":{"rendered":"https:\/\/www.sunroom.it\/chi-siamo\/"},"modified":"2020-10-22T10:13:46","modified_gmt":"2020-10-22T08:13:46","slug":"chi-siamo","status":"publish","type":"page","link":"https:\/\/www.sunroom.it\/es\/chi-siamo\/","title":{"rendered":"Qui\u00e9nes somos"},"content":{"rendered":"\n<div class=\"wp-block-atomic-blocks-ab-container full background timeline ab-block-container\"><div class=\"ab-container-inside\"><div class=\"ab-container-content\">\n<div id=\"shortcode-timeline\" class=\"shortcode post-list shortcode post-list\"><div class=\" item-list \">\n<div class=\"wrapper\">\n   <div class=\"loop-item-title\">\n     1969   <\/div><!-- end loop item-title -->\n   <div class=\"loop-item-image\">\n    <img decoding=\"async\" src=\"https:\/\/www.sunroom.it\/wp-content\/themes\/storefront-child\/assets\/images\/company-timeline-icon.png\" alt=\"\">\n   <\/div><!-- end loop item-image -->\n   <div class=\"loop-item-excerpt\">\n   Nace la marca SUNROOM y, con ella, las primeras cristaleras plegables propuestas en el mercado europeo.   <\/div><!-- end loop item-title -->\n <\/div><!-- end wrapper -->\n\n <\/div><!-- end loop item -->\n<div class=\" item-list \">\n<div class=\"wrapper\">\n   <div class=\"loop-item-title\">\n     1970   <\/div><!-- end loop item-title -->\n   <div class=\"loop-item-image\">\n    <img decoding=\"async\" src=\"https:\/\/www.sunroom.it\/wp-content\/themes\/storefront-child\/assets\/images\/company-timeline-icon.png\" alt=\"\">\n   <\/div><!-- end loop item-image -->\n   <div class=\"loop-item-excerpt\">\n   <p>SUNROOM obtiene su primera patente europea de invenci\u00f3n industrial.<\/p>\n   <\/div><!-- end loop item-title -->\n <\/div><!-- end wrapper -->\n\n <\/div><!-- end loop item -->\n<div class=\" item-list \">\n<div class=\"wrapper\">\n   <div class=\"loop-item-title\">\n     1983   <\/div><!-- end loop item-title -->\n   <div class=\"loop-item-image\">\n    <img decoding=\"async\" src=\"https:\/\/www.sunroom.it\/wp-content\/themes\/storefront-child\/assets\/images\/company-timeline-icon.png\" alt=\"\">\n   <\/div><!-- end loop item-image -->\n   <div class=\"loop-item-excerpt\">\n   <p>Se abren las primeras filiales en el territorio europeo.<\/p>\n   <\/div><!-- end loop item-title -->\n <\/div><!-- end wrapper -->\n\n <\/div><!-- end loop item -->\n<div class=\" item-list \">\n<div class=\"wrapper\">\n   <div class=\"loop-item-title\">\n     1990   <\/div><!-- end loop item-title -->\n   <div class=\"loop-item-image\">\n    <img decoding=\"async\" src=\"https:\/\/www.sunroom.it\/wp-content\/themes\/storefront-child\/assets\/images\/company-timeline-icon.png\" alt=\"\">\n   <\/div><!-- end loop item-image -->\n   <div class=\"loop-item-excerpt\">\n   <p>SUNROOM propone las primeras soluciones de jardines de invierno, para la creaci\u00f3n de nuevos ambientes exclusivos.<\/p>\n   <\/div><!-- end loop item-title -->\n <\/div><!-- end wrapper -->\n\n <\/div><!-- end loop item -->\n<div class=\" item-list \">\n<div class=\"wrapper\">\n   <div class=\"loop-item-title\">\n     2000   <\/div><!-- end loop item-title -->\n   <div class=\"loop-item-image\">\n    <img decoding=\"async\" src=\"https:\/\/www.sunroom.it\/wp-content\/themes\/storefront-child\/assets\/images\/company-timeline-icon.png\" alt=\"\">\n   <\/div><!-- end loop item-image -->\n   <div class=\"loop-item-excerpt\">\n   <p>La producci\u00f3n se traslada a la localidad de Cattolica: una planta de vanguardia con una log\u00edstica dedicada a la producci\u00f3n de los sistemas especiales.<\/p>\n   <\/div><!-- end loop item-title -->\n <\/div><!-- end wrapper -->\n\n <\/div><!-- end loop item -->\n<div class=\" item-list \">\n<div class=\"wrapper\">\n   <div class=\"loop-item-title\">\n     2013   <\/div><!-- end loop item-title -->\n   <div class=\"loop-item-image\">\n    <img decoding=\"async\" src=\"https:\/\/www.sunroom.it\/wp-content\/themes\/storefront-child\/assets\/images\/company-timeline-icon.png\" alt=\"\">\n   <\/div><!-- end loop item-image -->\n   <div class=\"loop-item-excerpt\">\n   <p>Comienza la producci\u00f3n de la inimitable p\u00e9rgola bioclim\u00e1tica Oskura Waterproof de lamas retr\u00e1ctiles; SUNROOM obtiene una nueva patente europea.<\/p>\n   <\/div><!-- end loop item-title -->\n <\/div><!-- end wrapper -->\n\n <\/div><!-- end loop item -->\n<div class=\" item-list \">\n<div class=\"wrapper\">\n   <div class=\"loop-item-title\">\n     2019   <\/div><!-- end loop item-title -->\n   <div class=\"loop-item-image\">\n    <img decoding=\"async\" src=\"https:\/\/www.sunroom.it\/wp-content\/themes\/storefront-child\/assets\/images\/company-timeline-icon.png\" alt=\"\">\n   <\/div><!-- end loop item-image -->\n   <div class=\"loop-item-excerpt\">\n   <p>\u00a1SUNROOM celebra 50 a\u00f1os de calidad y dise\u00f1o contempor\u00e1neo! Se confirma como sin\u00f3nimo de innovaci\u00f3n y fiabilidad.<\/p>\n   <\/div><!-- end loop item-title -->\n <\/div><!-- end wrapper -->\n\n <\/div><!-- end loop item -->\n<div class=\" item-list \">\n<div class=\"wrapper\">\n   <div class=\"loop-item-title\">\n     2020   <\/div><!-- end loop item-title -->\n   <div class=\"loop-item-image\">\n    <img decoding=\"async\" src=\"https:\/\/www.sunroom.it\/wp-content\/themes\/storefront-child\/assets\/images\/company-timeline-icon.png\" alt=\"\">\n   <\/div><!-- end loop item-image -->\n   <div class=\"loop-item-excerpt\">\n   <p>Sunroom se renueva -siempre fiel a su propia historia- con una nueva imagen y materiales de comunicaci\u00f3n actualizados.<\/p>\n   <\/div><!-- end loop item-title -->\n <\/div><!-- end wrapper -->\n\n <\/div><!-- end loop item -->\n<\/div><!-- end shortcode -->\n<\/div><\/div><\/div>\n\n\n\n<p class=\"full background timeline\"><\/p>\n","protected":false},"excerpt":{"rendered":"","protected":false},"author":1,"featured_media":0,"parent":0,"menu_order":0,"comment_status":"closed","ping_status":"closed","template":"","meta":{"_acf_changed":false,"footnotes":""},"class_list":["post-4594","page","type-page","status-publish","hentry"],"acf":[],"yoast_head":"<!-- This site is optimized with the Yoast SEO plugin v27.1 - https:\/\/yoast.com\/product\/yoast-seo-wordpress\/ -->\n<title>Qui\u00e9nes somos - Sunroom<\/title>\n<meta name=\"robots\" content=\"index, follow, max-snippet:-1, max-image-preview:large, max-video-preview:-1\" \/>\n<link rel=\"canonical\" href=\"https:\/\/www.sunroom.it\/es\/chi-siamo\/\" \/>\n<meta property=\"og:locale\" content=\"es_ES\" \/>\n<meta property=\"og:type\" content=\"article\" \/>\n<meta property=\"og:title\" content=\"Qui\u00e9nes somos - Sunroom\" \/>\n<meta property=\"og:url\" content=\"https:\/\/www.sunroom.it\/es\/chi-siamo\/\" \/>\n<meta property=\"og:site_name\" content=\"Sunroom\" \/>\n<meta property=\"article:modified_time\" content=\"2020-10-22T08:13:46+00:00\" \/>\n<meta name=\"twitter:card\" content=\"summary_large_image\" \/>\n<script type=\"application\/ld+json\" class=\"yoast-schema-graph\">{\"@context\":\"https:\/\/schema.org\",\"@graph\":[{\"@type\":\"WebPage\",\"@id\":\"https:\/\/www.sunroom.it\/es\/chi-siamo\/\",\"url\":\"https:\/\/www.sunroom.it\/es\/chi-siamo\/\",\"name\":\"Qui\u00e9nes somos - Sunroom\",\"isPartOf\":{\"@id\":\"https:\/\/www.sunroom.it\/it\/#website\"},\"datePublished\":\"2020-05-13T13:19:16+00:00\",\"dateModified\":\"2020-10-22T08:13:46+00:00\",\"breadcrumb\":{\"@id\":\"https:\/\/www.sunroom.it\/es\/chi-siamo\/#breadcrumb\"},\"inLanguage\":\"es\",\"potentialAction\":[{\"@type\":\"ReadAction\",\"target\":[\"https:\/\/www.sunroom.it\/es\/chi-siamo\/\"]}]},{\"@type\":\"BreadcrumbList\",\"@id\":\"https:\/\/www.sunroom.it\/es\/chi-siamo\/#breadcrumb\",\"itemListElement\":[{\"@type\":\"ListItem\",\"position\":1,\"name\":\"Home\",\"item\":\"https:\/\/www.sunroom.it\/es\/\"},{\"@type\":\"ListItem\",\"position\":2,\"name\":\"Qui\u00e9nes somos\"}]},{\"@type\":\"WebSite\",\"@id\":\"https:\/\/www.sunroom.it\/it\/#website\",\"url\":\"https:\/\/www.sunroom.it\/it\/\",\"name\":\"Sunroom\",\"description\":\"Sunroom\",\"publisher\":{\"@id\":\"https:\/\/www.sunroom.it\/it\/#organization\"},\"potentialAction\":[{\"@type\":\"SearchAction\",\"target\":{\"@type\":\"EntryPoint\",\"urlTemplate\":\"https:\/\/www.sunroom.it\/it\/?s={search_term_string}\"},\"query-input\":{\"@type\":\"PropertyValueSpecification\",\"valueRequired\":true,\"valueName\":\"search_term_string\"}}],\"inLanguage\":\"es\"},{\"@type\":\"Organization\",\"@id\":\"https:\/\/www.sunroom.it\/it\/#organization\",\"name\":\"Sunroom\",\"url\":\"https:\/\/www.sunroom.it\/it\/\",\"logo\":{\"@type\":\"ImageObject\",\"inLanguage\":\"es\",\"@id\":\"https:\/\/www.sunroom.it\/it\/#\/schema\/logo\/image\/\",\"url\":\"https:\/\/www.sunroom.it\/wp-content\/uploads\/2021\/07\/sunroom_260x70px.png\",\"contentUrl\":\"https:\/\/www.sunroom.it\/wp-content\/uploads\/2021\/07\/sunroom_260x70px.png\",\"width\":260,\"height\":70,\"caption\":\"Sunroom\"},\"image\":{\"@id\":\"https:\/\/www.sunroom.it\/it\/#\/schema\/logo\/image\/\"}}]}<\/script>\n<!-- \/ Yoast SEO plugin. -->","yoast_head_json":{"title":"Qui\u00e9nes somos - Sunroom","robots":{"index":"index","follow":"follow","max-snippet":"max-snippet:-1","max-image-preview":"max-image-preview:large","max-video-preview":"max-video-preview:-1"},"canonical":"https:\/\/www.sunroom.it\/es\/chi-siamo\/","og_locale":"es_ES","og_type":"article","og_title":"Qui\u00e9nes somos - Sunroom","og_url":"https:\/\/www.sunroom.it\/es\/chi-siamo\/","og_site_name":"Sunroom","article_modified_time":"2020-10-22T08:13:46+00:00","twitter_card":"summary_large_image","schema":{"@context":"https:\/\/schema.org","@graph":[{"@type":"WebPage","@id":"https:\/\/www.sunroom.it\/es\/chi-siamo\/","url":"https:\/\/www.sunroom.it\/es\/chi-siamo\/","name":"Qui\u00e9nes somos - Sunroom","isPartOf":{"@id":"https:\/\/www.sunroom.it\/it\/#website"},"datePublished":"2020-05-13T13:19:16+00:00","dateModified":"2020-10-22T08:13:46+00:00","breadcrumb":{"@id":"https:\/\/www.sunroom.it\/es\/chi-siamo\/#breadcrumb"},"inLanguage":"es","potentialAction":[{"@type":"ReadAction","target":["https:\/\/www.sunroom.it\/es\/chi-siamo\/"]}]},{"@type":"BreadcrumbList","@id":"https:\/\/www.sunroom.it\/es\/chi-siamo\/#breadcrumb","itemListElement":[{"@type":"ListItem","position":1,"name":"Home","item":"https:\/\/www.sunroom.it\/es\/"},{"@type":"ListItem","position":2,"name":"Qui\u00e9nes somos"}]},{"@type":"WebSite","@id":"https:\/\/www.sunroom.it\/it\/#website","url":"https:\/\/www.sunroom.it\/it\/","name":"Sunroom","description":"Sunroom","publisher":{"@id":"https:\/\/www.sunroom.it\/it\/#organization"},"potentialAction":[{"@type":"SearchAction","target":{"@type":"EntryPoint","urlTemplate":"https:\/\/www.sunroom.it\/it\/?s={search_term_string}"},"query-input":{"@type":"PropertyValueSpecification","valueRequired":true,"valueName":"search_term_string"}}],"inLanguage":"es"},{"@type":"Organization","@id":"https:\/\/www.sunroom.it\/it\/#organization","name":"Sunroom","url":"https:\/\/www.sunroom.it\/it\/","logo":{"@type":"ImageObject","inLanguage":"es","@id":"https:\/\/www.sunroom.it\/it\/#\/schema\/logo\/image\/","url":"https:\/\/www.sunroom.it\/wp-content\/uploads\/2021\/07\/sunroom_260x70px.png","contentUrl":"https:\/\/www.sunroom.it\/wp-content\/uploads\/2021\/07\/sunroom_260x70px.png","width":260,"height":70,"caption":"Sunroom"},"image":{"@id":"https:\/\/www.sunroom.it\/it\/#\/schema\/logo\/image\/"}}]}},"featured_image_src":null,"featured_image_src_square":null,"_links":{"self":[{"href":"https:\/\/www.sunroom.it\/es\/wp-json\/wp\/v2\/pages\/4594","targetHints":{"allow":["GET"]}}],"collection":[{"href":"https:\/\/www.sunroom.it\/es\/wp-json\/wp\/v2\/pages"}],"about":[{"href":"https:\/\/www.sunroom.it\/es\/wp-json\/wp\/v2\/types\/page"}],"author":[{"embeddable":true,"href":"https:\/\/www.sunroom.it\/es\/wp-json\/wp\/v2\/users\/1"}],"replies":[{"embeddable":true,"href":"https:\/\/www.sunroom.it\/es\/wp-json\/wp\/v2\/comments?post=4594"}],"version-history":[{"count":1,"href":"https:\/\/www.sunroom.it\/es\/wp-json\/wp\/v2\/pages\/4594\/revisions"}],"predecessor-version":[{"id":7097,"href":"https:\/\/www.sunroom.it\/es\/wp-json\/wp\/v2\/pages\/4594\/revisions\/7097"}],"wp:attachment":[{"href":"https:\/\/www.sunroom.it\/es\/wp-json\/wp\/v2\/media?parent=4594"}],"curies":[{"name":"wp","href":"https:\/\/api.w.org\/{rel}","templated":true}]}}