{"id":9308,"date":"2021-09-20T09:54:11","date_gmt":"2021-09-20T07:54:11","guid":{"rendered":"https:\/\/www.sunroom.it\/?post_type=product&#038;p=9308"},"modified":"2023-05-09T19:25:38","modified_gmt":"2023-05-09T17:25:38","slug":"oskura-wp-orienta","status":"publish","type":"product","link":"https:\/\/www.sunroom.it\/de\/produkte\/oskura-wp-orienta\/","title":{"rendered":"Oskura Orienta"},"content":{"rendered":"<p>Ein exklusives <strong>bioklimatisches Lamellendach mit schwenkbaren Lamellen<\/strong>, das f\u00fcr maximalen Komfort und Vielseitigkeit garantiert, damit Sie sich den Luxus g\u00f6nnen k\u00f6nnen, mitten in der Natur zu wohnen.<\/p>\n<p>Dank des <strong>Sonnenschutzsystems<\/strong> lassen sich mit Oskura Orienta\u00a0 <strong>der Sonnenlichteinfall und die W\u00e4rme<\/strong> je nach Jahreszeit und den pers\u00f6nlichen Bed\u00fcrfnissen <strong>regulieren<\/strong>, um das <strong>ideale Bioklima<\/strong> <strong>im Raum zu schaffen<\/strong>. Wenn Sie auf der Suche nach einer Konstruktion sind, die sich harmonisch in die nat\u00fcrliche Umgebung einf\u00fcgt, dann ist Oskura Orienta die perfekte Wahl. Das Lamellendach schafft mit seiner intelligenten Architektur eine Wohlf\u00fchloase in der Natur und gestaltet die R\u00e4ume, sodass Sie <strong>das ganze Jahr \u00fcber ein einzigartiges Wohlf\u00fchlgef\u00fchl und unvergleichlichen Komfort genie\u00dfen k\u00f6nnen.<\/strong><\/p>\n<p>Sie k\u00f6nnen ihr bioklimatisches Lamellendach mit einer <strong>LED-Beleuchtung<\/strong>, einer <strong>umlaufenden Verglasung<\/strong> oder <strong>Klimasensoren<\/strong> <strong>personalisieren<\/strong>.<\/p>\n<p>Oskura ist ideal f\u00fcr Ihren Garten, Ihre Terrasse oder die Gestaltung beliebiger anderer R\u00e4ume und in vielen verschiedenen Farben erh\u00e4ltlich, auch in Ihrer Lieblingsfarbe.<\/p>\n","protected":false},"excerpt":{"rendered":"<p>Ein exklusives bioklimatisches Lamellendach mit schwenkbaren Lamellen, das f\u00fcr maximalen Komfort und Vielseitigkeit garantiert, damit Sie sich den Luxus g\u00f6nnen k\u00f6nnen, mitten in der Natur zu wohnen. Dank des Sonnenschutzsystems lassen sich mit Oskura Orienta\u00a0 der Sonnenlichteinfall und die W\u00e4rme je nach Jahreszeit und den pers\u00f6nlichen Bed\u00fcrfnissen regulieren, um das ideale Bioklima im Raum zuLeggi di pi\u00f9<\/p>\n","protected":false},"featured_media":9392,"comment_status":"closed","ping_status":"closed","template":"","meta":{"_acf_changed":false},"product_brand":[],"product_cat":[142,141],"product_tag":[],"class_list":{"0":"post-9308","1":"product","2":"type-product","3":"status-publish","4":"has-post-thumbnail","6":"product_cat-bioklimatische-lamellendaecher","7":"product_cat-produkte","9":"first","10":"instock","11":"product-type-simple"},"acf":[],"yoast_head":"<!-- This site is optimized with the Yoast SEO plugin v27.1 - https:\/\/yoast.com\/product\/yoast-seo-wordpress\/ -->\n<title>Oskura Orienta - Sunroom<\/title>\n<meta name=\"robots\" content=\"index, follow, max-snippet:-1, max-image-preview:large, max-video-preview:-1\" \/>\n<link rel=\"canonical\" href=\"https:\/\/www.sunroom.it\/it\/produkte\/oskura-wp-orienta\/\" \/>\n<meta property=\"og:locale\" content=\"de_DE\" \/>\n<meta property=\"og:type\" content=\"article\" \/>\n<meta property=\"og:title\" content=\"Oskura Orienta - Sunroom\" \/>\n<meta property=\"og:description\" content=\"Ein exklusives bioklimatisches Lamellendach mit schwenkbaren Lamellen, das f\u00fcr maximalen Komfort und Vielseitigkeit garantiert, damit Sie sich den Luxus g\u00f6nnen k\u00f6nnen, mitten in der Natur zu wohnen. Dank des Sonnenschutzsystems lassen sich mit Oskura Orienta\u00a0 der Sonnenlichteinfall und die W\u00e4rme je nach Jahreszeit und den pers\u00f6nlichen Bed\u00fcrfnissen regulieren, um das ideale Bioklima im Raum zuLeggi di pi\u00f9\" \/>\n<meta property=\"og:url\" content=\"https:\/\/www.sunroom.it\/it\/produkte\/oskura-wp-orienta\/\" \/>\n<meta property=\"og:site_name\" content=\"Sunroom\" \/>\n<meta property=\"article:modified_time\" content=\"2023-05-09T17:25:38+00:00\" \/>\n<meta property=\"og:image\" content=\"https:\/\/www.sunroom.it\/wp-content\/uploads\/2021\/09\/OSKURA-Orienta-A4_web_prodotto2.jpg\" \/>\n\t<meta property=\"og:image:width\" content=\"960\" \/>\n\t<meta property=\"og:image:height\" content=\"760\" \/>\n\t<meta property=\"og:image:type\" content=\"image\/jpeg\" \/>\n<meta name=\"twitter:card\" content=\"summary_large_image\" \/>\n<meta name=\"twitter:label1\" content=\"Gesch\u00e4tzte Lesezeit\" \/>\n\t<meta name=\"twitter:data1\" content=\"1\u00a0Minute\" \/>\n<script type=\"application\/ld+json\" class=\"yoast-schema-graph\">{\"@context\":\"https:\/\/schema.org\",\"@graph\":[{\"@type\":\"WebPage\",\"@id\":\"https:\/\/www.sunroom.it\/it\/produkte\/oskura-wp-orienta\/\",\"url\":\"https:\/\/www.sunroom.it\/it\/produkte\/oskura-wp-orienta\/\",\"name\":\"Oskura Orienta - Sunroom\",\"isPartOf\":{\"@id\":\"https:\/\/www.sunroom.it\/it\/#website\"},\"primaryImageOfPage\":{\"@id\":\"https:\/\/www.sunroom.it\/it\/produkte\/oskura-wp-orienta\/#primaryimage\"},\"image\":{\"@id\":\"https:\/\/www.sunroom.it\/it\/produkte\/oskura-wp-orienta\/#primaryimage\"},\"thumbnailUrl\":\"https:\/\/www.sunroom.it\/wp-content\/uploads\/2021\/09\/OSKURA-Orienta-A4_web_prodotto2.jpg\",\"datePublished\":\"2021-09-20T07:54:11+00:00\",\"dateModified\":\"2023-05-09T17:25:38+00:00\",\"breadcrumb\":{\"@id\":\"https:\/\/www.sunroom.it\/it\/produkte\/oskura-wp-orienta\/#breadcrumb\"},\"inLanguage\":\"de\",\"potentialAction\":[{\"@type\":\"ReadAction\",\"target\":[\"https:\/\/www.sunroom.it\/it\/produkte\/oskura-wp-orienta\/\"]}]},{\"@type\":\"ImageObject\",\"inLanguage\":\"de\",\"@id\":\"https:\/\/www.sunroom.it\/it\/produkte\/oskura-wp-orienta\/#primaryimage\",\"url\":\"https:\/\/www.sunroom.it\/wp-content\/uploads\/2021\/09\/OSKURA-Orienta-A4_web_prodotto2.jpg\",\"contentUrl\":\"https:\/\/www.sunroom.it\/wp-content\/uploads\/2021\/09\/OSKURA-Orienta-A4_web_prodotto2.jpg\",\"width\":960,\"height\":760},{\"@type\":\"BreadcrumbList\",\"@id\":\"https:\/\/www.sunroom.it\/it\/produkte\/oskura-wp-orienta\/#breadcrumb\",\"itemListElement\":[{\"@type\":\"ListItem\",\"position\":1,\"name\":\"Home\",\"item\":\"https:\/\/www.sunroom.it\/de\/\"},{\"@type\":\"ListItem\",\"position\":2,\"name\":\"Shop\",\"item\":\"https:\/\/www.sunroom.it\/de\/shop\/\"},{\"@type\":\"ListItem\",\"position\":3,\"name\":\"Oskura Orienta\"}]},{\"@type\":\"WebSite\",\"@id\":\"https:\/\/www.sunroom.it\/it\/#website\",\"url\":\"https:\/\/www.sunroom.it\/it\/\",\"name\":\"Sunroom\",\"description\":\"Sunroom\",\"publisher\":{\"@id\":\"https:\/\/www.sunroom.it\/it\/#organization\"},\"potentialAction\":[{\"@type\":\"SearchAction\",\"target\":{\"@type\":\"EntryPoint\",\"urlTemplate\":\"https:\/\/www.sunroom.it\/it\/?s={search_term_string}\"},\"query-input\":{\"@type\":\"PropertyValueSpecification\",\"valueRequired\":true,\"valueName\":\"search_term_string\"}}],\"inLanguage\":\"de\"},{\"@type\":\"Organization\",\"@id\":\"https:\/\/www.sunroom.it\/it\/#organization\",\"name\":\"Sunroom\",\"url\":\"https:\/\/www.sunroom.it\/it\/\",\"logo\":{\"@type\":\"ImageObject\",\"inLanguage\":\"de\",\"@id\":\"https:\/\/www.sunroom.it\/it\/#\/schema\/logo\/image\/\",\"url\":\"https:\/\/www.sunroom.it\/wp-content\/uploads\/2021\/07\/sunroom_260x70px.png\",\"contentUrl\":\"https:\/\/www.sunroom.it\/wp-content\/uploads\/2021\/07\/sunroom_260x70px.png\",\"width\":260,\"height\":70,\"caption\":\"Sunroom\"},\"image\":{\"@id\":\"https:\/\/www.sunroom.it\/it\/#\/schema\/logo\/image\/\"}}]}<\/script>\n<!-- \/ Yoast SEO plugin. -->","yoast_head_json":{"title":"Oskura Orienta - Sunroom","robots":{"index":"index","follow":"follow","max-snippet":"max-snippet:-1","max-image-preview":"max-image-preview:large","max-video-preview":"max-video-preview:-1"},"canonical":"https:\/\/www.sunroom.it\/it\/produkte\/oskura-wp-orienta\/","og_locale":"de_DE","og_type":"article","og_title":"Oskura Orienta - Sunroom","og_description":"Ein exklusives bioklimatisches Lamellendach mit schwenkbaren Lamellen, das f\u00fcr maximalen Komfort und Vielseitigkeit garantiert, damit Sie sich den Luxus g\u00f6nnen k\u00f6nnen, mitten in der Natur zu wohnen. Dank des Sonnenschutzsystems lassen sich mit Oskura Orienta\u00a0 der Sonnenlichteinfall und die W\u00e4rme je nach Jahreszeit und den pers\u00f6nlichen Bed\u00fcrfnissen regulieren, um das ideale Bioklima im Raum zuLeggi di pi\u00f9","og_url":"https:\/\/www.sunroom.it\/it\/produkte\/oskura-wp-orienta\/","og_site_name":"Sunroom","article_modified_time":"2023-05-09T17:25:38+00:00","og_image":[{"width":960,"height":760,"url":"https:\/\/www.sunroom.it\/wp-content\/uploads\/2021\/09\/OSKURA-Orienta-A4_web_prodotto2.jpg","type":"image\/jpeg"}],"twitter_card":"summary_large_image","twitter_misc":{"Gesch\u00e4tzte Lesezeit":"1\u00a0Minute"},"schema":{"@context":"https:\/\/schema.org","@graph":[{"@type":"WebPage","@id":"https:\/\/www.sunroom.it\/it\/produkte\/oskura-wp-orienta\/","url":"https:\/\/www.sunroom.it\/it\/produkte\/oskura-wp-orienta\/","name":"Oskura Orienta - Sunroom","isPartOf":{"@id":"https:\/\/www.sunroom.it\/it\/#website"},"primaryImageOfPage":{"@id":"https:\/\/www.sunroom.it\/it\/produkte\/oskura-wp-orienta\/#primaryimage"},"image":{"@id":"https:\/\/www.sunroom.it\/it\/produkte\/oskura-wp-orienta\/#primaryimage"},"thumbnailUrl":"https:\/\/www.sunroom.it\/wp-content\/uploads\/2021\/09\/OSKURA-Orienta-A4_web_prodotto2.jpg","datePublished":"2021-09-20T07:54:11+00:00","dateModified":"2023-05-09T17:25:38+00:00","breadcrumb":{"@id":"https:\/\/www.sunroom.it\/it\/produkte\/oskura-wp-orienta\/#breadcrumb"},"inLanguage":"de","potentialAction":[{"@type":"ReadAction","target":["https:\/\/www.sunroom.it\/it\/produkte\/oskura-wp-orienta\/"]}]},{"@type":"ImageObject","inLanguage":"de","@id":"https:\/\/www.sunroom.it\/it\/produkte\/oskura-wp-orienta\/#primaryimage","url":"https:\/\/www.sunroom.it\/wp-content\/uploads\/2021\/09\/OSKURA-Orienta-A4_web_prodotto2.jpg","contentUrl":"https:\/\/www.sunroom.it\/wp-content\/uploads\/2021\/09\/OSKURA-Orienta-A4_web_prodotto2.jpg","width":960,"height":760},{"@type":"BreadcrumbList","@id":"https:\/\/www.sunroom.it\/it\/produkte\/oskura-wp-orienta\/#breadcrumb","itemListElement":[{"@type":"ListItem","position":1,"name":"Home","item":"https:\/\/www.sunroom.it\/de\/"},{"@type":"ListItem","position":2,"name":"Shop","item":"https:\/\/www.sunroom.it\/de\/shop\/"},{"@type":"ListItem","position":3,"name":"Oskura Orienta"}]},{"@type":"WebSite","@id":"https:\/\/www.sunroom.it\/it\/#website","url":"https:\/\/www.sunroom.it\/it\/","name":"Sunroom","description":"Sunroom","publisher":{"@id":"https:\/\/www.sunroom.it\/it\/#organization"},"potentialAction":[{"@type":"SearchAction","target":{"@type":"EntryPoint","urlTemplate":"https:\/\/www.sunroom.it\/it\/?s={search_term_string}"},"query-input":{"@type":"PropertyValueSpecification","valueRequired":true,"valueName":"search_term_string"}}],"inLanguage":"de"},{"@type":"Organization","@id":"https:\/\/www.sunroom.it\/it\/#organization","name":"Sunroom","url":"https:\/\/www.sunroom.it\/it\/","logo":{"@type":"ImageObject","inLanguage":"de","@id":"https:\/\/www.sunroom.it\/it\/#\/schema\/logo\/image\/","url":"https:\/\/www.sunroom.it\/wp-content\/uploads\/2021\/07\/sunroom_260x70px.png","contentUrl":"https:\/\/www.sunroom.it\/wp-content\/uploads\/2021\/07\/sunroom_260x70px.png","width":260,"height":70,"caption":"Sunroom"},"image":{"@id":"https:\/\/www.sunroom.it\/it\/#\/schema\/logo\/image\/"}}]}},"_links":{"self":[{"href":"https:\/\/www.sunroom.it\/de\/wp-json\/wp\/v2\/product\/9308","targetHints":{"allow":["GET"]}}],"collection":[{"href":"https:\/\/www.sunroom.it\/de\/wp-json\/wp\/v2\/product"}],"about":[{"href":"https:\/\/www.sunroom.it\/de\/wp-json\/wp\/v2\/types\/product"}],"replies":[{"embeddable":true,"href":"https:\/\/www.sunroom.it\/de\/wp-json\/wp\/v2\/comments?post=9308"}],"wp:featuredmedia":[{"embeddable":true,"href":"https:\/\/www.sunroom.it\/de\/wp-json\/wp\/v2\/media\/9392"}],"wp:attachment":[{"href":"https:\/\/www.sunroom.it\/de\/wp-json\/wp\/v2\/media?parent=9308"}],"wp:term":[{"taxonomy":"product_brand","embeddable":true,"href":"https:\/\/www.sunroom.it\/de\/wp-json\/wp\/v2\/product_brand?post=9308"},{"taxonomy":"product_cat","embeddable":true,"href":"https:\/\/www.sunroom.it\/de\/wp-json\/wp\/v2\/product_cat?post=9308"},{"taxonomy":"product_tag","embeddable":true,"href":"https:\/\/www.sunroom.it\/de\/wp-json\/wp\/v2\/product_tag?post=9308"}],"curies":[{"name":"wp","href":"https:\/\/api.w.org\/{rel}","templated":true}]}}