{"id":8879,"date":"2021-06-15T16:31:51","date_gmt":"2021-06-15T14:31:51","guid":{"rendered":"https:\/\/www.sunroom.it\/prodotto\/modello-p-600-env-1627-classe-3-in-versione-maggiorata\/"},"modified":"2021-07-19T16:51:18","modified_gmt":"2021-07-19T14:51:18","slug":"modello-p-600-env-1627-classe-3-in-versione-maggiorata","status":"publish","type":"product","link":"https:\/\/www.sunroom.it\/de\/produkte\/modello-p-600-env-1627-classe-3-in-versione-maggiorata\/","title":{"rendered":"Modell P.600"},"content":{"rendered":"<h3>(ENV 1627 &#8211; CLASSE 3 in einer erweiterten version)<\/h3>\n<p>Das Sicherheits-Faltgitter PR\u00c6SIDIUM\u00ae ist ein Projekt, das als Antwort auf ganz pr\u00e4zise Bed\u00fcrfnisse entstand. Im Sicherheitsbereich f\u00fcr T\u00fcren und Fenster f\u00fchrt es wichtige Neuerungen ein:<\/p>\n<ul>\n<li><strong>Sicherheit:\u00a0<\/strong>wirksame Barriere gegen das Eindringen Unbefugter bei T\u00fcren, Terrassent\u00fcren, Fenster und Schaufenstern, ohne eine permanente Vergitterung.<\/li>\n<li><strong>Funktionell:<\/strong>\u00a0sicher, einfach und leicht in der Handhabung.<\/li>\n<li><strong>Optik:<\/strong>\u00a0Minimalste Einschr\u00e4nkung der Sicht.<\/li>\n<li><strong>Integration:<\/strong>\u00a0Schn\u00f6rkellose und elegante Struktur, die mit den unterschlidlichsten archtitektonischen Stilen armoniert.<\/li>\n<\/ul>\n<p>Das Sicherheits-Faltgitter PR\u00c6SIDIUM ist die L\u00f6sung, um T\u00fcren, Fenster und Schaufenstern mit\u00a0<strong>h\u00f6chster Sicherheit und maximaler Funktionalit\u00e4t<\/strong>\u00a0zu sch\u00fctzen.<br \/>\nEs kann komplett ge\u00f6ffnet und paketm\u00e4\u00dfig auf einer oder beiden Seiten zusammengefaltet werden, wobei der Raum komplett freigelassen wird. Will man unbesorgt und sicher sein, kann dank dem\u00a0<strong>patentierten Schiebesystem<\/strong>\u00a0und dem\u00a0<strong>Spezialverschluss, der die Fl\u00fcgel in drei Punkten blockiert<\/strong>, das Gitter ganz schnell zugeschlossen werden.<\/p>\n<p><strong>Europ\u00e4isches Patent N. 557 254<\/strong><\/p>\n<p>Um Schnittbest\u00e4ndigkeit und Schutz gegen Einbruch zu erhalten, sind die Profile innen durch drehbare- verzinkte- Stahlrundst\u00e4be gefertigt. Die horizontalen Verbindungstreben sind aus karbonitriertem Stahl (schnittbest\u00e4ndig), verzinkt und mit Polyesterbeschichtung behandelt, sie sind so gegen Korrosion gesch\u00fctzt (Zertifikat). Sie sind untereinander durch rostfreie, fassonierte Metallstangen verbunden. Dank der begrenzte Bautiefe, kann das Gitter vor jedes Fenster montiert werden, auch bei Blenden, Fensterl\u00e4den und Roll\u00e4den.<\/p>\n<p>Das Gitter kann g\u00e4nzlich in eine in der Mauer eingebauten Kasten eingeschoben werden, damit das Durchgangslicht frei bleibt.<\/p>\n<p><strong>Modell P.600 (ENV 1627 &#8211; CLASSE 3 in einer erweiterten version)<\/strong><\/p>\n<p><strong>Rahmen-Bautiefe\u00a0<\/strong>50 mm.<br \/>\n<strong>Drehbare Stahlrundeisen<\/strong>\u00a0\u00d8 8 mm.<br \/>\n<strong>Schloss mit Antikorrosion Behandlung und Stahlschutzplatte<\/strong><br \/>\n<strong>Sicherheits-Zylinder<\/strong><br \/>\n<strong>Verbindungsstreben\u00a0<\/strong>8 mm.<br \/>\n<strong>Einbruchschutz-Zertifikat<\/strong>\u00a0(ENV 1627)<br \/>\n<strong>Antikorrosion-Pr\u00fcfzertifikat<\/strong>\u00a0(UNI 5687-73)<\/p>\n<p>Das Modell P.600 ist auch mit verst\u00e4rkter\u00a0<strong>Ausf\u00fchrung lieferbar<\/strong>.<\/p>\n","protected":false},"excerpt":{"rendered":"<p>(ENV 1627 &#8211; CLASSE 3 in einer erweiterten version) Das Sicherheits-Faltgitter PR\u00c6SIDIUM\u00ae ist ein Projekt, das als Antwort auf ganz pr\u00e4zise Bed\u00fcrfnisse entstand. Im Sicherheitsbereich f\u00fcr T\u00fcren und Fenster f\u00fchrt es wichtige Neuerungen ein: Sicherheit:\u00a0wirksame Barriere gegen das Eindringen Unbefugter bei T\u00fcren, Terrassent\u00fcren, Fenster und Schaufenstern, ohne eine permanente Vergitterung. Funktionell:\u00a0sicher, einfach und leicht inLeggi di pi\u00f9<\/p>\n","protected":false},"featured_media":8757,"comment_status":"closed","ping_status":"closed","template":"","meta":{"_acf_changed":false},"product_brand":[],"product_cat":[336],"product_tag":[],"class_list":{"0":"post-8879","1":"product","2":"type-product","3":"status-publish","4":"has-post-thumbnail","6":"product_cat-praesidium-de","8":"first","9":"instock","10":"shipping-taxable","11":"product-type-simple"},"acf":[],"yoast_head":"<!-- This site is optimized with the Yoast SEO plugin v27.1 - https:\/\/yoast.com\/product\/yoast-seo-wordpress\/ -->\n<title>Modell P.600 - Sunroom<\/title>\n<meta name=\"robots\" content=\"index, follow, max-snippet:-1, max-image-preview:large, max-video-preview:-1\" \/>\n<link rel=\"canonical\" href=\"https:\/\/www.sunroom.it\/it\/produkte\/modello-p-600-env-1627-classe-3-in-versione-maggiorata\/\" \/>\n<meta property=\"og:locale\" content=\"de_DE\" \/>\n<meta property=\"og:type\" content=\"article\" \/>\n<meta property=\"og:title\" content=\"Modell P.600 - Sunroom\" \/>\n<meta property=\"og:description\" content=\"(ENV 1627 &#8211; CLASSE 3 in einer erweiterten version) Das Sicherheits-Faltgitter PR\u00c6SIDIUM\u00ae ist ein Projekt, das als Antwort auf ganz pr\u00e4zise Bed\u00fcrfnisse entstand. Im Sicherheitsbereich f\u00fcr T\u00fcren und Fenster f\u00fchrt es wichtige Neuerungen ein: Sicherheit:\u00a0wirksame Barriere gegen das Eindringen Unbefugter bei T\u00fcren, Terrassent\u00fcren, Fenster und Schaufenstern, ohne eine permanente Vergitterung. Funktionell:\u00a0sicher, einfach und leicht inLeggi di pi\u00f9\" \/>\n<meta property=\"og:url\" content=\"https:\/\/www.sunroom.it\/it\/produkte\/modello-p-600-env-1627-classe-3-in-versione-maggiorata\/\" \/>\n<meta property=\"og:site_name\" content=\"Sunroom\" \/>\n<meta property=\"article:modified_time\" content=\"2021-07-19T14:51:18+00:00\" \/>\n<meta property=\"og:image\" content=\"https:\/\/www.sunroom.it\/wp-content\/uploads\/2021\/06\/P600.ANTEPRIMA3.jpg\" \/>\n\t<meta property=\"og:image:width\" content=\"960\" \/>\n\t<meta property=\"og:image:height\" content=\"760\" \/>\n\t<meta property=\"og:image:type\" content=\"image\/jpeg\" \/>\n<meta name=\"twitter:card\" content=\"summary_large_image\" \/>\n<meta name=\"twitter:label1\" content=\"Gesch\u00e4tzte Lesezeit\" \/>\n\t<meta name=\"twitter:data1\" content=\"1\u00a0Minute\" \/>\n<script type=\"application\/ld+json\" class=\"yoast-schema-graph\">{\"@context\":\"https:\/\/schema.org\",\"@graph\":[{\"@type\":\"WebPage\",\"@id\":\"https:\/\/www.sunroom.it\/it\/produkte\/modello-p-600-env-1627-classe-3-in-versione-maggiorata\/\",\"url\":\"https:\/\/www.sunroom.it\/it\/produkte\/modello-p-600-env-1627-classe-3-in-versione-maggiorata\/\",\"name\":\"Modell P.600 - Sunroom\",\"isPartOf\":{\"@id\":\"https:\/\/www.sunroom.it\/it\/#website\"},\"primaryImageOfPage\":{\"@id\":\"https:\/\/www.sunroom.it\/it\/produkte\/modello-p-600-env-1627-classe-3-in-versione-maggiorata\/#primaryimage\"},\"image\":{\"@id\":\"https:\/\/www.sunroom.it\/it\/produkte\/modello-p-600-env-1627-classe-3-in-versione-maggiorata\/#primaryimage\"},\"thumbnailUrl\":\"https:\/\/www.sunroom.it\/wp-content\/uploads\/2021\/06\/P600.ANTEPRIMA3.jpg\",\"datePublished\":\"2021-06-15T14:31:51+00:00\",\"dateModified\":\"2021-07-19T14:51:18+00:00\",\"breadcrumb\":{\"@id\":\"https:\/\/www.sunroom.it\/it\/produkte\/modello-p-600-env-1627-classe-3-in-versione-maggiorata\/#breadcrumb\"},\"inLanguage\":\"de\",\"potentialAction\":[{\"@type\":\"ReadAction\",\"target\":[\"https:\/\/www.sunroom.it\/it\/produkte\/modello-p-600-env-1627-classe-3-in-versione-maggiorata\/\"]}]},{\"@type\":\"ImageObject\",\"inLanguage\":\"de\",\"@id\":\"https:\/\/www.sunroom.it\/it\/produkte\/modello-p-600-env-1627-classe-3-in-versione-maggiorata\/#primaryimage\",\"url\":\"https:\/\/www.sunroom.it\/wp-content\/uploads\/2021\/06\/P600.ANTEPRIMA3.jpg\",\"contentUrl\":\"https:\/\/www.sunroom.it\/wp-content\/uploads\/2021\/06\/P600.ANTEPRIMA3.jpg\",\"width\":960,\"height\":760},{\"@type\":\"BreadcrumbList\",\"@id\":\"https:\/\/www.sunroom.it\/it\/produkte\/modello-p-600-env-1627-classe-3-in-versione-maggiorata\/#breadcrumb\",\"itemListElement\":[{\"@type\":\"ListItem\",\"position\":1,\"name\":\"Home\",\"item\":\"https:\/\/www.sunroom.it\/de\/\"},{\"@type\":\"ListItem\",\"position\":2,\"name\":\"Shop\",\"item\":\"https:\/\/www.sunroom.it\/de\/shop\/\"},{\"@type\":\"ListItem\",\"position\":3,\"name\":\"Modell P.600\"}]},{\"@type\":\"WebSite\",\"@id\":\"https:\/\/www.sunroom.it\/it\/#website\",\"url\":\"https:\/\/www.sunroom.it\/it\/\",\"name\":\"Sunroom\",\"description\":\"Sunroom\",\"publisher\":{\"@id\":\"https:\/\/www.sunroom.it\/it\/#organization\"},\"potentialAction\":[{\"@type\":\"SearchAction\",\"target\":{\"@type\":\"EntryPoint\",\"urlTemplate\":\"https:\/\/www.sunroom.it\/it\/?s={search_term_string}\"},\"query-input\":{\"@type\":\"PropertyValueSpecification\",\"valueRequired\":true,\"valueName\":\"search_term_string\"}}],\"inLanguage\":\"de\"},{\"@type\":\"Organization\",\"@id\":\"https:\/\/www.sunroom.it\/it\/#organization\",\"name\":\"Sunroom\",\"url\":\"https:\/\/www.sunroom.it\/it\/\",\"logo\":{\"@type\":\"ImageObject\",\"inLanguage\":\"de\",\"@id\":\"https:\/\/www.sunroom.it\/it\/#\/schema\/logo\/image\/\",\"url\":\"https:\/\/www.sunroom.it\/wp-content\/uploads\/2021\/07\/sunroom_260x70px.png\",\"contentUrl\":\"https:\/\/www.sunroom.it\/wp-content\/uploads\/2021\/07\/sunroom_260x70px.png\",\"width\":260,\"height\":70,\"caption\":\"Sunroom\"},\"image\":{\"@id\":\"https:\/\/www.sunroom.it\/it\/#\/schema\/logo\/image\/\"}}]}<\/script>\n<!-- \/ Yoast SEO plugin. -->","yoast_head_json":{"title":"Modell P.600 - Sunroom","robots":{"index":"index","follow":"follow","max-snippet":"max-snippet:-1","max-image-preview":"max-image-preview:large","max-video-preview":"max-video-preview:-1"},"canonical":"https:\/\/www.sunroom.it\/it\/produkte\/modello-p-600-env-1627-classe-3-in-versione-maggiorata\/","og_locale":"de_DE","og_type":"article","og_title":"Modell P.600 - Sunroom","og_description":"(ENV 1627 &#8211; CLASSE 3 in einer erweiterten version) Das Sicherheits-Faltgitter PR\u00c6SIDIUM\u00ae ist ein Projekt, das als Antwort auf ganz pr\u00e4zise Bed\u00fcrfnisse entstand. Im Sicherheitsbereich f\u00fcr T\u00fcren und Fenster f\u00fchrt es wichtige Neuerungen ein: Sicherheit:\u00a0wirksame Barriere gegen das Eindringen Unbefugter bei T\u00fcren, Terrassent\u00fcren, Fenster und Schaufenstern, ohne eine permanente Vergitterung. Funktionell:\u00a0sicher, einfach und leicht inLeggi di pi\u00f9","og_url":"https:\/\/www.sunroom.it\/it\/produkte\/modello-p-600-env-1627-classe-3-in-versione-maggiorata\/","og_site_name":"Sunroom","article_modified_time":"2021-07-19T14:51:18+00:00","og_image":[{"width":960,"height":760,"url":"https:\/\/www.sunroom.it\/wp-content\/uploads\/2021\/06\/P600.ANTEPRIMA3.jpg","type":"image\/jpeg"}],"twitter_card":"summary_large_image","twitter_misc":{"Gesch\u00e4tzte Lesezeit":"1\u00a0Minute"},"schema":{"@context":"https:\/\/schema.org","@graph":[{"@type":"WebPage","@id":"https:\/\/www.sunroom.it\/it\/produkte\/modello-p-600-env-1627-classe-3-in-versione-maggiorata\/","url":"https:\/\/www.sunroom.it\/it\/produkte\/modello-p-600-env-1627-classe-3-in-versione-maggiorata\/","name":"Modell P.600 - Sunroom","isPartOf":{"@id":"https:\/\/www.sunroom.it\/it\/#website"},"primaryImageOfPage":{"@id":"https:\/\/www.sunroom.it\/it\/produkte\/modello-p-600-env-1627-classe-3-in-versione-maggiorata\/#primaryimage"},"image":{"@id":"https:\/\/www.sunroom.it\/it\/produkte\/modello-p-600-env-1627-classe-3-in-versione-maggiorata\/#primaryimage"},"thumbnailUrl":"https:\/\/www.sunroom.it\/wp-content\/uploads\/2021\/06\/P600.ANTEPRIMA3.jpg","datePublished":"2021-06-15T14:31:51+00:00","dateModified":"2021-07-19T14:51:18+00:00","breadcrumb":{"@id":"https:\/\/www.sunroom.it\/it\/produkte\/modello-p-600-env-1627-classe-3-in-versione-maggiorata\/#breadcrumb"},"inLanguage":"de","potentialAction":[{"@type":"ReadAction","target":["https:\/\/www.sunroom.it\/it\/produkte\/modello-p-600-env-1627-classe-3-in-versione-maggiorata\/"]}]},{"@type":"ImageObject","inLanguage":"de","@id":"https:\/\/www.sunroom.it\/it\/produkte\/modello-p-600-env-1627-classe-3-in-versione-maggiorata\/#primaryimage","url":"https:\/\/www.sunroom.it\/wp-content\/uploads\/2021\/06\/P600.ANTEPRIMA3.jpg","contentUrl":"https:\/\/www.sunroom.it\/wp-content\/uploads\/2021\/06\/P600.ANTEPRIMA3.jpg","width":960,"height":760},{"@type":"BreadcrumbList","@id":"https:\/\/www.sunroom.it\/it\/produkte\/modello-p-600-env-1627-classe-3-in-versione-maggiorata\/#breadcrumb","itemListElement":[{"@type":"ListItem","position":1,"name":"Home","item":"https:\/\/www.sunroom.it\/de\/"},{"@type":"ListItem","position":2,"name":"Shop","item":"https:\/\/www.sunroom.it\/de\/shop\/"},{"@type":"ListItem","position":3,"name":"Modell P.600"}]},{"@type":"WebSite","@id":"https:\/\/www.sunroom.it\/it\/#website","url":"https:\/\/www.sunroom.it\/it\/","name":"Sunroom","description":"Sunroom","publisher":{"@id":"https:\/\/www.sunroom.it\/it\/#organization"},"potentialAction":[{"@type":"SearchAction","target":{"@type":"EntryPoint","urlTemplate":"https:\/\/www.sunroom.it\/it\/?s={search_term_string}"},"query-input":{"@type":"PropertyValueSpecification","valueRequired":true,"valueName":"search_term_string"}}],"inLanguage":"de"},{"@type":"Organization","@id":"https:\/\/www.sunroom.it\/it\/#organization","name":"Sunroom","url":"https:\/\/www.sunroom.it\/it\/","logo":{"@type":"ImageObject","inLanguage":"de","@id":"https:\/\/www.sunroom.it\/it\/#\/schema\/logo\/image\/","url":"https:\/\/www.sunroom.it\/wp-content\/uploads\/2021\/07\/sunroom_260x70px.png","contentUrl":"https:\/\/www.sunroom.it\/wp-content\/uploads\/2021\/07\/sunroom_260x70px.png","width":260,"height":70,"caption":"Sunroom"},"image":{"@id":"https:\/\/www.sunroom.it\/it\/#\/schema\/logo\/image\/"}}]}},"_links":{"self":[{"href":"https:\/\/www.sunroom.it\/de\/wp-json\/wp\/v2\/product\/8879","targetHints":{"allow":["GET"]}}],"collection":[{"href":"https:\/\/www.sunroom.it\/de\/wp-json\/wp\/v2\/product"}],"about":[{"href":"https:\/\/www.sunroom.it\/de\/wp-json\/wp\/v2\/types\/product"}],"replies":[{"embeddable":true,"href":"https:\/\/www.sunroom.it\/de\/wp-json\/wp\/v2\/comments?post=8879"}],"wp:featuredmedia":[{"embeddable":true,"href":"https:\/\/www.sunroom.it\/de\/wp-json\/wp\/v2\/media\/8757"}],"wp:attachment":[{"href":"https:\/\/www.sunroom.it\/de\/wp-json\/wp\/v2\/media?parent=8879"}],"wp:term":[{"taxonomy":"product_brand","embeddable":true,"href":"https:\/\/www.sunroom.it\/de\/wp-json\/wp\/v2\/product_brand?post=8879"},{"taxonomy":"product_cat","embeddable":true,"href":"https:\/\/www.sunroom.it\/de\/wp-json\/wp\/v2\/product_cat?post=8879"},{"taxonomy":"product_tag","embeddable":true,"href":"https:\/\/www.sunroom.it\/de\/wp-json\/wp\/v2\/product_tag?post=8879"}],"curies":[{"name":"wp","href":"https:\/\/api.w.org\/{rel}","templated":true}]}}