{"id":6474,"date":"2020-10-17T21:31:23","date_gmt":"2020-10-17T19:54:41","guid":{"rendered":"https:\/\/www.sunroom.it\/prodotto\/s-70\/"},"modified":"2023-05-09T19:19:01","modified_gmt":"2023-05-09T17:19:01","slug":"s-70-s-70-tt","status":"publish","type":"product","link":"https:\/\/www.sunroom.it\/de\/produkte\/s-70-s-70-tt\/","title":{"rendered":"S.70\/S.70 TT"},"content":{"rendered":"<p>Bei der Wahl einer gro\u00dffl\u00e4chigen Verglasung bietet diese Schiebewand zahlreiche interessante Vorteile! Zum Beispiel die M\u00f6glichkeit, durch das einfallende <strong>Tageslicht<\/strong> in den Genuss eines <strong>lichtdurchfluteten Raums<\/strong> zu kommen oder einen atemberaubenden Ausblick ganz bequem von zu Hause aus zu genie\u00dfen. Ohne die <strong>Stabilit\u00e4t<\/strong> und die <strong>Sicherheit<\/strong> zu vergessen, die ein so gro\u00dfes bauliches Element bei t\u00e4glichem Gebrauch garantieren muss.<\/p>\n<p>Die Schiebewand S.70 wird mit verst\u00e4rkten Profilen geplant, die sich f\u00fcr Schiebefl\u00fcgel mit gro\u00dfen Abmessungen und einem sehr gro\u00dfen Gewicht eignen. Die Schiebefl\u00fcgel <strong>gleiten <\/strong>auf <strong>Kugellagern<\/strong> mit Kunststoffbeschichtung und einer Tragf\u00e4higkeit von 150 kg pro Schiebefl\u00fcgel und sind au\u00dferdem mit regulierbaren Laufwagen ausgestattet, die eine <strong>perfekte Ausrichtung<\/strong> erlauben.<\/p>\n<p>Der <strong>ergonomische Griff<\/strong> mit exklusivem Design Sunroom l\u00e4sst sich einfach bedienen und ist mit oder ohne Schl\u00fcssel erh\u00e4ltlich. Die Schiebewand S. 70 ist in der w\u00e4rmeged\u00e4mmten Version und in der Version ohne W\u00e4rmed\u00e4mmung erh\u00e4ltlich, je nach Anforderungen.<\/p>\n","protected":false},"excerpt":{"rendered":"<p>Bei der Wahl einer gro\u00dffl\u00e4chigen Verglasung bietet diese Schiebewand zahlreiche interessante Vorteile! Zum Beispiel die M\u00f6glichkeit, durch das einfallende Tageslicht in den Genuss eines lichtdurchfluteten Raums zu kommen oder einen atemberaubenden Ausblick ganz bequem von zu Hause aus zu genie\u00dfen. Ohne die Stabilit\u00e4t und die Sicherheit zu vergessen, die ein so gro\u00dfes bauliches Element beiLeggi di pi\u00f9<\/p>\n","protected":false},"featured_media":1859,"comment_status":"closed","ping_status":"closed","template":"","meta":{"_acf_changed":false},"product_brand":[],"product_cat":[141,158],"product_tag":[],"class_list":{"0":"post-6474","1":"product","2":"type-product","3":"status-publish","4":"has-post-thumbnail","6":"product_cat-produkte","7":"product_cat-schiebewaende","8":"cat-product-privati-innenhof","9":"cat-product-privati-privati-de","10":"cat-product-privati-verande-de","11":"cat-product-privati-verglasungen","12":"cat-product-contract-bar-de","13":"cat-product-contract-contract-de","14":"cat-product-contract-gelaterie-de","15":"cat-product-contract-hotel-de","16":"cat-product-contract-edifici-pubblici-de","18":"first","19":"instock","20":"product-type-simple"},"acf":[],"yoast_head":"<!-- This site is optimized with the Yoast SEO plugin v27.1 - https:\/\/yoast.com\/product\/yoast-seo-wordpress\/ -->\n<title>S.70\/S.70 TT - Sunroom<\/title>\n<meta name=\"robots\" content=\"index, follow, max-snippet:-1, max-image-preview:large, max-video-preview:-1\" \/>\n<link rel=\"canonical\" href=\"https:\/\/www.sunroom.it\/de\/produkte\/s-70-s-70-tt\/\" \/>\n<meta property=\"og:locale\" content=\"de_DE\" \/>\n<meta property=\"og:type\" content=\"article\" \/>\n<meta property=\"og:title\" content=\"S.70\/S.70 TT - Sunroom\" \/>\n<meta property=\"og:description\" content=\"Bei der Wahl einer gro\u00dffl\u00e4chigen Verglasung bietet diese Schiebewand zahlreiche interessante Vorteile! Zum Beispiel die M\u00f6glichkeit, durch das einfallende Tageslicht in den Genuss eines lichtdurchfluteten Raums zu kommen oder einen atemberaubenden Ausblick ganz bequem von zu Hause aus zu genie\u00dfen. Ohne die Stabilit\u00e4t und die Sicherheit zu vergessen, die ein so gro\u00dfes bauliches Element beiLeggi di pi\u00f9\" \/>\n<meta property=\"og:url\" content=\"https:\/\/www.sunroom.it\/de\/produkte\/s-70-s-70-tt\/\" \/>\n<meta property=\"og:site_name\" content=\"Sunroom\" \/>\n<meta property=\"article:modified_time\" content=\"2023-05-09T17:19:01+00:00\" \/>\n<meta property=\"og:image\" content=\"https:\/\/www.sunroom.it\/wp-content\/uploads\/2020\/07\/S70TT_1500x1300_LIMBO.jpg\" \/>\n\t<meta property=\"og:image:width\" content=\"1500\" \/>\n\t<meta property=\"og:image:height\" content=\"1300\" \/>\n\t<meta property=\"og:image:type\" content=\"image\/jpeg\" \/>\n<meta name=\"twitter:card\" content=\"summary_large_image\" \/>\n<meta name=\"twitter:label1\" content=\"Gesch\u00e4tzte Lesezeit\" \/>\n\t<meta name=\"twitter:data1\" content=\"1\u00a0Minute\" \/>\n<script type=\"application\/ld+json\" class=\"yoast-schema-graph\">{\"@context\":\"https:\/\/schema.org\",\"@graph\":[{\"@type\":\"WebPage\",\"@id\":\"https:\/\/www.sunroom.it\/de\/produkte\/s-70-s-70-tt\/\",\"url\":\"https:\/\/www.sunroom.it\/de\/produkte\/s-70-s-70-tt\/\",\"name\":\"S.70\/S.70 TT - Sunroom\",\"isPartOf\":{\"@id\":\"https:\/\/www.sunroom.it\/it\/#website\"},\"primaryImageOfPage\":{\"@id\":\"https:\/\/www.sunroom.it\/de\/produkte\/s-70-s-70-tt\/#primaryimage\"},\"image\":{\"@id\":\"https:\/\/www.sunroom.it\/de\/produkte\/s-70-s-70-tt\/#primaryimage\"},\"thumbnailUrl\":\"https:\/\/www.sunroom.it\/wp-content\/uploads\/2020\/07\/S70TT_1500x1300_LIMBO.jpg\",\"datePublished\":\"2020-10-17T19:54:41+00:00\",\"dateModified\":\"2023-05-09T17:19:01+00:00\",\"breadcrumb\":{\"@id\":\"https:\/\/www.sunroom.it\/de\/produkte\/s-70-s-70-tt\/#breadcrumb\"},\"inLanguage\":\"de\",\"potentialAction\":[{\"@type\":\"ReadAction\",\"target\":[\"https:\/\/www.sunroom.it\/de\/produkte\/s-70-s-70-tt\/\"]}]},{\"@type\":\"ImageObject\",\"inLanguage\":\"de\",\"@id\":\"https:\/\/www.sunroom.it\/de\/produkte\/s-70-s-70-tt\/#primaryimage\",\"url\":\"https:\/\/www.sunroom.it\/wp-content\/uploads\/2020\/07\/S70TT_1500x1300_LIMBO.jpg\",\"contentUrl\":\"https:\/\/www.sunroom.it\/wp-content\/uploads\/2020\/07\/S70TT_1500x1300_LIMBO.jpg\",\"width\":1500,\"height\":1300},{\"@type\":\"BreadcrumbList\",\"@id\":\"https:\/\/www.sunroom.it\/de\/produkte\/s-70-s-70-tt\/#breadcrumb\",\"itemListElement\":[{\"@type\":\"ListItem\",\"position\":1,\"name\":\"Home\",\"item\":\"https:\/\/www.sunroom.it\/de\/\"},{\"@type\":\"ListItem\",\"position\":2,\"name\":\"Shop\",\"item\":\"https:\/\/www.sunroom.it\/de\/shop\/\"},{\"@type\":\"ListItem\",\"position\":3,\"name\":\"S.70\/S.70 TT\"}]},{\"@type\":\"WebSite\",\"@id\":\"https:\/\/www.sunroom.it\/it\/#website\",\"url\":\"https:\/\/www.sunroom.it\/it\/\",\"name\":\"Sunroom\",\"description\":\"Sunroom\",\"publisher\":{\"@id\":\"https:\/\/www.sunroom.it\/it\/#organization\"},\"potentialAction\":[{\"@type\":\"SearchAction\",\"target\":{\"@type\":\"EntryPoint\",\"urlTemplate\":\"https:\/\/www.sunroom.it\/it\/?s={search_term_string}\"},\"query-input\":{\"@type\":\"PropertyValueSpecification\",\"valueRequired\":true,\"valueName\":\"search_term_string\"}}],\"inLanguage\":\"de\"},{\"@type\":\"Organization\",\"@id\":\"https:\/\/www.sunroom.it\/it\/#organization\",\"name\":\"Sunroom\",\"url\":\"https:\/\/www.sunroom.it\/it\/\",\"logo\":{\"@type\":\"ImageObject\",\"inLanguage\":\"de\",\"@id\":\"https:\/\/www.sunroom.it\/it\/#\/schema\/logo\/image\/\",\"url\":\"https:\/\/www.sunroom.it\/wp-content\/uploads\/2021\/07\/sunroom_260x70px.png\",\"contentUrl\":\"https:\/\/www.sunroom.it\/wp-content\/uploads\/2021\/07\/sunroom_260x70px.png\",\"width\":260,\"height\":70,\"caption\":\"Sunroom\"},\"image\":{\"@id\":\"https:\/\/www.sunroom.it\/it\/#\/schema\/logo\/image\/\"}}]}<\/script>\n<!-- \/ Yoast SEO plugin. -->","yoast_head_json":{"title":"S.70\/S.70 TT - Sunroom","robots":{"index":"index","follow":"follow","max-snippet":"max-snippet:-1","max-image-preview":"max-image-preview:large","max-video-preview":"max-video-preview:-1"},"canonical":"https:\/\/www.sunroom.it\/de\/produkte\/s-70-s-70-tt\/","og_locale":"de_DE","og_type":"article","og_title":"S.70\/S.70 TT - Sunroom","og_description":"Bei der Wahl einer gro\u00dffl\u00e4chigen Verglasung bietet diese Schiebewand zahlreiche interessante Vorteile! Zum Beispiel die M\u00f6glichkeit, durch das einfallende Tageslicht in den Genuss eines lichtdurchfluteten Raums zu kommen oder einen atemberaubenden Ausblick ganz bequem von zu Hause aus zu genie\u00dfen. Ohne die Stabilit\u00e4t und die Sicherheit zu vergessen, die ein so gro\u00dfes bauliches Element beiLeggi di pi\u00f9","og_url":"https:\/\/www.sunroom.it\/de\/produkte\/s-70-s-70-tt\/","og_site_name":"Sunroom","article_modified_time":"2023-05-09T17:19:01+00:00","og_image":[{"width":1500,"height":1300,"url":"https:\/\/www.sunroom.it\/wp-content\/uploads\/2020\/07\/S70TT_1500x1300_LIMBO.jpg","type":"image\/jpeg"}],"twitter_card":"summary_large_image","twitter_misc":{"Gesch\u00e4tzte Lesezeit":"1\u00a0Minute"},"schema":{"@context":"https:\/\/schema.org","@graph":[{"@type":"WebPage","@id":"https:\/\/www.sunroom.it\/de\/produkte\/s-70-s-70-tt\/","url":"https:\/\/www.sunroom.it\/de\/produkte\/s-70-s-70-tt\/","name":"S.70\/S.70 TT - Sunroom","isPartOf":{"@id":"https:\/\/www.sunroom.it\/it\/#website"},"primaryImageOfPage":{"@id":"https:\/\/www.sunroom.it\/de\/produkte\/s-70-s-70-tt\/#primaryimage"},"image":{"@id":"https:\/\/www.sunroom.it\/de\/produkte\/s-70-s-70-tt\/#primaryimage"},"thumbnailUrl":"https:\/\/www.sunroom.it\/wp-content\/uploads\/2020\/07\/S70TT_1500x1300_LIMBO.jpg","datePublished":"2020-10-17T19:54:41+00:00","dateModified":"2023-05-09T17:19:01+00:00","breadcrumb":{"@id":"https:\/\/www.sunroom.it\/de\/produkte\/s-70-s-70-tt\/#breadcrumb"},"inLanguage":"de","potentialAction":[{"@type":"ReadAction","target":["https:\/\/www.sunroom.it\/de\/produkte\/s-70-s-70-tt\/"]}]},{"@type":"ImageObject","inLanguage":"de","@id":"https:\/\/www.sunroom.it\/de\/produkte\/s-70-s-70-tt\/#primaryimage","url":"https:\/\/www.sunroom.it\/wp-content\/uploads\/2020\/07\/S70TT_1500x1300_LIMBO.jpg","contentUrl":"https:\/\/www.sunroom.it\/wp-content\/uploads\/2020\/07\/S70TT_1500x1300_LIMBO.jpg","width":1500,"height":1300},{"@type":"BreadcrumbList","@id":"https:\/\/www.sunroom.it\/de\/produkte\/s-70-s-70-tt\/#breadcrumb","itemListElement":[{"@type":"ListItem","position":1,"name":"Home","item":"https:\/\/www.sunroom.it\/de\/"},{"@type":"ListItem","position":2,"name":"Shop","item":"https:\/\/www.sunroom.it\/de\/shop\/"},{"@type":"ListItem","position":3,"name":"S.70\/S.70 TT"}]},{"@type":"WebSite","@id":"https:\/\/www.sunroom.it\/it\/#website","url":"https:\/\/www.sunroom.it\/it\/","name":"Sunroom","description":"Sunroom","publisher":{"@id":"https:\/\/www.sunroom.it\/it\/#organization"},"potentialAction":[{"@type":"SearchAction","target":{"@type":"EntryPoint","urlTemplate":"https:\/\/www.sunroom.it\/it\/?s={search_term_string}"},"query-input":{"@type":"PropertyValueSpecification","valueRequired":true,"valueName":"search_term_string"}}],"inLanguage":"de"},{"@type":"Organization","@id":"https:\/\/www.sunroom.it\/it\/#organization","name":"Sunroom","url":"https:\/\/www.sunroom.it\/it\/","logo":{"@type":"ImageObject","inLanguage":"de","@id":"https:\/\/www.sunroom.it\/it\/#\/schema\/logo\/image\/","url":"https:\/\/www.sunroom.it\/wp-content\/uploads\/2021\/07\/sunroom_260x70px.png","contentUrl":"https:\/\/www.sunroom.it\/wp-content\/uploads\/2021\/07\/sunroom_260x70px.png","width":260,"height":70,"caption":"Sunroom"},"image":{"@id":"https:\/\/www.sunroom.it\/it\/#\/schema\/logo\/image\/"}}]}},"_links":{"self":[{"href":"https:\/\/www.sunroom.it\/de\/wp-json\/wp\/v2\/product\/6474","targetHints":{"allow":["GET"]}}],"collection":[{"href":"https:\/\/www.sunroom.it\/de\/wp-json\/wp\/v2\/product"}],"about":[{"href":"https:\/\/www.sunroom.it\/de\/wp-json\/wp\/v2\/types\/product"}],"replies":[{"embeddable":true,"href":"https:\/\/www.sunroom.it\/de\/wp-json\/wp\/v2\/comments?post=6474"}],"wp:featuredmedia":[{"embeddable":true,"href":"https:\/\/www.sunroom.it\/de\/wp-json\/wp\/v2\/media\/1859"}],"wp:attachment":[{"href":"https:\/\/www.sunroom.it\/de\/wp-json\/wp\/v2\/media?parent=6474"}],"wp:term":[{"taxonomy":"product_brand","embeddable":true,"href":"https:\/\/www.sunroom.it\/de\/wp-json\/wp\/v2\/product_brand?post=6474"},{"taxonomy":"product_cat","embeddable":true,"href":"https:\/\/www.sunroom.it\/de\/wp-json\/wp\/v2\/product_cat?post=6474"},{"taxonomy":"product_tag","embeddable":true,"href":"https:\/\/www.sunroom.it\/de\/wp-json\/wp\/v2\/product_tag?post=6474"}],"curies":[{"name":"wp","href":"https:\/\/api.w.org\/{rel}","templated":true}]}}