{"id":6468,"date":"2020-10-17T21:31:23","date_gmt":"2020-10-17T19:54:41","guid":{"rendered":"https:\/\/www.sunroom.it\/prodotto\/puro-tt\/"},"modified":"2023-05-09T16:18:14","modified_gmt":"2023-05-09T14:18:14","slug":"puro-tt","status":"publish","type":"product","link":"https:\/\/www.sunroom.it\/de\/produkte\/puro-tt\/","title":{"rendered":"Puro TT"},"content":{"rendered":"<p>Puro TT ist ein <strong>System mit w\u00e4rmeged\u00e4mmten Profilen f\u00fcr Winterg\u00e4rten<\/strong> und wird mit <strong>Flachdach<\/strong> ausgef\u00fchrt, f\u00fcr ein modernes, charakteristisches und minimalistisches Design.<\/p>\n<p>Die <strong>modulare Konstruktion<\/strong> bietet viele Vorteile im Hinblick auf die <strong>Planungsfreiheit<\/strong> und l\u00e4sst sich an alle neuen oder vorhandenen Strukturen anpassen. F\u00fcr die Verglasung des Dachs gibt es je nach Bedarf verschiedene M\u00f6glichkeiten: von Mehrscheiben-Isolierglas mit Doppel- oder Dreifachverglasung bis zu W\u00e4rmed\u00e4mmplatten, f\u00fcr eine maximale <strong>Personalisierung<\/strong>. Puro ist in zahlreichen <strong>Abmessungen und Konfigurationen<\/strong> erh\u00e4ltlich: mit quadratischem oder rechteckigem Grundriss und verschiedenen Fassaden und Oberfl\u00e4chen und in allen Farben, die Sie sich w\u00fcnschen.<\/p>\n<p>Puro besteht komplett aus <strong>Aluminium <\/strong>und<strong> Glas<\/strong>, zwei nat\u00fcrliche und extrem widerstandsf\u00e4hige und langlebige Materialien, und zeichnet sich durch sein harmonisches Design und seine Funktionalit\u00e4t aus. Damit der Wintergarten Puro TT das ganze Jahr \u00fcber genutzt werden kann, ist eine ma\u00dfgefertigte <strong>umlaufende Verglasung<\/strong> erforderlich, die den Wintergarten zu einem kompletten Produkt h\u00f6chster Qualit\u00e4t macht. Mit der <strong>integrierten LED-Beleuchtung <\/strong>lassen sich zahlreiche Licht-Szenarien schaffen, f\u00fcr eine entspannende und behagliche Umgebung.<\/p>\n<p>&nbsp;<\/p>\n","protected":false},"excerpt":{"rendered":"<p>Puro TT ist ein System mit w\u00e4rmeged\u00e4mmten Profilen f\u00fcr Winterg\u00e4rten und wird mit Flachdach ausgef\u00fchrt, f\u00fcr ein modernes, charakteristisches und minimalistisches Design. Die modulare Konstruktion bietet viele Vorteile im Hinblick auf die Planungsfreiheit und l\u00e4sst sich an alle neuen oder vorhandenen Strukturen anpassen. F\u00fcr die Verglasung des Dachs gibt es je nach Bedarf verschiedene M\u00f6glichkeiten:Leggi di pi\u00f9<\/p>\n","protected":false},"featured_media":1639,"comment_status":"closed","ping_status":"closed","template":"","meta":{"_acf_changed":false},"product_brand":[],"product_cat":[141,138],"product_tag":[],"class_list":{"0":"post-6468","1":"product","2":"type-product","3":"status-publish","4":"has-post-thumbnail","6":"product_cat-produkte","7":"product_cat-wintergaerten","8":"cat-product-privati-giardino-e-piscina-de","9":"cat-product-privati-privati-de","10":"cat-product-privati-verande-de","11":"cat-product-contract-contract-de","12":"cat-product-contract-hotel-de","13":"cat-product-contract-edifici-pubblici-de","15":"first","16":"instock","17":"product-type-simple"},"acf":[],"yoast_head":"<!-- This site is optimized with the Yoast SEO plugin v27.1 - https:\/\/yoast.com\/product\/yoast-seo-wordpress\/ -->\n<title>Puro TT - Sunroom<\/title>\n<meta name=\"robots\" content=\"index, follow, max-snippet:-1, max-image-preview:large, max-video-preview:-1\" \/>\n<link rel=\"canonical\" href=\"https:\/\/www.sunroom.it\/it\/produkte\/puro-tt\/\" \/>\n<meta property=\"og:locale\" content=\"de_DE\" \/>\n<meta property=\"og:type\" content=\"article\" \/>\n<meta property=\"og:title\" content=\"Puro TT - Sunroom\" \/>\n<meta property=\"og:description\" content=\"Puro TT ist ein System mit w\u00e4rmeged\u00e4mmten Profilen f\u00fcr Winterg\u00e4rten und wird mit Flachdach ausgef\u00fchrt, f\u00fcr ein modernes, charakteristisches und minimalistisches Design. Die modulare Konstruktion bietet viele Vorteile im Hinblick auf die Planungsfreiheit und l\u00e4sst sich an alle neuen oder vorhandenen Strukturen anpassen. F\u00fcr die Verglasung des Dachs gibt es je nach Bedarf verschiedene M\u00f6glichkeiten:Leggi di pi\u00f9\" \/>\n<meta property=\"og:url\" content=\"https:\/\/www.sunroom.it\/it\/produkte\/puro-tt\/\" \/>\n<meta property=\"og:site_name\" content=\"Sunroom\" \/>\n<meta property=\"article:modified_time\" content=\"2023-05-09T14:18:14+00:00\" \/>\n<meta property=\"og:image\" content=\"https:\/\/www.sunroom.it\/wp-content\/uploads\/2020\/07\/PUROTT_1500x1300_LIMBO.jpg\" \/>\n\t<meta property=\"og:image:width\" content=\"1500\" \/>\n\t<meta property=\"og:image:height\" content=\"1300\" \/>\n\t<meta property=\"og:image:type\" content=\"image\/jpeg\" \/>\n<meta name=\"twitter:card\" content=\"summary_large_image\" \/>\n<meta name=\"twitter:label1\" content=\"Gesch\u00e4tzte Lesezeit\" \/>\n\t<meta name=\"twitter:data1\" content=\"1\u00a0Minute\" \/>\n<script type=\"application\/ld+json\" class=\"yoast-schema-graph\">{\"@context\":\"https:\/\/schema.org\",\"@graph\":[{\"@type\":\"WebPage\",\"@id\":\"https:\/\/www.sunroom.it\/it\/produkte\/puro-tt\/\",\"url\":\"https:\/\/www.sunroom.it\/it\/produkte\/puro-tt\/\",\"name\":\"Puro TT - Sunroom\",\"isPartOf\":{\"@id\":\"https:\/\/www.sunroom.it\/it\/#website\"},\"primaryImageOfPage\":{\"@id\":\"https:\/\/www.sunroom.it\/it\/produkte\/puro-tt\/#primaryimage\"},\"image\":{\"@id\":\"https:\/\/www.sunroom.it\/it\/produkte\/puro-tt\/#primaryimage\"},\"thumbnailUrl\":\"https:\/\/www.sunroom.it\/wp-content\/uploads\/2020\/07\/PUROTT_1500x1300_LIMBO.jpg\",\"datePublished\":\"2020-10-17T19:54:41+00:00\",\"dateModified\":\"2023-05-09T14:18:14+00:00\",\"breadcrumb\":{\"@id\":\"https:\/\/www.sunroom.it\/it\/produkte\/puro-tt\/#breadcrumb\"},\"inLanguage\":\"de\",\"potentialAction\":[{\"@type\":\"ReadAction\",\"target\":[\"https:\/\/www.sunroom.it\/it\/produkte\/puro-tt\/\"]}]},{\"@type\":\"ImageObject\",\"inLanguage\":\"de\",\"@id\":\"https:\/\/www.sunroom.it\/it\/produkte\/puro-tt\/#primaryimage\",\"url\":\"https:\/\/www.sunroom.it\/wp-content\/uploads\/2020\/07\/PUROTT_1500x1300_LIMBO.jpg\",\"contentUrl\":\"https:\/\/www.sunroom.it\/wp-content\/uploads\/2020\/07\/PUROTT_1500x1300_LIMBO.jpg\",\"width\":1500,\"height\":1300},{\"@type\":\"BreadcrumbList\",\"@id\":\"https:\/\/www.sunroom.it\/it\/produkte\/puro-tt\/#breadcrumb\",\"itemListElement\":[{\"@type\":\"ListItem\",\"position\":1,\"name\":\"Home\",\"item\":\"https:\/\/www.sunroom.it\/de\/\"},{\"@type\":\"ListItem\",\"position\":2,\"name\":\"Shop\",\"item\":\"https:\/\/www.sunroom.it\/de\/shop\/\"},{\"@type\":\"ListItem\",\"position\":3,\"name\":\"Puro TT\"}]},{\"@type\":\"WebSite\",\"@id\":\"https:\/\/www.sunroom.it\/it\/#website\",\"url\":\"https:\/\/www.sunroom.it\/it\/\",\"name\":\"Sunroom\",\"description\":\"Sunroom\",\"publisher\":{\"@id\":\"https:\/\/www.sunroom.it\/it\/#organization\"},\"potentialAction\":[{\"@type\":\"SearchAction\",\"target\":{\"@type\":\"EntryPoint\",\"urlTemplate\":\"https:\/\/www.sunroom.it\/it\/?s={search_term_string}\"},\"query-input\":{\"@type\":\"PropertyValueSpecification\",\"valueRequired\":true,\"valueName\":\"search_term_string\"}}],\"inLanguage\":\"de\"},{\"@type\":\"Organization\",\"@id\":\"https:\/\/www.sunroom.it\/it\/#organization\",\"name\":\"Sunroom\",\"url\":\"https:\/\/www.sunroom.it\/it\/\",\"logo\":{\"@type\":\"ImageObject\",\"inLanguage\":\"de\",\"@id\":\"https:\/\/www.sunroom.it\/it\/#\/schema\/logo\/image\/\",\"url\":\"https:\/\/www.sunroom.it\/wp-content\/uploads\/2021\/07\/sunroom_260x70px.png\",\"contentUrl\":\"https:\/\/www.sunroom.it\/wp-content\/uploads\/2021\/07\/sunroom_260x70px.png\",\"width\":260,\"height\":70,\"caption\":\"Sunroom\"},\"image\":{\"@id\":\"https:\/\/www.sunroom.it\/it\/#\/schema\/logo\/image\/\"}}]}<\/script>\n<!-- \/ Yoast SEO plugin. -->","yoast_head_json":{"title":"Puro TT - Sunroom","robots":{"index":"index","follow":"follow","max-snippet":"max-snippet:-1","max-image-preview":"max-image-preview:large","max-video-preview":"max-video-preview:-1"},"canonical":"https:\/\/www.sunroom.it\/it\/produkte\/puro-tt\/","og_locale":"de_DE","og_type":"article","og_title":"Puro TT - Sunroom","og_description":"Puro TT ist ein System mit w\u00e4rmeged\u00e4mmten Profilen f\u00fcr Winterg\u00e4rten und wird mit Flachdach ausgef\u00fchrt, f\u00fcr ein modernes, charakteristisches und minimalistisches Design. Die modulare Konstruktion bietet viele Vorteile im Hinblick auf die Planungsfreiheit und l\u00e4sst sich an alle neuen oder vorhandenen Strukturen anpassen. F\u00fcr die Verglasung des Dachs gibt es je nach Bedarf verschiedene M\u00f6glichkeiten:Leggi di pi\u00f9","og_url":"https:\/\/www.sunroom.it\/it\/produkte\/puro-tt\/","og_site_name":"Sunroom","article_modified_time":"2023-05-09T14:18:14+00:00","og_image":[{"width":1500,"height":1300,"url":"https:\/\/www.sunroom.it\/wp-content\/uploads\/2020\/07\/PUROTT_1500x1300_LIMBO.jpg","type":"image\/jpeg"}],"twitter_card":"summary_large_image","twitter_misc":{"Gesch\u00e4tzte Lesezeit":"1\u00a0Minute"},"schema":{"@context":"https:\/\/schema.org","@graph":[{"@type":"WebPage","@id":"https:\/\/www.sunroom.it\/it\/produkte\/puro-tt\/","url":"https:\/\/www.sunroom.it\/it\/produkte\/puro-tt\/","name":"Puro TT - Sunroom","isPartOf":{"@id":"https:\/\/www.sunroom.it\/it\/#website"},"primaryImageOfPage":{"@id":"https:\/\/www.sunroom.it\/it\/produkte\/puro-tt\/#primaryimage"},"image":{"@id":"https:\/\/www.sunroom.it\/it\/produkte\/puro-tt\/#primaryimage"},"thumbnailUrl":"https:\/\/www.sunroom.it\/wp-content\/uploads\/2020\/07\/PUROTT_1500x1300_LIMBO.jpg","datePublished":"2020-10-17T19:54:41+00:00","dateModified":"2023-05-09T14:18:14+00:00","breadcrumb":{"@id":"https:\/\/www.sunroom.it\/it\/produkte\/puro-tt\/#breadcrumb"},"inLanguage":"de","potentialAction":[{"@type":"ReadAction","target":["https:\/\/www.sunroom.it\/it\/produkte\/puro-tt\/"]}]},{"@type":"ImageObject","inLanguage":"de","@id":"https:\/\/www.sunroom.it\/it\/produkte\/puro-tt\/#primaryimage","url":"https:\/\/www.sunroom.it\/wp-content\/uploads\/2020\/07\/PUROTT_1500x1300_LIMBO.jpg","contentUrl":"https:\/\/www.sunroom.it\/wp-content\/uploads\/2020\/07\/PUROTT_1500x1300_LIMBO.jpg","width":1500,"height":1300},{"@type":"BreadcrumbList","@id":"https:\/\/www.sunroom.it\/it\/produkte\/puro-tt\/#breadcrumb","itemListElement":[{"@type":"ListItem","position":1,"name":"Home","item":"https:\/\/www.sunroom.it\/de\/"},{"@type":"ListItem","position":2,"name":"Shop","item":"https:\/\/www.sunroom.it\/de\/shop\/"},{"@type":"ListItem","position":3,"name":"Puro TT"}]},{"@type":"WebSite","@id":"https:\/\/www.sunroom.it\/it\/#website","url":"https:\/\/www.sunroom.it\/it\/","name":"Sunroom","description":"Sunroom","publisher":{"@id":"https:\/\/www.sunroom.it\/it\/#organization"},"potentialAction":[{"@type":"SearchAction","target":{"@type":"EntryPoint","urlTemplate":"https:\/\/www.sunroom.it\/it\/?s={search_term_string}"},"query-input":{"@type":"PropertyValueSpecification","valueRequired":true,"valueName":"search_term_string"}}],"inLanguage":"de"},{"@type":"Organization","@id":"https:\/\/www.sunroom.it\/it\/#organization","name":"Sunroom","url":"https:\/\/www.sunroom.it\/it\/","logo":{"@type":"ImageObject","inLanguage":"de","@id":"https:\/\/www.sunroom.it\/it\/#\/schema\/logo\/image\/","url":"https:\/\/www.sunroom.it\/wp-content\/uploads\/2021\/07\/sunroom_260x70px.png","contentUrl":"https:\/\/www.sunroom.it\/wp-content\/uploads\/2021\/07\/sunroom_260x70px.png","width":260,"height":70,"caption":"Sunroom"},"image":{"@id":"https:\/\/www.sunroom.it\/it\/#\/schema\/logo\/image\/"}}]}},"_links":{"self":[{"href":"https:\/\/www.sunroom.it\/de\/wp-json\/wp\/v2\/product\/6468","targetHints":{"allow":["GET"]}}],"collection":[{"href":"https:\/\/www.sunroom.it\/de\/wp-json\/wp\/v2\/product"}],"about":[{"href":"https:\/\/www.sunroom.it\/de\/wp-json\/wp\/v2\/types\/product"}],"replies":[{"embeddable":true,"href":"https:\/\/www.sunroom.it\/de\/wp-json\/wp\/v2\/comments?post=6468"}],"wp:featuredmedia":[{"embeddable":true,"href":"https:\/\/www.sunroom.it\/de\/wp-json\/wp\/v2\/media\/1639"}],"wp:attachment":[{"href":"https:\/\/www.sunroom.it\/de\/wp-json\/wp\/v2\/media?parent=6468"}],"wp:term":[{"taxonomy":"product_brand","embeddable":true,"href":"https:\/\/www.sunroom.it\/de\/wp-json\/wp\/v2\/product_brand?post=6468"},{"taxonomy":"product_cat","embeddable":true,"href":"https:\/\/www.sunroom.it\/de\/wp-json\/wp\/v2\/product_cat?post=6468"},{"taxonomy":"product_tag","embeddable":true,"href":"https:\/\/www.sunroom.it\/de\/wp-json\/wp\/v2\/product_tag?post=6468"}],"curies":[{"name":"wp","href":"https:\/\/api.w.org\/{rel}","templated":true}]}}